{"id":2182,"date":"2025-10-10T16:38:01","date_gmt":"2025-10-10T16:38:01","guid":{"rendered":"https:\/\/sentrimax.com\/?page_id=2182"},"modified":"2025-10-24T15:46:11","modified_gmt":"2025-10-24T15:46:11","slug":"rentals","status":"publish","type":"page","link":"https:\/\/sentrimax.com\/es\/rentals\/","title":{"rendered":"Alquileres"},"content":{"rendered":"<div data-elementor-type=\"wp-page\" data-elementor-id=\"2182\" class=\"elementor elementor-2182\" data-elementor-post-type=\"page\">\n\t\t\t\t<div class=\"elementor-element elementor-element-08fd4ba p-20 e-flex e-con-boxed e-con e-parent\" data-id=\"08fd4ba\" data-element_type=\"container\" data-settings=\"{&quot;background_background&quot;:&quot;classic&quot;}\">\n\t\t\t\t\t<div class=\"e-con-inner\">\n\t\t\t\t<div class=\"elementor-element elementor-element-3655eb6 elementor-widget elementor-widget-heading\" data-id=\"3655eb6\" data-element_type=\"widget\" data-widget_type=\"heading.default\">\n\t\t\t\t<div class=\"elementor-widget-container\">\n\t\t\t\t\t<h2 class=\"elementor-heading-title elementor-size-default\">Alquiler<\/h2>\t\t\t\t<\/div>\n\t\t\t\t<\/div>\n\t\t\t\t<div class=\"elementor-element elementor-element-df4233c elementor-icon-list--layout-inline elementor-align-center elementor-list-item-link-full_width elementor-widget elementor-widget-icon-list\" data-id=\"df4233c\" data-element_type=\"widget\" data-widget_type=\"icon-list.default\">\n\t\t\t\t<div class=\"elementor-widget-container\">\n\t\t\t\t\t\t\t<ul class=\"elementor-icon-list-items elementor-inline-items\">\n\t\t\t\t\t\t\t<li class=\"elementor-icon-list-item elementor-inline-item\">\n\t\t\t\t\t\t\t\t\t\t\t<a href=\"https:\/\/sentrimax.com\/es\">\n\n\t\t\t\t\t\t\t\t\t\t\t<span class=\"elementor-icon-list-text\">Hogar<\/span>\n\t\t\t\t\t\t\t\t\t\t\t<\/a>\n\t\t\t\t\t\t\t\t\t<\/li>\n\t\t\t\t\t\t\t\t<li class=\"elementor-icon-list-item elementor-inline-item\">\n\t\t\t\t\t\t\t\t\t\t\t<span class=\"elementor-icon-list-icon\">\n\t\t\t\t\t\t\t<svg xmlns=\"http:\/\/www.w3.org\/2000\/svg\" width=\"8\" height=\"15\" viewbox=\"0 0 8 15\" fill=\"none\"><path d=\"M0.75 1.25L7.25 6.75L0.75 13.75\" stroke=\"white\"><\/path><\/svg>\t\t\t\t\t\t<\/span>\n\t\t\t\t\t\t\t\t\t\t<span class=\"elementor-icon-list-text\">Equipo<\/span>\n\t\t\t\t\t\t\t\t\t<\/li>\n\t\t\t\t\t\t<\/ul>\n\t\t\t\t\t\t<\/div>\n\t\t\t\t<\/div>\n\t\t\t\t\t<\/div>\n\t\t\t\t<\/div>\n\t\t<div class=\"elementor-element elementor-element-bf3cb47 p-20 p-tb e-flex e-con-boxed e-con e-parent\" data-id=\"bf3cb47\" data-element_type=\"container\">\n\t\t\t\t\t<div class=\"e-con-inner\">\n\t\t<div class=\"elementor-element elementor-element-b3712ca e-con-full e-flex e-con e-child\" data-id=\"b3712ca\" data-element_type=\"container\">\n\t\t\t\t<div class=\"elementor-element elementor-element-52ae20b elementor-widget elementor-widget-heading\" data-id=\"52ae20b\" data-element_type=\"widget\" data-widget_type=\"heading.default\">\n\t\t\t\t<div class=\"elementor-widget-container\">\n\t\t\t\t\t<h2 class=\"elementor-heading-title elementor-size-default\">Alquiler<\/h2>\t\t\t\t<\/div>\n\t\t\t\t<\/div>\n\t\t\t\t<div class=\"elementor-element elementor-element-6626490 elementor-widget elementor-widget-text-editor\" data-id=\"6626490\" data-element_type=\"widget\" data-widget_type=\"text-editor.default\">\n\t\t\t\t<div class=\"elementor-widget-container\">\n\t\t\t\t\t\t\t\t\t<p>Si necesita alquilar un sistema de centrifugaci\u00f3n a corto o largo plazo, nosotros le ofrecemos la soluci\u00f3n. Sentrimax ofrece planes flexibles y una variedad de tama\u00f1os de centrifugadoras a precios competitivos.<\/p>\t\t\t\t\t\t\t\t<\/div>\n\t\t\t\t<\/div>\n\t\t\t\t<\/div>\n\t\t\t\t\t<\/div>\n\t\t\t\t<\/div>\n\t\t<div class=\"elementor-element elementor-element-3fb6777 e-flex e-con-boxed e-con e-parent\" data-id=\"3fb6777\" data-element_type=\"container\">\n\t\t\t\t\t<div class=\"e-con-inner\">\n\t\t<div class=\"elementor-element elementor-element-9cc8143 e-con-full e-flex e-con e-child\" data-id=\"9cc8143\" data-element_type=\"container\">\n\t\t\t\t<div class=\"elementor-element elementor-element-822c55a elementor-grid-3 elementor-grid-tablet-2 elementor-grid-mobile-1 elementor-widget elementor-widget-loop-grid\" data-id=\"822c55a\" data-element_type=\"widget\" data-settings=\"{&quot;template_id&quot;:2189,&quot;_skin&quot;:&quot;post&quot;,&quot;columns&quot;:&quot;3&quot;,&quot;columns_tablet&quot;:&quot;2&quot;,&quot;columns_mobile&quot;:&quot;1&quot;,&quot;edit_handle_selector&quot;:&quot;[data-elementor-type=\\&quot;loop-item\\&quot;]&quot;,&quot;row_gap&quot;:{&quot;unit&quot;:&quot;px&quot;,&quot;size&quot;:&quot;&quot;,&quot;sizes&quot;:[]},&quot;row_gap_laptop&quot;:{&quot;unit&quot;:&quot;px&quot;,&quot;size&quot;:&quot;&quot;,&quot;sizes&quot;:[]},&quot;row_gap_tablet_extra&quot;:{&quot;unit&quot;:&quot;px&quot;,&quot;size&quot;:&quot;&quot;,&quot;sizes&quot;:[]},&quot;row_gap_tablet&quot;:{&quot;unit&quot;:&quot;px&quot;,&quot;size&quot;:&quot;&quot;,&quot;sizes&quot;:[]},&quot;row_gap_mobile_extra&quot;:{&quot;unit&quot;:&quot;px&quot;,&quot;size&quot;:&quot;&quot;,&quot;sizes&quot;:[]},&quot;row_gap_mobile&quot;:{&quot;unit&quot;:&quot;px&quot;,&quot;size&quot;:&quot;&quot;,&quot;sizes&quot;:[]}}\" data-widget_type=\"loop-grid.post\">\n\t\t\t\t<div class=\"elementor-widget-container\">\n\t\t\t\t\t\t\t<div class=\"elementor-loop-container elementor-grid\" role=\"list\">\n\t\t<style id=\"loop-2189\">.elementor-2189 .elementor-element.elementor-element-992c7c1{--display:flex;--flex-direction:column;--container-widget-width:100%;--container-widget-height:initial;--container-widget-flex-grow:0;--container-widget-align-self:initial;--flex-wrap-mobile:wrap;}.elementor-2189 .elementor-element.elementor-element-03038ef{--display:flex;--padding-top:20px;--padding-bottom:20px;--padding-left:20px;--padding-right:20px;}.elementor-2189 .elementor-element.elementor-element-3d26af4 img{height:240px;object-fit:cover;object-position:center center;border-radius:12px 12px 12px 12px;}.elementor-2189 .elementor-element.elementor-element-0fa3cc6 .elementor-heading-title{font-family:var( --e-global-typography-16a77e2-font-family ), Sans-serif;font-size:var( --e-global-typography-16a77e2-font-size );font-weight:var( --e-global-typography-16a77e2-font-weight );text-transform:var( --e-global-typography-16a77e2-text-transform );line-height:var( --e-global-typography-16a77e2-line-height );letter-spacing:var( --e-global-typography-16a77e2-letter-spacing );}.elementor-2189 .elementor-element.elementor-element-739e3a8{color:#E60000;}.elementor-2189 .elementor-element.elementor-element-739e3a8 a:hover, .elementor-2189 .elementor-element.elementor-element-739e3a8 a:focus{color:var( --e-global-color-primary );}@media(max-width:1366px){.elementor-2189 .elementor-element.elementor-element-0fa3cc6 .elementor-heading-title{font-size:var( --e-global-typography-16a77e2-font-size );line-height:var( --e-global-typography-16a77e2-line-height );letter-spacing:var( --e-global-typography-16a77e2-letter-spacing );}}@media(max-width:1024px){.elementor-2189 .elementor-element.elementor-element-0fa3cc6 .elementor-heading-title{font-size:var( --e-global-typography-16a77e2-font-size );line-height:var( --e-global-typography-16a77e2-line-height );letter-spacing:var( --e-global-typography-16a77e2-letter-spacing );}}@media(max-width:767px){.elementor-2189 .elementor-element.elementor-element-0fa3cc6 .elementor-heading-title{font-size:var( --e-global-typography-16a77e2-font-size );line-height:var( --e-global-typography-16a77e2-line-height );letter-spacing:var( --e-global-typography-16a77e2-letter-spacing );}}\/* Start custom CSS for theme-post-featured-image, class: .elementor-element-3d26af4 *\/.elementor-2189 .elementor-element.elementor-element-3d26af4 img{\n    min-height: 240px !important; \n}\/* End custom CSS *\/<\/style>\t\t<div data-elementor-type=\"loop-item\" data-elementor-id=\"2189\" class=\"elementor elementor-2189 e-loop-item e-loop-item-2212 post-2212 equipment type-equipment status-publish has-post-thumbnail hentry equipments--category-rentals\" data-elementor-post-type=\"elementor_library\" data-custom-edit-handle=\"1\">\n\t\t\t<a class=\"elementor-element elementor-element-992c7c1 e-flex e-con-boxed e-con e-parent\" data-id=\"992c7c1\" data-element_type=\"container\" href=\"https:\/\/sentrimax.com\/es\/equipment\/sharples-pm-95000-enhanced\/\">\n\t\t\t\t\t<div class=\"e-con-inner\">\n\t\t<div class=\"elementor-element elementor-element-03038ef e-con-full e-flex e-con e-child\" data-id=\"03038ef\" data-element_type=\"container\">\n\t\t\t\t<div class=\"elementor-element elementor-element-3d26af4 new-rental-img elementor-widget elementor-widget-theme-post-featured-image elementor-widget-image\" data-id=\"3d26af4\" data-element_type=\"widget\" data-widget_type=\"theme-post-featured-image.default\">\n\t\t\t\t<div class=\"elementor-widget-container\">\n\t\t\t\t\t\t\t\t\t\t\t\t\t\t\t<img fetchpriority=\"high\" decoding=\"async\" width=\"1000\" height=\"718\" src=\"https:\/\/sentrimax.com\/wp-content\/uploads\/2025\/10\/Sentrimax-PM95000-scaled-e1761191933425.jpg?wsr\" class=\"attachment-full size-full wp-image-2204\" alt=\"centrifuge 40&quot; sharples rental\" \/>\t\t\t\t\t\t\t\t\t\t\t\t\t\t\t<\/div>\n\t\t\t\t<\/div>\n\t\t\t\t<div class=\"elementor-element elementor-element-0fa3cc6 elementor-widget elementor-widget-theme-post-title elementor-page-title elementor-widget-heading\" data-id=\"0fa3cc6\" data-element_type=\"widget\" data-widget_type=\"theme-post-title.default\">\n\t\t\t\t<div class=\"elementor-widget-container\">\n\t\t\t\t\t<h4 class=\"elementor-heading-title elementor-size-default\">Sharples PM-95000 (Mejorado)<\/h4>\t\t\t\t<\/div>\n\t\t\t\t<\/div>\n\t\t\t\t<div class=\"elementor-element elementor-element-739e3a8 elementor-widget elementor-widget-text-editor\" data-id=\"739e3a8\" data-element_type=\"widget\" data-widget_type=\"text-editor.default\">\n\t\t\t\t<div class=\"elementor-widget-container\">\n\t\t\t\t\t\t\t\t\t<p>Leer m\u00e1s<\/p>\t\t\t\t\t\t\t\t<\/div>\n\t\t\t\t<\/div>\n\t\t\t\t<\/div>\n\t\t\t\t\t<\/div>\n\t\t\t\t<\/a>\n\t\t\t\t<\/div>\n\t\t\t\t<div data-elementor-type=\"loop-item\" data-elementor-id=\"2189\" class=\"elementor elementor-2189 e-loop-item e-loop-item-2203 post-2203 equipment type-equipment status-publish has-post-thumbnail hentry equipments--category-rentals\" data-elementor-post-type=\"elementor_library\" data-custom-edit-handle=\"1\">\n\t\t\t<a class=\"elementor-element elementor-element-992c7c1 e-flex e-con-boxed e-con e-parent\" data-id=\"992c7c1\" data-element_type=\"container\" href=\"https:\/\/sentrimax.com\/es\/equipment\/sharples-pm-95000\/\">\n\t\t\t\t\t<div class=\"e-con-inner\">\n\t\t<div class=\"elementor-element elementor-element-03038ef e-con-full e-flex e-con e-child\" data-id=\"03038ef\" data-element_type=\"container\">\n\t\t\t\t<div class=\"elementor-element elementor-element-3d26af4 new-rental-img elementor-widget elementor-widget-theme-post-featured-image elementor-widget-image\" data-id=\"3d26af4\" data-element_type=\"widget\" data-widget_type=\"theme-post-featured-image.default\">\n\t\t\t\t<div class=\"elementor-widget-container\">\n\t\t\t\t\t\t\t\t\t\t\t\t\t\t\t<img fetchpriority=\"high\" decoding=\"async\" width=\"1000\" height=\"718\" src=\"https:\/\/sentrimax.com\/wp-content\/uploads\/2025\/10\/Sentrimax-PM95000-scaled-e1761191933425.jpg?wsr\" class=\"attachment-full size-full wp-image-2204\" alt=\"centrifuge 40&quot; sharples rental\" \/>\t\t\t\t\t\t\t\t\t\t\t\t\t\t\t<\/div>\n\t\t\t\t<\/div>\n\t\t\t\t<div class=\"elementor-element elementor-element-0fa3cc6 elementor-widget elementor-widget-theme-post-title elementor-page-title elementor-widget-heading\" data-id=\"0fa3cc6\" data-element_type=\"widget\" data-widget_type=\"theme-post-title.default\">\n\t\t\t\t<div class=\"elementor-widget-container\">\n\t\t\t\t\t<h4 class=\"elementor-heading-title elementor-size-default\">Sharples PM-95000<\/h4>\t\t\t\t<\/div>\n\t\t\t\t<\/div>\n\t\t\t\t<div class=\"elementor-element elementor-element-739e3a8 elementor-widget elementor-widget-text-editor\" data-id=\"739e3a8\" data-element_type=\"widget\" data-widget_type=\"text-editor.default\">\n\t\t\t\t<div class=\"elementor-widget-container\">\n\t\t\t\t\t\t\t\t\t<p>Leer m\u00e1s<\/p>\t\t\t\t\t\t\t\t<\/div>\n\t\t\t\t<\/div>\n\t\t\t\t<\/div>\n\t\t\t\t\t<\/div>\n\t\t\t\t<\/a>\n\t\t\t\t<\/div>\n\t\t\t\t<div data-elementor-type=\"loop-item\" data-elementor-id=\"2189\" class=\"elementor elementor-2189 e-loop-item e-loop-item-2142 post-2142 equipment type-equipment status-publish has-post-thumbnail hentry equipments--category-rentals\" data-elementor-post-type=\"elementor_library\" data-custom-edit-handle=\"1\">\n\t\t\t<a class=\"elementor-element elementor-element-992c7c1 e-flex e-con-boxed e-con e-parent\" data-id=\"992c7c1\" data-element_type=\"container\" href=\"https:\/\/sentrimax.com\/es\/equipment\/westfalias\/\">\n\t\t\t\t\t<div class=\"e-con-inner\">\n\t\t<div class=\"elementor-element elementor-element-03038ef e-con-full e-flex e-con e-child\" data-id=\"03038ef\" data-element_type=\"container\">\n\t\t\t\t<div class=\"elementor-element elementor-element-3d26af4 new-rental-img elementor-widget elementor-widget-theme-post-featured-image elementor-widget-image\" data-id=\"3d26af4\" data-element_type=\"widget\" data-widget_type=\"theme-post-featured-image.default\">\n\t\t\t\t<div class=\"elementor-widget-container\">\n\t\t\t\t\t\t\t\t\t\t\t\t\t\t\t<img decoding=\"async\" width=\"980\" height=\"551\" src=\"https:\/\/sentrimax.com\/wp-content\/uploads\/2025\/07\/imgi_4_c1a73b_67d9bd780e544ea3924fdef1b967ae4fmv2-1.webp?wsr\" class=\"attachment-full size-full wp-image-2026\" alt=\"\" srcset=\"https:\/\/sentrimax.com\/wp-content\/uploads\/2025\/07\/imgi_4_c1a73b_67d9bd780e544ea3924fdef1b967ae4fmv2-1.webp 980w, https:\/\/sentrimax.com\/wp-content\/uploads\/2025\/07\/imgi_4_c1a73b_67d9bd780e544ea3924fdef1b967ae4fmv2-1-300x169.webp 300w, https:\/\/sentrimax.com\/wp-content\/uploads\/2025\/07\/imgi_4_c1a73b_67d9bd780e544ea3924fdef1b967ae4fmv2-1-768x432.webp 768w, https:\/\/sentrimax.com\/wp-content\/uploads\/2025\/07\/imgi_4_c1a73b_67d9bd780e544ea3924fdef1b967ae4fmv2-1-18x10.webp 18w, https:\/\/sentrimax.com\/wp-content\/uploads\/2025\/07\/imgi_4_c1a73b_67d9bd780e544ea3924fdef1b967ae4fmv2-1-600x337.webp 600w\" sizes=\"(max-width: 980px) 100vw, 980px\" \/>\t\t\t\t\t\t\t\t\t\t\t\t\t\t\t<\/div>\n\t\t\t\t<\/div>\n\t\t\t\t<div class=\"elementor-element elementor-element-0fa3cc6 elementor-widget elementor-widget-theme-post-title elementor-page-title elementor-widget-heading\" data-id=\"0fa3cc6\" data-element_type=\"widget\" data-widget_type=\"theme-post-title.default\">\n\t\t\t\t<div class=\"elementor-widget-container\">\n\t\t\t\t\t<h4 class=\"elementor-heading-title elementor-size-default\">Centr\u00edfuga Westfalia (1)<\/h4>\t\t\t\t<\/div>\n\t\t\t\t<\/div>\n\t\t\t\t<div class=\"elementor-element elementor-element-739e3a8 elementor-widget elementor-widget-text-editor\" data-id=\"739e3a8\" data-element_type=\"widget\" data-widget_type=\"text-editor.default\">\n\t\t\t\t<div class=\"elementor-widget-container\">\n\t\t\t\t\t\t\t\t\t<p>Leer m\u00e1s<\/p>\t\t\t\t\t\t\t\t<\/div>\n\t\t\t\t<\/div>\n\t\t\t\t<\/div>\n\t\t\t\t\t<\/div>\n\t\t\t\t<\/a>\n\t\t\t\t<\/div>\n\t\t\t\t<\/div>\n\t\t\n\t\t\t\t\t\t<\/div>\n\t\t\t\t<\/div>\n\t\t\t\t<\/div>\n\t\t\t\t\t<\/div>\n\t\t\t\t<\/div>\n\t\t\t\t<\/div>","protected":false},"excerpt":{"rendered":"<p>Rental Home Equipment Rental If you&#8217;re looking to rent a centrifuge system for short or long-term needs, we&#8217;ve got you covered. Sentrimax offers flexible plans and centrifuge sizes at competitive rates.<\/p>","protected":false},"author":1,"featured_media":0,"parent":0,"menu_order":0,"comment_status":"closed","ping_status":"closed","template":"elementor_header_footer","meta":{"_acf_changed":false,"inline_featured_image":false,"footnotes":""},"class_list":["post-2182","page","type-page","status-publish","hentry"],"acf":[],"_links":{"self":[{"href":"https:\/\/sentrimax.com\/es\/wp-json\/wp\/v2\/pages\/2182","targetHints":{"allow":["GET"]}}],"collection":[{"href":"https:\/\/sentrimax.com\/es\/wp-json\/wp\/v2\/pages"}],"about":[{"href":"https:\/\/sentrimax.com\/es\/wp-json\/wp\/v2\/types\/page"}],"author":[{"embeddable":true,"href":"https:\/\/sentrimax.com\/es\/wp-json\/wp\/v2\/users\/1"}],"replies":[{"embeddable":true,"href":"https:\/\/sentrimax.com\/es\/wp-json\/wp\/v2\/comments?post=2182"}],"version-history":[{"count":0,"href":"https:\/\/sentrimax.com\/es\/wp-json\/wp\/v2\/pages\/2182\/revisions"}],"wp:attachment":[{"href":"https:\/\/sentrimax.com\/es\/wp-json\/wp\/v2\/media?parent=2182"}],"curies":[{"name":"wp","href":"https:\/\/api.w.org\/{rel}","templated":true}]}}