{"id":2240,"date":"2025-11-26T09:49:05","date_gmt":"2025-11-26T09:49:05","guid":{"rendered":"https:\/\/sentrimax.com\/?page_id=2240"},"modified":"2026-04-17T16:36:58","modified_gmt":"2026-04-17T16:36:58","slug":"terms-conditions-legal","status":"publish","type":"page","link":"https:\/\/sentrimax.com\/es\/terms-conditions-legal\/","title":{"rendered":"T\u00e9rminos, condiciones y legal"},"content":{"rendered":"<div data-elementor-type=\"wp-page\" data-elementor-id=\"2240\" class=\"elementor elementor-2240\" data-elementor-post-type=\"page\">\n\t\t\t\t<div class=\"elementor-element elementor-element-f105e44 p-20 e-flex e-con-boxed e-con e-parent\" data-id=\"f105e44\" data-element_type=\"container\" data-e-type=\"container\" data-settings=\"{&quot;background_background&quot;:&quot;classic&quot;}\">\n\t\t\t\t\t<div class=\"e-con-inner\">\n\t\t\t\t<div class=\"elementor-element elementor-element-263dc4c elementor-icon-list--layout-inline elementor-align-center elementor-list-item-link-full_width elementor-widget elementor-widget-icon-list\" data-id=\"263dc4c\" data-element_type=\"widget\" data-e-type=\"widget\" data-widget_type=\"icon-list.default\">\n\t\t\t\t<div class=\"elementor-widget-container\">\n\t\t\t\t\t\t\t<ul class=\"elementor-icon-list-items elementor-inline-items\">\n\t\t\t\t\t\t\t<li class=\"elementor-icon-list-item elementor-inline-item\">\n\t\t\t\t\t\t\t\t\t\t\t<a href=\"https:\/\/sentrimax.com\/es\">\n\n\t\t\t\t\t\t\t\t\t\t\t<span class=\"elementor-icon-list-text\">Hogar<\/span>\n\t\t\t\t\t\t\t\t\t\t\t<\/a>\n\t\t\t\t\t\t\t\t\t<\/li>\n\t\t\t\t\t\t\t\t<li class=\"elementor-icon-list-item elementor-inline-item\">\n\t\t\t\t\t\t\t\t\t\t\t<span class=\"elementor-icon-list-icon\">\n\t\t\t\t\t\t\t<svg xmlns=\"http:\/\/www.w3.org\/2000\/svg\" width=\"8\" height=\"15\" viewbox=\"0 0 8 15\" fill=\"none\"><path d=\"M0.75 1.25L7.25 6.75L0.75 13.75\" stroke=\"white\"><\/path><\/svg>\t\t\t\t\t\t<\/span>\n\t\t\t\t\t\t\t\t\t\t<span class=\"elementor-icon-list-text\">T\u00e9rminos, condiciones y legal<\/span>\n\t\t\t\t\t\t\t\t\t<\/li>\n\t\t\t\t\t\t<\/ul>\n\t\t\t\t\t\t<\/div>\n\t\t\t\t<\/div>\n\t\t\t\t\t<\/div>\n\t\t\t\t<\/div>\n\t\t<div class=\"elementor-element elementor-element-91e4880 e-flex e-con-boxed e-con e-parent\" data-id=\"91e4880\" data-element_type=\"container\" data-e-type=\"container\">\n\t\t\t\t\t<div class=\"e-con-inner\">\n\t\t\t\t<div class=\"elementor-element elementor-element-a3a42cb elementor-widget elementor-widget-text-editor\" data-id=\"a3a42cb\" data-element_type=\"widget\" data-e-type=\"widget\" data-widget_type=\"text-editor.default\">\n\t\t\t\t<div class=\"elementor-widget-container\">\n\t\t\t\t\t\t\t\t\t<h4><b>T\u00e9rminos y condiciones<\/b><\/h4><p>Al acceder a este sitio web, usted acepta que Sentrimax Centrifuges (\u201cSentrimax\u201d) proporciona informaci\u00f3n \u00fanicamente con la mejor intenci\u00f3n. Todo el contenido, incluyendo descripciones de servicios, detalles de productos e informaci\u00f3n t\u00e9cnica, es solo una gu\u00eda general y est\u00e1 sujeto a cambios sin previo aviso. Nada de lo contenido en este sitio constituye una oferta vinculante, garant\u00eda ni especificaci\u00f3n t\u00e9cnica.<\/p><p>Sentrimax no se responsabiliza de ninguna p\u00e9rdida o da\u00f1o derivado del uso de este sitio ni de la informaci\u00f3n que contiene. Todos los presupuestos, contratos de alquiler, reparaciones y ventas de equipos est\u00e1n sujetos a t\u00e9rminos escritos independientes, firmados entre Sentrimax y el cliente. Se proh\u00edbe el uso no autorizado del sitio o la interferencia con su funcionamiento.<\/p><ul><li><a href=\"https:\/\/sentrimax.com\/wp-content\/uploads\/2026\/04\/Sentrimax-Rental-TC_US-04.15.2026.pdf\">United States &#8211; Rental Terms &amp; Condtions<\/a><\/li><li><a href=\"https:\/\/sentrimax.com\/wp-content\/uploads\/2026\/04\/Sentrimax-Rental-TC_CAN-04.15.2026.pdf\">Canada &#8211; Rental Terms &amp; Condtions<\/a><\/li><\/ul><p>Si no est\u00e1 de acuerdo con estos t\u00e9rminos, deje de utilizar el sitio.<\/p><h4><b>pol\u00edtica de privacidad<\/b><\/h4><p>Sentrimax recopila \u00fanicamente la informaci\u00f3n necesaria para responder consultas, procesar solicitudes de servicio y mejorar la funcionalidad del sitio web. Esto puede incluir informaci\u00f3n de contacto comercial, detalles del equipo y an\u00e1lisis del uso del sitio web.<\/p><p>No vendemos informaci\u00f3n personal ni comercial. Los datos podr\u00edan compartirse con proveedores de servicios de confianza (p. ej., hosting, an\u00e1lisis, CRM) \u00fanicamente para respaldar nuestras operaciones. La informaci\u00f3n podr\u00eda almacenarse o procesarse en Canad\u00e1 o Estados Unidos.<\/p><p>Al usar este sitio, usted acepta que recopilemos y utilicemos su informaci\u00f3n seg\u00fan lo descrito. Para solicitar correcciones o eliminaciones, cont\u00e1ctenos directamente.<\/p><h4><b>Derechos de autor<\/b><\/h4><p>Todo el contenido de este sitio web, incluyendo textos, im\u00e1genes, gr\u00e1ficos, dise\u00f1os, v\u00eddeos e informaci\u00f3n t\u00e9cnica, es propiedad de Sentrimax Centrifuges, salvo que se indique lo contrario. Queda prohibida la reproducci\u00f3n, distribuci\u00f3n o modificaci\u00f3n no autorizadas.<\/p><p>Puede ver y descargar materiales \u00fanicamente para su uso interno en la evaluaci\u00f3n de los servicios de Sentrimax. Cualquier otro uso requiere consentimiento previo por escrito.<\/p>\t\t\t\t\t\t\t\t<\/div>\n\t\t\t\t<\/div>\n\t\t\t\t\t<\/div>\n\t\t\t\t<\/div>\n\t\t\t\t<\/div>","protected":false},"excerpt":{"rendered":"<p>Home Terms, Conditions &amp; Legal Terms &amp; Conditions By accessing this website, you agree that Sentrimax Centrifuges (\u201cSentrimax\u201d) provides information on a best-efforts basis only. All content\u2014including service descriptions, product details, and technical information\u2014is for general guidance and may change without notice. Nothing on this site constitutes a binding offer, warranty, or technical specification. Sentrimax [&hellip;]<\/p>\n","protected":false},"author":1,"featured_media":0,"parent":0,"menu_order":0,"comment_status":"closed","ping_status":"closed","template":"","meta":{"_acf_changed":false,"inline_featured_image":false,"footnotes":""},"class_list":["post-2240","page","type-page","status-publish","hentry"],"acf":[],"_links":{"self":[{"href":"https:\/\/sentrimax.com\/es\/wp-json\/wp\/v2\/pages\/2240","targetHints":{"allow":["GET"]}}],"collection":[{"href":"https:\/\/sentrimax.com\/es\/wp-json\/wp\/v2\/pages"}],"about":[{"href":"https:\/\/sentrimax.com\/es\/wp-json\/wp\/v2\/types\/page"}],"author":[{"embeddable":true,"href":"https:\/\/sentrimax.com\/es\/wp-json\/wp\/v2\/users\/1"}],"replies":[{"embeddable":true,"href":"https:\/\/sentrimax.com\/es\/wp-json\/wp\/v2\/comments?post=2240"}],"version-history":[{"count":9,"href":"https:\/\/sentrimax.com\/es\/wp-json\/wp\/v2\/pages\/2240\/revisions"}],"predecessor-version":[{"id":2470,"href":"https:\/\/sentrimax.com\/es\/wp-json\/wp\/v2\/pages\/2240\/revisions\/2470"}],"wp:attachment":[{"href":"https:\/\/sentrimax.com\/es\/wp-json\/wp\/v2\/media?parent=2240"}],"curies":[{"name":"wp","href":"https:\/\/api.w.org\/{rel}","templated":true}]}}