{"id":2253,"date":"2026-01-06T21:50:55","date_gmt":"2026-01-06T21:50:55","guid":{"rendered":"https:\/\/sentrimax.com\/?page_id=2253"},"modified":"2026-04-21T21:18:49","modified_gmt":"2026-04-21T21:18:49","slug":"municipal-decanter-centrifuge-service-in-los-angeles-ca","status":"publish","type":"page","link":"https:\/\/sentrimax.com\/es\/municipal-decanter-centrifuge-service-in-los-angeles-ca\/","title":{"rendered":"Servicio de centr\u00edfugas decantadoras municipales en Los \u00c1ngeles, CA"},"content":{"rendered":"<p data-start=\"699\" data-end=\"1313\"><img fetchpriority=\"high\" decoding=\"async\" class=\"aligncenter size-full wp-image-1620\" src=\"https:\/\/sentrimax.com\/wp-content\/uploads\/2025\/07\/Recycling-1.png\" alt=\"\" width=\"1536\" height=\"1024\" srcset=\"https:\/\/sentrimax.com\/wp-content\/uploads\/2025\/07\/Recycling-1.png 1536w, https:\/\/sentrimax.com\/wp-content\/uploads\/2025\/07\/Recycling-1-300x200.png 300w, https:\/\/sentrimax.com\/wp-content\/uploads\/2025\/07\/Recycling-1-1024x683.png 1024w, https:\/\/sentrimax.com\/wp-content\/uploads\/2025\/07\/Recycling-1-768x512.png 768w, https:\/\/sentrimax.com\/wp-content\/uploads\/2025\/07\/Recycling-1-600x400.png 600w\" sizes=\"(max-width: 1536px) 100vw, 1536px\" \/><\/p>\n<p data-start=\"699\" data-end=\"1313\">Las plantas de tratamiento de aguas residuales municipales en Los \u00c1ngeles, California, utilizan centr\u00edfugas decantadoras para gestionar bios\u00f3lidos, cumplir con las normativas y respaldar las operaciones de tratamiento continuo. Estos sistemas son fundamentales para los procesos de deshidrataci\u00f3n de lodos y deben funcionar de forma fiable en condiciones exigentes. Cuando las centr\u00edfugas decantadoras sufren desgaste, desequilibrio o problemas mec\u00e1nicos, la eficiencia y el cumplimiento del tratamiento pueden verse afectados. Sentrimax ofrece un servicio profesional de centr\u00edfugas decantadoras municipales en Los \u00c1ngeles, California, ayudando a las instalaciones a restaurar el rendimiento y prolongar la vida \u00fatil de equipos cr\u00edticos.<\/p>\n<p data-start=\"1315\" data-end=\"1636\">Con d\u00e9cadas de experiencia en el soporte de infraestructuras municipales de aguas residuales, Sentrimax ofrece soluciones de servicio de precisi\u00f3n que reducen el tiempo de inactividad, mejoran la confiabilidad y respaldan la planificaci\u00f3n operativa a largo plazo. Cada servicio se ejecuta mediante procesos de calidad documentados y un enfoque disciplinado y transparente.<\/p>\n<hr data-start=\"1638\" data-end=\"1641\" \/>\n<h2 data-start=\"1643\" data-end=\"1700\">Apoyo a las operaciones de aguas residuales municipales de Los \u00c1ngeles<\/h2>\n<p data-start=\"1702\" data-end=\"2094\">Los \u00c1ngeles opera uno de los sistemas municipales de aguas residuales m\u00e1s grandes del pa\u00eds, que abastece a millones de residentes y empresas. Las instalaciones deben cumplir con estrictas normativas ambientales, gestionando grandes vol\u00famenes y condiciones variables de afluentes. Las centr\u00edfugas decantadoras desempe\u00f1an un papel fundamental en la separaci\u00f3n de s\u00f3lidos y el manejo de lodos, lo que afecta directamente la eficiencia de la planta y los costos de eliminaci\u00f3n.<\/p>\n<p data-start=\"2096\" data-end=\"2393\">Sentrimax colabora con instalaciones municipales de toda la regi\u00f3n para garantizar el funcionamiento fiable de los sistemas de centr\u00edfugas decantadoras en condiciones de uso continuo. Mediante inspecciones detalladas, servicio t\u00e9cnico espec\u00edfico y pruebas documentadas, las instalaciones adquieren mayor confianza en el rendimiento de los equipos y la planificaci\u00f3n del mantenimiento.<\/p>\n<hr data-start=\"2395\" data-end=\"2398\" \/>\n<h2 data-start=\"2400\" data-end=\"2464\">Proceso de servicio con certificaci\u00f3n ISO dise\u00f1ado para la confiabilidad municipal<\/h2>\n<p data-start=\"2466\" data-end=\"2754\">Sentrimax opera bajo un sistema de gesti\u00f3n de calidad con certificaci\u00f3n ISO 9001:2015, lo que garantiza que cada servicio de centr\u00edfugas decantadoras municipales siga un proceso estructurado y repetible. Este sistema prioriza la responsabilidad, la documentaci\u00f3n y la consistencia desde la recepci\u00f3n del equipo hasta las pruebas finales.<\/p>\n<p data-start=\"2756\" data-end=\"3204\">Cada intervenci\u00f3n de servicio comienza con una inspecci\u00f3n exhaustiva que puede incluir an\u00e1lisis de aceite, verificaci\u00f3n dimensional y evaluaci\u00f3n del estado de los componentes. Los hallazgos se comunican claramente para que los operadores municipales puedan tomar decisiones informadas sobre el alcance del servicio, la programaci\u00f3n y las estrategias de mantenimiento a largo plazo. Puede encontrar m\u00e1s informaci\u00f3n sobre esta metodolog\u00eda estructurada en el sitio web interno. <strong data-start=\"3145\" data-end=\"3198\"><a class=\"decorated-link\" href=\"https:\/\/sentrimax.com\/es\/our-process\/?utm_source=chatgpt.com\" target=\"_new\" rel=\"noopener\" data-start=\"3147\" data-end=\"3196\">Nuestro proceso<\/a><\/strong> p\u00e1gina.<\/p>\n<hr data-start=\"3206\" data-end=\"3209\" \/>\n<h2 data-start=\"3211\" data-end=\"3266\">Servicios integrales de centr\u00edfugas decantadoras municipales<\/h2>\n<h3 data-start=\"3268\" data-end=\"3308\"><strong data-start=\"3272\" data-end=\"3308\">Inspecci\u00f3n, reparaci\u00f3n y revisi\u00f3n<\/strong><\/h3>\n<p data-start=\"3309\" data-end=\"3648\">Sentrimax ofrece servicios completos de inspecci\u00f3n y reparaci\u00f3n para centr\u00edfugas decantadoras municipales. Esto incluye desmontaje completo, evaluaci\u00f3n de componentes de desgaste, mecanizado, soldadura, reemplazo de rodamientos, instalaci\u00f3n de sellos y reensamblaje de precisi\u00f3n. Estos servicios ayudan a restaurar las centr\u00edfugas a su estado \u00f3ptimo de funcionamiento y prolongar su vida \u00fatil.<\/p>\n<h3 data-start=\"3650\" data-end=\"3685\"><strong data-start=\"3654\" data-end=\"3685\">Equilibrado din\u00e1mico de precisi\u00f3n<\/strong><\/h3>\n<p data-start=\"3686\" data-end=\"4026\">El desequilibrio es una de las principales causas de vibraci\u00f3n, desgaste acelerado y fallos prematuros de componentes en las centr\u00edfugas decantadoras. Sentrimax realiza un equilibrado din\u00e1mico avanzado en tres planos seg\u00fan la norma ISO G 0.5, lo que reduce la vibraci\u00f3n y protege los conjuntos mec\u00e1nicos cr\u00edticos. Un equilibrado adecuado mejora la estabilidad operativa y la fiabilidad a largo plazo.<\/p>\n<h3 data-start=\"4028\" data-end=\"4073\"><strong data-start=\"4032\" data-end=\"4073\">Servicio de cajas de cambios y conjuntos giratorios<\/strong><\/h3>\n<p data-start=\"4074\" data-end=\"4384\">Las cajas de engranajes y los componentes rotativos de las centr\u00edfugas decantadoras operan bajo condiciones rigurosas y de alto torque. Sentrimax ofrece inspecci\u00f3n detallada de las cajas de engranajes, reconstrucci\u00f3n y servicio mec\u00e1nico para restaurar el rendimiento y la eficiencia. Estos servicios ayudan a prevenir fallas inesperadas y a garantizar un procesamiento consistente de lodos.<\/p>\n<p data-start=\"4386\" data-end=\"4500\">Se puede encontrar una descripci\u00f3n completa de las capacidades en el sitio interno. <strong data-start=\"4447\" data-end=\"4494\"><a class=\"decorated-link\" href=\"https:\/\/sentrimax.com\/es\/services\/?utm_source=chatgpt.com\" target=\"_new\" rel=\"noopener\" data-start=\"4449\" data-end=\"4492\">Servicios<\/a><\/strong> p\u00e1gina.<\/p>\n<hr data-start=\"4502\" data-end=\"4505\" \/>\n<h2 data-start=\"4507\" data-end=\"4561\">Soluciones de servicios a medida para instalaciones municipales<\/h2>\n<p data-start=\"4563\" data-end=\"4847\">Las instalaciones municipales de aguas residuales difieren considerablemente en cuanto a condiciones operativas, caracter\u00edsticas de los lodos y requisitos de rendimiento. Sentrimax desarrolla soluciones de servicio personalizadas para centr\u00edfugas decantadoras seg\u00fan las necesidades espec\u00edficas de cada instalaci\u00f3n, en lugar de aplicar m\u00e9todos de mantenimiento gen\u00e9ricos.<\/p>\n<p data-start=\"4849\" data-end=\"5132\">Una documentaci\u00f3n clara y una comunicaci\u00f3n transparente permiten a los administradores municipales comprender el estado de los equipos y planificar eficazmente los intervalos de servicio. Este enfoque personalizado ayuda a reducir las reparaciones de emergencia, mejorar la previsibilidad presupuestaria y mantener un rendimiento operativo constante.<\/p>\n<hr data-start=\"5134\" data-end=\"5137\" \/>\n<h2 data-start=\"5139\" data-end=\"5188\">Minimizar el tiempo de inactividad en las instalaciones de Los \u00c1ngeles<\/h2>\n<p data-start=\"5190\" data-end=\"5528\">Las paradas imprevistas de las centr\u00edfugas decantadoras pueden interrumpir los procesos de tratamiento y sobrecargar los recursos municipales. Sentrimax prioriza la eficiencia en los tiempos de respuesta y la coordinaci\u00f3n de la programaci\u00f3n para que los equipos vuelvan a funcionar lo antes posible. La comunicaci\u00f3n eficiente y el soporte en campo ayudan a minimizar el tiempo de inactividad durante eventos cr\u00edticos de servicio.<\/p>\n<p data-start=\"5530\" data-end=\"5709\">Al combinar la planificaci\u00f3n proactiva del servicio con la ejecuci\u00f3n experta, Sentrimax ayuda a las instalaciones de aguas residuales de Los \u00c1ngeles a mantener operaciones ininterrumpidas incluso en condiciones exigentes.<\/p>\n<hr data-start=\"5711\" data-end=\"5714\" \/>\n<h2 data-start=\"5716\" data-end=\"5766\">Cumplimiento, seguridad y mejores pr\u00e1cticas de la industria<\/h2>\n<p data-start=\"5768\" data-end=\"6278\">Las instalaciones municipales de aguas residuales deben garantizar que el rendimiento de las centr\u00edfugas decantadoras se ajuste a las normativas ambientales en constante evoluci\u00f3n. Orientaci\u00f3n de la <strong data-start=\"5910\" data-end=\"6009\"><a class=\"decorated-link cursor-pointer\" target=\"_new\" rel=\"noopener\" data-start=\"5912\" data-end=\"6007\">Agencia de Protecci\u00f3n Ambiental de los Estados Unidos<\/a><\/strong> Se enfatiza la importancia de contar con equipos confiables para el manejo de s\u00f3lidos para mantener el cumplimiento normativo. Recursos de la industria de <strong data-start=\"6129\" data-end=\"6195\"><a class=\"decorated-link cursor-pointer\" target=\"_new\" rel=\"noopener\" data-start=\"6131\" data-end=\"6193\">Federaci\u00f3n del Medio Ambiente del Agua<\/a><\/strong> Destacar adem\u00e1s el mantenimiento proactivo como un factor clave en la eficiencia operativa.<\/p>\n<p data-start=\"6280\" data-end=\"6483\">Los servicios de Sentrimax respaldan estas mejores pr\u00e1cticas al garantizar que los sistemas de centr\u00edfugas decantadoras funcionen dentro de las especificaciones de dise\u00f1o, lo que ayuda a las instalaciones a cumplir con los requisitos de descarga y reducir el riesgo ambiental.<\/p>\n<hr data-start=\"6485\" data-end=\"6488\" \/>\n<h2 data-start=\"6490\" data-end=\"6533\">Soporte del ciclo de vida m\u00e1s all\u00e1 del servicio de rutina<\/h2>\n<p data-start=\"6535\" data-end=\"6927\">El mantenimiento de las centr\u00edfugas decantadoras municipales es m\u00e1s eficaz cuando se integra en una estrategia de ciclo de vida a largo plazo. Sentrimax ofrece soporte continuo que incluye monitoreo de condiciones, documentaci\u00f3n de rendimiento y recomendaciones para la planificaci\u00f3n del mantenimiento. Este enfoque centrado en el ciclo de vida ayuda a las instalaciones a optimizar los intervalos de servicio, gestionar presupuestos y maximizar el retorno de la inversi\u00f3n en equipos.<\/p>\n<p data-start=\"6929\" data-end=\"7077\">Se encuentran disponibles orientaci\u00f3n t\u00e9cnica adicional y conocimientos operativos a trav\u00e9s del sitio web interno. <strong data-start=\"7019\" data-end=\"7068\"><a class=\"decorated-link cursor-pointer\" target=\"_new\" rel=\"noopener\" data-start=\"7021\" data-end=\"7066\">Recursos<\/a><\/strong> secci\u00f3n.<\/p>\n<hr data-start=\"7079\" data-end=\"7082\" \/>\n<h2 data-start=\"7084\" data-end=\"7151\">Socio de servicio de centr\u00edfugas decantadoras municipales para Los \u00c1ngeles, CA<\/h2>\n<p data-start=\"7153\" data-end=\"7499\">Las plantas de tratamiento de aguas residuales de Los \u00c1ngeles son esenciales para la salud p\u00fablica y la protecci\u00f3n del medio ambiente. El rendimiento confiable de las centr\u00edfugas decantadoras es crucial para mantener las operaciones de tratamiento ininterrumpidas. Sentrimax ofrece servicio de centr\u00edfugas decantadoras municipales en Los \u00c1ngeles, California, con un enfoque en la calidad, la precisi\u00f3n y la confiabilidad a largo plazo.<\/p>\n<p data-start=\"7501\" data-end=\"7663\">Desde inspecciones detalladas hasta servicio de precisi\u00f3n y soporte continuo durante el ciclo de vida, Sentrimax brinda a las instalaciones municipales confianza en sus sistemas centr\u00edfugos.<\/p>\n<hr data-start=\"7665\" data-end=\"7668\" \/>\n<h2 data-start=\"7670\" data-end=\"7691\">Da el siguiente paso<\/h2>\n<p data-start=\"7693\" data-end=\"7924\">Atender proactivamente las necesidades de servicio de las centr\u00edfugas decantadoras ayuda a prevenir costosos tiempos de inactividad e interrupciones operativas. Sentrimax est\u00e1 listo para apoyar las instalaciones municipales de aguas residuales de Los \u00c1ngeles con servicios expertos de centr\u00edfugas decantadoras.<\/p>\n<p data-start=\"7926\" data-end=\"7980\"><strong data-start=\"7926\" data-end=\"7980\"><a class=\"decorated-link\" href=\"https:\/\/sentrimax.com\/es\/contact\/\" target=\"_new\" rel=\"noopener\" data-start=\"7928\" data-end=\"7978\">\u00a1Solicita una cotizaci\u00f3n!<\/a><\/strong><\/p>","protected":false},"excerpt":{"rendered":"<p>Municipal wastewater treatment facilities in Los Angeles, CA rely on decanter centrifuges to manage biosolids, maintain regulatory compliance, and support continuous treatment operations. These systems are critical to sludge dewatering processes and must perform reliably under demanding conditions. When decanter centrifuges experience wear, imbalance, or mechanical issues, treatment efficiency and compliance can be compromised. Sentrimax [&hellip;]<\/p>\n","protected":false},"author":3,"featured_media":0,"parent":0,"menu_order":0,"comment_status":"closed","ping_status":"closed","template":"seo-page-template.php","meta":{"_acf_changed":false,"inline_featured_image":false,"footnotes":""},"class_list":["post-2253","page","type-page","status-publish","hentry"],"acf":[],"_links":{"self":[{"href":"https:\/\/sentrimax.com\/es\/wp-json\/wp\/v2\/pages\/2253","targetHints":{"allow":["GET"]}}],"collection":[{"href":"https:\/\/sentrimax.com\/es\/wp-json\/wp\/v2\/pages"}],"about":[{"href":"https:\/\/sentrimax.com\/es\/wp-json\/wp\/v2\/types\/page"}],"author":[{"embeddable":true,"href":"https:\/\/sentrimax.com\/es\/wp-json\/wp\/v2\/users\/3"}],"replies":[{"embeddable":true,"href":"https:\/\/sentrimax.com\/es\/wp-json\/wp\/v2\/comments?post=2253"}],"version-history":[{"count":1,"href":"https:\/\/sentrimax.com\/es\/wp-json\/wp\/v2\/pages\/2253\/revisions"}],"predecessor-version":[{"id":2572,"href":"https:\/\/sentrimax.com\/es\/wp-json\/wp\/v2\/pages\/2253\/revisions\/2572"}],"wp:attachment":[{"href":"https:\/\/sentrimax.com\/es\/wp-json\/wp\/v2\/media?parent=2253"}],"curies":[{"name":"wp","href":"https:\/\/api.w.org\/{rel}","templated":true}]}}