{"id":2258,"date":"2026-01-06T22:01:11","date_gmt":"2026-01-06T22:01:11","guid":{"rendered":"https:\/\/sentrimax.com\/?page_id=2258"},"modified":"2026-04-21T21:18:46","modified_gmt":"2026-04-21T21:18:46","slug":"wastewater-centrifuge-service-in-atlanta-ga","status":"publish","type":"page","link":"https:\/\/sentrimax.com\/es\/wastewater-centrifuge-service-in-atlanta-ga\/","title":{"rendered":"Servicio de centrifugaci\u00f3n de aguas residuales en Atlanta, GA"},"content":{"rendered":"<p data-start=\"642\" data-end=\"1254\"><img fetchpriority=\"high\" decoding=\"async\" class=\"aligncenter size-full wp-image-1613\" src=\"https:\/\/sentrimax.com\/wp-content\/uploads\/2025\/07\/Food-Bev.png\" alt=\"\" width=\"1536\" height=\"1024\" srcset=\"https:\/\/sentrimax.com\/wp-content\/uploads\/2025\/07\/Food-Bev.png 1536w, https:\/\/sentrimax.com\/wp-content\/uploads\/2025\/07\/Food-Bev-300x200.png 300w, https:\/\/sentrimax.com\/wp-content\/uploads\/2025\/07\/Food-Bev-1024x683.png 1024w, https:\/\/sentrimax.com\/wp-content\/uploads\/2025\/07\/Food-Bev-768x512.png 768w, https:\/\/sentrimax.com\/wp-content\/uploads\/2025\/07\/Food-Bev-600x400.png 600w\" sizes=\"(max-width: 1536px) 100vw, 1536px\" \/><\/p>\n<p data-start=\"642\" data-end=\"1254\">Las plantas de tratamiento de aguas residuales en Atlanta, Georgia, dependen de sistemas centr\u00edfugos para facilitar la separaci\u00f3n eficaz de s\u00f3lidos, cumplir con las normativas y garantizar operaciones de tratamiento ininterrumpidas. Estos sistemas operan continuamente en entornos exigentes, por lo que un servicio profesional es esencial para la fiabilidad a largo plazo. Si las centr\u00edfugas no reciben el mantenimiento adecuado, las instalaciones se enfrentan a un mayor tiempo de inactividad, mayores costos operativos y un mayor riesgo de fallos mec\u00e1nicos. Sentrimax ofrece servicio profesional de centr\u00edfugas para aguas residuales en Atlanta, Georgia, ayudando a las instalaciones a mantener el rendimiento y proteger los equipos cr\u00edticos.<\/p>\n<p data-start=\"1256\" data-end=\"1613\">Con d\u00e9cadas de experiencia en el apoyo a las operaciones de aguas residuales municipales e industriales, Sentrimax ofrece soluciones estructuradas de servicio para centr\u00edfugas, dise\u00f1adas para mejorar la fiabilidad, prolongar la vida \u00fatil de los equipos y respaldar la planificaci\u00f3n operativa a largo plazo. Cada servicio se ejecuta mediante procesos de calidad documentados y un enfoque disciplinado y transparente.<\/p>\n<hr data-start=\"1615\" data-end=\"1618\" \/>\n<h2 data-start=\"1620\" data-end=\"1675\">Apoyo a las operaciones de tratamiento de aguas residuales de Atlanta<\/h2>\n<p data-start=\"1677\" data-end=\"2083\">Las plantas de tratamiento de aguas residuales del \u00e1rea de Atlanta atienden a una poblaci\u00f3n numerosa y en crecimiento, y operan bajo estrictas regulaciones ambientales federales y estatales. Las instalaciones deben gestionar las condiciones variables de los afluentes, los requisitos de cumplimiento en constante evoluci\u00f3n y la infraestructura obsoleta. Las centr\u00edfugas desempe\u00f1an un papel fundamental en la deshidrataci\u00f3n de lodos y el manejo de bios\u00f3lidos, lo que impacta directamente en la eficiencia del tratamiento y los costos de eliminaci\u00f3n.<\/p>\n<p data-start=\"2085\" data-end=\"2396\">Sentrimax colabora estrechamente con operadores de tratamiento de aguas residuales en toda la regi\u00f3n de Atlanta para garantizar el funcionamiento fiable de los sistemas centr\u00edfugos en condiciones de uso continuo. Mediante servicios de rutina, inspecciones detalladas y mantenimiento espec\u00edfico, las instalaciones obtienen un mayor control sobre el rendimiento de los equipos y la planificaci\u00f3n del servicio.<\/p>\n<hr data-start=\"2398\" data-end=\"2401\" \/>\n<h2 data-start=\"2403\" data-end=\"2457\">Proceso de servicio con certificaci\u00f3n ISO dise\u00f1ado para la confiabilidad<\/h2>\n<p data-start=\"2459\" data-end=\"2725\">Sentrimax opera bajo un sistema de gesti\u00f3n de calidad con certificaci\u00f3n ISO 9001:2015, lo que garantiza que cada servicio de centr\u00edfuga de aguas residuales siga un proceso estructurado y repetible. Este sistema prioriza la consistencia, la documentaci\u00f3n y la responsabilidad en todas las actividades de servicio.<\/p>\n<p data-start=\"2727\" data-end=\"3201\">Cada servicio comienza con una inspecci\u00f3n exhaustiva que puede incluir an\u00e1lisis de aceite, revisi\u00f3n de vibraciones, verificaci\u00f3n dimensional y evaluaci\u00f3n del estado de los componentes. Los hallazgos se documentan y comunican claramente para que los administradores de las instalaciones puedan tomar decisiones informadas sobre el alcance del servicio, la programaci\u00f3n y las estrategias de mantenimiento a largo plazo. Puede encontrar m\u00e1s informaci\u00f3n sobre este enfoque en el sitio web interno. <strong data-start=\"3142\" data-end=\"3195\"><a class=\"decorated-link\" href=\"https:\/\/sentrimax.com\/es\/our-process\/?utm_source=chatgpt.com\" target=\"_new\" rel=\"noopener\" data-start=\"3144\" data-end=\"3193\">Nuestro proceso<\/a><\/strong> p\u00e1gina.<\/p>\n<hr data-start=\"3203\" data-end=\"3206\" \/>\n<h2 data-start=\"3208\" data-end=\"3267\">Capacidades integrales de servicio de centr\u00edfugas para aguas residuales<\/h2>\n<h3 data-start=\"3269\" data-end=\"3310\"><strong data-start=\"3273\" data-end=\"3310\">Inspecci\u00f3n y Servicio Preventivo<\/strong><\/h3>\n<p data-start=\"3311\" data-end=\"3605\">La inspecci\u00f3n rutinaria y el servicio preventivo ayudan a identificar problemas emergentes antes de que provoquen fallas en el equipo. Sentrimax ofrece programas de servicio programado que incluyen inspecciones, lubricaci\u00f3n, ajustes y comprobaciones de rendimiento para garantizar un funcionamiento confiable y reducir las paradas no programadas.<\/p>\n<h3 data-start=\"3607\" data-end=\"3648\"><strong data-start=\"3611\" data-end=\"3648\">Servicios de reparaci\u00f3n y remodelaci\u00f3n<\/strong><\/h3>\n<p data-start=\"3649\" data-end=\"3954\">Cuando los componentes de la centr\u00edfuga presentan signos de desgaste o da\u00f1os, Sentrimax ofrece servicios de reparaci\u00f3n y reacondicionamiento de precisi\u00f3n. Estos servicios incluyen desmontaje, inspecci\u00f3n, mecanizado, soldadura, sustituci\u00f3n de componentes y reensamblaje con tolerancias estrictas, lo que ayuda a restaurar el equipo a su estado \u00f3ptimo de funcionamiento.<\/p>\n<h3 data-start=\"3956\" data-end=\"4010\"><strong data-start=\"3960\" data-end=\"4010\">Equilibrado din\u00e1mico y verificaci\u00f3n del rendimiento<\/strong><\/h3>\n<p data-start=\"4011\" data-end=\"4283\">El desequilibrio es una de las principales causas de vibraci\u00f3n, desgaste acelerado y reducci\u00f3n de la eficiencia de la centr\u00edfuga. Como parte del servicio de centr\u00edfugas para aguas residuales, Sentrimax realiza un equilibrado din\u00e1mico avanzado y una verificaci\u00f3n del rendimiento para garantizar un funcionamiento fluido y proteger los componentes cr\u00edticos.<\/p>\n<p data-start=\"4285\" data-end=\"4413\">Puede encontrar una descripci\u00f3n general de las capacidades de servicio disponibles en el sitio interno. <strong data-start=\"4360\" data-end=\"4407\"><a class=\"decorated-link\" href=\"https:\/\/sentrimax.com\/es\/services\/?utm_source=chatgpt.com\" target=\"_new\" rel=\"noopener\" data-start=\"4362\" data-end=\"4405\">Servicios<\/a><\/strong> p\u00e1gina.<\/p>\n<hr data-start=\"4415\" data-end=\"4418\" \/>\n<h2 data-start=\"4420\" data-end=\"4475\">Soluciones de servicios a medida para instalaciones de aguas residuales<\/h2>\n<p data-start=\"4477\" data-end=\"4809\">Cada planta de tratamiento de aguas residuales opera en condiciones \u00fanicas. La composici\u00f3n de los lodos, las demandas de producci\u00f3n y las obligaciones regulatorias var\u00edan seg\u00fan las plantas del \u00e1rea de Atlanta. Sentrimax desarrolla soluciones de servicio de centr\u00edfugas personalizadas seg\u00fan el entorno operativo espec\u00edfico de cada instalaci\u00f3n, en lugar de aplicar programas de servicio gen\u00e9ricos.<\/p>\n<p data-start=\"4811\" data-end=\"5083\">Una documentaci\u00f3n clara y una comunicaci\u00f3n transparente permiten a los operadores comprender el estado de los equipos, planificar las actividades de servicio y gestionar los presupuestos eficazmente. Este enfoque personalizado ayuda a las instalaciones a reducir las reparaciones de emergencia y a mejorar la previsibilidad operativa a largo plazo.<\/p>\n<hr data-start=\"5085\" data-end=\"5088\" \/>\n<h2 data-start=\"5090\" data-end=\"5135\">Minimizar el tiempo de inactividad en operaciones cr\u00edticas<\/h2>\n<p data-start=\"5137\" data-end=\"5485\">Las paradas no planificadas de las centr\u00edfugas pueden interrumpir los procesos de tratamiento de aguas residuales y agotar los recursos de las instalaciones. Sentrimax prioriza la planificaci\u00f3n proactiva del servicio, los plazos de entrega eficientes y la programaci\u00f3n coordinada para mantener el funcionamiento fiable de las centr\u00edfugas. El soporte t\u00e9cnico en campo y la comunicaci\u00f3n \u00e1gil ayudan a minimizar las paradas cuando se requiere servicio.<\/p>\n<p data-start=\"5487\" data-end=\"5662\">Al combinar estrategias de servicio preventivo con ejecuci\u00f3n experta, Sentrimax apoya operaciones consistentes de tratamiento de aguas residuales en toda Atlanta y las comunidades circundantes.<\/p>\n<hr data-start=\"5664\" data-end=\"5667\" \/>\n<h2 data-start=\"5669\" data-end=\"5719\">Cumplimiento, seguridad y mejores pr\u00e1cticas de la industria<\/h2>\n<p data-start=\"5721\" data-end=\"6292\">Las instalaciones de tratamiento de aguas residuales deben garantizar que los sistemas de centrifugaci\u00f3n funcionen de acuerdo con las regulaciones ambientales y los est\u00e1ndares de la industria. Orientaci\u00f3n de la <strong data-start=\"5878\" data-end=\"6009\"><a class=\"decorated-link cursor-pointer\" target=\"_new\" rel=\"noopener\" data-start=\"5880\" data-end=\"6007\">Agencia de Protecci\u00f3n Ambiental de EE. UU. \u2013 Descripci\u00f3n general del tratamiento de aguas residuales<\/a><\/strong> Se enfatiza la importancia de contar con equipos confiables para el manejo de s\u00f3lidos para mantener el cumplimiento normativo. Recursos de la industria de <strong data-start=\"6129\" data-end=\"6195\"><a class=\"decorated-link cursor-pointer\" target=\"_new\" rel=\"noopener\" data-start=\"6131\" data-end=\"6193\">Federaci\u00f3n del Medio Ambiente del Agua<\/a><\/strong> Destacar el servicio y mantenimiento proactivo como factores clave en la eficiencia operativa y la seguridad.<\/p>\n<p data-start=\"6294\" data-end=\"6503\">El servicio de centr\u00edfuga de aguas residuales Sentrimax respalda estas mejores pr\u00e1cticas al ayudar a las instalaciones a mantener el rendimiento de la centr\u00edfuga dentro de las especificaciones de dise\u00f1o, lo que reduce el riesgo ambiental y la interrupci\u00f3n operativa.<\/p>\n<hr data-start=\"6505\" data-end=\"6508\" \/>\n<h2 data-start=\"6510\" data-end=\"6553\">Soporte del ciclo de vida m\u00e1s all\u00e1 del servicio de rutina<\/h2>\n<p data-start=\"6555\" data-end=\"6945\">Un servicio eficaz de centr\u00edfugas de aguas residuales es m\u00e1s valioso cuando se integra en una estrategia m\u00e1s amplia de ciclo de vida. Sentrimax ofrece soporte continuo que incluye monitoreo de condici\u00f3n, documentaci\u00f3n de servicio y recomendaciones para la planificaci\u00f3n del mantenimiento a largo plazo. Este enfoque centrado en el ciclo de vida ayuda a las instalaciones a optimizar los intervalos de servicio, controlar los costos y maximizar la rentabilidad de la inversi\u00f3n en equipos.<\/p>\n<p data-start=\"6947\" data-end=\"7095\">Se encuentran disponibles informaci\u00f3n t\u00e9cnica adicional y orientaci\u00f3n sobre mantenimiento a trav\u00e9s del sitio web interno. <strong data-start=\"7037\" data-end=\"7086\"><a class=\"decorated-link cursor-pointer\" target=\"_new\" rel=\"noopener\" data-start=\"7039\" data-end=\"7084\">Recursos<\/a><\/strong> secci\u00f3n.<\/p>\n<hr data-start=\"7097\" data-end=\"7100\" \/>\n<h2 data-start=\"7102\" data-end=\"7157\">Socio de servicio de centr\u00edfugas de aguas residuales para Atlanta, GA<\/h2>\n<p data-start=\"7159\" data-end=\"7488\">Las plantas de tratamiento de aguas residuales de Atlanta desempe\u00f1an un papel vital en la protecci\u00f3n de la salud p\u00fablica y las v\u00edas fluviales regionales. Un servicio de centrifugaci\u00f3n confiable es esencial para mantener las operaciones de tratamiento ininterrumpidas. Sentrimax ofrece servicio de centrifugaci\u00f3n de aguas residuales en Atlanta, Georgia, con un enfoque en la calidad, la precisi\u00f3n y la confiabilidad a largo plazo.<\/p>\n<p data-start=\"7490\" data-end=\"7665\">Desde inspecciones de rutina hasta programas de servicio integrales y soporte continuo durante el ciclo de vida, Sentrimax brinda a las instalaciones de aguas residuales confianza en sus sistemas centr\u00edfugos.<\/p>\n<hr data-start=\"7667\" data-end=\"7670\" \/>\n<h2 data-start=\"7672\" data-end=\"7693\">Da el siguiente paso<\/h2>\n<p data-start=\"7695\" data-end=\"7900\">El servicio proactivo de centr\u00edfugas ayuda a prevenir costosos tiempos de inactividad y fallos inesperados en los equipos. Sentrimax est\u00e1 listo para apoyar a las plantas de tratamiento de aguas residuales de Atlanta con soluciones expertas de servicio de centr\u00edfugas.<\/p>\n<p data-start=\"7902\" data-end=\"7956\"><strong data-start=\"7902\" data-end=\"7956\"><a class=\"decorated-link\" href=\"https:\/\/sentrimax.com\/es\/contact\/\" target=\"_new\" rel=\"noopener\" data-start=\"7904\" data-end=\"7954\">\u00a1Solicita una cotizaci\u00f3n!<\/a><\/strong><\/p>","protected":false},"excerpt":{"rendered":"<p>Wastewater treatment facilities in Atlanta, GA rely on centrifuge systems to support effective solids separation, maintain regulatory compliance, and ensure uninterrupted treatment operations. These systems operate continuously in demanding environments, making professional service essential to long-term reliability. When centrifuges are not properly serviced, facilities face increased downtime, higher operating costs, and elevated risk of mechanical [&hellip;]<\/p>\n","protected":false},"author":3,"featured_media":0,"parent":0,"menu_order":0,"comment_status":"closed","ping_status":"closed","template":"seo-page-template.php","meta":{"_acf_changed":false,"inline_featured_image":false,"footnotes":""},"class_list":["post-2258","page","type-page","status-publish","hentry"],"acf":[],"_links":{"self":[{"href":"https:\/\/sentrimax.com\/es\/wp-json\/wp\/v2\/pages\/2258","targetHints":{"allow":["GET"]}}],"collection":[{"href":"https:\/\/sentrimax.com\/es\/wp-json\/wp\/v2\/pages"}],"about":[{"href":"https:\/\/sentrimax.com\/es\/wp-json\/wp\/v2\/types\/page"}],"author":[{"embeddable":true,"href":"https:\/\/sentrimax.com\/es\/wp-json\/wp\/v2\/users\/3"}],"replies":[{"embeddable":true,"href":"https:\/\/sentrimax.com\/es\/wp-json\/wp\/v2\/comments?post=2258"}],"version-history":[{"count":1,"href":"https:\/\/sentrimax.com\/es\/wp-json\/wp\/v2\/pages\/2258\/revisions"}],"predecessor-version":[{"id":2567,"href":"https:\/\/sentrimax.com\/es\/wp-json\/wp\/v2\/pages\/2258\/revisions\/2567"}],"wp:attachment":[{"href":"https:\/\/sentrimax.com\/es\/wp-json\/wp\/v2\/media?parent=2258"}],"curies":[{"name":"wp","href":"https:\/\/api.w.org\/{rel}","templated":true}]}}