{"id":2268,"date":"2026-01-07T14:46:35","date_gmt":"2026-01-07T14:46:35","guid":{"rendered":"https:\/\/sentrimax.com\/?page_id=2268"},"modified":"2026-04-21T21:16:03","modified_gmt":"2026-04-21T21:16:03","slug":"industrial-centrifuge-parts-in-phoenix-az","status":"publish","type":"page","link":"https:\/\/sentrimax.com\/es\/industrial-centrifuge-parts-in-phoenix-az\/","title":{"rendered":"Piezas para centr\u00edfugas industriales en Phoenix, AZ"},"content":{"rendered":"<p data-start=\"662\" data-end=\"1391\"><img fetchpriority=\"high\" decoding=\"async\" class=\"aligncenter size-full wp-image-910\" src=\"https:\/\/sentrimax.com\/wp-content\/uploads\/2025\/05\/image-4.png\" alt=\"\" width=\"1648\" height=\"1013\" srcset=\"https:\/\/sentrimax.com\/wp-content\/uploads\/2025\/05\/image-4.png 1648w, https:\/\/sentrimax.com\/wp-content\/uploads\/2025\/05\/image-4-600x369.png 600w, https:\/\/sentrimax.com\/wp-content\/uploads\/2025\/05\/image-4-300x184.png 300w, https:\/\/sentrimax.com\/wp-content\/uploads\/2025\/05\/image-4-1024x629.png 1024w, https:\/\/sentrimax.com\/wp-content\/uploads\/2025\/05\/image-4-768x472.png 768w, https:\/\/sentrimax.com\/wp-content\/uploads\/2025\/05\/image-4-1536x944.png 1536w\" sizes=\"(max-width: 1648px) 100vw, 1648px\" \/><\/p>\n<p data-start=\"662\" data-end=\"1391\">Las instalaciones industriales en Phoenix, Arizona, dependen de sistemas de centr\u00edfugas para respaldar las operaciones de fabricaci\u00f3n, procesamiento y tratamiento de aguas residuales industriales. Ya sea para refinar productos, separar lodos o proteger equipos posteriores, las centr\u00edfugas desempe\u00f1an un papel fundamental en los flujos de proceso cr\u00edticos. Con el tiempo, las piezas de las centr\u00edfugas, como rodamientos, sellos, componentes de desgaste y conjuntos mec\u00e1nicos, se degradan por el uso continuo y las condiciones adversas. Cuando fallan las piezas, las instalaciones pueden experimentar tiempos de inactividad imprevistos, mayores costos de mantenimiento y un rendimiento reducido. Sentrimax ofrece repuestos profesionales para centr\u00edfugas industriales en Phoenix, Arizona, con piezas de repuesto de precisi\u00f3n dise\u00f1adas para garantizar la fiabilidad y respaldadas por est\u00e1ndares de calidad con certificaci\u00f3n ISO.<\/p>\n<p data-start=\"1393\" data-end=\"1784\">Con d\u00e9cadas de experiencia en el soporte de sistemas centr\u00edfugos industriales en toda Norteam\u00e9rica, Sentrimax ofrece soluciones de repuestos dise\u00f1adas para minimizar el tiempo de inactividad, mejorar el rendimiento de los equipos y respaldar la planificaci\u00f3n operativa a largo plazo. Cada contrato de repuestos incluye una meticulosa especificaci\u00f3n, control de calidad y validaci\u00f3n para ayudar a las instalaciones de Phoenix a mantener operaciones productivas y estables.<\/p>\n<hr data-start=\"1786\" data-end=\"1789\" \/>\n<h2 data-start=\"1791\" data-end=\"1835\">Apoyando el rendimiento industrial de Phoenix<\/h2>\n<p data-start=\"1837\" data-end=\"2211\">Phoenix alberga una econom\u00eda industrial diversa, que abarca desde la fabricaci\u00f3n y el procesamiento de materiales hasta la energ\u00eda y el tratamiento de aguas residuales industriales. En estos entornos, las centr\u00edfugas suelen operar continuamente bajo cargas elevadas, materiales abrasivos y condiciones de proceso extremas. La selecci\u00f3n adecuada de piezas es esencial para prolongar la vida \u00fatil, proteger los componentes cr\u00edticos y mantener el tiempo de funcionamiento.<\/p>\n<p data-start=\"2213\" data-end=\"2552\">Sentrimax colabora estrechamente con operadores industriales de toda la regi\u00f3n de Phoenix para evaluar las necesidades de piezas, recomendar componentes de precisi\u00f3n y facilitar una instalaci\u00f3n eficaz. Al centrarse en la fiabilidad, el rendimiento y el suministro de piezas adecuadas, Sentrimax ayuda a las instalaciones industriales a reducir los costes de mantenimiento y evitar fallos inesperados.<\/p>\n<hr data-start=\"2554\" data-end=\"2557\" \/>\n<h2 data-start=\"2559\" data-end=\"2606\">Calidad y trazabilidad de piezas con certificaci\u00f3n ISO<\/h2>\n<p data-start=\"2608\" data-end=\"2959\">Todas las piezas para centr\u00edfugas industriales suministradas por Sentrimax cumplen con los requisitos de calidad de la norma ISO 9001:2015, lo que garantiza la trazabilidad, el mecanizado preciso y la verificaci\u00f3n de los componentes seg\u00fan est\u00e1ndares documentados. El control de calidad, la inspecci\u00f3n y la documentaci\u00f3n se integran en cada entrega de piezas, lo que proporciona a los equipos de mantenimiento la confianza en su ajuste, forma y funcionamiento.<\/p>\n<p data-start=\"2961\" data-end=\"3255\">Desde la especificaci\u00f3n inicial de la pieza hasta la entrega y el soporte de rendimiento, Sentrimax garantiza que cada componente cumpla con estrictos est\u00e1ndares de calidad. Puede encontrar m\u00e1s informaci\u00f3n sobre la calidad general y la metodolog\u00eda de servicio en el sitio web interno. <strong data-start=\"3196\" data-end=\"3249\"><a class=\"decorated-link\" href=\"https:\/\/sentrimax.com\/es\/our-process\/?utm_source=chatgpt.com\" target=\"_new\" rel=\"noopener\" data-start=\"3198\" data-end=\"3247\">Nuestro proceso<\/a><\/strong> p\u00e1gina.<\/p>\n<hr data-start=\"3257\" data-end=\"3260\" \/>\n<h2 data-start=\"3262\" data-end=\"3300\">Piezas de centr\u00edfuga industrial ofrecidas<\/h2>\n<h3 data-start=\"3302\" data-end=\"3328\"><strong data-start=\"3306\" data-end=\"3328\">Cojinetes y sellos<\/strong><\/h3>\n<p data-start=\"3329\" data-end=\"3704\">Los rodamientos y sellos de centr\u00edfugas se encuentran entre los elementos de desgaste m\u00e1s cr\u00edticos en un sistema industrial. Los rodamientos soportan cargas rotatorias, mientras que los sellos protegen los componentes mec\u00e1nicos de la contaminaci\u00f3n, fugas y p\u00e9rdida de lubricante. Sentrimax suministra rodamientos y sellos de precisi\u00f3n dise\u00f1ados para soportar temperaturas, velocidades y ciclos de carga exigentes, mejorando la fiabilidad y la vida \u00fatil.<\/p>\n<h3 data-start=\"3706\" data-end=\"3742\"><strong data-start=\"3710\" data-end=\"3742\">Componentes de desgaste y hardware<\/strong><\/h3>\n<p data-start=\"3743\" data-end=\"4050\">Los anillos de desgaste, las juntas, los revestimientos, las almohadillas de empuje y otras piezas consumibles se desgastan naturalmente con el uso. Sentrimax proporciona piezas de desgaste de repuesto correctamente especificadas para garantizar el rendimiento y minimizar los da\u00f1os secundarios. El reemplazo oportuno de los componentes de desgaste ayuda a retrasar reparaciones costosas y a mantener un funcionamiento constante.<\/p>\n<h3 data-start=\"4052\" data-end=\"4093\"><strong data-start=\"4056\" data-end=\"4093\">Caja de cambios y conjuntos mec\u00e1nicos<\/strong><\/h3>\n<p data-start=\"4094\" data-end=\"4422\">Las cajas de engranajes, ejes, acoplamientos y conjuntos rotatorios de centr\u00edfugas industriales operan bajo alta tensi\u00f3n. Sentrimax suministra piezas de precisi\u00f3n de calidad OEM dise\u00f1adas para restaurar la integridad mec\u00e1nica y el rendimiento. Los conjuntos mec\u00e1nicos de origen adecuado reducen la vibraci\u00f3n, mejoran la eficiencia y disminuyen los costos de mantenimiento a largo plazo.<\/p>\n<p data-start=\"4424\" data-end=\"4565\">Puede encontrar una descripci\u00f3n completa de las categor\u00edas de piezas y las opciones de soporte en el sitio web interno. <strong data-start=\"4512\" data-end=\"4559\"><a class=\"decorated-link\" href=\"https:\/\/sentrimax.com\/es\/services\/?utm_source=chatgpt.com\" target=\"_new\" rel=\"noopener\" data-start=\"4514\" data-end=\"4557\">Servicios<\/a><\/strong> p\u00e1gina.<\/p>\n<hr data-start=\"4567\" data-end=\"4570\" \/>\n<h2 data-start=\"4572\" data-end=\"4614\">Especificaci\u00f3n experta y selecci\u00f3n de piezas<\/h2>\n<p data-start=\"4616\" data-end=\"4977\">La selecci\u00f3n correcta de piezas es esencial para mantener el rendimiento y la fiabilidad de la centr\u00edfuga. Los t\u00e9cnicos de Sentrimax asisten a las instalaciones industriales con la identificaci\u00f3n de piezas, la verificaci\u00f3n de ajuste y la especificaci\u00f3n seg\u00fan el tipo de equipo, las condiciones de funcionamiento y los ciclos de trabajo. Esto reduce el riesgo de pedidos incorrectos de piezas, tiempos de inactividad prolongados y fallos prematuros.<\/p>\n<p data-start=\"4979\" data-end=\"5185\">Al aprovechar datos de inspecci\u00f3n detallados, registros de servicio y el historial del equipo, Sentrimax puede recomendar piezas que coincidan con los requisitos de rendimiento y los desaf\u00edos ambientales espec\u00edficos de las operaciones de Phoenix.<\/p>\n<hr data-start=\"5187\" data-end=\"5190\" \/>\n<h2 data-start=\"5192\" data-end=\"5237\">Mantenimiento, reparaci\u00f3n e integraci\u00f3n de piezas<\/h2>\n<p data-start=\"5239\" data-end=\"5468\">El suministro de piezas es m\u00e1s eficaz cuando se integra con las estrategias de mantenimiento y reparaci\u00f3n. Sentrimax apoya a los operadores industriales alineando la entrega de piezas con los programas de servicio, los planes de mantenimiento preventivo y los plazos de reparaci\u00f3n.<\/p>\n<p data-start=\"5470\" data-end=\"5765\">Los programas de mantenimiento rutinario que incluyen el reemplazo programado de piezas ayudan a reducir las fallas de emergencia, prolongar la vida \u00fatil de los equipos y mejorar la eficiencia operativa. El enfoque integrado de Sentrimax garantiza que las actividades de repuestos, servicio y reparaci\u00f3n se integren para maximizar el tiempo de actividad y controlar los costos.<\/p>\n<hr data-start=\"5767\" data-end=\"5770\" \/>\n<h2 data-start=\"5772\" data-end=\"5822\">Cumplimiento, seguridad y mejores pr\u00e1cticas de la industria<\/h2>\n<p data-start=\"5824\" data-end=\"6401\">Las instalaciones industriales deben garantizar que los sistemas de centr\u00edfuga funcionen de acuerdo con las normas ambientales, de seguridad y regulatorias. Orientaci\u00f3n de la <strong data-start=\"5970\" data-end=\"6096\"><a class=\"decorated-link\" href=\"https:\/\/www.epa.gov\/npdes\/industrial-wastewater\" target=\"_new\" rel=\"noopener\" data-start=\"5972\" data-end=\"6094\">Agencia de Protecci\u00f3n Ambiental de los Estados Unidos \u2013 Gesti\u00f3n de aguas residuales industriales<\/a><\/strong> Destaca la importancia de contar con equipos de proceso y separaci\u00f3n de s\u00f3lidos confiables para reducir el riesgo ambiental. Recursos de la industria de <strong data-start=\"6235\" data-end=\"6301\"><a class=\"decorated-link cursor-pointer\" target=\"_new\" rel=\"noopener\" data-start=\"6237\" data-end=\"6299\">Federaci\u00f3n del Medio Ambiente del Agua<\/a><\/strong> Enfatizar el mantenimiento proactivo y la confiabilidad de los componentes como factores clave en la eficiencia operativa.<\/p>\n<p data-start=\"6403\" data-end=\"6586\">Las piezas y el servicio de Sentrimax respaldan estas mejores pr\u00e1cticas al ayudar a las instalaciones a mantener el rendimiento de la centr\u00edfuga dentro de las especificaciones de dise\u00f1o, reduciendo el riesgo y respaldando los objetivos de seguridad.<\/p>\n<hr data-start=\"6588\" data-end=\"6591\" \/>\n<h2 data-start=\"6593\" data-end=\"6626\">Soporte del ciclo de vida m\u00e1s all\u00e1 de las piezas<\/h2>\n<p data-start=\"6628\" data-end=\"7052\">El suministro de piezas de forma aislada puede satisfacer las necesidades inmediatas de componentes, pero integrarlas en una estrategia de ciclo de vida m\u00e1s amplia ofrece mayor valor. Sentrimax ofrece soporte continuo que incluye monitorizaci\u00f3n de condiciones, documentaci\u00f3n de servicio y recomendaciones para la planificaci\u00f3n de piezas. Este enfoque centrado en el ciclo de vida ayuda a las instalaciones a anticipar las necesidades futuras, optimizar los intervalos de servicio y maximizar el retorno de la inversi\u00f3n en equipos.<\/p>\n<p data-start=\"7054\" data-end=\"7202\">Se encuentran disponibles informaci\u00f3n t\u00e9cnica adicional y orientaci\u00f3n sobre mantenimiento a trav\u00e9s del sitio web interno. <strong data-start=\"7144\" data-end=\"7193\"><a class=\"decorated-link cursor-pointer\" target=\"_new\" rel=\"noopener\" data-start=\"7146\" data-end=\"7191\">Recursos<\/a><\/strong> secci\u00f3n.<\/p>\n<hr data-start=\"7204\" data-end=\"7207\" \/>\n<h2 data-start=\"7209\" data-end=\"7262\">Socio de repuestos para centr\u00edfugas industriales en Phoenix, Arizona<\/h2>\n<p data-start=\"7264\" data-end=\"7662\">Las piezas para centr\u00edfugas industriales son cruciales para mantener un rendimiento fiable y proteger la continuidad de la producci\u00f3n. Sentrimax ofrece suministro de piezas de precisi\u00f3n en Phoenix, Arizona, priorizando la calidad, la trazabilidad y la fiabilidad a largo plazo. Al asociarse con Sentrimax, los operadores industriales obtienen acceso a componentes de ingenier\u00eda y asesoramiento experto que garantizan el correcto funcionamiento de sus sistemas centr\u00edfugos.<\/p>\n<p data-start=\"7664\" data-end=\"7851\">Desde cojinetes y sellos de precisi\u00f3n hasta grandes conjuntos mec\u00e1nicos y componentes de desgaste, Sentrimax proporciona las piezas necesarias para respaldar el tiempo de actividad, proteger los activos y controlar los costos de mantenimiento.<\/p>\n<hr data-start=\"7853\" data-end=\"7856\" \/>\n<h2 data-start=\"7858\" data-end=\"7879\">Da el siguiente paso<\/h2>\n<p data-start=\"7881\" data-end=\"8096\">Asegurarse de tener a mano las piezas correctas para su centr\u00edfuga ayuda a evitar costosos tiempos de inactividad y fallos inesperados. Sentrimax est\u00e1 listo para apoyar las instalaciones industriales de Phoenix con soluciones expertas de suministro de piezas y soporte.<\/p>\n<p data-start=\"8098\" data-end=\"8152\"><strong data-start=\"8098\" data-end=\"8152\"><a class=\"decorated-link\" href=\"https:\/\/sentrimax.com\/es\/contact\/\" target=\"_new\" rel=\"noopener\" data-start=\"8100\" data-end=\"8150\">\u00a1Solicita una cotizaci\u00f3n!<\/a><\/strong><\/p>","protected":false},"excerpt":{"rendered":"<p>Industrial facilities in Phoenix, AZ rely on centrifuge systems to support manufacturing, processing, and industrial wastewater operations. Whether refining products, separating slurries, or protecting downstream equipment, centrifuges play a central role in critical process flows. Over time, centrifuge parts such as bearings, seals, wear components, and mechanical assemblies degrade from continuous use and harsh conditions. [&hellip;]<\/p>\n","protected":false},"author":3,"featured_media":0,"parent":0,"menu_order":0,"comment_status":"closed","ping_status":"closed","template":"seo-page-template.php","meta":{"_acf_changed":false,"inline_featured_image":false,"footnotes":""},"class_list":["post-2268","page","type-page","status-publish","hentry"],"acf":[],"_links":{"self":[{"href":"https:\/\/sentrimax.com\/es\/wp-json\/wp\/v2\/pages\/2268","targetHints":{"allow":["GET"]}}],"collection":[{"href":"https:\/\/sentrimax.com\/es\/wp-json\/wp\/v2\/pages"}],"about":[{"href":"https:\/\/sentrimax.com\/es\/wp-json\/wp\/v2\/types\/page"}],"author":[{"embeddable":true,"href":"https:\/\/sentrimax.com\/es\/wp-json\/wp\/v2\/users\/3"}],"replies":[{"embeddable":true,"href":"https:\/\/sentrimax.com\/es\/wp-json\/wp\/v2\/comments?post=2268"}],"version-history":[{"count":1,"href":"https:\/\/sentrimax.com\/es\/wp-json\/wp\/v2\/pages\/2268\/revisions"}],"predecessor-version":[{"id":2557,"href":"https:\/\/sentrimax.com\/es\/wp-json\/wp\/v2\/pages\/2268\/revisions\/2557"}],"wp:attachment":[{"href":"https:\/\/sentrimax.com\/es\/wp-json\/wp\/v2\/media?parent=2268"}],"curies":[{"name":"wp","href":"https:\/\/api.w.org\/{rel}","templated":true}]}}