{"id":2271,"date":"2026-01-07T15:01:48","date_gmt":"2026-01-07T15:01:48","guid":{"rendered":"https:\/\/sentrimax.com\/?page_id=2271"},"modified":"2026-04-21T21:16:02","modified_gmt":"2026-04-21T21:16:02","slug":"alfa-laval-centrifuge-repair-in-houston-tx","status":"publish","type":"page","link":"https:\/\/sentrimax.com\/es\/alfa-laval-centrifuge-repair-in-houston-tx\/","title":{"rendered":"Reparaci\u00f3n de centr\u00edfugas Alfa Laval en Houston, TX"},"content":{"rendered":"<p data-start=\"717\" data-end=\"1423\"><img fetchpriority=\"high\" decoding=\"async\" class=\"aligncenter size-full wp-image-2173\" src=\"https:\/\/sentrimax.com\/wp-content\/uploads\/2025\/07\/c1a73b_f3521b6db4d34f23972aa5e5d7ed0489mv2.png\" alt=\"\" width=\"980\" height=\"551\" srcset=\"https:\/\/sentrimax.com\/wp-content\/uploads\/2025\/07\/c1a73b_f3521b6db4d34f23972aa5e5d7ed0489mv2.png 980w, https:\/\/sentrimax.com\/wp-content\/uploads\/2025\/07\/c1a73b_f3521b6db4d34f23972aa5e5d7ed0489mv2-300x169.png 300w, https:\/\/sentrimax.com\/wp-content\/uploads\/2025\/07\/c1a73b_f3521b6db4d34f23972aa5e5d7ed0489mv2-768x432.png 768w, https:\/\/sentrimax.com\/wp-content\/uploads\/2025\/07\/c1a73b_f3521b6db4d34f23972aa5e5d7ed0489mv2-18x10.png 18w, https:\/\/sentrimax.com\/wp-content\/uploads\/2025\/07\/c1a73b_f3521b6db4d34f23972aa5e5d7ed0489mv2-600x337.png 600w\" sizes=\"(max-width: 980px) 100vw, 980px\" \/><\/p>\n<p data-start=\"717\" data-end=\"1423\">Las instalaciones industriales y municipales de Houston, Texas, dependen de sistemas de centr\u00edfugas de alto rendimiento para garantizar el procesamiento continuo, la separaci\u00f3n de s\u00f3lidos y la eficiencia operativa. Equipos fabricados por <span class=\"hover:entity-accent entity-underline inline cursor-pointer align-baseline\"><span class=\"whitespace-normal\">Alfa Laval<\/span><\/span> Se utiliza ampliamente en aplicaciones de energ\u00eda, procesamiento qu\u00edmico, producci\u00f3n de alimentos y tratamiento de aguas residuales gracias a su ingenier\u00eda de precisi\u00f3n y fiabilidad. Cuando estas centr\u00edfugas sufren desgaste, desequilibrio o fallos mec\u00e1nicos, los plazos de producci\u00f3n, el cumplimiento normativo y los costes operativos pueden verse afectados. Sentrimax ofrece reparaci\u00f3n profesional de centr\u00edfugas Alfa Laval en Houston, Texas, ayudando a las instalaciones a restaurar el rendimiento y prolongar la vida \u00fatil de equipos cr\u00edticos.<\/p>\n<p data-start=\"1425\" data-end=\"1753\">Con d\u00e9cadas de experiencia en el soporte de sistemas de centr\u00edfugas industriales en Norteam\u00e9rica, Sentrimax ofrece soluciones de reparaci\u00f3n de precisi\u00f3n adaptadas a los dise\u00f1os de equipos Alfa Laval. Cada reparaci\u00f3n se realiza mediante procesos de calidad documentados y un enfoque disciplinado y transparente, centrado en la fiabilidad y el rendimiento a largo plazo.<\/p>\n<hr data-start=\"1755\" data-end=\"1758\" \/>\n<h2 data-start=\"1760\" data-end=\"1817\">Apoyando los exigentes entornos de procesamiento de Houston<\/h2>\n<p data-start=\"1819\" data-end=\"2230\">Houston es un centro global para operaciones de energ\u00eda, petroqu\u00edmica, manufactura y procesamiento industrial. Las instalaciones de estos sectores suelen operar centr\u00edfugas en condiciones extremas, incluyendo altas temperaturas, materiales abrasivos y ciclos de trabajo continuos. Las centr\u00edfugas Alfa Laval est\u00e1n dise\u00f1adas para estos desaf\u00edos, pero incluso los equipos m\u00e1s robustos requieren reparaciones expertas para mantener un rendimiento \u00f3ptimo.<\/p>\n<p data-start=\"2232\" data-end=\"2509\">Sentrimax colabora estrechamente con los operadores del \u00e1rea de Houston para garantizar que los sistemas de centr\u00edfugas Alfa Laval sigan funcionando de forma fiable. Mediante inspecciones detalladas y reparaciones espec\u00edficas, las instalaciones obtienen un mayor control sobre la planificaci\u00f3n del mantenimiento, el rendimiento de los activos y la estabilidad operativa.<\/p>\n<hr data-start=\"2511\" data-end=\"2514\" \/>\n<h2 data-start=\"2516\" data-end=\"2577\">Proceso de reparaci\u00f3n con certificaci\u00f3n ISO dise\u00f1ado para equipos de precisi\u00f3n<\/h2>\n<p data-start=\"2579\" data-end=\"2872\">Sentrimax opera bajo un sistema de gesti\u00f3n de calidad con certificaci\u00f3n ISO 9001:2015, lo que garantiza que cada reparaci\u00f3n de centr\u00edfugas Alfa Laval siga un proceso estructurado y repetible. Este sistema prioriza la documentaci\u00f3n, la consistencia y la rendici\u00f3n de cuentas desde la recepci\u00f3n del equipo hasta las pruebas finales y la elaboraci\u00f3n de informes.<\/p>\n<p data-start=\"2874\" data-end=\"3299\">Cada reparaci\u00f3n comienza con una inspecci\u00f3n exhaustiva que puede incluir an\u00e1lisis de aceite, verificaci\u00f3n dimensional y evaluaci\u00f3n del estado de los componentes. Los hallazgos se documentan y comunican claramente para que los equipos de mantenimiento puedan evaluar el alcance de la reparaci\u00f3n, los plazos y las consideraciones de mantenimiento a largo plazo. Puede encontrar m\u00e1s informaci\u00f3n sobre esta metodolog\u00eda en el sitio web interno. <strong data-start=\"3240\" data-end=\"3293\"><a class=\"decorated-link\" href=\"https:\/\/sentrimax.com\/es\/our-process\/?utm_source=chatgpt.com\" target=\"_new\" rel=\"noopener\" data-start=\"3242\" data-end=\"3291\">Nuestro proceso<\/a><\/strong> p\u00e1gina.<\/p>\n<hr data-start=\"3301\" data-end=\"3304\" \/>\n<h2 data-start=\"3306\" data-end=\"3360\">Servicios integrales de reparaci\u00f3n de centr\u00edfugas Alfa Laval<\/h2>\n<h3 data-start=\"3362\" data-end=\"3398\"><strong data-start=\"3366\" data-end=\"3398\">Reparaci\u00f3n y revisi\u00f3n completa<\/strong><\/h3>\n<p data-start=\"3399\" data-end=\"3800\">Sentrimax ofrece servicios completos de reparaci\u00f3n y revisi\u00f3n de centr\u00edfugas Alfa Laval para restaurar el equipo a su estado \u00f3ptimo de funcionamiento. Los servicios incluyen desmontaje completo, inspecci\u00f3n de componentes de desgaste, mecanizado de precisi\u00f3n, soldadura, sustituci\u00f3n de rodamientos, instalaci\u00f3n de sellos y un reensamblaje cuidadoso con tolerancias ajustadas. Estas reparaciones ayudan a las instalaciones a prolongar la vida \u00fatil del equipo y retrasar la costosa sustituci\u00f3n de capital.<\/p>\n<h3 data-start=\"3802\" data-end=\"3837\"><strong data-start=\"3806\" data-end=\"3837\">Equilibrado din\u00e1mico de precisi\u00f3n<\/strong><\/h3>\n<p data-start=\"3838\" data-end=\"4215\">El desequilibrio es una causa com\u00fan de vibraci\u00f3n, desgaste acelerado y fallos mec\u00e1nicos prematuros en los sistemas centr\u00edfugos. Sentrimax realiza un equilibrado din\u00e1mico avanzado en tres planos seg\u00fan la norma ISO G 0.5, lo que reduce significativamente la vibraci\u00f3n y mejora la estabilidad operativa. Un equilibrado adecuado protege los rodamientos, las cajas de engranajes y los conjuntos rotativos, a la vez que mejora la fiabilidad a largo plazo.<\/p>\n<h3 data-start=\"4217\" data-end=\"4261\"><strong data-start=\"4221\" data-end=\"4261\">Reparaci\u00f3n de cajas de cambios y conjuntos giratorios<\/strong><\/h3>\n<p data-start=\"4262\" data-end=\"4598\">Las cajas de engranajes y los componentes rotativos de las centr\u00edfugas Alfa Laval operan en condiciones de proceso exigentes y de alto par. Sentrimax ofrece servicios detallados de inspecci\u00f3n, reconstrucci\u00f3n y reparaci\u00f3n mec\u00e1nica de cajas de engranajes para restaurar el rendimiento y la eficiencia. Estos servicios ayudan a prevenir fallos inesperados y a mantener la consistencia de las operaciones de procesamiento.<\/p>\n<p data-start=\"4600\" data-end=\"4721\">Una descripci\u00f3n completa de las capacidades de reparaci\u00f3n est\u00e1 disponible en el interior <strong data-start=\"4668\" data-end=\"4715\"><a class=\"decorated-link\" href=\"https:\/\/sentrimax.com\/es\/services\/?utm_source=chatgpt.com\" target=\"_new\" rel=\"noopener\" data-start=\"4670\" data-end=\"4713\">Servicios<\/a><\/strong> p\u00e1gina.<\/p>\n<hr data-start=\"4723\" data-end=\"4726\" \/>\n<h2 data-start=\"4728\" data-end=\"4781\">Soluciones de reparaci\u00f3n personalizadas para equipos Alfa Laval<\/h2>\n<p data-start=\"4783\" data-end=\"5156\">No hay dos instalaciones que operen en las mismas condiciones. Los materiales de proceso, las demandas de producci\u00f3n, los rangos de temperatura y los requisitos regulatorios var\u00edan considerablemente en las operaciones del \u00e1rea de Houston. Sentrimax desarrolla soluciones de reparaci\u00f3n personalizadas seg\u00fan el modelo espec\u00edfico de centr\u00edfuga Alfa Laval, el entorno operativo y el historial de servicio, en lugar de aplicar m\u00e9todos de reparaci\u00f3n gen\u00e9ricos.<\/p>\n<p data-start=\"5158\" data-end=\"5434\">Una documentaci\u00f3n clara y una comunicaci\u00f3n transparente permiten a los equipos de mantenimiento planificar las actividades de servicio de forma proactiva, gestionar los presupuestos eficazmente y reducir las reparaciones de emergencia. Este enfoque personalizado favorece una mayor previsibilidad operativa y la fiabilidad a largo plazo de los equipos.<\/p>\n<hr data-start=\"5436\" data-end=\"5439\" \/>\n<h2 data-start=\"5441\" data-end=\"5486\">Minimizar el tiempo de inactividad en las instalaciones de Houston<\/h2>\n<p data-start=\"5488\" data-end=\"5860\">Las paradas no planificadas de las centr\u00edfugas pueden interrumpir los programas de producci\u00f3n, afectar la calidad del producto y aumentar los costos operativos. Sentrimax prioriza los plazos de entrega eficientes y la programaci\u00f3n coordinada para que las centr\u00edfugas Alfa Laval vuelvan a funcionar lo antes posible. La comunicaci\u00f3n eficiente y el soporte t\u00e9cnico ayudan a minimizar las paradas durante reparaciones urgentes.<\/p>\n<p data-start=\"5862\" data-end=\"6018\">Al combinar la planificaci\u00f3n proactiva del mantenimiento con la ejecuci\u00f3n experta de reparaciones, Sentrimax respalda operaciones confiables en todo Houston y las regiones circundantes.<\/p>\n<hr data-start=\"6020\" data-end=\"6023\" \/>\n<h2 data-start=\"6025\" data-end=\"6075\">Cumplimiento, seguridad y mejores pr\u00e1cticas de la industria<\/h2>\n<p data-start=\"6077\" data-end=\"6679\">Las instalaciones que operan centr\u00edfugas Alfa Laval deben garantizar que el rendimiento del equipo cumpla con las normativas ambientales y de seguridad. Orientaci\u00f3n de la <strong data-start=\"6223\" data-end=\"6349\"><a class=\"decorated-link\" href=\"https:\/\/www.epa.gov\/npdes\/industrial-wastewater\" target=\"_new\" rel=\"noopener\" data-start=\"6225\" data-end=\"6347\">Agencia de Protecci\u00f3n Ambiental de los Estados Unidos \u2013 Gesti\u00f3n de aguas residuales industriales<\/a><\/strong> Se enfatiza la importancia de contar con equipos confiables de separaci\u00f3n de s\u00f3lidos para mantener el cumplimiento normativo. Documentaci\u00f3n del fabricante y mejores pr\u00e1cticas de <strong data-start=\"6494\" data-end=\"6605\"><a class=\"decorated-link cursor-pointer\" target=\"_new\" rel=\"noopener\" data-start=\"6496\" data-end=\"6603\">Alfa Laval \u2013 Tecnolog\u00eda de centr\u00edfugas<\/a><\/strong> Tambi\u00e9n destacamos la importancia de un mantenimiento adecuado y una reparaci\u00f3n precisa.<\/p>\n<p data-start=\"6681\" data-end=\"6905\">Los servicios de reparaci\u00f3n de Sentrimax respaldan estas mejores pr\u00e1cticas al garantizar que los sistemas de centr\u00edfugas Alfa Laval funcionen dentro de las especificaciones de dise\u00f1o, lo que ayuda a las instalaciones a reducir el riesgo ambiental, mantener el cumplimiento y proteger al personal.<\/p>\n<hr data-start=\"6907\" data-end=\"6910\" \/>\n<h2 data-start=\"6912\" data-end=\"6946\">Soporte al ciclo de vida m\u00e1s all\u00e1 de la reparaci\u00f3n<\/h2>\n<p data-start=\"6948\" data-end=\"7331\">La reparaci\u00f3n eficaz de centr\u00edfugas Alfa Laval es m\u00e1s valiosa cuando se integra en una estrategia m\u00e1s amplia de ciclo de vida. Sentrimax ofrece soporte continuo que incluye monitoreo de condici\u00f3n, documentaci\u00f3n de rendimiento y recomendaciones para la planificaci\u00f3n del mantenimiento. Este enfoque centrado en el ciclo de vida ayuda a las instalaciones a optimizar los intervalos de servicio, controlar los costos y maximizar la rentabilidad de la inversi\u00f3n en equipos.<\/p>\n<p data-start=\"7333\" data-end=\"7481\">Se encuentran disponibles informaci\u00f3n t\u00e9cnica adicional y orientaci\u00f3n sobre mantenimiento a trav\u00e9s del sitio web interno. <strong data-start=\"7423\" data-end=\"7472\"><a class=\"decorated-link cursor-pointer\" target=\"_new\" rel=\"noopener\" data-start=\"7425\" data-end=\"7470\">Recursos<\/a><\/strong> secci\u00f3n.<\/p>\n<hr data-start=\"7483\" data-end=\"7486\" \/>\n<h2 data-start=\"7488\" data-end=\"7542\">Socio de reparaci\u00f3n de centr\u00edfugas Alfa Laval en Houston, TX<\/h2>\n<p data-start=\"7544\" data-end=\"7868\">Las instalaciones de Houston dependen del rendimiento confiable de sus centr\u00edfugas para mantener su productividad y estabilidad operativa. El soporte de reparaci\u00f3n experto es esencial para minimizar riesgos y controlar los costos a largo plazo. Sentrimax ofrece servicios de reparaci\u00f3n de centr\u00edfugas Alfa Laval en Houston, Texas, con un enfoque en la calidad, la precisi\u00f3n y la confiabilidad a largo plazo.<\/p>\n<p data-start=\"7870\" data-end=\"8032\">Desde inspecciones detalladas hasta reparaciones de precisi\u00f3n y soporte continuo durante el ciclo de vida, Sentrimax brinda a los operadores confianza en sus sistemas de centr\u00edfugas Alfa Laval.<\/p>\n<hr data-start=\"8034\" data-end=\"8037\" \/>\n<h2 data-start=\"8039\" data-end=\"8060\">Da el siguiente paso<\/h2>\n<p data-start=\"8062\" data-end=\"8254\">Abordar los problemas de las centr\u00edfugas a tiempo ayuda a evitar costosos tiempos de inactividad e interrupciones en la producci\u00f3n. Sentrimax est\u00e1 listo para brindar soporte a las instalaciones de Houston con servicios expertos de reparaci\u00f3n de centr\u00edfugas Alfa Laval.<\/p>\n<p data-start=\"8256\" data-end=\"8310\"><strong data-start=\"8256\" data-end=\"8310\"><a class=\"decorated-link\" href=\"https:\/\/sentrimax.com\/es\/contact\/\" target=\"_new\" rel=\"noopener\" data-start=\"8258\" data-end=\"8308\">\u00a1Solicita una cotizaci\u00f3n!<\/a><\/strong><\/p>\n<p data-start=\"8312\" data-end=\"8338\">","protected":false},"excerpt":{"rendered":"<p>Industrial and municipal facilities in Houston, TX rely on high-performance centrifuge systems to support continuous processing, solids separation, and operational efficiency. Equipment manufactured by Alfa Laval is widely used across energy, chemical processing, food production, and wastewater treatment applications due to its precision engineering and reliability. When these centrifuges experience wear, imbalance, or mechanical failure, [&hellip;]<\/p>\n","protected":false},"author":3,"featured_media":0,"parent":0,"menu_order":0,"comment_status":"closed","ping_status":"closed","template":"seo-page-template.php","meta":{"_acf_changed":false,"inline_featured_image":false,"footnotes":""},"class_list":["post-2271","page","type-page","status-publish","hentry"],"acf":[],"_links":{"self":[{"href":"https:\/\/sentrimax.com\/es\/wp-json\/wp\/v2\/pages\/2271","targetHints":{"allow":["GET"]}}],"collection":[{"href":"https:\/\/sentrimax.com\/es\/wp-json\/wp\/v2\/pages"}],"about":[{"href":"https:\/\/sentrimax.com\/es\/wp-json\/wp\/v2\/types\/page"}],"author":[{"embeddable":true,"href":"https:\/\/sentrimax.com\/es\/wp-json\/wp\/v2\/users\/3"}],"replies":[{"embeddable":true,"href":"https:\/\/sentrimax.com\/es\/wp-json\/wp\/v2\/comments?post=2271"}],"version-history":[{"count":1,"href":"https:\/\/sentrimax.com\/es\/wp-json\/wp\/v2\/pages\/2271\/revisions"}],"predecessor-version":[{"id":2554,"href":"https:\/\/sentrimax.com\/es\/wp-json\/wp\/v2\/pages\/2271\/revisions\/2554"}],"wp:attachment":[{"href":"https:\/\/sentrimax.com\/es\/wp-json\/wp\/v2\/media?parent=2271"}],"curies":[{"name":"wp","href":"https:\/\/api.w.org\/{rel}","templated":true}]}}