{"id":2272,"date":"2026-01-07T15:04:21","date_gmt":"2026-01-07T15:04:21","guid":{"rendered":"https:\/\/sentrimax.com\/?page_id=2272"},"modified":"2026-04-21T21:16:01","modified_gmt":"2026-04-21T21:16:01","slug":"alfa-laval-decanter-centrifuge-service-in-chicago-il","status":"publish","type":"page","link":"https:\/\/sentrimax.com\/es\/alfa-laval-decanter-centrifuge-service-in-chicago-il\/","title":{"rendered":"Servicio de centr\u00edfugas decantadoras Alfa Laval en Chicago, Illinois"},"content":{"rendered":"<p data-start=\"756\" data-end=\"1486\"><img fetchpriority=\"high\" decoding=\"async\" class=\"aligncenter size-full wp-image-2032\" src=\"https:\/\/sentrimax.com\/wp-content\/uploads\/2025\/07\/imgi_28_blog-image-1024x463-1.jpg\" alt=\"\" width=\"1024\" height=\"463\" srcset=\"https:\/\/sentrimax.com\/wp-content\/uploads\/2025\/07\/imgi_28_blog-image-1024x463-1.jpg 1024w, https:\/\/sentrimax.com\/wp-content\/uploads\/2025\/07\/imgi_28_blog-image-1024x463-1-300x136.jpg 300w, https:\/\/sentrimax.com\/wp-content\/uploads\/2025\/07\/imgi_28_blog-image-1024x463-1-768x347.jpg 768w, https:\/\/sentrimax.com\/wp-content\/uploads\/2025\/07\/imgi_28_blog-image-1024x463-1-18x8.jpg 18w, https:\/\/sentrimax.com\/wp-content\/uploads\/2025\/07\/imgi_28_blog-image-1024x463-1-600x271.jpg 600w\" sizes=\"(max-width: 1024px) 100vw, 1024px\" \/><\/p>\n<p data-start=\"756\" data-end=\"1486\">Las instalaciones industriales y municipales de Chicago, Illinois, dependen de las centr\u00edfugas decantadoras para facilitar la separaci\u00f3n eficiente de s\u00f3lidos, cumplir con las normativas y mantener la continuidad de las operaciones de procesamiento. Equipos fabricados por <span class=\"hover:entity-accent entity-underline inline cursor-pointer align-baseline\"><span class=\"whitespace-normal\">Alfa Laval<\/span><\/span> Se utiliza ampliamente en aplicaciones de tratamiento de aguas residuales, procesamiento de alimentos, fabricaci\u00f3n de productos qu\u00edmicos y separaci\u00f3n industrial gracias a su durabilidad y rendimiento. Incluso con ingenier\u00eda avanzada, las centr\u00edfugas decantadoras requieren mantenimiento peri\u00f3dico y atenci\u00f3n experta para funcionar a su m\u00e1xima eficiencia. Sentrimax ofrece servicio profesional para centr\u00edfugas decantadoras Alfa Laval en Chicago, Illinois, ayudando a las instalaciones a mantener el rendimiento, la fiabilidad y la estabilidad operativa a largo plazo.<\/p>\n<p data-start=\"1488\" data-end=\"1837\">Con d\u00e9cadas de experiencia en el soporte de sistemas de centr\u00edfugas industriales en Norteam\u00e9rica, Sentrimax ofrece soluciones de servicio estructuradas, adaptadas espec\u00edficamente a los dise\u00f1os de centr\u00edfugas decantadoras Alfa Laval. Cada servicio se ejecuta mediante procesos de calidad documentados y un enfoque disciplinado y transparente, centrado en el tiempo de actividad y el rendimiento.<\/p>\n<hr data-start=\"1839\" data-end=\"1842\" \/>\n<h2 data-start=\"1844\" data-end=\"1903\">Apoyando las operaciones industriales y municipales de Chicago<\/h2>\n<p data-start=\"1905\" data-end=\"2353\">La infraestructura industrial y municipal de Chicago incluye plantas de tratamiento de aguas residuales a gran escala, plantas de fabricaci\u00f3n y operaciones de procesamiento que dependen del rendimiento confiable de las centr\u00edfugas decantadoras. Estos sistemas suelen operar de forma continua bajo cargas elevadas, materiales abrasivos y condiciones de alimentaci\u00f3n variables. Un servicio constante es esencial para mantener la eficiencia de la separaci\u00f3n, controlar los costos operativos y evitar interrupciones imprevistas.<\/p>\n<p data-start=\"2355\" data-end=\"2652\">Sentrimax colabora estrechamente con los operadores del \u00e1rea de Chicago para garantizar la fiabilidad de las centr\u00edfugas decantadoras Alfa Laval en condiciones exigentes. Gracias a un servicio proactivo, inspecciones detalladas y verificaci\u00f3n del rendimiento, las instalaciones obtienen un mayor control sobre el estado de los equipos y la planificaci\u00f3n del servicio.<\/p>\n<hr data-start=\"2654\" data-end=\"2657\" \/>\n<h2 data-start=\"2659\" data-end=\"2721\">Proceso de servicio con certificaci\u00f3n ISO dise\u00f1ado para equipos de precisi\u00f3n<\/h2>\n<p data-start=\"2723\" data-end=\"3026\">Sentrimax opera bajo un sistema de gesti\u00f3n de calidad con certificaci\u00f3n ISO 9001:2015, lo que garantiza que cada servicio de centr\u00edfugas decantadoras Alfa Laval siga un proceso estructurado y repetible. Este sistema prioriza la documentaci\u00f3n, la consistencia y la rendici\u00f3n de cuentas desde la recepci\u00f3n del equipo hasta las pruebas finales y la elaboraci\u00f3n de informes.<\/p>\n<p data-start=\"3028\" data-end=\"3506\">Cada intervenci\u00f3n de servicio comienza con una inspecci\u00f3n exhaustiva que puede incluir an\u00e1lisis de aceite, revisi\u00f3n de vibraciones, verificaci\u00f3n dimensional y evaluaci\u00f3n del estado de los componentes. Los hallazgos se documentan y comunican claramente para que los equipos de mantenimiento puedan tomar decisiones informadas sobre el alcance del servicio, la programaci\u00f3n y las estrategias de mantenimiento a largo plazo. Puede encontrar m\u00e1s informaci\u00f3n sobre esta metodolog\u00eda en el sitio web interno. <strong data-start=\"3447\" data-end=\"3500\"><a class=\"decorated-link\" href=\"https:\/\/sentrimax.com\/es\/our-process\/?utm_source=chatgpt.com\" target=\"_new\" rel=\"noopener\" data-start=\"3449\" data-end=\"3498\">Nuestro proceso<\/a><\/strong> p\u00e1gina.<\/p>\n<hr data-start=\"3508\" data-end=\"3511\" \/>\n<h2 data-start=\"3513\" data-end=\"3581\">Capacidades integrales de servicio para centr\u00edfugas decantadoras Alfa Laval<\/h2>\n<h3 data-start=\"3583\" data-end=\"3624\"><strong data-start=\"3587\" data-end=\"3624\">Inspecci\u00f3n y Servicio Preventivo<\/strong><\/h3>\n<p data-start=\"3625\" data-end=\"3937\">La inspecci\u00f3n rutinaria y el servicio preventivo ayudan a identificar problemas emergentes antes de que provoquen fallas en el equipo. Sentrimax ofrece programas de servicio programado que incluyen inspecciones, revisiones de lubricaci\u00f3n, evaluaciones de desgaste y verificaci\u00f3n del rendimiento para garantizar un funcionamiento confiable y reducir las paradas no planificadas.<\/p>\n<h3 data-start=\"3939\" data-end=\"3980\"><strong data-start=\"3943\" data-end=\"3980\">Servicios de reparaci\u00f3n y remodelaci\u00f3n<\/strong><\/h3>\n<p data-start=\"3981\" data-end=\"4306\">Cuando los componentes de las centr\u00edfugas decantadoras Alfa Laval presentan signos de desgaste o da\u00f1os, Sentrimax ofrece servicios de reparaci\u00f3n y reacondicionamiento de precisi\u00f3n. Estos servicios incluyen desmontaje, inspecci\u00f3n, mecanizado, soldadura, sustituci\u00f3n de componentes y reensamblaje con tolerancias estrictas, lo que ayuda a restaurar el equipo a su estado \u00f3ptimo de funcionamiento.<\/p>\n<h3 data-start=\"4308\" data-end=\"4362\"><strong data-start=\"4312\" data-end=\"4362\">Equilibrado din\u00e1mico y verificaci\u00f3n del rendimiento<\/strong><\/h3>\n<p data-start=\"4363\" data-end=\"4642\">El desequilibrio es una de las principales causas de vibraci\u00f3n, desgaste acelerado y reducci\u00f3n de la eficiencia de la centr\u00edfuga. Como parte del servicio de centr\u00edfugas decantadoras, Sentrimax realiza un equilibrado din\u00e1mico avanzado y una verificaci\u00f3n del rendimiento para garantizar un funcionamiento fluido y proteger los componentes rotatorios cr\u00edticos.<\/p>\n<p data-start=\"4644\" data-end=\"4766\">Una descripci\u00f3n completa de las capacidades del servicio est\u00e1 disponible en el sitio interno <strong data-start=\"4713\" data-end=\"4760\"><a class=\"decorated-link\" href=\"https:\/\/sentrimax.com\/es\/services\/?utm_source=chatgpt.com\" target=\"_new\" rel=\"noopener\" data-start=\"4715\" data-end=\"4758\">Servicios<\/a><\/strong> p\u00e1gina.<\/p>\n<hr data-start=\"4768\" data-end=\"4771\" \/>\n<h2 data-start=\"4773\" data-end=\"4838\">Soluciones de servicio personalizadas para centr\u00edfugas decantadoras Alfa Laval<\/h2>\n<p data-start=\"4840\" data-end=\"5228\">No hay dos instalaciones que operen en las mismas condiciones. Las caracter\u00edsticas de los lodos, las demandas de producci\u00f3n, los rangos de temperatura y los requisitos regulatorios var\u00edan considerablemente en las operaciones del \u00e1rea de Chicago. Sentrimax desarrolla soluciones de servicio personalizadas basadas en el modelo espec\u00edfico de centr\u00edfuga decantadora Alfa Laval, el entorno operativo y el historial de servicio, en lugar de aplicar programas de servicio gen\u00e9ricos.<\/p>\n<p data-start=\"5230\" data-end=\"5498\">Una documentaci\u00f3n clara y una comunicaci\u00f3n transparente permiten a los operadores planificar las actividades de servicio de forma proactiva, gestionar eficazmente los presupuestos y reducir las reparaciones de emergencia. Este enfoque personalizado favorece una mayor previsibilidad operativa y la fiabilidad a largo plazo de los equipos.<\/p>\n<hr data-start=\"5500\" data-end=\"5503\" \/>\n<h2 data-start=\"5505\" data-end=\"5550\">Minimizar el tiempo de inactividad en las instalaciones de Chicago<\/h2>\n<p data-start=\"5552\" data-end=\"5951\">Las paradas imprevistas de las centr\u00edfugas decantadoras pueden interrumpir los procesos de tratamiento, afectar los programas de producci\u00f3n y aumentar los costos operativos. Sentrimax prioriza la planificaci\u00f3n proactiva del servicio, los plazos de entrega eficientes y la programaci\u00f3n coordinada para garantizar el funcionamiento fiable de las centr\u00edfugas decantadoras Alfa Laval. La comunicaci\u00f3n \u00e1gil y el soporte t\u00e9cnico ayudan a minimizar las paradas cuando se requiere servicio.<\/p>\n<p data-start=\"5953\" data-end=\"6103\">Al combinar estrategias de servicio preventivo con ejecuci\u00f3n experta, Sentrimax respalda operaciones consistentes en todo Chicago y las regiones circundantes.<\/p>\n<hr data-start=\"6105\" data-end=\"6108\" \/>\n<h2 data-start=\"6110\" data-end=\"6160\">Cumplimiento, seguridad y mejores pr\u00e1cticas de la industria<\/h2>\n<p data-start=\"6162\" data-end=\"6802\">Las instalaciones que operan centr\u00edfugas decantadoras Alfa Laval deben garantizar que el rendimiento del equipo cumpla con las normativas ambientales y de seguridad. Orientaci\u00f3n de la <strong data-start=\"6317\" data-end=\"6448\"><a class=\"decorated-link cursor-pointer\" target=\"_new\" rel=\"noopener\" data-start=\"6319\" data-end=\"6446\">Agencia de Protecci\u00f3n Ambiental de EE. UU. \u2013 Descripci\u00f3n general del tratamiento de aguas residuales<\/a><\/strong> Se enfatiza la importancia de contar con equipos confiables para el manejo de s\u00f3lidos para mantener el cumplimiento normativo. Gu\u00eda del fabricante de <strong data-start=\"6567\" data-end=\"6697\"><a class=\"decorated-link\" href=\"https:\/\/www.alfalaval.com\/products\/separation\/centrifugal-separators\/decanters\/\" target=\"_new\" rel=\"noopener\" data-start=\"6569\" data-end=\"6695\">Alfa Laval \u2013 Tecnolog\u00eda de centr\u00edfugas decantadoras<\/a><\/strong> Tambi\u00e9n destaca el papel del servicio adecuado para mantener la eficiencia de la separaci\u00f3n y la longevidad del equipo.<\/p>\n<p data-start=\"6804\" data-end=\"7024\">Las soluciones de servicio Sentrimax respaldan estas mejores pr\u00e1cticas al ayudar a las instalaciones a mantener el rendimiento de las centr\u00edfugas decantadoras Alfa Laval dentro de las especificaciones de dise\u00f1o, lo que reduce el riesgo ambiental y respalda operaciones seguras.<\/p>\n<hr data-start=\"7026\" data-end=\"7029\" \/>\n<h2 data-start=\"7031\" data-end=\"7074\">Soporte del ciclo de vida m\u00e1s all\u00e1 del servicio de rutina<\/h2>\n<p data-start=\"7076\" data-end=\"7475\">Un servicio eficaz para las centr\u00edfugas decantadoras Alfa Laval es m\u00e1s valioso cuando se integra en una estrategia m\u00e1s amplia de ciclo de vida. Sentrimax ofrece soporte continuo que incluye monitoreo del estado, documentaci\u00f3n de servicio y recomendaciones para la planificaci\u00f3n del mantenimiento a largo plazo. Este enfoque centrado en el ciclo de vida ayuda a las instalaciones a optimizar los intervalos de servicio, controlar los costos y maximizar la rentabilidad de la inversi\u00f3n en equipos.<\/p>\n<p data-start=\"7477\" data-end=\"7625\">Se encuentran disponibles informaci\u00f3n t\u00e9cnica adicional y orientaci\u00f3n sobre mantenimiento a trav\u00e9s del sitio web interno. <strong data-start=\"7567\" data-end=\"7616\"><a class=\"decorated-link cursor-pointer\" target=\"_new\" rel=\"noopener\" data-start=\"7569\" data-end=\"7614\">Recursos<\/a><\/strong> secci\u00f3n.<\/p>\n<hr data-start=\"7627\" data-end=\"7630\" \/>\n<h2 data-start=\"7632\" data-end=\"7696\">Socio de servicio de centr\u00edfugas decantadoras Alfa Laval para Chicago, Illinois<\/h2>\n<p data-start=\"7698\" data-end=\"8061\">Las instalaciones de Chicago dependen del rendimiento confiable de sus centr\u00edfugas decantadoras para mantener la productividad, el cumplimiento normativo y la estabilidad operativa. Un servicio profesional es esencial para minimizar riesgos y controlar los costos a largo plazo. Sentrimax ofrece servicio para centr\u00edfugas decantadoras Alfa Laval en Chicago, Illinois, con \u00e9nfasis en la calidad, la precisi\u00f3n y la confiabilidad a largo plazo.<\/p>\n<p data-start=\"8063\" data-end=\"8246\">Desde inspecciones de rutina hasta programas de servicio integrales y soporte continuo durante el ciclo de vida, Sentrimax brinda a los operadores confianza en sus sistemas de centr\u00edfugas decantadoras Alfa Laval.<\/p>\n<hr data-start=\"8248\" data-end=\"8251\" \/>\n<h2 data-start=\"8253\" data-end=\"8274\">Da el siguiente paso<\/h2>\n<p data-start=\"8276\" data-end=\"8489\">El servicio proactivo de centr\u00edfugas decantadoras ayuda a prevenir costosos tiempos de inactividad y fallos inesperados en los equipos. Sentrimax est\u00e1 listo para apoyar las instalaciones de Chicago con soluciones expertas de servicio para centr\u00edfugas decantadoras Alfa Laval.<\/p>\n<p data-start=\"8491\" data-end=\"8545\"><strong data-start=\"8491\" data-end=\"8545\"><a class=\"decorated-link\" href=\"https:\/\/sentrimax.com\/es\/contact\/\" target=\"_new\" rel=\"noopener\" data-start=\"8493\" data-end=\"8543\">\u00a1Solicita una cotizaci\u00f3n!<\/a><\/strong><\/p>","protected":false},"excerpt":{"rendered":"<p>Industrial and municipal facilities in Chicago, IL rely on decanter centrifuges to support efficient solids separation, maintain regulatory compliance, and sustain continuous processing operations. Equipment manufactured by Alfa Laval is widely used across wastewater treatment, food processing, chemical manufacturing, and industrial separation applications due to its durability and performance. Even with advanced engineering, decanter centrifuges [&hellip;]<\/p>\n","protected":false},"author":3,"featured_media":0,"parent":0,"menu_order":0,"comment_status":"closed","ping_status":"closed","template":"seo-page-template.php","meta":{"_acf_changed":false,"inline_featured_image":false,"footnotes":""},"class_list":["post-2272","page","type-page","status-publish","hentry"],"acf":[],"_links":{"self":[{"href":"https:\/\/sentrimax.com\/es\/wp-json\/wp\/v2\/pages\/2272","targetHints":{"allow":["GET"]}}],"collection":[{"href":"https:\/\/sentrimax.com\/es\/wp-json\/wp\/v2\/pages"}],"about":[{"href":"https:\/\/sentrimax.com\/es\/wp-json\/wp\/v2\/types\/page"}],"author":[{"embeddable":true,"href":"https:\/\/sentrimax.com\/es\/wp-json\/wp\/v2\/users\/3"}],"replies":[{"embeddable":true,"href":"https:\/\/sentrimax.com\/es\/wp-json\/wp\/v2\/comments?post=2272"}],"version-history":[{"count":1,"href":"https:\/\/sentrimax.com\/es\/wp-json\/wp\/v2\/pages\/2272\/revisions"}],"predecessor-version":[{"id":2553,"href":"https:\/\/sentrimax.com\/es\/wp-json\/wp\/v2\/pages\/2272\/revisions\/2553"}],"wp:attachment":[{"href":"https:\/\/sentrimax.com\/es\/wp-json\/wp\/v2\/media?parent=2272"}],"curies":[{"name":"wp","href":"https:\/\/api.w.org\/{rel}","templated":true}]}}