{"id":2274,"date":"2026-01-07T15:10:14","date_gmt":"2026-01-07T15:10:14","guid":{"rendered":"https:\/\/sentrimax.com\/?page_id=2274"},"modified":"2026-04-21T21:16:00","modified_gmt":"2026-04-21T21:16:00","slug":"alfa-laval-centrifuge-repair-in-los-angeles-ca","status":"publish","type":"page","link":"https:\/\/sentrimax.com\/es\/alfa-laval-centrifuge-repair-in-los-angeles-ca\/","title":{"rendered":"Reparaci\u00f3n de centr\u00edfugas Alfa Laval en Los \u00c1ngeles, CA"},"content":{"rendered":"<p data-start=\"739\" data-end=\"1452\"><img fetchpriority=\"high\" decoding=\"async\" class=\"aligncenter size-full wp-image-1619\" src=\"https:\/\/sentrimax.com\/wp-content\/uploads\/2025\/07\/Pulp-Paper-1.png\" alt=\"\" width=\"1536\" height=\"1024\" srcset=\"https:\/\/sentrimax.com\/wp-content\/uploads\/2025\/07\/Pulp-Paper-1.png 1536w, https:\/\/sentrimax.com\/wp-content\/uploads\/2025\/07\/Pulp-Paper-1-300x200.png 300w, https:\/\/sentrimax.com\/wp-content\/uploads\/2025\/07\/Pulp-Paper-1-1024x683.png 1024w, https:\/\/sentrimax.com\/wp-content\/uploads\/2025\/07\/Pulp-Paper-1-768x512.png 768w, https:\/\/sentrimax.com\/wp-content\/uploads\/2025\/07\/Pulp-Paper-1-600x400.png 600w\" sizes=\"(max-width: 1536px) 100vw, 1536px\" \/><\/p>\n<p data-start=\"739\" data-end=\"1452\">Las instalaciones industriales y municipales de Los \u00c1ngeles, California, dependen de sistemas de centr\u00edfugas de alto rendimiento para respaldar el procesamiento continuo, la separaci\u00f3n de s\u00f3lidos y el cumplimiento normativo. Equipos fabricados por <span class=\"hover:entity-accent entity-underline inline cursor-pointer align-baseline\"><span class=\"whitespace-normal\">Alfa Laval<\/span><\/span> Se utiliza ampliamente en el tratamiento de aguas residuales, el procesamiento de alimentos y bebidas, la fabricaci\u00f3n de productos qu\u00edmicos y la separaci\u00f3n industrial gracias a su durabilidad y precisi\u00f3n de ingenier\u00eda. Incluso los sistemas de centr\u00edfuga m\u00e1s avanzados requieren una reparaci\u00f3n experta para mantener un rendimiento \u00f3ptimo a largo plazo. Sentrimax ofrece reparaci\u00f3n profesional de centr\u00edfugas Alfa Laval en Los \u00c1ngeles, California, ayudando a las instalaciones a restaurar la fiabilidad y prolongar la vida \u00fatil de equipos cr\u00edticos.<\/p>\n<p data-start=\"1454\" data-end=\"1815\">Con d\u00e9cadas de experiencia en el soporte de sistemas de centr\u00edfugas industriales en Norteam\u00e9rica, Sentrimax ofrece soluciones de reparaci\u00f3n de precisi\u00f3n adaptadas espec\u00edficamente a los dise\u00f1os de centr\u00edfugas Alfa Laval. Cada reparaci\u00f3n se realiza siguiendo procesos de calidad documentados y un enfoque disciplinado y transparente, centrado en el rendimiento, la seguridad y la estabilidad operativa a largo plazo.<\/p>\n<hr data-start=\"1817\" data-end=\"1820\" \/>\n<h2 data-start=\"1822\" data-end=\"1883\">Apoyo a las operaciones de procesamiento y tratamiento de Los \u00c1ngeles<\/h2>\n<p data-start=\"1885\" data-end=\"2300\">Los \u00c1ngeles alberga una de las infraestructuras industriales y municipales m\u00e1s diversas de Estados Unidos. Las instalaciones de la regi\u00f3n operan centr\u00edfugas en condiciones exigentes, como alto rendimiento, materiales abrasivos y ciclos de trabajo prolongados. Las centr\u00edfugas Alfa Laval est\u00e1n dise\u00f1adas para estos entornos, pero un rendimiento constante depende de una reparaci\u00f3n oportuna y experta cuando surgen problemas de desgaste o mec\u00e1nicos.<\/p>\n<p data-start=\"2302\" data-end=\"2586\">Sentrimax colabora estrechamente con los operadores del \u00e1rea de Los \u00c1ngeles para garantizar que los sistemas de centr\u00edfugas Alfa Laval sigan funcionando de forma fiable. Mediante inspecciones detalladas y servicios de reparaci\u00f3n espec\u00edficos, las instalaciones obtienen un mayor control sobre la planificaci\u00f3n del mantenimiento, el rendimiento de los activos y el riesgo operativo.<\/p>\n<hr data-start=\"2588\" data-end=\"2591\" \/>\n<h2 data-start=\"2593\" data-end=\"2654\">Proceso de reparaci\u00f3n con certificaci\u00f3n ISO dise\u00f1ado para equipos de precisi\u00f3n<\/h2>\n<p data-start=\"2656\" data-end=\"2949\">Sentrimax opera bajo un sistema de gesti\u00f3n de calidad con certificaci\u00f3n ISO 9001:2015, lo que garantiza que cada reparaci\u00f3n de centr\u00edfugas Alfa Laval siga un proceso estructurado y repetible. Este sistema prioriza la documentaci\u00f3n, la consistencia y la rendici\u00f3n de cuentas desde la recepci\u00f3n del equipo hasta las pruebas finales y la elaboraci\u00f3n de informes.<\/p>\n<p data-start=\"2951\" data-end=\"3376\">Cada reparaci\u00f3n comienza con una inspecci\u00f3n exhaustiva que puede incluir an\u00e1lisis de aceite, verificaci\u00f3n dimensional y evaluaci\u00f3n del estado de los componentes. Los hallazgos se documentan y comunican claramente para que los equipos de mantenimiento puedan evaluar el alcance de la reparaci\u00f3n, los plazos y las consideraciones de mantenimiento a largo plazo. Puede encontrar m\u00e1s informaci\u00f3n sobre esta metodolog\u00eda en el sitio web interno. <strong data-start=\"3317\" data-end=\"3370\"><a class=\"decorated-link\" href=\"https:\/\/sentrimax.com\/es\/our-process\/?utm_source=chatgpt.com\" target=\"_new\" rel=\"noopener\" data-start=\"3319\" data-end=\"3368\">Nuestro proceso<\/a><\/strong> p\u00e1gina.<\/p>\n<hr data-start=\"3378\" data-end=\"3381\" \/>\n<h2 data-start=\"3383\" data-end=\"3437\">Servicios integrales de reparaci\u00f3n de centr\u00edfugas Alfa Laval<\/h2>\n<h3 data-start=\"3439\" data-end=\"3475\"><strong data-start=\"3443\" data-end=\"3475\">Reparaci\u00f3n y revisi\u00f3n completa<\/strong><\/h3>\n<p data-start=\"3476\" data-end=\"3877\">Sentrimax ofrece servicios completos de reparaci\u00f3n y revisi\u00f3n de centr\u00edfugas Alfa Laval para restaurar el equipo a su estado \u00f3ptimo de funcionamiento. Los servicios incluyen desmontaje completo, inspecci\u00f3n de componentes de desgaste, mecanizado de precisi\u00f3n, soldadura, sustituci\u00f3n de rodamientos, instalaci\u00f3n de sellos y un reensamblaje cuidadoso con tolerancias ajustadas. Estas reparaciones ayudan a las instalaciones a prolongar la vida \u00fatil del equipo y retrasar la costosa sustituci\u00f3n de capital.<\/p>\n<h3 data-start=\"3879\" data-end=\"3914\"><strong data-start=\"3883\" data-end=\"3914\">Equilibrado din\u00e1mico de precisi\u00f3n<\/strong><\/h3>\n<p data-start=\"3915\" data-end=\"4293\">El desequilibrio es una de las principales causas de vibraci\u00f3n, desgaste acelerado y fallos mec\u00e1nicos prematuros en los sistemas centr\u00edfugos. Sentrimax realiza un equilibrado din\u00e1mico avanzado en tres planos seg\u00fan la norma ISO G 0.5, lo que reduce significativamente la vibraci\u00f3n y mejora la estabilidad operativa. Un equilibrado adecuado protege los rodamientos, las cajas de engranajes y los conjuntos rotativos, a la vez que mejora la fiabilidad a largo plazo.<\/p>\n<h3 data-start=\"4295\" data-end=\"4339\"><strong data-start=\"4299\" data-end=\"4339\">Reparaci\u00f3n de cajas de cambios y conjuntos giratorios<\/strong><\/h3>\n<p data-start=\"4340\" data-end=\"4676\">Las cajas de engranajes y los componentes rotativos de las centr\u00edfugas Alfa Laval operan en condiciones de proceso exigentes y de alto par. Sentrimax ofrece servicios detallados de inspecci\u00f3n, reconstrucci\u00f3n y reparaci\u00f3n mec\u00e1nica de cajas de engranajes para restaurar el rendimiento y la eficiencia. Estos servicios ayudan a prevenir fallos inesperados y a mantener la consistencia de las operaciones de procesamiento.<\/p>\n<p data-start=\"4678\" data-end=\"4799\">Una descripci\u00f3n completa de las capacidades de reparaci\u00f3n est\u00e1 disponible en el interior <strong data-start=\"4746\" data-end=\"4793\"><a class=\"decorated-link\" href=\"https:\/\/sentrimax.com\/es\/services\/?utm_source=chatgpt.com\" target=\"_new\" rel=\"noopener\" data-start=\"4748\" data-end=\"4791\">Servicios<\/a><\/strong> p\u00e1gina.<\/p>\n<hr data-start=\"4801\" data-end=\"4804\" \/>\n<h2 data-start=\"4806\" data-end=\"4859\">Soluciones de reparaci\u00f3n personalizadas para equipos Alfa Laval<\/h2>\n<p data-start=\"4861\" data-end=\"5241\">No hay dos instalaciones que operen en las mismas condiciones. Las caracter\u00edsticas de la alimentaci\u00f3n, las demandas de producci\u00f3n, los rangos de temperatura y los requisitos regulatorios var\u00edan considerablemente entre las operaciones del \u00e1rea de Los \u00c1ngeles. Sentrimax desarrolla soluciones de reparaci\u00f3n personalizadas seg\u00fan el modelo espec\u00edfico de centr\u00edfuga Alfa Laval, el entorno operativo y el historial de servicio, en lugar de aplicar m\u00e9todos de reparaci\u00f3n gen\u00e9ricos.<\/p>\n<p data-start=\"5243\" data-end=\"5521\">Una documentaci\u00f3n clara y una comunicaci\u00f3n transparente permiten a los operadores planificar las actividades de reparaci\u00f3n de forma proactiva, gestionar los presupuestos eficazmente y reducir las emergencias de mantenimiento. Este enfoque personalizado favorece una mayor previsibilidad operativa y la fiabilidad a largo plazo de los equipos.<\/p>\n<hr data-start=\"5523\" data-end=\"5526\" \/>\n<h2 data-start=\"5528\" data-end=\"5577\">Minimizar el tiempo de inactividad en las instalaciones de Los \u00c1ngeles<\/h2>\n<p data-start=\"5579\" data-end=\"5955\">Las paradas no planificadas de las centr\u00edfugas pueden interrumpir los procesos de tratamiento, afectar los programas de producci\u00f3n y aumentar los costos operativos. Sentrimax prioriza la eficiencia en los tiempos de respuesta y la coordinaci\u00f3n de la programaci\u00f3n para que las centr\u00edfugas Alfa Laval vuelvan a funcionar lo antes posible. La comunicaci\u00f3n eficiente y el soporte t\u00e9cnico ayudan a minimizar las paradas durante reparaciones urgentes.<\/p>\n<p data-start=\"5957\" data-end=\"6117\">Al combinar la planificaci\u00f3n proactiva del mantenimiento con la ejecuci\u00f3n experta de reparaciones, Sentrimax respalda operaciones confiables en todo Los \u00c1ngeles y las regiones circundantes.<\/p>\n<hr data-start=\"6119\" data-end=\"6122\" \/>\n<h2 data-start=\"6124\" data-end=\"6174\">Cumplimiento, seguridad y mejores pr\u00e1cticas de la industria<\/h2>\n<p data-start=\"6176\" data-end=\"6797\">Las instalaciones que operan centr\u00edfugas Alfa Laval deben garantizar que el rendimiento del equipo cumpla con las normativas ambientales y de seguridad. Orientaci\u00f3n de la <strong data-start=\"6322\" data-end=\"6448\"><a class=\"decorated-link\" href=\"https:\/\/www.epa.gov\/npdes\/industrial-wastewater\" target=\"_new\" rel=\"noopener\" data-start=\"6324\" data-end=\"6446\">Agencia de Protecci\u00f3n Ambiental de los Estados Unidos \u2013 Gesti\u00f3n de aguas residuales industriales<\/a><\/strong> Se enfatiza la importancia de contar con equipos confiables de separaci\u00f3n de s\u00f3lidos para mantener el cumplimiento normativo. Gu\u00eda del fabricante de <strong data-start=\"6569\" data-end=\"6680\"><a class=\"decorated-link cursor-pointer\" target=\"_new\" rel=\"noopener\" data-start=\"6571\" data-end=\"6678\">Alfa Laval \u2013 Tecnolog\u00eda de centr\u00edfugas<\/a><\/strong> Destaca la importancia de una reparaci\u00f3n y un mantenimiento adecuados para preservar la eficiencia de separaci\u00f3n y la seguridad del equipo.<\/p>\n<p data-start=\"6799\" data-end=\"7008\">Los servicios de reparaci\u00f3n de Sentrimax respaldan estas mejores pr\u00e1cticas al garantizar que los sistemas de centr\u00edfugas Alfa Laval funcionen dentro de las especificaciones de dise\u00f1o, lo que ayuda a las instalaciones a reducir el riesgo ambiental y mantener operaciones seguras.<\/p>\n<hr data-start=\"7010\" data-end=\"7013\" \/>\n<h2 data-start=\"7015\" data-end=\"7049\">Soporte al ciclo de vida m\u00e1s all\u00e1 de la reparaci\u00f3n<\/h2>\n<p data-start=\"7051\" data-end=\"7444\">La reparaci\u00f3n eficaz de centr\u00edfugas Alfa Laval es m\u00e1s valiosa cuando se integra en una estrategia m\u00e1s amplia de ciclo de vida. Sentrimax ofrece soporte continuo que incluye monitoreo de condici\u00f3n, documentaci\u00f3n de rendimiento y recomendaciones para la planificaci\u00f3n del mantenimiento a largo plazo. Este enfoque centrado en el ciclo de vida ayuda a las instalaciones a optimizar los intervalos de servicio, controlar los costos y maximizar la rentabilidad de la inversi\u00f3n en equipos.<\/p>\n<p data-start=\"7446\" data-end=\"7594\">Se encuentran disponibles informaci\u00f3n t\u00e9cnica adicional y orientaci\u00f3n sobre mantenimiento a trav\u00e9s del sitio web interno. <strong data-start=\"7536\" data-end=\"7585\"><a class=\"decorated-link cursor-pointer\" target=\"_new\" rel=\"noopener\" data-start=\"7538\" data-end=\"7583\">Recursos<\/a><\/strong> secci\u00f3n.<\/p>\n<hr data-start=\"7596\" data-end=\"7599\" \/>\n<h2 data-start=\"7601\" data-end=\"7659\">Socio de reparaci\u00f3n de centr\u00edfugas Alfa Laval en Los \u00c1ngeles, California<\/h2>\n<p data-start=\"7661\" data-end=\"8006\">Las instalaciones de Los \u00c1ngeles dependen del rendimiento confiable de sus centr\u00edfugas para mantener la productividad, el cumplimiento normativo y la estabilidad operativa. El soporte de reparaci\u00f3n experto es esencial para minimizar el riesgo y controlar los costos a largo plazo. Sentrimax ofrece servicios de reparaci\u00f3n de centr\u00edfugas Alfa Laval en Los \u00c1ngeles, California, con un enfoque en la calidad, la precisi\u00f3n y la confiabilidad a largo plazo.<\/p>\n<p data-start=\"8008\" data-end=\"8170\">Desde inspecciones detalladas hasta reparaciones de precisi\u00f3n y soporte continuo durante el ciclo de vida, Sentrimax brinda a los operadores confianza en sus sistemas de centr\u00edfugas Alfa Laval.<\/p>\n<hr data-start=\"8172\" data-end=\"8175\" \/>\n<h2 data-start=\"8177\" data-end=\"8198\">Da el siguiente paso<\/h2>\n<p data-start=\"8200\" data-end=\"8403\">Abordar los problemas de las centr\u00edfugas a tiempo ayuda a evitar costosos tiempos de inactividad y fallos inesperados del equipo. Sentrimax est\u00e1 listo para brindar soporte a las instalaciones de Los \u00c1ngeles con servicios expertos de reparaci\u00f3n de centr\u00edfugas Alfa Laval.<\/p>\n<p data-start=\"8405\" data-end=\"8459\"><strong data-start=\"8405\" data-end=\"8459\"><a class=\"decorated-link\" href=\"https:\/\/sentrimax.com\/es\/contact\/\" target=\"_new\" rel=\"noopener\" data-start=\"8407\" data-end=\"8457\">\u00a1Solicita una cotizaci\u00f3n!<\/a><\/strong><\/p>","protected":false},"excerpt":{"rendered":"<p>Industrial and municipal facilities throughout Los Angeles, CA rely on high-performance centrifuge systems to support continuous processing, solids separation, and regulatory compliance. Equipment manufactured by Alfa Laval is widely used across wastewater treatment, food and beverage processing, chemical manufacturing, and industrial separation applications due to its durability and engineering precision. Even the most advanced centrifuge [&hellip;]<\/p>\n","protected":false},"author":3,"featured_media":0,"parent":0,"menu_order":0,"comment_status":"closed","ping_status":"closed","template":"seo-page-template.php","meta":{"_acf_changed":false,"inline_featured_image":false,"footnotes":""},"class_list":["post-2274","page","type-page","status-publish","hentry"],"acf":[],"_links":{"self":[{"href":"https:\/\/sentrimax.com\/es\/wp-json\/wp\/v2\/pages\/2274","targetHints":{"allow":["GET"]}}],"collection":[{"href":"https:\/\/sentrimax.com\/es\/wp-json\/wp\/v2\/pages"}],"about":[{"href":"https:\/\/sentrimax.com\/es\/wp-json\/wp\/v2\/types\/page"}],"author":[{"embeddable":true,"href":"https:\/\/sentrimax.com\/es\/wp-json\/wp\/v2\/users\/3"}],"replies":[{"embeddable":true,"href":"https:\/\/sentrimax.com\/es\/wp-json\/wp\/v2\/comments?post=2274"}],"version-history":[{"count":1,"href":"https:\/\/sentrimax.com\/es\/wp-json\/wp\/v2\/pages\/2274\/revisions"}],"predecessor-version":[{"id":2551,"href":"https:\/\/sentrimax.com\/es\/wp-json\/wp\/v2\/pages\/2274\/revisions\/2551"}],"wp:attachment":[{"href":"https:\/\/sentrimax.com\/es\/wp-json\/wp\/v2\/media?parent=2274"}],"curies":[{"name":"wp","href":"https:\/\/api.w.org\/{rel}","templated":true}]}}