{"id":2275,"date":"2026-01-07T15:13:08","date_gmt":"2026-01-07T15:13:08","guid":{"rendered":"https:\/\/sentrimax.com\/?page_id=2275"},"modified":"2026-04-21T21:16:00","modified_gmt":"2026-04-21T21:16:00","slug":"alfa-laval-wastewater-centrifuge-service-in-dallas-tx","status":"publish","type":"page","link":"https:\/\/sentrimax.com\/es\/alfa-laval-wastewater-centrifuge-service-in-dallas-tx\/","title":{"rendered":"Servicio de centr\u00edfugas de aguas residuales Alfa Laval en Dallas, TX"},"content":{"rendered":"<p data-start=\"766\" data-end=\"1464\"><img fetchpriority=\"high\" decoding=\"async\" class=\"aligncenter size-full wp-image-1618\" src=\"https:\/\/sentrimax.com\/wp-content\/uploads\/2025\/07\/Pharmaceuticals.png\" alt=\"\" width=\"1536\" height=\"1024\" srcset=\"https:\/\/sentrimax.com\/wp-content\/uploads\/2025\/07\/Pharmaceuticals.png 1536w, https:\/\/sentrimax.com\/wp-content\/uploads\/2025\/07\/Pharmaceuticals-300x200.png 300w, https:\/\/sentrimax.com\/wp-content\/uploads\/2025\/07\/Pharmaceuticals-1024x683.png 1024w, https:\/\/sentrimax.com\/wp-content\/uploads\/2025\/07\/Pharmaceuticals-768x512.png 768w, https:\/\/sentrimax.com\/wp-content\/uploads\/2025\/07\/Pharmaceuticals-600x400.png 600w\" sizes=\"(max-width: 1536px) 100vw, 1536px\" \/><\/p>\n<p data-start=\"766\" data-end=\"1464\">Las plantas de tratamiento de aguas residuales municipales e industriales en Dallas, Texas, utilizan sistemas centr\u00edfugos de alto rendimiento para gestionar los bios\u00f3lidos, cumplir con los requisitos regulatorios y mantener operaciones de tratamiento continuas. Equipos fabricados por <span class=\"hover:entity-accent entity-underline inline cursor-pointer align-baseline\"><span class=\"whitespace-normal\">Alfa Laval<\/span><\/span> Se utiliza ampliamente en aplicaciones de aguas residuales gracias a su eficiencia, durabilidad y tecnolog\u00eda de separaci\u00f3n avanzada. Incluso con una ingenier\u00eda probada, las centr\u00edfugas de aguas residuales requieren mantenimiento peri\u00f3dico y atenci\u00f3n experta para funcionar al m\u00e1ximo rendimiento. Sentrimax ofrece servicio profesional de centr\u00edfugas de aguas residuales Alfa Laval en Dallas, Texas, ayudando a las instalaciones a mantener la fiabilidad, prolongar la vida \u00fatil de los equipos y reducir el riesgo operativo.<\/p>\n<p data-start=\"1466\" data-end=\"1819\">Con d\u00e9cadas de experiencia en el soporte de sistemas centr\u00edfugos de aguas residuales en Norteam\u00e9rica, Sentrimax ofrece soluciones de servicio estructuradas, adaptadas espec\u00edficamente a los dise\u00f1os de Alfa Laval. Cada servicio se realiza mediante procesos de calidad documentados y un enfoque disciplinado y transparente, centrado en el tiempo de funcionamiento, el cumplimiento normativo y el rendimiento a largo plazo.<\/p>\n<hr data-start=\"1821\" data-end=\"1824\" \/>\n<h2 data-start=\"1826\" data-end=\"1878\">Apoyo a las operaciones de tratamiento de aguas residuales de Dallas<\/h2>\n<p data-start=\"1880\" data-end=\"2287\">Dallas opera una infraestructura de aguas residuales extensa y compleja que atiende a usuarios residenciales, comerciales e industriales. Las plantas de tratamiento deben gestionar caracter\u00edsticas variables de afluentes, cargas de s\u00f3lidos fluctuantes y estrictas normativas ambientales. Las centr\u00edfugas de aguas residuales Alfa Laval desempe\u00f1an un papel fundamental en la deshidrataci\u00f3n de lodos y la separaci\u00f3n de s\u00f3lidos, lo que repercute directamente en la eficiencia del tratamiento y los costos de eliminaci\u00f3n.<\/p>\n<p data-start=\"2289\" data-end=\"2591\">Sentrimax colabora estrechamente con los operadores de aguas residuales del \u00e1rea de Dallas para garantizar el funcionamiento fiable de los sistemas centr\u00edfugos Alfa Laval en condiciones de uso continuo. Gracias a un servicio proactivo, inspecciones detalladas y verificaci\u00f3n del rendimiento, las instalaciones obtienen un mayor control sobre el estado de los equipos y la planificaci\u00f3n del mantenimiento.<\/p>\n<hr data-start=\"2593\" data-end=\"2596\" \/>\n<h2 data-start=\"2598\" data-end=\"2660\">Proceso de servicio con certificaci\u00f3n ISO dise\u00f1ado para equipos de precisi\u00f3n<\/h2>\n<p data-start=\"2662\" data-end=\"2967\">Sentrimax opera bajo un sistema de gesti\u00f3n de calidad con certificaci\u00f3n ISO 9001:2015, lo que garantiza que cada servicio de centr\u00edfugas de aguas residuales de Alfa Laval siga un proceso estructurado y repetible. Este sistema prioriza la documentaci\u00f3n, la consistencia y la rendici\u00f3n de cuentas desde la recepci\u00f3n del equipo hasta las pruebas finales y la elaboraci\u00f3n de informes.<\/p>\n<p data-start=\"2969\" data-end=\"3439\">Cada servicio comienza con una inspecci\u00f3n exhaustiva que puede incluir an\u00e1lisis de aceite, revisi\u00f3n de vibraciones, verificaci\u00f3n dimensional y evaluaci\u00f3n del estado de los componentes. Los hallazgos se documentan y comunican claramente para que los operadores puedan tomar decisiones informadas sobre el alcance del servicio, la programaci\u00f3n y las estrategias de mantenimiento a largo plazo. Puede encontrar m\u00e1s informaci\u00f3n sobre esta metodolog\u00eda en el sitio web interno. <strong data-start=\"3380\" data-end=\"3433\"><a class=\"decorated-link\" href=\"https:\/\/sentrimax.com\/es\/our-process\/?utm_source=chatgpt.com\" target=\"_new\" rel=\"noopener\" data-start=\"3382\" data-end=\"3431\">Nuestro proceso<\/a><\/strong> p\u00e1gina.<\/p>\n<hr data-start=\"3441\" data-end=\"3444\" \/>\n<h2 data-start=\"3446\" data-end=\"3504\">Servicios integrales de centr\u00edfugas de aguas residuales Alfa Laval<\/h2>\n<h3 data-start=\"3506\" data-end=\"3547\"><strong data-start=\"3510\" data-end=\"3547\">Inspecci\u00f3n y Servicio Preventivo<\/strong><\/h3>\n<p data-start=\"3548\" data-end=\"3860\">La inspecci\u00f3n rutinaria y el servicio preventivo ayudan a identificar problemas emergentes antes de que provoquen fallas en el equipo. Sentrimax ofrece programas de servicio programado que incluyen inspecciones, revisiones de lubricaci\u00f3n, evaluaciones de desgaste y verificaci\u00f3n del rendimiento para garantizar un funcionamiento confiable y reducir las paradas no planificadas.<\/p>\n<h3 data-start=\"3862\" data-end=\"3903\"><strong data-start=\"3866\" data-end=\"3903\">Servicios de reparaci\u00f3n y remodelaci\u00f3n<\/strong><\/h3>\n<p data-start=\"3904\" data-end=\"4231\">Cuando los componentes de las centr\u00edfugas de aguas residuales Alfa Laval presentan signos de desgaste o da\u00f1os, Sentrimax ofrece servicios de reparaci\u00f3n y reacondicionamiento de precisi\u00f3n. Estos servicios incluyen desmontaje, inspecci\u00f3n, mecanizado, soldadura, sustituci\u00f3n de componentes y reensamblaje con tolerancias estrictas, lo que ayuda a restaurar el equipo a su estado \u00f3ptimo de funcionamiento.<\/p>\n<h3 data-start=\"4233\" data-end=\"4287\"><strong data-start=\"4237\" data-end=\"4287\">Equilibrado din\u00e1mico y verificaci\u00f3n del rendimiento<\/strong><\/h3>\n<p data-start=\"4288\" data-end=\"4569\">El desequilibrio es una de las principales causas de vibraci\u00f3n, desgaste acelerado y reducci\u00f3n de la eficiencia de la centr\u00edfuga. Como parte del servicio de centr\u00edfugas para aguas residuales, Sentrimax realiza un equilibrado din\u00e1mico avanzado y una verificaci\u00f3n del rendimiento para garantizar un funcionamiento fluido y proteger los componentes rotatorios cr\u00edticos.<\/p>\n<p data-start=\"4571\" data-end=\"4693\">Una descripci\u00f3n completa de las capacidades del servicio est\u00e1 disponible en el sitio interno <strong data-start=\"4640\" data-end=\"4687\"><a class=\"decorated-link\" href=\"https:\/\/sentrimax.com\/es\/services\/?utm_source=chatgpt.com\" target=\"_new\" rel=\"noopener\" data-start=\"4642\" data-end=\"4685\">Servicios<\/a><\/strong> p\u00e1gina.<\/p>\n<hr data-start=\"4695\" data-end=\"4698\" \/>\n<h2 data-start=\"4700\" data-end=\"4765\">Soluciones de servicio personalizadas para equipos de aguas residuales de Alfa Laval<\/h2>\n<p data-start=\"4767\" data-end=\"5166\">No hay dos plantas de tratamiento de aguas residuales que operen en las mismas condiciones. Las caracter\u00edsticas de los lodos, las demandas de rendimiento, los rangos de temperatura y los requisitos regulatorios var\u00edan considerablemente entre las operaciones del \u00e1rea de Dallas. Sentrimax desarrolla soluciones de servicio personalizadas basadas en el modelo espec\u00edfico de centr\u00edfuga Alfa Laval, el entorno operativo y el historial de servicio, en lugar de aplicar programas de servicio gen\u00e9ricos.<\/p>\n<p data-start=\"5168\" data-end=\"5455\">Una documentaci\u00f3n clara y una comunicaci\u00f3n transparente permiten a los administradores de instalaciones planificar las actividades de servicio de forma proactiva, gestionar los presupuestos eficazmente y reducir las emergencias de mantenimiento. Este enfoque personalizado favorece una mayor previsibilidad operativa y la fiabilidad a largo plazo de los equipos.<\/p>\n<hr data-start=\"5457\" data-end=\"5460\" \/>\n<h2 data-start=\"5462\" data-end=\"5506\">Minimizar el tiempo de inactividad en las instalaciones de Dallas<\/h2>\n<p data-start=\"5508\" data-end=\"5909\">Las paradas imprevistas de las centr\u00edfugas de aguas residuales pueden interrumpir los procesos de tratamiento, sobrecargar el personal y aumentar los costos operativos. Sentrimax prioriza la planificaci\u00f3n proactiva del servicio, los plazos de entrega eficientes y la programaci\u00f3n coordinada para garantizar el funcionamiento fiable de las centr\u00edfugas de aguas residuales de Alfa Laval. La comunicaci\u00f3n \u00e1gil y el soporte t\u00e9cnico ayudan a minimizar las paradas cuando se requiere servicio.<\/p>\n<p data-start=\"5911\" data-end=\"6085\">Al combinar estrategias de servicio preventivo con ejecuci\u00f3n experta, Sentrimax apoya operaciones consistentes de tratamiento de aguas residuales en todo Dallas y las comunidades circundantes.<\/p>\n<hr data-start=\"6087\" data-end=\"6090\" \/>\n<h2 data-start=\"6092\" data-end=\"6142\">Cumplimiento, seguridad y mejores pr\u00e1cticas de la industria<\/h2>\n<p data-start=\"6144\" data-end=\"6801\">Las instalaciones que operan centr\u00edfugas de aguas residuales Alfa Laval deben garantizar que el rendimiento del equipo cumpla con las normativas ambientales y de seguridad. Orientaci\u00f3n de la <strong data-start=\"6301\" data-end=\"6432\"><a class=\"decorated-link cursor-pointer\" target=\"_new\" rel=\"noopener\" data-start=\"6303\" data-end=\"6430\">Agencia de Protecci\u00f3n Ambiental de EE. UU. \u2013 Descripci\u00f3n general del tratamiento de aguas residuales<\/a><\/strong> Se enfatiza la importancia de contar con equipos confiables para el manejo de s\u00f3lidos para mantener el cumplimiento normativo. Gu\u00eda del fabricante de <strong data-start=\"6551\" data-end=\"6696\"><a class=\"decorated-link\" href=\"https:\/\/www.alfalaval.com\/products\/separation\/centrifugal-separators\/decanters\/\" target=\"_new\" rel=\"noopener\" data-start=\"6553\" data-end=\"6694\">Alfa Laval \u2013 Tecnolog\u00eda de decantadores y centr\u00edfugas para aguas residuales<\/a><\/strong> Tambi\u00e9n destaca el papel del servicio adecuado para mantener la eficiencia de la separaci\u00f3n y la longevidad del equipo.<\/p>\n<p data-start=\"6803\" data-end=\"7025\">Las soluciones de servicio Sentrimax respaldan estas mejores pr\u00e1cticas al ayudar a las instalaciones a mantener el rendimiento de las centr\u00edfugas de aguas residuales de Alfa Laval dentro de las especificaciones de dise\u00f1o, lo que reduce el riesgo ambiental y respalda operaciones seguras.<\/p>\n<hr data-start=\"7027\" data-end=\"7030\" \/>\n<h2 data-start=\"7032\" data-end=\"7075\">Soporte del ciclo de vida m\u00e1s all\u00e1 del servicio de rutina<\/h2>\n<p data-start=\"7077\" data-end=\"7478\">El servicio eficaz de las centr\u00edfugas de aguas residuales Alfa Laval es m\u00e1s valioso cuando se integra en una estrategia m\u00e1s amplia de ciclo de vida. Sentrimax ofrece soporte continuo que incluye monitoreo del estado, documentaci\u00f3n de servicio y recomendaciones para la planificaci\u00f3n del mantenimiento a largo plazo. Este enfoque centrado en el ciclo de vida ayuda a las instalaciones a optimizar los intervalos de servicio, controlar los costos y maximizar la rentabilidad de la inversi\u00f3n en equipos.<\/p>\n<p data-start=\"7480\" data-end=\"7628\">Se encuentran disponibles informaci\u00f3n t\u00e9cnica adicional y orientaci\u00f3n sobre mantenimiento a trav\u00e9s del sitio web interno. <strong data-start=\"7570\" data-end=\"7619\"><a class=\"decorated-link cursor-pointer\" target=\"_new\" rel=\"noopener\" data-start=\"7572\" data-end=\"7617\">Recursos<\/a><\/strong> secci\u00f3n.<\/p>\n<hr data-start=\"7630\" data-end=\"7633\" \/>\n<h2 data-start=\"7635\" data-end=\"7700\">Socio de servicio de centr\u00edfugas de aguas residuales Alfa Laval para Dallas, TX<\/h2>\n<p data-start=\"7702\" data-end=\"8092\">Las plantas de tratamiento de aguas residuales de Dallas dependen del rendimiento confiable de sus centr\u00edfugas para cumplir con las normativas, proteger la salud p\u00fablica y controlar los costos operativos. Un servicio profesional es esencial para minimizar los riesgos y garantizar la fiabilidad a largo plazo. Sentrimax ofrece servicio de centr\u00edfugas de aguas residuales Alfa Laval en Dallas, Texas, con un enfoque en la calidad, la precisi\u00f3n y la seguridad operativa.<\/p>\n<p data-start=\"8094\" data-end=\"8279\">Desde inspecciones de rutina hasta programas de servicio integrales y soporte continuo durante el ciclo de vida, Sentrimax brinda a los operadores confianza en sus sistemas de centr\u00edfugas de aguas residuales Alfa Laval.<\/p>\n<hr data-start=\"8281\" data-end=\"8284\" \/>\n<h2 data-start=\"8286\" data-end=\"8307\">Da el siguiente paso<\/h2>\n<p data-start=\"8309\" data-end=\"8525\">El servicio proactivo de centr\u00edfugas para aguas residuales ayuda a prevenir costosos tiempos de inactividad y fallos inesperados en los equipos. Sentrimax est\u00e1 listo para apoyar las instalaciones de Dallas con soluciones expertas de servicio de centr\u00edfugas para aguas residuales de Alfa Laval.<\/p>\n<p data-start=\"8527\" data-end=\"8581\"><strong data-start=\"8527\" data-end=\"8581\"><a class=\"decorated-link\" href=\"https:\/\/sentrimax.com\/es\/contact\/\" target=\"_new\" rel=\"noopener\" data-start=\"8529\" data-end=\"8579\">\u00a1Solicita una cotizaci\u00f3n!<\/a><\/strong><\/p>","protected":false},"excerpt":{"rendered":"<p>Municipal and industrial wastewater treatment facilities in Dallas, TX rely on high-performance centrifuge systems to manage biosolids, meet regulatory requirements, and maintain continuous treatment operations. Equipment manufactured by Alfa Laval is widely used in wastewater applications due to its efficiency, durability, and advanced separation technology. Even with proven engineering, wastewater centrifuges require routine service and [&hellip;]<\/p>\n","protected":false},"author":3,"featured_media":0,"parent":0,"menu_order":0,"comment_status":"closed","ping_status":"closed","template":"seo-page-template.php","meta":{"_acf_changed":false,"inline_featured_image":false,"footnotes":""},"class_list":["post-2275","page","type-page","status-publish","hentry"],"acf":[],"_links":{"self":[{"href":"https:\/\/sentrimax.com\/es\/wp-json\/wp\/v2\/pages\/2275","targetHints":{"allow":["GET"]}}],"collection":[{"href":"https:\/\/sentrimax.com\/es\/wp-json\/wp\/v2\/pages"}],"about":[{"href":"https:\/\/sentrimax.com\/es\/wp-json\/wp\/v2\/types\/page"}],"author":[{"embeddable":true,"href":"https:\/\/sentrimax.com\/es\/wp-json\/wp\/v2\/users\/3"}],"replies":[{"embeddable":true,"href":"https:\/\/sentrimax.com\/es\/wp-json\/wp\/v2\/comments?post=2275"}],"version-history":[{"count":1,"href":"https:\/\/sentrimax.com\/es\/wp-json\/wp\/v2\/pages\/2275\/revisions"}],"predecessor-version":[{"id":2550,"href":"https:\/\/sentrimax.com\/es\/wp-json\/wp\/v2\/pages\/2275\/revisions\/2550"}],"wp:attachment":[{"href":"https:\/\/sentrimax.com\/es\/wp-json\/wp\/v2\/media?parent=2275"}],"curies":[{"name":"wp","href":"https:\/\/api.w.org\/{rel}","templated":true}]}}