{"id":2276,"date":"2026-01-07T15:16:21","date_gmt":"2026-01-07T15:16:21","guid":{"rendered":"https:\/\/sentrimax.com\/?page_id=2276"},"modified":"2026-04-21T21:15:59","modified_gmt":"2026-04-21T21:15:59","slug":"alfa-laval-centrifuge-maintenance-in-denver-co","status":"publish","type":"page","link":"https:\/\/sentrimax.com\/es\/alfa-laval-centrifuge-maintenance-in-denver-co\/","title":{"rendered":"Mantenimiento de centr\u00edfugas Alfa Laval en Denver, Colorado"},"content":{"rendered":"<p data-start=\"745\" data-end=\"1505\"><img fetchpriority=\"high\" decoding=\"async\" class=\"aligncenter size-full wp-image-1617\" src=\"https:\/\/sentrimax.com\/wp-content\/uploads\/2025\/07\/Oil-Gas-1.png\" alt=\"\" width=\"1024\" height=\"1024\" srcset=\"https:\/\/sentrimax.com\/wp-content\/uploads\/2025\/07\/Oil-Gas-1.png 1024w, https:\/\/sentrimax.com\/wp-content\/uploads\/2025\/07\/Oil-Gas-1-300x300.png 300w, https:\/\/sentrimax.com\/wp-content\/uploads\/2025\/07\/Oil-Gas-1-150x150.png 150w, https:\/\/sentrimax.com\/wp-content\/uploads\/2025\/07\/Oil-Gas-1-768x768.png 768w, https:\/\/sentrimax.com\/wp-content\/uploads\/2025\/07\/Oil-Gas-1-600x600.png 600w, https:\/\/sentrimax.com\/wp-content\/uploads\/2025\/07\/Oil-Gas-1-100x100.png 100w\" sizes=\"(max-width: 1024px) 100vw, 1024px\" \/><\/p>\n<p data-start=\"745\" data-end=\"1505\">Las instalaciones industriales y municipales de Denver, Colorado, dependen de sistemas centr\u00edfugos para garantizar operaciones continuas, una separaci\u00f3n eficiente de s\u00f3lidos y el cumplimiento normativo. Equipos fabricados por <span class=\"hover:entity-accent entity-underline inline cursor-pointer align-baseline\"><span class=\"whitespace-normal\">Alfa Laval<\/span><\/span> Se utiliza ampliamente en el tratamiento de aguas residuales, el procesamiento de alimentos y bebidas, la fabricaci\u00f3n de productos qu\u00edmicos y la separaci\u00f3n industrial gracias a su durabilidad y precisi\u00f3n. Si bien estas centr\u00edfugas est\u00e1n dise\u00f1adas para entornos exigentes, un mantenimiento constante es esencial para preservar el rendimiento, prevenir fallos y prolongar la vida \u00fatil. Sentrimax ofrece mantenimiento profesional de centr\u00edfugas Alfa Laval en Denver, Colorado, ayudando a las instalaciones a proteger sus activos cr\u00edticos y mantener la estabilidad operativa.<\/p>\n<p data-start=\"1507\" data-end=\"1851\">Con d\u00e9cadas de experiencia en el soporte de sistemas de centr\u00edfugas industriales en Norteam\u00e9rica, Sentrimax ofrece soluciones de mantenimiento estructuradas, espec\u00edficamente dise\u00f1adas para los equipos Alfa Laval. Cada intervenci\u00f3n de mantenimiento se rige por procesos de calidad documentados y un enfoque disciplinado y transparente, centrado en la fiabilidad y el rendimiento a largo plazo.<\/p>\n<hr data-start=\"1853\" data-end=\"1856\" \/>\n<h2 data-start=\"1858\" data-end=\"1917\">Apoyo a las operaciones industriales y de aguas residuales de Denver<\/h2>\n<p data-start=\"1919\" data-end=\"2351\">La infraestructura industrial y municipal de Denver incluye plantas de tratamiento de aguas residuales, plantas de fabricaci\u00f3n y operaciones de procesamiento que dependen del rendimiento fiable de las centr\u00edfugas. Las instalaciones deben gestionar las condiciones variables de los afluentes, las cargas estacionales cambiantes y las estrictas normativas ambientales. Las centr\u00edfugas Alfa Laval desempe\u00f1an un papel fundamental en estas operaciones, especialmente en los procesos de deshidrataci\u00f3n de lodos y manejo de s\u00f3lidos.<\/p>\n<p data-start=\"2353\" data-end=\"2652\">Sentrimax colabora estrechamente con los operadores del \u00e1rea de Denver para garantizar el funcionamiento fiable de los sistemas de centr\u00edfugas Alfa Laval en condiciones de uso continuo. Mediante una planificaci\u00f3n proactiva del mantenimiento, inspecciones detalladas y la verificaci\u00f3n del rendimiento, las instalaciones obtienen un mayor control sobre el estado de los equipos y los costes de su ciclo de vida.<\/p>\n<hr data-start=\"2654\" data-end=\"2657\" \/>\n<h2 data-start=\"2659\" data-end=\"2725\">Proceso de mantenimiento con certificaci\u00f3n ISO dise\u00f1ado para equipos de precisi\u00f3n<\/h2>\n<p data-start=\"2727\" data-end=\"3023\">Sentrimax opera bajo un sistema de gesti\u00f3n de calidad con certificaci\u00f3n ISO 9001:2015, lo que garantiza que cada servicio de mantenimiento de centr\u00edfugas Alfa Laval siga un proceso estructurado y repetible. Este sistema prioriza la documentaci\u00f3n, la consistencia y la rendici\u00f3n de cuentas desde la inspecci\u00f3n inicial hasta el informe final.<\/p>\n<p data-start=\"3025\" data-end=\"3493\">Cada intervenci\u00f3n de mantenimiento comienza con una evaluaci\u00f3n integral que puede incluir an\u00e1lisis de aceite, revisi\u00f3n de vibraciones, verificaci\u00f3n dimensional y evaluaci\u00f3n del estado de los componentes. Los hallazgos se documentan y comunican claramente para que los operadores puedan tomar decisiones informadas sobre los intervalos de servicio y las estrategias de mantenimiento a largo plazo. Puede encontrar informaci\u00f3n adicional sobre esta metodolog\u00eda en el sitio web interno. <strong data-start=\"3434\" data-end=\"3487\"><a class=\"decorated-link\" href=\"https:\/\/sentrimax.com\/es\/our-process\/?utm_source=chatgpt.com\" target=\"_new\" rel=\"noopener\" data-start=\"3436\" data-end=\"3485\">Nuestro proceso<\/a><\/strong> p\u00e1gina.<\/p>\n<hr data-start=\"3495\" data-end=\"3498\" \/>\n<h2 data-start=\"3500\" data-end=\"3559\">Servicios integrales de mantenimiento de centr\u00edfugas Alfa Laval<\/h2>\n<h3 data-start=\"3561\" data-end=\"3600\"><strong data-start=\"3565\" data-end=\"3600\">Programas de mantenimiento preventivo<\/strong><\/h3>\n<p data-start=\"3601\" data-end=\"3941\">El mantenimiento preventivo ayuda a identificar problemas emergentes antes de que provoquen fallas en el equipo. Sentrimax ofrece programas de mantenimiento programado que incluyen inspecciones, revisiones de lubricaci\u00f3n, evaluaciones de desgaste y pruebas de rendimiento. Estos programas ayudan a reducir las paradas imprevistas y a prolongar la vida \u00fatil de las centr\u00edfugas Alfa Laval.<\/p>\n<h3 data-start=\"3943\" data-end=\"3978\"><strong data-start=\"3947\" data-end=\"3978\">Mantenimiento basado en la condici\u00f3n<\/strong><\/h3>\n<p data-start=\"3979\" data-end=\"4276\">El mantenimiento basado en la condici\u00f3n utiliza datos reales del equipo para guiar las decisiones de servicio. Sentrimax eval\u00faa las condiciones de funcionamiento de la centr\u00edfuga, las tendencias de vibraci\u00f3n y el desgaste de los componentes para recomendar acciones de mantenimiento adaptadas a las necesidades reales del equipo, mejorando la eficiencia y evitando mantenimiento innecesario.<\/p>\n<h3 data-start=\"4278\" data-end=\"4332\"><strong data-start=\"4282\" data-end=\"4332\">Equilibrado din\u00e1mico y verificaci\u00f3n del rendimiento<\/strong><\/h3>\n<p data-start=\"4333\" data-end=\"4595\">El desequilibrio puede provocar vibraciones, un desgaste acelerado y una reducci\u00f3n de la eficiencia de la centr\u00edfuga. Como parte de los servicios de mantenimiento, Sentrimax realiza un equilibrado din\u00e1mico avanzado y una verificaci\u00f3n del rendimiento para garantizar un funcionamiento fluido y proteger los componentes rotatorios cr\u00edticos.<\/p>\n<p data-start=\"4597\" data-end=\"4741\">Puede encontrar una descripci\u00f3n general de las capacidades de mantenimiento y servicio disponibles en el sitio interno. <strong data-start=\"4688\" data-end=\"4735\"><a class=\"decorated-link\" href=\"https:\/\/sentrimax.com\/es\/services\/?utm_source=chatgpt.com\" target=\"_new\" rel=\"noopener\" data-start=\"4690\" data-end=\"4733\">Servicios<\/a><\/strong> p\u00e1gina.<\/p>\n<hr data-start=\"4743\" data-end=\"4746\" \/>\n<h2 data-start=\"4748\" data-end=\"4806\">Soluciones de mantenimiento a medida para equipos Alfa Laval<\/h2>\n<p data-start=\"4808\" data-end=\"5182\">No hay dos instalaciones que operen en las mismas condiciones. Las caracter\u00edsticas de los lodos, las demandas de producci\u00f3n, los rangos de temperatura y los requisitos regulatorios var\u00edan considerablemente entre las operaciones del \u00e1rea de Denver. Sentrimax desarrolla soluciones de mantenimiento personalizadas seg\u00fan el modelo espec\u00edfico de centr\u00edfuga Alfa Laval, el entorno operativo y el historial de servicio, en lugar de aplicar programas gen\u00e9ricos.<\/p>\n<p data-start=\"5184\" data-end=\"5464\">Una documentaci\u00f3n clara y una comunicaci\u00f3n transparente permiten a los administradores de instalaciones planificar las actividades de mantenimiento de forma proactiva, gestionar los presupuestos eficazmente y reducir las reparaciones de emergencia. Este enfoque personalizado favorece una mayor previsibilidad operativa y la fiabilidad a largo plazo de los equipos.<\/p>\n<hr data-start=\"5466\" data-end=\"5469\" \/>\n<h2 data-start=\"5471\" data-end=\"5515\">Minimizar el tiempo de inactividad en las instalaciones de Denver<\/h2>\n<p data-start=\"5517\" data-end=\"5907\">Las paradas no planificadas de las centr\u00edfugas pueden interrumpir los procesos de tratamiento, afectar los programas de producci\u00f3n y aumentar los costos operativos. Sentrimax prioriza la planificaci\u00f3n proactiva del mantenimiento, la ejecuci\u00f3n eficiente del servicio y la programaci\u00f3n coordinada para garantizar el funcionamiento fiable de las centr\u00edfugas Alfa Laval. La comunicaci\u00f3n \u00e1gil y el soporte t\u00e9cnico ayudan a minimizar las paradas cuando se requiere mantenimiento.<\/p>\n<p data-start=\"5909\" data-end=\"6062\">Al combinar estrategias de mantenimiento preventivo con ejecuci\u00f3n experta, Sentrimax respalda operaciones consistentes en todo Denver y las regiones circundantes.<\/p>\n<hr data-start=\"6064\" data-end=\"6067\" \/>\n<h2 data-start=\"6069\" data-end=\"6119\">Cumplimiento, seguridad y mejores pr\u00e1cticas de la industria<\/h2>\n<p data-start=\"6121\" data-end=\"6728\">Las instalaciones que operan centr\u00edfugas Alfa Laval deben garantizar que el rendimiento del equipo cumpla con las normativas ambientales y de seguridad. Orientaci\u00f3n de la <strong data-start=\"6267\" data-end=\"6398\"><a class=\"decorated-link cursor-pointer\" target=\"_new\" rel=\"noopener\" data-start=\"6269\" data-end=\"6396\">Agencia de Protecci\u00f3n Ambiental de EE. UU. \u2013 Descripci\u00f3n general del tratamiento de aguas residuales<\/a><\/strong> Se enfatiza la importancia de contar con equipos confiables para el manejo de s\u00f3lidos para mantener el cumplimiento normativo. Gu\u00eda del fabricante de <strong data-start=\"6517\" data-end=\"6628\"><a class=\"decorated-link cursor-pointer\" target=\"_new\" rel=\"noopener\" data-start=\"6519\" data-end=\"6626\">Alfa Laval \u2013 Tecnolog\u00eda de centr\u00edfugas<\/a><\/strong> Destaca el papel del mantenimiento adecuado para preservar la eficiencia de separaci\u00f3n y la seguridad del equipo.<\/p>\n<p data-start=\"6730\" data-end=\"6945\">Los servicios de mantenimiento de Sentrimax respaldan estas mejores pr\u00e1cticas al ayudar a las instalaciones a mantener el rendimiento de las centr\u00edfugas Alfa Laval dentro de las especificaciones de dise\u00f1o, reduciendo el riesgo ambiental y respaldando operaciones seguras.<\/p>\n<hr data-start=\"6947\" data-end=\"6950\" \/>\n<h2 data-start=\"6952\" data-end=\"6999\">Soporte del ciclo de vida m\u00e1s all\u00e1 del mantenimiento rutinario<\/h2>\n<p data-start=\"7001\" data-end=\"7395\">El mantenimiento eficaz de las centr\u00edfugas Alfa Laval es m\u00e1s valioso cuando se integra en una estrategia m\u00e1s amplia de ciclo de vida. Sentrimax ofrece soporte continuo que incluye monitorizaci\u00f3n del estado, documentaci\u00f3n de mantenimiento y recomendaciones para la planificaci\u00f3n del servicio a largo plazo. Este enfoque centrado en el ciclo de vida ayuda a las instalaciones a optimizar los intervalos de servicio, controlar los costes y maximizar la rentabilidad de la inversi\u00f3n en equipos.<\/p>\n<p data-start=\"7397\" data-end=\"7545\">Se encuentran disponibles informaci\u00f3n t\u00e9cnica adicional y orientaci\u00f3n sobre mantenimiento a trav\u00e9s del sitio web interno. <strong data-start=\"7487\" data-end=\"7536\"><a class=\"decorated-link cursor-pointer\" target=\"_new\" rel=\"noopener\" data-start=\"7489\" data-end=\"7534\">Recursos<\/a><\/strong> secci\u00f3n.<\/p>\n<hr data-start=\"7547\" data-end=\"7550\" \/>\n<h2 data-start=\"7552\" data-end=\"7610\">Socio de mantenimiento de centr\u00edfugas Alfa Laval para Denver, CO<\/h2>\n<p data-start=\"7612\" data-end=\"7967\">Las instalaciones de Denver dependen del rendimiento confiable de sus centr\u00edfugas para garantizar el cumplimiento normativo, proteger la salud p\u00fablica y controlar los costos operativos. El mantenimiento proactivo es esencial para minimizar los riesgos y garantizar la confiabilidad a largo plazo. Sentrimax ofrece mantenimiento de centr\u00edfugas Alfa Laval en Denver, Colorado, con un enfoque en la calidad, la precisi\u00f3n y la seguridad operativa.<\/p>\n<p data-start=\"7969\" data-end=\"8147\">Desde inspecciones de rutina hasta programas de mantenimiento integrales y soporte continuo durante el ciclo de vida, Sentrimax brinda a los operadores confianza en sus sistemas de centr\u00edfugas Alfa Laval.<\/p>\n<hr data-start=\"8149\" data-end=\"8152\" \/>\n<h2 data-start=\"8154\" data-end=\"8175\">Da el siguiente paso<\/h2>\n<p data-start=\"8177\" data-end=\"8378\">El mantenimiento proactivo de centr\u00edfugas ayuda a prevenir costosos tiempos de inactividad y fallos inesperados en los equipos. Sentrimax est\u00e1 listo para apoyar las instalaciones de Denver con los servicios expertos de mantenimiento de centr\u00edfugas Alfa Laval.<\/p>\n<p data-start=\"8380\" data-end=\"8434\"><strong data-start=\"8380\" data-end=\"8434\"><a class=\"decorated-link\" href=\"https:\/\/sentrimax.com\/es\/contact\/\" target=\"_new\" rel=\"noopener\" data-start=\"8382\" data-end=\"8432\">\u00a1Solicita una cotizaci\u00f3n!<\/a><\/strong><\/p>","protected":false},"excerpt":{"rendered":"<p>Industrial and municipal facilities throughout Denver, CO rely on centrifuge systems to support continuous operations, efficient solids separation, and regulatory compliance. Equipment manufactured by Alfa Laval is widely used across wastewater treatment, food and beverage processing, chemical manufacturing, and industrial separation applications due to its durability and precision engineering. While these centrifuges are designed for [&hellip;]<\/p>\n","protected":false},"author":3,"featured_media":0,"parent":0,"menu_order":0,"comment_status":"closed","ping_status":"closed","template":"seo-page-template.php","meta":{"_acf_changed":false,"inline_featured_image":false,"footnotes":""},"class_list":["post-2276","page","type-page","status-publish","hentry"],"acf":[],"_links":{"self":[{"href":"https:\/\/sentrimax.com\/es\/wp-json\/wp\/v2\/pages\/2276","targetHints":{"allow":["GET"]}}],"collection":[{"href":"https:\/\/sentrimax.com\/es\/wp-json\/wp\/v2\/pages"}],"about":[{"href":"https:\/\/sentrimax.com\/es\/wp-json\/wp\/v2\/types\/page"}],"author":[{"embeddable":true,"href":"https:\/\/sentrimax.com\/es\/wp-json\/wp\/v2\/users\/3"}],"replies":[{"embeddable":true,"href":"https:\/\/sentrimax.com\/es\/wp-json\/wp\/v2\/comments?post=2276"}],"version-history":[{"count":1,"href":"https:\/\/sentrimax.com\/es\/wp-json\/wp\/v2\/pages\/2276\/revisions"}],"predecessor-version":[{"id":2549,"href":"https:\/\/sentrimax.com\/es\/wp-json\/wp\/v2\/pages\/2276\/revisions\/2549"}],"wp:attachment":[{"href":"https:\/\/sentrimax.com\/es\/wp-json\/wp\/v2\/media?parent=2276"}],"curies":[{"name":"wp","href":"https:\/\/api.w.org\/{rel}","templated":true}]}}