{"id":2278,"date":"2026-01-07T15:22:45","date_gmt":"2026-01-07T15:22:45","guid":{"rendered":"https:\/\/sentrimax.com\/?page_id=2278"},"modified":"2026-04-21T21:15:58","modified_gmt":"2026-04-21T21:15:58","slug":"alfa-laval-industrial-centrifuge-service-in-detroit-mi","status":"publish","type":"page","link":"https:\/\/sentrimax.com\/es\/alfa-laval-industrial-centrifuge-service-in-detroit-mi\/","title":{"rendered":"Servicio de centr\u00edfugas industriales Alfa Laval en Detroit, MI"},"content":{"rendered":"<p data-start=\"776\" data-end=\"1506\"><img fetchpriority=\"high\" decoding=\"async\" class=\"aligncenter size-full wp-image-1613\" src=\"https:\/\/sentrimax.com\/wp-content\/uploads\/2025\/07\/Food-Bev.png\" alt=\"\" width=\"1536\" height=\"1024\" srcset=\"https:\/\/sentrimax.com\/wp-content\/uploads\/2025\/07\/Food-Bev.png 1536w, https:\/\/sentrimax.com\/wp-content\/uploads\/2025\/07\/Food-Bev-300x200.png 300w, https:\/\/sentrimax.com\/wp-content\/uploads\/2025\/07\/Food-Bev-1024x683.png 1024w, https:\/\/sentrimax.com\/wp-content\/uploads\/2025\/07\/Food-Bev-768x512.png 768w, https:\/\/sentrimax.com\/wp-content\/uploads\/2025\/07\/Food-Bev-600x400.png 600w\" sizes=\"(max-width: 1536px) 100vw, 1536px\" \/><\/p>\n<p data-start=\"776\" data-end=\"1506\">Las instalaciones industriales de Detroit, Michigan, dependen de sistemas de centr\u00edfuga para garantizar la producci\u00f3n continua, procesos de separaci\u00f3n precisos y eficiencia operativa en entornos exigentes. Equipos fabricados por <span class=\"hover:entity-accent entity-underline inline cursor-pointer align-baseline\"><span class=\"whitespace-normal\">Alfa Laval<\/span><\/span> Se utiliza ampliamente en la fabricaci\u00f3n de autom\u00f3viles, el procesamiento qu\u00edmico, los metales, la energ\u00eda y las aplicaciones de aguas residuales industriales gracias a su robusto dise\u00f1o y rendimiento de separaci\u00f3n. Incluso las centr\u00edfugas industriales m\u00e1s avanzadas requieren mantenimiento peri\u00f3dico y atenci\u00f3n experta para funcionar de forma fiable a largo plazo. Sentrimax ofrece servicio profesional de centr\u00edfugas industriales Alfa Laval en Detroit, MI, lo que ayuda a las instalaciones a mantener el tiempo de actividad, proteger activos cr\u00edticos y controlar los costes operativos.<\/p>\n<p data-start=\"1508\" data-end=\"1873\">Con d\u00e9cadas de experiencia en el soporte de sistemas de centr\u00edfugas industriales en Norteam\u00e9rica, Sentrimax ofrece soluciones de servicio estructuradas, espec\u00edficamente dise\u00f1adas para los dise\u00f1os de centr\u00edfugas Alfa Laval. Cada servicio se rige por procesos de calidad documentados y un enfoque disciplinado y transparente, centrado en la fiabilidad, la seguridad y la estabilidad operativa a largo plazo.<\/p>\n<hr data-start=\"1875\" data-end=\"1878\" \/>\n<h2 data-start=\"1880\" data-end=\"1933\">Apoyo a la base manufacturera industrial de Detroit<\/h2>\n<p data-start=\"1935\" data-end=\"2327\">Detroit sigue siendo un centro global de manufactura avanzada y producci\u00f3n industrial. Las instalaciones de la regi\u00f3n operan centr\u00edfugas bajo altas cargas, materiales abrasivos y ciclos de trabajo continuos que exigen un rendimiento constante. Las centr\u00edfugas industriales Alfa Laval est\u00e1n dise\u00f1adas para estos entornos, pero el mantenimiento regular es esencial para preservar la eficiencia y prevenir fallos imprevistos.<\/p>\n<p data-start=\"2329\" data-end=\"2630\">Sentrimax colabora estrechamente con los operadores industriales del \u00e1rea de Detroit para garantizar que los sistemas de centr\u00edfugas Alfa Laval sigan funcionando seg\u00fan lo previsto. Mediante una planificaci\u00f3n proactiva del servicio, inspecciones detalladas y la verificaci\u00f3n del rendimiento, las instalaciones obtienen un mayor control sobre el estado de los equipos y los costes del ciclo de vida.<\/p>\n<hr data-start=\"2632\" data-end=\"2635\" \/>\n<h2 data-start=\"2637\" data-end=\"2699\">Proceso de servicio con certificaci\u00f3n ISO dise\u00f1ado para equipos de precisi\u00f3n<\/h2>\n<p data-start=\"2701\" data-end=\"3006\">Sentrimax opera bajo un sistema de gesti\u00f3n de calidad con certificaci\u00f3n ISO 9001:2015, lo que garantiza que cada servicio de centr\u00edfugas industriales Alfa Laval siga un proceso estructurado y repetible. Este sistema prioriza la documentaci\u00f3n, la consistencia y la rendici\u00f3n de cuentas desde la recepci\u00f3n del equipo hasta las pruebas finales y la elaboraci\u00f3n de informes.<\/p>\n<p data-start=\"3008\" data-end=\"3489\">Cada intervenci\u00f3n de servicio comienza con una inspecci\u00f3n exhaustiva que puede incluir an\u00e1lisis de aceite, revisi\u00f3n de vibraciones, verificaci\u00f3n dimensional y evaluaci\u00f3n del estado de los componentes. Los hallazgos se documentan y comunican claramente para que los equipos de mantenimiento puedan tomar decisiones informadas sobre el alcance del servicio, la programaci\u00f3n y las estrategias de mantenimiento a largo plazo. Puede encontrar informaci\u00f3n adicional sobre esta metodolog\u00eda en el sitio web interno. <strong data-start=\"3430\" data-end=\"3483\"><a class=\"decorated-link\" href=\"https:\/\/sentrimax.com\/es\/our-process\/?utm_source=chatgpt.com\" target=\"_new\" rel=\"noopener\" data-start=\"3432\" data-end=\"3481\">Nuestro proceso<\/a><\/strong> p\u00e1gina.<\/p>\n<hr data-start=\"3491\" data-end=\"3494\" \/>\n<h2 data-start=\"3496\" data-end=\"3566\">Servicios integrales de centr\u00edfugas industriales Alfa Laval<\/h2>\n<h3 data-start=\"3568\" data-end=\"3609\"><strong data-start=\"3572\" data-end=\"3609\">Inspecci\u00f3n y Servicio Preventivo<\/strong><\/h3>\n<p data-start=\"3610\" data-end=\"3922\">La inspecci\u00f3n rutinaria y el servicio preventivo ayudan a identificar problemas emergentes antes de que provoquen fallas en el equipo. Sentrimax ofrece programas de servicio programado que incluyen inspecciones, revisiones de lubricaci\u00f3n, evaluaciones de desgaste y verificaci\u00f3n del rendimiento para garantizar un funcionamiento confiable y reducir las paradas no planificadas.<\/p>\n<h3 data-start=\"3924\" data-end=\"3965\"><strong data-start=\"3928\" data-end=\"3965\">Servicios de reparaci\u00f3n y remodelaci\u00f3n<\/strong><\/h3>\n<p data-start=\"3966\" data-end=\"4293\">Cuando los componentes de las centr\u00edfugas industriales Alfa Laval presentan signos de desgaste o da\u00f1os, Sentrimax ofrece servicios de reparaci\u00f3n y reacondicionamiento de precisi\u00f3n. Estos servicios incluyen desmontaje, inspecci\u00f3n, mecanizado, soldadura, sustituci\u00f3n de componentes y reensamblaje con tolerancias estrictas, lo que ayuda a restaurar el equipo a su estado \u00f3ptimo de funcionamiento.<\/p>\n<h3 data-start=\"4295\" data-end=\"4349\"><strong data-start=\"4299\" data-end=\"4349\">Equilibrado din\u00e1mico y verificaci\u00f3n del rendimiento<\/strong><\/h3>\n<p data-start=\"4350\" data-end=\"4631\">El desequilibrio es una de las principales causas de vibraci\u00f3n, desgaste acelerado y reducci\u00f3n de la eficiencia de la centr\u00edfuga. Como parte del servicio de centr\u00edfugas industriales, Sentrimax realiza un equilibrado din\u00e1mico avanzado y una verificaci\u00f3n del rendimiento para garantizar un funcionamiento fluido y proteger los componentes rotatorios cr\u00edticos.<\/p>\n<p data-start=\"4633\" data-end=\"4755\">Una descripci\u00f3n completa de las capacidades del servicio est\u00e1 disponible en el sitio interno <strong data-start=\"4702\" data-end=\"4749\"><a class=\"decorated-link\" href=\"https:\/\/sentrimax.com\/es\/services\/?utm_source=chatgpt.com\" target=\"_new\" rel=\"noopener\" data-start=\"4704\" data-end=\"4747\">Servicios<\/a><\/strong> p\u00e1gina.<\/p>\n<hr data-start=\"4757\" data-end=\"4760\" \/>\n<h2 data-start=\"4762\" data-end=\"4827\">Soluciones de servicio personalizadas para equipos industriales de Alfa Laval<\/h2>\n<p data-start=\"4829\" data-end=\"5214\">No hay dos instalaciones industriales que operen en las mismas condiciones. Los materiales de proceso, las demandas de producci\u00f3n, los rangos de temperatura y los requisitos regulatorios var\u00edan considerablemente en las operaciones del \u00e1rea de Detroit. Sentrimax desarrolla soluciones de servicio personalizadas basadas en el modelo espec\u00edfico de centr\u00edfuga Alfa Laval, el entorno operativo y el historial de servicio, en lugar de aplicar programas de servicio gen\u00e9ricos.<\/p>\n<p data-start=\"5216\" data-end=\"5503\">Una documentaci\u00f3n clara y una comunicaci\u00f3n transparente permiten a los equipos de mantenimiento planificar las actividades de servicio de forma proactiva, gestionar los presupuestos eficazmente y reducir las emergencias de mantenimiento. Este enfoque personalizado favorece una mayor previsibilidad operativa y la fiabilidad a largo plazo de los equipos.<\/p>\n<hr data-start=\"5505\" data-end=\"5508\" \/>\n<h2 data-start=\"5510\" data-end=\"5555\">Minimizar el tiempo de inactividad en las instalaciones de Detroit<\/h2>\n<p data-start=\"5557\" data-end=\"5956\">Las paradas imprevistas de las centr\u00edfugas industriales pueden interrumpir los programas de producci\u00f3n, afectar la calidad del producto y aumentar los costos operativos. Sentrimax prioriza la planificaci\u00f3n proactiva del servicio, los plazos de entrega eficientes y la programaci\u00f3n coordinada para garantizar el funcionamiento fiable de las centr\u00edfugas industriales Alfa Laval. La comunicaci\u00f3n \u00e1gil y el soporte t\u00e9cnico ayudan a minimizar las paradas cuando se requiere servicio.<\/p>\n<p data-start=\"5958\" data-end=\"6119\">Al combinar estrategias de servicio preventivo con ejecuci\u00f3n experta, Sentrimax respalda operaciones industriales consistentes en todo Detroit y las regiones circundantes.<\/p>\n<hr data-start=\"6121\" data-end=\"6124\" \/>\n<h2 data-start=\"6126\" data-end=\"6176\">Cumplimiento, seguridad y mejores pr\u00e1cticas de la industria<\/h2>\n<p data-start=\"6178\" data-end=\"6789\">Las instalaciones que operan centr\u00edfugas industriales Alfa Laval deben garantizar que el rendimiento de los equipos cumpla con las normativas ambientales y de seguridad. Orientaci\u00f3n de la <strong data-start=\"6335\" data-end=\"6461\"><a class=\"decorated-link\" href=\"https:\/\/www.epa.gov\/npdes\/industrial-wastewater\" target=\"_new\" rel=\"noopener\" data-start=\"6337\" data-end=\"6459\">Agencia de Protecci\u00f3n Ambiental de los Estados Unidos \u2013 Gesti\u00f3n de aguas residuales industriales<\/a><\/strong> Se enfatiza la importancia de contar con equipos confiables de separaci\u00f3n de s\u00f3lidos para mantener el cumplimiento normativo. Gu\u00eda del fabricante de <strong data-start=\"6582\" data-end=\"6693\"><a class=\"decorated-link cursor-pointer\" target=\"_new\" rel=\"noopener\" data-start=\"6584\" data-end=\"6691\">Alfa Laval \u2013 Tecnolog\u00eda de centr\u00edfugas<\/a><\/strong> Destaca el papel del servicio adecuado para preservar la eficiencia de la separaci\u00f3n y la seguridad del equipo.<\/p>\n<p data-start=\"6791\" data-end=\"7014\">Las soluciones de servicio Sentrimax respaldan estas mejores pr\u00e1cticas al ayudar a las instalaciones a mantener el rendimiento de las centr\u00edfugas industriales Alfa Laval dentro de las especificaciones de dise\u00f1o, reduciendo el riesgo ambiental y respaldando operaciones seguras.<\/p>\n<hr data-start=\"7016\" data-end=\"7019\" \/>\n<h2 data-start=\"7021\" data-end=\"7064\">Soporte del ciclo de vida m\u00e1s all\u00e1 del servicio de rutina<\/h2>\n<p data-start=\"7066\" data-end=\"7467\">Un servicio eficaz para centr\u00edfugas industriales Alfa Laval es m\u00e1s valioso cuando se integra en una estrategia m\u00e1s amplia de ciclo de vida. Sentrimax ofrece soporte continuo que incluye monitoreo de condici\u00f3n, documentaci\u00f3n de servicio y recomendaciones para la planificaci\u00f3n del mantenimiento a largo plazo. Este enfoque centrado en el ciclo de vida ayuda a las instalaciones a optimizar los intervalos de servicio, controlar los costos y maximizar la rentabilidad de la inversi\u00f3n en equipos.<\/p>\n<p data-start=\"7469\" data-end=\"7617\">Se encuentran disponibles informaci\u00f3n t\u00e9cnica adicional y orientaci\u00f3n sobre mantenimiento a trav\u00e9s del sitio web interno. <strong data-start=\"7559\" data-end=\"7608\"><a class=\"decorated-link cursor-pointer\" target=\"_new\" rel=\"noopener\" data-start=\"7561\" data-end=\"7606\">Recursos<\/a><\/strong> secci\u00f3n.<\/p>\n<hr data-start=\"7619\" data-end=\"7622\" \/>\n<h2 data-start=\"7624\" data-end=\"7690\">Socio de servicio de centr\u00edfugas industriales Alfa Laval para Detroit, MI<\/h2>\n<p data-start=\"7692\" data-end=\"8049\">Las instalaciones de Detroit dependen del rendimiento confiable de las centr\u00edfugas para mantener la productividad, la calidad y la estabilidad operativa. Un servicio de soporte profesional es esencial para minimizar los riesgos y garantizar la fiabilidad a largo plazo. Sentrimax ofrece servicio de centr\u00edfugas industriales Alfa Laval en Detroit, MI, con un enfoque en la calidad, la precisi\u00f3n y la seguridad operativa.<\/p>\n<p data-start=\"8051\" data-end=\"8236\">Desde inspecciones de rutina hasta programas de servicio integrales y soporte continuo durante el ciclo de vida, Sentrimax brinda a los operadores confianza en sus sistemas de centr\u00edfugas industriales Alfa Laval.<\/p>\n<hr data-start=\"8238\" data-end=\"8241\" \/>\n<h2 data-start=\"8243\" data-end=\"8264\">Da el siguiente paso<\/h2>\n<p data-start=\"8266\" data-end=\"8483\">El servicio proactivo de centr\u00edfugas industriales ayuda a prevenir costosos tiempos de inactividad y fallos inesperados en los equipos. Sentrimax est\u00e1 listo para apoyar las instalaciones de Detroit con las soluciones expertas de servicio de centr\u00edfugas industriales de Alfa Laval.<\/p>\n<p data-start=\"8485\" data-end=\"8539\"><strong data-start=\"8485\" data-end=\"8539\"><a class=\"decorated-link\" href=\"https:\/\/sentrimax.com\/es\/contact\/\" target=\"_new\" rel=\"noopener\" data-start=\"8487\" data-end=\"8537\">\u00a1Solicita una cotizaci\u00f3n!<\/a><\/strong><\/p>","protected":false},"excerpt":{"rendered":"<p>Industrial facilities throughout Detroit, MI rely on centrifuge systems to support continuous production, precise separation processes, and operational efficiency in demanding environments. Equipment manufactured by Alfa Laval is widely used across automotive manufacturing, chemical processing, metals, energy, and industrial wastewater applications due to its robust design and separation performance. Even the most advanced industrial centrifuges [&hellip;]<\/p>\n","protected":false},"author":3,"featured_media":0,"parent":0,"menu_order":0,"comment_status":"closed","ping_status":"closed","template":"seo-page-template.php","meta":{"_acf_changed":false,"inline_featured_image":false,"footnotes":""},"class_list":["post-2278","page","type-page","status-publish","hentry"],"acf":[],"_links":{"self":[{"href":"https:\/\/sentrimax.com\/es\/wp-json\/wp\/v2\/pages\/2278","targetHints":{"allow":["GET"]}}],"collection":[{"href":"https:\/\/sentrimax.com\/es\/wp-json\/wp\/v2\/pages"}],"about":[{"href":"https:\/\/sentrimax.com\/es\/wp-json\/wp\/v2\/types\/page"}],"author":[{"embeddable":true,"href":"https:\/\/sentrimax.com\/es\/wp-json\/wp\/v2\/users\/3"}],"replies":[{"embeddable":true,"href":"https:\/\/sentrimax.com\/es\/wp-json\/wp\/v2\/comments?post=2278"}],"version-history":[{"count":1,"href":"https:\/\/sentrimax.com\/es\/wp-json\/wp\/v2\/pages\/2278\/revisions"}],"predecessor-version":[{"id":2547,"href":"https:\/\/sentrimax.com\/es\/wp-json\/wp\/v2\/pages\/2278\/revisions\/2547"}],"wp:attachment":[{"href":"https:\/\/sentrimax.com\/es\/wp-json\/wp\/v2\/media?parent=2278"}],"curies":[{"name":"wp","href":"https:\/\/api.w.org\/{rel}","templated":true}]}}