{"id":2279,"date":"2026-01-07T15:25:49","date_gmt":"2026-01-07T15:25:49","guid":{"rendered":"https:\/\/sentrimax.com\/?page_id=2279"},"modified":"2026-04-21T21:15:58","modified_gmt":"2026-04-21T21:15:58","slug":"alfa-laval-centrifuge-parts-in-vancouver-bc","status":"publish","type":"page","link":"https:\/\/sentrimax.com\/es\/alfa-laval-centrifuge-parts-in-vancouver-bc\/","title":{"rendered":"Repuestos para centr\u00edfugas Alfa Laval en Vancouver, BC"},"content":{"rendered":"<p data-start=\"731\" data-end=\"1452\"><img fetchpriority=\"high\" decoding=\"async\" class=\"aligncenter size-full wp-image-1610\" src=\"https:\/\/sentrimax.com\/wp-content\/uploads\/2025\/07\/Chemicals-scaled.jpg\" alt=\"\" width=\"2560\" height=\"1748\" srcset=\"https:\/\/sentrimax.com\/wp-content\/uploads\/2025\/07\/Chemicals-scaled.jpg 2560w, https:\/\/sentrimax.com\/wp-content\/uploads\/2025\/07\/Chemicals-300x205.jpg 300w, https:\/\/sentrimax.com\/wp-content\/uploads\/2025\/07\/Chemicals-1024x699.jpg 1024w, https:\/\/sentrimax.com\/wp-content\/uploads\/2025\/07\/Chemicals-768x524.jpg 768w, https:\/\/sentrimax.com\/wp-content\/uploads\/2025\/07\/Chemicals-1536x1049.jpg 1536w, https:\/\/sentrimax.com\/wp-content\/uploads\/2025\/07\/Chemicals-2048x1398.jpg 2048w, https:\/\/sentrimax.com\/wp-content\/uploads\/2025\/07\/Chemicals-600x410.jpg 600w\" sizes=\"(max-width: 2560px) 100vw, 2560px\" \/><\/p>\n<p data-start=\"731\" data-end=\"1452\">Las instalaciones industriales y municipales de Vancouver, Columbia Brit\u00e1nica, dependen de sistemas centr\u00edfugos para facilitar la separaci\u00f3n de s\u00f3lidos, la eficiencia de los procesos y el cumplimiento ambiental. Equipos fabricados por <span class=\"hover:entity-accent entity-underline inline cursor-pointer align-baseline\"><span class=\"whitespace-normal\">Alfa Laval<\/span><\/span> Se utiliza ampliamente en el tratamiento de aguas residuales, el procesamiento de alimentos y bebidas, las operaciones marinas, la energ\u00eda y las aplicaciones de separaci\u00f3n industrial gracias a su durabilidad y precisi\u00f3n de ingenier\u00eda. Con el tiempo, incluso los sistemas de centr\u00edfuga m\u00e1s robustos requieren piezas de repuesto para mantener su rendimiento y fiabilidad. Sentrimax ofrece piezas profesionales para centr\u00edfugas Alfa Laval en Vancouver, Columbia Brit\u00e1nica, suministrando componentes de precisi\u00f3n dise\u00f1ados para garantizar el funcionamiento a largo plazo de los equipos y minimizar las paradas imprevistas.<\/p>\n<p data-start=\"1454\" data-end=\"1792\">Con d\u00e9cadas de experiencia en el soporte de sistemas de centr\u00edfugas industriales en Norteam\u00e9rica, Sentrimax suministra piezas para centr\u00edfugas Alfa Laval con el respaldo de procesos de calidad con certificaci\u00f3n ISO. Cada componente se especifica, inspecciona y documenta cuidadosamente para ayudar a las instalaciones del \u00e1rea de Vancouver a proteger activos cr\u00edticos y mantener operaciones constantes.<\/p>\n<hr data-start=\"1794\" data-end=\"1797\" \/>\n<h2 data-start=\"1799\" data-end=\"1860\">Apoyo a las operaciones industriales y municipales de Vancouver<\/h2>\n<p data-start=\"1862\" data-end=\"2382\">La econom\u00eda de Vancouver incluye plantas de tratamiento de aguas residuales, operaciones mar\u00edtimas y portuarias, plantas de procesamiento de alimentos y plantas de fabricaci\u00f3n industrial que dependen del rendimiento fiable de las centr\u00edfugas. Las centr\u00edfugas Alfa Laval en estos entornos suelen operar con ciclos de trabajo continuos, condiciones corrosivas y caracter\u00edsticas de alimentaci\u00f3n variables. Los rodamientos, sellos, componentes de desgaste y conjuntos mec\u00e1nicos est\u00e1n sometidos a un estr\u00e9s constante y deben sustituirse por piezas dise\u00f1adas correctamente para evitar la degradaci\u00f3n del rendimiento.<\/p>\n<p data-start=\"2384\" data-end=\"2659\">Sentrimax colabora estrechamente con los operadores del \u00e1rea de Vancouver para identificar las piezas correctas para centr\u00edfugas Alfa Laval seg\u00fan el modelo del equipo, el entorno operativo y el historial de servicio. La selecci\u00f3n correcta de piezas reduce el riesgo de fallos prematuros, da\u00f1os secundarios y costosos tiempos de inactividad.<\/p>\n<hr data-start=\"2661\" data-end=\"2664\" \/>\n<h2 data-start=\"2666\" data-end=\"2713\">Calidad y trazabilidad de piezas con certificaci\u00f3n ISO<\/h2>\n<p data-start=\"2715\" data-end=\"3060\">Todas las piezas de centr\u00edfugas Alfa Laval suministradas por Sentrimax cumplen con la norma de gesti\u00f3n de calidad ISO 9001:2015. Los componentes se inspeccionan para garantizar su precisi\u00f3n dimensional, integridad del material e idoneidad funcional antes de su entrega. Se mantiene la documentaci\u00f3n y la trazabilidad para respaldar los programas de control de calidad y la planificaci\u00f3n del mantenimiento a largo plazo.<\/p>\n<p data-start=\"3062\" data-end=\"3326\">Desde la especificaci\u00f3n inicial hasta la entrega, Sentrimax prioriza la precisi\u00f3n, la consistencia y la transparencia en el suministro de piezas. Puede encontrar m\u00e1s informaci\u00f3n sobre este enfoque estructurado en el sitio web interno. <strong data-start=\"3267\" data-end=\"3320\"><a class=\"decorated-link\" href=\"https:\/\/sentrimax.com\/es\/our-process\/?utm_source=chatgpt.com\" target=\"_new\" rel=\"noopener\" data-start=\"3269\" data-end=\"3318\">Nuestro proceso<\/a><\/strong> p\u00e1gina.<\/p>\n<hr data-start=\"3328\" data-end=\"3331\" \/>\n<h2 data-start=\"3333\" data-end=\"3372\">Piezas de centr\u00edfuga Alfa Laval suministradas<\/h2>\n<h3 data-start=\"3374\" data-end=\"3400\"><strong data-start=\"3378\" data-end=\"3400\">Cojinetes y sellos<\/strong><\/h3>\n<p data-start=\"3401\" data-end=\"3781\">Los rodamientos y sellos se encuentran entre los componentes m\u00e1s cr\u00edticos de los sistemas de centr\u00edfugas Alfa Laval. Los rodamientos soportan altas cargas de rotaci\u00f3n, mientras que los sellos protegen los conjuntos internos de la contaminaci\u00f3n y la p\u00e9rdida de fluidos. Sentrimax suministra rodamientos y sellos de precisi\u00f3n dise\u00f1ados para cumplir con las especificaciones de Alfa Laval y soportar las exigentes condiciones de funcionamiento de las instalaciones del \u00e1rea de Vancouver.<\/p>\n<h3 data-start=\"3783\" data-end=\"3822\"><strong data-start=\"3787\" data-end=\"3822\">Componentes de desgaste y consumibles<\/strong><\/h3>\n<p data-start=\"3823\" data-end=\"4119\">Los anillos de desgaste, revestimientos, juntas y otros consumibles se degradan naturalmente con el tiempo debido a la abrasi\u00f3n y al funcionamiento continuo. Sentrimax proporciona componentes de desgaste de repuesto con especificaciones precisas para ayudar a mantener la eficiencia de separaci\u00f3n, reducir la vibraci\u00f3n y facilitar programas de mantenimiento predecibles.<\/p>\n<h3 data-start=\"4121\" data-end=\"4163\"><strong data-start=\"4125\" data-end=\"4163\">Conjuntos mec\u00e1nicos y rotativos<\/strong><\/h3>\n<p data-start=\"4164\" data-end=\"4471\">Los ejes, acoplamientos, componentes de engranajes y conjuntos rotatorios operan bajo alto par y tensi\u00f3n. Sentrimax suministra componentes mec\u00e1nicos de precisi\u00f3n dise\u00f1ados para un ajuste, equilibrio y durabilidad \u00f3ptimos. Los conjuntos de origen adecuado ayudan a restaurar la integridad mec\u00e1nica y garantizan la fiabilidad a largo plazo de la centr\u00edfuga.<\/p>\n<p data-start=\"4473\" data-end=\"4612\">Una descripci\u00f3n completa de las piezas y las opciones de soporte de servicio est\u00e1 disponible en el sitio interno <strong data-start=\"4559\" data-end=\"4606\"><a class=\"decorated-link\" href=\"https:\/\/sentrimax.com\/es\/services\/?utm_source=chatgpt.com\" target=\"_new\" rel=\"noopener\" data-start=\"4561\" data-end=\"4604\">Servicios<\/a><\/strong> p\u00e1gina.<\/p>\n<hr data-start=\"4614\" data-end=\"4617\" \/>\n<h2 data-start=\"4619\" data-end=\"4674\">Identificaci\u00f3n de piezas por expertos y soporte de especificaciones<\/h2>\n<p data-start=\"4676\" data-end=\"4931\">La correcta identificaci\u00f3n de las piezas es esencial para mantener la fiabilidad de la centr\u00edfuga. Los t\u00e9cnicos de Sentrimax asisten a las instalaciones de Vancouver con la verificaci\u00f3n de piezas, las especificaciones y las comprobaciones de compatibilidad para garantizar la selecci\u00f3n de los componentes correctos desde el principio.<\/p>\n<p data-start=\"4933\" data-end=\"5200\">Al consultar los datos del equipo, los registros de servicio y las condiciones de operaci\u00f3n, Sentrimax ayuda a las instalaciones a evitar el pedido de piezas incorrectas o no compatibles. Este enfoque consultivo reduce el tiempo de inactividad, previene retrasos en la instalaci\u00f3n y mejora el rendimiento del equipo a largo plazo.<\/p>\n<hr data-start=\"5202\" data-end=\"5205\" \/>\n<h2 data-start=\"5207\" data-end=\"5264\">Integraci\u00f3n de piezas con la planificaci\u00f3n de mantenimiento y reparaci\u00f3n<\/h2>\n<p data-start=\"5266\" data-end=\"5530\">Las piezas para centr\u00edfugas Alfa Laval ofrecen el m\u00e1ximo valor cuando se integran en una estrategia m\u00e1s amplia de mantenimiento y reparaci\u00f3n. Sentrimax apoya a las instalaciones alineando el suministro de piezas con los programas de mantenimiento preventivo, los resultados de las inspecciones y los intervalos de servicio planificados.<\/p>\n<p data-start=\"5532\" data-end=\"5816\">Coordinar el reemplazo de piezas con las actividades de mantenimiento ayuda a controlar costos, prolongar la vida \u00fatil de los equipos y reducir las reparaciones de emergencia. El modelo de soporte integrado de Sentrimax garantiza que las tareas de repuestos, servicio y reparaci\u00f3n se integren para maximizar el tiempo de actividad y la eficiencia operativa.<\/p>\n<hr data-start=\"5818\" data-end=\"5821\" \/>\n<h2 data-start=\"5823\" data-end=\"5873\">Cumplimiento, seguridad y mejores pr\u00e1cticas de la industria<\/h2>\n<p data-start=\"5875\" data-end=\"6366\">Las instalaciones que operan centr\u00edfugas Alfa Laval en Columbia Brit\u00e1nica deben cumplir con las normativas ambientales y de seguridad. Orientaci\u00f3n de <strong data-start=\"6008\" data-end=\"6049\">Medio Ambiente y Cambio Clim\u00e1tico de Canad\u00e1<\/strong> Se enfatiza la importancia de contar con equipos confiables de tratamiento de aguas residuales y separaci\u00f3n de s\u00f3lidos para proteger las v\u00edas fluviales y reducir el riesgo ambiental. Documentaci\u00f3n del fabricante de <strong data-start=\"6230\" data-end=\"6268\">Alfa Laval \u2013 Tecnolog\u00eda de centr\u00edfugas<\/strong> Destaca el papel del reemplazo correcto de piezas para mantener el rendimiento y la seguridad del equipo.<\/p>\n<p data-start=\"6368\" data-end=\"6391\"><strong data-start=\"6368\" data-end=\"6391\">Recursos externos:<\/strong><\/p>\n<ul data-start=\"6392\" data-end=\"6546\">\n<li data-start=\"6392\" data-end=\"6472\">\n<p data-start=\"6394\" data-end=\"6472\"><a class=\"decorated-link\" href=\"https:\/\/www.canada.ca\/en\/environment-climate-change\/services\/wastewater.html\" target=\"_new\" rel=\"noopener\" data-start=\"6394\" data-end=\"6470\">https:\/\/www.canada.ca\/en\/environment-climate-change\/services\/wastewater.html<\/a><\/p>\n<\/li>\n<li data-start=\"6473\" data-end=\"6546\">\n<p data-start=\"6475\" data-end=\"6546\"><a class=\"decorated-link cursor-pointer\" target=\"_new\" rel=\"noopener\" data-start=\"6475\" data-end=\"6544\">https:\/\/www.alfalaval.com\/products\/separation\/centrifugal-separators\/<\/a><\/p>\n<\/li>\n<\/ul>\n<p data-start=\"6548\" data-end=\"6721\">Las soluciones de piezas Sentrimax respaldan estas mejores pr\u00e1cticas al ayudar a las instalaciones a mantener los sistemas de centr\u00edfuga Alfa Laval dentro de las especificaciones de dise\u00f1o y las expectativas regulatorias.<\/p>\n<hr data-start=\"6723\" data-end=\"6726\" \/>\n<h2 data-start=\"6728\" data-end=\"6768\">Soporte del ciclo de vida m\u00e1s all\u00e1 del suministro de piezas<\/h2>\n<p data-start=\"6770\" data-end=\"7156\">El suministro de piezas para centr\u00edfugas es solo un aspecto de la fiabilidad a largo plazo de los equipos. Sentrimax ofrece soporte continuo durante todo el ciclo de vida, que incluye monitorizaci\u00f3n del estado, recomendaciones para la planificaci\u00f3n de piezas y documentaci\u00f3n de servicio. Este enfoque centrado en el ciclo de vida ayuda a las instalaciones de Vancouver a anticipar las necesidades futuras de piezas, optimizar los presupuestos de mantenimiento y maximizar el retorno de la inversi\u00f3n en equipos.<\/p>\n<p data-start=\"7158\" data-end=\"7306\">Se encuentran disponibles informaci\u00f3n t\u00e9cnica adicional y orientaci\u00f3n sobre mantenimiento a trav\u00e9s del sitio web interno. <strong data-start=\"7248\" data-end=\"7297\"><a class=\"decorated-link cursor-pointer\" target=\"_new\" rel=\"noopener\" data-start=\"7250\" data-end=\"7295\">Recursos<\/a><\/strong> secci\u00f3n.<\/p>\n<hr data-start=\"7308\" data-end=\"7311\" \/>\n<h2 data-start=\"7313\" data-end=\"7368\">Socio de repuestos para centr\u00edfugas Alfa Laval en Vancouver, BC<\/h2>\n<p data-start=\"7370\" data-end=\"7777\">Las piezas fiables para centr\u00edfugas son esenciales para mantener la estabilidad operativa, el cumplimiento normativo y la productividad. Sentrimax suministra piezas para centr\u00edfugas Alfa Laval en Vancouver, Columbia Brit\u00e1nica, priorizando la precisi\u00f3n, la trazabilidad y la fiabilidad a largo plazo. Al asociarse con Sentrimax, las instalaciones obtienen acceso a componentes de ingenier\u00eda y asesoramiento experto que mantienen los sistemas de centr\u00edfugas Alfa Laval funcionando al m\u00e1ximo rendimiento.<\/p>\n<p data-start=\"7779\" data-end=\"7948\">Desde cojinetes y sellos hasta grandes conjuntos mec\u00e1nicos y componentes de desgaste, Sentrimax suministra las piezas que las instalaciones de Vancouver necesitan para proteger los activos y reducir el tiempo de inactividad.<\/p>\n<hr data-start=\"7950\" data-end=\"7953\" \/>\n<h2 data-start=\"7955\" data-end=\"7976\">Da el siguiente paso<\/h2>\n<p data-start=\"7978\" data-end=\"8186\">Disponer de las piezas correctas para centr\u00edfugas Alfa Laval ayuda a evitar costosos tiempos de inactividad y fallos inesperados. Sentrimax est\u00e1 listo para apoyar las instalaciones de Vancouver con suministro experto de piezas y soporte t\u00e9cnico.<\/p>\n<p data-start=\"8188\" data-end=\"8242\"><strong data-start=\"8188\" data-end=\"8242\"><a class=\"decorated-link\" href=\"https:\/\/sentrimax.com\/es\/contact\/\" target=\"_new\" rel=\"noopener\" data-start=\"8190\" data-end=\"8240\">\u00a1Solicita una cotizaci\u00f3n!<\/a><\/strong><\/p>","protected":false},"excerpt":{"rendered":"<p>Industrial and municipal facilities across Vancouver, BC rely on centrifuge systems to support solids separation, process efficiency, and environmental compliance. Equipment manufactured by Alfa Laval is widely used in wastewater treatment, food and beverage processing, marine operations, energy, and industrial separation applications due to its durability and engineering precision. Over time, even the most robust [&hellip;]<\/p>\n","protected":false},"author":3,"featured_media":0,"parent":0,"menu_order":0,"comment_status":"closed","ping_status":"closed","template":"seo-page-template.php","meta":{"_acf_changed":false,"inline_featured_image":false,"footnotes":""},"class_list":["post-2279","page","type-page","status-publish","hentry"],"acf":[],"_links":{"self":[{"href":"https:\/\/sentrimax.com\/es\/wp-json\/wp\/v2\/pages\/2279","targetHints":{"allow":["GET"]}}],"collection":[{"href":"https:\/\/sentrimax.com\/es\/wp-json\/wp\/v2\/pages"}],"about":[{"href":"https:\/\/sentrimax.com\/es\/wp-json\/wp\/v2\/types\/page"}],"author":[{"embeddable":true,"href":"https:\/\/sentrimax.com\/es\/wp-json\/wp\/v2\/users\/3"}],"replies":[{"embeddable":true,"href":"https:\/\/sentrimax.com\/es\/wp-json\/wp\/v2\/comments?post=2279"}],"version-history":[{"count":1,"href":"https:\/\/sentrimax.com\/es\/wp-json\/wp\/v2\/pages\/2279\/revisions"}],"predecessor-version":[{"id":2546,"href":"https:\/\/sentrimax.com\/es\/wp-json\/wp\/v2\/pages\/2279\/revisions\/2546"}],"wp:attachment":[{"href":"https:\/\/sentrimax.com\/es\/wp-json\/wp\/v2\/media?parent=2279"}],"curies":[{"name":"wp","href":"https:\/\/api.w.org\/{rel}","templated":true}]}}