{"id":2280,"date":"2026-01-07T15:35:54","date_gmt":"2026-01-07T15:35:54","guid":{"rendered":"https:\/\/sentrimax.com\/?page_id=2280"},"modified":"2026-04-21T21:15:57","modified_gmt":"2026-04-21T21:15:57","slug":"alfa-laval-decanter-centrifuge-repair-in-phoenix-az","status":"publish","type":"page","link":"https:\/\/sentrimax.com\/es\/alfa-laval-decanter-centrifuge-repair-in-phoenix-az\/","title":{"rendered":"Reparaci\u00f3n de centr\u00edfugas decantadoras Alfa Laval en Phoenix, Arizona"},"content":{"rendered":"<p data-start=\"759\" data-end=\"1506\"><img fetchpriority=\"high\" decoding=\"async\" class=\"aligncenter size-full wp-image-1190\" src=\"https:\/\/sentrimax.com\/wp-content\/uploads\/2025\/06\/image-1.jpg\" alt=\"\" width=\"1440\" height=\"694\" srcset=\"https:\/\/sentrimax.com\/wp-content\/uploads\/2025\/06\/image-1.jpg 1440w, https:\/\/sentrimax.com\/wp-content\/uploads\/2025\/06\/image-1-600x289.jpg 600w, https:\/\/sentrimax.com\/wp-content\/uploads\/2025\/06\/image-1-300x145.jpg 300w, https:\/\/sentrimax.com\/wp-content\/uploads\/2025\/06\/image-1-1024x494.jpg 1024w, https:\/\/sentrimax.com\/wp-content\/uploads\/2025\/06\/image-1-768x370.jpg 768w\" sizes=\"(max-width: 1440px) 100vw, 1440px\" \/><\/p>\n<p data-start=\"759\" data-end=\"1506\">Las instalaciones industriales y municipales de Phoenix, Arizona, dependen de las centr\u00edfugas decantadoras para facilitar la separaci\u00f3n eficiente de s\u00f3lidos, el cumplimiento normativo y las operaciones de procesamiento continuo en las exigentes condiciones del desierto. Equipos fabricados por <span class=\"hover:entity-accent entity-underline inline cursor-pointer align-baseline\"><span class=\"whitespace-normal\">Alfa Laval<\/span><\/span> Se utiliza ampliamente en el tratamiento de aguas residuales, el procesamiento de alimentos, la fabricaci\u00f3n de productos qu\u00edmicos y la separaci\u00f3n industrial gracias a su durabilidad y rendimiento. Incluso con ingenier\u00eda avanzada, las centr\u00edfugas decantadoras requieren reparaciones profesionales para mantener su eficiencia y evitar fallos imprevistos. Sentrimax ofrece reparaci\u00f3n profesional de centr\u00edfugas decantadoras Alfa Laval en Phoenix, Arizona, ayudando a las instalaciones a restaurar el rendimiento y prolongar la vida \u00fatil de equipos cr\u00edticos.<\/p>\n<p data-start=\"1508\" data-end=\"1878\">Con d\u00e9cadas de experiencia en el soporte de sistemas de centr\u00edfugas industriales en Norteam\u00e9rica, Sentrimax ofrece soluciones de reparaci\u00f3n de precisi\u00f3n adaptadas espec\u00edficamente a los dise\u00f1os de centr\u00edfugas decantadoras Alfa Laval. Cada reparaci\u00f3n se realiza siguiendo procesos de calidad documentados y un enfoque disciplinado y transparente, centrado en la fiabilidad, la seguridad y la estabilidad operativa a largo plazo.<\/p>\n<hr data-start=\"1880\" data-end=\"1883\" \/>\n<h2 data-start=\"1885\" data-end=\"1945\">Apoyando las operaciones industriales y de aguas residuales de Phoenix<\/h2>\n<p data-start=\"1947\" data-end=\"2292\">Las instalaciones del \u00e1rea de Phoenix operan en condiciones exigentes que incluyen altas temperaturas ambientales, materiales de alimentaci\u00f3n abrasivos y ciclos de trabajo continuos. Las plantas de tratamiento de aguas residuales y los procesadores industriales dependen de las centr\u00edfugas decantadoras Alfa Laval para gestionar cargas fluctuantes de s\u00f3lidos, cumpliendo al mismo tiempo con la normativa ambiental.<\/p>\n<p data-start=\"2294\" data-end=\"2578\">Sentrimax colabora estrechamente con los operadores de Phoenix para garantizar que los sistemas de centr\u00edfugas decantadoras Alfa Laval sigan funcionando de forma fiable. Mediante inspecciones detalladas y servicios de reparaci\u00f3n espec\u00edficos, las instalaciones obtienen un mayor control sobre la planificaci\u00f3n del mantenimiento, el rendimiento de los activos y el riesgo operativo.<\/p>\n<hr data-start=\"2580\" data-end=\"2583\" \/>\n<h2 data-start=\"2585\" data-end=\"2646\">Proceso de reparaci\u00f3n con certificaci\u00f3n ISO dise\u00f1ado para equipos de precisi\u00f3n<\/h2>\n<p data-start=\"2648\" data-end=\"2950\">Sentrimax opera bajo un sistema de gesti\u00f3n de calidad con certificaci\u00f3n ISO 9001:2015, lo que garantiza que cada reparaci\u00f3n de centr\u00edfugas decantadoras Alfa Laval siga un proceso estructurado y repetible. Este sistema prioriza la documentaci\u00f3n, la consistencia y la responsabilidad desde la recepci\u00f3n del equipo hasta las pruebas finales y la elaboraci\u00f3n de informes.<\/p>\n<p data-start=\"2952\" data-end=\"3390\">Cada reparaci\u00f3n comienza con una inspecci\u00f3n exhaustiva que puede incluir an\u00e1lisis de aceite, verificaci\u00f3n dimensional, revisi\u00f3n de vibraciones y evaluaci\u00f3n del estado de los componentes. Los hallazgos se documentan y comunican claramente para que los operadores puedan evaluar el alcance de la reparaci\u00f3n, los plazos y las consideraciones de mantenimiento a largo plazo. Puede encontrar informaci\u00f3n adicional sobre esta metodolog\u00eda en el sitio web interno. <strong data-start=\"3331\" data-end=\"3384\"><a class=\"decorated-link\" href=\"https:\/\/sentrimax.com\/es\/our-process\/?utm_source=chatgpt.com\" target=\"_new\" rel=\"noopener\" data-start=\"3333\" data-end=\"3382\">Nuestro proceso<\/a><\/strong> p\u00e1gina.<\/p>\n<hr data-start=\"3392\" data-end=\"3395\" \/>\n<h2 data-start=\"3397\" data-end=\"3460\">Servicios integrales de reparaci\u00f3n de centr\u00edfugas decantadoras Alfa Laval<\/h2>\n<h3 data-start=\"3462\" data-end=\"3498\"><strong data-start=\"3466\" data-end=\"3498\">Reparaci\u00f3n y revisi\u00f3n completa<\/strong><\/h3>\n<p data-start=\"3499\" data-end=\"3909\">Sentrimax ofrece servicios completos de reparaci\u00f3n y revisi\u00f3n de centr\u00edfugas decantadoras Alfa Laval para restaurar el equipo a su estado \u00f3ptimo de funcionamiento. Los servicios incluyen desmontaje completo, inspecci\u00f3n de componentes de desgaste, mecanizado de precisi\u00f3n, soldadura, sustituci\u00f3n de rodamientos, instalaci\u00f3n de sellos y un reensamblaje cuidadoso con tolerancias ajustadas. Estas reparaciones ayudan a las instalaciones a prolongar la vida \u00fatil del equipo y retrasar la costosa sustituci\u00f3n de capital.<\/p>\n<h3 data-start=\"3911\" data-end=\"3946\"><strong data-start=\"3915\" data-end=\"3946\">Equilibrado din\u00e1mico de precisi\u00f3n<\/strong><\/h3>\n<p data-start=\"3947\" data-end=\"4334\">El desequilibrio es una de las principales causas de vibraci\u00f3n, desgaste acelerado y fallos mec\u00e1nicos prematuros en los sistemas de centr\u00edfugas decantadoras. Sentrimax realiza un equilibrado din\u00e1mico avanzado en tres planos seg\u00fan la norma ISO G 0.5, lo que reduce significativamente la vibraci\u00f3n y mejora la estabilidad operativa. Un equilibrado adecuado protege los rodamientos, las cajas de engranajes y los conjuntos rotativos, a la vez que mejora la fiabilidad a largo plazo.<\/p>\n<h3 data-start=\"4336\" data-end=\"4380\"><strong data-start=\"4340\" data-end=\"4380\">Reparaci\u00f3n de cajas de cambios y conjuntos giratorios<\/strong><\/h3>\n<p data-start=\"4381\" data-end=\"4726\">Las cajas de engranajes y los componentes rotativos de las centr\u00edfugas decantadoras Alfa Laval operan en condiciones de proceso exigentes y de alto par. Sentrimax ofrece servicios detallados de inspecci\u00f3n, reconstrucci\u00f3n y reparaci\u00f3n mec\u00e1nica de cajas de engranajes para restaurar el rendimiento y la eficiencia. Estos servicios ayudan a prevenir fallos inesperados y a mantener la consistencia de las operaciones de procesamiento.<\/p>\n<p data-start=\"4728\" data-end=\"4849\">Una descripci\u00f3n completa de las capacidades de reparaci\u00f3n est\u00e1 disponible en el interior <strong data-start=\"4796\" data-end=\"4843\"><a class=\"decorated-link\" href=\"https:\/\/sentrimax.com\/es\/services\/?utm_source=chatgpt.com\" target=\"_new\" rel=\"noopener\" data-start=\"4798\" data-end=\"4841\">Servicios<\/a><\/strong> p\u00e1gina.<\/p>\n<hr data-start=\"4851\" data-end=\"4854\" \/>\n<h2 data-start=\"4856\" data-end=\"4920\">Soluciones de reparaci\u00f3n personalizadas para centr\u00edfugas decantadoras Alfa Laval<\/h2>\n<p data-start=\"4922\" data-end=\"5302\">No hay dos instalaciones que operen en las mismas condiciones. Las caracter\u00edsticas de los lodos, las demandas de producci\u00f3n, los rangos de temperatura y los requisitos regulatorios var\u00edan seg\u00fan las operaciones en el \u00e1rea de Phoenix. Sentrimax desarrolla soluciones de reparaci\u00f3n personalizadas seg\u00fan el modelo espec\u00edfico de la centr\u00edfuga decantadora Alfa Laval, el entorno operativo y el historial de servicio, en lugar de aplicar m\u00e9todos de reparaci\u00f3n gen\u00e9ricos.<\/p>\n<p data-start=\"5304\" data-end=\"5582\">Una documentaci\u00f3n clara y una comunicaci\u00f3n transparente permiten a los operadores planificar las actividades de reparaci\u00f3n de forma proactiva, gestionar los presupuestos eficazmente y reducir las emergencias de mantenimiento. Este enfoque personalizado favorece una mayor previsibilidad operativa y la fiabilidad a largo plazo de los equipos.<\/p>\n<hr data-start=\"5584\" data-end=\"5587\" \/>\n<h2 data-start=\"5589\" data-end=\"5634\">Minimizar el tiempo de inactividad en las instalaciones de Phoenix<\/h2>\n<p data-start=\"5636\" data-end=\"6028\">Las paradas imprevistas de las centr\u00edfugas decantadoras pueden interrumpir los procesos de tratamiento, sobrecargar el personal y aumentar los costos operativos. Sentrimax prioriza la eficiencia en los tiempos de respuesta y la coordinaci\u00f3n de la programaci\u00f3n para que las centr\u00edfugas decantadoras Alfa Laval vuelvan a funcionar lo antes posible. La comunicaci\u00f3n eficiente y el soporte t\u00e9cnico ayudan a minimizar las paradas durante reparaciones urgentes.<\/p>\n<p data-start=\"6030\" data-end=\"6190\">Al combinar la planificaci\u00f3n proactiva del mantenimiento con la ejecuci\u00f3n experta de reparaciones, Sentrimax respalda operaciones confiables en todo Phoenix y las comunidades circundantes.<\/p>\n<hr data-start=\"6192\" data-end=\"6195\" \/>\n<h2 data-start=\"6197\" data-end=\"6247\">Cumplimiento, seguridad y mejores pr\u00e1cticas de la industria<\/h2>\n<p data-start=\"6249\" data-end=\"6879\">Las instalaciones que operan centr\u00edfugas decantadoras Alfa Laval deben garantizar que el rendimiento del equipo cumpla con las normativas ambientales y de seguridad. Orientaci\u00f3n de la <strong data-start=\"6404\" data-end=\"6535\"><a class=\"decorated-link cursor-pointer\" target=\"_new\" rel=\"noopener\" data-start=\"6406\" data-end=\"6533\">Agencia de Protecci\u00f3n Ambiental de EE. UU. \u2013 Descripci\u00f3n general del tratamiento de aguas residuales<\/a><\/strong> Se enfatiza la importancia de contar con equipos confiables para el manejo de s\u00f3lidos para mantener el cumplimiento normativo. Gu\u00eda del fabricante de <strong data-start=\"6654\" data-end=\"6784\"><a class=\"decorated-link\" href=\"https:\/\/www.alfalaval.com\/products\/separation\/centrifugal-separators\/decanters\/\" target=\"_new\" rel=\"noopener\" data-start=\"6656\" data-end=\"6782\">Alfa Laval \u2013 Tecnolog\u00eda de centr\u00edfugas decantadoras<\/a><\/strong> Destaca el papel de la reparaci\u00f3n adecuada para preservar la eficiencia de la separaci\u00f3n y la seguridad del equipo.<\/p>\n<p data-start=\"6881\" data-end=\"7099\">Los servicios de reparaci\u00f3n de Sentrimax respaldan estas mejores pr\u00e1cticas al garantizar que los sistemas de centr\u00edfugas decantadoras Alfa Laval funcionen dentro de las especificaciones de dise\u00f1o, lo que ayuda a las instalaciones a reducir el riesgo ambiental y mantener operaciones seguras.<\/p>\n<hr data-start=\"7101\" data-end=\"7104\" \/>\n<h2 data-start=\"7106\" data-end=\"7140\">Soporte al ciclo de vida m\u00e1s all\u00e1 de la reparaci\u00f3n<\/h2>\n<p data-start=\"7142\" data-end=\"7544\">La reparaci\u00f3n eficaz de las centr\u00edfugas decantadoras Alfa Laval es m\u00e1s valiosa cuando se integra en una estrategia m\u00e1s amplia de ciclo de vida. Sentrimax ofrece soporte continuo que incluye monitoreo del estado, documentaci\u00f3n del rendimiento y recomendaciones para la planificaci\u00f3n del mantenimiento a largo plazo. Este enfoque centrado en el ciclo de vida ayuda a las instalaciones a optimizar los intervalos de servicio, controlar los costos y maximizar la rentabilidad de la inversi\u00f3n en equipos.<\/p>\n<p data-start=\"7546\" data-end=\"7694\">Se encuentran disponibles informaci\u00f3n t\u00e9cnica adicional y orientaci\u00f3n sobre mantenimiento a trav\u00e9s del sitio web interno. <strong data-start=\"7636\" data-end=\"7685\"><a class=\"decorated-link cursor-pointer\" target=\"_new\" rel=\"noopener\" data-start=\"7638\" data-end=\"7683\">Recursos<\/a><\/strong> secci\u00f3n.<\/p>\n<hr data-start=\"7696\" data-end=\"7699\" \/>\n<h2 data-start=\"7701\" data-end=\"7764\">Socio de reparaci\u00f3n de centr\u00edfugas decantadoras Alfa Laval en Phoenix, Arizona<\/h2>\n<p data-start=\"7766\" data-end=\"8136\">Las instalaciones de Phoenix dependen del rendimiento confiable de sus centr\u00edfugas decantadoras para mantener el cumplimiento normativo, proteger la salud p\u00fablica y controlar los costos operativos. El soporte de reparaci\u00f3n experto es esencial para minimizar el riesgo y garantizar la confiabilidad a largo plazo. Sentrimax ofrece servicios de reparaci\u00f3n de centr\u00edfugas decantadoras Alfa Laval en Phoenix, Arizona, con un enfoque en la calidad, la precisi\u00f3n y la seguridad operativa.<\/p>\n<p data-start=\"8138\" data-end=\"8309\">Desde inspecciones detalladas hasta reparaciones de precisi\u00f3n y soporte continuo durante el ciclo de vida, Sentrimax brinda a los operadores confianza en sus sistemas de centr\u00edfugas decantadoras Alfa Laval.<\/p>\n<hr data-start=\"8311\" data-end=\"8314\" \/>\n<h2 data-start=\"8316\" data-end=\"8337\">Da el siguiente paso<\/h2>\n<p data-start=\"8339\" data-end=\"8556\">Abordar los problemas de las centr\u00edfugas decantadoras a tiempo ayuda a evitar costosos tiempos de inactividad y fallos inesperados del equipo. Sentrimax est\u00e1 listo para brindar soporte a las instalaciones de Phoenix con servicios expertos de reparaci\u00f3n de centr\u00edfugas decantadoras Alfa Laval.<\/p>\n<p data-start=\"8558\" data-end=\"8612\"><strong data-start=\"8558\" data-end=\"8612\"><a class=\"decorated-link\" href=\"https:\/\/sentrimax.com\/es\/contact\/\" target=\"_new\" rel=\"noopener\" data-start=\"8560\" data-end=\"8610\">\u00a1Solicita una cotizaci\u00f3n!<\/a><\/strong><\/p>","protected":false},"excerpt":{"rendered":"<p>Industrial and municipal facilities throughout Phoenix, AZ rely on decanter centrifuges to support efficient solids separation, regulatory compliance, and continuous processing operations in demanding desert conditions. Equipment manufactured by Alfa Laval is widely used in wastewater treatment, food processing, chemical manufacturing, and industrial separation applications due to its durability and performance. Even with advanced engineering, [&hellip;]<\/p>\n","protected":false},"author":3,"featured_media":0,"parent":0,"menu_order":0,"comment_status":"closed","ping_status":"closed","template":"seo-page-template.php","meta":{"_acf_changed":false,"inline_featured_image":false,"footnotes":""},"class_list":["post-2280","page","type-page","status-publish","hentry"],"acf":[],"_links":{"self":[{"href":"https:\/\/sentrimax.com\/es\/wp-json\/wp\/v2\/pages\/2280","targetHints":{"allow":["GET"]}}],"collection":[{"href":"https:\/\/sentrimax.com\/es\/wp-json\/wp\/v2\/pages"}],"about":[{"href":"https:\/\/sentrimax.com\/es\/wp-json\/wp\/v2\/types\/page"}],"author":[{"embeddable":true,"href":"https:\/\/sentrimax.com\/es\/wp-json\/wp\/v2\/users\/3"}],"replies":[{"embeddable":true,"href":"https:\/\/sentrimax.com\/es\/wp-json\/wp\/v2\/comments?post=2280"}],"version-history":[{"count":1,"href":"https:\/\/sentrimax.com\/es\/wp-json\/wp\/v2\/pages\/2280\/revisions"}],"predecessor-version":[{"id":2545,"href":"https:\/\/sentrimax.com\/es\/wp-json\/wp\/v2\/pages\/2280\/revisions\/2545"}],"wp:attachment":[{"href":"https:\/\/sentrimax.com\/es\/wp-json\/wp\/v2\/media?parent=2280"}],"curies":[{"name":"wp","href":"https:\/\/api.w.org\/{rel}","templated":true}]}}