{"id":2281,"date":"2026-01-07T15:39:41","date_gmt":"2026-01-07T15:39:41","guid":{"rendered":"https:\/\/sentrimax.com\/?page_id=2281"},"modified":"2026-04-21T21:15:57","modified_gmt":"2026-04-21T21:15:57","slug":"sharples-centrifuge-repair-in-chicago-il","status":"publish","type":"page","link":"https:\/\/sentrimax.com\/es\/sharples-centrifuge-repair-in-chicago-il\/","title":{"rendered":"Reparaci\u00f3n de centr\u00edfugas Sharples en Chicago, Illinois"},"content":{"rendered":"<p data-start=\"713\" data-end=\"1429\"><img fetchpriority=\"high\" decoding=\"async\" class=\"aligncenter size-full wp-image-910\" src=\"https:\/\/sentrimax.com\/wp-content\/uploads\/2025\/05\/image-4.png\" alt=\"\" width=\"1648\" height=\"1013\" srcset=\"https:\/\/sentrimax.com\/wp-content\/uploads\/2025\/05\/image-4.png 1648w, https:\/\/sentrimax.com\/wp-content\/uploads\/2025\/05\/image-4-600x369.png 600w, https:\/\/sentrimax.com\/wp-content\/uploads\/2025\/05\/image-4-300x184.png 300w, https:\/\/sentrimax.com\/wp-content\/uploads\/2025\/05\/image-4-1024x629.png 1024w, https:\/\/sentrimax.com\/wp-content\/uploads\/2025\/05\/image-4-768x472.png 768w, https:\/\/sentrimax.com\/wp-content\/uploads\/2025\/05\/image-4-1536x944.png 1536w\" sizes=\"(max-width: 1648px) 100vw, 1648px\" \/><\/p>\n<p data-start=\"713\" data-end=\"1429\">Las instalaciones industriales y municipales de Chicago, Illinois, dependen de sistemas centr\u00edfugos para garantizar operaciones continuas, una separaci\u00f3n eficiente de s\u00f3lidos y el cumplimiento normativo. Equipos fabricados por <span class=\"hover:entity-accent entity-underline inline cursor-pointer align-baseline\"><span class=\"whitespace-normal\">Sharples<\/span><\/span> Se ha utilizado durante mucho tiempo en aplicaciones de tratamiento de aguas residuales, procesamiento qu\u00edmico, producci\u00f3n de alimentos y separaci\u00f3n industrial gracias a su robusto dise\u00f1o mec\u00e1nico y rendimiento comprobado. A medida que estos sistemas envejecen y operan en condiciones exigentes, la reparaci\u00f3n experta se vuelve esencial para mantener la fiabilidad y la eficiencia. Sentrimax ofrece reparaci\u00f3n profesional de centr\u00edfugas Sharples en Chicago, Illinois, ayudando a las instalaciones a restaurar el rendimiento y prolongar la vida \u00fatil de equipos cr\u00edticos.<\/p>\n<p data-start=\"1431\" data-end=\"1777\">Con d\u00e9cadas de experiencia en el soporte de sistemas de centr\u00edfugas industriales en Norteam\u00e9rica, Sentrimax ofrece soluciones de reparaci\u00f3n de precisi\u00f3n adaptadas a los dise\u00f1os de centr\u00edfugas Sharples. Cada reparaci\u00f3n se realiza siguiendo procesos de calidad documentados y un enfoque disciplinado y transparente, centrado en la seguridad, el rendimiento y la estabilidad operativa a largo plazo.<\/p>\n<hr data-start=\"1779\" data-end=\"1782\" \/>\n<h2 data-start=\"1784\" data-end=\"1843\">Apoyando las operaciones industriales y municipales de Chicago<\/h2>\n<p data-start=\"1845\" data-end=\"2292\">Chicago es un importante centro de operaciones de fabricaci\u00f3n, procesamiento y tratamiento de aguas residuales que atiende a millones de residentes y empresas. Las instalaciones de la regi\u00f3n dependen del rendimiento confiable de las centr\u00edfugas para gestionar el manejo de s\u00f3lidos, proteger los equipos posteriores y cumplir con las normativas ambientales. Las centr\u00edfugas Sharples suelen operar con cargas elevadas, materiales abrasivos y ciclos de trabajo continuos que aceleran el desgaste de los componentes.<\/p>\n<p data-start=\"2294\" data-end=\"2572\">Sentrimax colabora estrechamente con los operadores del \u00e1rea de Chicago para garantizar que los sistemas de centr\u00edfugas Sharples sigan funcionando de forma fiable. Mediante inspecciones detalladas y servicios de reparaci\u00f3n espec\u00edficos, las instalaciones obtienen un mayor control sobre la planificaci\u00f3n del mantenimiento, el rendimiento de los activos y el riesgo operativo.<\/p>\n<hr data-start=\"2574\" data-end=\"2577\" \/>\n<h2 data-start=\"2579\" data-end=\"2637\">Proceso de reparaci\u00f3n con certificaci\u00f3n ISO dise\u00f1ado para equipos antiguos<\/h2>\n<p data-start=\"2639\" data-end=\"2930\">Sentrimax opera bajo un sistema de gesti\u00f3n de calidad con certificaci\u00f3n ISO 9001:2015, lo que garantiza que cada reparaci\u00f3n de centr\u00edfugas Sharples siga un proceso estructurado y repetible. Este sistema prioriza la documentaci\u00f3n, la consistencia y la rendici\u00f3n de cuentas desde la recepci\u00f3n del equipo hasta las pruebas finales y la elaboraci\u00f3n de informes.<\/p>\n<p data-start=\"2932\" data-end=\"3367\">Cada reparaci\u00f3n comienza con una inspecci\u00f3n exhaustiva que puede incluir an\u00e1lisis de aceite, verificaci\u00f3n dimensional, revisi\u00f3n de vibraciones y evaluaci\u00f3n del estado de los componentes. Los hallazgos se documentan y comunican claramente para que los operadores puedan evaluar el alcance de la reparaci\u00f3n, los plazos y las consideraciones de mantenimiento a largo plazo. Puede encontrar m\u00e1s informaci\u00f3n sobre esta metodolog\u00eda en el sitio web interno. <strong data-start=\"3308\" data-end=\"3361\"><a class=\"decorated-link\" href=\"https:\/\/sentrimax.com\/es\/our-process\/?utm_source=chatgpt.com\" target=\"_new\" rel=\"noopener\" data-start=\"3310\" data-end=\"3359\">Nuestro proceso<\/a><\/strong> p\u00e1gina.<\/p>\n<hr data-start=\"3369\" data-end=\"3372\" \/>\n<h2 data-start=\"3374\" data-end=\"3426\">Servicios integrales de reparaci\u00f3n de centr\u00edfugas Sharples<\/h2>\n<h3 data-start=\"3428\" data-end=\"3464\"><strong data-start=\"3432\" data-end=\"3464\">Reparaci\u00f3n y revisi\u00f3n completa<\/strong><\/h3>\n<p data-start=\"3465\" data-end=\"3864\">Sentrimax ofrece servicios completos de reparaci\u00f3n y revisi\u00f3n de centr\u00edfugas Sharples para restaurar el equipo a su estado \u00f3ptimo de funcionamiento. Los servicios incluyen desmontaje completo, inspecci\u00f3n de componentes de desgaste, mecanizado de precisi\u00f3n, soldadura, sustituci\u00f3n de rodamientos, instalaci\u00f3n de sellos y un reensamblaje cuidadoso con tolerancias ajustadas. Estas reparaciones ayudan a las instalaciones a prolongar la vida \u00fatil del equipo y a retrasar costosas reposiciones de capital.<\/p>\n<h3 data-start=\"3866\" data-end=\"3901\"><strong data-start=\"3870\" data-end=\"3901\">Equilibrado din\u00e1mico de precisi\u00f3n<\/strong><\/h3>\n<p data-start=\"3902\" data-end=\"4280\">El desequilibrio es una de las principales causas de vibraci\u00f3n, desgaste acelerado y fallos mec\u00e1nicos prematuros en los sistemas centr\u00edfugos. Sentrimax realiza un equilibrado din\u00e1mico avanzado en tres planos seg\u00fan la norma ISO G 0.5, lo que reduce significativamente la vibraci\u00f3n y mejora la estabilidad operativa. Un equilibrado adecuado protege los rodamientos, las cajas de engranajes y los conjuntos rotativos, a la vez que mejora la fiabilidad a largo plazo.<\/p>\n<h3 data-start=\"4282\" data-end=\"4326\"><strong data-start=\"4286\" data-end=\"4326\">Reparaci\u00f3n de cajas de cambios y conjuntos giratorios<\/strong><\/h3>\n<p data-start=\"4327\" data-end=\"4658\">Las cajas de engranajes y los conjuntos rotatorios de las centr\u00edfugas Sharples operan bajo condiciones de proceso exigentes y de alto par. Sentrimax ofrece servicios detallados de inspecci\u00f3n, reconstrucci\u00f3n y reparaci\u00f3n mec\u00e1nica de cajas de engranajes para restaurar la eficiencia y la confiabilidad. Estos servicios ayudan a prevenir fallas inesperadas y a mantener la estabilidad de la planta.<\/p>\n<p data-start=\"4660\" data-end=\"4781\">Una descripci\u00f3n completa de las capacidades de reparaci\u00f3n est\u00e1 disponible en el interior <strong data-start=\"4728\" data-end=\"4775\"><a class=\"decorated-link\" href=\"https:\/\/sentrimax.com\/es\/services\/?utm_source=chatgpt.com\" target=\"_new\" rel=\"noopener\" data-start=\"4730\" data-end=\"4773\">Servicios<\/a><\/strong> p\u00e1gina.<\/p>\n<hr data-start=\"4783\" data-end=\"4786\" \/>\n<h2 data-start=\"4788\" data-end=\"4841\">Soluciones de reparaci\u00f3n personalizadas para centr\u00edfugas Sharples<\/h2>\n<p data-start=\"4843\" data-end=\"5279\">Muchas centr\u00edfugas Sharples permanecen en servicio d\u00e9cadas despu\u00e9s de su instalaci\u00f3n, a menudo respaldando infraestructuras cr\u00edticas y procesos industriales. No hay dos instalaciones que operen en las mismas condiciones, y los equipos antiguos suelen requerir m\u00e9todos de reparaci\u00f3n personalizados. Sentrimax desarrolla soluciones de reparaci\u00f3n basadas en el modelo espec\u00edfico de centr\u00edfuga Sharples, el entorno operativo y el historial de servicio, en lugar de aplicar m\u00e9todos de reparaci\u00f3n gen\u00e9ricos.<\/p>\n<p data-start=\"5281\" data-end=\"5558\">Una documentaci\u00f3n clara y una comunicaci\u00f3n transparente permiten a los administradores de instalaciones planificar las actividades de reparaci\u00f3n de forma proactiva, gestionar los presupuestos eficazmente y reducir las emergencias de mantenimiento. Este enfoque personalizado mejora la previsibilidad operativa y la fiabilidad a largo plazo de los equipos.<\/p>\n<hr data-start=\"5560\" data-end=\"5563\" \/>\n<h2 data-start=\"5565\" data-end=\"5610\">Minimizar el tiempo de inactividad en las instalaciones de Chicago<\/h2>\n<p data-start=\"5612\" data-end=\"5988\">Las paradas no planificadas de las centr\u00edfugas pueden interrumpir los procesos de tratamiento de aguas residuales, los programas de producci\u00f3n y las obligaciones de cumplimiento. Sentrimax prioriza la eficiencia en los tiempos de respuesta y la coordinaci\u00f3n de la programaci\u00f3n para que las centr\u00edfugas Sharples vuelvan a funcionar lo antes posible. La comunicaci\u00f3n eficiente y el soporte t\u00e9cnico ayudan a minimizar las paradas durante reparaciones urgentes.<\/p>\n<p data-start=\"5990\" data-end=\"6150\">Al combinar la planificaci\u00f3n proactiva del mantenimiento con la ejecuci\u00f3n experta de reparaciones, Sentrimax respalda operaciones confiables en todo Chicago y las comunidades circundantes.<\/p>\n<hr data-start=\"6152\" data-end=\"6155\" \/>\n<h2 data-start=\"6157\" data-end=\"6207\">Cumplimiento, seguridad y mejores pr\u00e1cticas de la industria<\/h2>\n<p data-start=\"6209\" data-end=\"6784\">Las instalaciones que operan centr\u00edfugas Sharples deben garantizar que el rendimiento del equipo cumpla con las normativas ambientales y de seguridad. Orientaci\u00f3n de la <strong data-start=\"6353\" data-end=\"6484\"><a class=\"decorated-link cursor-pointer\" target=\"_new\" rel=\"noopener\" data-start=\"6355\" data-end=\"6482\">Agencia de Protecci\u00f3n Ambiental de EE. UU. \u2013 Descripci\u00f3n general del tratamiento de aguas residuales<\/a><\/strong> Se enfatiza la importancia de contar con equipos confiables para el manejo de s\u00f3lidos para mantener el cumplimiento normativo. Recursos de la industria de <strong data-start=\"6604\" data-end=\"6670\"><a class=\"decorated-link cursor-pointer\" target=\"_new\" rel=\"noopener\" data-start=\"6606\" data-end=\"6668\">Federaci\u00f3n del Medio Ambiente del Agua<\/a><\/strong> Destacar el mantenimiento y la reparaci\u00f3n proactivos de los equipos como factores clave en la eficiencia operativa y la reducci\u00f3n de riesgos.<\/p>\n<p data-start=\"6786\" data-end=\"6993\">Los servicios de reparaci\u00f3n de Sentrimax respaldan estas mejores pr\u00e1cticas al garantizar que los sistemas centr\u00edfugos Sharples funcionen dentro de las especificaciones de dise\u00f1o, lo que ayuda a las instalaciones a reducir el riesgo ambiental y mantener operaciones seguras.<\/p>\n<hr data-start=\"6995\" data-end=\"6998\" \/>\n<h2 data-start=\"7000\" data-end=\"7034\">Soporte al ciclo de vida m\u00e1s all\u00e1 de la reparaci\u00f3n<\/h2>\n<p data-start=\"7036\" data-end=\"7427\">La reparaci\u00f3n eficaz de centr\u00edfugas Sharples es m\u00e1s valiosa cuando se integra en una estrategia m\u00e1s amplia de ciclo de vida. Sentrimax ofrece soporte continuo que incluye monitoreo de condici\u00f3n, documentaci\u00f3n de rendimiento y recomendaciones para la planificaci\u00f3n del mantenimiento a largo plazo. Este enfoque centrado en el ciclo de vida ayuda a las instalaciones a optimizar los intervalos de servicio, controlar los costos y maximizar la rentabilidad de la inversi\u00f3n en equipos.<\/p>\n<p data-start=\"7429\" data-end=\"7577\">Se encuentran disponibles informaci\u00f3n t\u00e9cnica adicional y orientaci\u00f3n sobre mantenimiento a trav\u00e9s del sitio web interno. <strong data-start=\"7519\" data-end=\"7568\"><a class=\"decorated-link cursor-pointer\" target=\"_new\" rel=\"noopener\" data-start=\"7521\" data-end=\"7566\">Recursos<\/a><\/strong> secci\u00f3n.<\/p>\n<hr data-start=\"7579\" data-end=\"7582\" \/>\n<h2 data-start=\"7584\" data-end=\"7636\">Socio de reparaci\u00f3n de centr\u00edfugas Sharples para Chicago, IL<\/h2>\n<p data-start=\"7638\" data-end=\"8002\">Las instalaciones de Chicago dependen del rendimiento confiable de sus centr\u00edfugas para mantener el cumplimiento normativo, la productividad y la estabilidad operativa. El soporte de reparaci\u00f3n experto es esencial para minimizar el riesgo y prolongar la vida \u00fatil de las centr\u00edfugas obsoletas. Sentrimax ofrece servicios de reparaci\u00f3n de centr\u00edfugas Sharples en Chicago, Illinois, con un enfoque en la calidad, la precisi\u00f3n y la confiabilidad a largo plazo.<\/p>\n<p data-start=\"8004\" data-end=\"8164\">Desde inspecciones detalladas hasta reparaciones de precisi\u00f3n y soporte continuo durante el ciclo de vida, Sentrimax brinda a los operadores confianza en sus sistemas centr\u00edfugos Sharples.<\/p>\n<hr data-start=\"8166\" data-end=\"8169\" \/>\n<h2 data-start=\"8171\" data-end=\"8192\">Da el siguiente paso<\/h2>\n<p data-start=\"8194\" data-end=\"8391\">Abordar los problemas de las centr\u00edfugas a tiempo ayuda a prevenir costosos tiempos de inactividad y fallos inesperados del equipo. Sentrimax est\u00e1 listo para brindar soporte a las instalaciones de Chicago con servicios expertos de reparaci\u00f3n de centr\u00edfugas Sharples.<\/p>\n<p data-start=\"8393\" data-end=\"8447\"><strong data-start=\"8393\" data-end=\"8447\"><a class=\"decorated-link\" href=\"https:\/\/sentrimax.com\/es\/contact\/\" target=\"_new\" rel=\"noopener\" data-start=\"8395\" data-end=\"8445\">\u00a1Solicita una cotizaci\u00f3n!<\/a><\/strong><\/p>","protected":false},"excerpt":{"rendered":"<p>Industrial and municipal facilities in Chicago, IL rely on centrifuge systems to support continuous operations, efficient solids separation, and regulatory compliance. Equipment manufactured by Sharples has long been used across wastewater treatment, chemical processing, food production, and industrial separation applications due to its robust mechanical design and proven performance. As these systems age and operate [&hellip;]<\/p>\n","protected":false},"author":3,"featured_media":0,"parent":0,"menu_order":0,"comment_status":"closed","ping_status":"closed","template":"seo-page-template.php","meta":{"_acf_changed":false,"inline_featured_image":false,"footnotes":""},"class_list":["post-2281","page","type-page","status-publish","hentry"],"acf":[],"_links":{"self":[{"href":"https:\/\/sentrimax.com\/es\/wp-json\/wp\/v2\/pages\/2281","targetHints":{"allow":["GET"]}}],"collection":[{"href":"https:\/\/sentrimax.com\/es\/wp-json\/wp\/v2\/pages"}],"about":[{"href":"https:\/\/sentrimax.com\/es\/wp-json\/wp\/v2\/types\/page"}],"author":[{"embeddable":true,"href":"https:\/\/sentrimax.com\/es\/wp-json\/wp\/v2\/users\/3"}],"replies":[{"embeddable":true,"href":"https:\/\/sentrimax.com\/es\/wp-json\/wp\/v2\/comments?post=2281"}],"version-history":[{"count":1,"href":"https:\/\/sentrimax.com\/es\/wp-json\/wp\/v2\/pages\/2281\/revisions"}],"predecessor-version":[{"id":2544,"href":"https:\/\/sentrimax.com\/es\/wp-json\/wp\/v2\/pages\/2281\/revisions\/2544"}],"wp:attachment":[{"href":"https:\/\/sentrimax.com\/es\/wp-json\/wp\/v2\/media?parent=2281"}],"curies":[{"name":"wp","href":"https:\/\/api.w.org\/{rel}","templated":true}]}}