{"id":2282,"date":"2026-01-07T15:46:26","date_gmt":"2026-01-07T15:46:26","guid":{"rendered":"https:\/\/sentrimax.com\/?page_id=2282"},"modified":"2026-04-21T21:15:56","modified_gmt":"2026-04-21T21:15:56","slug":"sharples-decanter-centrifuge-service-in-houston-tx","status":"publish","type":"page","link":"https:\/\/sentrimax.com\/es\/sharples-decanter-centrifuge-service-in-houston-tx\/","title":{"rendered":"Servicio de centr\u00edfugas decantadoras Sharples en Houston, TX"},"content":{"rendered":"<p data-start=\"752\" data-end=\"1572\"><img fetchpriority=\"high\" decoding=\"async\" class=\"aligncenter size-full wp-image-1190\" src=\"https:\/\/sentrimax.com\/wp-content\/uploads\/2025\/06\/image-1.jpg\" alt=\"\" width=\"1440\" height=\"694\" srcset=\"https:\/\/sentrimax.com\/wp-content\/uploads\/2025\/06\/image-1.jpg 1440w, https:\/\/sentrimax.com\/wp-content\/uploads\/2025\/06\/image-1-600x289.jpg 600w, https:\/\/sentrimax.com\/wp-content\/uploads\/2025\/06\/image-1-300x145.jpg 300w, https:\/\/sentrimax.com\/wp-content\/uploads\/2025\/06\/image-1-1024x494.jpg 1024w, https:\/\/sentrimax.com\/wp-content\/uploads\/2025\/06\/image-1-768x370.jpg 768w\" sizes=\"(max-width: 1440px) 100vw, 1440px\" \/><\/p>\n<p data-start=\"752\" data-end=\"1572\">Las instalaciones industriales y municipales de Houston, Texas, dependen de las centr\u00edfugas decantadoras para garantizar el procesamiento continuo, la separaci\u00f3n eficiente de s\u00f3lidos y el cumplimiento normativo en entornos operativos exigentes. Equipos fabricados por <span class=\"hover:entity-accent entity-underline inline cursor-pointer align-baseline\"><span class=\"whitespace-normal\">Sharples<\/span><\/span> Se ha utilizado ampliamente en aplicaciones de tratamiento de aguas residuales, procesamiento qu\u00edmico, producci\u00f3n de energ\u00eda y separaci\u00f3n industrial gracias a su robusto dise\u00f1o mec\u00e1nico y su probado rendimiento a largo plazo. Dado que estos sistemas operan bajo altas cargas y condiciones de proceso rigurosas, un mantenimiento constante es esencial para mantener la confiabilidad y evitar paradas imprevistas. Sentrimax ofrece servicio profesional para centr\u00edfugas decantadoras Sharples en Houston, Texas, ayudando a las instalaciones a mantener el rendimiento, prolongar la vida \u00fatil de los equipos y controlar el riesgo operativo.<\/p>\n<p data-start=\"1574\" data-end=\"1930\">Con d\u00e9cadas de experiencia en el soporte de sistemas de centr\u00edfugas industriales en Norteam\u00e9rica, Sentrimax ofrece soluciones de servicio estructuradas, adaptadas espec\u00edficamente a los dise\u00f1os de centr\u00edfugas decantadoras Sharples. Cada servicio se rige por procesos de calidad documentados y un enfoque disciplinado y transparente, centrado en el tiempo de funcionamiento, la seguridad y la fiabilidad a largo plazo.<\/p>\n<hr data-start=\"1932\" data-end=\"1935\" \/>\n<h2 data-start=\"1937\" data-end=\"1997\">Apoyando las operaciones industriales y de aguas residuales de Houston<\/h2>\n<p data-start=\"1999\" data-end=\"2451\">Houston es un centro global de producci\u00f3n de energ\u00eda, procesamiento petroqu\u00edmico, manufactura y tratamiento de aguas residuales municipales. Las instalaciones de la regi\u00f3n operan centr\u00edfugas decantadoras en condiciones extremas, incluyendo materiales abrasivos, caracter\u00edsticas de alimentaci\u00f3n variables y ciclos de trabajo continuos. Un servicio confiable de centr\u00edfugas es fundamental para mantener la eficiencia de la separaci\u00f3n, proteger los equipos aguas abajo y cumplir con las estrictas regulaciones ambientales.<\/p>\n<p data-start=\"2453\" data-end=\"2754\">Sentrimax colabora estrechamente con los operadores del \u00e1rea de Houston para garantizar que los sistemas de centr\u00edfugas decantadoras Sharples sigan funcionando de forma fiable. Mediante una planificaci\u00f3n proactiva del servicio, inspecciones detalladas y la verificaci\u00f3n del rendimiento, las instalaciones obtienen un mayor control sobre el estado de los equipos y la programaci\u00f3n del mantenimiento.<\/p>\n<hr data-start=\"2756\" data-end=\"2759\" \/>\n<h2 data-start=\"2761\" data-end=\"2820\">Proceso de servicio con certificaci\u00f3n ISO dise\u00f1ado para equipos antiguos<\/h2>\n<p data-start=\"2822\" data-end=\"3123\">Sentrimax opera bajo un sistema de gesti\u00f3n de calidad con certificaci\u00f3n ISO 9001:2015, lo que garantiza que cada servicio de centr\u00edfugas decantadoras Sharples siga un proceso estructurado y repetible. Este sistema prioriza la documentaci\u00f3n, la consistencia y la rendici\u00f3n de cuentas desde la recepci\u00f3n del equipo hasta las pruebas finales y la elaboraci\u00f3n de informes.<\/p>\n<p data-start=\"3125\" data-end=\"3598\">Cada intervenci\u00f3n de servicio comienza con una inspecci\u00f3n exhaustiva que puede incluir an\u00e1lisis de aceite, revisi\u00f3n de vibraciones, verificaci\u00f3n dimensional y evaluaci\u00f3n del estado de los componentes. Los hallazgos se documentan y comunican claramente para que los operadores puedan tomar decisiones informadas sobre el alcance del servicio, la programaci\u00f3n y las estrategias de mantenimiento a largo plazo. Puede encontrar informaci\u00f3n adicional sobre esta metodolog\u00eda en el sitio web interno. <strong data-start=\"3539\" data-end=\"3592\"><a class=\"decorated-link\" href=\"https:\/\/sentrimax.com\/es\/our-process\/?utm_source=chatgpt.com\" target=\"_new\" rel=\"noopener\" data-start=\"3541\" data-end=\"3590\">Nuestro proceso<\/a><\/strong> p\u00e1gina.<\/p>\n<hr data-start=\"3600\" data-end=\"3603\" \/>\n<h2 data-start=\"3605\" data-end=\"3671\">Capacidades integrales de servicio para centr\u00edfugas decantadoras Sharples<\/h2>\n<h3 data-start=\"3673\" data-end=\"3714\"><strong data-start=\"3677\" data-end=\"3714\">Inspecci\u00f3n y Servicio Preventivo<\/strong><\/h3>\n<p data-start=\"3715\" data-end=\"4027\">La inspecci\u00f3n rutinaria y el servicio preventivo ayudan a identificar problemas emergentes antes de que provoquen fallas en el equipo. Sentrimax ofrece programas de servicio programado que incluyen inspecciones, revisiones de lubricaci\u00f3n, evaluaciones de desgaste y verificaci\u00f3n del rendimiento para garantizar un funcionamiento confiable y reducir las paradas no planificadas.<\/p>\n<h3 data-start=\"4029\" data-end=\"4070\"><strong data-start=\"4033\" data-end=\"4070\">Servicios de reparaci\u00f3n y remodelaci\u00f3n<\/strong><\/h3>\n<p data-start=\"4071\" data-end=\"4394\">Cuando los componentes de las centr\u00edfugas decantadoras Sharples presentan signos de desgaste o da\u00f1os, Sentrimax ofrece servicios de reparaci\u00f3n y reacondicionamiento de precisi\u00f3n. Estos servicios incluyen desmontaje, inspecci\u00f3n, mecanizado, soldadura, sustituci\u00f3n de componentes y reensamblaje con tolerancias estrictas, lo que ayuda a restaurar el equipo a su estado \u00f3ptimo de funcionamiento.<\/p>\n<h3 data-start=\"4396\" data-end=\"4450\"><strong data-start=\"4400\" data-end=\"4450\">Equilibrado din\u00e1mico y verificaci\u00f3n del rendimiento<\/strong><\/h3>\n<p data-start=\"4451\" data-end=\"4730\">El desequilibrio es una de las principales causas de vibraci\u00f3n, desgaste acelerado y reducci\u00f3n de la eficiencia de la centr\u00edfuga. Como parte del servicio de centr\u00edfugas decantadoras, Sentrimax realiza un equilibrado din\u00e1mico avanzado y una verificaci\u00f3n del rendimiento para garantizar un funcionamiento fluido y proteger los componentes rotatorios cr\u00edticos.<\/p>\n<p data-start=\"4732\" data-end=\"4854\">Una descripci\u00f3n completa de las capacidades del servicio est\u00e1 disponible en el sitio interno <strong data-start=\"4801\" data-end=\"4848\"><a class=\"decorated-link\" href=\"https:\/\/sentrimax.com\/es\/services\/?utm_source=chatgpt.com\" target=\"_new\" rel=\"noopener\" data-start=\"4803\" data-end=\"4846\">Servicios<\/a><\/strong> p\u00e1gina.<\/p>\n<hr data-start=\"4856\" data-end=\"4859\" \/>\n<h2 data-start=\"4861\" data-end=\"4924\">Soluciones de servicio personalizadas para centr\u00edfugas decantadoras Sharples<\/h2>\n<p data-start=\"4926\" data-end=\"5341\">Muchas centr\u00edfugas decantadoras Sharples permanecen en servicio durante d\u00e9cadas, a menudo en operaciones cr\u00edticas. No hay dos instalaciones que operen en las mismas condiciones, y los equipos antiguos suelen requerir servicios personalizados. Sentrimax desarrolla soluciones de servicio personalizadas seg\u00fan el modelo espec\u00edfico de centr\u00edfuga Sharples, el entorno operativo y el historial de servicio, en lugar de aplicar programas gen\u00e9ricos.<\/p>\n<p data-start=\"5343\" data-end=\"5630\">Una documentaci\u00f3n clara y una comunicaci\u00f3n transparente permiten a los administradores de instalaciones planificar las actividades de servicio de forma proactiva, gestionar los presupuestos eficazmente y reducir las emergencias de mantenimiento. Este enfoque personalizado favorece una mayor previsibilidad operativa y la fiabilidad a largo plazo de los equipos.<\/p>\n<hr data-start=\"5632\" data-end=\"5635\" \/>\n<h2 data-start=\"5637\" data-end=\"5682\">Minimizar el tiempo de inactividad en las instalaciones de Houston<\/h2>\n<p data-start=\"5684\" data-end=\"6081\">Las paradas imprevistas de las centr\u00edfugas decantadoras pueden interrumpir los procesos de tratamiento, afectar los cronogramas de producci\u00f3n y aumentar los costos operativos. Sentrimax prioriza la planificaci\u00f3n proactiva del servicio, los plazos de entrega eficientes y la programaci\u00f3n coordinada para garantizar el funcionamiento fiable de las centr\u00edfugas decantadoras Sharples. La comunicaci\u00f3n \u00e1gil y el soporte t\u00e9cnico ayudan a minimizar las paradas cuando se requiere servicio.<\/p>\n<p data-start=\"6083\" data-end=\"6231\">Al combinar estrategias de servicio preventivo con ejecuci\u00f3n experta, Sentrimax respalda operaciones confiables en todo Houston y las regiones circundantes.<\/p>\n<hr data-start=\"6233\" data-end=\"6236\" \/>\n<h2 data-start=\"6238\" data-end=\"6288\">Cumplimiento, seguridad y mejores pr\u00e1cticas de la industria<\/h2>\n<p data-start=\"6290\" data-end=\"6876\">Las instalaciones que operan centr\u00edfugas decantadoras Sharples deben garantizar que el rendimiento del equipo cumpla con las normativas ambientales y de seguridad. Orientaci\u00f3n de la <strong data-start=\"6443\" data-end=\"6574\"><a class=\"decorated-link cursor-pointer\" target=\"_new\" rel=\"noopener\" data-start=\"6445\" data-end=\"6572\">Agencia de Protecci\u00f3n Ambiental de EE. UU. \u2013 Descripci\u00f3n general del tratamiento de aguas residuales<\/a><\/strong> Se enfatiza la importancia de contar con equipos confiables para el manejo de s\u00f3lidos para mantener el cumplimiento normativo. Recursos de la industria de <strong data-start=\"6694\" data-end=\"6760\"><a class=\"decorated-link cursor-pointer\" target=\"_new\" rel=\"noopener\" data-start=\"6696\" data-end=\"6758\">Federaci\u00f3n del Medio Ambiente del Agua<\/a><\/strong> Destacar el servicio y mantenimiento proactivo de las centr\u00edfugas como factores clave en la eficiencia operativa y la reducci\u00f3n de riesgos.<\/p>\n<p data-start=\"6878\" data-end=\"7097\">Las soluciones de servicio Sentrimax respaldan estas mejores pr\u00e1cticas al ayudar a las instalaciones a mantener el rendimiento de la centr\u00edfuga decantadora Sharples dentro de las especificaciones de dise\u00f1o, reduciendo el riesgo ambiental y respaldando operaciones seguras.<\/p>\n<hr data-start=\"7099\" data-end=\"7102\" \/>\n<h2 data-start=\"7104\" data-end=\"7147\">Soporte del ciclo de vida m\u00e1s all\u00e1 del servicio de rutina<\/h2>\n<p data-start=\"7149\" data-end=\"7546\">El servicio eficaz de las centr\u00edfugas decantadoras Sharples es m\u00e1s valioso cuando se integra en una estrategia m\u00e1s amplia de ciclo de vida. Sentrimax ofrece soporte continuo que incluye monitoreo de condici\u00f3n, documentaci\u00f3n de servicio y recomendaciones para la planificaci\u00f3n del mantenimiento a largo plazo. Este enfoque centrado en el ciclo de vida ayuda a las instalaciones a optimizar los intervalos de servicio, controlar los costos y maximizar la rentabilidad de la inversi\u00f3n en equipos.<\/p>\n<p data-start=\"7548\" data-end=\"7696\">Se encuentran disponibles informaci\u00f3n t\u00e9cnica adicional y orientaci\u00f3n sobre mantenimiento a trav\u00e9s del sitio web interno. <strong data-start=\"7638\" data-end=\"7687\"><a class=\"decorated-link cursor-pointer\" target=\"_new\" rel=\"noopener\" data-start=\"7640\" data-end=\"7685\">Recursos<\/a><\/strong> secci\u00f3n.<\/p>\n<hr data-start=\"7698\" data-end=\"7701\" \/>\n<h2 data-start=\"7703\" data-end=\"7765\">Socio de servicio de centr\u00edfugas decantadoras Sharples para Houston, TX<\/h2>\n<p data-start=\"7767\" data-end=\"8143\">Las instalaciones de Houston dependen del rendimiento confiable de sus centr\u00edfugas decantadoras para mantener el cumplimiento normativo, proteger la salud p\u00fablica y controlar los costos operativos. Un servicio profesional es esencial para minimizar los riesgos y garantizar la confiabilidad a largo plazo. Sentrimax ofrece servicio de centr\u00edfugas decantadoras Sharples en Houston, Texas, con un enfoque en la calidad, la precisi\u00f3n y la seguridad operativa.<\/p>\n<p data-start=\"8145\" data-end=\"8326\">Desde inspecciones de rutina hasta programas de servicio integrales y soporte continuo durante el ciclo de vida, Sentrimax brinda a los operadores confianza en sus sistemas de centr\u00edfugas decantadoras Sharples.<\/p>\n<hr data-start=\"8328\" data-end=\"8331\" \/>\n<h2 data-start=\"8333\" data-end=\"8354\">Da el siguiente paso<\/h2>\n<p data-start=\"8356\" data-end=\"8567\">El servicio proactivo de centr\u00edfugas decantadoras ayuda a prevenir costosos tiempos de inactividad y fallos inesperados en los equipos. Sentrimax est\u00e1 listo para apoyar las instalaciones de Houston con las soluciones expertas de servicio de centr\u00edfugas decantadoras Sharples.<\/p>\n<p data-start=\"8569\" data-end=\"8623\"><strong data-start=\"8569\" data-end=\"8623\"><a class=\"decorated-link\" href=\"https:\/\/sentrimax.com\/es\/contact\/\" target=\"_new\" rel=\"noopener\" data-start=\"8571\" data-end=\"8621\">\u00a1Solicita una cotizaci\u00f3n!<\/a><\/strong><\/p>","protected":false},"excerpt":{"rendered":"<p>Industrial and municipal facilities throughout Houston, TX rely on decanter centrifuges to support continuous processing, efficient solids separation, and regulatory compliance in demanding operating environments. Equipment manufactured by Sharples has been widely used across wastewater treatment, chemical processing, energy production, and industrial separation applications due to its robust mechanical design and proven long-term performance. As [&hellip;]<\/p>\n","protected":false},"author":3,"featured_media":0,"parent":0,"menu_order":0,"comment_status":"closed","ping_status":"closed","template":"seo-page-template.php","meta":{"_acf_changed":false,"inline_featured_image":false,"footnotes":""},"class_list":["post-2282","page","type-page","status-publish","hentry"],"acf":[],"_links":{"self":[{"href":"https:\/\/sentrimax.com\/es\/wp-json\/wp\/v2\/pages\/2282","targetHints":{"allow":["GET"]}}],"collection":[{"href":"https:\/\/sentrimax.com\/es\/wp-json\/wp\/v2\/pages"}],"about":[{"href":"https:\/\/sentrimax.com\/es\/wp-json\/wp\/v2\/types\/page"}],"author":[{"embeddable":true,"href":"https:\/\/sentrimax.com\/es\/wp-json\/wp\/v2\/users\/3"}],"replies":[{"embeddable":true,"href":"https:\/\/sentrimax.com\/es\/wp-json\/wp\/v2\/comments?post=2282"}],"version-history":[{"count":1,"href":"https:\/\/sentrimax.com\/es\/wp-json\/wp\/v2\/pages\/2282\/revisions"}],"predecessor-version":[{"id":2543,"href":"https:\/\/sentrimax.com\/es\/wp-json\/wp\/v2\/pages\/2282\/revisions\/2543"}],"wp:attachment":[{"href":"https:\/\/sentrimax.com\/es\/wp-json\/wp\/v2\/media?parent=2282"}],"curies":[{"name":"wp","href":"https:\/\/api.w.org\/{rel}","templated":true}]}}