{"id":2284,"date":"2026-01-07T15:54:55","date_gmt":"2026-01-07T15:54:55","guid":{"rendered":"https:\/\/sentrimax.com\/?page_id=2284"},"modified":"2026-04-21T21:15:09","modified_gmt":"2026-04-21T21:15:09","slug":"sharples-centrifuge-repair-in-los-angeles-ca","status":"publish","type":"page","link":"https:\/\/sentrimax.com\/es\/sharples-centrifuge-repair-in-los-angeles-ca\/","title":{"rendered":"Reparaci\u00f3n de centr\u00edfugas Sharples en Los \u00c1ngeles, CA"},"content":{"rendered":"<p data-start=\"729\" data-end=\"1515\"><img fetchpriority=\"high\" decoding=\"async\" class=\"aligncenter size-full wp-image-168\" src=\"https:\/\/sentrimax.com\/wp-content\/uploads\/2025\/05\/image-6.jpg\" alt=\"\" width=\"1269\" height=\"519\" srcset=\"https:\/\/sentrimax.com\/wp-content\/uploads\/2025\/05\/image-6.jpg 1269w, https:\/\/sentrimax.com\/wp-content\/uploads\/2025\/05\/image-6-600x245.jpg 600w, https:\/\/sentrimax.com\/wp-content\/uploads\/2025\/05\/image-6-300x123.jpg 300w, https:\/\/sentrimax.com\/wp-content\/uploads\/2025\/05\/image-6-1024x419.jpg 1024w, https:\/\/sentrimax.com\/wp-content\/uploads\/2025\/05\/image-6-768x314.jpg 768w\" sizes=\"(max-width: 1269px) 100vw, 1269px\" \/><\/p>\n<p data-start=\"729\" data-end=\"1515\">Las instalaciones industriales y municipales de Los \u00c1ngeles, California, dependen de sistemas de centr\u00edfuga para garantizar operaciones continuas, una separaci\u00f3n eficiente de s\u00f3lidos y el cumplimiento normativo en entornos de procesamiento complejos. Equipos fabricados por <span class=\"hover:entity-accent entity-underline inline cursor-pointer align-baseline\"><span class=\"whitespace-normal\">Sharples<\/span><\/span> Se ha utilizado ampliamente en el tratamiento de aguas residuales, el procesamiento qu\u00edmico, la producci\u00f3n de alimentos y la separaci\u00f3n industrial durante d\u00e9cadas gracias a su dise\u00f1o mec\u00e1nico duradero y su larga vida \u00fatil. A medida que estos sistemas envejecen y operan en condiciones exigentes, la reparaci\u00f3n profesional se vuelve esencial para mantener la fiabilidad y el rendimiento. Sentrimax ofrece servicios de reparaci\u00f3n de centr\u00edfugas Sharples en Los \u00c1ngeles, California, ayudando a las instalaciones a restaurar su funcionalidad, proteger activos cr\u00edticos y prolongar la vida \u00fatil de los equipos.<\/p>\n<p data-start=\"1517\" data-end=\"1885\">Con d\u00e9cadas de experiencia en el soporte de sistemas de centr\u00edfugas industriales en Norteam\u00e9rica, Sentrimax ofrece soluciones de reparaci\u00f3n de precisi\u00f3n adaptadas espec\u00edficamente a los dise\u00f1os de centr\u00edfugas Sharples. Cada reparaci\u00f3n se ejecuta mediante procesos de calidad documentados y un enfoque disciplinado y transparente, centrado en la seguridad, el rendimiento y la estabilidad operativa a largo plazo.<\/p>\n<hr data-start=\"1887\" data-end=\"1890\" \/>\n<h2 data-start=\"1892\" data-end=\"1953\">Apoyo a las operaciones industriales y municipales de Los \u00c1ngeles<\/h2>\n<p data-start=\"1955\" data-end=\"2394\">Los \u00c1ngeles alberga una de las infraestructuras industriales y municipales m\u00e1s grandes y diversas de Estados Unidos. Plantas de tratamiento de aguas residuales, plantas de fabricaci\u00f3n, procesadores de alimentos y operadores industriales dependen del rendimiento de las centr\u00edfugas para cumplir con los objetivos de producci\u00f3n y las normas ambientales. Las centr\u00edfugas Sharples en estos entornos suelen operar con ciclos de trabajo continuos, materiales abrasivos y cargas de proceso fluctuantes.<\/p>\n<p data-start=\"2396\" data-end=\"2682\">Sentrimax colabora estrechamente con los operadores del \u00e1rea de Los \u00c1ngeles para garantizar que los sistemas de centr\u00edfugas Sharples sigan funcionando de forma fiable. Mediante inspecciones detalladas y servicios de reparaci\u00f3n espec\u00edficos, las instalaciones obtienen un mejor control sobre la planificaci\u00f3n del mantenimiento, el rendimiento de los equipos y el riesgo operativo.<\/p>\n<hr data-start=\"2684\" data-end=\"2687\" \/>\n<h2 data-start=\"2689\" data-end=\"2752\">Proceso de reparaci\u00f3n con certificaci\u00f3n ISO para equipos centr\u00edfugos antiguos<\/h2>\n<p data-start=\"2754\" data-end=\"3045\">Sentrimax opera bajo un sistema de gesti\u00f3n de calidad con certificaci\u00f3n ISO 9001:2015, lo que garantiza que cada reparaci\u00f3n de centr\u00edfugas Sharples siga un proceso estructurado y repetible. Este sistema prioriza la documentaci\u00f3n, la consistencia y la rendici\u00f3n de cuentas desde la recepci\u00f3n del equipo hasta las pruebas finales y la elaboraci\u00f3n de informes.<\/p>\n<p data-start=\"3047\" data-end=\"3493\">Cada reparaci\u00f3n comienza con una inspecci\u00f3n exhaustiva que puede incluir an\u00e1lisis de aceite, revisi\u00f3n de vibraciones, verificaci\u00f3n dimensional y evaluaci\u00f3n del estado de los componentes. Los hallazgos se documentan y comunican claramente para que los administradores de las instalaciones puedan evaluar el alcance de la reparaci\u00f3n, los plazos y las consideraciones de mantenimiento a largo plazo. Puede encontrar informaci\u00f3n adicional sobre esta metodolog\u00eda en el sitio web interno. <strong data-start=\"3434\" data-end=\"3487\"><a class=\"decorated-link\" href=\"https:\/\/sentrimax.com\/es\/our-process\/?utm_source=chatgpt.com\" target=\"_new\" rel=\"noopener\" data-start=\"3436\" data-end=\"3485\">Nuestro proceso<\/a><\/strong> p\u00e1gina.<\/p>\n<hr data-start=\"3495\" data-end=\"3498\" \/>\n<h2 data-start=\"3500\" data-end=\"3552\">Servicios integrales de reparaci\u00f3n de centr\u00edfugas Sharples<\/h2>\n<h3 data-start=\"3554\" data-end=\"3590\"><strong data-start=\"3558\" data-end=\"3590\">Reparaci\u00f3n y revisi\u00f3n completa<\/strong><\/h3>\n<p data-start=\"3591\" data-end=\"3990\">Sentrimax ofrece servicios completos de reparaci\u00f3n y revisi\u00f3n de centr\u00edfugas Sharples para restaurar el equipo a su estado \u00f3ptimo de funcionamiento. Los servicios incluyen desmontaje completo, inspecci\u00f3n de componentes de desgaste, mecanizado de precisi\u00f3n, soldadura, sustituci\u00f3n de rodamientos, instalaci\u00f3n de sellos y un reensamblaje cuidadoso con tolerancias ajustadas. Estas reparaciones ayudan a las instalaciones a prolongar la vida \u00fatil del equipo y a retrasar costosas reposiciones de capital.<\/p>\n<h3 data-start=\"3992\" data-end=\"4027\"><strong data-start=\"3996\" data-end=\"4027\">Equilibrado din\u00e1mico de precisi\u00f3n<\/strong><\/h3>\n<p data-start=\"4028\" data-end=\"4406\">El desequilibrio es una de las principales causas de vibraci\u00f3n, desgaste acelerado y fallos mec\u00e1nicos prematuros en los sistemas centr\u00edfugos. Sentrimax realiza un equilibrado din\u00e1mico avanzado en tres planos seg\u00fan la norma ISO G 0.5, lo que reduce significativamente la vibraci\u00f3n y mejora la estabilidad operativa. Un equilibrado adecuado protege los rodamientos, las cajas de engranajes y los conjuntos rotativos, a la vez que mejora la fiabilidad a largo plazo.<\/p>\n<h3 data-start=\"4408\" data-end=\"4452\"><strong data-start=\"4412\" data-end=\"4452\">Reparaci\u00f3n de cajas de cambios y conjuntos giratorios<\/strong><\/h3>\n<p data-start=\"4453\" data-end=\"4732\">Las cajas de engranajes y conjuntos rotatorios de centr\u00edfugas Sharples operan bajo condiciones de proceso exigentes y de alto torque. Sentrimax ofrece servicios detallados de inspecci\u00f3n, reconstrucci\u00f3n y reparaci\u00f3n mec\u00e1nica de cajas de engranajes para restaurar la eficiencia y confiabilidad, ayudando a prevenir fallas inesperadas.<\/p>\n<p data-start=\"4734\" data-end=\"4855\">Una descripci\u00f3n completa de las capacidades de reparaci\u00f3n est\u00e1 disponible en el interior <strong data-start=\"4802\" data-end=\"4849\"><a class=\"decorated-link\" href=\"https:\/\/sentrimax.com\/es\/services\/?utm_source=chatgpt.com\" target=\"_new\" rel=\"noopener\" data-start=\"4804\" data-end=\"4847\">Servicios<\/a><\/strong> p\u00e1gina.<\/p>\n<hr data-start=\"4857\" data-end=\"4860\" \/>\n<h2 data-start=\"4862\" data-end=\"4915\">Soluciones de reparaci\u00f3n personalizadas para centr\u00edfugas Sharples<\/h2>\n<p data-start=\"4917\" data-end=\"5332\">Muchas centr\u00edfugas Sharples permanecen en servicio d\u00e9cadas despu\u00e9s de su instalaci\u00f3n, a menudo en operaciones cr\u00edticas. No hay dos instalaciones que operen en las mismas condiciones, y los equipos antiguos suelen requerir m\u00e9todos de reparaci\u00f3n personalizados. Sentrimax desarrolla soluciones de reparaci\u00f3n basadas en el modelo espec\u00edfico de centr\u00edfuga Sharples, el entorno operativo y el historial de servicio, en lugar de aplicar m\u00e9todos de reparaci\u00f3n gen\u00e9ricos.<\/p>\n<p data-start=\"5334\" data-end=\"5601\">Una documentaci\u00f3n clara y una comunicaci\u00f3n transparente permiten a los equipos de mantenimiento planificar las reparaciones de forma proactiva, gestionar los presupuestos eficazmente y reducir las emergencias de mantenimiento. Este enfoque personalizado mejora la previsibilidad operativa y la fiabilidad a largo plazo de los equipos.<\/p>\n<hr data-start=\"5603\" data-end=\"5606\" \/>\n<h2 data-start=\"5608\" data-end=\"5657\">Minimizar el tiempo de inactividad en las instalaciones de Los \u00c1ngeles<\/h2>\n<p data-start=\"5659\" data-end=\"6035\">Las paradas no planificadas de las centr\u00edfugas pueden interrumpir los procesos de tratamiento de aguas residuales, los programas de producci\u00f3n y las obligaciones de cumplimiento. Sentrimax prioriza la eficiencia en los tiempos de respuesta y la coordinaci\u00f3n de la programaci\u00f3n para que las centr\u00edfugas Sharples vuelvan a funcionar lo antes posible. La comunicaci\u00f3n eficiente y el soporte t\u00e9cnico ayudan a minimizar las paradas durante reparaciones urgentes.<\/p>\n<p data-start=\"6037\" data-end=\"6197\">Al combinar la planificaci\u00f3n proactiva del mantenimiento con la ejecuci\u00f3n experta de reparaciones, Sentrimax respalda operaciones confiables en todo Los \u00c1ngeles y las regiones circundantes.<\/p>\n<hr data-start=\"6199\" data-end=\"6202\" \/>\n<h2 data-start=\"6204\" data-end=\"6254\">Cumplimiento, seguridad y mejores pr\u00e1cticas de la industria<\/h2>\n<p data-start=\"6256\" data-end=\"6837\">Las instalaciones que operan centr\u00edfugas Sharples deben garantizar que el rendimiento del equipo cumpla con las normativas ambientales y de seguridad. Orientaci\u00f3n de la <strong data-start=\"6400\" data-end=\"6531\"><a class=\"decorated-link cursor-pointer\" target=\"_new\" rel=\"noopener\" data-start=\"6402\" data-end=\"6529\">Agencia de Protecci\u00f3n Ambiental de EE. UU. \u2013 Descripci\u00f3n general del tratamiento de aguas residuales<\/a><\/strong> Se enfatiza la importancia de contar con equipos confiables para el manejo de s\u00f3lidos para mantener el cumplimiento normativo. Recursos de la industria de <strong data-start=\"6651\" data-end=\"6717\"><a class=\"decorated-link cursor-pointer\" target=\"_new\" rel=\"noopener\" data-start=\"6653\" data-end=\"6715\">Federaci\u00f3n del Medio Ambiente del Agua<\/a><\/strong> Destacar el mantenimiento y la reparaci\u00f3n proactivos de las centr\u00edfugas como contribuyentes clave a la eficiencia operativa y la reducci\u00f3n de riesgos.<\/p>\n<p data-start=\"6839\" data-end=\"7046\">Los servicios de reparaci\u00f3n de Sentrimax respaldan estas mejores pr\u00e1cticas al garantizar que los sistemas centr\u00edfugos Sharples funcionen dentro de las especificaciones de dise\u00f1o, lo que ayuda a las instalaciones a reducir el riesgo ambiental y mantener operaciones seguras.<\/p>\n<hr data-start=\"7048\" data-end=\"7051\" \/>\n<h2 data-start=\"7053\" data-end=\"7087\">Soporte al ciclo de vida m\u00e1s all\u00e1 de la reparaci\u00f3n<\/h2>\n<p data-start=\"7089\" data-end=\"7480\">La reparaci\u00f3n eficaz de centr\u00edfugas Sharples es m\u00e1s valiosa cuando se integra en una estrategia m\u00e1s amplia de ciclo de vida. Sentrimax ofrece soporte continuo que incluye monitoreo de condici\u00f3n, documentaci\u00f3n de rendimiento y recomendaciones para la planificaci\u00f3n del mantenimiento a largo plazo. Este enfoque centrado en el ciclo de vida ayuda a las instalaciones a optimizar los intervalos de servicio, controlar los costos y maximizar la rentabilidad de la inversi\u00f3n en equipos.<\/p>\n<p data-start=\"7482\" data-end=\"7630\">Se encuentran disponibles informaci\u00f3n t\u00e9cnica adicional y orientaci\u00f3n sobre mantenimiento a trav\u00e9s del sitio web interno. <strong data-start=\"7572\" data-end=\"7621\"><a class=\"decorated-link cursor-pointer\" target=\"_new\" rel=\"noopener\" data-start=\"7574\" data-end=\"7619\">Recursos<\/a><\/strong> secci\u00f3n.<\/p>\n<hr data-start=\"7632\" data-end=\"7635\" \/>\n<h2 data-start=\"7637\" data-end=\"7693\">Reparaci\u00f3n de centr\u00edfugas Sharples en Los \u00c1ngeles, California<\/h2>\n<p data-start=\"7695\" data-end=\"8067\">Las instalaciones de Los \u00c1ngeles dependen del rendimiento confiable de sus centr\u00edfugas para mantener el cumplimiento normativo, la productividad y la estabilidad operativa. El soporte de reparaci\u00f3n experto es esencial para minimizar el riesgo y prolongar la vida \u00fatil de las centr\u00edfugas obsoletas. Sentrimax ofrece servicios de reparaci\u00f3n de centr\u00edfugas Sharples en Los \u00c1ngeles, California, con un enfoque en la calidad, la precisi\u00f3n y la confiabilidad a largo plazo.<\/p>\n<p data-start=\"8069\" data-end=\"8229\">Desde inspecciones detalladas hasta reparaciones de precisi\u00f3n y soporte continuo durante el ciclo de vida, Sentrimax brinda a los operadores confianza en sus sistemas centr\u00edfugos Sharples.<\/p>\n<hr data-start=\"8231\" data-end=\"8234\" \/>\n<h2 data-start=\"8236\" data-end=\"8257\">Da el siguiente paso<\/h2>\n<p data-start=\"8259\" data-end=\"8460\">Abordar los problemas de las centr\u00edfugas a tiempo ayuda a prevenir costosos tiempos de inactividad y fallos inesperados del equipo. Sentrimax est\u00e1 listo para brindar soporte a las instalaciones de Los \u00c1ngeles con servicios expertos de reparaci\u00f3n de centr\u00edfugas Sharples.<\/p>\n<p data-start=\"8462\" data-end=\"8516\"><strong data-start=\"8462\" data-end=\"8516\"><a class=\"decorated-link\" href=\"https:\/\/sentrimax.com\/es\/contact\/\" target=\"_new\" rel=\"noopener\" data-start=\"8464\" data-end=\"8514\">\u00a1Solicita una cotizaci\u00f3n!<\/a><\/strong><\/p>","protected":false},"excerpt":{"rendered":"<p>Industrial and municipal facilities across Los Angeles, CA rely on centrifuge systems to support continuous operations, efficient solids separation, and regulatory compliance in complex processing environments. Equipment manufactured by Sharples has been widely deployed in wastewater treatment, chemical processing, food production, and industrial separation applications for decades due to its durable mechanical design and long [&hellip;]<\/p>\n","protected":false},"author":3,"featured_media":0,"parent":0,"menu_order":0,"comment_status":"closed","ping_status":"closed","template":"seo-page-template.php","meta":{"_acf_changed":false,"inline_featured_image":false,"footnotes":""},"class_list":["post-2284","page","type-page","status-publish","hentry"],"acf":[],"_links":{"self":[{"href":"https:\/\/sentrimax.com\/es\/wp-json\/wp\/v2\/pages\/2284","targetHints":{"allow":["GET"]}}],"collection":[{"href":"https:\/\/sentrimax.com\/es\/wp-json\/wp\/v2\/pages"}],"about":[{"href":"https:\/\/sentrimax.com\/es\/wp-json\/wp\/v2\/types\/page"}],"author":[{"embeddable":true,"href":"https:\/\/sentrimax.com\/es\/wp-json\/wp\/v2\/users\/3"}],"replies":[{"embeddable":true,"href":"https:\/\/sentrimax.com\/es\/wp-json\/wp\/v2\/comments?post=2284"}],"version-history":[{"count":1,"href":"https:\/\/sentrimax.com\/es\/wp-json\/wp\/v2\/pages\/2284\/revisions"}],"predecessor-version":[{"id":2541,"href":"https:\/\/sentrimax.com\/es\/wp-json\/wp\/v2\/pages\/2284\/revisions\/2541"}],"wp:attachment":[{"href":"https:\/\/sentrimax.com\/es\/wp-json\/wp\/v2\/media?parent=2284"}],"curies":[{"name":"wp","href":"https:\/\/api.w.org\/{rel}","templated":true}]}}