{"id":2285,"date":"2026-01-07T15:58:57","date_gmt":"2026-01-07T15:58:57","guid":{"rendered":"https:\/\/sentrimax.com\/?page_id=2285"},"modified":"2026-04-21T21:15:08","modified_gmt":"2026-04-21T21:15:08","slug":"sharples-industrial-centrifuge-service-in-cleveland-oh","status":"publish","type":"page","link":"https:\/\/sentrimax.com\/es\/sharples-industrial-centrifuge-service-in-cleveland-oh\/","title":{"rendered":"Servicio de centr\u00edfugas industriales Sharples en Cleveland, Ohio"},"content":{"rendered":"<p data-start=\"774\" data-end=\"1554\"><img fetchpriority=\"high\" decoding=\"async\" class=\"aligncenter size-full wp-image-2204\" src=\"https:\/\/sentrimax.com\/wp-content\/uploads\/2025\/10\/Sentrimax-PM95000-scaled-e1761191933425.jpg\" alt=\"centrifuge 40&quot; sharples rental\" width=\"1000\" height=\"718\" \/><\/p>\n<p data-start=\"774\" data-end=\"1554\">Las instalaciones industriales de Cleveland, Ohio, dependen de sistemas de centr\u00edfuga para garantizar la producci\u00f3n continua, la separaci\u00f3n eficiente de s\u00f3lidos y un rendimiento de procesamiento confiable. Equipos fabricados por <span class=\"hover:entity-accent entity-underline inline cursor-pointer align-baseline\"><span class=\"whitespace-normal\">Sharples<\/span><\/span> Se ha utilizado durante mucho tiempo en aplicaciones de fabricaci\u00f3n pesada, procesamiento de metales, producci\u00f3n qu\u00edmica y tratamiento de aguas residuales industriales gracias a su robusto dise\u00f1o mec\u00e1nico y larga vida \u00fatil. Dado que estos sistemas operan en condiciones exigentes y ciclos de trabajo prolongados, un servicio profesional constante es esencial para mantener la fiabilidad y evitar paradas imprevistas. Sentrimax ofrece servicio experto para centr\u00edfugas industriales Sharples en Cleveland, Ohio, ayudando a las instalaciones a mantener el rendimiento, prolongar la vida \u00fatil de los equipos y controlar los costes operativos.<\/p>\n<p data-start=\"1556\" data-end=\"1914\">Con d\u00e9cadas de experiencia en el soporte de sistemas de centr\u00edfugas industriales en Norteam\u00e9rica, Sentrimax ofrece soluciones de servicio estructuradas, espec\u00edficamente adaptadas a los dise\u00f1os de centr\u00edfugas Sharples. Cada servicio se rige por procesos de calidad documentados y un enfoque disciplinado y transparente, centrado en el tiempo de funcionamiento, la seguridad y la estabilidad operativa a largo plazo.<\/p>\n<hr data-start=\"1916\" data-end=\"1919\" \/>\n<h2 data-start=\"1921\" data-end=\"1976\">Apoyo a la base de fabricaci\u00f3n industrial de Cleveland<\/h2>\n<p data-start=\"1978\" data-end=\"2496\">Cleveland cuenta con una larga tradici\u00f3n industrial, respaldada por la manufactura avanzada, el procesamiento de metales, la producci\u00f3n qu\u00edmica y operaciones basadas en infraestructura. Las instalaciones de la regi\u00f3n dependen del rendimiento confiable de las centr\u00edfugas para gestionar el manejo de s\u00f3lidos, proteger los equipos posteriores y mantener una producci\u00f3n constante. Las centr\u00edfugas industriales Sharples en estos entornos suelen operar con cargas de alto par, materiales abrasivos y operaci\u00f3n continua, lo que aumenta la importancia del servicio proactivo.<\/p>\n<p data-start=\"2498\" data-end=\"2792\">Sentrimax colabora estrechamente con los operadores industriales del \u00e1rea de Cleveland para garantizar que los sistemas de centr\u00edfugas Sharples sigan funcionando de forma fiable. Mediante el mantenimiento programado, las inspecciones detalladas y la verificaci\u00f3n del rendimiento, las instalaciones obtienen un mayor control sobre el estado de los equipos y la planificaci\u00f3n del mantenimiento.<\/p>\n<hr data-start=\"2794\" data-end=\"2797\" \/>\n<h2 data-start=\"2799\" data-end=\"2852\">Proceso de servicio con certificaci\u00f3n ISO para equipos heredados<\/h2>\n<p data-start=\"2854\" data-end=\"3147\">Sentrimax opera bajo un sistema de gesti\u00f3n de calidad con certificaci\u00f3n ISO 9001:2015, lo que garantiza que cada servicio de centr\u00edfugas industriales Sharples siga un proceso estructurado y repetible. Este sistema prioriza la documentaci\u00f3n, la consistencia y la rendici\u00f3n de cuentas desde la inspecci\u00f3n inicial hasta el informe final.<\/p>\n<p data-start=\"3149\" data-end=\"3627\">Cada intervenci\u00f3n de servicio comienza con una evaluaci\u00f3n integral que puede incluir an\u00e1lisis de aceite, revisi\u00f3n de vibraciones, verificaci\u00f3n dimensional y evaluaci\u00f3n del estado de los componentes. Los hallazgos se documentan y comunican claramente para que los equipos de mantenimiento puedan tomar decisiones informadas sobre el alcance del servicio, la programaci\u00f3n y las estrategias de mantenimiento a largo plazo. Puede encontrar m\u00e1s informaci\u00f3n sobre esta metodolog\u00eda en el sitio web interno. <strong data-start=\"3568\" data-end=\"3621\"><a class=\"decorated-link\" href=\"https:\/\/sentrimax.com\/es\/our-process\/?utm_source=chatgpt.com\" target=\"_new\" rel=\"noopener\" data-start=\"3570\" data-end=\"3619\">Nuestro proceso<\/a><\/strong> p\u00e1gina.<\/p>\n<hr data-start=\"3629\" data-end=\"3632\" \/>\n<h2 data-start=\"3634\" data-end=\"3702\">Servicios integrales de centr\u00edfugas industriales Sharples<\/h2>\n<h3 data-start=\"3704\" data-end=\"3745\"><strong data-start=\"3708\" data-end=\"3745\">Inspecci\u00f3n y Servicio Preventivo<\/strong><\/h3>\n<p data-start=\"3746\" data-end=\"4058\">La inspecci\u00f3n rutinaria y el servicio preventivo ayudan a identificar problemas emergentes antes de que provoquen fallas en el equipo. Sentrimax ofrece programas de servicio programado que incluyen inspecciones, revisiones de lubricaci\u00f3n, evaluaciones de desgaste y verificaci\u00f3n del rendimiento para garantizar un funcionamiento confiable y reducir las paradas no planificadas.<\/p>\n<h3 data-start=\"4060\" data-end=\"4101\"><strong data-start=\"4064\" data-end=\"4101\">Servicios de reparaci\u00f3n y remodelaci\u00f3n<\/strong><\/h3>\n<p data-start=\"4102\" data-end=\"4432\">Cuando los componentes de las centr\u00edfugas industriales Sharples muestran signos de desgaste o degradaci\u00f3n, Sentrimax ofrece servicios de reparaci\u00f3n y reacondicionamiento de precisi\u00f3n. Estos servicios incluyen desmontaje, inspecci\u00f3n, mecanizado, soldadura, sustituci\u00f3n de componentes y reensamblaje con tolerancias estrictas, lo que ayuda a restaurar el equipo a su estado \u00f3ptimo de funcionamiento.<\/p>\n<h3 data-start=\"4434\" data-end=\"4488\"><strong data-start=\"4438\" data-end=\"4488\">Equilibrado din\u00e1mico y verificaci\u00f3n del rendimiento<\/strong><\/h3>\n<p data-start=\"4489\" data-end=\"4770\">El desequilibrio es una de las principales causas de vibraci\u00f3n, desgaste acelerado y reducci\u00f3n de la eficiencia de la centr\u00edfuga. Como parte del servicio de centr\u00edfugas industriales, Sentrimax realiza un equilibrado din\u00e1mico avanzado y una verificaci\u00f3n del rendimiento para garantizar un funcionamiento fluido y proteger los componentes rotatorios cr\u00edticos.<\/p>\n<p data-start=\"4772\" data-end=\"4910\">Una descripci\u00f3n completa de las capacidades de servicio y soporte est\u00e1 disponible en el sitio interno <strong data-start=\"4857\" data-end=\"4904\"><a class=\"decorated-link\" href=\"https:\/\/sentrimax.com\/es\/services\/?utm_source=chatgpt.com\" target=\"_new\" rel=\"noopener\" data-start=\"4859\" data-end=\"4902\">Servicios<\/a><\/strong> p\u00e1gina.<\/p>\n<hr data-start=\"4912\" data-end=\"4915\" \/>\n<h2 data-start=\"4917\" data-end=\"4980\">Soluciones de servicio personalizadas para equipos industriales Sharples<\/h2>\n<p data-start=\"4982\" data-end=\"5425\">Muchas centr\u00edfugas industriales Sharples permanecen en servicio d\u00e9cadas despu\u00e9s de su instalaci\u00f3n, a menudo respaldando procesos cr\u00edticos. No hay dos instalaciones que operen en las mismas condiciones, y los equipos antiguos suelen requerir estrategias de servicio personalizadas. Sentrimax desarrolla soluciones de servicio personalizadas seg\u00fan el modelo espec\u00edfico de centr\u00edfuga Sharples, el entorno operativo y el historial de servicio, en lugar de aplicar programas de mantenimiento gen\u00e9ricos.<\/p>\n<p data-start=\"5427\" data-end=\"5714\">Una documentaci\u00f3n clara y una comunicaci\u00f3n transparente permiten a los equipos de mantenimiento planificar las actividades de servicio de forma proactiva, gestionar los presupuestos eficazmente y reducir las emergencias de mantenimiento. Este enfoque personalizado favorece una mayor previsibilidad operativa y la fiabilidad a largo plazo de los equipos.<\/p>\n<hr data-start=\"5716\" data-end=\"5719\" \/>\n<h2 data-start=\"5721\" data-end=\"5768\">Minimizar el tiempo de inactividad en las instalaciones de Cleveland<\/h2>\n<p data-start=\"5770\" data-end=\"6160\">Las paradas imprevistas de las centr\u00edfugas industriales pueden interrumpir los programas de producci\u00f3n, afectar la calidad del producto y aumentar los costos operativos. Sentrimax prioriza la planificaci\u00f3n proactiva del servicio, la ejecuci\u00f3n eficiente y la programaci\u00f3n coordinada para garantizar el funcionamiento fiable de las centr\u00edfugas industriales Sharples. La comunicaci\u00f3n \u00e1gil y el soporte t\u00e9cnico ayudan a minimizar las paradas cuando se requiere servicio.<\/p>\n<p data-start=\"6162\" data-end=\"6325\">Al combinar estrategias de servicio preventivo con ejecuci\u00f3n experta, Sentrimax respalda operaciones industriales consistentes en todo Cleveland y las regiones circundantes.<\/p>\n<hr data-start=\"6327\" data-end=\"6330\" \/>\n<h2 data-start=\"6332\" data-end=\"6382\">Cumplimiento, seguridad y mejores pr\u00e1cticas de la industria<\/h2>\n<p data-start=\"6384\" data-end=\"6974\">Las instalaciones que operan centr\u00edfugas industriales Sharples deben garantizar que el rendimiento del equipo cumpla con las normativas ambientales y de seguridad. Orientaci\u00f3n de la <strong data-start=\"6539\" data-end=\"6665\"><a class=\"decorated-link\" href=\"https:\/\/www.epa.gov\/npdes\/industrial-wastewater\" target=\"_new\" rel=\"noopener\" data-start=\"6541\" data-end=\"6663\">Agencia de Protecci\u00f3n Ambiental de los Estados Unidos \u2013 Gesti\u00f3n de aguas residuales industriales<\/a><\/strong> Se enfatiza la importancia de contar con equipos confiables de separaci\u00f3n de s\u00f3lidos para mantener el cumplimiento normativo. Recursos de la industria de <strong data-start=\"6787\" data-end=\"6853\"><a class=\"decorated-link cursor-pointer\" target=\"_new\" rel=\"noopener\" data-start=\"6789\" data-end=\"6851\">Federaci\u00f3n del Medio Ambiente del Agua<\/a><\/strong> Destacar el servicio y mantenimiento proactivo de las centr\u00edfugas como contribuyentes clave a la eficiencia operativa y la reducci\u00f3n de riesgos.<\/p>\n<p data-start=\"6976\" data-end=\"7186\">Las soluciones de servicio Sentrimax respaldan estas mejores pr\u00e1cticas al ayudar a las instalaciones a mantener el rendimiento de las centr\u00edfugas Sharples dentro de las especificaciones de dise\u00f1o, reduciendo el riesgo ambiental y respaldando operaciones seguras.<\/p>\n<hr data-start=\"7188\" data-end=\"7191\" \/>\n<h2 data-start=\"7193\" data-end=\"7236\">Soporte del ciclo de vida m\u00e1s all\u00e1 del servicio de rutina<\/h2>\n<p data-start=\"7238\" data-end=\"7647\">El servicio eficaz de las centr\u00edfugas industriales Sharples es m\u00e1s valioso cuando se integra en una estrategia m\u00e1s amplia de ciclo de vida. Sentrimax ofrece soporte continuo que incluye monitoreo de condici\u00f3n, documentaci\u00f3n de servicio y recomendaciones para la planificaci\u00f3n del mantenimiento a largo plazo. Este enfoque centrado en el ciclo de vida ayuda a las instalaciones de Cleveland a optimizar los intervalos de servicio, controlar los costos y maximizar la rentabilidad de la inversi\u00f3n en equipos.<\/p>\n<p data-start=\"7649\" data-end=\"7797\">Se encuentran disponibles informaci\u00f3n t\u00e9cnica adicional y orientaci\u00f3n sobre mantenimiento a trav\u00e9s del sitio web interno. <strong data-start=\"7739\" data-end=\"7788\"><a class=\"decorated-link cursor-pointer\" target=\"_new\" rel=\"noopener\" data-start=\"7741\" data-end=\"7786\">Recursos<\/a><\/strong> secci\u00f3n.<\/p>\n<hr data-start=\"7799\" data-end=\"7802\" \/>\n<h2 data-start=\"7804\" data-end=\"7870\">Socio de servicio de centr\u00edfugas industriales Sharples para Cleveland, OH<\/h2>\n<p data-start=\"7872\" data-end=\"8256\">Las instalaciones de Cleveland dependen del rendimiento confiable de sus centr\u00edfugas para mantener la productividad, la calidad y la estabilidad operativa. El soporte t\u00e9cnico profesional es esencial para minimizar el riesgo y prolongar la vida \u00fatil de sus equipos centr\u00edfugos obsoletos. Sentrimax ofrece servicio de centr\u00edfugas industriales Sharples en Cleveland, Ohio, con un enfoque en la calidad, la precisi\u00f3n y la confiabilidad a largo plazo.<\/p>\n<p data-start=\"8258\" data-end=\"8441\">Desde inspecciones de rutina hasta programas de servicio integrales y soporte continuo durante el ciclo de vida, Sentrimax brinda a los operadores confianza en sus sistemas centr\u00edfugos industriales Sharples.<\/p>\n<hr data-start=\"8443\" data-end=\"8446\" \/>\n<h2 data-start=\"8448\" data-end=\"8469\">Da el siguiente paso<\/h2>\n<p data-start=\"8471\" data-end=\"8688\">El servicio proactivo de centr\u00edfugas industriales ayuda a prevenir costosos tiempos de inactividad y fallos inesperados en los equipos. Sentrimax est\u00e1 listo para apoyar las instalaciones de Cleveland con las soluciones expertas de servicio de centr\u00edfugas industriales de Sharples.<\/p>\n<p data-start=\"8690\" data-end=\"8744\"><strong data-start=\"8690\" data-end=\"8744\"><a class=\"decorated-link\" href=\"https:\/\/sentrimax.com\/es\/contact\/\" target=\"_new\" rel=\"noopener\" data-start=\"8692\" data-end=\"8742\">\u00a1Solicita una cotizaci\u00f3n!<\/a><\/strong><\/p>","protected":false},"excerpt":{"rendered":"<p>Industrial facilities across Cleveland, OH rely on centrifuge systems to support continuous production, efficient solids separation, and dependable processing performance. Equipment manufactured by Sharples has long been utilized in heavy manufacturing, metals processing, chemical production, and industrial wastewater applications due to its rugged mechanical design and long service life. As these systems operate under demanding [&hellip;]<\/p>\n","protected":false},"author":3,"featured_media":0,"parent":0,"menu_order":0,"comment_status":"closed","ping_status":"closed","template":"seo-page-template.php","meta":{"_acf_changed":false,"inline_featured_image":false,"footnotes":""},"class_list":["post-2285","page","type-page","status-publish","hentry"],"acf":[],"_links":{"self":[{"href":"https:\/\/sentrimax.com\/es\/wp-json\/wp\/v2\/pages\/2285","targetHints":{"allow":["GET"]}}],"collection":[{"href":"https:\/\/sentrimax.com\/es\/wp-json\/wp\/v2\/pages"}],"about":[{"href":"https:\/\/sentrimax.com\/es\/wp-json\/wp\/v2\/types\/page"}],"author":[{"embeddable":true,"href":"https:\/\/sentrimax.com\/es\/wp-json\/wp\/v2\/users\/3"}],"replies":[{"embeddable":true,"href":"https:\/\/sentrimax.com\/es\/wp-json\/wp\/v2\/comments?post=2285"}],"version-history":[{"count":1,"href":"https:\/\/sentrimax.com\/es\/wp-json\/wp\/v2\/pages\/2285\/revisions"}],"predecessor-version":[{"id":2540,"href":"https:\/\/sentrimax.com\/es\/wp-json\/wp\/v2\/pages\/2285\/revisions\/2540"}],"wp:attachment":[{"href":"https:\/\/sentrimax.com\/es\/wp-json\/wp\/v2\/media?parent=2285"}],"curies":[{"name":"wp","href":"https:\/\/api.w.org\/{rel}","templated":true}]}}