{"id":2286,"date":"2026-01-07T16:04:57","date_gmt":"2026-01-07T16:04:57","guid":{"rendered":"https:\/\/sentrimax.com\/?page_id=2286"},"modified":"2026-04-21T21:15:08","modified_gmt":"2026-04-21T21:15:08","slug":"sharples-centrifuge-maintenance-in-dallas-tx","status":"publish","type":"page","link":"https:\/\/sentrimax.com\/es\/sharples-centrifuge-maintenance-in-dallas-tx\/","title":{"rendered":"Mantenimiento de centr\u00edfugas Sharples en Dallas, TX"},"content":{"rendered":"<p data-start=\"735\" data-end=\"1489\"><img fetchpriority=\"high\" decoding=\"async\" class=\"aligncenter size-full wp-image-2032\" src=\"https:\/\/sentrimax.com\/wp-content\/uploads\/2025\/07\/imgi_28_blog-image-1024x463-1.jpg\" alt=\"\" width=\"1024\" height=\"463\" srcset=\"https:\/\/sentrimax.com\/wp-content\/uploads\/2025\/07\/imgi_28_blog-image-1024x463-1.jpg 1024w, https:\/\/sentrimax.com\/wp-content\/uploads\/2025\/07\/imgi_28_blog-image-1024x463-1-300x136.jpg 300w, https:\/\/sentrimax.com\/wp-content\/uploads\/2025\/07\/imgi_28_blog-image-1024x463-1-768x347.jpg 768w, https:\/\/sentrimax.com\/wp-content\/uploads\/2025\/07\/imgi_28_blog-image-1024x463-1-18x8.jpg 18w, https:\/\/sentrimax.com\/wp-content\/uploads\/2025\/07\/imgi_28_blog-image-1024x463-1-600x271.jpg 600w\" sizes=\"(max-width: 1024px) 100vw, 1024px\" \/><\/p>\n<p data-start=\"735\" data-end=\"1489\">Las instalaciones industriales y municipales de Dallas, Texas, dependen de sistemas de centr\u00edfuga para garantizar el procesamiento continuo, la separaci\u00f3n eficiente de s\u00f3lidos y el cumplimiento normativo. Equipos fabricados por <span class=\"hover:entity-accent entity-underline inline cursor-pointer align-baseline\"><span class=\"whitespace-normal\">Sharples<\/span><\/span> Se ha utilizado durante d\u00e9cadas en el tratamiento de aguas residuales, el procesamiento qu\u00edmico, la producci\u00f3n de alimentos y la separaci\u00f3n industrial gracias a su robusto dise\u00f1o mec\u00e1nico y su larga vida \u00fatil. Si bien estas centr\u00edfugas est\u00e1n dise\u00f1adas para ser duraderas, un mantenimiento constante es esencial para preservar el rendimiento, prevenir fallas y prolongar la vida \u00fatil del equipo. Sentrimax ofrece mantenimiento profesional de centr\u00edfugas Sharples en Dallas, Texas, ayudando a las instalaciones a proteger activos cr\u00edticos y mantener la estabilidad operativa.<\/p>\n<p data-start=\"1491\" data-end=\"1852\">Con d\u00e9cadas de experiencia en el soporte de sistemas de centr\u00edfugas industriales en Norteam\u00e9rica, Sentrimax ofrece soluciones de mantenimiento estructuradas, espec\u00edficamente adaptadas a los dise\u00f1os de centr\u00edfugas Sharples. Cada intervenci\u00f3n de mantenimiento se rige por procesos de calidad documentados y un enfoque disciplinado y transparente, centrado en la fiabilidad, la seguridad y el rendimiento a largo plazo.<\/p>\n<hr data-start=\"1854\" data-end=\"1857\" \/>\n<h2 data-start=\"1859\" data-end=\"1916\">Apoyo a las operaciones industriales y de aguas residuales de Dallas<\/h2>\n<p data-start=\"1918\" data-end=\"2371\">Dallas cuenta con una base industrial diversa que incluye el tratamiento de aguas residuales municipales, la fabricaci\u00f3n, el procesamiento de alimentos y las operaciones qu\u00edmicas. Las instalaciones de la regi\u00f3n suelen operar centr\u00edfugas con ciclos de trabajo continuos, materiales abrasivos y condiciones de alimentaci\u00f3n variables. Las centr\u00edfugas Sharples en estos entornos desempe\u00f1an un papel fundamental en el manejo de s\u00f3lidos y la eficiencia de los procesos, por lo que el mantenimiento proactivo es esencial para evitar paradas imprevistas.<\/p>\n<p data-start=\"2373\" data-end=\"2688\">Sentrimax colabora estrechamente con los operadores del \u00e1rea de Dallas para garantizar que los sistemas de centr\u00edfugas Sharples funcionen de forma fiable en condiciones exigentes. Mediante el mantenimiento programado, las inspecciones detalladas y la verificaci\u00f3n del rendimiento, las instalaciones obtienen un mayor control sobre el estado de los equipos, la planificaci\u00f3n del ciclo de vida y los costes operativos.<\/p>\n<hr data-start=\"2690\" data-end=\"2693\" \/>\n<h2 data-start=\"2695\" data-end=\"2752\">Proceso de mantenimiento con certificaci\u00f3n ISO para equipos heredados<\/h2>\n<p data-start=\"2754\" data-end=\"3048\">Sentrimax opera bajo un sistema de gesti\u00f3n de calidad con certificaci\u00f3n ISO 9001:2015, lo que garantiza que cada servicio de mantenimiento de centr\u00edfugas Sharples siga un proceso estructurado y repetible. Este sistema prioriza la documentaci\u00f3n, la consistencia y la rendici\u00f3n de cuentas desde la inspecci\u00f3n inicial hasta el informe final.<\/p>\n<p data-start=\"3050\" data-end=\"3550\">Cada intervenci\u00f3n de mantenimiento comienza con una evaluaci\u00f3n integral que puede incluir an\u00e1lisis de aceite, revisi\u00f3n de vibraciones, verificaci\u00f3n dimensional y evaluaci\u00f3n del estado de los componentes. Los hallazgos se documentan y comunican claramente para que los equipos de mantenimiento puedan tomar decisiones informadas sobre los intervalos de servicio, el reemplazo de componentes y las estrategias de mantenimiento a largo plazo. Puede encontrar informaci\u00f3n adicional sobre esta metodolog\u00eda en el sitio web interno. <strong data-start=\"3491\" data-end=\"3544\"><a class=\"decorated-link\" href=\"https:\/\/sentrimax.com\/es\/our-process\/?utm_source=chatgpt.com\" target=\"_new\" rel=\"noopener\" data-start=\"3493\" data-end=\"3542\">Nuestro proceso<\/a><\/strong> p\u00e1gina.<\/p>\n<hr data-start=\"3552\" data-end=\"3555\" \/>\n<h2 data-start=\"3557\" data-end=\"3614\">Servicios integrales de mantenimiento de centr\u00edfugas Sharples<\/h2>\n<h3 data-start=\"3616\" data-end=\"3655\"><strong data-start=\"3620\" data-end=\"3655\">Programas de mantenimiento preventivo<\/strong><\/h3>\n<p data-start=\"3656\" data-end=\"4009\">El mantenimiento preventivo es esencial para identificar problemas emergentes antes de que provoquen fallas en el equipo. Sentrimax ofrece programas de mantenimiento programado que incluyen inspecciones, revisiones de lubricaci\u00f3n, evaluaciones de desgaste y pruebas operativas. Estos programas ayudan a prolongar la vida \u00fatil del equipo, reducir las paradas no planificadas y mejorar la confiabilidad a largo plazo.<\/p>\n<h3 data-start=\"4011\" data-end=\"4046\"><strong data-start=\"4015\" data-end=\"4046\">Mantenimiento basado en la condici\u00f3n<\/strong><\/h3>\n<p data-start=\"4047\" data-end=\"4368\">El mantenimiento basado en la condici\u00f3n se centra en el rendimiento real del equipo, en lugar de en intervalos de servicio fijos. Sentrimax eval\u00faa los datos de vibraci\u00f3n, las condiciones de funcionamiento y el desgaste de los componentes para recomendar acciones de mantenimiento adaptadas a las necesidades reales del equipo. Este enfoque mejora la eficiencia y minimiza las tareas de mantenimiento innecesarias.<\/p>\n<h3 data-start=\"4370\" data-end=\"4424\"><strong data-start=\"4374\" data-end=\"4424\">Equilibrado din\u00e1mico y verificaci\u00f3n del rendimiento<\/strong><\/h3>\n<p data-start=\"4425\" data-end=\"4707\">El desequilibrio es una causa com\u00fan de vibraci\u00f3n, desgaste acelerado y reducci\u00f3n de la eficiencia de la centr\u00edfuga. Como parte del mantenimiento de las centr\u00edfugas Sharples, Sentrimax realiza un equilibrado din\u00e1mico avanzado y una verificaci\u00f3n del rendimiento para garantizar un funcionamiento fluido y proteger los componentes rotatorios cr\u00edticos.<\/p>\n<p data-start=\"4709\" data-end=\"4851\">Una descripci\u00f3n completa de las capacidades de mantenimiento y servicio est\u00e1 disponible en el sitio interno. <strong data-start=\"4798\" data-end=\"4845\"><a class=\"decorated-link\" href=\"https:\/\/sentrimax.com\/es\/services\/?utm_source=chatgpt.com\" target=\"_new\" rel=\"noopener\" data-start=\"4800\" data-end=\"4843\">Servicios<\/a><\/strong> p\u00e1gina.<\/p>\n<hr data-start=\"4853\" data-end=\"4856\" \/>\n<h2 data-start=\"4858\" data-end=\"4916\">Soluciones de mantenimiento personalizadas para centr\u00edfugas Sharples<\/h2>\n<p data-start=\"4918\" data-end=\"5346\">Muchas centr\u00edfugas Sharples permanecen en servicio d\u00e9cadas despu\u00e9s de su instalaci\u00f3n, a menudo respaldando procesos cr\u00edticos. No hay dos instalaciones que operen en las mismas condiciones, y los equipos antiguos suelen requerir estrategias de mantenimiento personalizadas. Sentrimax desarrolla soluciones de mantenimiento a medida basadas en el modelo espec\u00edfico de centr\u00edfuga Sharples, el entorno operativo y el historial de servicio, en lugar de aplicar programas gen\u00e9ricos.<\/p>\n<p data-start=\"5348\" data-end=\"5634\">Una documentaci\u00f3n clara y una comunicaci\u00f3n transparente permiten a los administradores de instalaciones planificar las actividades de mantenimiento de forma proactiva, gestionar los presupuestos eficazmente y reducir las reparaciones de emergencia. Este enfoque personalizado favorece una mayor previsibilidad operativa y la fiabilidad a largo plazo de los equipos.<\/p>\n<hr data-start=\"5636\" data-end=\"5639\" \/>\n<h2 data-start=\"5641\" data-end=\"5685\">Minimizar el tiempo de inactividad en las instalaciones de Dallas<\/h2>\n<p data-start=\"5687\" data-end=\"6069\">Las paradas no planificadas de las centr\u00edfugas pueden interrumpir los procesos de tratamiento de aguas residuales, los programas de producci\u00f3n y las obligaciones de cumplimiento. Sentrimax prioriza la planificaci\u00f3n proactiva del mantenimiento, la ejecuci\u00f3n eficiente y la programaci\u00f3n coordinada para garantizar el funcionamiento fiable de las centr\u00edfugas Sharples. La comunicaci\u00f3n \u00e1gil y el soporte t\u00e9cnico ayudan a minimizar las paradas cuando se requiere mantenimiento.<\/p>\n<p data-start=\"6071\" data-end=\"6228\">Al combinar estrategias de mantenimiento preventivo con ejecuci\u00f3n experta, Sentrimax respalda operaciones consistentes en todo Dallas y las comunidades circundantes.<\/p>\n<hr data-start=\"6230\" data-end=\"6233\" \/>\n<h2 data-start=\"6235\" data-end=\"6285\">Cumplimiento, seguridad y mejores pr\u00e1cticas de la industria<\/h2>\n<p data-start=\"6287\" data-end=\"6867\">Las instalaciones que operan centr\u00edfugas Sharples deben garantizar que el rendimiento del equipo cumpla con las normativas ambientales y de seguridad. Orientaci\u00f3n de la <strong data-start=\"6431\" data-end=\"6562\"><a class=\"decorated-link cursor-pointer\" target=\"_new\" rel=\"noopener\" data-start=\"6433\" data-end=\"6560\">Agencia de Protecci\u00f3n Ambiental de EE. UU. \u2013 Descripci\u00f3n general del tratamiento de aguas residuales<\/a><\/strong> Se enfatiza la importancia de contar con equipos confiables para el manejo de s\u00f3lidos para mantener el cumplimiento normativo. Recursos de la industria de <strong data-start=\"6682\" data-end=\"6748\"><a class=\"decorated-link cursor-pointer\" target=\"_new\" rel=\"noopener\" data-start=\"6684\" data-end=\"6746\">Federaci\u00f3n del Medio Ambiente del Agua<\/a><\/strong> Destacar el mantenimiento proactivo y la confiabilidad de los equipos como factores clave en la eficiencia operativa y la reducci\u00f3n de riesgos.<\/p>\n<p data-start=\"6869\" data-end=\"7082\">Los servicios de mantenimiento de Sentrimax respaldan estas mejores pr\u00e1cticas al ayudar a las instalaciones a mantener el rendimiento de las centr\u00edfugas Sharples dentro de las especificaciones de dise\u00f1o, reduciendo el riesgo ambiental y respaldando operaciones seguras.<\/p>\n<hr data-start=\"7084\" data-end=\"7087\" \/>\n<h2 data-start=\"7089\" data-end=\"7136\">Soporte del ciclo de vida m\u00e1s all\u00e1 del mantenimiento rutinario<\/h2>\n<p data-start=\"7138\" data-end=\"7537\">El mantenimiento eficaz de las centr\u00edfugas Sharples es m\u00e1s valioso cuando se integra en una estrategia m\u00e1s amplia de ciclo de vida. Sentrimax ofrece soporte continuo que incluye monitoreo de condici\u00f3n, documentaci\u00f3n de mantenimiento y recomendaciones para la planificaci\u00f3n del servicio a largo plazo. Este enfoque centrado en el ciclo de vida ayuda a las instalaciones de Dallas a optimizar los intervalos de servicio, controlar los costos y maximizar la rentabilidad de la inversi\u00f3n en equipos.<\/p>\n<p data-start=\"7539\" data-end=\"7687\">Se encuentran disponibles informaci\u00f3n t\u00e9cnica adicional y orientaci\u00f3n sobre mantenimiento a trav\u00e9s del sitio web interno. <strong data-start=\"7629\" data-end=\"7678\"><a class=\"decorated-link cursor-pointer\" target=\"_new\" rel=\"noopener\" data-start=\"7631\" data-end=\"7676\">Recursos<\/a><\/strong> secci\u00f3n.<\/p>\n<hr data-start=\"7689\" data-end=\"7692\" \/>\n<h2 data-start=\"7694\" data-end=\"7750\">Socio de mantenimiento de centr\u00edfugas Sharples para Dallas, TX<\/h2>\n<p data-start=\"7752\" data-end=\"8119\">Las instalaciones de Dallas dependen del rendimiento confiable de las centr\u00edfugas para mantener el cumplimiento normativo, la productividad y la estabilidad operativa. El mantenimiento proactivo es esencial para minimizar el riesgo y prolongar la vida \u00fatil de las centr\u00edfugas obsoletas. Sentrimax ofrece mantenimiento de centr\u00edfugas Sharples en Dallas, Texas, con un enfoque en la calidad, la precisi\u00f3n y la confiabilidad a largo plazo.<\/p>\n<p data-start=\"8121\" data-end=\"8297\">Desde inspecciones de rutina hasta programas de mantenimiento integrales y soporte continuo durante el ciclo de vida, Sentrimax brinda a los operadores confianza en sus sistemas centr\u00edfugos Sharples.<\/p>\n<hr data-start=\"8299\" data-end=\"8302\" \/>\n<h2 data-start=\"8304\" data-end=\"8325\">Da el siguiente paso<\/h2>\n<p data-start=\"8327\" data-end=\"8526\">El mantenimiento proactivo de centr\u00edfugas ayuda a prevenir costosos tiempos de inactividad y fallos inesperados en los equipos. Sentrimax est\u00e1 listo para apoyar las instalaciones de Dallas con servicios expertos de mantenimiento de centr\u00edfugas Sharples.<\/p>\n<p data-start=\"8528\" data-end=\"8582\"><strong data-start=\"8528\" data-end=\"8582\"><a class=\"decorated-link\" href=\"https:\/\/sentrimax.com\/es\/contact\/\" target=\"_new\" rel=\"noopener\" data-start=\"8530\" data-end=\"8580\">\u00a1Solicita una cotizaci\u00f3n!<\/a><\/strong><\/p>","protected":false},"excerpt":{"rendered":"<p>Industrial and municipal facilities throughout Dallas, TX rely on centrifuge systems to support continuous processing, efficient solids separation, and regulatory compliance. Equipment manufactured by Sharples has been used for decades across wastewater treatment, chemical processing, food production, and industrial separation applications due to its rugged mechanical design and long service life. While these centrifuges are [&hellip;]<\/p>\n","protected":false},"author":3,"featured_media":0,"parent":0,"menu_order":0,"comment_status":"closed","ping_status":"closed","template":"seo-page-template.php","meta":{"_acf_changed":false,"inline_featured_image":false,"footnotes":""},"class_list":["post-2286","page","type-page","status-publish","hentry"],"acf":[],"_links":{"self":[{"href":"https:\/\/sentrimax.com\/es\/wp-json\/wp\/v2\/pages\/2286","targetHints":{"allow":["GET"]}}],"collection":[{"href":"https:\/\/sentrimax.com\/es\/wp-json\/wp\/v2\/pages"}],"about":[{"href":"https:\/\/sentrimax.com\/es\/wp-json\/wp\/v2\/types\/page"}],"author":[{"embeddable":true,"href":"https:\/\/sentrimax.com\/es\/wp-json\/wp\/v2\/users\/3"}],"replies":[{"embeddable":true,"href":"https:\/\/sentrimax.com\/es\/wp-json\/wp\/v2\/comments?post=2286"}],"version-history":[{"count":1,"href":"https:\/\/sentrimax.com\/es\/wp-json\/wp\/v2\/pages\/2286\/revisions"}],"predecessor-version":[{"id":2539,"href":"https:\/\/sentrimax.com\/es\/wp-json\/wp\/v2\/pages\/2286\/revisions\/2539"}],"wp:attachment":[{"href":"https:\/\/sentrimax.com\/es\/wp-json\/wp\/v2\/media?parent=2286"}],"curies":[{"name":"wp","href":"https:\/\/api.w.org\/{rel}","templated":true}]}}