{"id":2288,"date":"2026-01-07T16:12:54","date_gmt":"2026-01-07T16:12:54","guid":{"rendered":"https:\/\/sentrimax.com\/?page_id=2288"},"modified":"2026-01-07T18:33:13","modified_gmt":"2026-01-07T18:33:13","slug":"sharples-centrifuge-repair-in-richmond-va","status":"publish","type":"page","link":"https:\/\/sentrimax.com\/es\/sharples-centrifuge-repair-in-richmond-va\/","title":{"rendered":"Reparaci\u00f3n de centr\u00edfugas Sharples en Richmond, VA"},"content":{"rendered":"<p data-start=\"287\" data-end=\"844\"><img fetchpriority=\"high\" decoding=\"async\" class=\"aligncenter size-full wp-image-2026\" src=\"https:\/\/sentrimax.com\/wp-content\/uploads\/2025\/07\/imgi_4_c1a73b_67d9bd780e544ea3924fdef1b967ae4fmv2-1.webp\" alt=\"\" width=\"980\" height=\"551\" srcset=\"https:\/\/sentrimax.com\/wp-content\/uploads\/2025\/07\/imgi_4_c1a73b_67d9bd780e544ea3924fdef1b967ae4fmv2-1.webp 980w, https:\/\/sentrimax.com\/wp-content\/uploads\/2025\/07\/imgi_4_c1a73b_67d9bd780e544ea3924fdef1b967ae4fmv2-1-300x169.webp 300w, https:\/\/sentrimax.com\/wp-content\/uploads\/2025\/07\/imgi_4_c1a73b_67d9bd780e544ea3924fdef1b967ae4fmv2-1-768x432.webp 768w, https:\/\/sentrimax.com\/wp-content\/uploads\/2025\/07\/imgi_4_c1a73b_67d9bd780e544ea3924fdef1b967ae4fmv2-1-18x10.webp 18w, https:\/\/sentrimax.com\/wp-content\/uploads\/2025\/07\/imgi_4_c1a73b_67d9bd780e544ea3924fdef1b967ae4fmv2-1-600x337.webp 600w\" sizes=\"(max-width: 980px) 100vw, 980px\" \/><\/p>\n<p data-start=\"287\" data-end=\"844\">Sentrimax ofrece servicios profesionales de reparaci\u00f3n de centr\u00edfugas Sharples a plantas de tratamiento de aguas residuales y operaciones industriales en Richmond, Virginia. Con d\u00e9cadas de experiencia en el soporte de equipos de separaci\u00f3n cr\u00edticos, Sentrimax ofrece diagn\u00f3sticos confiables, reparaciones de precisi\u00f3n y componentes de calidad OEM dise\u00f1ados para restaurar el rendimiento y prolongar la vida \u00fatil de las centr\u00edfugas Sharples. Desde aver\u00edas urgentes hasta mantenimiento programado y reconstrucciones, Sentrimax es un socio de servicio de confianza para instalaciones que no pueden permitirse tiempos de inactividad imprevistos.<\/p>\n<p data-start=\"846\" data-end=\"1293\">Las centr\u00edfugas Sharples desempe\u00f1an un papel fundamental en el tratamiento de aguas residuales, separando eficazmente s\u00f3lidos de l\u00edquidos en condiciones exigentes. El funcionamiento continuo, los materiales abrasivos y las cargas de par elevadas pueden provocar desgaste de componentes, problemas de vibraci\u00f3n y una reducci\u00f3n del rendimiento. Sentrimax comprende los desaf\u00edos mec\u00e1nicos y espec\u00edficos del proceso asociados a los equipos Sharples y aplica metodolog\u00edas de reparaci\u00f3n probadas para garantizar la fiabilidad a largo plazo.<\/p>\n<hr data-start=\"1295\" data-end=\"1298\" \/>\n<p data-start=\"1300\" data-end=\"1352\"><strong data-start=\"1300\" data-end=\"1352\">Apoyo local para las instalaciones de aguas residuales de Richmond<\/strong><\/p>\n<p data-start=\"1354\" data-end=\"1779\">Las plantas de tratamiento de aguas residuales en el \u00e1rea de Richmond dependen de las centr\u00edfugas para cumplir con los requisitos regulatorios, gestionar los bios\u00f3lidos y mantener un rendimiento constante. Cuando una centr\u00edfuga Sharples presenta problemas mec\u00e1nicos u operativos, es fundamental una respuesta r\u00e1pida. Sentrimax ofrece un servicio de respuesta r\u00e1pida en Richmond y sus alrededores, ayudando a las instalaciones a solucionar los problemas antes de que se conviertan en costosas interrupciones del servicio.<\/p>\n<p data-start=\"1781\" data-end=\"2077\">Al combinar las capacidades de servicio en campo con operaciones avanzadas de reparaci\u00f3n y balanceo internas, Sentrimax minimiza los plazos de reparaci\u00f3n y la complejidad log\u00edstica. Este enfoque permite a las instalaciones de Richmond poner en servicio r\u00e1pidamente equipos cr\u00edticos, manteniendo la confianza en la calidad de la reparaci\u00f3n.<\/p>\n<hr data-start=\"2079\" data-end=\"2082\" \/>\n<p data-start=\"2084\" data-end=\"2137\"><strong data-start=\"2084\" data-end=\"2137\">Servicios integrales de reparaci\u00f3n de centr\u00edfugas Sharples<\/strong><\/p>\n<p data-start=\"2139\" data-end=\"2265\">Sentrimax ofrece servicios integrales de reparaci\u00f3n de centr\u00edfugas Sharples adaptados a aplicaciones industriales y de aguas residuales, que incluyen:<\/p>\n<ul data-start=\"2267\" data-end=\"2639\">\n<li data-start=\"2267\" data-end=\"2323\">\n<p data-start=\"2269\" data-end=\"2323\">Inspecciones mec\u00e1nicas detalladas y an\u00e1lisis de fallas<\/p>\n<\/li>\n<li data-start=\"2324\" data-end=\"2376\">\n<p data-start=\"2326\" data-end=\"2376\">Reparaci\u00f3n o reemplazo de cuencos, espirales y transportadores<\/p>\n<\/li>\n<li data-start=\"2377\" data-end=\"2435\">\n<p data-start=\"2379\" data-end=\"2435\">Extracci\u00f3n, instalaci\u00f3n y alineaci\u00f3n de precisi\u00f3n de cojinetes<\/p>\n<\/li>\n<li data-start=\"2436\" data-end=\"2492\">\n<p data-start=\"2438\" data-end=\"2492\">Inspecci\u00f3n, reconstrucci\u00f3n y verificaci\u00f3n de torque de la caja de cambios<\/p>\n<\/li>\n<li data-start=\"2493\" data-end=\"2536\">\n<p data-start=\"2495\" data-end=\"2536\">Equilibrado din\u00e1mico seg\u00fan especificaciones OEM<\/p>\n<\/li>\n<li data-start=\"2537\" data-end=\"2590\">\n<p data-start=\"2539\" data-end=\"2590\">Reemplazo de sellos y mejoras en la protecci\u00f3n contra el desgaste<\/p>\n<\/li>\n<li data-start=\"2591\" data-end=\"2639\">\n<p data-start=\"2593\" data-end=\"2639\">Soporte de puesta en marcha y verificaci\u00f3n operativa<\/p>\n<\/li>\n<\/ul>\n<p data-start=\"2641\" data-end=\"2922\">Cada reparaci\u00f3n se realiza mediante procedimientos documentados que cumplen con los est\u00e1ndares de los equipos originales. En lugar de centrarse \u00fanicamente en los da\u00f1os visibles, Sentrimax eval\u00faa las causas subyacentes, como la desalineaci\u00f3n, los problemas de lubricaci\u00f3n o el desgaste del proceso, para ayudar a prevenir fallos recurrentes.<\/p>\n<p data-start=\"2924\" data-end=\"3141\">Las instalaciones con m\u00faltiples marcas o modelos de centr\u00edfugas tambi\u00e9n pueden beneficiarse de la amplia gama de servicios de Sentrimax. Obtenga m\u00e1s informaci\u00f3n sobre las opciones de reparaci\u00f3n integral de centr\u00edfugas en <a class=\"decorated-link cursor-pointer\" target=\"_new\" rel=\"noopener\" data-start=\"3100\" data-end=\"3140\">https:\/\/sentrimax.com\/centrifuge-repair\/<\/a>.<\/p>\n<hr data-start=\"3143\" data-end=\"3146\" \/>\n<p data-start=\"3148\" data-end=\"3192\"><strong data-start=\"3148\" data-end=\"3192\">Piezas de calidad OEM y reconstrucciones de precisi\u00f3n<\/strong><\/p>\n<p data-start=\"3194\" data-end=\"3531\">Las piezas de repuesto de alta calidad son fundamentales para la longevidad y el rendimiento de las centr\u00edfugas Sharples. Sentrimax suministra componentes OEM y equivalentes, como rodamientos, sellos, revestimientos antidesgaste, conjuntos de espirales y piezas de la caja de engranajes. Cada componente se inspecciona y verifica para garantizar un ajuste, equilibrio y durabilidad adecuados antes de su instalaci\u00f3n.<\/p>\n<p data-start=\"3533\" data-end=\"3893\">Para unidades antiguas o muy desgastadas, Sentrimax ofrece reconstrucciones completas de centr\u00edfugas Sharples. Estos proyectos implican la restauraci\u00f3n de tolerancias cr\u00edticas, la sustituci\u00f3n de componentes desgastados y la verificaci\u00f3n de la integridad mec\u00e1nica de todo el conjunto. Una reconstrucci\u00f3n profesional puede prolongar significativamente la vida \u00fatil del equipo, a la vez que mejora la eficiencia de separaci\u00f3n y la estabilidad operativa.<\/p>\n<p data-start=\"3895\" data-end=\"4015\">Puede encontrar informaci\u00f3n adicional sobre las piezas disponibles y el soporte de componentes en <a class=\"decorated-link cursor-pointer\" target=\"_new\" rel=\"noopener\" data-start=\"3975\" data-end=\"4014\">https:\/\/sentrimax.com\/centrifuge-parts\/<\/a>.<\/p>\n<hr data-start=\"4017\" data-end=\"4020\" \/>\n<p data-start=\"4022\" data-end=\"4073\"><strong data-start=\"4022\" data-end=\"4073\">Mantenimiento preventivo de centr\u00edfugas Sharples<\/strong><\/p>\n<p data-start=\"4075\" data-end=\"4404\">Si bien las reparaciones de emergencia a veces son inevitables, el mantenimiento preventivo es una de las maneras m\u00e1s efectivas de reducir los costos a largo plazo y el riesgo operativo. Sentrimax colabora con las instalaciones del \u00e1rea de Richmond para desarrollar programas de mantenimiento preventivo dise\u00f1ados espec\u00edficamente para las centr\u00edfugas Sharples que operan en entornos de aguas residuales.<\/p>\n<p data-start=\"4406\" data-end=\"4763\">Estos programas pueden incluir inspecciones rutinarias, an\u00e1lisis de vibraciones, monitoreo del estado del aceite y evaluaciones de desgaste. Al identificar indicios tempranos de degradaci\u00f3n, las instalaciones pueden planificar el mantenimiento durante las paradas programadas en lugar de reaccionar ante fallas inesperadas. El mantenimiento preventivo tambi\u00e9n ayuda a estabilizar el rendimiento del drenaje y a extender los intervalos de servicio.<\/p>\n<p data-start=\"4765\" data-end=\"4926\">Sentrimax ofrece acuerdos de servicio flexibles que brindan soporte constante, programaci\u00f3n prioritaria y planificaci\u00f3n de mantenimiento predecible para operadores de aguas residuales.<\/p>\n<hr data-start=\"4928\" data-end=\"4931\" \/>\n<p data-start=\"4933\" data-end=\"4987\"><strong data-start=\"4933\" data-end=\"4987\">Apoyo al cumplimiento normativo y ambiental<\/strong><\/p>\n<p data-start=\"4989\" data-end=\"5377\">El funcionamiento fiable de las centr\u00edfugas es esencial para cumplir con las normativas sobre vertidos de aguas residuales y bios\u00f3lidos. Una baja eficiencia de separaci\u00f3n o la inactividad del equipo pueden aumentar los costes de transporte, interrumpir los procesos posteriores y exponer las instalaciones a riesgos de incumplimiento. Los servicios de reparaci\u00f3n y mantenimiento de Sentrimax est\u00e1n dise\u00f1ados para garantizar un rendimiento constante y el cumplimiento normativo.<\/p>\n<p data-start=\"5379\" data-end=\"5765\">Para obtener orientaci\u00f3n adicional sobre los est\u00e1ndares de tratamiento de aguas residuales y consideraciones de cumplimiento, las instalaciones pueden consultar la Agencia de Protecci\u00f3n Ambiental de los EE. UU. en <a class=\"decorated-link cursor-pointer\" target=\"_new\" rel=\"noopener\" data-start=\"5537\" data-end=\"5562\">https:\/\/www.epa.gov\/water<\/a> o recursos t\u00e9cnicos de la Federaci\u00f3n del Medio Ambiente del Agua en <a class=\"decorated-link\" href=\"https:\/\/www.wef.org\/\" target=\"_new\" rel=\"noopener\" data-start=\"5627\" data-end=\"5647\">https:\/\/www.wef.org\/<\/a>. Estas organizaciones proporcionan informaci\u00f3n reconocida por la industria sobre procesos de tratamiento, regulaciones y mejores pr\u00e1cticas.<\/p>\n<hr data-start=\"5767\" data-end=\"5770\" \/>\n<p data-start=\"5772\" data-end=\"5816\"><strong data-start=\"5772\" data-end=\"5816\">Por qu\u00e9 las instalaciones de Richmond eligen Sentrimax<\/strong><\/p>\n<p data-start=\"5818\" data-end=\"6160\">Las instalaciones de Richmond eligen a Sentrimax para la reparaci\u00f3n de centr\u00edfugas Sharples por su experiencia t\u00e9cnica, atenci\u00f3n al detalle y compromiso con el rendimiento a largo plazo. Cada proyecto cuenta con el apoyo de t\u00e9cnicos experimentados que comprenden las exigencias mec\u00e1nicas de las centr\u00edfugas de aguas residuales y las presiones operativas que enfrentan las plantas de tratamiento.<\/p>\n<p data-start=\"6162\" data-end=\"6467\">Sentrimax prioriza el control de calidad, la comunicaci\u00f3n clara y la documentaci\u00f3n exhaustiva durante todo el proceso de reparaci\u00f3n. Las instalaciones reciben informes de servicio detallados que describen los hallazgos, el trabajo realizado y las recomendaciones para el mantenimiento futuro, lo que facilita la toma de decisiones informada y una mejor gesti\u00f3n de los activos.<\/p>\n<p data-start=\"6469\" data-end=\"6563\">Para obtener experiencia en servicios espec\u00edficos de aguas residuales, visite <a class=\"decorated-link cursor-pointer\" target=\"_new\" rel=\"noopener\" data-start=\"6518\" data-end=\"6562\">https:\/\/sentrimax.com\/industries\/wastewater\/<\/a>.<\/p>\n<hr data-start=\"6565\" data-end=\"6568\" \/>\n<p data-start=\"6570\" data-end=\"6607\"><strong data-start=\"6570\" data-end=\"6607\">Del diagn\u00f3stico al apoyo a la puesta en marcha<\/strong><\/p>\n<p data-start=\"6609\" data-end=\"6921\">Sentrimax ofrece m\u00e1s que reparaciones a nivel de componentes. Los servicios incluyen asistencia para la extracci\u00f3n y reinstalaci\u00f3n, comprobaciones de alineaci\u00f3n, asistencia para la puesta en marcha y verificaci\u00f3n del rendimiento posterior a la reparaci\u00f3n. Este enfoque integral garantiza que las centr\u00edfugas Sharples vuelvan a funcionar de forma segura, fluida y eficiente.<\/p>\n<p data-start=\"6923\" data-end=\"7130\">Al combinar el conocimiento de ingenier\u00eda con la experiencia pr\u00e1ctica en el campo, Sentrimax ayuda a las instalaciones de aguas residuales de Richmond a reducir el tiempo de inactividad, controlar los costos de mantenimiento y proteger las inversiones en infraestructura cr\u00edtica.<\/p>\n<hr data-start=\"7132\" data-end=\"7135\" \/>\n<p data-start=\"7137\" data-end=\"7203\"><strong data-start=\"7137\" data-end=\"7203\">Solicite la reparaci\u00f3n profesional de su centr\u00edfuga Sharples en Richmond, VA<\/strong><\/p>\n<p data-start=\"7205\" data-end=\"7520\">Cuando se necesita una reparaci\u00f3n confiable de centr\u00edfugas Sharples en Richmond, VA, las instalaciones conf\u00edan en Sentrimax por su experiencia comprobada y un servicio eficiente. Ya sea para una reparaci\u00f3n urgente o para planificar un mantenimiento a largo plazo, Sentrimax ofrece soluciones dise\u00f1adas para mantener las operaciones de aguas residuales funcionando de manera eficiente y conforme a las normas.<\/p>\n<p data-start=\"7522\" data-end=\"7576\" data-is-last-node=\"\" data-is-only-node=\"\"><strong data-start=\"7522\" data-end=\"7576\" data-is-last-node=\"\"><a class=\"decorated-link\" href=\"https:\/\/sentrimax.com\/es\/contact\/\" target=\"_new\" rel=\"noopener\" data-start=\"7524\" data-end=\"7574\">\u00a1Solicita una cotizaci\u00f3n!<\/a><\/strong><\/p>","protected":false},"excerpt":{"rendered":"<p>Sentrimax delivers professional Sharples centrifuge repair services to wastewater treatment facilities and industrial operations throughout Richmond, Virginia. With decades of experience supporting critical separation equipment, Sentrimax provides reliable diagnostics, precision repairs, and OEM-quality components designed to restore performance and extend the operational life of Sharples centrifuges. From urgent breakdowns to planned maintenance and rebuilds, Sentrimax [&hellip;]<\/p>\n","protected":false},"author":3,"featured_media":0,"parent":0,"menu_order":0,"comment_status":"closed","ping_status":"closed","template":"","meta":{"_acf_changed":false,"inline_featured_image":false,"footnotes":""},"class_list":["post-2288","page","type-page","status-publish","hentry"],"acf":[],"_links":{"self":[{"href":"https:\/\/sentrimax.com\/es\/wp-json\/wp\/v2\/pages\/2288","targetHints":{"allow":["GET"]}}],"collection":[{"href":"https:\/\/sentrimax.com\/es\/wp-json\/wp\/v2\/pages"}],"about":[{"href":"https:\/\/sentrimax.com\/es\/wp-json\/wp\/v2\/types\/page"}],"author":[{"embeddable":true,"href":"https:\/\/sentrimax.com\/es\/wp-json\/wp\/v2\/users\/3"}],"replies":[{"embeddable":true,"href":"https:\/\/sentrimax.com\/es\/wp-json\/wp\/v2\/comments?post=2288"}],"version-history":[{"count":0,"href":"https:\/\/sentrimax.com\/es\/wp-json\/wp\/v2\/pages\/2288\/revisions"}],"wp:attachment":[{"href":"https:\/\/sentrimax.com\/es\/wp-json\/wp\/v2\/media?parent=2288"}],"curies":[{"name":"wp","href":"https:\/\/api.w.org\/{rel}","templated":true}]}}