{"id":2289,"date":"2026-01-07T16:14:59","date_gmt":"2026-01-07T16:14:59","guid":{"rendered":"https:\/\/sentrimax.com\/?page_id=2289"},"modified":"2026-04-21T21:15:06","modified_gmt":"2026-04-21T21:15:06","slug":"sharples-decanter-centrifuge-service-in-denver-co","status":"publish","type":"page","link":"https:\/\/sentrimax.com\/es\/sharples-decanter-centrifuge-service-in-denver-co\/","title":{"rendered":"Servicio de centr\u00edfugas decantadoras Sharples en Denver, Colorado"},"content":{"rendered":"<p data-start=\"300\" data-end=\"734\"><img fetchpriority=\"high\" decoding=\"async\" class=\"aligncenter size-full wp-image-1619\" src=\"https:\/\/sentrimax.com\/wp-content\/uploads\/2025\/07\/Pulp-Paper-1.png\" alt=\"\" width=\"1536\" height=\"1024\" srcset=\"https:\/\/sentrimax.com\/wp-content\/uploads\/2025\/07\/Pulp-Paper-1.png 1536w, https:\/\/sentrimax.com\/wp-content\/uploads\/2025\/07\/Pulp-Paper-1-300x200.png 300w, https:\/\/sentrimax.com\/wp-content\/uploads\/2025\/07\/Pulp-Paper-1-1024x683.png 1024w, https:\/\/sentrimax.com\/wp-content\/uploads\/2025\/07\/Pulp-Paper-1-768x512.png 768w, https:\/\/sentrimax.com\/wp-content\/uploads\/2025\/07\/Pulp-Paper-1-600x400.png 600w\" sizes=\"(max-width: 1536px) 100vw, 1536px\" \/><\/p>\n<p data-start=\"300\" data-end=\"734\">Sentrimax ofrece un servicio integral de centr\u00edfugas decantadoras Sharples para plantas de tratamiento de aguas residuales y operaciones industriales en Denver, Colorado. Con d\u00e9cadas de experiencia pr\u00e1ctica en el mantenimiento de equipos de separaci\u00f3n cr\u00edticos, <strong data-start=\"538\" data-end=\"579\"><span class=\"hover:entity-accent entity-underline inline cursor-pointer align-baseline\"><span class=\"whitespace-normal\">Sentrimax<\/span><\/span><\/strong> Ofrece mantenimiento de precisi\u00f3n, reparaciones expertas y soluciones de confiabilidad a largo plazo para las centr\u00edfugas decantadoras Sharples que operan en entornos exigentes.<\/p>\n<p data-start=\"736\" data-end=\"1218\">Las centr\u00edfugas decantadoras son esenciales para el procesamiento de aguas residuales, la gesti\u00f3n de bios\u00f3lidos y la deshidrataci\u00f3n de lodos. Los equipos Sharples est\u00e1n dise\u00f1ados para un funcionamiento continuo, pero la alta carga de s\u00f3lidos, los materiales abrasivos y el par constante someten a los componentes mec\u00e1nicos a una tensi\u00f3n considerable con el tiempo. Sentrimax comprende estos desaf\u00edos y ofrece estrategias de servicio dise\u00f1adas para reducir el tiempo de inactividad, restaurar la eficiencia de la separaci\u00f3n y prolongar la vida \u00fatil de las centr\u00edfugas decantadoras Sharples.<\/p>\n<hr data-start=\"1220\" data-end=\"1223\" \/>\n<p data-start=\"1225\" data-end=\"1274\"><strong data-start=\"1225\" data-end=\"1274\">Apoyo a la infraestructura de aguas residuales de Denver<\/strong><\/p>\n<p data-start=\"1276\" data-end=\"1632\">Instalaciones de tratamiento de aguas residuales en todo el pa\u00eds <strong data-start=\"1315\" data-end=\"1356\"><span class=\"hover:entity-accent entity-underline inline cursor-pointer align-baseline\"><span class=\"whitespace-normal\">Denver<\/span><\/span><\/strong> Conf\u00ede en el rendimiento confiable de su centr\u00edfuga para cumplir con los requisitos regulatorios, controlar los costos operativos y proteger los procesos posteriores. Cuando las centr\u00edfugas decantadoras Sharples experimentan vibraciones, menor sequedad de la torta, alarmas de torque o desgaste mec\u00e1nico, el mantenimiento oportuno es crucial.<\/p>\n<p data-start=\"1634\" data-end=\"2055\">Sentrimax ofrece una cobertura de servicio \u00e1gil para la regi\u00f3n de Denver, combinando soporte de campo con capacidades avanzadas de reparaci\u00f3n interna. Este enfoque integrado minimiza los retrasos, reduce los costos de transporte y garantiza que las reparaciones se realicen con los m\u00e1s altos est\u00e1ndares. Las instalaciones se benefician de tiempos de respuesta m\u00e1s r\u00e1pidos y la confianza de que los equipos reparados funcionar\u00e1n de forma fiable en condiciones reales de operaci\u00f3n.<\/p>\n<hr data-start=\"2057\" data-end=\"2060\" \/>\n<p data-start=\"2062\" data-end=\"2120\"><strong data-start=\"2062\" data-end=\"2120\">Capacidades de servicio completo de la centr\u00edfuga decantadora Sharples<\/strong><\/p>\n<p data-start=\"2122\" data-end=\"2274\">Sentrimax ofrece un servicio integral para centr\u00edfugas decantadoras Sharples, que abarca tanto el mantenimiento rutinario como problemas mec\u00e1nicos complejos. Los servicios incluyen:<\/p>\n<ul data-start=\"2276\" data-end=\"2638\">\n<li data-start=\"2276\" data-end=\"2331\">\n<p data-start=\"2278\" data-end=\"2331\">Inspecciones integrales y evaluaciones de condici\u00f3n<\/p>\n<\/li>\n<li data-start=\"2332\" data-end=\"2384\">\n<p data-start=\"2334\" data-end=\"2384\">Reparaci\u00f3n o reemplazo de cuencos, espirales y transportadores<\/p>\n<\/li>\n<li data-start=\"2385\" data-end=\"2443\">\n<p data-start=\"2387\" data-end=\"2443\">Extracci\u00f3n, instalaci\u00f3n y alineaci\u00f3n de precisi\u00f3n de cojinetes<\/p>\n<\/li>\n<li data-start=\"2444\" data-end=\"2495\">\n<p data-start=\"2446\" data-end=\"2495\">Inspecci\u00f3n, reconstrucci\u00f3n y prueba de torque de la caja de cambios<\/p>\n<\/li>\n<li data-start=\"2496\" data-end=\"2535\">\n<p data-start=\"2498\" data-end=\"2535\">Equilibrado din\u00e1mico seg\u00fan tolerancias OEM<\/p>\n<\/li>\n<li data-start=\"2536\" data-end=\"2585\">\n<p data-start=\"2538\" data-end=\"2585\">Reemplazo de sellos y mejoras en la protecci\u00f3n contra el desgaste<\/p>\n<\/li>\n<li data-start=\"2586\" data-end=\"2638\">\n<p data-start=\"2588\" data-end=\"2638\">Asistencia en la puesta en marcha y verificaci\u00f3n posterior al servicio<\/p>\n<\/li>\n<\/ul>\n<p data-start=\"2640\" data-end=\"2932\">Cada proyecto de servicio sigue procedimientos documentados, alineados con los est\u00e1ndares de equipos originales. En lugar de centrarse \u00fanicamente en el desgaste visible, los t\u00e9cnicos de Sentrimax eval\u00faan las causas subyacentes, como la desalineaci\u00f3n, la falla de la lubricaci\u00f3n o la tensi\u00f3n relacionada con el proceso, para ayudar a prevenir fallas recurrentes.<\/p>\n<p data-start=\"2934\" data-end=\"3131\">Las instalaciones que operan flotas de centr\u00edfugas mixtas tambi\u00e9n pueden confiar en Sentrimax para un servicio m\u00e1s completo. Puede encontrar m\u00e1s informaci\u00f3n sobre estas capacidades en <a class=\"decorated-link cursor-pointer\" target=\"_new\" rel=\"noopener\" data-start=\"3090\" data-end=\"3130\">https:\/\/sentrimax.com\/centrifuge-repair\/<\/a>.<\/p>\n<hr data-start=\"3133\" data-end=\"3136\" \/>\n<p data-start=\"3138\" data-end=\"3193\"><strong data-start=\"3138\" data-end=\"3193\">Piezas de calidad OEM para centr\u00edfugas decantadoras Sharples<\/strong><\/p>\n<p data-start=\"3195\" data-end=\"3533\">Los componentes de alta calidad son fundamentales para mantener la fiabilidad de las centr\u00edfugas decantadoras. Sentrimax suministra piezas originales (OEM) y equivalentes para equipos Sharples, incluyendo rodamientos, sellos, revestimientos antidesgaste, paletas de espiral y conjuntos de caja de engranajes. Todas las piezas se inspeccionan y verifican antes de su instalaci\u00f3n para garantizar un ajuste, equilibrio y durabilidad adecuados.<\/p>\n<p data-start=\"3535\" data-end=\"3906\">Para unidades muy desgastadas o antiguas, Sentrimax ofrece reconstrucciones completas de centr\u00edfugas decantadoras Sharples. Estas reconstrucciones restauran tolerancias cr\u00edticas, corrigen el desgaste acumulado y mejoran la integridad mec\u00e1nica de todo el conjunto. Una reconstrucci\u00f3n profesional puede prolongar significativamente la vida \u00fatil del equipo, a la vez que mejora el rendimiento de la deshidrataci\u00f3n y reduce los costos de mantenimiento a largo plazo.<\/p>\n<p data-start=\"3908\" data-end=\"4019\">Obtenga m\u00e1s informaci\u00f3n sobre los componentes de reemplazo y el soporte de piezas disponibles en <a class=\"decorated-link cursor-pointer\" target=\"_new\" rel=\"noopener\" data-start=\"3979\" data-end=\"4018\">https:\/\/sentrimax.com\/centrifuge-parts\/<\/a>.<\/p>\n<hr data-start=\"4021\" data-end=\"4024\" \/>\n<p data-start=\"4026\" data-end=\"4078\"><strong data-start=\"4026\" data-end=\"4078\">Mantenimiento preventivo para confiabilidad a largo plazo<\/strong><\/p>\n<p data-start=\"4080\" data-end=\"4334\">Las reparaciones reactivas pueden ser costosas y perturbar las operaciones de tratamiento de aguas residuales. Sentrimax colabora con instalaciones del \u00e1rea de Denver para implementar programas de mantenimiento preventivo dise\u00f1ados espec\u00edficamente para las centr\u00edfugas decantadoras Sharples que operan en entornos de aguas residuales.<\/p>\n<p data-start=\"4336\" data-end=\"4703\">Los servicios de mantenimiento preventivo pueden incluir inspecciones rutinarias, an\u00e1lisis de vibraciones, monitoreo del estado del aceite y medici\u00f3n del desgaste. Estas medidas proactivas ayudan a identificar indicios tempranos de degradaci\u00f3n antes de que provoquen paradas imprevistas. Las instalaciones se benefician de programas de mantenimiento m\u00e1s predecibles, mayor tiempo de actividad y un mejor control de los presupuestos de mantenimiento.<\/p>\n<p data-start=\"4705\" data-end=\"4863\">Sentrimax tambi\u00e9n ofrece acuerdos de servicio que brindan respuesta prioritaria y soporte constante, ayudando a los operadores de aguas residuales a planificar el mantenimiento con confianza.<\/p>\n<hr data-start=\"4865\" data-end=\"4868\" \/>\n<p data-start=\"4870\" data-end=\"4921\"><strong data-start=\"4870\" data-end=\"4921\">Apoyo al cumplimiento normativo y ambiental<\/strong><\/p>\n<p data-start=\"4923\" data-end=\"5283\">El rendimiento confiable de las centr\u00edfugas decantadoras influye directamente en el cumplimiento ambiental. Una separaci\u00f3n ineficiente de s\u00f3lidos puede aumentar los vol\u00famenes de transporte, sobrecargar los procesos de tratamiento posteriores y exponer las instalaciones a riesgos regulatorios. Las pr\u00e1cticas de servicio de Sentrimax est\u00e1n dise\u00f1adas para garantizar un rendimiento constante y el cumplimiento de la normativa aplicable en materia de aguas residuales.<\/p>\n<p data-start=\"5285\" data-end=\"5689\">Para obtener orientaci\u00f3n adicional sobre los est\u00e1ndares de tratamiento de aguas residuales y consideraciones regulatorias, las instalaciones pueden consultar la Agencia de Protecci\u00f3n Ambiental de los EE. UU. en <a class=\"decorated-link cursor-pointer\" target=\"_new\" rel=\"noopener\" data-start=\"5443\" data-end=\"5468\">https:\/\/www.epa.gov\/water<\/a> o recursos t\u00e9cnicos de la Federaci\u00f3n del Medio Ambiente del Agua en <a class=\"decorated-link\" href=\"https:\/\/www.wef.org\/\" target=\"_new\" rel=\"noopener\" data-start=\"5533\" data-end=\"5553\">https:\/\/www.wef.org\/<\/a>. Estas organizaciones proporcionan informaci\u00f3n autorizada sobre tecnolog\u00edas de tratamiento, requisitos de cumplimiento y mejores pr\u00e1cticas de la industria.<\/p>\n<hr data-start=\"5691\" data-end=\"5694\" \/>\n<p data-start=\"5696\" data-end=\"5738\"><strong data-start=\"5696\" data-end=\"5738\">Por qu\u00e9 las instalaciones de Denver eligen Sentrimax<\/strong><\/p>\n<p data-start=\"5740\" data-end=\"6098\">Las instalaciones industriales y de aguas residuales de Denver eligen Sentrimax para el servicio de centr\u00edfugas decantadoras Sharples por su experiencia t\u00e9cnica, capacidad de respuesta y compromiso con la calidad. Cada proyecto cuenta con el respaldo de t\u00e9cnicos experimentados que comprenden tanto el dise\u00f1o mec\u00e1nico de los equipos Sharples como las realidades operativas de las plantas de tratamiento de aguas residuales.<\/p>\n<p data-start=\"6100\" data-end=\"6386\">Sentrimax prioriza la comunicaci\u00f3n clara y la documentaci\u00f3n exhaustiva durante todo el proceso de servicio. Las instalaciones reciben informes detallados que describen los hallazgos, el trabajo realizado y las recomendaciones para el mantenimiento futuro, lo que facilita la toma de decisiones informadas sobre la gesti\u00f3n de activos y la planificaci\u00f3n a largo plazo.<\/p>\n<p data-start=\"6388\" data-end=\"6498\">Para obtener informaci\u00f3n sobre servicios y experiencia espec\u00edficos de aguas residuales, visite <a class=\"decorated-link cursor-pointer\" target=\"_new\" rel=\"noopener\" data-start=\"6453\" data-end=\"6497\">https:\/\/sentrimax.com\/industries\/wastewater\/<\/a>.<\/p>\n<hr data-start=\"6500\" data-end=\"6503\" \/>\n<p data-start=\"6505\" data-end=\"6546\"><strong data-start=\"6505\" data-end=\"6546\">Desde la inspecci\u00f3n hasta la asistencia para la puesta en marcha<\/strong><\/p>\n<p data-start=\"6548\" data-end=\"6905\">Sentrimax ofrece m\u00e1s que un servicio a nivel de componentes. El soporte abarca la extracci\u00f3n y reinstalaci\u00f3n de equipos, la verificaci\u00f3n de la alineaci\u00f3n, la asistencia para la puesta en marcha y las comprobaciones de rendimiento posteriores al servicio. Este enfoque integral garantiza que las centr\u00edfugas decantadoras Sharples vuelvan a funcionar de forma segura, eficiente y de acuerdo con las especificaciones de dise\u00f1o.<\/p>\n<p data-start=\"6907\" data-end=\"7101\">Al combinar el conocimiento de ingenier\u00eda con la experiencia pr\u00e1ctica en el campo, Sentrimax ayuda a las instalaciones de Denver a reducir el tiempo de inactividad, controlar los costos de mantenimiento y proteger las inversiones en infraestructura cr\u00edtica.<\/p>\n<hr data-start=\"7103\" data-end=\"7106\" \/>\n<p data-start=\"7108\" data-end=\"7169\"><strong data-start=\"7108\" data-end=\"7169\">Solicite el servicio de centr\u00edfuga decantadora Sharples en Denver, CO<\/strong><\/p>\n<p data-start=\"7171\" data-end=\"7497\">Cuando se necesita servicio profesional para centr\u00edfugas decantadoras Sharples en Denver, Colorado, las instalaciones conf\u00edan en Sentrimax por su experiencia comprobada y soporte confiable. Ya sea para atender necesidades urgentes de servicio o planificar mantenimiento a largo plazo, Sentrimax ofrece soluciones que mantienen las operaciones de aguas residuales funcionando de manera eficiente y conforme a las normas.<\/p>\n<p data-start=\"7499\" data-end=\"7553\" data-is-last-node=\"\" data-is-only-node=\"\"><strong data-start=\"7499\" data-end=\"7553\" data-is-last-node=\"\"><a class=\"decorated-link\" href=\"https:\/\/sentrimax.com\/es\/contact\/\" target=\"_new\" rel=\"noopener\" data-start=\"7501\" data-end=\"7551\">\u00a1Solicita una cotizaci\u00f3n!<\/a><\/strong><\/p>","protected":false},"excerpt":{"rendered":"<p>Sentrimax provides comprehensive Sharples decanter centrifuge service for wastewater treatment facilities and industrial operations throughout Denver, Colorado. With decades of hands-on experience servicing critical separation equipment, Sentrimax delivers precision maintenance, expert repairs, and long-term reliability solutions for Sharples decanter centrifuges operating in demanding environments. Decanter centrifuges are essential to wastewater processing, biosolids management, and sludge [&hellip;]<\/p>\n","protected":false},"author":3,"featured_media":0,"parent":0,"menu_order":0,"comment_status":"closed","ping_status":"closed","template":"seo-page-template.php","meta":{"_acf_changed":false,"inline_featured_image":false,"footnotes":""},"class_list":["post-2289","page","type-page","status-publish","hentry"],"acf":[],"_links":{"self":[{"href":"https:\/\/sentrimax.com\/es\/wp-json\/wp\/v2\/pages\/2289","targetHints":{"allow":["GET"]}}],"collection":[{"href":"https:\/\/sentrimax.com\/es\/wp-json\/wp\/v2\/pages"}],"about":[{"href":"https:\/\/sentrimax.com\/es\/wp-json\/wp\/v2\/types\/page"}],"author":[{"embeddable":true,"href":"https:\/\/sentrimax.com\/es\/wp-json\/wp\/v2\/users\/3"}],"replies":[{"embeddable":true,"href":"https:\/\/sentrimax.com\/es\/wp-json\/wp\/v2\/comments?post=2289"}],"version-history":[{"count":1,"href":"https:\/\/sentrimax.com\/es\/wp-json\/wp\/v2\/pages\/2289\/revisions"}],"predecessor-version":[{"id":2536,"href":"https:\/\/sentrimax.com\/es\/wp-json\/wp\/v2\/pages\/2289\/revisions\/2536"}],"wp:attachment":[{"href":"https:\/\/sentrimax.com\/es\/wp-json\/wp\/v2\/media?parent=2289"}],"curies":[{"name":"wp","href":"https:\/\/api.w.org\/{rel}","templated":true}]}}