{"id":2292,"date":"2026-01-07T16:20:10","date_gmt":"2026-01-07T16:20:10","guid":{"rendered":"https:\/\/sentrimax.com\/?page_id=2292"},"modified":"2026-04-21T21:15:05","modified_gmt":"2026-04-21T21:15:05","slug":"flottweg-decanter-centrifuge-service-in-houston-tx","status":"publish","type":"page","link":"https:\/\/sentrimax.com\/es\/flottweg-decanter-centrifuge-service-in-houston-tx\/","title":{"rendered":"Servicio de centr\u00edfugas decantadoras Flottweg en Houston, TX"},"content":{"rendered":"<p data-start=\"313\" data-end=\"978\"><img fetchpriority=\"high\" decoding=\"async\" class=\"aligncenter size-full wp-image-1613\" src=\"https:\/\/sentrimax.com\/wp-content\/uploads\/2025\/07\/Food-Bev.png\" alt=\"\" width=\"1536\" height=\"1024\" srcset=\"https:\/\/sentrimax.com\/wp-content\/uploads\/2025\/07\/Food-Bev.png 1536w, https:\/\/sentrimax.com\/wp-content\/uploads\/2025\/07\/Food-Bev-300x200.png 300w, https:\/\/sentrimax.com\/wp-content\/uploads\/2025\/07\/Food-Bev-1024x683.png 1024w, https:\/\/sentrimax.com\/wp-content\/uploads\/2025\/07\/Food-Bev-768x512.png 768w, https:\/\/sentrimax.com\/wp-content\/uploads\/2025\/07\/Food-Bev-600x400.png 600w\" sizes=\"(max-width: 1536px) 100vw, 1536px\" \/><\/p>\n<p data-start=\"313\" data-end=\"978\">Sentrimax ofrece un servicio integral de centr\u00edfugas decantadoras Flottweg para operaciones industriales y de aguas residuales en todo el pa\u00eds. <strong data-start=\"435\" data-end=\"453\">Houston, Texas<\/strong>. Con d\u00e9cadas de experiencia en el campo y un profundo conocimiento t\u00e9cnico, <strong data-start=\"518\" data-end=\"531\">Sentrimax<\/strong> Ofrece soluciones profesionales de inspecci\u00f3n, reparaci\u00f3n, mantenimiento y reconstrucci\u00f3n dise\u00f1adas para mantener las centr\u00edfugas decantadoras Flottweg funcionando de forma eficiente, fiable y cumpliendo con las expectativas de rendimiento. El exigente entorno operativo de Houston, caracterizado por altas cargas de s\u00f3lidos, materiales abrasivos y un funcionamiento continuo, requiere socios de servicio con experiencia pr\u00e1ctica, soporte \u00e1gil y un enfoque en el rendimiento a largo plazo de las centr\u00edfugas.<\/p>\n<p data-start=\"980\" data-end=\"1536\">Las centr\u00edfugas decantadoras Flottweg son fundamentales para la separaci\u00f3n s\u00f3lido-l\u00edquido en el tratamiento de aguas residuales, la deshidrataci\u00f3n industrial y la optimizaci\u00f3n de procesos. Si bien estas m\u00e1quinas est\u00e1n dise\u00f1adas para ofrecer robustez y eficiencia, todos los equipos rotativos de alta velocidad experimentan desgaste con el tiempo. Rodamientos, sellos, espirales, elementos transportadores y cajas de engranajes requieren atenci\u00f3n profesional. Sentrimax comprende la din\u00e1mica de estos equipos y ofrece estrategias de servicio que restauran el rendimiento, prolongan la vida \u00fatil de los equipos y ayudan a las instalaciones de Houston a evitar costosos tiempos de inactividad.<\/p>\n<hr data-start=\"1538\" data-end=\"1541\" \/>\n<p data-start=\"1543\" data-end=\"1591\"><strong data-start=\"1543\" data-end=\"1591\">Apoyando la infraestructura cr\u00edtica de Houston<\/strong><\/p>\n<p data-start=\"1593\" data-end=\"2036\">Plantas de tratamiento de aguas residuales, procesadores industriales e instalaciones qu\u00edmicas en todo el <strong data-start=\"1684\" data-end=\"1713\">\u00c1rea metropolitana de Houston<\/strong> Conf\u00ede en las centr\u00edfugas decantadoras Flottweg para gestionar bios\u00f3lidos, separar flujos de proceso y mantener el rendimiento operativo. Cuando el rendimiento de la centr\u00edfuga se degrada o se produce una falla mec\u00e1nica, las consecuencias pueden repercutir en todo el proceso, lo que resulta en una reducci\u00f3n de la capacidad, riesgos regulatorios y un aumento de los costos operativos.<\/p>\n<p data-start=\"2038\" data-end=\"2450\">Sentrimax ofrece un servicio r\u00e1pido y personalizado para la regi\u00f3n de Houston. Nuestros t\u00e9cnicos aportan experiencia de campo, herramientas especializadas y procedimientos de seguridad a cada obra. Al combinar el soporte in situ con capacidades avanzadas en el taller, como balanceo din\u00e1mico, mecanizado de precisi\u00f3n y ensamblaje, Sentrimax minimiza los plazos de reparaci\u00f3n y ayuda a las instalaciones a restablecer r\u00e1pidamente el funcionamiento confiable de los decantadores.<\/p>\n<hr data-start=\"2452\" data-end=\"2455\" \/>\n<p data-start=\"2457\" data-end=\"2521\"><strong data-start=\"2457\" data-end=\"2521\">Servicios integrales para centr\u00edfugas decantadoras Flottweg<\/strong><\/p>\n<p data-start=\"2523\" data-end=\"2691\">Sentrimax ofrece un servicio integral para centr\u00edfugas decantadoras Flottweg, dise\u00f1ado tanto para mantenimiento proactivo como para reparaciones urgentes. Las principales capacidades de servicio incluyen:<\/p>\n<ul data-start=\"2693\" data-end=\"3137\">\n<li data-start=\"2693\" data-end=\"2756\">\n<p data-start=\"2695\" data-end=\"2756\">Inspecciones mec\u00e1nicas detalladas y evaluaciones de rendimiento<\/p>\n<\/li>\n<li data-start=\"2757\" data-end=\"2804\">\n<p data-start=\"2759\" data-end=\"2804\">Diagn\u00f3stico de causa ra\u00edz y an\u00e1lisis de fallas<\/p>\n<\/li>\n<li data-start=\"2805\" data-end=\"2857\">\n<p data-start=\"2807\" data-end=\"2857\">Reparaci\u00f3n o reemplazo de transportadores, bobinas y tazones<\/p>\n<\/li>\n<li data-start=\"2858\" data-end=\"2916\">\n<p data-start=\"2860\" data-end=\"2916\">Extracci\u00f3n, instalaci\u00f3n y alineaci\u00f3n de precisi\u00f3n de cojinetes<\/p>\n<\/li>\n<li data-start=\"2917\" data-end=\"2973\">\n<p data-start=\"2919\" data-end=\"2973\">Evaluaci\u00f3n, reconstrucci\u00f3n y verificaci\u00f3n de torque de la caja de cambios<\/p>\n<\/li>\n<li data-start=\"2974\" data-end=\"3030\">\n<p data-start=\"2976\" data-end=\"3030\">Equilibrio din\u00e1mico seg\u00fan los niveles OEM para un funcionamiento suave<\/p>\n<\/li>\n<li data-start=\"3031\" data-end=\"3079\">\n<p data-start=\"3033\" data-end=\"3079\">Reemplazo de sellos y actualizaciones de componentes de desgaste<\/p>\n<\/li>\n<li data-start=\"3080\" data-end=\"3137\">\n<p data-start=\"3082\" data-end=\"3137\">Proceso de asistencia a la puesta en marcha y verificaci\u00f3n del rendimiento<\/p>\n<\/li>\n<\/ul>\n<p data-start=\"3139\" data-end=\"3456\">En lugar de abordar \u00fanicamente los s\u00edntomas de falla, los t\u00e9cnicos de Sentrimax eval\u00faan todo el sistema mec\u00e1nico para identificar las causas subyacentes, como desalineaci\u00f3n, lubricaci\u00f3n inadecuada, fatiga de componentes o irregularidades en la vibraci\u00f3n. Este enfoque integral mejora la longevidad y reduce la probabilidad de que se repitan los problemas.<\/p>\n<p data-start=\"3458\" data-end=\"3666\">Para instalaciones que operan con diversas marcas o modelos de centr\u00edfugas, Sentrimax ofrece un amplio soporte para todos los tipos de equipos. Obtenga m\u00e1s informaci\u00f3n sobre estas capacidades de servicio en <a class=\"decorated-link cursor-pointer\" target=\"_new\" rel=\"noopener\" data-start=\"3625\" data-end=\"3665\">https:\/\/sentrimax.com\/centrifuge-repair\/<\/a>.<\/p>\n<hr data-start=\"3668\" data-end=\"3671\" \/>\n<p data-start=\"3673\" data-end=\"3720\"><strong data-start=\"3673\" data-end=\"3720\">Servicio de campo y respuesta r\u00e1pida en Houston<\/strong><\/p>\n<p data-start=\"3722\" data-end=\"4085\">Cuando surge un problema inesperado con la centr\u00edfuga, es fundamental responder con rapidez. Una parada imprevista puede interrumpir el procesamiento de aguas residuales, comprometer la continuidad del proceso y generar problemas regulatorios. El equipo de servicio de Sentrimax en Houston est\u00e1 capacitado para responder r\u00e1pidamente a las llamadas de servicio, trasladando t\u00e9cnicos experimentados y equipos especializados directamente a las instalaciones del cliente.<\/p>\n<p data-start=\"4087\" data-end=\"4436\">El servicio de campo in situ reduce el tiempo de inactividad, elimina la necesidad de costosos transportes de equipos y permite a Sentrimax evaluar las condiciones en el contexto del entorno operativo de la instalaci\u00f3n. Ya sea una inspecci\u00f3n de campo, el reemplazo de componentes o pruebas de rendimiento, el objetivo es restablecer la estabilidad operativa con m\u00ednimas interrupciones.<\/p>\n<hr data-start=\"4438\" data-end=\"4441\" \/>\n<p data-start=\"4443\" data-end=\"4483\"><strong data-start=\"4443\" data-end=\"4483\">Reparaciones de precisi\u00f3n con piezas de calidad<\/strong><\/p>\n<p data-start=\"4485\" data-end=\"4876\">La durabilidad y la fiabilidad empiezan con las piezas utilizadas en el servicio y la reparaci\u00f3n. Sentrimax suministra componentes de calidad OEM y equivalentes para las centr\u00edfugas decantadoras Flottweg, incluyendo cojinetes, sellos, revestimientos antidesgaste, elementos de espiral y piezas de la caja de engranajes. Cada pieza se inspecciona antes de su instalaci\u00f3n para garantizar su precisi\u00f3n dimensional, integridad del material y ajuste, garantizando as\u00ed su rendimiento.<\/p>\n<p data-start=\"4878\" data-end=\"5237\">Para equipos muy desgastados o envejecidos, Sentrimax ofrece servicios completos de reconstrucci\u00f3n. Las reconstrucciones implican la restauraci\u00f3n de tolerancias cr\u00edticas, la sustituci\u00f3n de componentes desgastados y la verificaci\u00f3n del equilibrio mec\u00e1nico en todo el conjunto. Una reconstrucci\u00f3n profesional puede prolongar significativamente la vida \u00fatil de una centr\u00edfuga decantadora Flottweg y mejorar su rendimiento general.<\/p>\n<p data-start=\"5239\" data-end=\"5366\">Las instalaciones interesadas en obtener soporte de piezas pueden explorar los componentes de reemplazo disponibles en <a class=\"decorated-link cursor-pointer\" target=\"_new\" rel=\"noopener\" data-start=\"5326\" data-end=\"5365\">https:\/\/sentrimax.com\/centrifuge-parts\/<\/a>.<\/p>\n<hr data-start=\"5368\" data-end=\"5371\" \/>\n<p data-start=\"5373\" data-end=\"5425\"><strong data-start=\"5373\" data-end=\"5425\">Mantenimiento preventivo para confiabilidad a largo plazo<\/strong><\/p>\n<p data-start=\"5427\" data-end=\"5677\">Las reparaciones reactivas cuestan tiempo, dinero y contribuyen a la continuidad operativa. Sentrimax colabora con las instalaciones de Houston para implementar programas de mantenimiento preventivo que identifican problemas a tiempo y reducen las interrupciones imprevistas. Un plan de mantenimiento bien dise\u00f1ado puede incluir:<\/p>\n<ul data-start=\"5679\" data-end=\"5891\">\n<li data-start=\"5679\" data-end=\"5713\">\n<p data-start=\"5681\" data-end=\"5713\">Inspecciones mec\u00e1nicas de rutina<\/p>\n<\/li>\n<li data-start=\"5714\" data-end=\"5757\">\n<p data-start=\"5716\" data-end=\"5757\">An\u00e1lisis de vibraciones y seguimiento de tendencias<\/p>\n<\/li>\n<li data-start=\"5758\" data-end=\"5799\">\n<p data-start=\"5760\" data-end=\"5799\">Muestreo de aceite y evaluaci\u00f3n del estado<\/p>\n<\/li>\n<li data-start=\"5800\" data-end=\"5848\">\n<p data-start=\"5802\" data-end=\"5848\">Medici\u00f3n del desgaste y seguimiento de la vida \u00fatil de los componentes<\/p>\n<\/li>\n<li data-start=\"5849\" data-end=\"5891\">\n<p data-start=\"5851\" data-end=\"5891\">Reemplazo programado de elementos de alto desgaste<\/p>\n<\/li>\n<\/ul>\n<p data-start=\"5893\" data-end=\"6262\">Al implementar un mantenimiento preventivo basado en datos operativos, las instalaciones pueden mejorar el tiempo de actividad, optimizar los presupuestos de mantenimiento y programar el servicio durante interrupciones programadas en lugar de emergencias. Sentrimax tambi\u00e9n ofrece acuerdos de servicio que ofrecen programaci\u00f3n prioritaria, soporte constante y planificaci\u00f3n de mantenimiento a largo plazo adaptada a las necesidades de cada instalaci\u00f3n.<\/p>\n<hr data-start=\"6264\" data-end=\"6267\" \/>\n<p data-start=\"6269\" data-end=\"6330\"><strong data-start=\"6269\" data-end=\"6330\">Apoyo al cumplimiento ambiental y los objetivos operativos<\/strong><\/p>\n<p data-start=\"6332\" data-end=\"6743\">En las instalaciones de aguas residuales, la operaci\u00f3n eficiente de las centr\u00edfugas contribuye al cumplimiento ambiental, la gesti\u00f3n de s\u00f3lidos y la estabilidad del proceso. Una separaci\u00f3n ineficiente puede aumentar los vol\u00famenes de transporte, sobrecargar las etapas de tratamiento biol\u00f3gico y generar el riesgo de incumplimiento de los permisos de vertido. Las pr\u00e1cticas de servicio de Sentrimax est\u00e1n dise\u00f1adas para ayudar a las instalaciones de Houston a mantener un rendimiento de los equipos que cumpla con los requisitos regulatorios.<\/p>\n<p data-start=\"6745\" data-end=\"7208\">Para obtener informaci\u00f3n autorizada sobre el cumplimiento ambiental y los est\u00e1ndares de tratamiento de aguas residuales, las instalaciones pueden consultar <strong data-start=\"6868\" data-end=\"6914\">Agencia de Protecci\u00f3n Ambiental de los Estados Unidos (EPA)<\/strong> en <a class=\"decorated-link cursor-pointer\" target=\"_new\" rel=\"noopener\" data-start=\"6918\" data-end=\"6943\">https:\/\/www.epa.gov\/water<\/a> y las mejores pr\u00e1cticas de la industria de la <strong data-start=\"6981\" data-end=\"7019\">Federaci\u00f3n del Medio Ambiente del Agua (FEM)<\/strong> en <a class=\"decorated-link\" href=\"https:\/\/www.wef.org\/\" target=\"_new\" rel=\"noopener\" data-start=\"7023\" data-end=\"7043\">https:\/\/www.wef.org\/<\/a>. Estas organizaciones brindan orientaci\u00f3n valiosa sobre la regulaci\u00f3n de aguas residuales, tecnolog\u00edas de tratamiento y estrategias operativas relevantes para la planificaci\u00f3n del servicio de centr\u00edfugas.<\/p>\n<hr data-start=\"7210\" data-end=\"7213\" \/>\n<p data-start=\"7215\" data-end=\"7258\"><strong data-start=\"7215\" data-end=\"7258\">Por qu\u00e9 las instalaciones de Houston eligen Sentrimax<\/strong><\/p>\n<p data-start=\"7260\" data-end=\"7632\">Las instalaciones de Houston eligen Sentrimax para el servicio de centr\u00edfugas decantadoras Flottweg por su profundo conocimiento t\u00e9cnico, capacidad de respuesta y compromiso con la calidad de la mano de obra. Los t\u00e9cnicos de Sentrimax tienen experiencia en la din\u00e1mica mec\u00e1nica de los equipos de separaci\u00f3n de alta velocidad y comprenden las presiones operativas que enfrentan tanto las instalaciones de aguas residuales como las industriales.<\/p>\n<p data-start=\"7634\" data-end=\"7969\">Durante todo el proceso de servicio, Sentrimax prioriza la comunicaci\u00f3n clara, los informes detallados y la documentaci\u00f3n transparente. Las instalaciones reciben informes de servicio completos que describen los hallazgos, el trabajo realizado, las recomendaciones y los resultados esperados. Esta informaci\u00f3n facilita la toma de decisiones informada y las estrategias de mantenimiento a largo plazo.<\/p>\n<p data-start=\"7971\" data-end=\"8067\">Para obtener experiencia en centr\u00edfugas centradas en aguas residuales, visite <a class=\"decorated-link cursor-pointer\" target=\"_new\" rel=\"noopener\" data-start=\"8022\" data-end=\"8066\">https:\/\/sentrimax.com\/industries\/wastewater\/<\/a>.<\/p>\n<hr data-start=\"8069\" data-end=\"8072\" \/>\n<p data-start=\"8074\" data-end=\"8126\"><strong data-start=\"8074\" data-end=\"8126\">De la evaluaci\u00f3n diagn\u00f3stica a la asistencia para la puesta en marcha<\/strong><\/p>\n<p data-start=\"8128\" data-end=\"8514\">Las capacidades de servicio de Sentrimax van m\u00e1s all\u00e1 de la reparaci\u00f3n de componentes. Los t\u00e9cnicos de campo asisten con la extracci\u00f3n y reinstalaci\u00f3n, la verificaci\u00f3n de la alineaci\u00f3n, el soporte de puesta en marcha y la verificaci\u00f3n del rendimiento posterior al servicio. Este enfoque integral garantiza que las centr\u00edfugas decantadoras Flottweg, reparadas o reconstruidas, vuelvan a funcionar de forma segura, sin problemas y de acuerdo con las especificaciones de dise\u00f1o.<\/p>\n<p data-start=\"8516\" data-end=\"8703\">Al combinar conocimientos de ingenier\u00eda con experiencia pr\u00e1ctica en el campo, Sentrimax ayuda a las operaciones de Houston a reducir el tiempo de inactividad, controlar los costos de mantenimiento y proteger su inversi\u00f3n en infraestructura.<\/p>\n<hr data-start=\"8705\" data-end=\"8708\" \/>\n<p data-start=\"8710\" data-end=\"8761\"><strong data-start=\"8710\" data-end=\"8761\">Perspectivas operativas y mejora continua<\/strong><\/p>\n<p data-start=\"8763\" data-end=\"9205\">La mejora continua es fundamental para la fiabilidad a largo plazo. Sentrimax ayuda a las instalaciones a registrar el historial de servicio, monitorear las tendencias de rendimiento a lo largo del tiempo y aplicar estrategias de mantenimiento basadas en datos que prolongan la vida \u00fatil de los equipos. Al combinar observaciones pr\u00e1cticas de campo con datos medibles, como las tendencias de vibraci\u00f3n y las tasas de desgaste, las instalaciones de Houston obtienen informaci\u00f3n clara sobre sus centr\u00edfugas y pueden planificar el mantenimiento futuro con confianza.<\/p>\n<hr data-start=\"9207\" data-end=\"9210\" \/>\n<p data-start=\"9212\" data-end=\"9240\"><strong data-start=\"9212\" data-end=\"9240\">Un servicio en el que puede confiar<\/strong><\/p>\n<p data-start=\"9242\" data-end=\"9612\">Cuando se requiere un servicio profesional de centr\u00edfuga decantadora Flottweg <strong data-start=\"9312\" data-end=\"9327\">Houston, Texas<\/strong>, Las instalaciones conf\u00edan en Sentrimax para obtener soporte \u00e1gil, experiencia t\u00e9cnica y resultados confiables. Ya sea para atender una necesidad urgente de reparaci\u00f3n o para planificar un programa de mantenimiento preventivo, Sentrimax ofrece soluciones que se ajustan a las demandas operativas y los objetivos de rendimiento a largo plazo.<\/p>\n<p data-start=\"9614\" data-end=\"9668\"><strong data-start=\"9614\" data-end=\"9668\"><a class=\"decorated-link\" href=\"https:\/\/sentrimax.com\/es\/contact\/\" target=\"_new\" rel=\"noopener\" data-start=\"9616\" data-end=\"9666\">\u00a1Solicita una cotizaci\u00f3n!<\/a><\/strong><\/p>","protected":false},"excerpt":{"rendered":"<p>Sentrimax provides comprehensive Flottweg decanter centrifuge service for industrial and wastewater operations throughout Houston, Texas. With decades of field experience and deep technical knowledge, Sentrimax delivers professional inspection, repair, maintenance, and rebuild solutions designed to keep Flottweg decanter centrifuges operating efficiently, reliably, and in compliance with performance expectations. Houston\u2019s demanding operational environment\u2014characterized by high solids [&hellip;]<\/p>\n","protected":false},"author":3,"featured_media":0,"parent":0,"menu_order":0,"comment_status":"closed","ping_status":"closed","template":"seo-page-template.php","meta":{"_acf_changed":false,"inline_featured_image":false,"footnotes":""},"class_list":["post-2292","page","type-page","status-publish","hentry"],"acf":[],"_links":{"self":[{"href":"https:\/\/sentrimax.com\/es\/wp-json\/wp\/v2\/pages\/2292","targetHints":{"allow":["GET"]}}],"collection":[{"href":"https:\/\/sentrimax.com\/es\/wp-json\/wp\/v2\/pages"}],"about":[{"href":"https:\/\/sentrimax.com\/es\/wp-json\/wp\/v2\/types\/page"}],"author":[{"embeddable":true,"href":"https:\/\/sentrimax.com\/es\/wp-json\/wp\/v2\/users\/3"}],"replies":[{"embeddable":true,"href":"https:\/\/sentrimax.com\/es\/wp-json\/wp\/v2\/comments?post=2292"}],"version-history":[{"count":1,"href":"https:\/\/sentrimax.com\/es\/wp-json\/wp\/v2\/pages\/2292\/revisions"}],"predecessor-version":[{"id":2533,"href":"https:\/\/sentrimax.com\/es\/wp-json\/wp\/v2\/pages\/2292\/revisions\/2533"}],"wp:attachment":[{"href":"https:\/\/sentrimax.com\/es\/wp-json\/wp\/v2\/media?parent=2292"}],"curies":[{"name":"wp","href":"https:\/\/api.w.org\/{rel}","templated":true}]}}