{"id":2293,"date":"2026-01-07T16:25:50","date_gmt":"2026-01-07T16:25:50","guid":{"rendered":"https:\/\/sentrimax.com\/?page_id=2293"},"modified":"2026-04-21T21:15:04","modified_gmt":"2026-04-21T21:15:04","slug":"flottweg-centrifuge-parts-in-toronto-on","status":"publish","type":"page","link":"https:\/\/sentrimax.com\/es\/flottweg-centrifuge-parts-in-toronto-on\/","title":{"rendered":"Piezas de centr\u00edfuga Flottweg en Toronto, Ontario"},"content":{"rendered":"<p data-start=\"412\" data-end=\"764\"><img fetchpriority=\"high\" decoding=\"async\" class=\"aligncenter size-full wp-image-1610\" src=\"https:\/\/sentrimax.com\/wp-content\/uploads\/2025\/07\/Chemicals-scaled.jpg\" alt=\"\" width=\"2560\" height=\"1748\" srcset=\"https:\/\/sentrimax.com\/wp-content\/uploads\/2025\/07\/Chemicals-scaled.jpg 2560w, https:\/\/sentrimax.com\/wp-content\/uploads\/2025\/07\/Chemicals-300x205.jpg 300w, https:\/\/sentrimax.com\/wp-content\/uploads\/2025\/07\/Chemicals-1024x699.jpg 1024w, https:\/\/sentrimax.com\/wp-content\/uploads\/2025\/07\/Chemicals-768x524.jpg 768w, https:\/\/sentrimax.com\/wp-content\/uploads\/2025\/07\/Chemicals-1536x1049.jpg 1536w, https:\/\/sentrimax.com\/wp-content\/uploads\/2025\/07\/Chemicals-2048x1398.jpg 2048w, https:\/\/sentrimax.com\/wp-content\/uploads\/2025\/07\/Chemicals-600x410.jpg 600w\" sizes=\"(max-width: 2560px) 100vw, 2560px\" \/><\/p>\n<p data-start=\"412\" data-end=\"764\">Sentrimax suministra piezas para centr\u00edfugas Flottweg a instalaciones industriales y plantas de tratamiento de aguas residuales en Toronto, Ontario. Con amplia experiencia en mantenimiento, reparaci\u00f3n y soporte de componentes para centr\u00edfugas, Sentrimax ayuda a los operadores a mantener un rendimiento fiable en la separaci\u00f3n s\u00f3lido-l\u00edquido, a la vez que reduce el tiempo de inactividad y prolonga la vida \u00fatil de los equipos.<\/p>\n<p data-start=\"766\" data-end=\"1206\">Las centr\u00edfugas Flottweg est\u00e1n dise\u00f1adas para la separaci\u00f3n continua en entornos exigentes, como el tratamiento de aguas residuales, el procesamiento de alimentos y bebidas, la fabricaci\u00f3n de productos qu\u00edmicos y la deshidrataci\u00f3n industrial. Con el tiempo, el desgaste de componentes cr\u00edticos como rodamientos, sellos, espirales y revestimientos antidesgaste puede afectar el rendimiento. Sentrimax ofrece repuestos con calidad OEM dise\u00f1ados para restablecer el funcionamiento correcto y garantizar la fiabilidad a largo plazo.<\/p>\n<hr data-start=\"1208\" data-end=\"1211\" \/>\n<h2 data-start=\"1213\" data-end=\"1261\">Apoyo a las operaciones de centr\u00edfugas en el \u00e1rea de Toronto<\/h2>\n<p data-start=\"1263\" data-end=\"1631\">Las instalaciones de la regi\u00f3n de Toronto conf\u00edan en las centr\u00edfugas Flottweg para satisfacer las demandas de producci\u00f3n, mantener la estabilidad del proceso y cumplir con las normas ambientales. Cuando las piezas se desgastan o fallan, es fundamental acceder r\u00e1pidamente a repuestos de calidad. Sentrimax apoya las operaciones del \u00e1rea de Toronto con disponibilidad inmediata de piezas y asesoramiento t\u00e9cnico para minimizar los retrasos en el servicio.<\/p>\n<p data-start=\"1633\" data-end=\"1847\">Al mantener fuertes relaciones con los proveedores y procesos comprobados de obtenci\u00f3n de piezas, Sentrimax ayuda a reducir los plazos de entrega y garantiza la compatibilidad con una amplia gama de modelos de centr\u00edfugas Flottweg utilizados en todo Ontario.<\/p>\n<hr data-start=\"1849\" data-end=\"1852\" \/>\n<h2 data-start=\"1854\" data-end=\"1907\">Piezas de centr\u00edfuga Flottweg disponibles en Sentrimax<\/h2>\n<p data-start=\"1909\" data-end=\"2075\">Sentrimax mantiene acceso a un amplio inventario de componentes de reemplazo para centr\u00edfugas Flottweg, lo que respalda tanto el mantenimiento preventivo como las necesidades de reparaci\u00f3n no planificadas.<\/p>\n<ul data-start=\"2077\" data-end=\"2640\">\n<li data-start=\"2077\" data-end=\"2171\">\n<p data-start=\"2079\" data-end=\"2171\"><strong data-start=\"2079\" data-end=\"2114\">Cojinetes y conjuntos de cojinetes<\/strong> Dise\u00f1ado para rotaci\u00f3n de alta velocidad y cargas axiales pesadas<\/p>\n<\/li>\n<li data-start=\"2172\" data-end=\"2251\">\n<p data-start=\"2174\" data-end=\"2251\"><strong data-start=\"2174\" data-end=\"2195\">Sellos y juntas<\/strong> Dise\u00f1ado para evitar la contaminaci\u00f3n y la entrada de fluidos.<\/p>\n<\/li>\n<li data-start=\"2252\" data-end=\"2332\">\n<p data-start=\"2254\" data-end=\"2332\"><strong data-start=\"2254\" data-end=\"2284\">Revestimientos y baldosas antidesgaste<\/strong> Construido con materiales resistentes a la abrasi\u00f3n<\/p>\n<\/li>\n<li data-start=\"2333\" data-end=\"2417\">\n<p data-start=\"2335\" data-end=\"2417\"><strong data-start=\"2335\" data-end=\"2369\">Componentes de transportadores y de desplazamiento<\/strong> Para un transporte y descarga de s\u00f3lidos consistentes<\/p>\n<\/li>\n<li data-start=\"2418\" data-end=\"2499\">\n<p data-start=\"2420\" data-end=\"2499\"><strong data-start=\"2420\" data-end=\"2452\">Componentes de caja de cambios y transmisi\u00f3n<\/strong> Apoyo a la transferencia de par y control de velocidad<\/p>\n<\/li>\n<li data-start=\"2500\" data-end=\"2565\">\n<p data-start=\"2502\" data-end=\"2565\"><strong data-start=\"2502\" data-end=\"2529\">Conjuntos de cuenco y cubo<\/strong> cr\u00edtico para la eficiencia de separaci\u00f3n<\/p>\n<\/li>\n<li data-start=\"2566\" data-end=\"2640\">\n<p data-start=\"2568\" data-end=\"2640\"><strong data-start=\"2568\" data-end=\"2599\">Kits de sujetadores y herrajes<\/strong> para un reensamblaje confiable durante el servicio<\/p>\n<\/li>\n<\/ul>\n<p data-start=\"2642\" data-end=\"2758\">Cada componente se inspecciona para verificar la precisi\u00f3n dimensional, la calidad del material y la compatibilidad antes de su distribuci\u00f3n.<\/p>\n<p data-start=\"2760\" data-end=\"2877\">Informaci\u00f3n adicional sobre soporte y disponibilidad de piezas est\u00e1 disponible en<br data-start=\"2835\" data-end=\"2838\" \/><a class=\"decorated-link cursor-pointer\" target=\"_new\" rel=\"noopener\" data-start=\"2838\" data-end=\"2877\">https:\/\/sentrimax.com\/centrifuge-parts\/<\/a><\/p>\n<hr data-start=\"2879\" data-end=\"2882\" \/>\n<h2 data-start=\"2884\" data-end=\"2929\">Piezas de calidad OEM para un rendimiento confiable<\/h2>\n<p data-start=\"2931\" data-end=\"3172\">Las piezas de repuesto utilizadas en equipos rotatorios de alta velocidad deben cumplir estrictos requisitos de calidad y tolerancia. Sentrimax suministra componentes para centr\u00edfugas Flottweg OEM y de grado equivalente que cumplen o superan las especificaciones del fabricante original.<\/p>\n<p data-start=\"3174\" data-end=\"3459\">Todas las piezas se revisan para comprobar su ajuste, equilibrio y durabilidad antes del env\u00edo. Este enfoque centrado en la calidad ayuda a reducir el desgaste prematuro, los problemas de vibraci\u00f3n y la degradaci\u00f3n del rendimiento tras la instalaci\u00f3n. Las instalaciones de Toronto se benefician de resultados predecibles y una mayor disponibilidad de los equipos.<\/p>\n<hr data-start=\"3461\" data-end=\"3464\" \/>\n<h2 data-start=\"3466\" data-end=\"3519\">Piezas que respaldan los programas de mantenimiento preventivo<\/h2>\n<p data-start=\"3521\" data-end=\"3791\">El reemplazo proactivo de piezas es fundamental para una estrategia eficaz de mantenimiento preventivo. Sentrimax colabora con las instalaciones del \u00e1rea de Toronto para planificar los programas de reemplazo de piezas seg\u00fan las horas de funcionamiento, la carga de s\u00f3lidos, las tendencias de vibraci\u00f3n y los datos hist\u00f3ricos de desgaste.<\/p>\n<p data-start=\"3793\" data-end=\"3880\">Los programas de mantenimiento preventivo respaldados por una planificaci\u00f3n adecuada de las piezas pueden ayudar a las instalaciones a:<\/p>\n<ul data-start=\"3882\" data-end=\"4054\">\n<li data-start=\"3882\" data-end=\"3923\">\n<p data-start=\"3884\" data-end=\"3923\">Reducir fallos inesperados de la centr\u00edfuga<\/p>\n<\/li>\n<li data-start=\"3924\" data-end=\"3958\">\n<p data-start=\"3926\" data-end=\"3958\">Mejorar la consistencia de la deshidrataci\u00f3n<\/p>\n<\/li>\n<li data-start=\"3959\" data-end=\"3987\">\n<p data-start=\"3961\" data-end=\"3987\">Ampliar los intervalos de servicio<\/p>\n<\/li>\n<li data-start=\"3988\" data-end=\"4017\">\n<p data-start=\"3990\" data-end=\"4017\">Controlar los costos de mantenimiento<\/p>\n<\/li>\n<li data-start=\"4018\" data-end=\"4054\">\n<p data-start=\"4020\" data-end=\"4054\">Minimizar los eventos de reparaci\u00f3n de emergencia<\/p>\n<\/li>\n<\/ul>\n<p data-start=\"4056\" data-end=\"4184\">Las instalaciones que buscan soporte de servicio completo adem\u00e1s del suministro de piezas pueden obtener m\u00e1s informaci\u00f3n en<br data-start=\"4141\" data-end=\"4144\" \/><a class=\"decorated-link cursor-pointer\" target=\"_new\" rel=\"noopener\" data-start=\"4144\" data-end=\"4184\">https:\/\/sentrimax.com\/centrifuge-repair\/<\/a><\/p>\n<hr data-start=\"4186\" data-end=\"4189\" \/>\n<h2 data-start=\"4191\" data-end=\"4230\">Experiencia en piezas espec\u00edficas para cada aplicaci\u00f3n<\/h2>\n<p data-start=\"4232\" data-end=\"4398\">Los diferentes entornos operativos imponen diferentes exigencias a los componentes de las centr\u00edfugas. Sentrimax ayuda a las instalaciones a seleccionar piezas seg\u00fan los requisitos espec\u00edficos de la aplicaci\u00f3n.<\/p>\n<p data-start=\"4400\" data-end=\"4719\">Las operaciones de tratamiento de aguas residuales municipales suelen requerir mayor protecci\u00f3n contra el desgaste y materiales resistentes a la corrosi\u00f3n. Los procesos industriales pueden requerir componentes capaces de soportar s\u00f3lidos abrasivos o exposici\u00f3n a sustancias qu\u00edmicas. Las aplicaciones de alimentos y bebidas pueden requerir tolerancias precisas y materiales compatibles con el procesamiento sanitario.<\/p>\n<p data-start=\"4721\" data-end=\"4882\">Al alinear la selecci\u00f3n de piezas con las condiciones operativas reales, Sentrimax ayuda a las instalaciones de Toronto a lograr una mayor vida \u00fatil de los componentes y un mejor rendimiento de la centr\u00edfuga.<\/p>\n<p data-start=\"4884\" data-end=\"4984\">El soporte de centr\u00edfugas espec\u00edfico para aguas residuales se detalla en<br data-start=\"4937\" data-end=\"4940\" \/><a class=\"decorated-link cursor-pointer\" target=\"_new\" rel=\"noopener\" data-start=\"4940\" data-end=\"4984\">https:\/\/sentrimax.com\/industries\/wastewater\/<\/a><\/p>\n<hr data-start=\"4986\" data-end=\"4989\" \/>\n<h2 data-start=\"4991\" data-end=\"5041\">Apoyando el cumplimiento y la estabilidad operativa<\/h2>\n<p data-start=\"5043\" data-end=\"5281\">El rendimiento fiable de la centr\u00edfuga es fundamental para el cumplimiento de las normas ambientales y la estabilidad del proceso. Las piezas desgastadas o da\u00f1adas pueden reducir la eficiencia de la separaci\u00f3n, aumentar los costes de manipulaci\u00f3n de lodos e interrumpir los procesos de tratamiento posteriores.<\/p>\n<p data-start=\"5283\" data-end=\"5662\">El reemplazo adecuado de piezas ayuda a las instalaciones a mantener el rendimiento, respaldar los objetivos de tratamiento y reducir el riesgo regulatorio. Orientaci\u00f3n de la industria de organizaciones como la Agencia de Protecci\u00f3n Ambiental de EE. UU. (<a class=\"decorated-link cursor-pointer\" target=\"_new\" rel=\"noopener\" data-start=\"5491\" data-end=\"5516\">https:\/\/www.epa.gov\/water<\/a>) y la Federaci\u00f3n del Medio Ambiente del Agua (<a class=\"decorated-link\" href=\"https:\/\/www.wef.org\/\" target=\"_new\" rel=\"noopener\" data-start=\"5556\" data-end=\"5576\">https:\/\/www.wef.org\/<\/a>) proporciona contexto adicional sobre el desempe\u00f1o de las aguas residuales y consideraciones de cumplimiento.<\/p>\n<hr data-start=\"5664\" data-end=\"5667\" \/>\n<h2 data-start=\"5669\" data-end=\"5730\">Por qu\u00e9 las instalaciones de Toronto eligen Sentrimax para las piezas de Flottweg<\/h2>\n<p data-start=\"5732\" data-end=\"6065\">Las instalaciones de Toronto eligen Sentrimax para las piezas de sus centr\u00edfugas Flottweg por su conocimiento t\u00e9cnico, su servicio atento y su compromiso con la calidad. Sentrimax ofrece asistencia con la identificaci\u00f3n de piezas, la verificaci\u00f3n de compatibilidad y la planificaci\u00f3n de reemplazos para garantizar que las instalaciones reciban los componentes correctos a tiempo.<\/p>\n<p data-start=\"6067\" data-end=\"6290\">Cada pedido incluye documentaci\u00f3n clara que respalda los registros de mantenimiento y la planificaci\u00f3n de la gesti\u00f3n de activos. Este nivel de soporte ayuda a las instalaciones a integrar el reemplazo de piezas en estrategias m\u00e1s amplias de confiabilidad y ciclo de vida.<\/p>\n<hr data-start=\"6292\" data-end=\"6295\" \/>\n<h2 data-start=\"6297\" data-end=\"6348\">Pedido de piezas para centr\u00edfugas Flottweg en Toronto, Ontario<\/h2>\n<p data-start=\"6350\" data-end=\"6601\">El pedido de piezas de Sentrimax est\u00e1 dise\u00f1ado para ser eficiente y confiable. Las instalaciones pueden solicitar presupuestos detallados que incluyen n\u00fameros de pieza, plazos de entrega y recomendaciones t\u00e9cnicas. Disponemos de opciones de entrega acelerada cuando se requieren reemplazos urgentes.<\/p>\n<p data-start=\"6603\" data-end=\"6767\">Ya sea para respaldar una interrupci\u00f3n programada o responder a una falla inesperada, Sentrimax ayuda a las instalaciones de Toronto a mantener los activos centr\u00edfugos cr\u00edticos funcionando sin problemas.<\/p>\n<hr data-start=\"6769\" data-end=\"6772\" \/>\n<h2 data-start=\"6774\" data-end=\"6824\">Solicitar piezas para centr\u00edfugas Flottweg en Toronto, Ontario<\/h2>\n<p data-start=\"6826\" data-end=\"7050\">Asegure el rendimiento confiable de su centr\u00edfuga con repuestos Flottweg de calidad de Sentrimax. Desde rodamientos y sellos hasta kits completos de componentes de desgaste, Sentrimax le proporciona las piezas y la experiencia necesarias para su operaci\u00f3n.<\/p>\n<p data-start=\"7052\" data-end=\"7106\" data-is-last-node=\"\" data-is-only-node=\"\"><strong data-start=\"7052\" data-end=\"7106\" data-is-last-node=\"\"><a class=\"decorated-link\" href=\"https:\/\/sentrimax.com\/es\/contact\/\" target=\"_new\" rel=\"noopener\" data-start=\"7054\" data-end=\"7104\">\u00a1Solicita una cotizaci\u00f3n!<\/a><\/strong><\/p>","protected":false},"excerpt":{"rendered":"<p>Sentrimax supplies Flottweg centrifuge parts to industrial facilities and wastewater treatment operations throughout Toronto, Ontario. With extensive experience in centrifuge maintenance, repair, and component support, Sentrimax helps operators maintain reliable solid-liquid separation performance while reducing downtime and extending equipment life. Flottweg centrifuges are engineered for continuous-duty separation in demanding environments, including wastewater treatment, food and [&hellip;]<\/p>\n","protected":false},"author":3,"featured_media":0,"parent":0,"menu_order":0,"comment_status":"closed","ping_status":"closed","template":"seo-page-template.php","meta":{"_acf_changed":false,"inline_featured_image":false,"footnotes":""},"class_list":["post-2293","page","type-page","status-publish","hentry"],"acf":[],"_links":{"self":[{"href":"https:\/\/sentrimax.com\/es\/wp-json\/wp\/v2\/pages\/2293","targetHints":{"allow":["GET"]}}],"collection":[{"href":"https:\/\/sentrimax.com\/es\/wp-json\/wp\/v2\/pages"}],"about":[{"href":"https:\/\/sentrimax.com\/es\/wp-json\/wp\/v2\/types\/page"}],"author":[{"embeddable":true,"href":"https:\/\/sentrimax.com\/es\/wp-json\/wp\/v2\/users\/3"}],"replies":[{"embeddable":true,"href":"https:\/\/sentrimax.com\/es\/wp-json\/wp\/v2\/comments?post=2293"}],"version-history":[{"count":1,"href":"https:\/\/sentrimax.com\/es\/wp-json\/wp\/v2\/pages\/2293\/revisions"}],"predecessor-version":[{"id":2532,"href":"https:\/\/sentrimax.com\/es\/wp-json\/wp\/v2\/pages\/2293\/revisions\/2532"}],"wp:attachment":[{"href":"https:\/\/sentrimax.com\/es\/wp-json\/wp\/v2\/media?parent=2293"}],"curies":[{"name":"wp","href":"https:\/\/api.w.org\/{rel}","templated":true}]}}