{"id":2294,"date":"2026-01-07T16:27:35","date_gmt":"2026-01-07T16:27:35","guid":{"rendered":"https:\/\/sentrimax.com\/?page_id=2294"},"modified":"2026-04-21T21:15:04","modified_gmt":"2026-04-21T21:15:04","slug":"flottweg-industrial-centrifuge-repair-in-los-angeles-ca","status":"publish","type":"page","link":"https:\/\/sentrimax.com\/es\/flottweg-industrial-centrifuge-repair-in-los-angeles-ca\/","title":{"rendered":"Reparaci\u00f3n de centr\u00edfugas industriales Flottweg en Los \u00c1ngeles, CA"},"content":{"rendered":"<p data-start=\"318\" data-end=\"843\"><img fetchpriority=\"high\" decoding=\"async\" class=\"aligncenter size-full wp-image-1190\" src=\"https:\/\/sentrimax.com\/wp-content\/uploads\/2025\/06\/image-1.jpg\" alt=\"\" width=\"1440\" height=\"694\" srcset=\"https:\/\/sentrimax.com\/wp-content\/uploads\/2025\/06\/image-1.jpg 1440w, https:\/\/sentrimax.com\/wp-content\/uploads\/2025\/06\/image-1-600x289.jpg 600w, https:\/\/sentrimax.com\/wp-content\/uploads\/2025\/06\/image-1-300x145.jpg 300w, https:\/\/sentrimax.com\/wp-content\/uploads\/2025\/06\/image-1-1024x494.jpg 1024w, https:\/\/sentrimax.com\/wp-content\/uploads\/2025\/06\/image-1-768x370.jpg 768w\" sizes=\"(max-width: 1440px) 100vw, 1440px\" \/><\/p>\n<p data-start=\"318\" data-end=\"843\">Sentrimax ofrece servicios profesionales de reparaci\u00f3n de centr\u00edfugas industriales Flottweg para instalaciones en Los \u00c1ngeles, California. Con d\u00e9cadas de experiencia en el mantenimiento de equipos de separaci\u00f3n de alta velocidad, <strong data-start=\"518\" data-end=\"559\"><span class=\"hover:entity-accent entity-underline inline cursor-pointer align-baseline\"><span class=\"whitespace-normal\">Sentrimax<\/span><\/span><\/strong> Apoya a los operadores industriales con diagn\u00f3sticos precisos, reparaciones de precisi\u00f3n y soluciones de fiabilidad a largo plazo. Desde la respuesta ante aver\u00edas de emergencia hasta las revisiones programadas, Sentrimax ayuda a las instalaciones de Los \u00c1ngeles a mantener las centr\u00edfugas Flottweg funcionando eficientemente en condiciones exigentes.<\/p>\n<p data-start=\"845\" data-end=\"1312\">Las centr\u00edfugas industriales Flottweg se utilizan ampliamente en aplicaciones industriales de fabricaci\u00f3n, procesamiento qu\u00edmico, alimentos y bebidas, energ\u00eda y tratamiento de aguas residuales. Estas m\u00e1quinas est\u00e1n dise\u00f1adas para un funcionamiento continuo, pero la carga pesada de s\u00f3lidos, los materiales abrasivos y el uso continuo provocan inevitablemente desgaste mec\u00e1nico. Sentrimax aplica m\u00e9todos de servicio probados para restaurar el rendimiento, reducir el tiempo de inactividad y prolongar la vida \u00fatil de los equipos Flottweg.<\/p>\n<hr data-start=\"1314\" data-end=\"1317\" \/>\n<h2 data-start=\"1319\" data-end=\"1373\">Apoyo a las operaciones industriales en Los \u00c1ngeles<\/h2>\n<p data-start=\"1375\" data-end=\"1829\">Instalaciones industriales en todo el pa\u00eds <strong data-start=\"1404\" data-end=\"1445\"><span class=\"hover:entity-accent entity-underline inline cursor-pointer align-baseline\"><span class=\"whitespace-normal\">Los \u00c1ngeles<\/span><\/span><\/strong> Las centr\u00edfugas son activos esenciales en sus flujos de trabajo de producci\u00f3n y procesamiento. Cuando una centr\u00edfuga Flottweg experimenta vibraciones, fallas en los rodamientos, fugas en los sellos o problemas en la caja de engranajes, las p\u00e9rdidas de producci\u00f3n pueden aumentar r\u00e1pidamente. Sentrimax ofrece un servicio de respuesta r\u00e1pida en la regi\u00f3n de Los \u00c1ngeles, garantizando que las instalaciones reciban asistencia oportuna cuando el rendimiento del equipo disminuya.<\/p>\n<p data-start=\"1831\" data-end=\"2152\">Al combinar el servicio de campo con capacidades avanzadas de reparaci\u00f3n interna, como el mecanizado de precisi\u00f3n y el equilibrado din\u00e1mico, Sentrimax reduce los plazos de reparaci\u00f3n y la complejidad log\u00edstica. Este enfoque integrado permite a los operadores industriales poner los equipos en servicio m\u00e1s r\u00e1pidamente, manteniendo la confianza en la calidad de la reparaci\u00f3n.<\/p>\n<hr data-start=\"2154\" data-end=\"2157\" \/>\n<h2 data-start=\"2159\" data-end=\"2222\">Servicios integrales de reparaci\u00f3n de centr\u00edfugas industriales Flottweg<\/h2>\n<p data-start=\"2224\" data-end=\"2383\">Sentrimax ofrece soluciones integrales de reparaci\u00f3n de centr\u00edfugas industriales Flottweg, adaptadas a las necesidades operativas de las instalaciones industriales. Los servicios incluyen:<\/p>\n<ul data-start=\"2385\" data-end=\"2833\">\n<li data-start=\"2385\" data-end=\"2439\">\n<p data-start=\"2387\" data-end=\"2439\"><strong data-start=\"2387\" data-end=\"2437\">Inspecciones detalladas y evaluaciones de condici\u00f3n<\/strong><\/p>\n<\/li>\n<li data-start=\"2440\" data-end=\"2491\">\n<p data-start=\"2442\" data-end=\"2491\"><strong data-start=\"2442\" data-end=\"2489\">An\u00e1lisis y diagn\u00f3stico de causas ra\u00edz de fallas<\/strong><\/p>\n<\/li>\n<li data-start=\"2492\" data-end=\"2548\">\n<p data-start=\"2494\" data-end=\"2548\"><strong data-start=\"2494\" data-end=\"2546\">Reparaci\u00f3n o reemplazo de cuencos, espirales y transportadores<\/strong><\/p>\n<\/li>\n<li data-start=\"2549\" data-end=\"2611\">\n<p data-start=\"2551\" data-end=\"2611\"><strong data-start=\"2551\" data-end=\"2609\">Extracci\u00f3n, instalaci\u00f3n y alineaci\u00f3n de precisi\u00f3n de cojinetes<\/strong><\/p>\n<\/li>\n<li data-start=\"2612\" data-end=\"2672\">\n<p data-start=\"2614\" data-end=\"2672\"><strong data-start=\"2614\" data-end=\"2670\">Inspecci\u00f3n, reconstrucci\u00f3n y verificaci\u00f3n de torque de la caja de cambios<\/strong><\/p>\n<\/li>\n<li data-start=\"2673\" data-end=\"2716\">\n<p data-start=\"2675\" data-end=\"2716\"><strong data-start=\"2675\" data-end=\"2714\">Equilibrado din\u00e1mico seg\u00fan tolerancias OEM<\/strong><\/p>\n<\/li>\n<li data-start=\"2717\" data-end=\"2770\">\n<p data-start=\"2719\" data-end=\"2770\"><strong data-start=\"2719\" data-end=\"2768\">Reemplazo de sellos y mejoras en la protecci\u00f3n contra el desgaste<\/strong><\/p>\n<\/li>\n<li data-start=\"2771\" data-end=\"2833\">\n<p data-start=\"2773\" data-end=\"2833\"><strong data-start=\"2773\" data-end=\"2833\">Soporte de arranque y verificaci\u00f3n del rendimiento posterior a la reparaci\u00f3n<\/strong><\/p>\n<\/li>\n<\/ul>\n<p data-start=\"2835\" data-end=\"3203\">Cada reparaci\u00f3n sigue procedimientos documentados, alineados con las especificaciones del equipo original. En lugar de abordar \u00fanicamente los da\u00f1os visibles, Sentrimax eval\u00faa el sistema mec\u00e1nico completo para identificar factores contribuyentes, como desalineaci\u00f3n, fallos en la lubricaci\u00f3n o estr\u00e9s relacionado con el proceso. Este enfoque ayuda a reducir las fallas repetidas y mejora la confiabilidad a largo plazo.<\/p>\n<p data-start=\"3205\" data-end=\"3388\">Las instalaciones que operan con m\u00faltiples marcas de centr\u00edfugas tambi\u00e9n pueden confiar en Sentrimax para obtener un amplio servicio t\u00e9cnico. Puede encontrar m\u00e1s informaci\u00f3n en<br data-start=\"3345\" data-end=\"3348\" \/><a class=\"decorated-link cursor-pointer\" target=\"_new\" rel=\"noopener\" data-start=\"3348\" data-end=\"3388\">https:\/\/sentrimax.com\/centrifuge-repair\/<\/a><\/p>\n<hr data-start=\"3390\" data-end=\"3393\" \/>\n<h2 data-start=\"3395\" data-end=\"3453\">Servicio de campo y respuesta r\u00e1pida en el sur de California<\/h2>\n<p data-start=\"3455\" data-end=\"3714\">Las paradas no planificadas de la centr\u00edfuga pueden interrumpir los programas de producci\u00f3n y aumentar los costos operativos. Sentrimax ofrece un servicio de campo eficiente en toda el \u00e1rea de Los \u00c1ngeles, con inspecciones in situ, resoluci\u00f3n de problemas y estabilizaci\u00f3n ante emergencias.<\/p>\n<p data-start=\"3716\" data-end=\"4058\">El servicio in situ permite a los t\u00e9cnicos evaluar el equipo en el contexto de las condiciones reales de funcionamiento. Esto ayuda a identificar factores contribuyentes al proceso que podr\u00edan no ser visibles durante las inspecciones externas. El servicio de campo tambi\u00e9n reduce la necesidad de transportar el equipo, minimizando el tiempo de inactividad y los costos generales de servicio para los operadores industriales.<\/p>\n<hr data-start=\"4060\" data-end=\"4063\" \/>\n<h2 data-start=\"4065\" data-end=\"4109\">Reparaciones de precisi\u00f3n con piezas de calidad OEM<\/h2>\n<p data-start=\"4111\" data-end=\"4508\">La fiabilidad de una centr\u00edfuga reparada depende en gran medida de la calidad de los componentes instalados. Sentrimax suministra repuestos originales (OEM) y de grado equivalente para las centr\u00edfugas industriales Flottweg, incluyendo rodamientos, sellos, revestimientos antidesgaste, componentes de espiral y conjuntos de caja de engranajes. Cada componente se inspecciona para comprobar su precisi\u00f3n dimensional, integridad del material y compatibilidad antes de su instalaci\u00f3n.<\/p>\n<p data-start=\"4510\" data-end=\"4843\">Para centr\u00edfugas muy desgastadas o envejecidas, Sentrimax ofrece servicios completos de reconstrucci\u00f3n. Las reconstrucciones restauran tolerancias cr\u00edticas, corrigen el desgaste acumulado y mejoran el equilibrio mec\u00e1nico de todo el conjunto. Una centr\u00edfuga Flottweg reconstruida profesionalmente puede ofrecer a\u00f1os de vida \u00fatil adicional, a la vez que mejora la estabilidad operativa.<\/p>\n<p data-start=\"4845\" data-end=\"4941\">Las instalaciones que buscan soporte para componentes pueden obtener m\u00e1s informaci\u00f3n en<br data-start=\"4899\" data-end=\"4902\" \/><a class=\"decorated-link cursor-pointer\" target=\"_new\" rel=\"noopener\" data-start=\"4902\" data-end=\"4941\">https:\/\/sentrimax.com\/centrifuge-parts\/<\/a><\/p>\n<hr data-start=\"4943\" data-end=\"4946\" \/>\n<h2 data-start=\"4948\" data-end=\"5000\">Mantenimiento preventivo para la confiabilidad industrial<\/h2>\n<p data-start=\"5002\" data-end=\"5228\">Las reparaciones reactivas pueden ser costosas y disruptivas en entornos industriales. Sentrimax colabora con las instalaciones de Los \u00c1ngeles para implementar programas de mantenimiento preventivo dise\u00f1ados para identificar problemas a tiempo y reducir las interrupciones imprevistas.<\/p>\n<p data-start=\"5230\" data-end=\"5274\">Los servicios de mantenimiento preventivo pueden incluir:<\/p>\n<ul data-start=\"5276\" data-end=\"5495\">\n<li data-start=\"5276\" data-end=\"5310\">\n<p data-start=\"5278\" data-end=\"5310\">Inspecciones mec\u00e1nicas de rutina<\/p>\n<\/li>\n<li data-start=\"5311\" data-end=\"5354\">\n<p data-start=\"5313\" data-end=\"5354\">An\u00e1lisis de vibraciones y seguimiento de tendencias<\/p>\n<\/li>\n<li data-start=\"5355\" data-end=\"5396\">\n<p data-start=\"5357\" data-end=\"5396\">Muestreo de aceite y monitoreo del estado<\/p>\n<\/li>\n<li data-start=\"5397\" data-end=\"5445\">\n<p data-start=\"5399\" data-end=\"5445\">Medici\u00f3n del desgaste y seguimiento de la vida \u00fatil de los componentes<\/p>\n<\/li>\n<li data-start=\"5446\" data-end=\"5495\">\n<p data-start=\"5448\" data-end=\"5495\">Reemplazo programado de componentes de alto desgaste<\/p>\n<\/li>\n<\/ul>\n<p data-start=\"5497\" data-end=\"5763\">Al planificar el mantenimiento en funci\u00f3n de los datos operativos en lugar de las fallas, las instalaciones pueden mejorar el tiempo de actividad, controlar los costos de mantenimiento y programar el servicio durante las interrupciones programadas. Sentrimax tambi\u00e9n ofrece acuerdos de servicio que brindan soporte constante y respuesta prioritaria.<\/p>\n<hr data-start=\"5765\" data-end=\"5768\" \/>\n<h2 data-start=\"5770\" data-end=\"5819\">Apoyo a los objetivos ambientales y de seguridad<\/h2>\n<p data-start=\"5821\" data-end=\"6109\">En muchas aplicaciones industriales, el rendimiento de las centr\u00edfugas afecta directamente el cumplimiento normativo ambiental, la eficiencia en la gesti\u00f3n de residuos y la seguridad laboral. Un rendimiento de separaci\u00f3n deficiente o la inestabilidad mec\u00e1nica pueden aumentar el volumen de residuos, sobrecargar los procesos posteriores y elevar el riesgo operativo.<\/p>\n<p data-start=\"6111\" data-end=\"6390\">Las pr\u00e1cticas de reparaci\u00f3n de Sentrimax est\u00e1n dise\u00f1adas para garantizar un funcionamiento estable y el cumplimiento de las normas ambientales y de seguridad aplicables. Para un contexto regulatorio m\u00e1s amplio, las instalaciones pueden consultar la gu\u00eda de la Agencia de Protecci\u00f3n Ambiental de EE. UU. en<br data-start=\"6360\" data-end=\"6363\" \/><a class=\"decorated-link cursor-pointer\" target=\"_new\" rel=\"noopener\" data-start=\"6363\" data-end=\"6388\">https:\/\/www.epa.gov\/water<\/a><\/p>\n<p data-start=\"6392\" data-end=\"6525\">Las mejores pr\u00e1cticas de la industria y los recursos t\u00e9cnicos tambi\u00e9n est\u00e1n disponibles a trav\u00e9s de la Federaci\u00f3n del Medio Ambiente del Agua en<br data-start=\"6502\" data-end=\"6505\" \/><a class=\"decorated-link\" href=\"https:\/\/www.wef.org\/\" target=\"_new\" rel=\"noopener\" data-start=\"6505\" data-end=\"6525\">https:\/\/www.wef.org\/<\/a><\/p>\n<hr data-start=\"6527\" data-end=\"6530\" \/>\n<h2 data-start=\"6532\" data-end=\"6578\">Por qu\u00e9 las instalaciones de Los \u00c1ngeles eligen Sentrimax<\/h2>\n<p data-start=\"6580\" data-end=\"6893\">Las instalaciones industriales de Los \u00c1ngeles eligen a Sentrimax para la reparaci\u00f3n de centr\u00edfugas Flottweg por su experiencia t\u00e9cnica, capacidad de respuesta y compromiso con la calidad. Los t\u00e9cnicos de Sentrimax comprenden las complejidades mec\u00e1nicas de los equipos de separaci\u00f3n de alta velocidad y las presiones operativas que enfrentan las plantas industriales.<\/p>\n<p data-start=\"6895\" data-end=\"7165\">En cada proyecto, Sentrimax prioriza la comunicaci\u00f3n clara y la documentaci\u00f3n detallada. Las instalaciones reciben informes de servicio completos que describen los hallazgos de la inspecci\u00f3n, el trabajo realizado y las recomendaciones de mantenimiento, lo que facilita la toma de decisiones informadas sobre la gesti\u00f3n de activos.<\/p>\n<p data-start=\"7167\" data-end=\"7283\">Para obtener experiencia en el manejo de aguas residuales y s\u00f3lidos espec\u00edficos de la industria, visite<br data-start=\"7236\" data-end=\"7239\" \/><a class=\"decorated-link cursor-pointer\" target=\"_new\" rel=\"noopener\" data-start=\"7239\" data-end=\"7283\">https:\/\/sentrimax.com\/industries\/wastewater\/<\/a><\/p>\n<hr data-start=\"7285\" data-end=\"7288\" \/>\n<h2 data-start=\"7290\" data-end=\"7338\">Soporte integral desde la inspecci\u00f3n hasta la puesta en marcha<\/h2>\n<p data-start=\"7340\" data-end=\"7689\">Sentrimax ofrece m\u00e1s que reparaciones a nivel de componentes. Los servicios incluyen asistencia para la extracci\u00f3n y reinstalaci\u00f3n, verificaci\u00f3n de la alineaci\u00f3n, asistencia para la puesta en marcha y comprobaciones del rendimiento posteriores a la reparaci\u00f3n. Este enfoque integral garantiza que las centr\u00edfugas industriales Flottweg vuelvan a funcionar de forma segura, sin problemas y de acuerdo con las especificaciones de dise\u00f1o.<\/p>\n<p data-start=\"7691\" data-end=\"7884\">Al combinar el conocimiento de ingenier\u00eda con la experiencia pr\u00e1ctica en el campo, Sentrimax ayuda a las instalaciones de Los \u00c1ngeles a reducir el tiempo de inactividad, proteger activos cr\u00edticos y mejorar la confiabilidad del equipo a largo plazo.<\/p>\n<hr data-start=\"7886\" data-end=\"7889\" \/>\n<h2 data-start=\"7891\" data-end=\"7957\">Solicitar reparaci\u00f3n de centr\u00edfuga industrial Flottweg en Los \u00c1ngeles, CA<\/h2>\n<p data-start=\"7959\" data-end=\"8284\">Cuando se requiere la reparaci\u00f3n profesional de centr\u00edfugas industriales Flottweg en Los \u00c1ngeles, California, las instalaciones conf\u00edan en Sentrimax por su experiencia confiable y un servicio r\u00e1pido. Ya sea para una reparaci\u00f3n urgente o para planificar un mantenimiento a largo plazo, Sentrimax ofrece soluciones dise\u00f1adas para mantener las operaciones industriales en funcionamiento eficiente.<\/p>\n<p data-start=\"8286\" data-end=\"8340\" data-is-last-node=\"\" data-is-only-node=\"\"><strong data-start=\"8286\" data-end=\"8340\" data-is-last-node=\"\"><a class=\"decorated-link\" href=\"https:\/\/sentrimax.com\/es\/contact\/\" target=\"_new\" rel=\"noopener\" data-start=\"8288\" data-end=\"8338\">\u00a1Solicita una cotizaci\u00f3n!<\/a><\/strong><\/p>","protected":false},"excerpt":{"rendered":"<p>Sentrimax provides professional Flottweg industrial centrifuge repair services for facilities throughout Los Angeles, California. With decades of experience servicing high-speed separation equipment, Sentrimax supports industrial operators with accurate diagnostics, precision repairs, and long-term reliability solutions. From emergency breakdown response to planned overhauls, Sentrimax helps Los Angeles facilities keep Flottweg centrifuges operating efficiently under demanding conditions. [&hellip;]<\/p>\n","protected":false},"author":3,"featured_media":0,"parent":0,"menu_order":0,"comment_status":"closed","ping_status":"closed","template":"seo-page-template.php","meta":{"_acf_changed":false,"inline_featured_image":false,"footnotes":""},"class_list":["post-2294","page","type-page","status-publish","hentry"],"acf":[],"_links":{"self":[{"href":"https:\/\/sentrimax.com\/es\/wp-json\/wp\/v2\/pages\/2294","targetHints":{"allow":["GET"]}}],"collection":[{"href":"https:\/\/sentrimax.com\/es\/wp-json\/wp\/v2\/pages"}],"about":[{"href":"https:\/\/sentrimax.com\/es\/wp-json\/wp\/v2\/types\/page"}],"author":[{"embeddable":true,"href":"https:\/\/sentrimax.com\/es\/wp-json\/wp\/v2\/users\/3"}],"replies":[{"embeddable":true,"href":"https:\/\/sentrimax.com\/es\/wp-json\/wp\/v2\/comments?post=2294"}],"version-history":[{"count":1,"href":"https:\/\/sentrimax.com\/es\/wp-json\/wp\/v2\/pages\/2294\/revisions"}],"predecessor-version":[{"id":2531,"href":"https:\/\/sentrimax.com\/es\/wp-json\/wp\/v2\/pages\/2294\/revisions\/2531"}],"wp:attachment":[{"href":"https:\/\/sentrimax.com\/es\/wp-json\/wp\/v2\/media?parent=2294"}],"curies":[{"name":"wp","href":"https:\/\/api.w.org\/{rel}","templated":true}]}}