{"id":2295,"date":"2026-01-07T16:30:05","date_gmt":"2026-01-07T16:30:05","guid":{"rendered":"https:\/\/sentrimax.com\/?page_id=2295"},"modified":"2026-04-21T21:15:03","modified_gmt":"2026-04-21T21:15:03","slug":"flottweg-wastewater-centrifuge-service-in-phoenix-az","status":"publish","type":"page","link":"https:\/\/sentrimax.com\/es\/flottweg-wastewater-centrifuge-service-in-phoenix-az\/","title":{"rendered":"Servicio de centrifugadoras de aguas residuales Flottweg en Phoenix, Arizona"},"content":{"rendered":"<p data-start=\"307\" data-end=\"767\"><img fetchpriority=\"high\" decoding=\"async\" class=\"aligncenter size-full wp-image-910\" src=\"https:\/\/sentrimax.com\/wp-content\/uploads\/2025\/05\/image-4.png\" alt=\"\" width=\"1648\" height=\"1013\" srcset=\"https:\/\/sentrimax.com\/wp-content\/uploads\/2025\/05\/image-4.png 1648w, https:\/\/sentrimax.com\/wp-content\/uploads\/2025\/05\/image-4-600x369.png 600w, https:\/\/sentrimax.com\/wp-content\/uploads\/2025\/05\/image-4-300x184.png 300w, https:\/\/sentrimax.com\/wp-content\/uploads\/2025\/05\/image-4-1024x629.png 1024w, https:\/\/sentrimax.com\/wp-content\/uploads\/2025\/05\/image-4-768x472.png 768w, https:\/\/sentrimax.com\/wp-content\/uploads\/2025\/05\/image-4-1536x944.png 1536w\" sizes=\"(max-width: 1648px) 100vw, 1648px\" \/><\/p>\n<p data-start=\"307\" data-end=\"767\">Sentrimax ofrece servicio profesional de centr\u00edfugas de aguas residuales Flottweg para plantas de tratamiento de aguas residuales municipales e industriales en Phoenix, Arizona. Con d\u00e9cadas de experiencia en el mantenimiento de equipos de separaci\u00f3n de alta velocidad, <strong data-start=\"538\" data-end=\"579\"><span class=\"hover:entity-accent entity-underline inline cursor-pointer align-baseline\"><span class=\"whitespace-normal\">Sentrimax<\/span><\/span><\/strong> Ofrece soluciones confiables de inspecci\u00f3n, mantenimiento, reparaci\u00f3n y reconstrucci\u00f3n dise\u00f1adas para mantener las centr\u00edfugas Flottweg funcionando de manera eficiente y constante en entornos de aguas residuales exigentes.<\/p>\n<p data-start=\"769\" data-end=\"1249\">Las centr\u00edfugas Flottweg son un componente esencial de los procesos modernos de tratamiento de aguas residuales, ya que facilitan la deshidrataci\u00f3n de lodos, la gesti\u00f3n de bios\u00f3lidos y la reducci\u00f3n de s\u00f3lidos. Estas m\u00e1quinas est\u00e1n dise\u00f1adas para un funcionamiento continuo, pero la exposici\u00f3n a s\u00f3lidos abrasivos, condiciones de alimentaci\u00f3n variables y cargas de par elevadas pueden provocar desgaste con el tiempo. Sentrimax aplica pr\u00e1cticas de servicio probadas para restaurar el rendimiento, minimizar el tiempo de inactividad y prolongar la vida \u00fatil de las centr\u00edfugas Flottweg para aguas residuales.<\/p>\n<hr data-start=\"1251\" data-end=\"1254\" \/>\n<h2 data-start=\"1256\" data-end=\"1306\">Apoyo a las operaciones de aguas residuales en Phoenix<\/h2>\n<p data-start=\"1308\" data-end=\"1699\">Instalaciones de tratamiento de aguas residuales en todo el pa\u00eds <strong data-start=\"1351\" data-end=\"1392\"><span class=\"hover:entity-accent entity-underline inline cursor-pointer align-baseline\"><span class=\"whitespace-normal\">F\u00e9nix<\/span><\/span><\/strong> Conf\u00ede en el rendimiento confiable de su centr\u00edfuga para cumplir con los requisitos regulatorios, gestionar los costos operativos y proteger los procesos posteriores. Cuando una centr\u00edfuga de aguas residuales Flottweg experimenta vibraciones, menor sequedad de la torta, fugas en los sellos o desgaste mec\u00e1nico, un servicio r\u00e1pido es esencial para evitar interrupciones en el proceso.<\/p>\n<p data-start=\"1701\" data-end=\"2004\">Sentrimax ofrece un servicio r\u00e1pido en el \u00e1rea de Phoenix, combinando servicio in situ con capacidades avanzadas de reparaci\u00f3n interna. Este enfoque integrado permite a las instalaciones solucionar r\u00e1pidamente los problemas de las centr\u00edfugas, manteniendo la confianza de que las reparaciones se realizan con los m\u00e1s altos est\u00e1ndares.<\/p>\n<hr data-start=\"2006\" data-end=\"2009\" \/>\n<h2 data-start=\"2011\" data-end=\"2067\">Servicios integrales de centr\u00edfugas de aguas residuales de Flottweg<\/h2>\n<p data-start=\"2069\" data-end=\"2237\">Sentrimax ofrece un servicio completo de asistencia para centr\u00edfugas de aguas residuales Flottweg, adaptado a las necesidades operativas de plantas de tratamiento municipales e industriales. Los servicios incluyen:<\/p>\n<ul data-start=\"2239\" data-end=\"2702\">\n<li data-start=\"2239\" data-end=\"2304\">\n<p data-start=\"2241\" data-end=\"2304\"><strong data-start=\"2241\" data-end=\"2302\">Inspecciones mec\u00e1nicas detalladas y evaluaciones de estado<\/strong><\/p>\n<\/li>\n<li data-start=\"2305\" data-end=\"2356\">\n<p data-start=\"2307\" data-end=\"2356\"><strong data-start=\"2307\" data-end=\"2354\">An\u00e1lisis y diagn\u00f3stico de causas ra\u00edz de fallas<\/strong><\/p>\n<\/li>\n<li data-start=\"2357\" data-end=\"2413\">\n<p data-start=\"2359\" data-end=\"2413\"><strong data-start=\"2359\" data-end=\"2411\">Reparaci\u00f3n o reemplazo de cuencos, espirales y transportadores<\/strong><\/p>\n<\/li>\n<li data-start=\"2414\" data-end=\"2476\">\n<p data-start=\"2416\" data-end=\"2476\"><strong data-start=\"2416\" data-end=\"2474\">Extracci\u00f3n, instalaci\u00f3n y alineaci\u00f3n de precisi\u00f3n de cojinetes<\/strong><\/p>\n<\/li>\n<li data-start=\"2477\" data-end=\"2537\">\n<p data-start=\"2479\" data-end=\"2537\"><strong data-start=\"2479\" data-end=\"2535\">Inspecci\u00f3n, reconstrucci\u00f3n y verificaci\u00f3n de torque de la caja de cambios<\/strong><\/p>\n<\/li>\n<li data-start=\"2538\" data-end=\"2581\">\n<p data-start=\"2540\" data-end=\"2581\"><strong data-start=\"2540\" data-end=\"2579\">Equilibrado din\u00e1mico seg\u00fan tolerancias OEM<\/strong><\/p>\n<\/li>\n<li data-start=\"2582\" data-end=\"2635\">\n<p data-start=\"2584\" data-end=\"2635\"><strong data-start=\"2584\" data-end=\"2633\">Reemplazo de sellos y mejoras en la protecci\u00f3n contra el desgaste<\/strong><\/p>\n<\/li>\n<li data-start=\"2636\" data-end=\"2702\">\n<p data-start=\"2638\" data-end=\"2702\"><strong data-start=\"2638\" data-end=\"2702\">Asistencia en la puesta en marcha y verificaci\u00f3n del rendimiento posterior al servicio<\/strong><\/p>\n<\/li>\n<\/ul>\n<p data-start=\"2704\" data-end=\"3068\">Cada servicio sigue procedimientos documentados, alineados con las especificaciones del equipo original. En lugar de centrarse \u00fanicamente en el desgaste visible, Sentrimax eval\u00faa todo el sistema mec\u00e1nico para identificar factores contribuyentes, como desalineaci\u00f3n, fallos en la lubricaci\u00f3n o estr\u00e9s relacionado con el proceso. Este enfoque ayuda a reducir las fallas repetidas y mejora la confiabilidad a largo plazo.<\/p>\n<p data-start=\"3070\" data-end=\"3255\">Las instalaciones que operan con varias marcas de centr\u00edfugas tambi\u00e9n pueden confiar en Sentrimax para un servicio m\u00e1s completo. Puede encontrar m\u00e1s informaci\u00f3n en<br data-start=\"3212\" data-end=\"3215\" \/><a class=\"decorated-link cursor-pointer\" target=\"_new\" rel=\"noopener\" data-start=\"3215\" data-end=\"3255\">https:\/\/sentrimax.com\/centrifuge-repair\/<\/a><\/p>\n<hr data-start=\"3257\" data-end=\"3260\" \/>\n<h2 data-start=\"3262\" data-end=\"3308\">Servicio de campo y respuesta r\u00e1pida en Arizona<\/h2>\n<p data-start=\"3310\" data-end=\"3578\">Las paradas no planificadas de las centr\u00edfugas pueden interrumpir las operaciones de tratamiento de aguas residuales y aumentar el riesgo de incumplimiento. Sentrimax ofrece un servicio de campo \u00e1gil en toda la regi\u00f3n de Phoenix, con inspecciones in situ, resoluci\u00f3n de problemas y estabilizaci\u00f3n cuando surgen problemas urgentes.<\/p>\n<p data-start=\"3580\" data-end=\"3874\">El servicio in situ permite a los t\u00e9cnicos evaluar las centr\u00edfugas en condiciones reales de funcionamiento. Esto ayuda a identificar factores de desgaste relacionados con el proceso que podr\u00edan no ser evidentes durante las inspecciones externas. El servicio de campo tambi\u00e9n reduce el tiempo de transporte del equipo y el tiempo de inactividad general.<\/p>\n<hr data-start=\"3876\" data-end=\"3879\" \/>\n<h2 data-start=\"3881\" data-end=\"3923\">Piezas de calidad OEM y reparaciones de precisi\u00f3n<\/h2>\n<p data-start=\"3925\" data-end=\"4267\">La calidad de la reparaci\u00f3n depende en gran medida de los componentes utilizados. Sentrimax suministra repuestos originales (OEM) y de grado equivalente para las centr\u00edfugas de aguas residuales Flottweg, incluyendo cojinetes, sellos, revestimientos antidesgaste, elementos de espiral y componentes de la caja de engranajes. Cada pieza se inspecciona para garantizar su precisi\u00f3n dimensional, integridad del material y compatibilidad antes de su instalaci\u00f3n.<\/p>\n<p data-start=\"4269\" data-end=\"4653\">Para centr\u00edfugas con desgaste excesivo o degradaci\u00f3n por envejecimiento, Sentrimax ofrece servicios completos de reconstrucci\u00f3n. Las reconstrucciones restauran tolerancias cr\u00edticas, corrigen el desgaste acumulado y mejoran el equilibrio mec\u00e1nico de todo el conjunto. Una centr\u00edfuga Flottweg reconstruida profesionalmente puede ofrecer a\u00f1os de vida \u00fatil adicional, a la vez que mejora la eficiencia de deshidrataci\u00f3n y la estabilidad operativa.<\/p>\n<p data-start=\"4655\" data-end=\"4751\">Las instalaciones que buscan soporte para componentes pueden obtener m\u00e1s informaci\u00f3n en<br data-start=\"4709\" data-end=\"4712\" \/><a class=\"decorated-link cursor-pointer\" target=\"_new\" rel=\"noopener\" data-start=\"4712\" data-end=\"4751\">https:\/\/sentrimax.com\/centrifuge-parts\/<\/a><\/p>\n<hr data-start=\"4753\" data-end=\"4756\" \/>\n<h2 data-start=\"4758\" data-end=\"4810\">Mantenimiento preventivo para la confiabilidad de las aguas residuales<\/h2>\n<p data-start=\"4812\" data-end=\"5046\">Las reparaciones reactivas son costosas y disruptivas en entornos de tratamiento de aguas residuales. Sentrimax colabora con las instalaciones del \u00e1rea de Phoenix para implementar programas de mantenimiento preventivo dise\u00f1ados para identificar problemas a tiempo y reducir las interrupciones imprevistas.<\/p>\n<p data-start=\"5048\" data-end=\"5092\">Los servicios de mantenimiento preventivo pueden incluir:<\/p>\n<ul data-start=\"5094\" data-end=\"5313\">\n<li data-start=\"5094\" data-end=\"5128\">\n<p data-start=\"5096\" data-end=\"5128\">Inspecciones mec\u00e1nicas de rutina<\/p>\n<\/li>\n<li data-start=\"5129\" data-end=\"5172\">\n<p data-start=\"5131\" data-end=\"5172\">An\u00e1lisis de vibraciones y seguimiento de tendencias<\/p>\n<\/li>\n<li data-start=\"5173\" data-end=\"5214\">\n<p data-start=\"5175\" data-end=\"5214\">Muestreo de aceite y monitoreo del estado<\/p>\n<\/li>\n<li data-start=\"5215\" data-end=\"5263\">\n<p data-start=\"5217\" data-end=\"5263\">Medici\u00f3n del desgaste y seguimiento de la vida \u00fatil de los componentes<\/p>\n<\/li>\n<li data-start=\"5264\" data-end=\"5313\">\n<p data-start=\"5266\" data-end=\"5313\">Reemplazo programado de componentes de alto desgaste<\/p>\n<\/li>\n<\/ul>\n<p data-start=\"5315\" data-end=\"5588\">Al planificar el mantenimiento en funci\u00f3n de los datos operativos en lugar de las fallas, las instalaciones pueden mejorar el tiempo de actividad, estabilizar el rendimiento de la deshidrataci\u00f3n y controlar los costos de mantenimiento. Sentrimax tambi\u00e9n ofrece acuerdos de servicio que brindan respuesta prioritaria y una planificaci\u00f3n de mantenimiento predecible.<\/p>\n<hr data-start=\"5590\" data-end=\"5593\" \/>\n<h2 data-start=\"5595\" data-end=\"5654\">Apoyo al cumplimiento normativo y los objetivos ambientales<\/h2>\n<p data-start=\"5656\" data-end=\"6045\">El rendimiento eficiente de la centr\u00edfuga influye directamente en el cumplimiento ambiental y la eficacia del tratamiento de aguas residuales. Una menor eficiencia de separaci\u00f3n puede aumentar los vol\u00famenes de transporte, sobrecargar los procesos posteriores y aumentar el riesgo de infracciones de permisos. Las pr\u00e1cticas de servicio de Sentrimax est\u00e1n dise\u00f1adas para garantizar el funcionamiento constante de la centr\u00edfuga y el cumplimiento de la normativa aplicable en materia de aguas residuales.<\/p>\n<p data-start=\"6047\" data-end=\"6213\">Para obtener orientaci\u00f3n regulatoria y las mejores pr\u00e1cticas de la industria, las instalaciones pueden consultar los recursos de la Agencia de Protecci\u00f3n Ambiental de los EE. UU. en<br data-start=\"6183\" data-end=\"6186\" \/><a class=\"decorated-link cursor-pointer\" target=\"_new\" rel=\"noopener\" data-start=\"6186\" data-end=\"6211\">https:\/\/www.epa.gov\/water<\/a><\/p>\n<p data-start=\"6215\" data-end=\"6350\">Informaci\u00f3n t\u00e9cnica adicional y est\u00e1ndares operativos est\u00e1n disponibles a trav\u00e9s de la Federaci\u00f3n del Medio Ambiente del Agua en<br data-start=\"6327\" data-end=\"6330\" \/><a class=\"decorated-link\" href=\"https:\/\/www.wef.org\/\" target=\"_new\" rel=\"noopener\" data-start=\"6330\" data-end=\"6350\">https:\/\/www.wef.org\/<\/a><\/p>\n<hr data-start=\"6352\" data-end=\"6355\" \/>\n<h2 data-start=\"6357\" data-end=\"6399\">Por qu\u00e9 las instalaciones de Phoenix eligen Sentrimax<\/h2>\n<p data-start=\"6401\" data-end=\"6700\">Las plantas de tratamiento de aguas residuales de Phoenix eligen Sentrimax para el servicio de centr\u00edfugas Flottweg por su experiencia t\u00e9cnica, capacidad de respuesta y compromiso con la calidad. Los t\u00e9cnicos de Sentrimax comprenden las exigencias mec\u00e1nicas de las centr\u00edfugas de aguas residuales y las presiones operativas que enfrentan las plantas de tratamiento.<\/p>\n<p data-start=\"6702\" data-end=\"6966\">Se prioriza la comunicaci\u00f3n clara y la documentaci\u00f3n detallada en cada proyecto. Las instalaciones reciben informes de servicio completos que describen los hallazgos de la inspecci\u00f3n, el trabajo realizado y las recomendaciones de mantenimiento, lo que facilita la toma de decisiones informadas sobre la gesti\u00f3n de activos.<\/p>\n<p data-start=\"6968\" data-end=\"7063\">Para obtener experiencia en servicios espec\u00edficos de aguas residuales, visite<br data-start=\"7016\" data-end=\"7019\" \/><a class=\"decorated-link cursor-pointer\" target=\"_new\" rel=\"noopener\" data-start=\"7019\" data-end=\"7063\">https:\/\/sentrimax.com\/industries\/wastewater\/<\/a><\/p>\n<hr data-start=\"7065\" data-end=\"7068\" \/>\n<h2 data-start=\"7070\" data-end=\"7118\">Soporte integral desde la inspecci\u00f3n hasta la puesta en marcha<\/h2>\n<p data-start=\"7120\" data-end=\"7467\">Sentrimax ofrece m\u00e1s que un servicio a nivel de componentes. El soporte abarca la extracci\u00f3n y reinstalaci\u00f3n de equipos, la verificaci\u00f3n de la alineaci\u00f3n, la asistencia para la puesta en marcha y las comprobaciones de rendimiento posteriores al servicio. Este enfoque integral garantiza que las centr\u00edfugas de aguas residuales Flottweg vuelvan a funcionar de forma segura, sin problemas y de acuerdo con las especificaciones de dise\u00f1o.<\/p>\n<p data-start=\"7469\" data-end=\"7677\">Al combinar el conocimiento de ingenier\u00eda con la experiencia pr\u00e1ctica en el campo, Sentrimax ayuda a las instalaciones de aguas residuales de Phoenix a reducir el tiempo de inactividad, proteger la infraestructura cr\u00edtica y mejorar la confiabilidad del equipo a largo plazo.<\/p>\n<hr data-start=\"7679\" data-end=\"7682\" \/>\n<h2 data-start=\"7684\" data-end=\"7747\">Solicite el servicio de centr\u00edfuga de aguas residuales Flottweg en Phoenix, AZ<\/h2>\n<p data-start=\"7749\" data-end=\"8091\">Cuando se requiere el servicio profesional de centr\u00edfugas de aguas residuales Flottweg en Phoenix, Arizona, las instalaciones conf\u00edan en Sentrimax por su experiencia confiable y soporte \u00e1gil. Ya sea para atender necesidades urgentes de servicio o planificar un mantenimiento a largo plazo, Sentrimax ofrece soluciones dise\u00f1adas para mantener las operaciones de aguas residuales funcionando de manera eficiente y conforme a las normas.<\/p>\n<p data-start=\"8093\" data-end=\"8147\" data-is-last-node=\"\" data-is-only-node=\"\"><strong data-start=\"8093\" data-end=\"8147\" data-is-last-node=\"\"><a class=\"decorated-link\" href=\"https:\/\/sentrimax.com\/es\/contact\/\" target=\"_new\" rel=\"noopener\" data-start=\"8095\" data-end=\"8145\">\u00a1Solicita una cotizaci\u00f3n!<\/a><\/strong><\/p>","protected":false},"excerpt":{"rendered":"<p>Sentrimax provides professional Flottweg wastewater centrifuge service for municipal and industrial wastewater treatment facilities throughout Phoenix, Arizona. With decades of experience servicing high-speed separation equipment, Sentrimax delivers reliable inspection, maintenance, repair, and rebuild solutions designed to keep Flottweg centrifuges operating efficiently and consistently in demanding wastewater environments. Flottweg centrifuges are a critical component of modern [&hellip;]<\/p>\n","protected":false},"author":3,"featured_media":0,"parent":0,"menu_order":0,"comment_status":"closed","ping_status":"closed","template":"seo-page-template.php","meta":{"_acf_changed":false,"inline_featured_image":false,"footnotes":""},"class_list":["post-2295","page","type-page","status-publish","hentry"],"acf":[],"_links":{"self":[{"href":"https:\/\/sentrimax.com\/es\/wp-json\/wp\/v2\/pages\/2295","targetHints":{"allow":["GET"]}}],"collection":[{"href":"https:\/\/sentrimax.com\/es\/wp-json\/wp\/v2\/pages"}],"about":[{"href":"https:\/\/sentrimax.com\/es\/wp-json\/wp\/v2\/types\/page"}],"author":[{"embeddable":true,"href":"https:\/\/sentrimax.com\/es\/wp-json\/wp\/v2\/users\/3"}],"replies":[{"embeddable":true,"href":"https:\/\/sentrimax.com\/es\/wp-json\/wp\/v2\/comments?post=2295"}],"version-history":[{"count":1,"href":"https:\/\/sentrimax.com\/es\/wp-json\/wp\/v2\/pages\/2295\/revisions"}],"predecessor-version":[{"id":2530,"href":"https:\/\/sentrimax.com\/es\/wp-json\/wp\/v2\/pages\/2295\/revisions\/2530"}],"wp:attachment":[{"href":"https:\/\/sentrimax.com\/es\/wp-json\/wp\/v2\/media?parent=2295"}],"curies":[{"name":"wp","href":"https:\/\/api.w.org\/{rel}","templated":true}]}}