{"id":2296,"date":"2026-01-07T16:31:48","date_gmt":"2026-01-07T16:31:48","guid":{"rendered":"https:\/\/sentrimax.com\/?page_id=2296"},"modified":"2026-04-21T21:15:03","modified_gmt":"2026-04-21T21:15:03","slug":"flottweg-centrifuge-maintenance-in-dallas-tx","status":"publish","type":"page","link":"https:\/\/sentrimax.com\/es\/flottweg-centrifuge-maintenance-in-dallas-tx\/","title":{"rendered":"Mantenimiento de centr\u00edfugas Flottweg en Dallas, TX"},"content":{"rendered":"<p data-start=\"288\" data-end=\"712\"><img fetchpriority=\"high\" decoding=\"async\" class=\"aligncenter size-full wp-image-904\" src=\"https:\/\/sentrimax.com\/wp-content\/uploads\/2025\/05\/image-3-1.png\" alt=\"\" width=\"1236\" height=\"760\" srcset=\"https:\/\/sentrimax.com\/wp-content\/uploads\/2025\/05\/image-3-1.png 1236w, https:\/\/sentrimax.com\/wp-content\/uploads\/2025\/05\/image-3-1-600x369.png 600w, https:\/\/sentrimax.com\/wp-content\/uploads\/2025\/05\/image-3-1-300x184.png 300w, https:\/\/sentrimax.com\/wp-content\/uploads\/2025\/05\/image-3-1-1024x630.png 1024w, https:\/\/sentrimax.com\/wp-content\/uploads\/2025\/05\/image-3-1-768x472.png 768w\" sizes=\"(max-width: 1236px) 100vw, 1236px\" \/><\/p>\n<p data-start=\"288\" data-end=\"712\">Sentrimax ofrece servicios profesionales de mantenimiento de centr\u00edfugas Flottweg para instalaciones industriales y de aguas residuales en Dallas, Texas. Con d\u00e9cadas de experiencia en el soporte de equipos de separaci\u00f3n de alta velocidad, <strong data-start=\"499\" data-end=\"540\"><span class=\"hover:entity-accent entity-underline inline cursor-pointer align-baseline\"><span class=\"whitespace-normal\">Sentrimax<\/span><\/span><\/strong> Ayuda a los operadores a proteger activos cr\u00edticos, reducir el tiempo de inactividad no planificado y extender la vida \u00fatil de las centr\u00edfugas Flottweg a trav\u00e9s de programas de mantenimiento preventivo estructurados.<\/p>\n<p data-start=\"714\" data-end=\"1211\">Las centr\u00edfugas Flottweg est\u00e1n dise\u00f1adas para un funcionamiento continuo en aplicaciones exigentes, como el tratamiento de aguas residuales, el procesamiento industrial, la producci\u00f3n de alimentos y bebidas, y la fabricaci\u00f3n de productos qu\u00edmicos. Con el tiempo, el desgaste normal causado por s\u00f3lidos abrasivos, las condiciones de alimentaci\u00f3n variables y las cargas de par sostenidas pueden afectar los rodamientos, los sellos, las cajas de engranajes y los conjuntos rotatorios. El mantenimiento rutinario realizado por t\u00e9cnicos experimentados es esencial para mantener el rendimiento y evitar aver\u00edas costosas.<\/p>\n<hr data-start=\"1213\" data-end=\"1216\" \/>\n<h2 data-start=\"1218\" data-end=\"1280\">Apoyo a las operaciones industriales y de aguas residuales del \u00e1rea de Dallas<\/h2>\n<p data-start=\"1282\" data-end=\"1721\">Instalaciones en todo el pa\u00eds <strong data-start=\"1300\" data-end=\"1341\"><span class=\"hover:entity-accent entity-underline inline cursor-pointer align-baseline\"><span class=\"whitespace-normal\">Dallas<\/span><\/span><\/strong> Las centr\u00edfugas son equipos esenciales para sus procesos. Cuando el mantenimiento se pospone o es inconsistente, problemas menores como vibraci\u00f3n, degradaci\u00f3n de la lubricaci\u00f3n o desgaste de los sellos pueden derivar en fallas mec\u00e1nicas graves. Sentrimax apoya las operaciones en el \u00e1rea de Dallas con una cobertura de servicio \u00e1gil y programas de mantenimiento adaptados a las condiciones operativas reales.<\/p>\n<p data-start=\"1723\" data-end=\"2004\">Al combinar el servicio de campo in situ con capacidades internas avanzadas, Sentrimax ayuda a las instalaciones a abordar las necesidades de mantenimiento de forma eficiente, minimizando las interrupciones operativas. Este enfoque permite que las centr\u00edfugas se mantengan como activos fiables en lugar de causar paradas recurrentes.<\/p>\n<hr data-start=\"2006\" data-end=\"2009\" \/>\n<h2 data-start=\"2011\" data-end=\"2068\">Servicios integrales de mantenimiento de centr\u00edfugas Flottweg<\/h2>\n<p data-start=\"2070\" data-end=\"2238\">Sentrimax ofrece servicios estructurados de mantenimiento de centr\u00edfugas Flottweg, dise\u00f1ados para identificar el desgaste de forma temprana y preservar la integridad mec\u00e1nica. Las ofertas de mantenimiento incluyen:<\/p>\n<ul data-start=\"2240\" data-end=\"2670\">\n<li data-start=\"2240\" data-end=\"2306\">\n<p data-start=\"2242\" data-end=\"2306\"><strong data-start=\"2242\" data-end=\"2304\">Inspecciones mec\u00e1nicas programadas y evaluaciones de condici\u00f3n<\/strong><\/p>\n<\/li>\n<li data-start=\"2307\" data-end=\"2354\">\n<p data-start=\"2309\" data-end=\"2354\"><strong data-start=\"2309\" data-end=\"2352\">An\u00e1lisis de vibraciones y seguimiento de tendencias<\/strong><\/p>\n<\/li>\n<li data-start=\"2355\" data-end=\"2414\">\n<p data-start=\"2357\" data-end=\"2414\"><strong data-start=\"2357\" data-end=\"2412\">Evaluaci\u00f3n del estado de los cojinetes y comprobaci\u00f3n de la lubricaci\u00f3n<\/strong><\/p>\n<\/li>\n<li data-start=\"2415\" data-end=\"2463\">\n<p data-start=\"2417\" data-end=\"2463\"><strong data-start=\"2417\" data-end=\"2461\">Planificaci\u00f3n de la inspecci\u00f3n y el reemplazo de sellos<\/strong><\/p>\n<\/li>\n<li data-start=\"2464\" data-end=\"2507\">\n<p data-start=\"2466\" data-end=\"2507\"><strong data-start=\"2466\" data-end=\"2505\">Inspecci\u00f3n de la caja de cambios y an\u00e1lisis de aceite<\/strong><\/p>\n<\/li>\n<li data-start=\"2508\" data-end=\"2562\">\n<p data-start=\"2510\" data-end=\"2562\"><strong data-start=\"2510\" data-end=\"2560\">Medici\u00f3n del desgaste de volutas, cuencos y revestimientos<\/strong><\/p>\n<\/li>\n<li data-start=\"2563\" data-end=\"2613\">\n<p data-start=\"2565\" data-end=\"2613\"><strong data-start=\"2565\" data-end=\"2611\">Verificaci\u00f3n del equilibrio din\u00e1mico cuando sea necesario<\/strong><\/p>\n<\/li>\n<li data-start=\"2614\" data-end=\"2670\">\n<p data-start=\"2616\" data-end=\"2670\"><strong data-start=\"2616\" data-end=\"2670\">Revisi\u00f3n del desempe\u00f1o operativo y recomendaciones<\/strong><\/p>\n<\/li>\n<\/ul>\n<p data-start=\"2672\" data-end=\"2939\">Cada visita de mantenimiento sigue procedimientos documentados, alineados con las especificaciones del equipo original. En lugar de centrarse \u00fanicamente en problemas visibles, Sentrimax eval\u00faa todo el sistema mec\u00e1nico para identificar problemas emergentes antes de que provoquen fallas en el equipo.<\/p>\n<p data-start=\"2941\" data-end=\"3125\">Las instalaciones con m\u00faltiples marcas de centr\u00edfugas tambi\u00e9n pueden confiar en Sentrimax para un soporte de mantenimiento m\u00e1s amplio. Puede encontrar m\u00e1s informaci\u00f3n en<br data-start=\"3082\" data-end=\"3085\" \/><a class=\"decorated-link cursor-pointer\" target=\"_new\" rel=\"noopener\" data-start=\"3085\" data-end=\"3125\">https:\/\/sentrimax.com\/centrifuge-repair\/<\/a><\/p>\n<hr data-start=\"3127\" data-end=\"3130\" \/>\n<h2 data-start=\"3132\" data-end=\"3194\">Programas de mantenimiento preventivo dise\u00f1ados en torno a su operaci\u00f3n<\/h2>\n<p data-start=\"3196\" data-end=\"3486\">El mantenimiento preventivo es una de las maneras m\u00e1s eficaces de controlar los costos del ciclo de vida y mejorar la confiabilidad de los equipos. Sentrimax colabora estrechamente con las instalaciones de Dallas para desarrollar programas de mantenimiento basados en las horas de operaci\u00f3n, la carga de s\u00f3lidos, la variabilidad del proceso y los patrones hist\u00f3ricos de desgaste.<\/p>\n<p data-start=\"3488\" data-end=\"3798\">Los programas de mantenimiento preventivo pueden estructurarse para que coincidan con las paradas programadas o los programas de producci\u00f3n, lo que ayuda a las instalaciones a evitar reparaciones de emergencia y a estabilizar el rendimiento. Al monitorear las tendencias a lo largo del tiempo, Sentrimax ayuda a los operadores a tomar decisiones informadas sobre el reemplazo de componentes y los intervalos de servicio.<\/p>\n<p data-start=\"3800\" data-end=\"3957\">Tambi\u00e9n se encuentran disponibles acuerdos de servicio que brindan cobertura de mantenimiento consistente, respuesta prioritaria y planificaci\u00f3n predecible para la gesti\u00f3n de activos a largo plazo.<\/p>\n<hr data-start=\"3959\" data-end=\"3962\" \/>\n<h2 data-start=\"3964\" data-end=\"4008\">Piezas de calidad OEM y soporte de mantenimiento<\/h2>\n<p data-start=\"4010\" data-end=\"4370\">Un mantenimiento eficaz depende de la calidad de los componentes de repuesto utilizados durante el servicio. Sentrimax suministra piezas originales (OEM) y de grado equivalente para las centr\u00edfugas Flottweg, incluyendo cojinetes, sellos, revestimientos antidesgaste, componentes de espiral y piezas de la caja de engranajes. Cada componente se inspecciona para comprobar su precisi\u00f3n dimensional, integridad del material y compatibilidad antes de su instalaci\u00f3n.<\/p>\n<p data-start=\"4372\" data-end=\"4634\">Cuando las inspecciones identifican desgaste avanzado o envejecimiento de componentes, Sentrimax puede coordinar el mantenimiento con reparaciones o reconstrucciones espec\u00edficas para restaurar la integridad mec\u00e1nica completa. Las instalaciones que buscan soporte para piezas pueden obtener m\u00e1s informaci\u00f3n en<br data-start=\"4592\" data-end=\"4595\" \/><a class=\"decorated-link cursor-pointer\" target=\"_new\" rel=\"noopener\" data-start=\"4595\" data-end=\"4634\">https:\/\/sentrimax.com\/centrifuge-parts\/<\/a><\/p>\n<hr data-start=\"4636\" data-end=\"4639\" \/>\n<h2 data-start=\"4641\" data-end=\"4694\">Servicio de campo y experiencia in situ en el norte de Texas<\/h2>\n<p data-start=\"4696\" data-end=\"4987\">Sentrimax ofrece servicio de campo in situ en toda el \u00e1rea de Dallas, lo que permite a los t\u00e9cnicos evaluar las centr\u00edfugas en condiciones reales de funcionamiento. Este enfoque ayuda a identificar los factores que contribuyen al desgaste relacionados con el proceso, como la variabilidad de la alimentaci\u00f3n, la concentraci\u00f3n de s\u00f3lidos o los cambios en la velocidad de funcionamiento.<\/p>\n<p data-start=\"4989\" data-end=\"5293\">El mantenimiento in situ reduce la necesidad de transportar equipos, acorta los plazos de servicio y permite solucionar los problemas antes de que afecten la producci\u00f3n o el rendimiento del tratamiento. Los procedimientos centrados en la seguridad y el personal experimentado garantizan que las actividades de mantenimiento se realicen de forma eficiente y responsable.<\/p>\n<hr data-start=\"5295\" data-end=\"5298\" \/>\n<h2 data-start=\"5300\" data-end=\"5360\">Apoyo al cumplimiento ambiental y la estabilidad del proceso<\/h2>\n<p data-start=\"5362\" data-end=\"5655\">En instalaciones industriales y de aguas residuales, el rendimiento constante de las centr\u00edfugas contribuye al cumplimiento normativo, la eficiencia en la gesti\u00f3n de s\u00f3lidos y la estabilidad del proceso posterior. El mantenimiento aplazado puede reducir la eficiencia de separaci\u00f3n, aumentar los costos de transporte y aumentar el riesgo de incumplimiento normativo.<\/p>\n<p data-start=\"5657\" data-end=\"5932\">Las pr\u00e1cticas de mantenimiento de Sentrimax est\u00e1n dise\u00f1adas para garantizar un funcionamiento estable y cumplir con los requisitos ambientales aplicables. Para un contexto regulatorio m\u00e1s amplio, las instalaciones pueden consultar la gu\u00eda de la Agencia de Protecci\u00f3n Ambiental de EE. UU. en<br data-start=\"5902\" data-end=\"5905\" \/><a class=\"decorated-link cursor-pointer\" target=\"_new\" rel=\"noopener\" data-start=\"5905\" data-end=\"5930\">https:\/\/www.epa.gov\/water<\/a><\/p>\n<p data-start=\"5934\" data-end=\"6067\">Las mejores pr\u00e1cticas de la industria y los est\u00e1ndares t\u00e9cnicos tambi\u00e9n est\u00e1n disponibles a trav\u00e9s de la Federaci\u00f3n del Medio Ambiente del Agua en<br data-start=\"6044\" data-end=\"6047\" \/><a class=\"decorated-link\" href=\"https:\/\/www.wef.org\/\" target=\"_new\" rel=\"noopener\" data-start=\"6047\" data-end=\"6067\">https:\/\/www.wef.org\/<\/a><\/p>\n<hr data-start=\"6069\" data-end=\"6072\" \/>\n<h2 data-start=\"6074\" data-end=\"6115\">Por qu\u00e9 las instalaciones de Dallas eligen Sentrimax<\/h2>\n<p data-start=\"6117\" data-end=\"6454\">Las instalaciones de Dallas eligen Sentrimax para el mantenimiento de las centr\u00edfugas Flottweg por su solidez t\u00e9cnica, experiencia pr\u00e1ctica y compromiso con la fiabilidad a largo plazo. Los t\u00e9cnicos de Sentrimax comprenden las complejidades mec\u00e1nicas de los equipos de separaci\u00f3n de alta velocidad y las presiones operativas que enfrentan las plantas industriales y de aguas residuales.<\/p>\n<p data-start=\"6456\" data-end=\"6734\">Se prioriza la comunicaci\u00f3n clara y la documentaci\u00f3n detallada en cada intervenci\u00f3n de mantenimiento. Las instalaciones reciben informes de servicio completos que describen los hallazgos de la inspecci\u00f3n, el desgaste observado y las recomendaciones de mantenimiento, lo que facilita la toma de decisiones informadas sobre la gesti\u00f3n de activos.<\/p>\n<p data-start=\"6736\" data-end=\"6834\">Para obtener experiencia en centr\u00edfugas espec\u00edficas para aguas residuales, visite<br data-start=\"6787\" data-end=\"6790\" \/><a class=\"decorated-link cursor-pointer\" target=\"_new\" rel=\"noopener\" data-start=\"6790\" data-end=\"6834\">https:\/\/sentrimax.com\/industries\/wastewater\/<\/a><\/p>\n<hr data-start=\"6836\" data-end=\"6839\" \/>\n<h2 data-start=\"6841\" data-end=\"6896\">De las inspecciones de rutina a la planificaci\u00f3n de activos a largo plazo<\/h2>\n<p data-start=\"6898\" data-end=\"7154\">Los servicios de mantenimiento de Sentrimax van m\u00e1s all\u00e1 de las inspecciones rutinarias. Al monitorear el historial de servicio y las tendencias de rendimiento, Sentrimax ayuda a las instalaciones a desarrollar estrategias de mantenimiento a largo plazo que reducen el costo total de propiedad y mejoran la confiabilidad de los equipos.<\/p>\n<p data-start=\"7156\" data-end=\"7322\">Este enfoque basado en datos permite a las instalaciones de Dallas anticipar las necesidades de servicio, planificar el reemplazo de componentes y alinear las actividades de mantenimiento con los objetivos operativos.<\/p>\n<hr data-start=\"7324\" data-end=\"7327\" \/>\n<h2 data-start=\"7329\" data-end=\"7384\">Solicitar mantenimiento de centr\u00edfugas Flottweg en Dallas, TX<\/h2>\n<p data-start=\"7386\" data-end=\"7726\">Cuando se requiere mantenimiento profesional de centr\u00edfugas Flottweg en Dallas, Texas, las instalaciones conf\u00edan en Sentrimax por su experiencia confiable y soporte r\u00e1pido. Ya sea para implementar un programa de mantenimiento preventivo o para atender necesidades de servicio espec\u00edficas, Sentrimax ofrece soluciones dise\u00f1adas para mantener las centr\u00edfugas funcionando de manera eficiente y confiable.<\/p>\n<p data-start=\"7728\" data-end=\"7782\" data-is-last-node=\"\" data-is-only-node=\"\"><strong data-start=\"7728\" data-end=\"7782\" data-is-last-node=\"\"><a class=\"decorated-link\" href=\"https:\/\/sentrimax.com\/es\/contact\/\" target=\"_new\" rel=\"noopener\" data-start=\"7730\" data-end=\"7780\">\u00a1Solicita una cotizaci\u00f3n!<\/a><\/strong><\/p>","protected":false},"excerpt":{"rendered":"<p>Sentrimax provides professional Flottweg centrifuge maintenance services for industrial and wastewater facilities throughout Dallas, Texas. With decades of experience supporting high-speed separation equipment, Sentrimax helps operators protect critical assets, reduce unplanned downtime, and extend the service life of Flottweg centrifuges through structured preventive maintenance programs. Flottweg centrifuges are engineered for continuous-duty operation across demanding applications, [&hellip;]<\/p>\n","protected":false},"author":3,"featured_media":0,"parent":0,"menu_order":0,"comment_status":"closed","ping_status":"closed","template":"seo-page-template.php","meta":{"_acf_changed":false,"inline_featured_image":false,"footnotes":""},"class_list":["post-2296","page","type-page","status-publish","hentry"],"acf":[],"_links":{"self":[{"href":"https:\/\/sentrimax.com\/es\/wp-json\/wp\/v2\/pages\/2296","targetHints":{"allow":["GET"]}}],"collection":[{"href":"https:\/\/sentrimax.com\/es\/wp-json\/wp\/v2\/pages"}],"about":[{"href":"https:\/\/sentrimax.com\/es\/wp-json\/wp\/v2\/types\/page"}],"author":[{"embeddable":true,"href":"https:\/\/sentrimax.com\/es\/wp-json\/wp\/v2\/users\/3"}],"replies":[{"embeddable":true,"href":"https:\/\/sentrimax.com\/es\/wp-json\/wp\/v2\/comments?post=2296"}],"version-history":[{"count":1,"href":"https:\/\/sentrimax.com\/es\/wp-json\/wp\/v2\/pages\/2296\/revisions"}],"predecessor-version":[{"id":2529,"href":"https:\/\/sentrimax.com\/es\/wp-json\/wp\/v2\/pages\/2296\/revisions\/2529"}],"wp:attachment":[{"href":"https:\/\/sentrimax.com\/es\/wp-json\/wp\/v2\/media?parent=2296"}],"curies":[{"name":"wp","href":"https:\/\/api.w.org\/{rel}","templated":true}]}}