{"id":2297,"date":"2026-01-07T16:33:49","date_gmt":"2026-01-07T16:33:49","guid":{"rendered":"https:\/\/sentrimax.com\/?page_id=2297"},"modified":"2026-04-21T21:15:02","modified_gmt":"2026-04-21T21:15:02","slug":"flottweg-centrifuge-repair-in-boston-ma","status":"publish","type":"page","link":"https:\/\/sentrimax.com\/es\/flottweg-centrifuge-repair-in-boston-ma\/","title":{"rendered":"Reparaci\u00f3n de centr\u00edfugas Flottweg en Boston, MA"},"content":{"rendered":"<p data-start=\"286\" data-end=\"892\"><img fetchpriority=\"high\" decoding=\"async\" class=\"aligncenter size-full wp-image-546\" src=\"https:\/\/sentrimax.com\/wp-content\/uploads\/2025\/05\/image-11.jpg\" alt=\"\" width=\"1440\" height=\"504\" srcset=\"https:\/\/sentrimax.com\/wp-content\/uploads\/2025\/05\/image-11.jpg 1440w, https:\/\/sentrimax.com\/wp-content\/uploads\/2025\/05\/image-11-600x210.jpg 600w, https:\/\/sentrimax.com\/wp-content\/uploads\/2025\/05\/image-11-300x105.jpg 300w, https:\/\/sentrimax.com\/wp-content\/uploads\/2025\/05\/image-11-1024x358.jpg 1024w, https:\/\/sentrimax.com\/wp-content\/uploads\/2025\/05\/image-11-768x269.jpg 768w\" sizes=\"(max-width: 1440px) 100vw, 1440px\" \/><\/p>\n<p data-start=\"286\" data-end=\"892\">Sentrimax ofrece servicios profesionales de reparaci\u00f3n de centr\u00edfugas Flottweg para instalaciones de aguas residuales, industriales y de proceso en todo el pa\u00eds. <strong data-start=\"416\" data-end=\"441\">Boston, Massachusetts<\/strong>. Con d\u00e9cadas de experiencia en la industria y un historial comprobado en la reparaci\u00f3n de equipos de separaci\u00f3n de alta velocidad, <strong data-start=\"548\" data-end=\"561\">Sentrimax<\/strong> Ayuda a los clientes a diagnosticar r\u00e1pidamente problemas, reparar componentes cr\u00edticos y restablecer el funcionamiento fiable de las centr\u00edfugas Flottweg. Ya sea para solucionar aver\u00edas de emergencia o planificar proyectos de mantenimiento y revisi\u00f3n a largo plazo, Sentrimax ofrece soluciones dise\u00f1adas para minimizar el tiempo de inactividad, prolongar la vida \u00fatil de los equipos y mejorar su rendimiento.<\/p>\n<p data-start=\"894\" data-end=\"1520\">Las centr\u00edfugas Flottweg se utilizan ampliamente para la separaci\u00f3n eficiente de s\u00f3lidos y l\u00edquidos en entornos exigentes como plantas de tratamiento de aguas residuales, procesamiento industrial, operaciones de alimentos y bebidas, plantas qu\u00edmicas y otras aplicaciones industriales. Estas m\u00e1quinas est\u00e1n dise\u00f1adas para una larga vida \u00fatil y un funcionamiento continuo, pero la exposici\u00f3n constante a s\u00f3lidos abrasivos, las fluctuaciones en las condiciones de alimentaci\u00f3n y las cargas de alto par pueden provocar desgaste de componentes, problemas de vibraci\u00f3n o una degradaci\u00f3n del rendimiento con el tiempo. Sentrimax comprende estas realidades operativas y aplica estrategias de reparaci\u00f3n adaptadas a las necesidades espec\u00edficas de las instalaciones de Boston.<\/p>\n<hr data-start=\"1522\" data-end=\"1525\" \/>\n<h2 data-start=\"1527\" data-end=\"1574\">Apoyo a operaciones cr\u00edticas en Boston<\/h2>\n<p data-start=\"1576\" data-end=\"1970\">Instalaciones en todo el <strong data-start=\"1602\" data-end=\"1630\">\u00c1rea metropolitana de Boston<\/strong> Dependen del funcionamiento estable de la centr\u00edfuga para cumplir con los requisitos normativos, mantener el rendimiento del proceso y proteger los sistemas posteriores. Cuando una centr\u00edfuga Flottweg experimenta problemas como aumento de la vibraci\u00f3n, fallos en los sellos, desgaste de los rodamientos o reducci\u00f3n de la capacidad de procesamiento, es esencial un servicio r\u00e1pido y fiable para evitar interrupciones imprevistas.<\/p>\n<p data-start=\"1972\" data-end=\"2295\">Sentrimax ofrece soporte de servicio localizado para Boston y las comunidades aleda\u00f1as, combinando evaluaciones de campo in situ con reparaciones avanzadas en taller. Este enfoque combinado ayuda a reducir el tiempo de transporte, agilizar los tiempos de respuesta y garantizar que las reparaciones se realicen de manera eficiente, priorizando la seguridad y la fiabilidad a largo plazo.<\/p>\n<hr data-start=\"2297\" data-end=\"2300\" \/>\n<h2 data-start=\"2302\" data-end=\"2354\">Servicios integrales de reparaci\u00f3n de centr\u00edfugas Flottweg<\/h2>\n<p data-start=\"2356\" data-end=\"2547\">Sentrimax ofrece una gama completa de opciones de reparaci\u00f3n y servicio para las centr\u00edfugas Flottweg, dise\u00f1adas para restaurar el rendimiento y mejorar la confianza operativa. Nuestra oferta de servicios principales incluye:<\/p>\n<ul data-start=\"2549\" data-end=\"3056\">\n<li data-start=\"2549\" data-end=\"2602\">\n<p data-start=\"2551\" data-end=\"2602\"><strong data-start=\"2551\" data-end=\"2600\">Inspecci\u00f3n y evaluaci\u00f3n mec\u00e1nica detallada<\/strong><\/p>\n<\/li>\n<li data-start=\"2603\" data-end=\"2654\">\n<p data-start=\"2605\" data-end=\"2654\"><strong data-start=\"2605\" data-end=\"2652\">An\u00e1lisis y diagn\u00f3stico de causas ra\u00edz de fallas<\/strong><\/p>\n<\/li>\n<li data-start=\"2655\" data-end=\"2711\">\n<p data-start=\"2657\" data-end=\"2711\"><strong data-start=\"2657\" data-end=\"2709\">Reparaci\u00f3n o reemplazo de cuencos, espirales y transportadores<\/strong><\/p>\n<\/li>\n<li data-start=\"2712\" data-end=\"2774\">\n<p data-start=\"2714\" data-end=\"2774\"><strong data-start=\"2714\" data-end=\"2772\">Extracci\u00f3n, instalaci\u00f3n y alineaci\u00f3n de precisi\u00f3n de cojinetes<\/strong><\/p>\n<\/li>\n<li data-start=\"2775\" data-end=\"2835\">\n<p data-start=\"2777\" data-end=\"2835\"><strong data-start=\"2777\" data-end=\"2833\">Inspecci\u00f3n, reconstrucci\u00f3n y verificaci\u00f3n de torque de la caja de cambios<\/strong><\/p>\n<\/li>\n<li data-start=\"2836\" data-end=\"2881\">\n<p data-start=\"2838\" data-end=\"2881\"><strong data-start=\"2838\" data-end=\"2879\">Equilibrado din\u00e1mico con tolerancias estrictas<\/strong><\/p>\n<\/li>\n<li data-start=\"2882\" data-end=\"2939\">\n<p data-start=\"2884\" data-end=\"2939\"><strong data-start=\"2884\" data-end=\"2937\">Reemplazo de sellos y mejoras en la protecci\u00f3n contra el desgaste<\/strong><\/p>\n<\/li>\n<li data-start=\"2940\" data-end=\"3001\">\n<p data-start=\"2942\" data-end=\"3001\"><strong data-start=\"2942\" data-end=\"2999\">Soporte para resoluci\u00f3n de problemas de sistemas el\u00e9ctricos y de control<\/strong><\/p>\n<\/li>\n<li data-start=\"3002\" data-end=\"3056\">\n<p data-start=\"3004\" data-end=\"3056\"><strong data-start=\"3004\" data-end=\"3056\">Pruebas de rendimiento y verificaci\u00f3n operativa<\/strong><\/p>\n<\/li>\n<\/ul>\n<p data-start=\"3058\" data-end=\"3508\">Cada elemento de servicio sigue procedimientos documentados que se ajustan a las especificaciones del equipo original y las mejores pr\u00e1cticas de la industria. En lugar de centrarse \u00fanicamente en los da\u00f1os visibles, los t\u00e9cnicos de Sentrimax analizan el sistema mec\u00e1nico completo para identificar causas subyacentes, como desalineaci\u00f3n, fallos en la lubricaci\u00f3n o estr\u00e9s relacionado con el proceso. Esta perspectiva integral ayuda a reducir la recurrencia de fallas y garantiza el rendimiento de la m\u00e1quina a largo plazo.<\/p>\n<p data-start=\"3510\" data-end=\"3758\">Para instalaciones que operan con diversas marcas de centr\u00edfugas, Sentrimax ofrece un amplio soporte para diversos tipos de equipos de separaci\u00f3n. Puede encontrar m\u00e1s informaci\u00f3n sobre las capacidades completas de servicio de centr\u00edfugas en <a class=\"decorated-link cursor-pointer\" target=\"_new\" rel=\"noopener\" data-start=\"3717\" data-end=\"3757\">https:\/\/sentrimax.com\/centrifuge-repair\/<\/a>.<\/p>\n<hr data-start=\"3760\" data-end=\"3763\" \/>\n<h2 data-start=\"3765\" data-end=\"3815\">Servicio de campo y respuesta r\u00e1pida en Nueva Inglaterra<\/h2>\n<p data-start=\"3817\" data-end=\"4218\">Cuando ocurre una falla imprevista en el equipo, la respuesta r\u00e1pida y la resoluci\u00f3n de problemas con experiencia son esenciales. Sentrimax ofrece un servicio de campo eficiente en toda Boston y la regi\u00f3n circundante de Nueva Inglaterra. T\u00e9cnicos cualificados se desplazan a las instalaciones del cliente con herramientas especializadas y equipos de diagn\u00f3stico para evaluar problemas de rendimiento, estabilizar el equipo e implementar reparaciones lo antes posible.<\/p>\n<p data-start=\"4220\" data-end=\"4520\">El servicio de campo in situ permite a los equipos de Sentrimax observar las condiciones del proceso, identificar los factores operativos que contribuyen y desarrollar estrategias de reparaci\u00f3n que aborden tanto los s\u00edntomas como las causas ra\u00edz. Este enfoque reduce el tiempo de inactividad general y mejora la precisi\u00f3n de las recomendaciones para el mantenimiento futuro.<\/p>\n<hr data-start=\"4522\" data-end=\"4525\" \/>\n<h2 data-start=\"4527\" data-end=\"4566\">Reparaciones de calidad con piezas de calidad OEM<\/h2>\n<p data-start=\"4568\" data-end=\"5001\">La base de una reparaci\u00f3n confiable son los componentes de repuesto de alta calidad. Sentrimax suministra repuestos de calidad OEM y equivalentes para centr\u00edfugas Flottweg, incluyendo rodamientos, sellos, revestimientos antidesgaste, componentes de espiral, piezas de la caja de engranajes, sujetadores y otros conjuntos cr\u00edticos. Todas las piezas se inspeccionan para verificar su precisi\u00f3n dimensional, integridad del material y compatibilidad antes de su instalaci\u00f3n, a fin de garantizar que cumplan con las expectativas de rendimiento.<\/p>\n<p data-start=\"5003\" data-end=\"5439\">Para unidades con desgaste considerable o degradaci\u00f3n por el paso del tiempo, Sentrimax ofrece servicios completos de reconstrucci\u00f3n. Las reconstrucciones implican la restauraci\u00f3n de tolerancias cr\u00edticas, la sustituci\u00f3n de conjuntos desgastados y el equilibrado din\u00e1mico de los elementos rotatorios para mejorar la suavidad y la fiabilidad operativas. Una centr\u00edfuga Flottweg reconstruida profesionalmente puede ofrecer a\u00f1os de vida \u00fatil adicional y menores costes de mantenimiento en comparaci\u00f3n con las reparaciones reactivas repetidas.<\/p>\n<p data-start=\"5441\" data-end=\"5557\">Puede encontrar informaci\u00f3n adicional sobre el soporte y la disponibilidad de piezas en <a class=\"decorated-link cursor-pointer\" target=\"_new\" rel=\"noopener\" data-start=\"5517\" data-end=\"5556\">https:\/\/sentrimax.com\/centrifuge-parts\/<\/a>.<\/p>\n<hr data-start=\"5559\" data-end=\"5562\" \/>\n<h2 data-start=\"5564\" data-end=\"5608\">Mantenimiento preventivo para maximizar el tiempo de actividad<\/h2>\n<p data-start=\"5610\" data-end=\"5820\">Adem\u00e1s de los servicios de reparaci\u00f3n, Sentrimax colabora con las instalaciones de Boston para implementar programas de mantenimiento preventivo que reducen la probabilidad de fallos imprevistos. Los programas de mantenimiento preventivo pueden incluir:<\/p>\n<ul data-start=\"5822\" data-end=\"6105\">\n<li data-start=\"5822\" data-end=\"5880\">\n<p data-start=\"5824\" data-end=\"5880\">Inspecci\u00f3n mec\u00e1nica de rutina y evaluaci\u00f3n del estado<\/p>\n<\/li>\n<li data-start=\"5881\" data-end=\"5924\">\n<p data-start=\"5883\" data-end=\"5924\">An\u00e1lisis de vibraciones y seguimiento de tendencias<\/p>\n<\/li>\n<li data-start=\"5925\" data-end=\"5964\">\n<p data-start=\"5927\" data-end=\"5964\">Muestreo de aceite y seguimiento del estado<\/p>\n<\/li>\n<li data-start=\"5965\" data-end=\"6004\">\n<p data-start=\"5967\" data-end=\"6004\">Medici\u00f3n del desgaste y comprobaci\u00f3n de la erosi\u00f3n<\/p>\n<\/li>\n<li data-start=\"6005\" data-end=\"6054\">\n<p data-start=\"6007\" data-end=\"6054\">Reemplazo programado de componentes de alto desgaste<\/p>\n<\/li>\n<li data-start=\"6055\" data-end=\"6105\">\n<p data-start=\"6057\" data-end=\"6105\">Comprobaciones de alineaci\u00f3n y equilibrado din\u00e1mico seg\u00fan sea necesario<\/p>\n<\/li>\n<\/ul>\n<p data-start=\"6107\" data-end=\"6452\">Al planificar las actividades de mantenimiento en funci\u00f3n de los datos operativos en lugar de las fallas, las instalaciones pueden mejorar el tiempo de actividad, reducir los costos de mantenimiento y programar el servicio durante las paradas programadas. Sentrimax tambi\u00e9n ofrece acuerdos de servicio que brindan respuesta prioritaria, cobertura de mantenimiento consistente y planificaci\u00f3n predecible para la gesti\u00f3n de activos a largo plazo.<\/p>\n<hr data-start=\"6454\" data-end=\"6457\" \/>\n<h2 data-start=\"6459\" data-end=\"6519\">Apoyo al cumplimiento ambiental y los objetivos operativos<\/h2>\n<p data-start=\"6521\" data-end=\"6938\">El rendimiento confiable de las centr\u00edfugas influye directamente en el cumplimiento normativo y la estabilidad operativa. Cuando la separaci\u00f3n de s\u00f3lidos y l\u00edquidos es inconsistente o el rendimiento del equipo disminuye, las instalaciones pueden experimentar mayores costos de transporte de residuos, menor productividad y riesgos de incumplimiento. Las pr\u00e1cticas de reparaci\u00f3n de Sentrimax est\u00e1n dise\u00f1adas para garantizar un funcionamiento consistente que cumpla con las expectativas regulatorias y los objetivos del proceso.<\/p>\n<p data-start=\"6940\" data-end=\"7448\">Para obtener orientaci\u00f3n ambiental autorizada relevante para aguas residuales y procesos de separaci\u00f3n industrial, las instalaciones pueden consultar a la Agencia de Protecci\u00f3n Ambiental de los EE. UU. en <a class=\"decorated-link cursor-pointer\" target=\"_new\" rel=\"noopener\" data-start=\"7110\" data-end=\"7135\">https:\/\/www.epa.gov\/water<\/a>. Los recursos t\u00e9cnicos y los est\u00e1ndares de la industria tambi\u00e9n est\u00e1n disponibles a trav\u00e9s de la Federaci\u00f3n del Medio Ambiente del Agua en <a class=\"decorated-link\" href=\"https:\/\/www.wef.org\/\" target=\"_new\" rel=\"noopener\" data-start=\"7243\" data-end=\"7263\">https:\/\/www.wef.org\/<\/a>. Estos recursos externos brindan informaci\u00f3n sobre las tendencias de tratamiento, las expectativas de cumplimiento y los puntos de referencia de rendimiento relevantes para la operaci\u00f3n de centr\u00edfugas y la planificaci\u00f3n del tratamiento de aguas residuales.<\/p>\n<hr data-start=\"7450\" data-end=\"7453\" \/>\n<h2 data-start=\"7455\" data-end=\"7496\">Por qu\u00e9 las instalaciones de Boston eligen Sentrimax<\/h2>\n<p data-start=\"7498\" data-end=\"7882\">Operadores de toda la regi\u00f3n de Boston eligen a Sentrimax para la reparaci\u00f3n de centr\u00edfugas Flottweg gracias a su experiencia t\u00e9cnica, capacidad de respuesta y compromiso con la calidad de la mano de obra. Los t\u00e9cnicos de Sentrimax tienen experiencia en la din\u00e1mica mec\u00e1nica de los equipos de separaci\u00f3n de alta velocidad y comprenden las presiones operativas que enfrentan las instalaciones de aguas residuales, industriales y de proceso.<\/p>\n<p data-start=\"7884\" data-end=\"8278\">En cada intervenci\u00f3n de reparaci\u00f3n, Sentrimax prioriza la comunicaci\u00f3n clara y la documentaci\u00f3n detallada. Las instalaciones reciben informes de servicio completos que describen los resultados de la inspecci\u00f3n, los problemas identificados, las medidas correctivas adoptadas y las recomendaciones para el mantenimiento futuro. Esta informaci\u00f3n ayuda a los equipos de operaciones a tomar decisiones informadas sobre la presupuestaci\u00f3n, la planificaci\u00f3n del mantenimiento y la gesti\u00f3n de activos.<\/p>\n<p data-start=\"8280\" data-end=\"8366\">Para obtener experiencia espec\u00edfica sobre aguas residuales, visite <a class=\"decorated-link cursor-pointer\" target=\"_new\" rel=\"noopener\" data-start=\"8321\" data-end=\"8365\">https:\/\/sentrimax.com\/industries\/wastewater\/<\/a>.<\/p>\n<hr data-start=\"8368\" data-end=\"8371\" \/>\n<h2 data-start=\"8373\" data-end=\"8420\">Soporte integral desde el diagn\u00f3stico hasta la puesta en marcha<\/h2>\n<p data-start=\"8422\" data-end=\"8520\">Las capacidades de servicio de Sentrimax van m\u00e1s all\u00e1 de la reparaci\u00f3n de componentes. Los t\u00e9cnicos de campo tambi\u00e9n ayudan con:<\/p>\n<ul data-start=\"8522\" data-end=\"8707\">\n<li data-start=\"8522\" data-end=\"8556\">\n<p data-start=\"8524\" data-end=\"8556\">Aparejo y retirada de centr\u00edfuga<\/p>\n<\/li>\n<li data-start=\"8557\" data-end=\"8609\">\n<p data-start=\"8559\" data-end=\"8609\">Alineaci\u00f3n de precisi\u00f3n y verificaci\u00f3n dimensional<\/p>\n<\/li>\n<li data-start=\"8610\" data-end=\"8636\">\n<p data-start=\"8612\" data-end=\"8636\">Soporte de reinstalaci\u00f3n<\/p>\n<\/li>\n<li data-start=\"8637\" data-end=\"8670\">\n<p data-start=\"8639\" data-end=\"8670\">Asistencia para la puesta en marcha y puesta a punto<\/p>\n<\/li>\n<li data-start=\"8671\" data-end=\"8707\">\n<p data-start=\"8673\" data-end=\"8707\">Evaluaci\u00f3n del desempe\u00f1o posterior a la reparaci\u00f3n<\/p>\n<\/li>\n<\/ul>\n<p data-start=\"8709\" data-end=\"9043\">Este enfoque de servicio integral garantiza que las centr\u00edfugas Flottweg, reparadas o reconstruidas, vuelvan a funcionar en condiciones seguras, eficientes y fiables. Al combinar conocimientos de ingenier\u00eda con experiencia pr\u00e1ctica en campo, Sentrimax ayuda a las instalaciones de Boston a reducir el tiempo de inactividad, proteger la infraestructura cr\u00edtica y mejorar el rendimiento a largo plazo.<\/p>\n<hr data-start=\"9045\" data-end=\"9048\" \/>\n<h2 data-start=\"9050\" data-end=\"9100\">Perspectivas operativas y mejora continua<\/h2>\n<p data-start=\"9102\" data-end=\"9520\">Sentrimax tambi\u00e9n apoya las iniciativas de mejora continua, ayudando a las instalaciones a rastrear el historial de servicio, monitorear las tendencias de rendimiento y aplicar estrategias de mantenimiento basadas en datos. Al recopilar y revisar datos operativos, como patrones de vibraci\u00f3n, tendencias de temperatura y tasas de desgaste, las instalaciones pueden anticipar las necesidades de servicio, optimizar los programas de mantenimiento y tomar decisiones m\u00e1s informadas sobre la vida \u00fatil de los componentes.<\/p>\n<p data-start=\"9522\" data-end=\"9684\">Este enfoque proactivo basado en datos ayuda a los operadores de Boston a mejorar la eficacia del mantenimiento y reducir el costo total de propiedad de los activos centr\u00edfugos de Flottweg.<\/p>\n<hr data-start=\"9686\" data-end=\"9689\" \/>\n<h2 data-start=\"9691\" data-end=\"9741\">Solicitar reparaci\u00f3n de centr\u00edfuga Flottweg en Boston, MA<\/h2>\n<p data-start=\"9743\" data-end=\"10073\">Cuando se requiere la reparaci\u00f3n experta de centr\u00edfugas Flottweg en Boston, MA, las instalaciones conf\u00edan en Sentrimax por su servicio confiable y excelencia t\u00e9cnica. Ya sea para solucionar aver\u00edas urgentes o planificar proyectos de mantenimiento y revisi\u00f3n a largo plazo, Sentrimax ofrece soluciones dise\u00f1adas para mantener el rendimiento confiable y eficiente de las centr\u00edfugas.<\/p>\n<p data-start=\"10075\" data-end=\"10129\"><strong data-start=\"10075\" data-end=\"10129\"><a class=\"decorated-link\" href=\"https:\/\/sentrimax.com\/es\/contact\/\" target=\"_new\" rel=\"noopener\" data-start=\"10077\" data-end=\"10127\">\u00a1Solicita una cotizaci\u00f3n!<\/a><\/strong><\/p>","protected":false},"excerpt":{"rendered":"<p>Sentrimax provides professional Flottweg centrifuge repair services for wastewater, industrial, and process facilities throughout Boston, Massachusetts. With decades of industry experience and a proven track record repairing high-speed separation equipment, Sentrimax helps customers quickly diagnose issues, repair critical components, and restore reliable operation for Flottweg centrifuges. Whether addressing emergency breakdowns or planning long-term maintenance and [&hellip;]<\/p>\n","protected":false},"author":3,"featured_media":0,"parent":0,"menu_order":0,"comment_status":"closed","ping_status":"closed","template":"seo-page-template.php","meta":{"_acf_changed":false,"inline_featured_image":false,"footnotes":""},"class_list":["post-2297","page","type-page","status-publish","hentry"],"acf":[],"_links":{"self":[{"href":"https:\/\/sentrimax.com\/es\/wp-json\/wp\/v2\/pages\/2297","targetHints":{"allow":["GET"]}}],"collection":[{"href":"https:\/\/sentrimax.com\/es\/wp-json\/wp\/v2\/pages"}],"about":[{"href":"https:\/\/sentrimax.com\/es\/wp-json\/wp\/v2\/types\/page"}],"author":[{"embeddable":true,"href":"https:\/\/sentrimax.com\/es\/wp-json\/wp\/v2\/users\/3"}],"replies":[{"embeddable":true,"href":"https:\/\/sentrimax.com\/es\/wp-json\/wp\/v2\/comments?post=2297"}],"version-history":[{"count":1,"href":"https:\/\/sentrimax.com\/es\/wp-json\/wp\/v2\/pages\/2297\/revisions"}],"predecessor-version":[{"id":2528,"href":"https:\/\/sentrimax.com\/es\/wp-json\/wp\/v2\/pages\/2297\/revisions\/2528"}],"wp:attachment":[{"href":"https:\/\/sentrimax.com\/es\/wp-json\/wp\/v2\/media?parent=2297"}],"curies":[{"name":"wp","href":"https:\/\/api.w.org\/{rel}","templated":true}]}}