{"id":2298,"date":"2026-01-07T16:35:40","date_gmt":"2026-01-07T16:35:40","guid":{"rendered":"https:\/\/sentrimax.com\/?page_id=2298"},"modified":"2026-04-21T21:15:02","modified_gmt":"2026-04-21T21:15:02","slug":"flottweg-decanter-centrifuge-service-in-new-york-ny","status":"publish","type":"page","link":"https:\/\/sentrimax.com\/es\/flottweg-decanter-centrifuge-service-in-new-york-ny\/","title":{"rendered":"Servicio de centr\u00edfugas decantadoras Flottweg en Nueva York"},"content":{"rendered":"<p data-start=\"304\" data-end=\"751\"><img fetchpriority=\"high\" decoding=\"async\" class=\"aligncenter size-full wp-image-168\" src=\"https:\/\/sentrimax.com\/wp-content\/uploads\/2025\/05\/image-6.jpg\" alt=\"\" width=\"1269\" height=\"519\" srcset=\"https:\/\/sentrimax.com\/wp-content\/uploads\/2025\/05\/image-6.jpg 1269w, https:\/\/sentrimax.com\/wp-content\/uploads\/2025\/05\/image-6-600x245.jpg 600w, https:\/\/sentrimax.com\/wp-content\/uploads\/2025\/05\/image-6-300x123.jpg 300w, https:\/\/sentrimax.com\/wp-content\/uploads\/2025\/05\/image-6-1024x419.jpg 1024w, https:\/\/sentrimax.com\/wp-content\/uploads\/2025\/05\/image-6-768x314.jpg 768w\" sizes=\"(max-width: 1269px) 100vw, 1269px\" \/><\/p>\n<p data-start=\"304\" data-end=\"751\">Sentrimax ofrece un servicio profesional de centr\u00edfugas decantadoras Flottweg para plantas de tratamiento de aguas residuales e instalaciones industriales en todo el pa\u00eds. <strong data-start=\"442\" data-end=\"464\">Nueva York, Nueva York<\/strong>. Con d\u00e9cadas de experiencia en el servicio de equipos de separaci\u00f3n de alta velocidad, <strong data-start=\"536\" data-end=\"577\"><span class=\"hover:entity-accent entity-underline inline cursor-pointer align-baseline\"><span class=\"whitespace-normal\">Sentrimax<\/span><\/span><\/strong> Ofrece servicios expertos de inspecci\u00f3n, mantenimiento preventivo, reparaci\u00f3n de precisi\u00f3n y soluciones de reconstrucci\u00f3n adaptadas a las exigentes condiciones operativas del \u00e1rea metropolitana de Nueva York.<\/p>\n<p data-start=\"753\" data-end=\"1284\">Las centr\u00edfugas decantadoras Flottweg desempe\u00f1an un papel fundamental en la separaci\u00f3n de s\u00f3lidos y l\u00edquidos para la deshidrataci\u00f3n de aguas residuales, el procesamiento de bios\u00f3lidos, la separaci\u00f3n industrial y la optimizaci\u00f3n de procesos. Estas m\u00e1quinas est\u00e1n dise\u00f1adas para un funcionamiento continuo, pero los s\u00f3lidos abrasivos, las cargas de alto par y las fluctuaciones en las condiciones de alimentaci\u00f3n provocan naturalmente el desgaste de los componentes con el tiempo. Sentrimax aplica metodolog\u00edas de servicio probadas para restaurar el rendimiento, prolongar la vida \u00fatil de los equipos y mejorar la fiabilidad de las instalaciones que no toleran tiempos de inactividad prolongados.<\/p>\n<hr data-start=\"1286\" data-end=\"1289\" \/>\n<h2 data-start=\"1291\" data-end=\"1340\">Apoyo a operaciones cr\u00edticas en Nueva York<\/h2>\n<p data-start=\"1342\" data-end=\"1750\">Instalaciones en todo el lugar <strong data-start=\"1364\" data-end=\"1405\"><span class=\"hover:entity-accent entity-underline inline cursor-pointer align-baseline\"><span class=\"whitespace-normal\">Nueva York<\/span><\/span><\/strong> Conf\u00ede en el rendimiento confiable de su centr\u00edfuga para mantener el rendimiento del proceso, cumplir con las normas ambientales y minimizar los costos operativos. Cuando una centr\u00edfuga decantadora Flottweg experimenta vibraciones, ruidos anormales, menor sequedad de la torta, fugas en los sellos o desgaste mec\u00e1nico, un servicio oportuno y confiable es esencial para evitar interrupciones imprevistas.<\/p>\n<p data-start=\"1752\" data-end=\"2020\">Sentrimax ofrece cobertura inmediata en la regi\u00f3n de Nueva York, combinando la experiencia en servicio de campo con capacidades avanzadas de reparaci\u00f3n en taller. Este enfoque integrado reduce el tiempo de inactividad, disminuye los costos log\u00edsticos y garantiza que las reparaciones se realicen de manera eficiente y segura.<\/p>\n<hr data-start=\"2022\" data-end=\"2025\" \/>\n<h2 data-start=\"2027\" data-end=\"2081\">Servicios integrales de centr\u00edfugas decantadoras Flottweg<\/h2>\n<p data-start=\"2083\" data-end=\"2169\">Sentrimax ofrece soluciones completas de servicio para centr\u00edfugas decantadoras Flottweg, que incluyen:<\/p>\n<ul data-start=\"2171\" data-end=\"2617\">\n<li data-start=\"2171\" data-end=\"2236\">\n<p data-start=\"2173\" data-end=\"2236\"><strong data-start=\"2173\" data-end=\"2234\">Inspecciones mec\u00e1nicas detalladas y evaluaciones de estado<\/strong><\/p>\n<\/li>\n<li data-start=\"2237\" data-end=\"2288\">\n<p data-start=\"2239\" data-end=\"2288\"><strong data-start=\"2239\" data-end=\"2286\">Diagn\u00f3stico y an\u00e1lisis de fallas de causa ra\u00edz<\/strong><\/p>\n<\/li>\n<li data-start=\"2289\" data-end=\"2345\">\n<p data-start=\"2291\" data-end=\"2345\"><strong data-start=\"2291\" data-end=\"2343\">Reparaci\u00f3n o reemplazo de cuencos, espirales y transportadores<\/strong><\/p>\n<\/li>\n<li data-start=\"2346\" data-end=\"2408\">\n<p data-start=\"2348\" data-end=\"2408\"><strong data-start=\"2348\" data-end=\"2406\">Extracci\u00f3n, instalaci\u00f3n y alineaci\u00f3n de precisi\u00f3n de cojinetes<\/strong><\/p>\n<\/li>\n<li data-start=\"2409\" data-end=\"2464\">\n<p data-start=\"2411\" data-end=\"2464\"><strong data-start=\"2411\" data-end=\"2462\">Inspecci\u00f3n, reconstrucci\u00f3n y prueba de torque de la caja de cambios<\/strong><\/p>\n<\/li>\n<li data-start=\"2465\" data-end=\"2508\">\n<p data-start=\"2467\" data-end=\"2508\"><strong data-start=\"2467\" data-end=\"2506\">Equilibrado din\u00e1mico seg\u00fan tolerancias OEM<\/strong><\/p>\n<\/li>\n<li data-start=\"2509\" data-end=\"2562\">\n<p data-start=\"2511\" data-end=\"2562\"><strong data-start=\"2511\" data-end=\"2560\">Reemplazo de sellos y mejoras en la protecci\u00f3n contra el desgaste<\/strong><\/p>\n<\/li>\n<li data-start=\"2563\" data-end=\"2617\">\n<p data-start=\"2565\" data-end=\"2617\"><strong data-start=\"2565\" data-end=\"2617\">Asistencia en la puesta en marcha y verificaci\u00f3n posterior al servicio<\/strong><\/p>\n<\/li>\n<\/ul>\n<p data-start=\"2619\" data-end=\"2967\">Cada servicio se realiza mediante procedimientos documentados, alineados con las especificaciones del equipo original. En lugar de abordar \u00fanicamente los s\u00edntomas, los t\u00e9cnicos se centran en identificar las causas ra\u00edz, como la desalineaci\u00f3n, la falla de la lubricaci\u00f3n o el estr\u00e9s relacionado con el proceso. Este enfoque exhaustivo ayuda a reducir la repetici\u00f3n de fallas y mejora la confiabilidad del equipo.<\/p>\n<p data-start=\"2969\" data-end=\"3163\">Para instalaciones que operan con marcas mixtas de centr\u00edfugas, Sentrimax ofrece un amplio soporte para diversos tipos de equipos. Puede encontrar m\u00e1s informaci\u00f3n en<br data-start=\"3120\" data-end=\"3123\" \/><a class=\"decorated-link cursor-pointer\" target=\"_new\" rel=\"noopener\" data-start=\"3123\" data-end=\"3163\">https:\/\/sentrimax.com\/centrifuge-repair\/<\/a><\/p>\n<hr data-start=\"3165\" data-end=\"3168\" \/>\n<h2 data-start=\"3170\" data-end=\"3226\">Servicio de campo y respuesta r\u00e1pida en el \u00e1rea de Nueva York<\/h2>\n<p data-start=\"3228\" data-end=\"3623\">Problemas inesperados con las centr\u00edfugas decantadoras pueden interrumpir los programas de tratamiento de aguas residuales y los procesos industriales. Sentrimax ofrece un servicio de campo eficiente en toda la ciudad de Nueva York y la regi\u00f3n metropolitana circundante. T\u00e9cnicos cualificados se desplazan a las obras con herramientas especializadas y equipos de diagn\u00f3stico para evaluar problemas de rendimiento, estabilizar las unidades e implementar reparaciones lo antes posible.<\/p>\n<p data-start=\"3625\" data-end=\"3911\">El servicio in situ permite a los t\u00e9cnicos evaluar el equipo en condiciones reales de funcionamiento e identificar variables que contribuyen al proceso y que podr\u00edan no ser evidentes durante las inspecciones externas. El servicio de campo reduce las necesidades de transporte, acelera las reparaciones y minimiza el tiempo de inactividad general.<\/p>\n<hr data-start=\"3913\" data-end=\"3916\" \/>\n<h2 data-start=\"3918\" data-end=\"3962\">Reparaciones de precisi\u00f3n con piezas de alta calidad<\/h2>\n<p data-start=\"3964\" data-end=\"4305\">La calidad de la reparaci\u00f3n depende de los componentes utilizados. Sentrimax suministra repuestos de calidad OEM y equivalentes para las centr\u00edfugas decantadoras Flottweg, incluyendo cojinetes, sellos, revestimientos antidesgaste, componentes de espiral y conjuntos de caja de engranajes. Cada componente se inspecciona para comprobar su precisi\u00f3n dimensional, integridad del material y compatibilidad antes de su instalaci\u00f3n.<\/p>\n<p data-start=\"4307\" data-end=\"4710\">Para centr\u00edfugas con desgaste considerable o degradaci\u00f3n por envejecimiento, Sentrimax ofrece servicios completos de reconstrucci\u00f3n. Las reconstrucciones restauran tolerancias cr\u00edticas, reemplazan conjuntos desgastados y equilibran los elementos rotatorios para mejorar la estabilidad y el rendimiento. Una centr\u00edfuga decantadora Flottweg reconstruida profesionalmente puede prolongar significativamente su vida \u00fatil y mejorar la consistencia operativa en comparaci\u00f3n con las reparaciones reactivas repetidas.<\/p>\n<p data-start=\"4712\" data-end=\"4810\">Las instalaciones interesadas en obtener soporte de piezas pueden obtener m\u00e1s informaci\u00f3n en<br data-start=\"4768\" data-end=\"4771\" \/><a class=\"decorated-link cursor-pointer\" target=\"_new\" rel=\"noopener\" data-start=\"4771\" data-end=\"4810\">https:\/\/sentrimax.com\/centrifuge-parts\/<\/a><\/p>\n<hr data-start=\"4812\" data-end=\"4815\" \/>\n<h2 data-start=\"4817\" data-end=\"4868\">Mantenimiento preventivo para confiabilidad a largo plazo<\/h2>\n<p data-start=\"4870\" data-end=\"5098\">Adem\u00e1s de los servicios de reparaci\u00f3n reactiva, Sentrimax ayuda a las instalaciones de Nueva York a implementar programas de mantenimiento preventivo dise\u00f1ados para identificar problemas a tiempo y reducir las interrupciones imprevistas. Un mantenimiento preventivo eficaz puede incluir:<\/p>\n<ul data-start=\"5100\" data-end=\"5321\">\n<li data-start=\"5100\" data-end=\"5133\">\n<p data-start=\"5102\" data-end=\"5133\">Evaluaciones rutinarias del estado<\/p>\n<\/li>\n<li data-start=\"5134\" data-end=\"5177\">\n<p data-start=\"5136\" data-end=\"5177\">An\u00e1lisis de vibraciones y seguimiento de tendencias<\/p>\n<\/li>\n<li data-start=\"5178\" data-end=\"5212\">\n<p data-start=\"5180\" data-end=\"5212\">Muestreo de aceite y seguimiento del desgaste<\/p>\n<\/li>\n<li data-start=\"5213\" data-end=\"5262\">\n<p data-start=\"5215\" data-end=\"5262\">Reemplazo programado de componentes de alto desgaste<\/p>\n<\/li>\n<li data-start=\"5263\" data-end=\"5321\">\n<p data-start=\"5265\" data-end=\"5321\">Verificaci\u00f3n de alineaci\u00f3n y balanceo din\u00e1mico cuando sea necesario<\/p>\n<\/li>\n<\/ul>\n<p data-start=\"5323\" data-end=\"5648\">Al planificar el mantenimiento en funci\u00f3n de los datos operativos, las instalaciones pueden mejorar el tiempo de actividad, reducir los costos de mantenimiento y optimizar la programaci\u00f3n del servicio durante las interrupciones programadas. Sentrimax tambi\u00e9n ofrece contratos de servicio que ofrecen cobertura consistente, respuesta prioritaria y una planificaci\u00f3n de mantenimiento predecible para la gesti\u00f3n de activos a largo plazo.<\/p>\n<hr data-start=\"5650\" data-end=\"5653\" \/>\n<h2 data-start=\"5655\" data-end=\"5715\">Apoyo al cumplimiento ambiental y los objetivos operativos<\/h2>\n<p data-start=\"5717\" data-end=\"5979\">El rendimiento confiable de la centr\u00edfuga decantadora contribuye al cumplimiento normativo, la eficiencia en el manejo de s\u00f3lidos y la estabilidad del proceso. Un rendimiento mec\u00e1nico o de separaci\u00f3n inconsistente puede aumentar los vol\u00famenes de transporte, sobrecargar los sistemas aguas abajo y aumentar el riesgo regulatorio.<\/p>\n<p data-start=\"5981\" data-end=\"6216\">Las pr\u00e1cticas de servicio de Sentrimax est\u00e1n dise\u00f1adas para ayudar a las instalaciones a mantener un funcionamiento constante. Para obtener una gu\u00eda m\u00e1s amplia sobre la industria, las instalaciones pueden consultar los recursos de la Agencia de Protecci\u00f3n Ambiental de EE. UU. en<br data-start=\"6186\" data-end=\"6189\" \/><a class=\"decorated-link cursor-pointer\" target=\"_new\" rel=\"noopener\" data-start=\"6189\" data-end=\"6214\">https:\/\/www.epa.gov\/water<\/a><\/p>\n<p data-start=\"6218\" data-end=\"6347\">Se puede obtener informaci\u00f3n t\u00e9cnica adicional y mejores pr\u00e1cticas a trav\u00e9s de la Federaci\u00f3n del Medio Ambiente del Agua en<br data-start=\"6323\" data-end=\"6326\" \/><a class=\"decorated-link\" href=\"https:\/\/www.wef.org\/\" target=\"_new\" rel=\"noopener\" data-start=\"6326\" data-end=\"6346\">https:\/\/www.wef.org\/<\/a>.<\/p>\n<p data-start=\"6349\" data-end=\"6531\">Estas fuentes externas ofrecen informaci\u00f3n sobre tecnolog\u00edas de tratamiento, expectativas regulatorias y puntos de referencia operativos relevantes para aguas residuales y aplicaciones centr\u00edfugas industriales.<\/p>\n<hr data-start=\"6533\" data-end=\"6536\" \/>\n<h2 data-start=\"6538\" data-end=\"6581\">Por qu\u00e9 las instalaciones de Nueva York eligen Sentrimax<\/h2>\n<p data-start=\"6583\" data-end=\"6941\">Las instalaciones del \u00e1rea metropolitana de Nueva York eligen a Sentrimax para el servicio de centr\u00edfugas decantadoras Flottweg debido a su experiencia t\u00e9cnica, capacidad de respuesta y compromiso con la calidad de la mano de obra. Los t\u00e9cnicos de Sentrimax comprenden la din\u00e1mica mec\u00e1nica de los equipos de separaci\u00f3n de alta velocidad y las presiones operativas que enfrentan las instalaciones de aguas residuales e industriales.<\/p>\n<p data-start=\"6943\" data-end=\"7276\">En cada proyecto, Sentrimax prioriza la comunicaci\u00f3n clara y la elaboraci\u00f3n de informes detallados. Las instalaciones reciben documentaci\u00f3n completa de servicio que describe los hallazgos, las medidas correctivas adoptadas y las recomendaciones para el mantenimiento preventivo futuro. Esta informaci\u00f3n facilita la toma de decisiones informada y la planificaci\u00f3n del mantenimiento a largo plazo.<\/p>\n<p data-start=\"7278\" data-end=\"7364\">Para obtener experiencia centrada en aguas residuales, visite<br data-start=\"7317\" data-end=\"7320\" \/><a class=\"decorated-link cursor-pointer\" target=\"_new\" rel=\"noopener\" data-start=\"7320\" data-end=\"7364\">https:\/\/sentrimax.com\/industries\/wastewater\/<\/a><\/p>\n<hr data-start=\"7366\" data-end=\"7369\" \/>\n<h2 data-start=\"7371\" data-end=\"7419\">Soporte integral desde la inspecci\u00f3n hasta la puesta en marcha<\/h2>\n<p data-start=\"7421\" data-end=\"7509\">Sentrimax ofrece m\u00e1s que reparaciones a nivel de componentes. Los t\u00e9cnicos de campo tambi\u00e9n ayudan con:<\/p>\n<ul data-start=\"7511\" data-end=\"7686\">\n<li data-start=\"7511\" data-end=\"7545\">\n<p data-start=\"7513\" data-end=\"7545\">Aparejo y retirada de centr\u00edfuga<\/p>\n<\/li>\n<li data-start=\"7546\" data-end=\"7587\">\n<p data-start=\"7548\" data-end=\"7587\">Alineaci\u00f3n de precisi\u00f3n y comprobaciones de configuraci\u00f3n<\/p>\n<\/li>\n<li data-start=\"7588\" data-end=\"7614\">\n<p data-start=\"7590\" data-end=\"7614\">Soporte de reinstalaci\u00f3n<\/p>\n<\/li>\n<li data-start=\"7615\" data-end=\"7648\">\n<p data-start=\"7617\" data-end=\"7648\">Asistencia para la puesta en marcha y puesta a punto<\/p>\n<\/li>\n<li data-start=\"7649\" data-end=\"7686\">\n<p data-start=\"7651\" data-end=\"7686\">Evaluaci\u00f3n del desempe\u00f1o posterior al servicio<\/p>\n<\/li>\n<\/ul>\n<p data-start=\"7688\" data-end=\"7835\">Este enfoque de servicio integral garantiza que las centr\u00edfugas decantadoras Flottweg reparadas o reconstruidas regresen al servicio funcionando de manera segura y confiable.<\/p>\n<p data-start=\"7837\" data-end=\"8040\">Al combinar el conocimiento de ingenier\u00eda con la experiencia pr\u00e1ctica en el campo, Sentrimax ayuda a las instalaciones de Nueva York a reducir el tiempo de inactividad, mejorar la previsibilidad del mantenimiento y proteger las inversiones en infraestructura cr\u00edtica.<\/p>\n<hr data-start=\"8042\" data-end=\"8045\" \/>\n<h2 data-start=\"8047\" data-end=\"8109\">Solicitar servicio de centr\u00edfuga decantadora Flottweg en Nueva York<\/h2>\n<p data-start=\"8111\" data-end=\"8465\">Cuando se necesita servicio profesional para centr\u00edfugas decantadoras Flottweg en Nueva York, NY, las instalaciones conf\u00edan en Sentrimax por su experiencia confiable y soporte r\u00e1pido. Ya sea para reparaciones urgentes, planificaci\u00f3n de mantenimiento preventivo o reconstrucciones completas, Sentrimax ofrece soluciones dise\u00f1adas para mantener el rendimiento eficiente y confiable de las centr\u00edfugas.<\/p>\n<p data-start=\"8467\" data-end=\"8521\" data-is-last-node=\"\" data-is-only-node=\"\"><strong data-start=\"8467\" data-end=\"8521\" data-is-last-node=\"\"><a class=\"decorated-link\" href=\"https:\/\/sentrimax.com\/es\/contact\/\" target=\"_new\" rel=\"noopener\" data-start=\"8469\" data-end=\"8519\">\u00a1Solicita una cotizaci\u00f3n!<\/a><\/strong><\/p>","protected":false},"excerpt":{"rendered":"<p>Sentrimax provides professional Flottweg decanter centrifuge service for wastewater treatment plants and industrial facilities throughout New York, New York. With decades of experience servicing high-speed separation equipment, Sentrimax delivers expert inspection, preventive maintenance, precision repair, and rebuild solutions tailored to the demanding operating conditions in the New York metropolitan area. Flottweg decanter centrifuges play a [&hellip;]<\/p>\n","protected":false},"author":3,"featured_media":0,"parent":0,"menu_order":0,"comment_status":"closed","ping_status":"closed","template":"seo-page-template.php","meta":{"_acf_changed":false,"inline_featured_image":false,"footnotes":""},"class_list":["post-2298","page","type-page","status-publish","hentry"],"acf":[],"_links":{"self":[{"href":"https:\/\/sentrimax.com\/es\/wp-json\/wp\/v2\/pages\/2298","targetHints":{"allow":["GET"]}}],"collection":[{"href":"https:\/\/sentrimax.com\/es\/wp-json\/wp\/v2\/pages"}],"about":[{"href":"https:\/\/sentrimax.com\/es\/wp-json\/wp\/v2\/types\/page"}],"author":[{"embeddable":true,"href":"https:\/\/sentrimax.com\/es\/wp-json\/wp\/v2\/users\/3"}],"replies":[{"embeddable":true,"href":"https:\/\/sentrimax.com\/es\/wp-json\/wp\/v2\/comments?post=2298"}],"version-history":[{"count":1,"href":"https:\/\/sentrimax.com\/es\/wp-json\/wp\/v2\/pages\/2298\/revisions"}],"predecessor-version":[{"id":2527,"href":"https:\/\/sentrimax.com\/es\/wp-json\/wp\/v2\/pages\/2298\/revisions\/2527"}],"wp:attachment":[{"href":"https:\/\/sentrimax.com\/es\/wp-json\/wp\/v2\/media?parent=2298"}],"curies":[{"name":"wp","href":"https:\/\/api.w.org\/{rel}","templated":true}]}}