{"id":2300,"date":"2026-01-07T16:38:57","date_gmt":"2026-01-07T16:38:57","guid":{"rendered":"https:\/\/sentrimax.com\/?page_id=2300"},"modified":"2026-04-21T21:15:00","modified_gmt":"2026-04-21T21:15:00","slug":"flottweg-municipal-centrifuge-repair-in-atlanta-ga","status":"publish","type":"page","link":"https:\/\/sentrimax.com\/es\/flottweg-municipal-centrifuge-repair-in-atlanta-ga\/","title":{"rendered":"Reparaci\u00f3n de centr\u00edfugas municipales Flottweg en Atlanta, Georgia"},"content":{"rendered":"<p data-start=\"308\" data-end=\"935\"><img fetchpriority=\"high\" decoding=\"async\" class=\"aligncenter size-full wp-image-2173\" src=\"https:\/\/sentrimax.com\/wp-content\/uploads\/2025\/07\/c1a73b_f3521b6db4d34f23972aa5e5d7ed0489mv2.png\" alt=\"\" width=\"980\" height=\"551\" srcset=\"https:\/\/sentrimax.com\/wp-content\/uploads\/2025\/07\/c1a73b_f3521b6db4d34f23972aa5e5d7ed0489mv2.png 980w, https:\/\/sentrimax.com\/wp-content\/uploads\/2025\/07\/c1a73b_f3521b6db4d34f23972aa5e5d7ed0489mv2-300x169.png 300w, https:\/\/sentrimax.com\/wp-content\/uploads\/2025\/07\/c1a73b_f3521b6db4d34f23972aa5e5d7ed0489mv2-768x432.png 768w, https:\/\/sentrimax.com\/wp-content\/uploads\/2025\/07\/c1a73b_f3521b6db4d34f23972aa5e5d7ed0489mv2-18x10.png 18w, https:\/\/sentrimax.com\/wp-content\/uploads\/2025\/07\/c1a73b_f3521b6db4d34f23972aa5e5d7ed0489mv2-600x337.png 600w\" sizes=\"(max-width: 980px) 100vw, 980px\" \/><\/p>\n<p data-start=\"308\" data-end=\"935\">Sentrimax ofrece servicios profesionales de reparaci\u00f3n de centr\u00edfugas municipales Flottweg para plantas de tratamiento de aguas residuales e instalaciones municipales en todo el pa\u00eds. <strong data-start=\"454\" data-end=\"474\">Atlanta, Georgia<\/strong>. Las centr\u00edfugas municipales son fundamentales para la separaci\u00f3n de s\u00f3lidos y la deshidrataci\u00f3n de bios\u00f3lidos. Cuando experimentan problemas mec\u00e1nicos o una degradaci\u00f3n del rendimiento, es fundamental contar con soporte t\u00e9cnico oportuno y experto para proteger la continuidad del proceso, el cumplimiento normativo y los presupuestos operativos. Con d\u00e9cadas de experiencia en el mantenimiento de equipos de separaci\u00f3n de alta velocidad, Sentrimax ofrece soluciones fiables de inspecci\u00f3n, reparaci\u00f3n y reconstrucci\u00f3n adaptadas a las necesidades de los operadores municipales.<\/p>\n<p data-start=\"937\" data-end=\"1552\">Las centr\u00edfugas Flottweg est\u00e1n dise\u00f1adas para un funcionamiento continuo y un rendimiento robusto, pero incluso los mejores equipos de separaci\u00f3n experimentan desgaste bajo cargas pesadas de s\u00f3lidos, materiales abrasivos y condiciones de alto torque, comunes en el manejo de s\u00f3lidos en aguas residuales. Rodamientos, sellos, cajas de engranajes, espirales y conjuntos rotatorios est\u00e1n sujetos a fatiga y desgaste, y cuando surgen problemas, pueden derivar r\u00e1pidamente en costosos tiempos de inactividad. Sentrimax comprende estas realidades operativas y aplica m\u00e9todos de reparaci\u00f3n probados que restauran el rendimiento, prolongan la vida \u00fatil de los equipos y ayudan a las instalaciones municipales a mantener su actividad.<\/p>\n<hr data-start=\"1554\" data-end=\"1557\" \/>\n<h2 data-start=\"1559\" data-end=\"1615\">Apoyo a las operaciones de aguas residuales municipales en Atlanta<\/h2>\n<p data-start=\"1617\" data-end=\"2077\">Instalaciones de tratamiento de aguas residuales municipales en todo el <strong data-start=\"1674\" data-end=\"1703\">\u00c1rea metropolitana de Atlanta<\/strong> Conf\u00ede en las centr\u00edfugas para gestionar la deshidrataci\u00f3n de lodos, reducir los costes de transporte y cumplir con los estrictos requisitos de vertido ambiental. Una centr\u00edfuga defectuosa puede interrumpir el procesamiento de s\u00f3lidos, ralentizar los trenes de tratamiento y sobrecargar los sistemas aguas abajo. Cuando se producen picos de vibraci\u00f3n, problemas de par, fallas en los sellos o se reduce el rendimiento, es fundamental una respuesta r\u00e1pida y un diagn\u00f3stico experto.<\/p>\n<p data-start=\"2079\" data-end=\"2535\">Sentrimax ofrece soporte localizado a los operadores municipales del \u00e1rea de Atlanta, brindando un servicio de campo \u00e1gil y capacidades avanzadas de reparaci\u00f3n en taller. Este enfoque integrado garantiza un diagn\u00f3stico exhaustivo de los equipos, reparaciones eficientes y la verificaci\u00f3n del rendimiento antes de que la centr\u00edfuga vuelva a funcionar. Una respuesta m\u00e1s r\u00e1pida reduce el margen de interrupci\u00f3n y ayuda a las instalaciones a proteger las inversiones en infraestructura cr\u00edtica.<\/p>\n<hr data-start=\"2537\" data-end=\"2540\" \/>\n<h2 data-start=\"2542\" data-end=\"2604\">Servicios integrales de reparaci\u00f3n de centr\u00edfugas municipales Flottweg<\/h2>\n<p data-start=\"2606\" data-end=\"2770\">Sentrimax ofrece una gama completa de servicios de reparaci\u00f3n para centr\u00edfugas municipales Flottweg, desde la inspecci\u00f3n inicial hasta las pruebas finales de rendimiento. Estos servicios incluyen:<\/p>\n<ul data-start=\"2772\" data-end=\"3233\">\n<li data-start=\"2772\" data-end=\"2835\">\n<p data-start=\"2774\" data-end=\"2835\"><strong data-start=\"2774\" data-end=\"2833\">Inspecci\u00f3n mec\u00e1nica detallada y evaluaci\u00f3n del estado<\/strong><\/p>\n<\/li>\n<li data-start=\"2836\" data-end=\"2887\">\n<p data-start=\"2838\" data-end=\"2887\"><strong data-start=\"2838\" data-end=\"2885\">An\u00e1lisis de causa ra\u00edz y diagn\u00f3stico de fallas<\/strong><\/p>\n<\/li>\n<li data-start=\"2888\" data-end=\"2944\">\n<p data-start=\"2890\" data-end=\"2944\"><strong data-start=\"2890\" data-end=\"2942\">Reparaci\u00f3n o reemplazo de cuencos, espirales y transportadores<\/strong><\/p>\n<\/li>\n<li data-start=\"2945\" data-end=\"3007\">\n<p data-start=\"2947\" data-end=\"3007\"><strong data-start=\"2947\" data-end=\"3005\">Extracci\u00f3n, instalaci\u00f3n y alineaci\u00f3n de precisi\u00f3n de cojinetes<\/strong><\/p>\n<\/li>\n<li data-start=\"3008\" data-end=\"3068\">\n<p data-start=\"3010\" data-end=\"3068\"><strong data-start=\"3010\" data-end=\"3066\">Inspecci\u00f3n, reconstrucci\u00f3n y verificaci\u00f3n de torque de la caja de cambios<\/strong><\/p>\n<\/li>\n<li data-start=\"3069\" data-end=\"3112\">\n<p data-start=\"3071\" data-end=\"3112\"><strong data-start=\"3071\" data-end=\"3110\">Equilibrado din\u00e1mico seg\u00fan tolerancias OEM<\/strong><\/p>\n<\/li>\n<li data-start=\"3113\" data-end=\"3170\">\n<p data-start=\"3115\" data-end=\"3170\"><strong data-start=\"3115\" data-end=\"3168\">Reemplazo de sellos y mejoras en la protecci\u00f3n contra el desgaste<\/strong><\/p>\n<\/li>\n<li data-start=\"3171\" data-end=\"3233\">\n<p data-start=\"3173\" data-end=\"3233\"><strong data-start=\"3173\" data-end=\"3233\">Soporte de arranque y verificaci\u00f3n del rendimiento posterior a la reparaci\u00f3n<\/strong><\/p>\n<\/li>\n<\/ul>\n<p data-start=\"3235\" data-end=\"3643\">Cada servicio de reparaci\u00f3n sigue procedimientos documentados, alineados con las mejores pr\u00e1cticas de la industria y los est\u00e1ndares de equipos originales. Los t\u00e9cnicos investigan las causas subyacentes, como la desalineaci\u00f3n, la falla de la lubricaci\u00f3n o la tensi\u00f3n relacionada con el proceso, en lugar de simplemente abordar s\u00edntomas superficiales. Este enfoque de diagn\u00f3stico integral reduce la repetici\u00f3n de fallas y mejora la confiabilidad a largo plazo de las flotas municipales.<\/p>\n<p data-start=\"3645\" data-end=\"3843\">Para instalaciones con diversas marcas y modelos de centr\u00edfugas, Sentrimax tambi\u00e9n ofrece soporte multimarca. Obtenga m\u00e1s informaci\u00f3n sobre las capacidades completas de servicio en <a class=\"decorated-link cursor-pointer\" target=\"_new\" rel=\"noopener\" data-start=\"3802\" data-end=\"3842\">https:\/\/sentrimax.com\/centrifuge-repair\/<\/a>.<\/p>\n<hr data-start=\"3845\" data-end=\"3848\" \/>\n<h2 data-start=\"3850\" data-end=\"3907\">Servicio de campo y respuesta r\u00e1pida en la regi\u00f3n de Atlanta<\/h2>\n<p data-start=\"3909\" data-end=\"4306\">Las fallas inesperadas de las centr\u00edfugas municipales pueden causar importantes desaf\u00edos operativos. Cuando las plantas de tratamiento sufren aver\u00edas durante los per\u00edodos pico de procesamiento, las instalaciones necesitan un servicio de campo r\u00e1pido y competente. Sentrimax ofrece un servicio de campo eficiente en toda Atlanta y las comunidades circundantes, con t\u00e9cnicos experimentados equipados con herramientas de diagn\u00f3stico y pr\u00e1cticas de seguridad.<\/p>\n<p data-start=\"4308\" data-end=\"4718\">El servicio in situ permite a los equipos de Sentrimax evaluar el rendimiento de los equipos en condiciones reales de funcionamiento, identificar factores contribuyentes que podr\u00edan no ser evidentes en evaluaciones externas e implementar reparaciones eficientemente. Al trabajar en las instalaciones, los t\u00e9cnicos de Sentrimax reducen el tiempo de respuesta, minimizan el tiempo de inactividad y ayudan a las instalaciones a garantizar que las centr\u00edfugas municipales vuelvan a funcionar de forma estable lo antes posible.<\/p>\n<hr data-start=\"4720\" data-end=\"4723\" \/>\n<h2 data-start=\"4725\" data-end=\"4773\">Calidad de reparaci\u00f3n mediante piezas de alto rendimiento<\/h2>\n<p data-start=\"4775\" data-end=\"5164\">La reparaci\u00f3n eficaz de centr\u00edfugas depende de los componentes utilizados. Sentrimax suministra repuestos de calidad OEM y equivalentes para centr\u00edfugas municipales Flottweg, incluyendo rodamientos, sellos, revestimientos antidesgaste, elementos de espiral, conjuntos de engranajes y fijaciones. Las piezas se inspeccionan para comprobar su precisi\u00f3n dimensional e integridad del material antes de su instalaci\u00f3n, lo que garantiza su compatibilidad y estabilidad de rendimiento.<\/p>\n<p data-start=\"5166\" data-end=\"5587\">Para centr\u00edfugas con desgaste significativo o degradaci\u00f3n por envejecimiento, Sentrimax tambi\u00e9n ofrece servicios integrales de reconstrucci\u00f3n. Las reconstrucciones restauran tolerancias cr\u00edticas, renuevan componentes desgastados y equilibran din\u00e1micamente los elementos rotatorios para mejorar la fiabilidad y un funcionamiento suave. Una centr\u00edfuga Flottweg reconstruida profesionalmente puede ofrecer una mayor vida \u00fatil y una mayor previsibilidad del proceso en comparaci\u00f3n con las reparaciones reactivas repetidas.<\/p>\n<p data-start=\"5589\" data-end=\"5704\">Las instalaciones interesadas en obtener soporte de piezas y opciones de reemplazo pueden explorar <a class=\"decorated-link cursor-pointer\" target=\"_new\" rel=\"noopener\" data-start=\"5664\" data-end=\"5703\">https:\/\/sentrimax.com\/centrifuge-parts\/<\/a>.<\/p>\n<hr data-start=\"5706\" data-end=\"5709\" \/>\n<h2 data-start=\"5711\" data-end=\"5765\">Mantenimiento preventivo para reducir el tiempo de inactividad no planificado<\/h2>\n<p data-start=\"5767\" data-end=\"6085\">En entornos de aguas residuales municipales, el mantenimiento preventivo es un m\u00e9todo eficaz para reducir las fallas imprevistas de los equipos y controlar los costos de mantenimiento. Sentrimax ayuda a las instalaciones de Atlanta a implementar programas de mantenimiento adaptados a sus condiciones operativas, perfiles de s\u00f3lidos, tiempo de funcionamiento y patrones hist\u00f3ricos de desgaste.<\/p>\n<p data-start=\"6087\" data-end=\"6122\">El mantenimiento preventivo puede incluir:<\/p>\n<ul data-start=\"6124\" data-end=\"6420\">\n<li data-start=\"6124\" data-end=\"6184\">\n<p data-start=\"6126\" data-end=\"6184\">Inspecciones mec\u00e1nicas de rutina y evaluaciones de condici\u00f3n<\/p>\n<\/li>\n<li data-start=\"6185\" data-end=\"6228\">\n<p data-start=\"6187\" data-end=\"6228\">An\u00e1lisis de vibraciones y seguimiento de tendencias<\/p>\n<\/li>\n<li data-start=\"6229\" data-end=\"6268\">\n<p data-start=\"6231\" data-end=\"6268\">Muestreo de aceite y controles de lubricaci\u00f3n<\/p>\n<\/li>\n<li data-start=\"6269\" data-end=\"6315\">\n<p data-start=\"6271\" data-end=\"6315\">Medici\u00f3n del desgaste en componentes sometidos a altas tensiones<\/p>\n<\/li>\n<li data-start=\"6316\" data-end=\"6363\">\n<p data-start=\"6318\" data-end=\"6363\">Sustituci\u00f3n programada de sellos y cojinetes<\/p>\n<\/li>\n<li data-start=\"6364\" data-end=\"6420\">\n<p data-start=\"6366\" data-end=\"6420\">Verificaci\u00f3n de alineaci\u00f3n y balanceo din\u00e1mico seg\u00fan sea necesario<\/p>\n<\/li>\n<\/ul>\n<p data-start=\"6422\" data-end=\"6795\">Al planificar las intervenciones de mantenimiento bas\u00e1ndose en datos operativos en lugar de fallos emergentes, las instalaciones pueden programar el servicio durante las paradas programadas, prolongar la vida \u00fatil de los componentes y mejorar el tiempo de actividad. Sentrimax ofrece contratos de servicio estructurados que ofrecen respuesta prioritaria, programas de inspecci\u00f3n consistentes y planificaci\u00f3n de mantenimiento a largo plazo para las centr\u00edfugas municipales.<\/p>\n<hr data-start=\"6797\" data-end=\"6800\" \/>\n<h2 data-start=\"6802\" data-end=\"6860\">Apoyo al cumplimiento ambiental y los objetivos municipales<\/h2>\n<p data-start=\"6862\" data-end=\"7233\">El tratamiento de aguas residuales municipales se rige por las normativas de vertido ambiental y las normas de salud p\u00fablica. El rendimiento fiable de las centr\u00edfugas contribuye a los objetivos de gesti\u00f3n de s\u00f3lidos, reduce los vol\u00famenes de transporte y estabiliza los procesos de deshidrataci\u00f3n. Un equipo que funciona de forma irregular puede aumentar el riesgo regulatorio, incrementar los costes operativos y comprometer la calidad del tratamiento.<\/p>\n<p data-start=\"7235\" data-end=\"7830\">Las pr\u00e1cticas de reparaci\u00f3n y mantenimiento de Sentrimax est\u00e1n dise\u00f1adas para ayudar a las instalaciones municipales a lograr un rendimiento consistente y una conformidad con las normativas. Para un contexto ambiental y regulatorio m\u00e1s amplio, las instalaciones pueden consultar la gu\u00eda de la Agencia de Protecci\u00f3n Ambiental de EE. UU. en <a class=\"decorated-link cursor-pointer\" target=\"_new\" rel=\"noopener\" data-start=\"7511\" data-end=\"7536\">https:\/\/www.epa.gov\/water<\/a>, que proporciona informaci\u00f3n fidedigna sobre las normas de tratamiento de aguas residuales y las expectativas de cumplimiento. Tambi\u00e9n se pueden consultar conocimientos t\u00e9cnicos y las mejores pr\u00e1cticas del sector a trav\u00e9s de la Federaci\u00f3n del Medio Ambiente del Agua en <a class=\"decorated-link\" href=\"https:\/\/www.wef.org\" target=\"_new\" rel=\"noopener\" data-start=\"7752\" data-end=\"7771\">https:\/\/www.wef.org<\/a>, ofreciendo recursos pr\u00e1cticos para operadores e ingenieros.<\/p>\n<hr data-start=\"7832\" data-end=\"7835\" \/>\n<h2 data-start=\"7837\" data-end=\"7889\">Por qu\u00e9 las instalaciones municipales de Atlanta eligen Sentrimax<\/h2>\n<p data-start=\"7891\" data-end=\"8210\">Los operadores municipales de Atlanta eligen a Sentrimax para la reparaci\u00f3n de centr\u00edfugas Flottweg por su experiencia t\u00e9cnica, capacidad de respuesta y enfoque en la calidad de los resultados. Los t\u00e9cnicos de Sentrimax comprenden las complejidades mec\u00e1nicas de las centr\u00edfugas de alta velocidad y las presiones operativas que enfrentan las plantas de aguas residuales municipales.<\/p>\n<p data-start=\"8212\" data-end=\"8592\">La comunicaci\u00f3n clara y la documentaci\u00f3n detallada son el sello distintivo de cada colaboraci\u00f3n. Las instalaciones reciben informes de servicio completos que describen los hallazgos de la inspecci\u00f3n, las acciones correctivas, la sustituci\u00f3n de componentes y las recomendaciones para la planificaci\u00f3n del mantenimiento futuro. Esta informaci\u00f3n permite a los operadores tomar decisiones informadas sobre presupuestos, personal y gesti\u00f3n de activos a largo plazo.<\/p>\n<p data-start=\"8594\" data-end=\"8767\">Para obtener experiencia centrada en aguas residuales, las instalaciones pueden visitar <a class=\"decorated-link cursor-pointer\" target=\"_new\" rel=\"noopener\" data-start=\"8649\" data-end=\"8693\">https:\/\/sentrimax.com\/industries\/wastewater\/<\/a> Explorar capacidades de servicios relacionados adaptadas a las operaciones municipales.<\/p>\n<hr data-start=\"8769\" data-end=\"8772\" \/>\n<h2 data-start=\"8774\" data-end=\"8822\">Soporte integral desde la inspecci\u00f3n hasta la puesta en marcha<\/h2>\n<p data-start=\"8824\" data-end=\"8912\">Las capacidades de servicio de Sentrimax van m\u00e1s all\u00e1 de la reparaci\u00f3n de componentes. Los t\u00e9cnicos tambi\u00e9n ofrecen:<\/p>\n<ul data-start=\"8914\" data-end=\"9128\">\n<li data-start=\"8914\" data-end=\"8959\">\n<p data-start=\"8916\" data-end=\"8959\">Asistencia para el aparejo y el desmontaje de la centr\u00edfuga<\/p>\n<\/li>\n<li data-start=\"8960\" data-end=\"9012\">\n<p data-start=\"8962\" data-end=\"9012\">Alineaci\u00f3n de precisi\u00f3n y verificaci\u00f3n dimensional<\/p>\n<\/li>\n<li data-start=\"9013\" data-end=\"9057\">\n<p data-start=\"9015\" data-end=\"9057\">Soporte de reinstalaci\u00f3n y pruebas de campo<\/p>\n<\/li>\n<li data-start=\"9058\" data-end=\"9091\">\n<p data-start=\"9060\" data-end=\"9091\">Asistencia para la puesta en marcha y puesta a punto<\/p>\n<\/li>\n<li data-start=\"9092\" data-end=\"9128\">\n<p data-start=\"9094\" data-end=\"9128\">Evaluaci\u00f3n del desempe\u00f1o posterior a la reparaci\u00f3n<\/p>\n<\/li>\n<\/ul>\n<p data-start=\"9130\" data-end=\"9492\">Este modelo de servicio integral garantiza que las centr\u00edfugas municipales Flottweg, reparadas o reconstruidas, vuelvan a funcionar de forma segura, sin problemas y de acuerdo con las especificaciones de dise\u00f1o. Al combinar conocimientos de ingenier\u00eda con experiencia pr\u00e1ctica en campo, Sentrimax ayuda a las instalaciones de Atlanta a reducir el tiempo de inactividad, proteger la infraestructura clave y mejorar la fiabilidad a largo plazo.<\/p>\n<hr data-start=\"9494\" data-end=\"9497\" \/>\n<h2 data-start=\"9499\" data-end=\"9547\">Tendencias operativas y mejora continua<\/h2>\n<p data-start=\"9549\" data-end=\"9996\">La mejora continua de la fiabilidad de las centr\u00edfugas requiere estrategias basadas en datos. Sentrimax apoya a las instalaciones de Atlanta en el seguimiento de las tendencias de rendimiento a lo largo del tiempo, como los niveles de vibraci\u00f3n, los perfiles de par, los datos de temperatura y los patrones de desgaste de los componentes. Al incorporar estos datos en la planificaci\u00f3n del mantenimiento, las instalaciones pueden anticipar las necesidades de servicio, ajustar los intervalos de mantenimiento y optimizar el rendimiento de sus centr\u00edfugas municipales.<\/p>\n<p data-start=\"9998\" data-end=\"10190\">Este enfoque proactivo ayuda a reducir el costo total de propiedad y mejorar la previsibilidad operativa de las plantas de tratamiento municipales que dependen de un desempe\u00f1o de separaci\u00f3n confiable d\u00eda tras d\u00eda.<\/p>\n<hr data-start=\"10192\" data-end=\"10195\" \/>\n<h2 data-start=\"10197\" data-end=\"10258\">Solicitar la reparaci\u00f3n de la centr\u00edfuga municipal Flottweg en Atlanta, GA<\/h2>\n<p data-start=\"10260\" data-end=\"10663\">Cuando se necesita la reparaci\u00f3n experta de centr\u00edfugas municipales Flottweg en Atlanta, Georgia, las instalaciones de aguas residuales municipales e industriales conf\u00edan en Sentrimax para obtener un soporte confiable y r\u00e1pido, as\u00ed como excelencia t\u00e9cnica. Ya sea para solucionar fallas urgentes, planificar intervenciones preventivas o realizar reconstrucciones integrales, Sentrimax ofrece soluciones dise\u00f1adas para mantener el rendimiento eficiente y confiable de las centr\u00edfugas.<\/p>\n<p data-start=\"10665\" data-end=\"10719\"><strong data-start=\"10665\" data-end=\"10719\"><a class=\"decorated-link\" href=\"https:\/\/sentrimax.com\/es\/contact\/\" target=\"_new\" rel=\"noopener\" data-start=\"10667\" data-end=\"10717\">\u00a1Solicita una cotizaci\u00f3n!<\/a><\/strong><\/p>","protected":false},"excerpt":{"rendered":"<p>Sentrimax provides professional Flottweg municipal centrifuge repair services for wastewater treatment plants and municipal facilities throughout Atlanta, Georgia. Municipal centrifuges are critical to solids separation and biosolids dewatering, and when they experience mechanical issues or performance degradation, timely and expert support is essential to protect process continuity, regulatory compliance, and operational budgets. With decades of [&hellip;]<\/p>\n","protected":false},"author":3,"featured_media":0,"parent":0,"menu_order":0,"comment_status":"closed","ping_status":"closed","template":"seo-page-template.php","meta":{"_acf_changed":false,"inline_featured_image":false,"footnotes":""},"class_list":["post-2300","page","type-page","status-publish","hentry"],"acf":[],"_links":{"self":[{"href":"https:\/\/sentrimax.com\/es\/wp-json\/wp\/v2\/pages\/2300","targetHints":{"allow":["GET"]}}],"collection":[{"href":"https:\/\/sentrimax.com\/es\/wp-json\/wp\/v2\/pages"}],"about":[{"href":"https:\/\/sentrimax.com\/es\/wp-json\/wp\/v2\/types\/page"}],"author":[{"embeddable":true,"href":"https:\/\/sentrimax.com\/es\/wp-json\/wp\/v2\/users\/3"}],"replies":[{"embeddable":true,"href":"https:\/\/sentrimax.com\/es\/wp-json\/wp\/v2\/comments?post=2300"}],"version-history":[{"count":1,"href":"https:\/\/sentrimax.com\/es\/wp-json\/wp\/v2\/pages\/2300\/revisions"}],"predecessor-version":[{"id":2525,"href":"https:\/\/sentrimax.com\/es\/wp-json\/wp\/v2\/pages\/2300\/revisions\/2525"}],"wp:attachment":[{"href":"https:\/\/sentrimax.com\/es\/wp-json\/wp\/v2\/media?parent=2300"}],"curies":[{"name":"wp","href":"https:\/\/api.w.org\/{rel}","templated":true}]}}