{"id":2301,"date":"2026-01-07T16:40:49","date_gmt":"2026-01-07T16:40:49","guid":{"rendered":"https:\/\/sentrimax.com\/?page_id=2301"},"modified":"2026-04-21T21:15:00","modified_gmt":"2026-04-21T21:15:00","slug":"andritz-centrifuge-repair-services-in-houston-tx","status":"publish","type":"page","link":"https:\/\/sentrimax.com\/es\/andritz-centrifuge-repair-services-in-houston-tx\/","title":{"rendered":"Servicios de reparaci\u00f3n de centr\u00edfugas Andritz en Houston, TX"},"content":{"rendered":"<p data-start=\"311\" data-end=\"884\"><img fetchpriority=\"high\" decoding=\"async\" class=\"aligncenter size-full wp-image-2032\" src=\"https:\/\/sentrimax.com\/wp-content\/uploads\/2025\/07\/imgi_28_blog-image-1024x463-1.jpg\" alt=\"\" width=\"1024\" height=\"463\" srcset=\"https:\/\/sentrimax.com\/wp-content\/uploads\/2025\/07\/imgi_28_blog-image-1024x463-1.jpg 1024w, https:\/\/sentrimax.com\/wp-content\/uploads\/2025\/07\/imgi_28_blog-image-1024x463-1-300x136.jpg 300w, https:\/\/sentrimax.com\/wp-content\/uploads\/2025\/07\/imgi_28_blog-image-1024x463-1-768x347.jpg 768w, https:\/\/sentrimax.com\/wp-content\/uploads\/2025\/07\/imgi_28_blog-image-1024x463-1-18x8.jpg 18w, https:\/\/sentrimax.com\/wp-content\/uploads\/2025\/07\/imgi_28_blog-image-1024x463-1-600x271.jpg 600w\" sizes=\"(max-width: 1024px) 100vw, 1024px\" \/><\/p>\n<p data-start=\"311\" data-end=\"884\">Sentrimax ofrece servicios profesionales de reparaci\u00f3n de centr\u00edfugas Andritz para instalaciones industriales y de aguas residuales en todo el pa\u00eds. <strong data-start=\"430\" data-end=\"448\">Houston, Texas<\/strong>. Con d\u00e9cadas de experiencia en el soporte de equipos de separaci\u00f3n de alta velocidad, <strong data-start=\"521\" data-end=\"534\">Sentrimax<\/strong> Ofrece diagn\u00f3sticos expertos, reparaciones de precisi\u00f3n y soluciones integrales de servicio adaptadas a las exigencias de los entornos operativos m\u00e1s exigentes de Houston. Ya sea para atender aver\u00edas de emergencia, mantenimiento programado o revisiones completas, Sentrimax ayuda a las instalaciones a restaurar el rendimiento, prolongar la vida \u00fatil de los equipos y reducir los costosos tiempos de inactividad.<\/p>\n<p data-start=\"886\" data-end=\"1448\">Las centr\u00edfugas Andritz se utilizan ampliamente en aplicaciones como el tratamiento de aguas residuales, el procesamiento qu\u00edmico, el petr\u00f3leo y el gas, la alimentaci\u00f3n y las bebidas, y la deshidrataci\u00f3n industrial. Estas m\u00e1quinas est\u00e1n dise\u00f1adas para un funcionamiento robusto y continuo, pero incluso las mejores centr\u00edfugas sufren desgaste en rodamientos, sellos, espirales y otros componentes cr\u00edticos al exponerse a s\u00f3lidos abrasivos, velocidades de alimentaci\u00f3n variables y cargas de alto par. Sentrimax aplica estrategias de reparaci\u00f3n y procesos de control de calidad probados en la industria para ayudar a las instalaciones de Houston a mantener un funcionamiento fluido y confiable de las centr\u00edfugas.<\/p>\n<hr data-start=\"1450\" data-end=\"1453\" \/>\n<h2 data-start=\"1455\" data-end=\"1510\">Apoyo a operaciones de centrifugaci\u00f3n cr\u00edticas en Houston<\/h2>\n<p data-start=\"1512\" data-end=\"2039\">Instalaciones industriales y de aguas residuales en todo el <strong data-start=\"1564\" data-end=\"1593\">\u00c1rea metropolitana de Houston<\/strong> Las centr\u00edfugas son activos esenciales en sus procesos. Cuando una centr\u00edfuga comienza a mostrar se\u00f1ales de vibraci\u00f3n, disminuci\u00f3n del rendimiento, ruido anormal o falla mec\u00e1nica, es fundamental brindar un servicio r\u00e1pido y preciso para evitar interrupciones operativas m\u00e1s graves. Sentrimax ofrece un servicio t\u00e9cnico eficiente en la regi\u00f3n de Houston, colaborando con ingenieros de planta y equipos de mantenimiento para evaluar los problemas r\u00e1pidamente e implementar planes de reparaci\u00f3n eficaces.<\/p>\n<p data-start=\"2041\" data-end=\"2312\">Al combinar el servicio de campo con capacidades avanzadas de reparaci\u00f3n en el taller, incluido el equilibrio din\u00e1mico, el mecanizado de precisi\u00f3n y el an\u00e1lisis de causa ra\u00edz, Sentrimax minimiza los plazos de reparaci\u00f3n y al mismo tiempo garantiza que el trabajo se complete seg\u00fan los est\u00e1ndares de calidad que respaldan el rendimiento a largo plazo.<\/p>\n<hr data-start=\"2314\" data-end=\"2317\" \/>\n<h2 data-start=\"2319\" data-end=\"2370\">Servicios integrales de reparaci\u00f3n de centr\u00edfugas Andritz<\/h2>\n<p data-start=\"2372\" data-end=\"2532\">Sentrimax ofrece servicios integrales de reparaci\u00f3n para centr\u00edfugas Andritz, adaptados tanto a las necesidades de mantenimiento reactivo como a las planificadas. Nuestras principales capacidades de reparaci\u00f3n incluyen:<\/p>\n<ul data-start=\"2534\" data-end=\"2998\">\n<li data-start=\"2534\" data-end=\"2601\">\n<p data-start=\"2536\" data-end=\"2601\"><strong data-start=\"2536\" data-end=\"2599\">Inspecciones mec\u00e1nicas detalladas y evaluaciones de rendimiento<\/strong><\/p>\n<\/li>\n<li data-start=\"2602\" data-end=\"2653\">\n<p data-start=\"2604\" data-end=\"2653\"><strong data-start=\"2604\" data-end=\"2651\">Diagn\u00f3stico de fallas y an\u00e1lisis de causa ra\u00edz<\/strong><\/p>\n<\/li>\n<li data-start=\"2654\" data-end=\"2715\">\n<p data-start=\"2656\" data-end=\"2715\"><strong data-start=\"2656\" data-end=\"2713\">Extracci\u00f3n, sustituci\u00f3n y alineaci\u00f3n de precisi\u00f3n de cojinetes<\/strong><\/p>\n<\/li>\n<li data-start=\"2716\" data-end=\"2772\">\n<p data-start=\"2718\" data-end=\"2772\"><strong data-start=\"2718\" data-end=\"2770\">Reparaci\u00f3n o reemplazo de cuencos, espirales y transportadores<\/strong><\/p>\n<\/li>\n<li data-start=\"2773\" data-end=\"2833\">\n<p data-start=\"2775\" data-end=\"2833\"><strong data-start=\"2775\" data-end=\"2831\">Inspecci\u00f3n, reconstrucci\u00f3n y verificaci\u00f3n de torque de la caja de cambios<\/strong><\/p>\n<\/li>\n<li data-start=\"2834\" data-end=\"2877\">\n<p data-start=\"2836\" data-end=\"2877\"><strong data-start=\"2836\" data-end=\"2875\">Equilibrado din\u00e1mico seg\u00fan tolerancias OEM<\/strong><\/p>\n<\/li>\n<li data-start=\"2878\" data-end=\"2935\">\n<p data-start=\"2880\" data-end=\"2935\"><strong data-start=\"2880\" data-end=\"2933\">Reemplazo de sellos y mejoras en la protecci\u00f3n contra el desgaste<\/strong><\/p>\n<\/li>\n<li data-start=\"2936\" data-end=\"2998\">\n<p data-start=\"2938\" data-end=\"2998\"><strong data-start=\"2938\" data-end=\"2998\">Soporte de arranque y verificaci\u00f3n del rendimiento posterior a la reparaci\u00f3n<\/strong><\/p>\n<\/li>\n<\/ul>\n<p data-start=\"3000\" data-end=\"3311\">Cada reparaci\u00f3n se realiza mediante procedimientos documentados que cumplen con las especificaciones del equipo original. Los t\u00e9cnicos se centran no solo en los da\u00f1os visibles, sino tambi\u00e9n en las causas subyacentes, como la desalineaci\u00f3n, la falla de la lubricaci\u00f3n y los patrones de vibraci\u00f3n, para ayudar a prevenir fallas recurrentes y mejorar la confiabilidad de la m\u00e1quina.<\/p>\n<p data-start=\"3313\" data-end=\"3524\">Para operadores con flotas que incluyen varias marcas de centr\u00edfugas, Sentrimax tambi\u00e9n ofrece un amplio servicio de soporte. Obtenga m\u00e1s informaci\u00f3n sobre la capacidad completa de reparaci\u00f3n de centr\u00edfugas en <a class=\"decorated-link cursor-pointer\" target=\"_new\" rel=\"noopener\" data-start=\"3483\" data-end=\"3523\">https:\/\/sentrimax.com\/centrifuge-repair\/<\/a>.<\/p>\n<hr data-start=\"3526\" data-end=\"3529\" \/>\n<h2 data-start=\"3531\" data-end=\"3577\">Servicio de campo y respuesta r\u00e1pida en Houston<\/h2>\n<p data-start=\"3579\" data-end=\"4066\">Las fallas imprevistas de las centr\u00edfugas pueden interrumpir la producci\u00f3n, reducir la eficiencia de separaci\u00f3n y aumentar los costos de mantenimiento. Sentrimax ofrece un servicio de campo eficiente en todo Houston y las comunidades aleda\u00f1as, llevando t\u00e9cnicos experimentados y herramientas especializadas directamente a las instalaciones del cliente. Las evaluaciones in situ permiten a los t\u00e9cnicos evaluar el equipo en su entorno operativo, identificar los factores que contribuyen al proceso e implementar medidas correctivas sin demoras innecesarias en el transporte.<\/p>\n<p data-start=\"4068\" data-end=\"4229\">Los equipos de servicio de campo tambi\u00e9n trabajan junto con el personal de las instalaciones para coordinar las reparaciones con los cronogramas de la planta, reduciendo el impacto en el flujo de trabajo y mejorando la planificaci\u00f3n de las reparaciones.<\/p>\n<hr data-start=\"4231\" data-end=\"4234\" \/>\n<h2 data-start=\"4236\" data-end=\"4275\">Reparaciones de calidad con piezas de calidad OEM<\/h2>\n<p data-start=\"4277\" data-end=\"4701\">La calidad de la reparaci\u00f3n depende en gran medida de los componentes instalados durante el servicio. Sentrimax suministra repuestos de calidad OEM y equivalentes para las centr\u00edfugas Andritz, incluyendo rodamientos, sellos, revestimientos antidesgaste, conjuntos de espirales y componentes de la caja de engranajes. Todas las piezas se inspeccionan para garantizar su precisi\u00f3n dimensional, integridad del material y compatibilidad antes de su instalaci\u00f3n, a fin de garantizar un rendimiento fiable en condiciones de operaci\u00f3n a alta velocidad.<\/p>\n<p data-start=\"4703\" data-end=\"5130\">Para unidades con desgaste considerable o degradaci\u00f3n por el paso del tiempo, Sentrimax ofrece servicios completos de reconstrucci\u00f3n. Las reconstrucciones restauran tolerancias cr\u00edticas, reemplazan conjuntos desgastados y equilibran din\u00e1micamente los elementos rotatorios para mejorar la suavidad de funcionamiento y la longevidad. Una centr\u00edfuga reconstruida profesionalmente puede prolongar significativamente su vida \u00fatil y reducir los costos de reparaci\u00f3n a largo plazo en comparaci\u00f3n con las reparaciones reactivas recurrentes.<\/p>\n<p data-start=\"5132\" data-end=\"5245\">Las instalaciones que buscan soporte de piezas y opciones de componentes pueden obtener m\u00e1s informaci\u00f3n en <a class=\"decorated-link cursor-pointer\" target=\"_new\" rel=\"noopener\" data-start=\"5205\" data-end=\"5244\">https:\/\/sentrimax.com\/centrifuge-parts\/<\/a>.<\/p>\n<hr data-start=\"5247\" data-end=\"5250\" \/>\n<h2 data-start=\"5252\" data-end=\"5296\">Mantenimiento preventivo para maximizar el tiempo de actividad<\/h2>\n<p data-start=\"5298\" data-end=\"5606\">Las reparaciones reactivas son costosas no solo en piezas y mano de obra, sino tambi\u00e9n en p\u00e9rdida de producci\u00f3n e interrupciones operativas. Sentrimax colabora con las instalaciones de Houston para dise\u00f1ar e implementar programas de mantenimiento preventivo que identifican problemas emergentes antes de que se agraven. Los servicios clave de mantenimiento preventivo pueden incluir:<\/p>\n<ul data-start=\"5608\" data-end=\"5931\">\n<li data-start=\"5608\" data-end=\"5668\">\n<p data-start=\"5610\" data-end=\"5668\">Inspecciones mec\u00e1nicas de rutina y evaluaciones de condici\u00f3n<\/p>\n<\/li>\n<li data-start=\"5669\" data-end=\"5712\">\n<p data-start=\"5671\" data-end=\"5712\">An\u00e1lisis de vibraciones y seguimiento de tendencias<\/p>\n<\/li>\n<li data-start=\"5713\" data-end=\"5764\">\n<p data-start=\"5715\" data-end=\"5764\">Muestreo de aceite y seguimiento del estado de lubricaci\u00f3n<\/p>\n<\/li>\n<li data-start=\"5765\" data-end=\"5835\">\n<p data-start=\"5767\" data-end=\"5835\">Medici\u00f3n del desgaste en cojinetes, sellos y otros componentes giratorios<\/p>\n<\/li>\n<li data-start=\"5836\" data-end=\"5880\">\n<p data-start=\"5838\" data-end=\"5880\">Reemplazo programado de piezas de alto desgaste<\/p>\n<\/li>\n<li data-start=\"5881\" data-end=\"5931\">\n<p data-start=\"5883\" data-end=\"5931\">Comprobaciones de alineaci\u00f3n y equilibrado din\u00e1mico seg\u00fan sea necesario<\/p>\n<\/li>\n<\/ul>\n<p data-start=\"5933\" data-end=\"6258\">Al planificar el mantenimiento en funci\u00f3n de las tendencias operativas en lugar de las fallas, las instalaciones pueden mejorar el tiempo de actividad, estabilizar el rendimiento y reducir los costos de mantenimiento reactivo. Sentrimax tambi\u00e9n ofrece acuerdos de servicio que ofrecen respuesta prioritaria, programas de inspecci\u00f3n regulares y un presupuesto predecible para la gesti\u00f3n de activos a largo plazo.<\/p>\n<hr data-start=\"6260\" data-end=\"6263\" \/>\n<h2 data-start=\"6265\" data-end=\"6313\">Apoyo a los objetivos ambientales y regulatorios<\/h2>\n<p data-start=\"6315\" data-end=\"6761\">El rendimiento de las centr\u00edfugas influye directamente en el cumplimiento normativo y los resultados de los procesos, especialmente en aplicaciones de separaci\u00f3n industrial y de aguas residuales. Una separaci\u00f3n ineficaz de s\u00f3lidos puede aumentar los vol\u00famenes de eliminaci\u00f3n, sobrecargar los procesos posteriores y aumentar el riesgo de incumplimiento normativo. Las pr\u00e1cticas de servicio de Sentrimax est\u00e1n dise\u00f1adas para garantizar un rendimiento de los equipos que se ajuste a los requisitos operativos y las expectativas ambientales.<\/p>\n<p data-start=\"6763\" data-end=\"7329\">Para obtener informaci\u00f3n autorizada sobre normas regulatorias y ambientales, los operadores pueden consultar la gu\u00eda de la <strong data-start=\"6878\" data-end=\"6924\">Agencia de Protecci\u00f3n Ambiental de los Estados Unidos (EPA)<\/strong> en <a class=\"decorated-link cursor-pointer\" target=\"_new\" rel=\"noopener\" data-start=\"6928\" data-end=\"6953\">https:\/\/www.epa.gov\/water<\/a>, que proporciona contexto sobre el tratamiento de aguas residuales y los marcos de cumplimiento. Se pueden encontrar recursos adicionales de la industria y est\u00e1ndares de mejores pr\u00e1cticas en <strong data-start=\"7110\" data-end=\"7148\">Federaci\u00f3n del Medio Ambiente del Agua (FEM)<\/strong> en <a class=\"decorated-link\" href=\"https:\/\/www.wef.org\/\" target=\"_new\" rel=\"noopener\" data-start=\"7152\" data-end=\"7172\">https:\/\/www.wef.org\/<\/a>, que ofrece informaci\u00f3n t\u00e9cnica valiosa sobre las estrategias de tratamiento y las expectativas de rendimiento que afectan el uso de centr\u00edfugas en contextos municipales e industriales.<\/p>\n<hr data-start=\"7331\" data-end=\"7334\" \/>\n<h2 data-start=\"7336\" data-end=\"7378\">Por qu\u00e9 las instalaciones de Houston eligen Sentrimax<\/h2>\n<p data-start=\"7380\" data-end=\"7707\">Los operadores de Houston eligen a Sentrimax para la reparaci\u00f3n de centr\u00edfugas Andritz por su experiencia t\u00e9cnica, su modelo de servicio eficiente y su compromiso con la calidad. Los t\u00e9cnicos de Sentrimax comprenden las complejidades mec\u00e1nicas de los equipos de separaci\u00f3n de alta velocidad y las presiones operativas que enfrentan las plantas industriales y de aguas residuales.<\/p>\n<p data-start=\"7709\" data-end=\"8031\">La comunicaci\u00f3n clara y la documentaci\u00f3n detallada son el sello distintivo de cada servicio. Las instalaciones reciben informes completos que resumen los hallazgos de la inspecci\u00f3n, las acciones correctivas, los componentes reemplazados y las recomendaciones de mantenimiento, lo que facilita la toma de decisiones informadas sobre la elaboraci\u00f3n de presupuestos y la planificaci\u00f3n del mantenimiento a largo plazo.<\/p>\n<p data-start=\"8033\" data-end=\"8234\">Para obtener experiencia en centr\u00edfugas espec\u00edficas para aguas residuales, visite <a class=\"decorated-link cursor-pointer\" target=\"_new\" rel=\"noopener\" data-start=\"8085\" data-end=\"8129\">https:\/\/sentrimax.com\/industries\/wastewater\/<\/a> Explorar capacidades de servicios relacionados adaptados a las operaciones de manejo de s\u00f3lidos municipales e industriales.<\/p>\n<hr data-start=\"8236\" data-end=\"8239\" \/>\n<h2 data-start=\"8241\" data-end=\"8288\">Soporte integral desde el diagn\u00f3stico hasta la puesta en marcha<\/h2>\n<p data-start=\"8290\" data-end=\"8400\">El modelo de servicio de Sentrimax se extiende m\u00e1s all\u00e1 de la reparaci\u00f3n de componentes para brindar soporte integral para proyectos, que incluye:<\/p>\n<ul data-start=\"8402\" data-end=\"8615\">\n<li data-start=\"8402\" data-end=\"8446\">\n<p data-start=\"8404\" data-end=\"8446\">Asistencia para el aparejo y el retiro de equipos<\/p>\n<\/li>\n<li data-start=\"8447\" data-end=\"8499\">\n<p data-start=\"8449\" data-end=\"8499\">Alineaci\u00f3n de precisi\u00f3n y verificaci\u00f3n dimensional<\/p>\n<\/li>\n<li data-start=\"8500\" data-end=\"8544\">\n<p data-start=\"8502\" data-end=\"8544\">Soporte de reinstalaci\u00f3n y pruebas de campo<\/p>\n<\/li>\n<li data-start=\"8545\" data-end=\"8578\">\n<p data-start=\"8547\" data-end=\"8578\">Asistencia para la puesta en marcha y puesta a punto<\/p>\n<\/li>\n<li data-start=\"8579\" data-end=\"8615\">\n<p data-start=\"8581\" data-end=\"8615\">Evaluaci\u00f3n del desempe\u00f1o posterior a la reparaci\u00f3n<\/p>\n<\/li>\n<\/ul>\n<p data-start=\"8617\" data-end=\"8958\">Este enfoque hol\u00edstico garantiza que las centr\u00edfugas reparadas vuelvan a funcionar de forma segura y fiable, con un rendimiento acorde con las expectativas de dise\u00f1o. Al combinar el conocimiento de ingenier\u00eda con la experiencia pr\u00e1ctica en campo, Sentrimax ayuda a las instalaciones de Houston a reducir el tiempo de inactividad, mejorar la fiabilidad y proteger las inversiones en infraestructura cr\u00edtica.<\/p>\n<hr data-start=\"8960\" data-end=\"8963\" \/>\n<h2 data-start=\"8965\" data-end=\"9015\">Perspectivas operativas y mejora continua<\/h2>\n<p data-start=\"9017\" data-end=\"9437\">La mejora continua del rendimiento de las centr\u00edfugas depende de estrategias de mantenimiento basadas en datos. Sentrimax apoya a los operadores de Houston en la monitorizaci\u00f3n del historial de servicio, las tendencias de rendimiento, los datos de vibraci\u00f3n y los patrones de desgaste de los componentes. Al analizar estos datos a lo largo del tiempo, las instalaciones obtienen informaci\u00f3n sobre las necesidades de servicio, anticipan las reparaciones y ajustan los intervalos de mantenimiento para optimizar la fiabilidad y el coste total de propiedad.<\/p>\n<p data-start=\"9439\" data-end=\"9602\">Este enfoque proactivo basado en datos permite a los operadores planificar el mantenimiento con claridad, reducir las interrupciones no planificadas y mejorar el rendimiento de la centr\u00edfuga a largo plazo.<\/p>\n<hr data-start=\"9604\" data-end=\"9607\" \/>\n<h2 data-start=\"9609\" data-end=\"9668\">Solicite servicios de reparaci\u00f3n de centr\u00edfugas Andritz en Houston, TX<\/h2>\n<p data-start=\"9670\" data-end=\"10040\">Cuando se necesitan servicios expertos de reparaci\u00f3n de centr\u00edfugas Andritz en Houston, Texas, las instalaciones conf\u00edan en Sentrimax por su experiencia confiable, respuesta r\u00e1pida y resultados profesionales. Ya sea para solucionar fallas urgentes, planificar mantenimiento preventivo o realizar reconstrucciones integrales, Sentrimax ofrece soluciones dise\u00f1adas para mantener el rendimiento eficiente y confiable de las centr\u00edfugas.<\/p>\n<p data-start=\"10042\" data-end=\"10096\"><strong data-start=\"10042\" data-end=\"10096\"><a class=\"decorated-link\" href=\"https:\/\/sentrimax.com\/es\/contact\/\" target=\"_new\" rel=\"noopener\" data-start=\"10044\" data-end=\"10094\">\u00a1Solicita una cotizaci\u00f3n!<\/a><\/strong><\/p>","protected":false},"excerpt":{"rendered":"<p>Sentrimax provides professional Andritz centrifuge repair services for industrial and wastewater facilities throughout Houston, Texas. With decades of experience supporting high-speed separation equipment, Sentrimax delivers expert diagnostics, precision repairs, and comprehensive service solutions tailored to the demands of Houston\u2019s most challenging operational environments. Whether addressing emergency breakdowns, scheduled maintenance, or complete overhauls, Sentrimax helps facilities [&hellip;]<\/p>\n","protected":false},"author":3,"featured_media":0,"parent":0,"menu_order":0,"comment_status":"closed","ping_status":"closed","template":"seo-page-template.php","meta":{"_acf_changed":false,"inline_featured_image":false,"footnotes":""},"class_list":["post-2301","page","type-page","status-publish","hentry"],"acf":[],"_links":{"self":[{"href":"https:\/\/sentrimax.com\/es\/wp-json\/wp\/v2\/pages\/2301","targetHints":{"allow":["GET"]}}],"collection":[{"href":"https:\/\/sentrimax.com\/es\/wp-json\/wp\/v2\/pages"}],"about":[{"href":"https:\/\/sentrimax.com\/es\/wp-json\/wp\/v2\/types\/page"}],"author":[{"embeddable":true,"href":"https:\/\/sentrimax.com\/es\/wp-json\/wp\/v2\/users\/3"}],"replies":[{"embeddable":true,"href":"https:\/\/sentrimax.com\/es\/wp-json\/wp\/v2\/comments?post=2301"}],"version-history":[{"count":1,"href":"https:\/\/sentrimax.com\/es\/wp-json\/wp\/v2\/pages\/2301\/revisions"}],"predecessor-version":[{"id":2524,"href":"https:\/\/sentrimax.com\/es\/wp-json\/wp\/v2\/pages\/2301\/revisions\/2524"}],"wp:attachment":[{"href":"https:\/\/sentrimax.com\/es\/wp-json\/wp\/v2\/media?parent=2301"}],"curies":[{"name":"wp","href":"https:\/\/api.w.org\/{rel}","templated":true}]}}