{"id":2302,"date":"2026-01-07T16:42:21","date_gmt":"2026-01-07T16:42:21","guid":{"rendered":"https:\/\/sentrimax.com\/?page_id=2302"},"modified":"2026-04-21T21:14:59","modified_gmt":"2026-04-21T21:14:59","slug":"andritz-decanter-centrifuge-service-in-chicago-il","status":"publish","type":"page","link":"https:\/\/sentrimax.com\/es\/andritz-decanter-centrifuge-service-in-chicago-il\/","title":{"rendered":"Servicio de centr\u00edfuga decantadora Andritz en Chicago IL"},"content":{"rendered":"<p data-start=\"294\" data-end=\"878\"><img fetchpriority=\"high\" decoding=\"async\" class=\"aligncenter size-full wp-image-2026\" src=\"https:\/\/sentrimax.com\/wp-content\/uploads\/2025\/07\/imgi_4_c1a73b_67d9bd780e544ea3924fdef1b967ae4fmv2-1.webp\" alt=\"\" width=\"980\" height=\"551\" srcset=\"https:\/\/sentrimax.com\/wp-content\/uploads\/2025\/07\/imgi_4_c1a73b_67d9bd780e544ea3924fdef1b967ae4fmv2-1.webp 980w, https:\/\/sentrimax.com\/wp-content\/uploads\/2025\/07\/imgi_4_c1a73b_67d9bd780e544ea3924fdef1b967ae4fmv2-1-300x169.webp 300w, https:\/\/sentrimax.com\/wp-content\/uploads\/2025\/07\/imgi_4_c1a73b_67d9bd780e544ea3924fdef1b967ae4fmv2-1-768x432.webp 768w, https:\/\/sentrimax.com\/wp-content\/uploads\/2025\/07\/imgi_4_c1a73b_67d9bd780e544ea3924fdef1b967ae4fmv2-1-18x10.webp 18w, https:\/\/sentrimax.com\/wp-content\/uploads\/2025\/07\/imgi_4_c1a73b_67d9bd780e544ea3924fdef1b967ae4fmv2-1-600x337.webp 600w\" sizes=\"(max-width: 980px) 100vw, 980px\" \/><\/p>\n<p data-start=\"294\" data-end=\"878\">Sentrimax ofrece un servicio profesional de centr\u00edfugas decantadoras Andritz para plantas de tratamiento de aguas residuales e instalaciones industriales en todo el pa\u00eds. <strong data-start=\"431\" data-end=\"452\">Chicago, Illinois<\/strong>. Con d\u00e9cadas de experiencia en el servicio de equipos de separaci\u00f3n de alta velocidad, <strong data-start=\"524\" data-end=\"537\">Sentrimax<\/strong> Ofrece soluciones expertas de inspecci\u00f3n, mantenimiento preventivo, reparaci\u00f3n de precisi\u00f3n y reconstrucci\u00f3n, dise\u00f1adas para garantizar un funcionamiento confiable en condiciones exigentes. Las centr\u00edfugas decantadoras Andritz son esenciales para la separaci\u00f3n de s\u00f3lidos y l\u00edquidos, y un mantenimiento adecuado garantiza la longevidad del equipo, la estabilidad del rendimiento y minimiza las paradas no planificadas.<\/p>\n<p data-start=\"880\" data-end=\"1457\">Las centr\u00edfugas decantadoras Andritz se utilizan en una amplia gama de aplicaciones, como la deshidrataci\u00f3n de aguas residuales municipales, la separaci\u00f3n de procesos industriales, la fabricaci\u00f3n de productos qu\u00edmicos, la producci\u00f3n de alimentos y bebidas, y el tratamiento de efluentes. Estas m\u00e1quinas est\u00e1n dise\u00f1adas para un uso robusto y continuo; sin embargo, el desgaste normal causado por s\u00f3lidos abrasivos, condiciones de alimentaci\u00f3n variables y cargas de alto par hace que un mantenimiento profesional sea esencial para un rendimiento sostenido. Sentrimax aplica metodolog\u00edas de servicio probadas que restauran el rendimiento, prolongan la vida \u00fatil y ayudan a las instalaciones de Chicago a evitar costosas interrupciones del servicio.<\/p>\n<hr data-start=\"1459\" data-end=\"1462\" \/>\n<h2 data-start=\"1464\" data-end=\"1512\">Apoyo a operaciones cr\u00edticas en Chicago<\/h2>\n<p data-start=\"1514\" data-end=\"1900\">Instalaciones en todo el <strong data-start=\"1540\" data-end=\"1569\">\u00c1rea metropolitana de Chicago<\/strong> Conf\u00ede en las centr\u00edfugas decantadoras para alcanzar sus objetivos de rendimiento, mantener una eficiencia de separaci\u00f3n constante y cumplir con las normativas. Cuando una centr\u00edfuga decantadora Andritz presenta se\u00f1ales de vibraci\u00f3n, menor sequedad de la torta, fallas en el sello u otros problemas mec\u00e1nicos, es esencial un servicio r\u00e1pido y eficaz para evitar interrupciones en el proceso.<\/p>\n<p data-start=\"1902\" data-end=\"2221\">Sentrimax ofrece un servicio de respuesta inmediata para Chicago y las comunidades cercanas, combinando el servicio de campo in situ con capacidades avanzadas en el taller. Este enfoque integrado reduce el tiempo de inactividad, mejora el tiempo de respuesta y garantiza que las reparaciones y el mantenimiento se realicen con los m\u00e1s altos est\u00e1ndares de seguridad y fiabilidad.<\/p>\n<p data-start=\"2223\" data-end=\"2332\">Para servicios de reparaci\u00f3n de centr\u00edfugas m\u00e1s amplios en todas las marcas de equipos, consulte <a class=\"decorated-link cursor-pointer\" target=\"_new\" rel=\"noopener\" data-start=\"2291\" data-end=\"2331\">https:\/\/sentrimax.com\/centrifuge-repair\/<\/a>.<\/p>\n<hr data-start=\"2334\" data-end=\"2337\" \/>\n<h2 data-start=\"2339\" data-end=\"2392\">Servicios integrales de centr\u00edfugas decantadoras Andritz<\/h2>\n<p data-start=\"2394\" data-end=\"2555\">Sentrimax ofrece un servicio completo de centr\u00edfugas decantadoras, adaptado a las necesidades de las instalaciones industriales y de aguas residuales de Chicago. Nuestros principales servicios incluyen:<\/p>\n<ul data-start=\"2557\" data-end=\"3018\">\n<li data-start=\"2557\" data-end=\"2620\">\n<p data-start=\"2559\" data-end=\"2620\"><strong data-start=\"2559\" data-end=\"2618\">Inspecci\u00f3n mec\u00e1nica y evaluaci\u00f3n detallada del estado<\/strong><\/p>\n<\/li>\n<li data-start=\"2621\" data-end=\"2672\">\n<p data-start=\"2623\" data-end=\"2672\"><strong data-start=\"2623\" data-end=\"2670\">Diagn\u00f3stico y an\u00e1lisis de fallas de causa ra\u00edz<\/strong><\/p>\n<\/li>\n<li data-start=\"2673\" data-end=\"2729\">\n<p data-start=\"2675\" data-end=\"2729\"><strong data-start=\"2675\" data-end=\"2727\">Reparaci\u00f3n o reemplazo de cuencos, espirales y transportadores<\/strong><\/p>\n<\/li>\n<li data-start=\"2730\" data-end=\"2792\">\n<p data-start=\"2732\" data-end=\"2792\"><strong data-start=\"2732\" data-end=\"2790\">Extracci\u00f3n, instalaci\u00f3n y alineaci\u00f3n de precisi\u00f3n de cojinetes<\/strong><\/p>\n<\/li>\n<li data-start=\"2793\" data-end=\"2853\">\n<p data-start=\"2795\" data-end=\"2853\"><strong data-start=\"2795\" data-end=\"2851\">Inspecci\u00f3n, reconstrucci\u00f3n y verificaci\u00f3n de torque de la caja de cambios<\/strong><\/p>\n<\/li>\n<li data-start=\"2854\" data-end=\"2897\">\n<p data-start=\"2856\" data-end=\"2897\"><strong data-start=\"2856\" data-end=\"2895\">Equilibrado din\u00e1mico seg\u00fan tolerancias OEM<\/strong><\/p>\n<\/li>\n<li data-start=\"2898\" data-end=\"2951\">\n<p data-start=\"2900\" data-end=\"2951\"><strong data-start=\"2900\" data-end=\"2949\">Reemplazo de sellos y mejoras en la protecci\u00f3n contra el desgaste<\/strong><\/p>\n<\/li>\n<li data-start=\"2952\" data-end=\"3018\">\n<p data-start=\"2954\" data-end=\"3018\"><strong data-start=\"2954\" data-end=\"3018\">Asistencia en la puesta en marcha y verificaci\u00f3n del rendimiento posterior al servicio<\/strong><\/p>\n<\/li>\n<\/ul>\n<p data-start=\"3020\" data-end=\"3438\">Cada servicio se ejecuta mediante procedimientos documentados que se ajustan a las especificaciones del equipo original y las mejores pr\u00e1cticas de la industria. En lugar de centrarse \u00fanicamente en los problemas visibles, los t\u00e9cnicos eval\u00faan los sistemas mec\u00e1nicos completos para identificar las causas subyacentes, como la desalineaci\u00f3n, la falla de la lubricaci\u00f3n y la tensi\u00f3n relacionada con el proceso. Este enfoque integral ayuda a reducir las fallas repetidas y a mejorar la confiabilidad a largo plazo.<\/p>\n<hr data-start=\"3440\" data-end=\"3443\" \/>\n<h2 data-start=\"3445\" data-end=\"3492\">Servicio de campo y respuesta r\u00e1pida en Illinois<\/h2>\n<p data-start=\"3494\" data-end=\"3948\">Las fallas inesperadas de las centr\u00edfugas decantadoras pueden interrumpir los programas de tratamiento de aguas residuales y los procesos industriales. Sentrimax ofrece un servicio de campo eficiente en toda la regi\u00f3n de Chicago, llevando t\u00e9cnicos experimentados y herramientas especializadas directamente a las instalaciones del cliente. El servicio in situ permite a los t\u00e9cnicos evaluar el equipo en condiciones reales de funcionamiento, identificar las influencias del proceso en el desgaste y el rendimiento, e implementar medidas correctivas de manera eficiente.<\/p>\n<p data-start=\"3950\" data-end=\"4121\">Al brindar evaluaci\u00f3n y reparaci\u00f3n en campo, Sentrimax minimiza la necesidad de transporte costoso de equipos, acorta el tiempo de inactividad general y ayuda a que las instalaciones cumplan con los cronogramas.<\/p>\n<hr data-start=\"4123\" data-end=\"4126\" \/>\n<h2 data-start=\"4128\" data-end=\"4167\">Reparaciones de precisi\u00f3n con piezas de calidad<\/h2>\n<p data-start=\"4169\" data-end=\"4607\">Los componentes de alta calidad son esenciales para el mantenimiento eficaz de las centr\u00edfugas decantadoras. Sentrimax suministra repuestos de calidad OEM y equivalentes para las centr\u00edfugas decantadoras Andritz, incluyendo rodamientos, sellos, revestimientos antidesgaste, conjuntos de espirales y componentes de la caja de engranajes. Todas las piezas se inspeccionan para garantizar su precisi\u00f3n dimensional, integridad del material y compatibilidad antes de su instalaci\u00f3n, a fin de garantizar un rendimiento fiable en condiciones de operaci\u00f3n a alta velocidad.<\/p>\n<p data-start=\"4609\" data-end=\"5013\">Para decantadores con desgaste avanzado o degradaci\u00f3n por el paso del tiempo, Sentrimax tambi\u00e9n ofrece servicios completos de reconstrucci\u00f3n. Las reconstrucciones restauran tolerancias cr\u00edticas y reemplazan conjuntos desgastados, mejorando el equilibrio mec\u00e1nico y prolongando la vida \u00fatil del equipo. Una centr\u00edfuga decantadora reconstruida profesionalmente puede ofrecer mejoras significativas en el rendimiento y intervalos de servicio m\u00e1s largos en comparaci\u00f3n con las reparaciones reactivas repetidas.<\/p>\n<p data-start=\"5015\" data-end=\"5134\">Las instalaciones interesadas en soporte de piezas y opciones de componentes pueden obtener m\u00e1s informaci\u00f3n en <a class=\"decorated-link cursor-pointer\" target=\"_new\" rel=\"noopener\" data-start=\"5094\" data-end=\"5133\">https:\/\/sentrimax.com\/centrifuge-parts\/<\/a>.<\/p>\n<hr data-start=\"5136\" data-end=\"5139\" \/>\n<h2 data-start=\"5141\" data-end=\"5192\">Mantenimiento preventivo para un rendimiento a largo plazo<\/h2>\n<p data-start=\"5194\" data-end=\"5529\">Adem\u00e1s de los servicios de reparaci\u00f3n reactiva, Sentrimax colabora con las instalaciones de Chicago para implementar programas de mantenimiento preventivo dise\u00f1ados para identificar tempranamente el desgaste y los problemas emergentes. Las pr\u00e1cticas eficaces de mantenimiento preventivo ayudan a limitar las paradas imprevistas y a estabilizar el rendimiento de las centr\u00edfugas. Los componentes clave de los programas de mantenimiento pueden incluir:<\/p>\n<ul data-start=\"5531\" data-end=\"5817\">\n<li data-start=\"5531\" data-end=\"5575\">\n<p data-start=\"5533\" data-end=\"5575\">Evaluaciones rutinarias del estado mec\u00e1nico<\/p>\n<\/li>\n<li data-start=\"5576\" data-end=\"5619\">\n<p data-start=\"5578\" data-end=\"5619\">An\u00e1lisis de vibraciones y seguimiento de tendencias<\/p>\n<\/li>\n<li data-start=\"5620\" data-end=\"5671\">\n<p data-start=\"5622\" data-end=\"5671\">Muestreo de aceite y seguimiento del estado de lubricaci\u00f3n<\/p>\n<\/li>\n<li data-start=\"5672\" data-end=\"5720\">\n<p data-start=\"5674\" data-end=\"5720\">Medici\u00f3n del desgaste y seguimiento de la vida \u00fatil de los componentes<\/p>\n<\/li>\n<li data-start=\"5721\" data-end=\"5765\">\n<p data-start=\"5723\" data-end=\"5765\">Reemplazo programado de piezas de alto desgaste<\/p>\n<\/li>\n<li data-start=\"5766\" data-end=\"5817\">\n<p data-start=\"5768\" data-end=\"5817\">Comprobaciones de alineaci\u00f3n y verificaci\u00f3n del equilibrio din\u00e1mico<\/p>\n<\/li>\n<\/ul>\n<p data-start=\"5819\" data-end=\"6138\">Al planificar las intervenciones de mantenimiento en funci\u00f3n de los datos operativos en lugar de las fallas, las instalaciones pueden mejorar el tiempo de actividad, estabilizar el rendimiento y optimizar los presupuestos de mantenimiento mediante una planificaci\u00f3n predecible. Sentrimax tambi\u00e9n ofrece acuerdos de servicio que brindan cobertura constante y respuesta prioritaria para soporte a largo plazo.<\/p>\n<hr data-start=\"6140\" data-end=\"6143\" \/>\n<h2 data-start=\"6145\" data-end=\"6191\">Apoyo al cumplimiento y los objetivos operativos<\/h2>\n<p data-start=\"6193\" data-end=\"6569\">El rendimiento estable de la centr\u00edfuga contribuye al cumplimiento normativo, la eficiencia en el manejo de s\u00f3lidos y la estabilidad del proceso. El rendimiento de la centr\u00edfuga decantadora puede afectar el volumen de transporte, la eficiencia del tratamiento posterior y el riesgo regulatorio. Las pr\u00e1cticas de servicio de Sentrimax est\u00e1n dise\u00f1adas para ayudar a las instalaciones a lograr un funcionamiento consistente que respalde los objetivos del proceso y las expectativas regulatorias.<\/p>\n<p data-start=\"6571\" data-end=\"7061\">Para obtener una gu\u00eda regulatoria m\u00e1s amplia relacionada con las aguas residuales y los procesos de separaci\u00f3n industrial, los operadores pueden consultar los recursos de <strong data-start=\"6705\" data-end=\"6751\">Agencia de Protecci\u00f3n Ambiental de los Estados Unidos (EPA)<\/strong> en <a class=\"decorated-link cursor-pointer\" target=\"_new\" rel=\"noopener\" data-start=\"6755\" data-end=\"6780\">https:\/\/www.epa.gov\/water<\/a>, que proporciona contexto sobre las normas de tratamiento de aguas residuales y los marcos de cumplimiento. Se puede acceder a informaci\u00f3n adicional del sector y a las mejores pr\u00e1cticas a trav\u00e9s de <strong data-start=\"6939\" data-end=\"6977\">Federaci\u00f3n del Medio Ambiente del Agua (FEM)<\/strong> en <a class=\"decorated-link\" href=\"https:\/\/www.wef.org\/\" target=\"_new\" rel=\"noopener\" data-start=\"6981\" data-end=\"7001\">https:\/\/www.wef.org\/<\/a>, ofreciendo recursos pr\u00e1cticos para profesionales de aguas residuales.<\/p>\n<hr data-start=\"7063\" data-end=\"7066\" \/>\n<h2 data-start=\"7068\" data-end=\"7110\">Por qu\u00e9 las instalaciones de Chicago eligen Sentrimax<\/h2>\n<p data-start=\"7112\" data-end=\"7462\">Operadores de toda la regi\u00f3n de Chicago eligen a Sentrimax para el servicio de centr\u00edfugas decantadoras Andritz por su experiencia t\u00e9cnica, capacidad de respuesta y enfoque en la calidad de los resultados. Los t\u00e9cnicos de Sentrimax comprenden la complejidad mec\u00e1nica de los equipos de separaci\u00f3n de alta velocidad y las presiones operativas que enfrentan las instalaciones industriales y de aguas residuales.<\/p>\n<p data-start=\"7464\" data-end=\"7850\">En cada intervenci\u00f3n de servicio, Sentrimax prioriza la comunicaci\u00f3n clara y la documentaci\u00f3n exhaustiva. Las instalaciones reciben informes de servicio detallados que describen los hallazgos del diagn\u00f3stico, las medidas correctivas adoptadas, los reemplazos de componentes y las recomendaciones para la planificaci\u00f3n del mantenimiento futuro. Esta informaci\u00f3n permite a los equipos de operaciones tomar decisiones informadas que contribuyen a la fiabilidad a largo plazo.<\/p>\n<p data-start=\"7852\" data-end=\"7959\">Para obtener experiencia espec\u00edfica sobre aguas residuales y servicios relacionados, visite <a class=\"decorated-link cursor-pointer\" target=\"_new\" rel=\"noopener\" data-start=\"7914\" data-end=\"7958\">https:\/\/sentrimax.com\/industries\/wastewater\/<\/a>.<\/p>\n<hr data-start=\"7961\" data-end=\"7964\" \/>\n<h2 data-start=\"7966\" data-end=\"8014\">Soporte integral desde la inspecci\u00f3n hasta la puesta en marcha<\/h2>\n<p data-start=\"8016\" data-end=\"8130\">Sentrimax ofrece soporte integral que va m\u00e1s all\u00e1 de la reparaci\u00f3n de componentes. Los t\u00e9cnicos de campo tambi\u00e9n ayudan con:<\/p>\n<ul data-start=\"8132\" data-end=\"8335\">\n<li data-start=\"8132\" data-end=\"8165\">\n<p data-start=\"8134\" data-end=\"8165\">Retirada de aparejos y equipos<\/p>\n<\/li>\n<li data-start=\"8166\" data-end=\"8218\">\n<p data-start=\"8168\" data-end=\"8218\">Alineaci\u00f3n de precisi\u00f3n y verificaci\u00f3n dimensional<\/p>\n<\/li>\n<li data-start=\"8219\" data-end=\"8266\">\n<p data-start=\"8221\" data-end=\"8266\">Asistencia para la reinstalaci\u00f3n y pruebas de campo<\/p>\n<\/li>\n<li data-start=\"8267\" data-end=\"8297\">\n<p data-start=\"8269\" data-end=\"8297\">Soporte y puesta a punto de la startup<\/p>\n<\/li>\n<li data-start=\"8298\" data-end=\"8335\">\n<p data-start=\"8300\" data-end=\"8335\">Evaluaci\u00f3n del desempe\u00f1o posterior al servicio<\/p>\n<\/li>\n<\/ul>\n<p data-start=\"8337\" data-end=\"8674\">Este enfoque hol\u00edstico garantiza que las centr\u00edfugas decantadoras reparadas o reconstruidas vuelvan a funcionar de forma segura, sin problemas y de acuerdo con las especificaciones de dise\u00f1o. Al combinar conocimientos de ingenier\u00eda con experiencia pr\u00e1ctica en campo, Sentrimax ayuda a las instalaciones de Chicago a reducir el tiempo de inactividad, mejorar la confiabilidad y proteger los activos cr\u00edticos.<\/p>\n<hr data-start=\"8676\" data-end=\"8679\" \/>\n<h2 data-start=\"8681\" data-end=\"8741\">Solicite el servicio de centr\u00edfuga decanter Andritz en Chicago IL<\/h2>\n<p data-start=\"8743\" data-end=\"9071\">Cuando se necesita un servicio confiable para centr\u00edfugas decantadoras Andritz en Chicago, Illinois, las instalaciones conf\u00edan en Sentrimax para obtener soporte confiable y soluciones expertas. Ya sea para solucionar fallas urgentes, planificar servicios preventivos o reconstrucciones completas, Sentrimax ofrece resultados dise\u00f1ados para mantener su equipo de separaci\u00f3n funcionando al m\u00e1ximo rendimiento.<\/p>\n<p data-start=\"9073\" data-end=\"9127\"><strong data-start=\"9073\" data-end=\"9127\"><a class=\"decorated-link\" href=\"https:\/\/sentrimax.com\/es\/contact\/\" target=\"_new\" rel=\"noopener\" data-start=\"9075\" data-end=\"9125\">\u00a1Solicita una cotizaci\u00f3n!<\/a><\/strong><\/p>","protected":false},"excerpt":{"rendered":"<p>Sentrimax provides professional Andritz decanter centrifuge service for wastewater treatment plants and industrial facilities throughout Chicago, Illinois. With decades of experience servicing high-speed separation equipment, Sentrimax delivers expert inspection, preventive maintenance, precision repair, and rebuild solutions designed to support reliable operation under demanding conditions. Andritz decanter centrifuges are essential assets in solids-liquid separation, and proper [&hellip;]<\/p>\n","protected":false},"author":3,"featured_media":0,"parent":0,"menu_order":0,"comment_status":"closed","ping_status":"closed","template":"seo-page-template.php","meta":{"_acf_changed":false,"inline_featured_image":false,"footnotes":""},"class_list":["post-2302","page","type-page","status-publish","hentry"],"acf":[],"_links":{"self":[{"href":"https:\/\/sentrimax.com\/es\/wp-json\/wp\/v2\/pages\/2302","targetHints":{"allow":["GET"]}}],"collection":[{"href":"https:\/\/sentrimax.com\/es\/wp-json\/wp\/v2\/pages"}],"about":[{"href":"https:\/\/sentrimax.com\/es\/wp-json\/wp\/v2\/types\/page"}],"author":[{"embeddable":true,"href":"https:\/\/sentrimax.com\/es\/wp-json\/wp\/v2\/users\/3"}],"replies":[{"embeddable":true,"href":"https:\/\/sentrimax.com\/es\/wp-json\/wp\/v2\/comments?post=2302"}],"version-history":[{"count":1,"href":"https:\/\/sentrimax.com\/es\/wp-json\/wp\/v2\/pages\/2302\/revisions"}],"predecessor-version":[{"id":2523,"href":"https:\/\/sentrimax.com\/es\/wp-json\/wp\/v2\/pages\/2302\/revisions\/2523"}],"wp:attachment":[{"href":"https:\/\/sentrimax.com\/es\/wp-json\/wp\/v2\/media?parent=2302"}],"curies":[{"name":"wp","href":"https:\/\/api.w.org\/{rel}","templated":true}]}}