{"id":2304,"date":"2026-01-07T16:45:41","date_gmt":"2026-01-07T16:45:41","guid":{"rendered":"https:\/\/sentrimax.com\/?page_id=2304"},"modified":"2026-04-21T21:14:27","modified_gmt":"2026-04-21T21:14:27","slug":"bird-centrifuge-repair-in-los-angeles-ca","status":"publish","type":"page","link":"https:\/\/sentrimax.com\/es\/bird-centrifuge-repair-in-los-angeles-ca\/","title":{"rendered":"Reparaci\u00f3n de centr\u00edfugas Bird en Los \u00c1ngeles, CA"},"content":{"rendered":"<p data-start=\"298\" data-end=\"892\"><img fetchpriority=\"high\" decoding=\"async\" class=\"aligncenter size-full wp-image-1614\" src=\"https:\/\/sentrimax.com\/wp-content\/uploads\/2025\/07\/Manufacturing-1.png\" alt=\"\" width=\"1536\" height=\"1024\" srcset=\"https:\/\/sentrimax.com\/wp-content\/uploads\/2025\/07\/Manufacturing-1.png 1536w, https:\/\/sentrimax.com\/wp-content\/uploads\/2025\/07\/Manufacturing-1-300x200.png 300w, https:\/\/sentrimax.com\/wp-content\/uploads\/2025\/07\/Manufacturing-1-1024x683.png 1024w, https:\/\/sentrimax.com\/wp-content\/uploads\/2025\/07\/Manufacturing-1-768x512.png 768w, https:\/\/sentrimax.com\/wp-content\/uploads\/2025\/07\/Manufacturing-1-600x400.png 600w\" sizes=\"(max-width: 1536px) 100vw, 1536px\" \/><\/p>\n<p data-start=\"298\" data-end=\"892\">Sentrimax ofrece servicios profesionales de reparaci\u00f3n de centr\u00edfugas Bird para instalaciones de aguas residuales municipales, procesadores industriales y operaciones de fabricaci\u00f3n en todo el pa\u00eds. <strong data-start=\"462\" data-end=\"489\">Los \u00c1ngeles, California<\/strong>. Las centr\u00edfugas Bird, conocidas por su dise\u00f1o robusto y rendimiento confiable, desempe\u00f1an un papel fundamental en la separaci\u00f3n de s\u00f3lidos y l\u00edquidos, la deshidrataci\u00f3n de bios\u00f3lidos y la optimizaci\u00f3n de procesos. Cuando estas m\u00e1quinas presentan problemas mec\u00e1nicos, degradaci\u00f3n por desgaste o disminuci\u00f3n del rendimiento, el servicio oportuno y la reparaci\u00f3n profesional son esenciales para minimizar el tiempo de inactividad, mantener el cumplimiento normativo y proteger la productividad operativa.<\/p>\n<p data-start=\"894\" data-end=\"1338\">Con d\u00e9cadas de experiencia combinada en el servicio de una amplia gama de tecnolog\u00edas de centr\u00edfugas, <strong data-start=\"984\" data-end=\"997\">Sentrimax<\/strong> Apoya a los operadores de Los \u00c1ngeles con diagn\u00f3sticos precisos, reparaciones mec\u00e1nicas de precisi\u00f3n y soluciones integrales de servicio adaptadas a las necesidades espec\u00edficas de los sistemas de centr\u00edfugas Bird. Desde la respuesta ante aver\u00edas de emergencia hasta el mantenimiento planificado y las reconstrucciones completas, Sentrimax ayuda a las instalaciones a restaurar el rendimiento de los equipos y prolongar su vida \u00fatil.<\/p>\n<hr data-start=\"1340\" data-end=\"1343\" \/>\n<h2 data-start=\"1345\" data-end=\"1397\">Apoyo a operaciones cr\u00edticas en Los \u00c1ngeles<\/h2>\n<p data-start=\"1399\" data-end=\"1941\">Instalaciones en todo el <strong data-start=\"1425\" data-end=\"1458\">\u00c1rea metropolitana de Los \u00c1ngeles<\/strong> Conf\u00ede en centr\u00edfugas de alto rendimiento para mantener un procesamiento estable de s\u00f3lidos, controlar la calidad de la descarga y dar soporte a los sistemas aguas abajo. Las centr\u00edfugas Bird suelen integrarse en trenes de tratamiento de aguas residuales y procesos de separaci\u00f3n industrial donde la consistencia del rendimiento es fundamental. Cuando aumenta la vibraci\u00f3n, disminuye el rendimiento, fallan los sellos o los rodamientos presentan signos de desgaste, aumenta la posibilidad de paradas imprevistas prolongadas, a menos que las reparaciones sean realizadas por t\u00e9cnicos experimentados.<\/p>\n<p data-start=\"1943\" data-end=\"2436\">Sentrimax ofrece servicio de campo en Los \u00c1ngeles y las comunidades circundantes del sur de California. Tiempos de respuesta r\u00e1pidos y un enfoque en la seguridad permiten que los t\u00e9cnicos lleguen al sitio con las herramientas y la experiencia necesarias para evaluar el estado de la m\u00e1quina, recomendar estrategias de reparaci\u00f3n e iniciar trabajos correctivos con prontitud. Ya sea que su centr\u00edfuga Bird se deshidrate bios\u00f3lidos municipales o se separe s\u00f3lidos industriales, Sentrimax ofrece servicios dise\u00f1ados para proteger la continuidad de sus procesos.<\/p>\n<hr data-start=\"2438\" data-end=\"2441\" \/>\n<h2 data-start=\"2443\" data-end=\"2491\">Servicios integrales de reparaci\u00f3n de centr\u00edfugas Bird<\/h2>\n<p data-start=\"2493\" data-end=\"2664\">Sentrimax ofrece un conjunto completo de servicios de reparaci\u00f3n para centr\u00edfugas Bird, que abordan tanto fallos reactivos como la restauraci\u00f3n proactiva de las m\u00e1quinas. Los principales servicios de reparaci\u00f3n incluyen:<\/p>\n<ul data-start=\"2666\" data-end=\"3120\">\n<li data-start=\"2666\" data-end=\"2720\">\n<p data-start=\"2668\" data-end=\"2720\"><strong data-start=\"2668\" data-end=\"2718\">Inspecci\u00f3n mec\u00e1nica y evaluaci\u00f3n del estado<\/strong><\/p>\n<\/li>\n<li data-start=\"2721\" data-end=\"2772\">\n<p data-start=\"2723\" data-end=\"2772\"><strong data-start=\"2723\" data-end=\"2770\">Diagn\u00f3stico de fallas y an\u00e1lisis de causa ra\u00edz<\/strong><\/p>\n<\/li>\n<li data-start=\"2773\" data-end=\"2834\">\n<p data-start=\"2775\" data-end=\"2834\"><strong data-start=\"2775\" data-end=\"2832\">Extracci\u00f3n, sustituci\u00f3n y alineaci\u00f3n de precisi\u00f3n de cojinetes<\/strong><\/p>\n<\/li>\n<li data-start=\"2835\" data-end=\"2891\">\n<p data-start=\"2837\" data-end=\"2891\"><strong data-start=\"2837\" data-end=\"2889\">Reparaci\u00f3n o reemplazo de cuencos, espirales y transportadores<\/strong><\/p>\n<\/li>\n<li data-start=\"2892\" data-end=\"2947\">\n<p data-start=\"2894\" data-end=\"2947\"><strong data-start=\"2894\" data-end=\"2945\">Evaluaci\u00f3n, reconstrucci\u00f3n y prueba de torque de la caja de cambios<\/strong><\/p>\n<\/li>\n<li data-start=\"2948\" data-end=\"2996\">\n<p data-start=\"2950\" data-end=\"2996\"><strong data-start=\"2950\" data-end=\"2994\">Equilibrado din\u00e1mico seg\u00fan tolerancias originales<\/strong><\/p>\n<\/li>\n<li data-start=\"2997\" data-end=\"3054\">\n<p data-start=\"2999\" data-end=\"3054\"><strong data-start=\"2999\" data-end=\"3052\">Reemplazo de sellos y mejoras en la protecci\u00f3n contra el desgaste<\/strong><\/p>\n<\/li>\n<li data-start=\"3055\" data-end=\"3120\">\n<p data-start=\"3057\" data-end=\"3120\"><strong data-start=\"3057\" data-end=\"3120\">Asistencia en la puesta en marcha y verificaci\u00f3n del rendimiento posterior a la reparaci\u00f3n<\/strong><\/p>\n<\/li>\n<\/ul>\n<p data-start=\"3122\" data-end=\"3528\">Cada reparaci\u00f3n sigue procedimientos documentados, alineados con las pr\u00e1cticas de equipo original. En lugar de centrarse \u00fanicamente en los s\u00edntomas visibles, los t\u00e9cnicos de Sentrimax analizan todo el sistema mec\u00e1nico para identificar causas subyacentes, como desalineaci\u00f3n, lubricaci\u00f3n inadecuada, fatiga de rodamientos o estr\u00e9s relacionado con el proceso. Este m\u00e9todo integral ayuda a reducir las fallas repetidas y mejora la confiabilidad de la m\u00e1quina a largo plazo.<\/p>\n<p data-start=\"3530\" data-end=\"3722\">Para instalaciones con flotas de centr\u00edfugas mixtas, Sentrimax ofrece soporte t\u00e9cnico multimarca. Obtenga m\u00e1s informaci\u00f3n sobre las capacidades integrales de centr\u00edfugas en <a class=\"decorated-link cursor-pointer\" target=\"_new\" rel=\"noopener\" data-start=\"3681\" data-end=\"3721\">https:\/\/sentrimax.com\/centrifuge-repair\/<\/a>.<\/p>\n<hr data-start=\"3724\" data-end=\"3727\" \/>\n<h2 data-start=\"3729\" data-end=\"3778\">Diagn\u00f3stico detallado y evaluaci\u00f3n de la causa ra\u00edz<\/h2>\n<p data-start=\"3780\" data-end=\"4052\">Un diagn\u00f3stico preciso es fundamental para una reparaci\u00f3n exitosa. Las centr\u00edfugas Bird suelen presentar los mismos s\u00edntomas externos (vibraci\u00f3n, ruido, calor) que otros equipos rotatorios de alta velocidad cuando existen problemas subyacentes. Los t\u00e9cnicos de Sentrimax utilizan t\u00e9cnicas de diagn\u00f3stico avanzadas para:<\/p>\n<ul data-start=\"4054\" data-end=\"4294\">\n<li data-start=\"4054\" data-end=\"4098\">\n<p data-start=\"4056\" data-end=\"4098\">Evaluar el estado y la holgura de los cojinetes<\/p>\n<\/li>\n<li data-start=\"4099\" data-end=\"4143\">\n<p data-start=\"4101\" data-end=\"4143\">Evaluar la alineaci\u00f3n y concentricidad del eje<\/p>\n<\/li>\n<li data-start=\"4144\" data-end=\"4190\">\n<p data-start=\"4146\" data-end=\"4190\">Medir las firmas de vibraci\u00f3n y el desequilibrio<\/p>\n<\/li>\n<li data-start=\"4191\" data-end=\"4239\">\n<p data-start=\"4193\" data-end=\"4239\">Inspeccione los sellos para detectar desgaste y potencial de fugas.<\/p>\n<\/li>\n<li data-start=\"4240\" data-end=\"4294\">\n<p data-start=\"4242\" data-end=\"4294\">Analizar la salud de la caja de cambios y la integridad de la transferencia de par<\/p>\n<\/li>\n<\/ul>\n<p data-start=\"4296\" data-end=\"4581\">Al combinar la inspecci\u00f3n visual con herramientas de medici\u00f3n t\u00e9cnica, los t\u00e9cnicos de Sentrimax identifican los factores que contribuyen a la degradaci\u00f3n de la m\u00e1quina y dise\u00f1an estrategias de reparaci\u00f3n personalizadas que abordan tanto los s\u00edntomas como las causas ra\u00edz. Un diagn\u00f3stico preciso ayuda a ahorrar tiempo, reducir los costos de las piezas y mejorar la confiabilidad.<\/p>\n<hr data-start=\"4583\" data-end=\"4586\" \/>\n<h2 data-start=\"4588\" data-end=\"4647\">Servicio de campo y soporte in situ en el sur de California<\/h2>\n<p data-start=\"4649\" data-end=\"4997\">Cuando una centr\u00edfuga Bird falla inesperadamente, minimizar el tiempo de inactividad es crucial. Sentrimax ofrece un servicio de campo eficiente en Los \u00c1ngeles y la regi\u00f3n circundante del sur de California. Los t\u00e9cnicos de campo llegan con herramientas especializadas y procedimientos de seguridad para realizar evaluaciones in situ, estabilizaci\u00f3n temporal y reparaciones en campo seg\u00fan sea necesario.<\/p>\n<p data-start=\"4999\" data-end=\"5051\">El servicio de campo en el sitio ofrece varios beneficios clave:<\/p>\n<ul data-start=\"5053\" data-end=\"5346\">\n<li data-start=\"5053\" data-end=\"5127\">\n<p data-start=\"5055\" data-end=\"5127\">Evaluaci\u00f3n r\u00e1pida del estado mec\u00e1nico en un entorno operativo real<\/p>\n<\/li>\n<li data-start=\"5128\" data-end=\"5202\">\n<p data-start=\"5130\" data-end=\"5202\">Implementaci\u00f3n inmediata de acciones correctivas cuando sea seguro y pr\u00e1ctico<\/p>\n<\/li>\n<li data-start=\"5203\" data-end=\"5260\">\n<p data-start=\"5205\" data-end=\"5260\">Menor necesidad de transportar equipos pesados fuera del sitio<\/p>\n<\/li>\n<li data-start=\"5261\" data-end=\"5346\">\n<p data-start=\"5263\" data-end=\"5346\">Colaboraci\u00f3n con el personal de las instalaciones para coordinar el trabajo con los cronogramas operativos<\/p>\n<\/li>\n<\/ul>\n<p data-start=\"5348\" data-end=\"5556\">Al trabajar dentro del contexto del proceso de la instalaci\u00f3n, los equipos de Sentrimax pueden identificar influencias relacionadas con el proceso (como la variabilidad de la alimentaci\u00f3n o las caracter\u00edsticas de los s\u00f3lidos) que contribuyen a los patrones de desgaste o al estr\u00e9s de la m\u00e1quina.<\/p>\n<hr data-start=\"5558\" data-end=\"5561\" \/>\n<h2 data-start=\"5563\" data-end=\"5607\">Reparaciones de precisi\u00f3n con piezas de alta calidad<\/h2>\n<p data-start=\"5609\" data-end=\"5810\">El \u00e9xito a largo plazo de cualquier reparaci\u00f3n depende de la calidad de las piezas de repuesto y de las pr\u00e1cticas de reparaci\u00f3n. Sentrimax suministra componentes verificados, de calidad OEM y equivalentes para las centr\u00edfugas Bird, entre ellos:<\/p>\n<ul data-start=\"5812\" data-end=\"6046\">\n<li data-start=\"5812\" data-end=\"5847\">\n<p data-start=\"5814\" data-end=\"5847\">Cojinetes y conjuntos de cojinetes<\/p>\n<\/li>\n<li data-start=\"5848\" data-end=\"5882\">\n<p data-start=\"5850\" data-end=\"5882\">Sellos, juntas y anillos de desgaste<\/p>\n<\/li>\n<li data-start=\"5883\" data-end=\"5930\">\n<p data-start=\"5885\" data-end=\"5930\">Scrolls, transportadores y conjuntos rotatorios<\/p>\n<\/li>\n<li data-start=\"5931\" data-end=\"5983\">\n<p data-start=\"5933\" data-end=\"5983\">Piezas de caja de cambios y componentes de transmisi\u00f3n de par<\/p>\n<\/li>\n<li data-start=\"5984\" data-end=\"6046\">\n<p data-start=\"5986\" data-end=\"6046\">Kits de sujetadores y herrajes de servicio dise\u00f1ados para brindar confiabilidad<\/p>\n<\/li>\n<\/ul>\n<p data-start=\"6048\" data-end=\"6274\">Todos los componentes se inspeccionan para garantizar su precisi\u00f3n dimensional, integridad del material y compatibilidad antes de su instalaci\u00f3n. El uso de piezas de alta calidad ayuda a reducir el desgaste prematuro, mejorar el equilibrio y prolongar los intervalos de servicio.<\/p>\n<p data-start=\"6276\" data-end=\"6388\">Las instalaciones interesadas en las opciones de componentes y la disponibilidad pueden explorar <a class=\"decorated-link cursor-pointer\" target=\"_new\" rel=\"noopener\" data-start=\"6348\" data-end=\"6387\">https:\/\/sentrimax.com\/centrifuge-parts\/<\/a>.<\/p>\n<hr data-start=\"6390\" data-end=\"6393\" \/>\n<h2 data-start=\"6395\" data-end=\"6447\">Reconstrucci\u00f3n completa de m\u00e1quinas y restauraci\u00f3n del rendimiento<\/h2>\n<p data-start=\"6449\" data-end=\"6740\">Para centr\u00edfugas con un uso prolongado o con un desgaste avanzado, Sentrimax ofrece servicios completos de reconstrucci\u00f3n. Una reconstrucci\u00f3n profesional puede devolver una centr\u00edfuga Bird a su estado original, reducir la vibraci\u00f3n, mejorar el rendimiento de separaci\u00f3n y mejorar la fiabilidad general.<\/p>\n<p data-start=\"6742\" data-end=\"6777\">Los proyectos de reconstrucci\u00f3n generalmente incluyen:<\/p>\n<ul data-start=\"6779\" data-end=\"7038\">\n<li data-start=\"6779\" data-end=\"6816\">\n<p data-start=\"6781\" data-end=\"6816\">Desmontaje y limpieza completos<\/p>\n<\/li>\n<li data-start=\"6817\" data-end=\"6870\">\n<p data-start=\"6819\" data-end=\"6870\">Inspecci\u00f3n y medici\u00f3n de tolerancias cr\u00edticas<\/p>\n<\/li>\n<li data-start=\"6871\" data-end=\"6905\">\n<p data-start=\"6873\" data-end=\"6905\">Sustituci\u00f3n de componentes desgastados<\/p>\n<\/li>\n<li data-start=\"6906\" data-end=\"6956\">\n<p data-start=\"6908\" data-end=\"6956\">Mecanizado de precisi\u00f3n para restaurar el ajuste y el equilibrio.<\/p>\n<\/li>\n<li data-start=\"6957\" data-end=\"7001\">\n<p data-start=\"6959\" data-end=\"7001\">Equilibrado din\u00e1mico de conjuntos rotatorios<\/p>\n<\/li>\n<li data-start=\"7002\" data-end=\"7038\">\n<p data-start=\"7004\" data-end=\"7038\">Reensamblaje y pruebas de rendimiento<\/p>\n<\/li>\n<\/ul>\n<p data-start=\"7040\" data-end=\"7154\">Las reconstrucciones se planifican en consulta con el personal de las instalaciones para alinearse con los cronogramas de paradas y los objetivos operativos.<\/p>\n<hr data-start=\"7156\" data-end=\"7159\" \/>\n<h2 data-start=\"7161\" data-end=\"7209\">Mantenimiento preventivo para prolongar la vida \u00fatil<\/h2>\n<p data-start=\"7211\" data-end=\"7536\">Las reparaciones reactivas son costosas no solo en piezas y mano de obra, sino tambi\u00e9n en p\u00e9rdida de producci\u00f3n e interrupciones operativas. El mantenimiento preventivo ayuda a las instalaciones a identificar se\u00f1ales tempranas de desgaste y a abordarlas antes de que se conviertan en fallas. Sentrimax colabora con las instalaciones de Los \u00c1ngeles para crear programas de mantenimiento que incluyen:<\/p>\n<ul data-start=\"7538\" data-end=\"7755\">\n<li data-start=\"7538\" data-end=\"7572\">\n<p data-start=\"7540\" data-end=\"7572\">Inspecciones mec\u00e1nicas de rutina<\/p>\n<\/li>\n<li data-start=\"7573\" data-end=\"7601\">\n<p data-start=\"7575\" data-end=\"7601\">An\u00e1lisis de tendencias de vibraci\u00f3n<\/p>\n<\/li>\n<li data-start=\"7602\" data-end=\"7649\">\n<p data-start=\"7604\" data-end=\"7649\">Muestreo de lubricaci\u00f3n y seguimiento del estado<\/p>\n<\/li>\n<li data-start=\"7650\" data-end=\"7712\">\n<p data-start=\"7652\" data-end=\"7712\">Medici\u00f3n del desgaste en cojinetes, sellos y elementos transportadores<\/p>\n<\/li>\n<li data-start=\"7713\" data-end=\"7755\">\n<p data-start=\"7715\" data-end=\"7755\">Reemplazo programado de elementos de alto desgaste<\/p>\n<\/li>\n<\/ul>\n<p data-start=\"7757\" data-end=\"7915\">El mantenimiento preventivo puede mejorar el tiempo de actividad, agilizar la planificaci\u00f3n de reparaciones y extender la vida \u00fatil del equipo, al tiempo que ayuda a las instalaciones a estabilizar los costos operativos a lo largo del tiempo.<\/p>\n<hr data-start=\"7917\" data-end=\"7920\" \/>\n<h2 data-start=\"7922\" data-end=\"7987\">Apoyando el cumplimiento ambiental y la eficiencia operativa<\/h2>\n<p data-start=\"7989\" data-end=\"8373\">Tanto en el procesamiento de aguas residuales municipales como de s\u00f3lidos industriales, el rendimiento de las centr\u00edfugas puede influir en el cumplimiento normativo, la eficiencia del proceso y el control de costos. Una centr\u00edfuga con un mantenimiento deficiente puede comprometer la eliminaci\u00f3n de s\u00f3lidos, aumentar los vol\u00famenes de transporte o sobrecargar los sistemas aguas abajo. Las centr\u00edfugas reparadas y bien mantenidas ayudan a las instalaciones a cumplir con los objetivos de gesti\u00f3n de vertidos y s\u00f3lidos.<\/p>\n<p data-start=\"8375\" data-end=\"8701\">Para obtener orientaci\u00f3n t\u00e9cnica y reglamentaria relevante para la gesti\u00f3n de aguas residuales, los operadores pueden consultar los recursos de la <strong data-start=\"8491\" data-end=\"8537\">Agencia de Protecci\u00f3n Ambiental de los Estados Unidos (EPA)<\/strong> en <a class=\"decorated-link cursor-pointer\" target=\"_new\" rel=\"noopener\" data-start=\"8541\" data-end=\"8566\">https:\/\/www.epa.gov\/water<\/a>. Se encuentran disponibles mejores pr\u00e1cticas adicionales y conocimientos de la industria en <strong data-start=\"8638\" data-end=\"8676\">Federaci\u00f3n del Medio Ambiente del Agua (FEM)<\/strong> en <a class=\"decorated-link\" href=\"https:\/\/www.wef.org\/\" target=\"_new\" rel=\"noopener\" data-start=\"8680\" data-end=\"8700\">https:\/\/www.wef.org\/<\/a>.<\/p>\n<hr data-start=\"8703\" data-end=\"8706\" \/>\n<h2 data-start=\"8708\" data-end=\"8754\">Por qu\u00e9 las instalaciones de Los \u00c1ngeles eligen Sentrimax<\/h2>\n<p data-start=\"8756\" data-end=\"8836\">Los operadores de Los \u00c1ngeles conf\u00edan en Sentrimax para la reparaci\u00f3n de centr\u00edfugas Bird debido a sus:<\/p>\n<ul data-start=\"8838\" data-end=\"9083\">\n<li data-start=\"8838\" data-end=\"8907\">\n<p data-start=\"8840\" data-end=\"8907\">D\u00e9cadas de experiencia pr\u00e1ctica en el servicio de tecnolog\u00edas centr\u00edfugas<\/p>\n<\/li>\n<li data-start=\"8908\" data-end=\"8969\">\n<p data-start=\"8910\" data-end=\"8969\">T\u00e9cnicos cualificados con experiencia mec\u00e1nica multimarca<\/p>\n<\/li>\n<li data-start=\"8970\" data-end=\"9024\">\n<p data-start=\"8972\" data-end=\"9024\">Centrarse en reparaciones de calidad y fiabilidad a largo plazo.<\/p>\n<\/li>\n<li data-start=\"9025\" data-end=\"9083\">\n<p data-start=\"9027\" data-end=\"9083\">Comunicaci\u00f3n clara y documentaci\u00f3n de servicio detallada<\/p>\n<\/li>\n<\/ul>\n<p data-start=\"9085\" data-end=\"9393\">Cada intervenci\u00f3n de reparaci\u00f3n incluye un informe completo que describe los hallazgos del diagn\u00f3stico, las acciones correctivas, los componentes reemplazados y las recomendaciones para el mantenimiento preventivo futuro. Esta informaci\u00f3n facilita la toma de decisiones informadas y ayuda a las instalaciones a alinear las actividades de mantenimiento con los objetivos operativos.<\/p>\n<p data-start=\"9395\" data-end=\"9477\">Para obtener asistencia espec\u00edfica sobre aguas residuales, consulte <a class=\"decorated-link cursor-pointer\" target=\"_new\" rel=\"noopener\" data-start=\"9432\" data-end=\"9476\">https:\/\/sentrimax.com\/industries\/wastewater\/<\/a>.<\/p>\n<hr data-start=\"9479\" data-end=\"9482\" \/>\n<h2 data-start=\"9484\" data-end=\"9521\">De la inspecci\u00f3n al apoyo a la puesta en marcha<\/h2>\n<p data-start=\"9523\" data-end=\"9600\">Las capacidades de servicio de Sentrimax se extienden m\u00e1s all\u00e1 de las reparaciones mec\u00e1nicas para incluir:<\/p>\n<ul data-start=\"9602\" data-end=\"9817\">\n<li data-start=\"9602\" data-end=\"9648\">\n<p data-start=\"9604\" data-end=\"9648\">Coordinaci\u00f3n de aparejos y remoci\u00f3n de equipos<\/p>\n<\/li>\n<li data-start=\"9649\" data-end=\"9701\">\n<p data-start=\"9651\" data-end=\"9701\">Alineaci\u00f3n de precisi\u00f3n y verificaci\u00f3n dimensional<\/p>\n<\/li>\n<li data-start=\"9702\" data-end=\"9749\">\n<p data-start=\"9704\" data-end=\"9749\">Asistencia para la reinstalaci\u00f3n y pruebas de campo<\/p>\n<\/li>\n<li data-start=\"9750\" data-end=\"9780\">\n<p data-start=\"9752\" data-end=\"9780\">Soporte y puesta a punto de la startup<\/p>\n<\/li>\n<li data-start=\"9781\" data-end=\"9817\">\n<p data-start=\"9783\" data-end=\"9817\">Evaluaci\u00f3n del desempe\u00f1o posterior a la reparaci\u00f3n<\/p>\n<\/li>\n<\/ul>\n<p data-start=\"9819\" data-end=\"9987\">Este modelo de servicio de extremo a extremo garantiza que las centr\u00edfugas Bird reparadas o reconstruidas regresen al servicio funcionando de manera segura, eficiente y de acuerdo con las especificaciones de dise\u00f1o.<\/p>\n<hr data-start=\"9989\" data-end=\"9992\" \/>\n<h2 data-start=\"9994\" data-end=\"10044\">Mejora continua a trav\u00e9s de datos operativos<\/h2>\n<p data-start=\"10046\" data-end=\"10452\">La fiabilidad a largo plazo de las centr\u00edfugas depende de estrategias de mantenimiento basadas en datos. Sentrimax ayuda a las instalaciones a rastrear tendencias operativas, como datos de vibraci\u00f3n, perfiles de par y patrones de desgaste. Al revisar el historial de rendimiento y los datos de estado, las instalaciones pueden anticipar las necesidades de servicio, ajustar los intervalos de mantenimiento y optimizar la planificaci\u00f3n de reparaciones para reducir las paradas imprevistas y prolongar la vida \u00fatil de los componentes.<\/p>\n<hr data-start=\"10454\" data-end=\"10457\" \/>\n<h2 data-start=\"10459\" data-end=\"10510\">Solicitar reparaci\u00f3n de centr\u00edfuga Bird en Los \u00c1ngeles, CA<\/h2>\n<p data-start=\"10512\" data-end=\"10870\">Cuando se requiere la reparaci\u00f3n profesional de centr\u00edfugas Bird en Los \u00c1ngeles, California, las instalaciones conf\u00edan en Sentrimax por su experiencia confiable, respuesta r\u00e1pida y resultados de calidad. Ya sea para solucionar fallas urgentes, planificar intervenciones preventivas o realizar reconstrucciones completas, Sentrimax ofrece soluciones dise\u00f1adas para mantener el rendimiento confiable y eficiente de las centr\u00edfugas.<\/p>\n<p data-start=\"10872\" data-end=\"10926\"><strong data-start=\"10872\" data-end=\"10926\"><a class=\"decorated-link\" href=\"https:\/\/sentrimax.com\/es\/contact\/\" target=\"_new\" rel=\"noopener\" data-start=\"10874\" data-end=\"10924\">\u00a1Solicita una cotizaci\u00f3n!<\/a><\/strong><\/p>","protected":false},"excerpt":{"rendered":"<p>Sentrimax provides professional Bird centrifuge repair services for municipal wastewater facilities, industrial processors, and manufacturing operations throughout Los Angeles, California. Bird centrifuges, known for their rugged design and dependable performance, play a critical role in solids-liquid separation, biosolids dewatering, and process optimization. When these machines experience mechanical issues, wear-related degradation, or performance decline, timely service [&hellip;]<\/p>\n","protected":false},"author":3,"featured_media":0,"parent":0,"menu_order":0,"comment_status":"closed","ping_status":"closed","template":"seo-page-template.php","meta":{"_acf_changed":false,"inline_featured_image":false,"footnotes":""},"class_list":["post-2304","page","type-page","status-publish","hentry"],"acf":[],"_links":{"self":[{"href":"https:\/\/sentrimax.com\/es\/wp-json\/wp\/v2\/pages\/2304","targetHints":{"allow":["GET"]}}],"collection":[{"href":"https:\/\/sentrimax.com\/es\/wp-json\/wp\/v2\/pages"}],"about":[{"href":"https:\/\/sentrimax.com\/es\/wp-json\/wp\/v2\/types\/page"}],"author":[{"embeddable":true,"href":"https:\/\/sentrimax.com\/es\/wp-json\/wp\/v2\/users\/3"}],"replies":[{"embeddable":true,"href":"https:\/\/sentrimax.com\/es\/wp-json\/wp\/v2\/comments?post=2304"}],"version-history":[{"count":1,"href":"https:\/\/sentrimax.com\/es\/wp-json\/wp\/v2\/pages\/2304\/revisions"}],"predecessor-version":[{"id":2521,"href":"https:\/\/sentrimax.com\/es\/wp-json\/wp\/v2\/pages\/2304\/revisions\/2521"}],"wp:attachment":[{"href":"https:\/\/sentrimax.com\/es\/wp-json\/wp\/v2\/media?parent=2304"}],"curies":[{"name":"wp","href":"https:\/\/api.w.org\/{rel}","templated":true}]}}