{"id":2305,"date":"2026-01-07T16:47:16","date_gmt":"2026-01-07T16:47:16","guid":{"rendered":"https:\/\/sentrimax.com\/?page_id=2305"},"modified":"2026-04-21T21:14:26","modified_gmt":"2026-04-21T21:14:26","slug":"bird-decanter-centrifuge-service-in-dallas-tx","status":"publish","type":"page","link":"https:\/\/sentrimax.com\/es\/bird-decanter-centrifuge-service-in-dallas-tx\/","title":{"rendered":"Servicio de centr\u00edfuga decantadora Bird en Dallas, TX"},"content":{"rendered":"<p data-start=\"301\" data-end=\"969\"><img fetchpriority=\"high\" decoding=\"async\" class=\"aligncenter size-full wp-image-1613\" src=\"https:\/\/sentrimax.com\/wp-content\/uploads\/2025\/07\/Food-Bev.png\" alt=\"\" width=\"1536\" height=\"1024\" srcset=\"https:\/\/sentrimax.com\/wp-content\/uploads\/2025\/07\/Food-Bev.png 1536w, https:\/\/sentrimax.com\/wp-content\/uploads\/2025\/07\/Food-Bev-300x200.png 300w, https:\/\/sentrimax.com\/wp-content\/uploads\/2025\/07\/Food-Bev-1024x683.png 1024w, https:\/\/sentrimax.com\/wp-content\/uploads\/2025\/07\/Food-Bev-768x512.png 768w, https:\/\/sentrimax.com\/wp-content\/uploads\/2025\/07\/Food-Bev-600x400.png 600w\" sizes=\"(max-width: 1536px) 100vw, 1536px\" \/><\/p>\n<p data-start=\"301\" data-end=\"969\">Sentrimax ofrece un servicio profesional de centr\u00edfugas decantadoras Bird para plantas de tratamiento de aguas residuales e instalaciones industriales en todo el pa\u00eds. <strong data-start=\"435\" data-end=\"452\">Dallas, Texas<\/strong>. Las centr\u00edfugas decantadoras Bird son m\u00e1quinas cr\u00edticas en aplicaciones de separaci\u00f3n de s\u00f3lidos y l\u00edquidos, y cuando experimentan desgaste, vibraci\u00f3n o disminuci\u00f3n del rendimiento, un mantenimiento confiable es esencial para mantener la continuidad del proceso, el cumplimiento normativo y la eficiencia operativa. Con d\u00e9cadas de experiencia en el servicio de equipos de separaci\u00f3n de alta velocidad, <strong data-start=\"791\" data-end=\"804\">Sentrimax<\/strong> Ofrece diagn\u00f3sticos precisos, reparaciones mec\u00e1nicas de precisi\u00f3n, mantenimiento preventivo y soluciones de reconstrucci\u00f3n completas adaptadas a las demandas \u00fanicas de las operaciones de Dallas.<\/p>\n<p data-start=\"971\" data-end=\"1455\">Estas centr\u00edfugas se utilizan ampliamente en la deshidrataci\u00f3n de aguas residuales municipales, la separaci\u00f3n industrial, el procesamiento qu\u00edmico, las aplicaciones de alimentos y bebidas y otros procesos que implican cargas de s\u00f3lidos complejas. Si bien las centr\u00edfugas Bird est\u00e1n dise\u00f1adas para un servicio continuo y de alta exigencia, los materiales abrasivos, el alto par motor y las condiciones de alimentaci\u00f3n variables pueden causar desgaste en los componentes. Sentrimax aplica m\u00e9todos de servicio probados para restaurar el rendimiento, prolongar la vida \u00fatil del equipo y minimizar el tiempo de inactividad.<\/p>\n<hr data-start=\"1457\" data-end=\"1460\" \/>\n<h2 data-start=\"1462\" data-end=\"1509\">Apoyo a operaciones cr\u00edticas en Dallas<\/h2>\n<p data-start=\"1511\" data-end=\"1870\">Instalaciones en todo el <strong data-start=\"1537\" data-end=\"1565\">\u00c1rea metropolitana de Dallas<\/strong> Conf\u00ede en el rendimiento confiable de su centr\u00edfuga decantadora para alcanzar los objetivos de rendimiento, respaldar los objetivos ambientales y mantener la estabilidad del proceso. Cuando una centr\u00edfuga decantadora Bird presenta vibraciones, fugas en los sellos, desgaste de los rodamientos o una menor sequedad de la torta, es necesario un mantenimiento eficaz para evitar paradas prolongadas.<\/p>\n<p data-start=\"1872\" data-end=\"2228\">Sentrimax ofrece cobertura inmediata para Dallas y las comunidades aleda\u00f1as, ofreciendo servicio de campo experto y soporte avanzado en taller para identificar problemas r\u00e1pidamente e implementar medidas correctivas. Esta combinaci\u00f3n de diagn\u00f3stico in situ y experiencia t\u00e9cnica en reparaciones ayuda a las instalaciones a reducir los plazos de reparaci\u00f3n y a reanudar su funcionamiento con confianza.<\/p>\n<hr data-start=\"2230\" data-end=\"2233\" \/>\n<h2 data-start=\"2235\" data-end=\"2285\">Servicios integrales de centr\u00edfugas decantadoras Bird<\/h2>\n<p data-start=\"2287\" data-end=\"2428\">Sentrimax ofrece una gama completa de servicios de centr\u00edfugas decantadoras adaptados a las necesidades de las instalaciones municipales e industriales, que incluyen:<\/p>\n<ul data-start=\"2430\" data-end=\"2880\">\n<li data-start=\"2430\" data-end=\"2484\">\n<p data-start=\"2432\" data-end=\"2484\"><strong data-start=\"2432\" data-end=\"2482\">Inspecci\u00f3n mec\u00e1nica y evaluaci\u00f3n del estado<\/strong><\/p>\n<\/li>\n<li data-start=\"2485\" data-end=\"2536\">\n<p data-start=\"2487\" data-end=\"2536\"><strong data-start=\"2487\" data-end=\"2534\">Diagn\u00f3stico de fallas y an\u00e1lisis de causa ra\u00edz<\/strong><\/p>\n<\/li>\n<li data-start=\"2537\" data-end=\"2593\">\n<p data-start=\"2539\" data-end=\"2593\"><strong data-start=\"2539\" data-end=\"2591\">Reparaci\u00f3n o reemplazo de cuencos, espirales y transportadores<\/strong><\/p>\n<\/li>\n<li data-start=\"2594\" data-end=\"2655\">\n<p data-start=\"2596\" data-end=\"2655\"><strong data-start=\"2596\" data-end=\"2653\">Extracci\u00f3n, sustituci\u00f3n y alineaci\u00f3n de precisi\u00f3n de cojinetes<\/strong><\/p>\n<\/li>\n<li data-start=\"2656\" data-end=\"2716\">\n<p data-start=\"2658\" data-end=\"2716\"><strong data-start=\"2658\" data-end=\"2714\">Inspecci\u00f3n, reconstrucci\u00f3n y verificaci\u00f3n de torque de la caja de cambios<\/strong><\/p>\n<\/li>\n<li data-start=\"2717\" data-end=\"2760\">\n<p data-start=\"2719\" data-end=\"2760\"><strong data-start=\"2719\" data-end=\"2758\">Equilibrado din\u00e1mico seg\u00fan tolerancias OEM<\/strong><\/p>\n<\/li>\n<li data-start=\"2761\" data-end=\"2813\">\n<p data-start=\"2763\" data-end=\"2813\"><strong data-start=\"2763\" data-end=\"2811\">Reemplazo de sellos y actualizaciones de componentes de desgaste<\/strong><\/p>\n<\/li>\n<li data-start=\"2814\" data-end=\"2880\">\n<p data-start=\"2816\" data-end=\"2880\"><strong data-start=\"2816\" data-end=\"2880\">Asistencia en la puesta en marcha y verificaci\u00f3n del rendimiento posterior al servicio<\/strong><\/p>\n<\/li>\n<\/ul>\n<p data-start=\"2882\" data-end=\"3271\">Todo el trabajo de servicio sigue procedimientos documentados, alineados con los requisitos del equipo original y las mejores pr\u00e1cticas de la industria. En lugar de simplemente abordar los s\u00edntomas visibles, los t\u00e9cnicos de Sentrimax investigan las causas subyacentes, como la desalineaci\u00f3n, los problemas de lubricaci\u00f3n, las irregularidades en la vibraci\u00f3n o las tensiones relacionadas con el proceso, lo que ayuda a prevenir problemas recurrentes y a mejorar la fiabilidad a largo plazo.<\/p>\n<p data-start=\"3273\" data-end=\"3479\">Para instalaciones con flotas de centr\u00edfugas mixtas, Sentrimax ofrece un amplio soporte para todas las marcas. Puede encontrar informaci\u00f3n adicional sobre las capacidades completas de servicio en <a class=\"decorated-link cursor-pointer\" target=\"_new\" rel=\"noopener\" data-start=\"3438\" data-end=\"3478\">https:\/\/sentrimax.com\/centrifuge-repair\/<\/a>.<\/p>\n<hr data-start=\"3481\" data-end=\"3484\" \/>\n<h2 data-start=\"3486\" data-end=\"3536\">Servicio de campo y respuesta r\u00e1pida en el norte de Texas<\/h2>\n<p data-start=\"3538\" data-end=\"3894\">Las fallas imprevistas de las centr\u00edfugas pueden interrumpir los programas de tratamiento de aguas residuales, ralentizar la producci\u00f3n industrial y aumentar los costos operativos. Sentrimax ofrece un servicio de campo r\u00e1pido en toda la regi\u00f3n de Dallas-Fort Worth, con t\u00e9cnicos cualificados equipados con herramientas de diagn\u00f3stico y procedimientos de seguridad para evaluar y estabilizar las centr\u00edfugas decantadoras in situ.<\/p>\n<p data-start=\"3896\" data-end=\"4298\">El servicio in situ ofrece ventajas cruciales, como la observaci\u00f3n en tiempo real de las condiciones operativas, la estabilizaci\u00f3n inmediata y la aplicaci\u00f3n de medidas correctivas cuando sea seguro y pr\u00e1ctico, y la reducci\u00f3n de la necesidad de costosos transportes de equipos. El servicio de campo tambi\u00e9n permite a los equipos de Sentrimax colaborar con el personal de las instalaciones para coordinar las reparaciones con los programas de producci\u00f3n o tratamiento y minimizar las interrupciones operativas.<\/p>\n<hr data-start=\"4300\" data-end=\"4303\" \/>\n<h2 data-start=\"4305\" data-end=\"4349\">Reparaciones de precisi\u00f3n con componentes de calidad<\/h2>\n<p data-start=\"4351\" data-end=\"4783\">La fiabilidad de las reparaciones depende de la calidad de las piezas de repuesto. Sentrimax suministra piezas de repuesto de calidad OEM y equivalentes para las centr\u00edfugas decantadoras Bird, incluyendo cojinetes, sellos, revestimientos antidesgaste, conjuntos de espirales, piezas de la caja de engranajes y kits de hardware de servicio. Antes de la instalaci\u00f3n, se inspecciona la precisi\u00f3n dimensional, la integridad del material y la compatibilidad de las piezas para garantizar un rendimiento fiable en condiciones de funcionamiento a alta velocidad.<\/p>\n<p data-start=\"4785\" data-end=\"5179\">Para centr\u00edfugas con desgaste avanzado o degradaci\u00f3n por envejecimiento, Sentrimax ofrece servicios completos de reconstrucci\u00f3n. Una reconstrucci\u00f3n profesional restaura las tolerancias, reemplaza los componentes desgastados y equilibra din\u00e1micamente los elementos rotatorios para mejorar la estabilidad operativa y prolongar la vida \u00fatil del equipo. Las instalaciones interesadas en la disponibilidad y las opciones de componentes pueden obtener m\u00e1s informaci\u00f3n en <a class=\"decorated-link cursor-pointer\" target=\"_new\" rel=\"noopener\" data-start=\"5139\" data-end=\"5178\">https:\/\/sentrimax.com\/centrifuge-parts\/<\/a>.<\/p>\n<hr data-start=\"5181\" data-end=\"5184\" \/>\n<h2 data-start=\"5186\" data-end=\"5237\">Mantenimiento preventivo para confiabilidad a largo plazo<\/h2>\n<p data-start=\"5239\" data-end=\"5521\">Las reparaciones reactivas pueden interrumpir las operaciones y aumentar los costos de mantenimiento. Sentrimax colabora con las instalaciones de Dallas para desarrollar programas de mantenimiento preventivo dise\u00f1ados para identificar el desgaste y los problemas emergentes antes de que se agraven. Los elementos clave de la planificaci\u00f3n del mantenimiento preventivo pueden incluir:<\/p>\n<ul data-start=\"5523\" data-end=\"5820\">\n<li data-start=\"5523\" data-end=\"5583\">\n<p data-start=\"5525\" data-end=\"5583\">Inspecciones mec\u00e1nicas de rutina y evaluaciones de condici\u00f3n<\/p>\n<\/li>\n<li data-start=\"5584\" data-end=\"5627\">\n<p data-start=\"5586\" data-end=\"5627\">An\u00e1lisis de vibraciones y seguimiento de tendencias<\/p>\n<\/li>\n<li data-start=\"5628\" data-end=\"5679\">\n<p data-start=\"5630\" data-end=\"5679\">Muestreo de aceite y seguimiento del estado de lubricaci\u00f3n<\/p>\n<\/li>\n<li data-start=\"5680\" data-end=\"5723\">\n<p data-start=\"5682\" data-end=\"5723\">Medici\u00f3n del desgaste en componentes cr\u00edticos<\/p>\n<\/li>\n<li data-start=\"5724\" data-end=\"5768\">\n<p data-start=\"5726\" data-end=\"5768\">Reemplazo programado de piezas de alto desgaste<\/p>\n<\/li>\n<li data-start=\"5769\" data-end=\"5820\">\n<p data-start=\"5771\" data-end=\"5820\">Comprobaciones de alineaci\u00f3n y verificaci\u00f3n del equilibrio din\u00e1mico<\/p>\n<\/li>\n<\/ul>\n<p data-start=\"5822\" data-end=\"6142\">Al planificar las intervenciones de mantenimiento con base en datos operativos, las instalaciones pueden mejorar el tiempo de actividad, controlar los costos de mantenimiento y programar el servicio durante las interrupciones programadas. Sentrimax tambi\u00e9n ofrece contratos de servicio estructurados que brindan cobertura consistente, respuesta prioritaria y una planificaci\u00f3n de mantenimiento predecible a largo plazo.<\/p>\n<hr data-start=\"6144\" data-end=\"6147\" \/>\n<h2 data-start=\"6149\" data-end=\"6200\">Apoyo al cumplimiento y objetivos operativos<\/h2>\n<p data-start=\"6202\" data-end=\"6611\">El rendimiento constante de la centr\u00edfuga contribuye al cumplimiento normativo, la eficiencia en el manejo de s\u00f3lidos y la estabilidad general del proceso. Una separaci\u00f3n ineficaz o la inestabilidad mec\u00e1nica pueden aumentar los vol\u00famenes de transporte, sobrecargar los sistemas aguas abajo y aumentar el riesgo de infracciones de permisos. Las pr\u00e1cticas de servicio de Sentrimax ayudan a las instalaciones a mantener un rendimiento que se ajuste a los objetivos del proceso y las expectativas regulatorias.<\/p>\n<p data-start=\"6613\" data-end=\"6976\">Para obtener una orientaci\u00f3n m\u00e1s amplia sobre la industria, las instalaciones pueden consultar la <strong data-start=\"6673\" data-end=\"6719\">Agencia de Protecci\u00f3n Ambiental de los Estados Unidos (EPA)<\/strong> en <a class=\"decorated-link cursor-pointer\" target=\"_new\" rel=\"noopener\" data-start=\"6723\" data-end=\"6748\">https:\/\/www.epa.gov\/water<\/a> Para obtener informaci\u00f3n sobre las normas de tratamiento de aguas residuales y los marcos de cumplimiento, se encuentran disponibles recursos t\u00e9cnicos adicionales y mejores pr\u00e1cticas operativas a trav\u00e9s de <strong data-start=\"6913\" data-end=\"6951\">Federaci\u00f3n del Medio Ambiente del Agua (FEM)<\/strong> en <a class=\"decorated-link\" href=\"https:\/\/www.wef.org\/\" target=\"_new\" rel=\"noopener\" data-start=\"6955\" data-end=\"6975\">https:\/\/www.wef.org\/<\/a>.<\/p>\n<hr data-start=\"6978\" data-end=\"6981\" \/>\n<h2 data-start=\"6983\" data-end=\"7024\">Por qu\u00e9 las instalaciones de Dallas eligen Sentrimax<\/h2>\n<p data-start=\"7026\" data-end=\"7375\">Operadores de toda la regi\u00f3n de Dallas eligen Sentrimax para el servicio de centr\u00edfugas decantadoras Bird por su experiencia t\u00e9cnica, capacidad de respuesta y compromiso con la calidad. Los t\u00e9cnicos de Sentrimax comprenden la din\u00e1mica mec\u00e1nica de los equipos de separaci\u00f3n de alta velocidad y las presiones operativas que enfrentan las instalaciones industriales y de aguas residuales.<\/p>\n<p data-start=\"7377\" data-end=\"7768\">En cada intervenci\u00f3n de servicio, Sentrimax prioriza la comunicaci\u00f3n clara y la documentaci\u00f3n completa. Las instalaciones reciben informes detallados que describen los hallazgos del diagn\u00f3stico, las medidas correctivas adoptadas, los componentes reemplazados y las recomendaciones para la planificaci\u00f3n del mantenimiento futuro. Esta informaci\u00f3n permite a los equipos de operaciones tomar decisiones informadas que contribuyen a la fiabilidad a largo plazo de los equipos.<\/p>\n<p data-start=\"7770\" data-end=\"7865\">Para obtener experiencia en centr\u00edfugas espec\u00edficas para aguas residuales, consulte <a class=\"decorated-link cursor-pointer\" target=\"_new\" rel=\"noopener\" data-start=\"7820\" data-end=\"7864\">https:\/\/sentrimax.com\/industries\/wastewater\/<\/a>.<\/p>\n<hr data-start=\"7867\" data-end=\"7870\" \/>\n<h2 data-start=\"7872\" data-end=\"7920\">Soporte integral desde la evaluaci\u00f3n hasta la puesta en marcha<\/h2>\n<p data-start=\"7922\" data-end=\"8036\">Sentrimax ofrece soporte integral que va m\u00e1s all\u00e1 de la reparaci\u00f3n de componentes. Los t\u00e9cnicos de campo tambi\u00e9n ayudan con:<\/p>\n<ul data-start=\"8038\" data-end=\"8254\">\n<li data-start=\"8038\" data-end=\"8084\">\n<p data-start=\"8040\" data-end=\"8084\">Coordinaci\u00f3n de aparejos y remoci\u00f3n de equipos<\/p>\n<\/li>\n<li data-start=\"8085\" data-end=\"8137\">\n<p data-start=\"8087\" data-end=\"8137\">Alineaci\u00f3n de precisi\u00f3n y verificaci\u00f3n dimensional<\/p>\n<\/li>\n<li data-start=\"8138\" data-end=\"8185\">\n<p data-start=\"8140\" data-end=\"8185\">Asistencia para la reinstalaci\u00f3n y pruebas de campo<\/p>\n<\/li>\n<li data-start=\"8186\" data-end=\"8216\">\n<p data-start=\"8188\" data-end=\"8216\">Soporte y puesta a punto de la startup<\/p>\n<\/li>\n<li data-start=\"8217\" data-end=\"8254\">\n<p data-start=\"8219\" data-end=\"8254\">Evaluaci\u00f3n del desempe\u00f1o posterior al servicio<\/p>\n<\/li>\n<\/ul>\n<p data-start=\"8256\" data-end=\"8590\">Este enfoque hol\u00edstico garantiza que las centr\u00edfugas decantadoras Bird, reparadas o reconstruidas, vuelvan a funcionar de forma segura, eficiente y conforme a las especificaciones de dise\u00f1o. Al combinar conocimientos de ingenier\u00eda con experiencia pr\u00e1ctica en campo, Sentrimax ayuda a las instalaciones de Dallas a mejorar el tiempo de actividad, prolongar la vida \u00fatil de los equipos y proteger activos cr\u00edticos.<\/p>\n<hr data-start=\"8592\" data-end=\"8595\" \/>\n<h2 data-start=\"8597\" data-end=\"8641\">Mejora continua mediante el seguimiento<\/h2>\n<p data-start=\"8643\" data-end=\"9054\">La fiabilidad a largo plazo de las centr\u00edfugas depende de estrategias de mantenimiento basadas en datos. Sentrimax ayuda a las instalaciones a monitorizar las tendencias de rendimiento, como los datos de vibraci\u00f3n, los resultados del an\u00e1lisis de aceite y los patrones de desgaste. Al revisar esta informaci\u00f3n a lo largo del tiempo, las instalaciones pueden anticipar las necesidades de servicio, optimizar los programas de mantenimiento y perfeccionar la planificaci\u00f3n de las reparaciones para reducir las paradas imprevistas y el coste total de propiedad.<\/p>\n<hr data-start=\"9056\" data-end=\"9059\" \/>\n<h2 data-start=\"9061\" data-end=\"9117\">Solicitar servicio de centr\u00edfuga decantadora Bird en Dallas, TX<\/h2>\n<p data-start=\"9119\" data-end=\"9475\">Cuando se necesita el servicio t\u00e9cnico experto de centr\u00edfugas decantadoras Bird en Dallas, TX, las instalaciones conf\u00edan en Sentrimax para obtener soporte confiable, servicio r\u00e1pido y resultados profesionales. Ya sea para solucionar fallas urgentes, planificar mantenimiento preventivo o reconstrucciones integrales, Sentrimax ofrece soluciones dise\u00f1adas para mantener sus centr\u00edfugas funcionando al m\u00e1ximo rendimiento.<\/p>\n<p data-start=\"9477\" data-end=\"9531\"><strong data-start=\"9477\" data-end=\"9531\"><a class=\"decorated-link\" href=\"https:\/\/sentrimax.com\/es\/contact\/\" target=\"_new\" rel=\"noopener\" data-start=\"9479\" data-end=\"9529\">\u00a1Solicita una cotizaci\u00f3n!<\/a><\/strong><\/p>","protected":false},"excerpt":{"rendered":"<p>Sentrimax provides professional Bird decanter centrifuge service for wastewater treatment plants and industrial facilities throughout Dallas, Texas. Bird decanter centrifuges are critical machines in solids-liquid separation applications, and when they experience wear, vibration, or performance decline, reliable service is essential to maintain process continuity, regulatory compliance, and operational efficiency. With decades of experience serving high-speed [&hellip;]<\/p>\n","protected":false},"author":3,"featured_media":0,"parent":0,"menu_order":0,"comment_status":"closed","ping_status":"closed","template":"seo-page-template.php","meta":{"_acf_changed":false,"inline_featured_image":false,"footnotes":""},"class_list":["post-2305","page","type-page","status-publish","hentry"],"acf":[],"_links":{"self":[{"href":"https:\/\/sentrimax.com\/es\/wp-json\/wp\/v2\/pages\/2305","targetHints":{"allow":["GET"]}}],"collection":[{"href":"https:\/\/sentrimax.com\/es\/wp-json\/wp\/v2\/pages"}],"about":[{"href":"https:\/\/sentrimax.com\/es\/wp-json\/wp\/v2\/types\/page"}],"author":[{"embeddable":true,"href":"https:\/\/sentrimax.com\/es\/wp-json\/wp\/v2\/users\/3"}],"replies":[{"embeddable":true,"href":"https:\/\/sentrimax.com\/es\/wp-json\/wp\/v2\/comments?post=2305"}],"version-history":[{"count":1,"href":"https:\/\/sentrimax.com\/es\/wp-json\/wp\/v2\/pages\/2305\/revisions"}],"predecessor-version":[{"id":2520,"href":"https:\/\/sentrimax.com\/es\/wp-json\/wp\/v2\/pages\/2305\/revisions\/2520"}],"wp:attachment":[{"href":"https:\/\/sentrimax.com\/es\/wp-json\/wp\/v2\/media?parent=2305"}],"curies":[{"name":"wp","href":"https:\/\/api.w.org\/{rel}","templated":true}]}}