{"id":2306,"date":"2026-01-07T16:48:56","date_gmt":"2026-01-07T16:48:56","guid":{"rendered":"https:\/\/sentrimax.com\/?page_id=2306"},"modified":"2026-04-21T21:14:26","modified_gmt":"2026-04-21T21:14:26","slug":"bird-centrifuge-parts-in-denver-co","status":"publish","type":"page","link":"https:\/\/sentrimax.com\/es\/bird-centrifuge-parts-in-denver-co\/","title":{"rendered":"Repuestos para centr\u00edfugas Bird en Denver, CO"},"content":{"rendered":"<p data-start=\"268\" data-end=\"962\"><img fetchpriority=\"high\" decoding=\"async\" class=\"aligncenter size-full wp-image-1612\" src=\"https:\/\/sentrimax.com\/wp-content\/uploads\/2025\/07\/Environmental-services.png\" alt=\"\" width=\"1536\" height=\"1024\" srcset=\"https:\/\/sentrimax.com\/wp-content\/uploads\/2025\/07\/Environmental-services.png 1536w, https:\/\/sentrimax.com\/wp-content\/uploads\/2025\/07\/Environmental-services-300x200.png 300w, https:\/\/sentrimax.com\/wp-content\/uploads\/2025\/07\/Environmental-services-1024x683.png 1024w, https:\/\/sentrimax.com\/wp-content\/uploads\/2025\/07\/Environmental-services-768x512.png 768w, https:\/\/sentrimax.com\/wp-content\/uploads\/2025\/07\/Environmental-services-600x400.png 600w\" sizes=\"(max-width: 1536px) 100vw, 1536px\" \/><\/p>\n<p data-start=\"268\" data-end=\"962\">Sentrimax suministra piezas de centr\u00edfugas Bird de alta calidad a instalaciones de tratamiento de aguas residuales, procesadores industriales y operaciones de fabricaci\u00f3n en todo el mundo. <strong data-start=\"421\" data-end=\"441\">Denver, Colorado<\/strong>. Los componentes de repuesto fiables son esenciales para mantener un rendimiento fiable en la separaci\u00f3n de s\u00f3lidos y l\u00edquidos en aplicaciones exigentes. Las centr\u00edfugas Bird est\u00e1n dise\u00f1adas para un uso intensivo, pero el funcionamiento continuo con s\u00f3lidos abrasivos, cargas de alto par y condiciones de alimentaci\u00f3n variables provoca naturalmente el desgaste de rodamientos, sellos, espirales y otras piezas cr\u00edticas. Sentrimax ayuda a las instalaciones de Denver a obtener los componentes de repuesto adecuados para restaurar el rendimiento, prolongar la vida \u00fatil del equipo y apoyar la planificaci\u00f3n del mantenimiento preventivo.<\/p>\n<hr data-start=\"964\" data-end=\"967\" \/>\n<h2 data-start=\"969\" data-end=\"1013\">Soporte de piezas locales para operaciones en Denver<\/h2>\n<p data-start=\"1015\" data-end=\"1460\">Instalaciones en todo el <strong data-start=\"1041\" data-end=\"1069\">\u00c1rea metropolitana de Denver<\/strong> Conf\u00ede en el rendimiento de la centr\u00edfuga para alcanzar sus objetivos de producci\u00f3n, optimizar los procesos y respaldar el cumplimiento normativo ambiental. Cuando los componentes clave se desgastan o fallan, el acceso oportuno a repuestos de calidad es esencial para minimizar el tiempo de inactividad. Sentrimax ofrece soporte t\u00e9cnico y asistencia r\u00e1pida para repuestos para ayudar a los operadores de Denver a seleccionar componentes compatibles y planificar el reemplazo de piezas de manera eficiente.<\/p>\n<p data-start=\"1462\" data-end=\"1662\">Al combinar la disponibilidad local y el soporte de expertos con el suministro confiable de piezas, Sentrimax ayuda a las instalaciones a reducir el tiempo de log\u00edstica, mejorar la planificaci\u00f3n del mantenimiento y devolver los equipos al servicio antes.<\/p>\n<hr data-start=\"1664\" data-end=\"1667\" \/>\n<h2 data-start=\"1669\" data-end=\"1720\">Amplia selecci\u00f3n de piezas para centr\u00edfugas Bird<\/h2>\n<p data-start=\"1722\" data-end=\"1920\">Sentrimax puede ayudar a las instalaciones de Denver a acceder a un amplio inventario de repuestos compatibles con las centr\u00edfugas Bird utilizadas en aplicaciones de aguas residuales, industriales y de proceso. Los componentes principales incluyen:<\/p>\n<ul data-start=\"1922\" data-end=\"2549\">\n<li data-start=\"1922\" data-end=\"2027\">\n<p data-start=\"1924\" data-end=\"2027\"><strong data-start=\"1924\" data-end=\"1959\">Cojinetes y conjuntos de cojinetes<\/strong> Dise\u00f1ado para rotaci\u00f3n de alta velocidad y cargas axiales y radiales pesadas<\/p>\n<\/li>\n<li data-start=\"2028\" data-end=\"2121\">\n<p data-start=\"2030\" data-end=\"2121\"><strong data-start=\"2030\" data-end=\"2051\">Sellos y juntas<\/strong> Para proteger los componentes internos contra la entrada de fluidos y la contaminaci\u00f3n.<\/p>\n<\/li>\n<li data-start=\"2122\" data-end=\"2218\">\n<p data-start=\"2124\" data-end=\"2218\"><strong data-start=\"2124\" data-end=\"2168\">Revestimientos antidesgaste y baldosas resistentes a la abrasi\u00f3n<\/strong> Para cuencos, carcasas de espirales y zonas de alto desgaste<\/p>\n<\/li>\n<li data-start=\"2219\" data-end=\"2307\">\n<p data-start=\"2221\" data-end=\"2307\"><strong data-start=\"2221\" data-end=\"2255\">Componentes de transportadores y de desplazamiento<\/strong> que apoyan el transporte de s\u00f3lidos y la descarga de tortas<\/p>\n<\/li>\n<li data-start=\"2308\" data-end=\"2384\">\n<p data-start=\"2310\" data-end=\"2384\"><strong data-start=\"2310\" data-end=\"2342\">Componentes de caja de cambios y transmisi\u00f3n<\/strong> Para apoyar una transmisi\u00f3n de par confiable<\/p>\n<\/li>\n<li data-start=\"2385\" data-end=\"2462\">\n<p data-start=\"2387\" data-end=\"2462\"><strong data-start=\"2387\" data-end=\"2425\">Conjuntos de cuenco, cubo y giratorios<\/strong> cr\u00edtico para el rendimiento de la separaci\u00f3n<\/p>\n<\/li>\n<li data-start=\"2463\" data-end=\"2549\">\n<p data-start=\"2465\" data-end=\"2549\"><strong data-start=\"2465\" data-end=\"2504\">Kits de sujetadores y herrajes de servicio<\/strong> Para tareas de mantenimiento y reconstrucci\u00f3n confiables<\/p>\n<\/li>\n<\/ul>\n<p data-start=\"2551\" data-end=\"2710\">Estas piezas respaldan tanto las necesidades de reparaci\u00f3n reactiva como los programas de mantenimiento proactivo, lo que ayuda a los operadores de Denver a mantener el tiempo de actividad y mejorar la confiabilidad de la separaci\u00f3n.<\/p>\n<p data-start=\"2712\" data-end=\"2819\">Para obtener m\u00e1s informaci\u00f3n sobre la disponibilidad de piezas y soporte, visite<br data-start=\"2776\" data-end=\"2779\" \/><a class=\"decorated-link cursor-pointer\" target=\"_new\" rel=\"noopener\" data-start=\"2779\" data-end=\"2818\">https:\/\/sentrimax.com\/centrifuge-parts\/<\/a>.<\/p>\n<hr data-start=\"2821\" data-end=\"2824\" \/>\n<h2 data-start=\"2826\" data-end=\"2872\">Piezas de alta calidad para un rendimiento confiable<\/h2>\n<p data-start=\"2874\" data-end=\"3452\">Las piezas de repuesto que cumplen con las especificaciones del fabricante original son esenciales para mantener el rendimiento y la longevidad de equipos rotatorios de alta velocidad, como las centr\u00edfugas Bird. Sentrimax suministra componentes con calidad OEM y equivalentes, cuya precisi\u00f3n dimensional, integridad del material y compatibilidad se verifican antes del env\u00edo. Rodamientos de alto rendimiento, sellos robustos y revestimientos resistentes a la abrasi\u00f3n ayudan a reducir la vibraci\u00f3n, mejorar el equilibrio y prolongar los intervalos de servicio, lo que brinda a las instalaciones de Denver la confianza de que los componentes funcionar\u00e1n en condiciones de operaci\u00f3n exigentes.<\/p>\n<hr data-start=\"3454\" data-end=\"3457\" \/>\n<h2 data-start=\"3459\" data-end=\"3503\">Piezas que apoyan el mantenimiento preventivo<\/h2>\n<p data-start=\"3505\" data-end=\"3895\">El reemplazo proactivo de piezas es una estrategia clave para un mantenimiento preventivo eficaz. Sentrimax colabora con las instalaciones de Denver para desarrollar planes de repuestos que se ajusten a las horas de operaci\u00f3n, la carga de s\u00f3lidos, el historial de desgaste y los datos de monitoreo de condici\u00f3n. Al programar los cambios de piezas antes de que ocurran fallas, las instalaciones pueden reducir las reparaciones de emergencia, estabilizar los costos de mantenimiento y mejorar el tiempo de actividad general.<\/p>\n<p data-start=\"3897\" data-end=\"3931\">Las estrategias preventivas pueden incluir:<\/p>\n<ul data-start=\"3933\" data-end=\"4203\">\n<li data-start=\"3933\" data-end=\"4013\">\n<p data-start=\"3935\" data-end=\"4013\">Inspecci\u00f3n programada y reemplazo de cojinetes, sellos y componentes de desgaste<\/p>\n<\/li>\n<li data-start=\"4014\" data-end=\"4078\">\n<p data-start=\"4016\" data-end=\"4078\">Coordinaci\u00f3n de entregas de piezas con ventanas de parada planificadas<\/p>\n<\/li>\n<li data-start=\"4079\" data-end=\"4128\">\n<p data-start=\"4081\" data-end=\"4128\">Seguimiento de la tasa de desgaste y previsi\u00f3n de la vida \u00fatil de las piezas<\/p>\n<\/li>\n<li data-start=\"4129\" data-end=\"4203\">\n<p data-start=\"4131\" data-end=\"4203\">Integraci\u00f3n de la planificaci\u00f3n de piezas con la programaci\u00f3n de servicios de campo y reparaciones<\/p>\n<\/li>\n<\/ul>\n<p data-start=\"4205\" data-end=\"4317\">Planificar el reemplazo de piezas de esta manera ayuda a las instalaciones a evitar reparaciones reactivas costosas y maximizar la vida \u00fatil de los componentes.<\/p>\n<p data-start=\"4319\" data-end=\"4422\">Para obtener un servicio de asistencia completo que complemente el suministro de piezas, consulte<br data-start=\"4378\" data-end=\"4381\" \/><a class=\"decorated-link cursor-pointer\" target=\"_new\" rel=\"noopener\" data-start=\"4381\" data-end=\"4421\">https:\/\/sentrimax.com\/centrifuge-repair\/<\/a>.<\/p>\n<hr data-start=\"4424\" data-end=\"4427\" \/>\n<h2 data-start=\"4429\" data-end=\"4466\">Gu\u00eda de piezas centrada en la aplicaci\u00f3n<\/h2>\n<p data-start=\"4468\" data-end=\"4596\">Las centr\u00edfugas Bird se utilizan en diversas aplicaciones, y las necesidades de piezas pueden variar considerablemente seg\u00fan las condiciones del proceso. Por ejemplo:<\/p>\n<ul data-start=\"4598\" data-end=\"5014\">\n<li data-start=\"4598\" data-end=\"4738\">\n<p data-start=\"4600\" data-end=\"4738\">La deshidrataci\u00f3n de aguas residuales municipales generalmente implica lodos abrasivos y s\u00f3lidos variables, lo que requiere revestimientos resistentes al desgaste y sellos robustos.<\/p>\n<\/li>\n<li data-start=\"4739\" data-end=\"4889\">\n<p data-start=\"4741\" data-end=\"4889\">Los entornos de procesamiento industrial pueden exponer los componentes a productos qu\u00edmicos corrosivos o altas temperaturas, lo que requiere materiales resistentes a la corrosi\u00f3n.<\/p>\n<\/li>\n<li data-start=\"4890\" data-end=\"5014\">\n<p data-start=\"4892\" data-end=\"5014\">El manejo de bios\u00f3lidos y lodos a menudo requiere cojinetes y componentes de caja de engranajes que toleren trabajo continuo y cargas pesadas.<\/p>\n<\/li>\n<\/ul>\n<p data-start=\"5016\" data-end=\"5128\">Sentrimax ayuda a los operadores de Denver a seleccionar piezas que se alineen con las demandas de la aplicaci\u00f3n y los objetivos de rendimiento.<\/p>\n<p data-start=\"5130\" data-end=\"5242\">Para obtener m\u00e1s informaci\u00f3n sobre aplicaciones y soporte para aguas residuales, consulte<br data-start=\"5194\" data-end=\"5197\" \/><a class=\"decorated-link cursor-pointer\" target=\"_new\" rel=\"noopener\" data-start=\"5197\" data-end=\"5241\">https:\/\/sentrimax.com\/industries\/wastewater\/<\/a>.<\/p>\n<hr data-start=\"5244\" data-end=\"5247\" \/>\n<h2 data-start=\"5249\" data-end=\"5301\">Apoyando la confiabilidad operativa y el cumplimiento<\/h2>\n<p data-start=\"5303\" data-end=\"5663\">El rendimiento fiable de la centr\u00edfuga contribuye a la estabilidad del proceso, al aumento del rendimiento y al cumplimiento de las normas ambientales. Las piezas desgastadas o da\u00f1adas pueden reducir la eficiencia de la separaci\u00f3n, aumentar los vol\u00famenes de transporte y sobrecargar los procesos posteriores. Reemplazar los componentes desgastados por piezas de calidad ayuda a las instalaciones a mantener un funcionamiento constante y cumple con los objetivos regulatorios.<\/p>\n<p data-start=\"5665\" data-end=\"6000\">Para obtener orientaci\u00f3n autorizada sobre las normas de tratamiento de aguas residuales y las expectativas ambientales, los operadores pueden consultar <strong data-start=\"5784\" data-end=\"5830\">Agencia de Protecci\u00f3n Ambiental de los Estados Unidos (EPA)<\/strong> en <a class=\"decorated-link cursor-pointer\" target=\"_new\" rel=\"noopener\" data-start=\"5834\" data-end=\"5859\">https:\/\/www.epa.gov\/water<\/a>. Recursos t\u00e9cnicos adicionales y mejores pr\u00e1cticas est\u00e1n disponibles a trav\u00e9s de <strong data-start=\"5937\" data-end=\"5975\">Federaci\u00f3n del Medio Ambiente del Agua (FEM)<\/strong> en <a class=\"decorated-link\" href=\"https:\/\/www.wef.org\/\" target=\"_new\" rel=\"noopener\" data-start=\"5979\" data-end=\"5999\">https:\/\/www.wef.org\/<\/a>.<\/p>\n<hr data-start=\"6002\" data-end=\"6005\" \/>\n<h2 data-start=\"6007\" data-end=\"6048\">Por qu\u00e9 las instalaciones de Denver eligen Sentrimax<\/h2>\n<p data-start=\"6050\" data-end=\"6369\">Las instalaciones de Denver eligen Sentrimax para las piezas de centr\u00edfugas Bird por su soporte t\u00e9cnico, su servicio atento y su compromiso con la calidad. Sentrimax ayuda a los clientes a identificar los componentes correctos, verificar la compatibilidad con los equipos existentes y planificar estrategias de reemplazo de piezas que se ajusten a los objetivos de mantenimiento.<\/p>\n<p data-start=\"6371\" data-end=\"6686\">Cada pedido incluye documentaci\u00f3n clara que proporciona especificaciones de piezas y trazabilidad, integr\u00e1ndose con los registros de mantenimiento y la planificaci\u00f3n de la gesti\u00f3n de activos. El personal de soporte est\u00e1 disponible para responder preguntas sobre la selecci\u00f3n de piezas, la compatibilidad y la programaci\u00f3n, garantizando as\u00ed una coordinaci\u00f3n fluida con las actividades de servicio.<\/p>\n<hr data-start=\"6688\" data-end=\"6691\" \/>\n<h2 data-start=\"6693\" data-end=\"6739\">Pedido de piezas para centr\u00edfugas Bird en Denver, CO<\/h2>\n<p data-start=\"6741\" data-end=\"7061\">El pedido de piezas de Sentrimax est\u00e1 dise\u00f1ado para ser eficiente y orientado al usuario. Las instalaciones pueden solicitar presupuestos detallados que incluyen n\u00fameros de pieza, precios, plazos de entrega y confirmaci\u00f3n de compatibilidad. Disponemos de opciones de env\u00edo r\u00e1pido cuando se necesitan componentes urgentes para cubrir interrupciones programadas o fallos inesperados.<\/p>\n<p data-start=\"7063\" data-end=\"7223\">Tener piezas confiables en stock ayuda a las instalaciones de Denver a minimizar el tiempo de inactividad no planificado, controlar los costos de mantenimiento y mejorar la confianza en el rendimiento de la centr\u00edfuga.<\/p>\n<hr data-start=\"7225\" data-end=\"7228\" \/>\n<h2 data-start=\"7230\" data-end=\"7275\">Solicitar piezas para centr\u00edfugas Bird en Denver, CO<\/h2>\n<p data-start=\"7277\" data-end=\"7511\">Asegure el rendimiento confiable de su centr\u00edfuga Bird con repuestos de calidad de Sentrimax. Desde rodamientos y sellos hasta revestimientos antidesgaste y conjuntos rotatorios, Sentrimax ofrece repuestos y soporte confiables para las operaciones de Denver.<\/p>\n<p data-start=\"7513\" data-end=\"7567\"><strong data-start=\"7513\" data-end=\"7567\"><a class=\"decorated-link\" href=\"https:\/\/sentrimax.com\/es\/contact\/\" target=\"_new\" rel=\"noopener\" data-start=\"7515\" data-end=\"7565\">\u00a1Solicita una cotizaci\u00f3n!<\/a><\/strong><\/p>","protected":false},"excerpt":{"rendered":"<p>Sentrimax supplies high-quality Bird centrifuge parts to wastewater treatment facilities, industrial processors, and manufacturing operations throughout Denver, Colorado. Reliable replacement components are essential to maintaining dependable solids-liquid separation performance in demanding applications. Bird centrifuges are built for rugged duty, but continuous operation with abrasive solids, high torque loads, and variable feed conditions naturally leads to [&hellip;]<\/p>\n","protected":false},"author":3,"featured_media":0,"parent":0,"menu_order":0,"comment_status":"closed","ping_status":"closed","template":"seo-page-template.php","meta":{"_acf_changed":false,"inline_featured_image":false,"footnotes":""},"class_list":["post-2306","page","type-page","status-publish","hentry"],"acf":[],"_links":{"self":[{"href":"https:\/\/sentrimax.com\/es\/wp-json\/wp\/v2\/pages\/2306","targetHints":{"allow":["GET"]}}],"collection":[{"href":"https:\/\/sentrimax.com\/es\/wp-json\/wp\/v2\/pages"}],"about":[{"href":"https:\/\/sentrimax.com\/es\/wp-json\/wp\/v2\/types\/page"}],"author":[{"embeddable":true,"href":"https:\/\/sentrimax.com\/es\/wp-json\/wp\/v2\/users\/3"}],"replies":[{"embeddable":true,"href":"https:\/\/sentrimax.com\/es\/wp-json\/wp\/v2\/comments?post=2306"}],"version-history":[{"count":1,"href":"https:\/\/sentrimax.com\/es\/wp-json\/wp\/v2\/pages\/2306\/revisions"}],"predecessor-version":[{"id":2519,"href":"https:\/\/sentrimax.com\/es\/wp-json\/wp\/v2\/pages\/2306\/revisions\/2519"}],"wp:attachment":[{"href":"https:\/\/sentrimax.com\/es\/wp-json\/wp\/v2\/media?parent=2306"}],"curies":[{"name":"wp","href":"https:\/\/api.w.org\/{rel}","templated":true}]}}