{"id":2307,"date":"2026-01-07T16:50:33","date_gmt":"2026-01-07T16:50:33","guid":{"rendered":"https:\/\/sentrimax.com\/?page_id=2307"},"modified":"2026-04-21T21:14:25","modified_gmt":"2026-04-21T21:14:25","slug":"gea-westfalia-centrifuge-repair-in-chicago-il","status":"publish","type":"page","link":"https:\/\/sentrimax.com\/es\/gea-westfalia-centrifuge-repair-in-chicago-il\/","title":{"rendered":"Reparaci\u00f3n de centr\u00edfugas GEA Westfalia en Chicago IL"},"content":{"rendered":"<p data-start=\"294\" data-end=\"1024\"><img fetchpriority=\"high\" decoding=\"async\" class=\"aligncenter size-full wp-image-1610\" src=\"https:\/\/sentrimax.com\/wp-content\/uploads\/2025\/07\/Chemicals-scaled.jpg\" alt=\"\" width=\"2560\" height=\"1748\" srcset=\"https:\/\/sentrimax.com\/wp-content\/uploads\/2025\/07\/Chemicals-scaled.jpg 2560w, https:\/\/sentrimax.com\/wp-content\/uploads\/2025\/07\/Chemicals-300x205.jpg 300w, https:\/\/sentrimax.com\/wp-content\/uploads\/2025\/07\/Chemicals-1024x699.jpg 1024w, https:\/\/sentrimax.com\/wp-content\/uploads\/2025\/07\/Chemicals-768x524.jpg 768w, https:\/\/sentrimax.com\/wp-content\/uploads\/2025\/07\/Chemicals-1536x1049.jpg 1536w, https:\/\/sentrimax.com\/wp-content\/uploads\/2025\/07\/Chemicals-2048x1398.jpg 2048w, https:\/\/sentrimax.com\/wp-content\/uploads\/2025\/07\/Chemicals-600x410.jpg 600w\" sizes=\"(max-width: 2560px) 100vw, 2560px\" \/><\/p>\n<p data-start=\"294\" data-end=\"1024\">Sentrimax ofrece servicios expertos de reparaci\u00f3n de centr\u00edfugas GEA Westfalia para instalaciones industriales, de alimentos y bebidas y de aguas residuales municipales en todo el pa\u00eds. <strong data-start=\"441\" data-end=\"462\">Chicago, Illinois<\/strong>. Las centr\u00edfugas decantadoras y separadoras Westfalia son fundamentales para los procesos continuos de separaci\u00f3n s\u00f3lido-l\u00edquido. Cuando estas m\u00e1quinas experimentan problemas mec\u00e1nicos o una disminuci\u00f3n del rendimiento, las instalaciones necesitan un servicio t\u00e9cnico experimentado y con capacidad de respuesta para minimizar el tiempo de inactividad y proteger la productividad. Con d\u00e9cadas de experiencia pr\u00e1ctica en el mantenimiento de equipos de separaci\u00f3n de alta velocidad, <strong data-start=\"822\" data-end=\"835\">Sentrimax<\/strong> Ofrece diagn\u00f3sticos confiables, reparaciones mec\u00e1nicas de precisi\u00f3n, reacondicionamiento de componentes y soluciones de servicio integrales dise\u00f1adas para restaurar el rendimiento del equipo y extender la vida \u00fatil.<\/p>\n<p data-start=\"1026\" data-end=\"1427\">Las centr\u00edfugas GEA Westfalia est\u00e1n dise\u00f1adas para un uso industrial riguroso, pero la exposici\u00f3n constante a s\u00f3lidos abrasivos, las fluctuaciones en las condiciones de alimentaci\u00f3n y las altas cargas de par pueden acelerar el desgaste de rodamientos, sellos, espirales y componentes de la caja de engranajes. Sentrimax comprende la ingenier\u00eda detr\u00e1s de estas m\u00e1quinas y aplica m\u00e9todos de reparaci\u00f3n probados que reducen el riesgo operativo y mejoran la confiabilidad general.<\/p>\n<hr data-start=\"1429\" data-end=\"1432\" \/>\n<h2 data-start=\"1434\" data-end=\"1493\">Apoyo a operaciones de separaci\u00f3n cr\u00edticas en Chicago<\/h2>\n<p data-start=\"1495\" data-end=\"2077\">Instalaciones en todo el <strong data-start=\"1521\" data-end=\"1550\">\u00c1rea metropolitana de Chicago<\/strong> Conf\u00ede en las centr\u00edfugas Westfalia para mantener el rendimiento, cumplir los objetivos de calidad y respaldar el cumplimiento normativo. En las plantas de tratamiento de aguas residuales, el rendimiento fiable de las centr\u00edfugas ayuda a optimizar la eficiencia de la deshidrataci\u00f3n y a controlar los costes de manipulaci\u00f3n de lodos. En las plantas de alimentos y bebidas, la separaci\u00f3n uniforme contribuye a la calidad del producto y a la eficiencia del procesamiento. Cuando surgen problemas como vibraci\u00f3n excesiva, aumento del ruido, reducci\u00f3n del par, fugas en los sellos o un comportamiento err\u00e1tico del control, es esencial una estrategia de reparaci\u00f3n bien ejecutada.<\/p>\n<p data-start=\"2079\" data-end=\"2474\">Sentrimax ofrece un servicio local eficiente en Chicago y las comunidades aleda\u00f1as. Nuestros t\u00e9cnicos est\u00e1n disponibles para realizar evaluaciones oportunas, diagn\u00f3sticos precisos y reparaciones espec\u00edficas que se ajustan al cronograma operativo y las limitaciones presupuestarias de cada instalaci\u00f3n. El objetivo es reducir los plazos de reparaci\u00f3n y garantizar que las centr\u00edfugas vuelvan a funcionar de forma fiable con confianza y seguridad.<\/p>\n<hr data-start=\"2476\" data-end=\"2479\" \/>\n<h2 data-start=\"2481\" data-end=\"2536\">Por qu\u00e9 es importante la reparaci\u00f3n profesional de centr\u00edfugas Westfalia<\/h2>\n<p data-start=\"2538\" data-end=\"2954\">Los equipos GEA Westfalia son maquinaria de precisi\u00f3n con tolerancias mec\u00e1nicas estrictas y conjuntos rotatorios complejos. Las pr\u00e1cticas de reparaci\u00f3n inadecuadas pueden provocar un desgaste prematuro, problemas de vibraci\u00f3n, desequilibrio o fallos prematuros de los componentes. Los t\u00e9cnicos de Sentrimax est\u00e1n capacitados para seguir los procedimientos documentados y las mejores pr\u00e1cticas al realizar el mantenimiento de las centr\u00edfugas Westfalia, centr\u00e1ndose tanto en la resoluci\u00f3n de los s\u00edntomas como en la identificaci\u00f3n de la causa ra\u00edz.<\/p>\n<p data-start=\"2956\" data-end=\"3263\">Una reparaci\u00f3n exitosa no solo corrige la falla visible, sino que tambi\u00e9n examina factores contribuyentes como la desalineaci\u00f3n, la falla de la lubricaci\u00f3n, el desequilibrio, la fatiga de los rodamientos o la tensi\u00f3n relacionada con el proceso. Este enfoque integral ayuda a las instalaciones a reducir las fallas repetidas y a lograr mejoras de rendimiento a largo plazo.<\/p>\n<hr data-start=\"3265\" data-end=\"3268\" \/>\n<h2 data-start=\"3270\" data-end=\"3323\">Servicios integrales de reparaci\u00f3n de centr\u00edfugas Westfalia<\/h2>\n<p data-start=\"3325\" data-end=\"3481\">Sentrimax ofrece un conjunto completo de servicios de reparaci\u00f3n de centr\u00edfugas GEA Westfalia dise\u00f1ados para respaldar las instalaciones de Chicago en todas las fases del ciclo de mantenimiento:<\/p>\n<ul data-start=\"3483\" data-end=\"4006\">\n<li data-start=\"3483\" data-end=\"3546\">\n<p data-start=\"3485\" data-end=\"3546\"><strong data-start=\"3485\" data-end=\"3544\">Inspecci\u00f3n mec\u00e1nica y evaluaci\u00f3n detallada del estado<\/strong><\/p>\n<\/li>\n<li data-start=\"3547\" data-end=\"3598\">\n<p data-start=\"3549\" data-end=\"3598\"><strong data-start=\"3549\" data-end=\"3596\">Diagn\u00f3stico de fallas y an\u00e1lisis de causa ra\u00edz<\/strong><\/p>\n<\/li>\n<li data-start=\"3599\" data-end=\"3660\">\n<p data-start=\"3601\" data-end=\"3660\"><strong data-start=\"3601\" data-end=\"3658\">Extracci\u00f3n, sustituci\u00f3n y alineaci\u00f3n de precisi\u00f3n de cojinetes<\/strong><\/p>\n<\/li>\n<li data-start=\"3661\" data-end=\"3724\">\n<p data-start=\"3663\" data-end=\"3724\"><strong data-start=\"3663\" data-end=\"3722\">Renovaci\u00f3n o sustituci\u00f3n de tazones, espirales y transportadores<\/strong><\/p>\n<\/li>\n<li data-start=\"3725\" data-end=\"3785\">\n<p data-start=\"3727\" data-end=\"3785\"><strong data-start=\"3727\" data-end=\"3783\">Inspecci\u00f3n, reconstrucci\u00f3n y verificaci\u00f3n de torque de la caja de cambios<\/strong><\/p>\n<\/li>\n<li data-start=\"3786\" data-end=\"3838\">\n<p data-start=\"3788\" data-end=\"3838\"><strong data-start=\"3788\" data-end=\"3836\">Equilibrado din\u00e1mico seg\u00fan tolerancias del fabricante<\/strong><\/p>\n<\/li>\n<li data-start=\"3839\" data-end=\"3892\">\n<p data-start=\"3841\" data-end=\"3892\"><strong data-start=\"3841\" data-end=\"3890\">Reemplazo de sellos y mejoras en la protecci\u00f3n contra el desgaste<\/strong><\/p>\n<\/li>\n<li data-start=\"3893\" data-end=\"3952\">\n<p data-start=\"3895\" data-end=\"3952\"><strong data-start=\"3895\" data-end=\"3950\">Soporte para resoluci\u00f3n de problemas de control e instrumentaci\u00f3n<\/strong><\/p>\n<\/li>\n<li data-start=\"3953\" data-end=\"4006\">\n<p data-start=\"3955\" data-end=\"4006\"><strong data-start=\"3955\" data-end=\"4006\">Verificaci\u00f3n del rendimiento y asistencia en la puesta en marcha<\/strong><\/p>\n<\/li>\n<\/ul>\n<p data-start=\"4008\" data-end=\"4274\">Cada servicio se ejecuta mediante procedimientos documentados, alineados con los est\u00e1ndares de equipos originales y las mejores pr\u00e1cticas de la industria. Los t\u00e9cnicos se centran en todo el sistema mec\u00e1nico y operativo para garantizar que se aborde la causa ra\u00edz de la falla, no solo los s\u00edntomas superficiales.<\/p>\n<p data-start=\"4276\" data-end=\"4490\">Las instalaciones con flotas de centr\u00edfugas mixtas tambi\u00e9n pueden confiar en Sentrimax para obtener soporte multimarca completo. Para m\u00e1s informaci\u00f3n sobre servicios integrales de centr\u00edfugas, visite <a class=\"decorated-link cursor-pointer\" target=\"_new\" rel=\"noopener\" data-start=\"4449\" data-end=\"4489\">https:\/\/sentrimax.com\/centrifuge-repair\/<\/a>.<\/p>\n<hr data-start=\"4492\" data-end=\"4495\" \/>\n<h2 data-start=\"4497\" data-end=\"4552\">Servicio de campo y respuesta r\u00e1pida en el \u00e1rea de Chicago<\/h2>\n<p data-start=\"4554\" data-end=\"4992\">Las fallas imprevistas de los equipos pueden afectar los cronogramas de producci\u00f3n, comprometer la calidad del producto o interrumpir procesos cr\u00edticos de manejo de aguas residuales. Sentrimax ofrece un servicio de campo eficiente en todo Chicago y las regiones circundantes para evaluar y estabilizar las centr\u00edfugas Westfalia in situ. Los t\u00e9cnicos de campo llegan equipados con herramientas de diagn\u00f3stico y procedimientos de seguridad para evaluar el estado de la m\u00e1quina en condiciones reales de operaci\u00f3n.<\/p>\n<p data-start=\"4994\" data-end=\"5422\">El servicio in situ ofrece varias ventajas operativas: los t\u00e9cnicos pueden observar las variaciones reales de alimentaci\u00f3n, evaluar los perfiles t\u00e9rmicos y de vibraci\u00f3n en contexto, probar las respuestas de control y colaborar directamente con el personal de la planta. La resoluci\u00f3n inmediata de problemas y las medidas correctivas ayudan a reducir la necesidad del costoso transporte de equipos a instalaciones de reparaci\u00f3n externas, lo que acelera los plazos de puesta en servicio y minimiza el impacto en la producci\u00f3n.<\/p>\n<hr data-start=\"5424\" data-end=\"5427\" \/>\n<h2 data-start=\"5429\" data-end=\"5474\">Reparaciones de precisi\u00f3n con piezas de alta calidad<\/h2>\n<p data-start=\"5476\" data-end=\"5924\">La fiabilidad de una centr\u00edfuga reparada depende en gran medida de la calidad de las piezas y los materiales instalados durante el mantenimiento. Sentrimax suministra componentes de repuesto de calidad OEM y equivalentes para las centr\u00edfugas GEA Westfalia, incluyendo cojinetes, sellos, revestimientos antidesgaste, elementos de transportador y espiral, conjuntos de caja de engranajes y hardware de alta calidad. Todos los componentes se inspeccionan para comprobar su ajuste, precisi\u00f3n dimensional e integridad del material antes de su instalaci\u00f3n.<\/p>\n<p data-start=\"5926\" data-end=\"6356\">Cuando se identifica un desgaste avanzado o degradaci\u00f3n por envejecimiento, Sentrimax tambi\u00e9n ofrece servicios completos de reacondicionamiento y reconstrucci\u00f3n. Las reconstrucciones incluyen la restauraci\u00f3n de tolerancias mec\u00e1nicas cr\u00edticas, la sustituci\u00f3n de conjuntos desgastados y el equilibrado din\u00e1mico de componentes rotativos para mejorar la armon\u00eda mec\u00e1nica y la eficiencia de separaci\u00f3n. Las instalaciones interesadas en obtener soporte para piezas y componentes pueden obtener m\u00e1s informaci\u00f3n en <a class=\"decorated-link cursor-pointer\" target=\"_new\" rel=\"noopener\" data-start=\"6316\" data-end=\"6355\">https:\/\/sentrimax.com\/centrifuge-parts\/<\/a>.<\/p>\n<hr data-start=\"6358\" data-end=\"6361\" \/>\n<h2 data-start=\"6363\" data-end=\"6407\">Mantenimiento preventivo para maximizar el tiempo de actividad<\/h2>\n<p data-start=\"6409\" data-end=\"6702\">Las reparaciones reactivas pueden ser disruptivas y costosas. El mantenimiento preventivo ayuda a las instalaciones a identificar problemas emergentes con anticipaci\u00f3n, reducir las interrupciones imprevistas y prolongar la vida \u00fatil de los equipos. Sentrimax colabora con operadores de Chicago para desarrollar programas de mantenimiento preventivo personalizados que pueden incluir:<\/p>\n<ul data-start=\"6704\" data-end=\"7025\">\n<li data-start=\"6704\" data-end=\"6764\">\n<p data-start=\"6706\" data-end=\"6764\">Inspecciones mec\u00e1nicas de rutina y evaluaciones de condici\u00f3n<\/p>\n<\/li>\n<li data-start=\"6765\" data-end=\"6808\">\n<p data-start=\"6767\" data-end=\"6808\">An\u00e1lisis de vibraciones y seguimiento de tendencias<\/p>\n<\/li>\n<li data-start=\"6809\" data-end=\"6860\">\n<p data-start=\"6811\" data-end=\"6860\">Muestreo de aceite y seguimiento del estado de lubricaci\u00f3n<\/p>\n<\/li>\n<li data-start=\"6861\" data-end=\"6902\">\n<p data-start=\"6863\" data-end=\"6902\">Medici\u00f3n del desgaste y comprobaci\u00f3n de la holgura<\/p>\n<\/li>\n<li data-start=\"6903\" data-end=\"6973\">\n<p data-start=\"6905\" data-end=\"6973\">Reemplazo programado de cojinetes, sellos y componentes de alto desgaste<\/p>\n<\/li>\n<li data-start=\"6974\" data-end=\"7025\">\n<p data-start=\"6976\" data-end=\"7025\">Comprobaciones de alineaci\u00f3n y verificaci\u00f3n del equilibrio din\u00e1mico<\/p>\n<\/li>\n<\/ul>\n<p data-start=\"7027\" data-end=\"7221\">Al planificar las actividades de mantenimiento en funci\u00f3n de los datos operativos en lugar de las fallas, las instalaciones pueden estabilizar el rendimiento, optimizar el gasto de mantenimiento y programar el servicio durante las interrupciones planificadas.<\/p>\n<hr data-start=\"7223\" data-end=\"7226\" \/>\n<h2 data-start=\"7228\" data-end=\"7292\">Apoyo al cumplimiento ambiental y la estabilidad operativa<\/h2>\n<p data-start=\"7294\" data-end=\"7664\">En aplicaciones de aguas residuales, el rendimiento de la centr\u00edfuga afecta el cumplimiento normativo ambiental, la eficiencia del manejo de s\u00f3lidos y la estabilidad del proceso aguas abajo. Un rendimiento de separaci\u00f3n reducido puede aumentar los vol\u00famenes de transporte, incrementar los costos de eliminaci\u00f3n y generar riesgo de incumplimiento de los permisos. En entornos industriales, la consistencia de la separaci\u00f3n contribuye a la calidad del producto, el rendimiento y la eficiencia energ\u00e9tica.<\/p>\n<p data-start=\"7666\" data-end=\"8297\">Las pr\u00e1cticas de reparaci\u00f3n de Sentrimax ayudan a las instalaciones a mantener un rendimiento de los equipos que se ajuste a las expectativas operativas y regulatorias. Para obtener un contexto m\u00e1s amplio de la industria y orientaci\u00f3n ambiental relacionada con las normas de tratamiento de aguas residuales e industriales, los operadores pueden consultar la Agencia de Protecci\u00f3n Ambiental de EE. UU. en <a class=\"decorated-link cursor-pointer\" target=\"_new\" rel=\"noopener\" data-start=\"7980\" data-end=\"8005\">https:\/\/www.epa.gov\/water<\/a>, que proporciona informaci\u00f3n fidedigna sobre los marcos ambientales para la gesti\u00f3n del agua. Puede obtener informaci\u00f3n t\u00e9cnica adicional y mejores pr\u00e1cticas a trav\u00e9s de la Federaci\u00f3n del Medio Ambiente del Agua en <a class=\"decorated-link\" href=\"https:\/\/www.wef.org\/\" target=\"_new\" rel=\"noopener\" data-start=\"8204\" data-end=\"8224\">https:\/\/www.wef.org\/<\/a>, ofreciendo orientaci\u00f3n pr\u00e1ctica para profesionales e ingenieros de aguas residuales.<\/p>\n<hr data-start=\"8299\" data-end=\"8302\" \/>\n<h2 data-start=\"8304\" data-end=\"8346\">Por qu\u00e9 las instalaciones de Chicago eligen Sentrimax<\/h2>\n<p data-start=\"8348\" data-end=\"8694\">Las instalaciones de Chicago eligen Sentrimax para la reparaci\u00f3n de centr\u00edfugas GEA Westfalia por su combinaci\u00f3n de experiencia t\u00e9cnica, servicio eficiente y compromiso con la calidad. Los t\u00e9cnicos de Sentrimax comprenden las complejidades mec\u00e1nicas de los equipos de separaci\u00f3n de alta velocidad y la presi\u00f3n operativa que enfrentan las plantas industriales, municipales y de proceso.<\/p>\n<p data-start=\"8696\" data-end=\"9087\">La comunicaci\u00f3n clara y la documentaci\u00f3n exhaustiva son el sello distintivo de cada servicio de reparaci\u00f3n. Las instalaciones reciben informes de servicio detallados que describen los hallazgos del diagn\u00f3stico, las medidas correctivas adoptadas, los componentes reemplazados y las recomendaciones para la planificaci\u00f3n del mantenimiento futuro. Esta informaci\u00f3n permite a los equipos de operaciones tomar decisiones informadas y perfeccionar las estrategias de mantenimiento para garantizar la fiabilidad a largo plazo.<\/p>\n<p data-start=\"9089\" data-end=\"9186\">Para obtener experiencia en centr\u00edfugas espec\u00edficas para aguas residuales, visite <a class=\"decorated-link cursor-pointer\" target=\"_new\" rel=\"noopener\" data-start=\"9141\" data-end=\"9185\">https:\/\/sentrimax.com\/industries\/wastewater\/<\/a>.<\/p>\n<hr data-start=\"9188\" data-end=\"9191\" \/>\n<h2 data-start=\"9193\" data-end=\"9241\">Soporte integral desde la evaluaci\u00f3n hasta la puesta en marcha<\/h2>\n<p data-start=\"9243\" data-end=\"9375\">Las capacidades de servicio de Sentrimax se extienden m\u00e1s all\u00e1 de la reparaci\u00f3n y el diagn\u00f3stico de componentes para brindar un soporte integral para proyectos, que incluye:<\/p>\n<ul data-start=\"9377\" data-end=\"9604\">\n<li data-start=\"9377\" data-end=\"9423\">\n<p data-start=\"9379\" data-end=\"9423\">Coordinaci\u00f3n de aparejos y remoci\u00f3n de equipos<\/p>\n<\/li>\n<li data-start=\"9424\" data-end=\"9471\">\n<p data-start=\"9426\" data-end=\"9471\">Alineaci\u00f3n de precisi\u00f3n y verificaci\u00f3n de configuraci\u00f3n<\/p>\n<\/li>\n<li data-start=\"9472\" data-end=\"9521\">\n<p data-start=\"9474\" data-end=\"9521\">Soporte para reinstalaci\u00f3n y calibraci\u00f3n del sistema<\/p>\n<\/li>\n<li data-start=\"9522\" data-end=\"9567\">\n<p data-start=\"9524\" data-end=\"9567\">Asistencia en la puesta en marcha y puesta a punto operativa<\/p>\n<\/li>\n<li data-start=\"9568\" data-end=\"9604\">\n<p data-start=\"9570\" data-end=\"9604\">Evaluaci\u00f3n del desempe\u00f1o posterior a la reparaci\u00f3n<\/p>\n<\/li>\n<\/ul>\n<p data-start=\"9606\" data-end=\"9763\">Este enfoque hol\u00edstico garantiza que las centr\u00edfugas Westfalia reparadas o reconstruidas vuelvan a funcionar sin problemas, de manera segura y dentro de las especificaciones de dise\u00f1o.<\/p>\n<hr data-start=\"9765\" data-end=\"9768\" \/>\n<h2 data-start=\"9770\" data-end=\"9826\">Mejora continua mediante el seguimiento operativo<\/h2>\n<p data-start=\"9828\" data-end=\"10267\">La fiabilidad a largo plazo de las centr\u00edfugas depende de estrategias de mantenimiento basadas en datos. Sentrimax ayuda a las instalaciones a monitorizar indicadores de rendimiento como tendencias de vibraci\u00f3n, perfiles de par, temperaturas de los rodamientos y tasas de desgaste a lo largo del tiempo. Al incorporar estos datos en la planificaci\u00f3n del mantenimiento, las instalaciones anticipan las necesidades de servicio, optimizan los intervalos de reparaci\u00f3n y reducen las paradas imprevistas, a la vez que reducen el coste total de propiedad.<\/p>\n<hr data-start=\"10269\" data-end=\"10272\" \/>\n<h2 data-start=\"10274\" data-end=\"10330\">Solicite reparaci\u00f3n de centr\u00edfugas GEA Westfalia en Chicago IL<\/h2>\n<p data-start=\"10332\" data-end=\"10709\">Cuando se necesita una reparaci\u00f3n profesional de centr\u00edfugas GEA Westfalia en <strong data-start=\"10395\" data-end=\"10410\">Chicago, Illinois<\/strong>, Las instalaciones conf\u00edan en Sentrimax por su experiencia confiable, respuesta r\u00e1pida y resultados de alta calidad. Ya sea para abordar fallas urgentes, planificar mantenimiento preventivo o realizar reconstrucciones integrales, Sentrimax ofrece soluciones dise\u00f1adas para mantener sus equipos de separaci\u00f3n funcionando al m\u00e1ximo rendimiento.<\/p>\n<p data-start=\"10711\" data-end=\"10765\"><strong data-start=\"10711\" data-end=\"10765\"><a class=\"decorated-link\" href=\"https:\/\/sentrimax.com\/es\/contact\/\" target=\"_new\" rel=\"noopener\" data-start=\"10713\" data-end=\"10763\">\u00a1Solicita una cotizaci\u00f3n!<\/a><\/strong><\/p>","protected":false},"excerpt":{"rendered":"<p>Sentrimax provides expert GEA Westfalia centrifuge repair services for industrial, food &amp; beverage, and municipal wastewater facilities throughout Chicago, Illinois. Westfalia decanter and separator centrifuges are critical to continuous solid-liquid separation processes, and when these machines experience mechanical issues or performance decline, facilities need responsive, experienced service to minimize downtime and protect productivity. With decades [&hellip;]<\/p>\n","protected":false},"author":3,"featured_media":0,"parent":0,"menu_order":0,"comment_status":"closed","ping_status":"closed","template":"seo-page-template.php","meta":{"_acf_changed":false,"inline_featured_image":false,"footnotes":""},"class_list":["post-2307","page","type-page","status-publish","hentry"],"acf":[],"_links":{"self":[{"href":"https:\/\/sentrimax.com\/es\/wp-json\/wp\/v2\/pages\/2307","targetHints":{"allow":["GET"]}}],"collection":[{"href":"https:\/\/sentrimax.com\/es\/wp-json\/wp\/v2\/pages"}],"about":[{"href":"https:\/\/sentrimax.com\/es\/wp-json\/wp\/v2\/types\/page"}],"author":[{"embeddable":true,"href":"https:\/\/sentrimax.com\/es\/wp-json\/wp\/v2\/users\/3"}],"replies":[{"embeddable":true,"href":"https:\/\/sentrimax.com\/es\/wp-json\/wp\/v2\/comments?post=2307"}],"version-history":[{"count":1,"href":"https:\/\/sentrimax.com\/es\/wp-json\/wp\/v2\/pages\/2307\/revisions"}],"predecessor-version":[{"id":2518,"href":"https:\/\/sentrimax.com\/es\/wp-json\/wp\/v2\/pages\/2307\/revisions\/2518"}],"wp:attachment":[{"href":"https:\/\/sentrimax.com\/es\/wp-json\/wp\/v2\/media?parent=2307"}],"curies":[{"name":"wp","href":"https:\/\/api.w.org\/{rel}","templated":true}]}}