{"id":2311,"date":"2026-01-07T16:55:20","date_gmt":"2026-01-07T16:55:20","guid":{"rendered":"https:\/\/sentrimax.com\/?page_id=2311"},"modified":"2026-04-21T21:14:24","modified_gmt":"2026-04-21T21:14:24","slug":"gea-westfalia-centrifuge-parts-in-toronto-on","status":"publish","type":"page","link":"https:\/\/sentrimax.com\/es\/gea-westfalia-centrifuge-parts-in-toronto-on\/","title":{"rendered":"Repuestos para centr\u00edfugas GEA Westfalia en Toronto, Ontario"},"content":{"rendered":"<p data-start=\"298\" data-end=\"1030\"><img fetchpriority=\"high\" decoding=\"async\" class=\"aligncenter size-full wp-image-1190\" src=\"https:\/\/sentrimax.com\/wp-content\/uploads\/2025\/06\/image-1.jpg\" alt=\"\" width=\"1440\" height=\"694\" srcset=\"https:\/\/sentrimax.com\/wp-content\/uploads\/2025\/06\/image-1.jpg 1440w, https:\/\/sentrimax.com\/wp-content\/uploads\/2025\/06\/image-1-600x289.jpg 600w, https:\/\/sentrimax.com\/wp-content\/uploads\/2025\/06\/image-1-300x145.jpg 300w, https:\/\/sentrimax.com\/wp-content\/uploads\/2025\/06\/image-1-1024x494.jpg 1024w, https:\/\/sentrimax.com\/wp-content\/uploads\/2025\/06\/image-1-768x370.jpg 768w\" sizes=\"(max-width: 1440px) 100vw, 1440px\" \/><\/p>\n<p data-start=\"298\" data-end=\"1030\">Sentrimax suministra piezas de centr\u00edfugas GEA Westfalia de alta calidad a plantas de tratamiento de aguas residuales, procesadores industriales y operaciones de fabricaci\u00f3n en todo el mundo. <strong data-start=\"456\" data-end=\"476\">Toronto, Ontario<\/strong>. Los componentes de repuesto fiables son esenciales para mantener un rendimiento constante en la separaci\u00f3n de s\u00f3lidos y l\u00edquidos y minimizar las paradas imprevistas en aplicaciones exigentes. Las centr\u00edfugas Westfalia est\u00e1n dise\u00f1adas para un funcionamiento robusto y continuo, pero el desgaste normal causado por s\u00f3lidos abrasivos, altas cargas de par y la variabilidad del proceso acaba afectando a los rodamientos, sellos, espirales y otros componentes cr\u00edticos. Sentrimax ayuda a las instalaciones de Toronto a obtener las piezas adecuadas para restaurar el rendimiento, prolongar la vida \u00fatil de los equipos y apoyar la planificaci\u00f3n del mantenimiento preventivo.<\/p>\n<hr data-start=\"1032\" data-end=\"1035\" \/>\n<h2 data-start=\"1037\" data-end=\"1082\">Soporte de piezas locales para operaciones en Toronto<\/h2>\n<p data-start=\"1084\" data-end=\"1540\">Operadores en todo el <strong data-start=\"1109\" data-end=\"1138\">\u00c1rea metropolitana de Toronto<\/strong> Conf\u00ede en el rendimiento confiable de su centr\u00edfuga para alcanzar sus objetivos de producci\u00f3n, controlar los costos de mantenimiento y respaldar el cumplimiento ambiental. Cuando los componentes clave se desgastan o fallan, el acceso r\u00e1pido a repuestos de calidad es esencial para reducir el tiempo de inactividad. Sentrimax ofrece soporte t\u00e9cnico y asistencia r\u00e1pida para repuestos para ayudar a las instalaciones a seleccionar componentes compatibles y planificar el reemplazo de piezas de manera eficiente.<\/p>\n<p data-start=\"1542\" data-end=\"1734\">Al combinar la disponibilidad local con el soporte de expertos y el suministro confiable de piezas, Sentrimax ayuda a las instalaciones a reducir los plazos de entrega, mejorar la planificaci\u00f3n del servicio y devolver los equipos al servicio m\u00e1s r\u00e1pidamente.<\/p>\n<hr data-start=\"1736\" data-end=\"1739\" \/>\n<h2 data-start=\"1741\" data-end=\"1797\">Amplia selecci\u00f3n de piezas para centr\u00edfugas Westfalia<\/h2>\n<p data-start=\"1799\" data-end=\"2003\">Sentrimax facilita a los clientes de Toronto el acceso a un amplio inventario de componentes de repuesto compatibles con las centr\u00edfugas GEA Westfalia utilizadas en aguas residuales, procesos y aplicaciones industriales. Las piezas principales incluyen:<\/p>\n<ul data-start=\"2005\" data-end=\"2599\">\n<li data-start=\"2005\" data-end=\"2108\">\n<p data-start=\"2007\" data-end=\"2108\"><strong data-start=\"2007\" data-end=\"2042\">Cojinetes y conjuntos de cojinetes<\/strong> Dise\u00f1ado para rotaci\u00f3n de alta velocidad y cargas axiales\/radiales pesadas<\/p>\n<\/li>\n<li data-start=\"2109\" data-end=\"2186\">\n<p data-start=\"2111\" data-end=\"2186\"><strong data-start=\"2111\" data-end=\"2132\">Sellos y juntas<\/strong> Dise\u00f1ado para evitar la entrada de fluidos y la contaminaci\u00f3n.<\/p>\n<\/li>\n<li data-start=\"2187\" data-end=\"2283\">\n<p data-start=\"2189\" data-end=\"2283\"><strong data-start=\"2189\" data-end=\"2233\">Revestimientos antidesgaste y baldosas resistentes a la abrasi\u00f3n<\/strong> Para cuencos, carcasas de espirales y zonas de alto desgaste<\/p>\n<\/li>\n<li data-start=\"2284\" data-end=\"2368\">\n<p data-start=\"2286\" data-end=\"2368\"><strong data-start=\"2286\" data-end=\"2320\">Componentes de transportadores y de desplazamiento<\/strong> que mantienen el transporte y descarga de s\u00f3lidos<\/p>\n<\/li>\n<li data-start=\"2369\" data-end=\"2434\">\n<p data-start=\"2371\" data-end=\"2434\"><strong data-start=\"2371\" data-end=\"2403\">Componentes de caja de cambios y transmisi\u00f3n<\/strong> para una transferencia de par confiable<\/p>\n<\/li>\n<li data-start=\"2435\" data-end=\"2512\">\n<p data-start=\"2437\" data-end=\"2512\"><strong data-start=\"2437\" data-end=\"2475\">Conjuntos de cuenco, cubo y giratorios<\/strong> cr\u00edtico para el rendimiento de la separaci\u00f3n<\/p>\n<\/li>\n<li data-start=\"2513\" data-end=\"2599\">\n<p data-start=\"2515\" data-end=\"2599\"><strong data-start=\"2515\" data-end=\"2554\">Kits de sujetadores y herrajes de servicio<\/strong> Para tareas de mantenimiento y reconstrucci\u00f3n confiables<\/p>\n<\/li>\n<\/ul>\n<p data-start=\"2601\" data-end=\"2757\">Estas piezas admiten reparaciones reactivas y programas de mantenimiento proactivo, lo que ayuda a los operadores de Toronto a mantener el tiempo de actividad y optimizar el rendimiento de la centr\u00edfuga.<\/p>\n<p data-start=\"2759\" data-end=\"2866\">Para obtener m\u00e1s informaci\u00f3n sobre la disponibilidad de piezas y soporte, visite<br data-start=\"2823\" data-end=\"2826\" \/><a class=\"decorated-link cursor-pointer\" target=\"_new\" rel=\"noopener\" data-start=\"2826\" data-end=\"2865\">https:\/\/sentrimax.com\/centrifuge-parts\/<\/a>.<\/p>\n<hr data-start=\"2868\" data-end=\"2871\" \/>\n<h2 data-start=\"2873\" data-end=\"2919\">Piezas de alta calidad para un rendimiento confiable<\/h2>\n<p data-start=\"2921\" data-end=\"3487\">Los componentes de repuesto que cumplen con las especificaciones del equipo original son esenciales para mantener el rendimiento y la longevidad de los equipos rotatorios de alta velocidad, como las centr\u00edfugas Westfalia. Sentrimax suministra piezas de calidad OEM y equivalentes, cuya precisi\u00f3n dimensional, integridad del material y compatibilidad se verifican antes del env\u00edo. El uso de rodamientos, sellos y revestimientos antidesgaste de alta calidad ayuda a reducir la vibraci\u00f3n, mejorar el equilibrio y prolongar los intervalos de servicio, lo que brinda a las instalaciones de Toronto la confianza de que sus piezas de repuesto funcionar\u00e1n en condiciones exigentes.<\/p>\n<hr data-start=\"3489\" data-end=\"3492\" \/>\n<h2 data-start=\"3494\" data-end=\"3538\">Piezas que apoyan el mantenimiento preventivo<\/h2>\n<p data-start=\"3540\" data-end=\"3933\">El reemplazo proactivo de piezas es una estrategia clave para un mantenimiento preventivo eficaz. Sentrimax colabora con las instalaciones de Toronto para desarrollar planes de repuestos que se ajusten a las horas de operaci\u00f3n, la carga de s\u00f3lidos, el historial de desgaste y los datos de monitoreo de condici\u00f3n. Al programar los cambios de piezas antes de que ocurran fallas, las instalaciones pueden minimizar las reparaciones de emergencia, estabilizar los costos de mantenimiento y mejorar el tiempo de actividad general.<\/p>\n<p data-start=\"3935\" data-end=\"3975\">Las estrategias de piezas preventivas pueden incluir:<\/p>\n<ul data-start=\"3977\" data-end=\"4247\">\n<li data-start=\"3977\" data-end=\"4057\">\n<p data-start=\"3979\" data-end=\"4057\">Inspecci\u00f3n programada y reemplazo de cojinetes, sellos y componentes de desgaste<\/p>\n<\/li>\n<li data-start=\"4058\" data-end=\"4122\">\n<p data-start=\"4060\" data-end=\"4122\">Coordinaci\u00f3n de entregas de piezas con ventanas de parada planificadas<\/p>\n<\/li>\n<li data-start=\"4123\" data-end=\"4172\">\n<p data-start=\"4125\" data-end=\"4172\">Seguimiento de la tasa de desgaste y previsi\u00f3n de la vida \u00fatil de las piezas<\/p>\n<\/li>\n<li data-start=\"4173\" data-end=\"4247\">\n<p data-start=\"4175\" data-end=\"4247\">Integraci\u00f3n de la planificaci\u00f3n de piezas con la programaci\u00f3n de servicios de campo y reparaciones<\/p>\n<\/li>\n<\/ul>\n<p data-start=\"4249\" data-end=\"4463\">Planificar el reemplazo de piezas de esta manera ayuda a las instalaciones a evitar costosas reparaciones reactivas y a maximizar la vida \u00fatil de los componentes. Para obtener un servicio completo que complemente el suministro de piezas, consulte<br data-start=\"4419\" data-end=\"4422\" \/><a class=\"decorated-link cursor-pointer\" target=\"_new\" rel=\"noopener\" data-start=\"4422\" data-end=\"4462\">https:\/\/sentrimax.com\/centrifuge-repair\/<\/a>.<\/p>\n<hr data-start=\"4465\" data-end=\"4468\" \/>\n<h2 data-start=\"4470\" data-end=\"4507\">Gu\u00eda de piezas centrada en la aplicaci\u00f3n<\/h2>\n<p data-start=\"4509\" data-end=\"4655\">Las centr\u00edfugas Westfalia se utilizan en una amplia variedad de aplicaciones, y las necesidades de piezas pueden variar considerablemente seg\u00fan las condiciones del proceso. Por ejemplo:<\/p>\n<ul data-start=\"4657\" data-end=\"5064\">\n<li data-start=\"4657\" data-end=\"4805\">\n<p data-start=\"4659\" data-end=\"4805\">La deshidrataci\u00f3n de aguas residuales municipales a menudo implica lodos abrasivos y contenido variable de s\u00f3lidos, lo que requiere componentes de desgaste duraderos y sellos robustos.<\/p>\n<\/li>\n<li data-start=\"4806\" data-end=\"4952\">\n<p data-start=\"4808\" data-end=\"4952\">Los entornos de procesamiento industrial pueden exponer los componentes a productos qu\u00edmicos corrosivos o altas temperaturas, lo que requiere materiales resistentes a la corrosi\u00f3n.<\/p>\n<\/li>\n<li data-start=\"4953\" data-end=\"5064\">\n<p data-start=\"4955\" data-end=\"5064\">Las aplicaciones de separaci\u00f3n de alimentos y bebidas exigen componentes de ajuste preciso compatibles con los est\u00e1ndares de higiene.<\/p>\n<\/li>\n<\/ul>\n<p data-start=\"5066\" data-end=\"5214\">Sentrimax ayuda a los operadores de Toronto con la selecci\u00f3n de piezas y recomendaciones t\u00e9cnicas adaptadas a las demandas operativas y objetivos de rendimiento espec\u00edficos.<\/p>\n<p data-start=\"5216\" data-end=\"5353\">Para obtener informaci\u00f3n sobre las aplicaciones de aguas residuales y el papel de la centr\u00edfuga en los procesos de tratamiento, consulte<br data-start=\"5305\" data-end=\"5308\" \/><a class=\"decorated-link cursor-pointer\" target=\"_new\" rel=\"noopener\" data-start=\"5308\" data-end=\"5352\">https:\/\/sentrimax.com\/industries\/wastewater\/<\/a>.<\/p>\n<hr data-start=\"5355\" data-end=\"5358\" \/>\n<h2 data-start=\"5360\" data-end=\"5412\">Apoyando la confiabilidad operativa y el cumplimiento<\/h2>\n<p data-start=\"5414\" data-end=\"5785\">El rendimiento fiable de la centr\u00edfuga contribuye a la estabilidad operativa, un rendimiento constante y el cumplimiento de las normas ambientales. Las piezas desgastadas o da\u00f1adas pueden reducir la eficiencia de la separaci\u00f3n, aumentar el volumen de residuos transportados y sobrecargar los procesos posteriores. Reemplazar los componentes desgastados por piezas de calidad ayuda a las instalaciones a mantener un funcionamiento constante y cumple con los objetivos regulatorios.<\/p>\n<p data-start=\"5787\" data-end=\"6107\">Para obtener orientaci\u00f3n autorizada sobre las normas de separaci\u00f3n industrial y de aguas residuales, los operadores pueden consultar <strong data-start=\"5891\" data-end=\"5937\">Agencia de Protecci\u00f3n Ambiental de los Estados Unidos (EPA)<\/strong> en <a class=\"decorated-link cursor-pointer\" target=\"_new\" rel=\"noopener\" data-start=\"5941\" data-end=\"5966\">https:\/\/www.epa.gov\/water<\/a>. Se encuentran disponibles mejores pr\u00e1cticas y recursos t\u00e9cnicos adicionales a trav\u00e9s de <strong data-start=\"6044\" data-end=\"6082\">Federaci\u00f3n del Medio Ambiente del Agua (FEM)<\/strong> en <a class=\"decorated-link\" href=\"https:\/\/www.wef.org\/\" target=\"_new\" rel=\"noopener\" data-start=\"6086\" data-end=\"6106\">https:\/\/www.wef.org\/<\/a>.<\/p>\n<hr data-start=\"6109\" data-end=\"6112\" \/>\n<h2 data-start=\"6114\" data-end=\"6156\">Por qu\u00e9 las instalaciones de Toronto eligen Sentrimax<\/h2>\n<p data-start=\"6158\" data-end=\"6487\">Las instalaciones de Toronto eligen Sentrimax para las piezas de las centr\u00edfugas GEA Westfalia por su soporte t\u00e9cnico, su servicio atento y su compromiso con la calidad. Sentrimax ayuda a los clientes a identificar los componentes correctos, verificar la compatibilidad con los equipos existentes y planificar estrategias de reemplazo de piezas que se ajusten a los objetivos de mantenimiento.<\/p>\n<p data-start=\"6489\" data-end=\"6809\">Cada pedido se acompa\u00f1a de una documentaci\u00f3n clara que proporciona especificaciones y trazabilidad que se integran con los registros de mantenimiento y la planificaci\u00f3n de la gesti\u00f3n de activos. El personal de soporte est\u00e1 disponible para ayudar con la identificaci\u00f3n de piezas, la confirmaci\u00f3n de compatibilidad y la programaci\u00f3n, garantizando as\u00ed una coordinaci\u00f3n fluida con las actividades de servicio.<\/p>\n<hr data-start=\"6811\" data-end=\"6814\" \/>\n<h2 data-start=\"6816\" data-end=\"6872\">Pedido de piezas para centr\u00edfugas GEA Westfalia en Toronto, Ontario<\/h2>\n<p data-start=\"6874\" data-end=\"7195\">El pedido de piezas de Sentrimax est\u00e1 dise\u00f1ado para ser eficiente y estar orientado al cliente. Las instalaciones pueden solicitar presupuestos detallados que incluyen n\u00fameros de pieza, precios, plazos de entrega y confirmaci\u00f3n de compatibilidad. Disponemos de opciones de env\u00edo acelerado para componentes urgentes necesarios para cubrir interrupciones programadas o fallos inesperados.<\/p>\n<p data-start=\"7197\" data-end=\"7358\">Disponer de piezas confiables en stock ayuda a las instalaciones de Toronto a minimizar el tiempo de inactividad no planificado, controlar los costos de mantenimiento y mejorar la confianza en el rendimiento de la centr\u00edfuga.<\/p>\n<hr data-start=\"7360\" data-end=\"7363\" \/>\n<h2 data-start=\"7365\" data-end=\"7420\">Solicitar piezas para centr\u00edfugas GEA Westfalia en Toronto, Ontario<\/h2>\n<p data-start=\"7422\" data-end=\"7666\">Asegure el rendimiento confiable de su centr\u00edfuga GEA Westfalia con repuestos de calidad de Sentrimax. Desde rodamientos y sellos hasta revestimientos antidesgaste y conjuntos rotatorios, Sentrimax proporciona repuestos y soporte confiables para las operaciones de Toronto.<\/p>\n<p data-start=\"7668\" data-end=\"7722\"><strong data-start=\"7668\" data-end=\"7722\"><a class=\"decorated-link\" href=\"https:\/\/sentrimax.com\/es\/contact\/\" target=\"_new\" rel=\"noopener\" data-start=\"7670\" data-end=\"7720\">\u00a1Solicita una cotizaci\u00f3n!<\/a><\/strong><\/p>","protected":false},"excerpt":{"rendered":"<p>Sentrimax supplies high-quality GEA Westfalia centrifuge parts to wastewater treatment plants, industrial processors, and manufacturing operations throughout Toronto, Ontario. Reliable replacement components are essential to maintaining consistent solids-liquid separation performance and minimizing unplanned downtime in demanding applications. Westfalia centrifuges are engineered for rugged, continuous-duty operation, but normal wear from abrasive solids, high torque loads, and [&hellip;]<\/p>\n","protected":false},"author":3,"featured_media":0,"parent":0,"menu_order":0,"comment_status":"closed","ping_status":"closed","template":"seo-page-template.php","meta":{"_acf_changed":false,"inline_featured_image":false,"footnotes":""},"class_list":["post-2311","page","type-page","status-publish","hentry"],"acf":[],"_links":{"self":[{"href":"https:\/\/sentrimax.com\/es\/wp-json\/wp\/v2\/pages\/2311","targetHints":{"allow":["GET"]}}],"collection":[{"href":"https:\/\/sentrimax.com\/es\/wp-json\/wp\/v2\/pages"}],"about":[{"href":"https:\/\/sentrimax.com\/es\/wp-json\/wp\/v2\/types\/page"}],"author":[{"embeddable":true,"href":"https:\/\/sentrimax.com\/es\/wp-json\/wp\/v2\/users\/3"}],"replies":[{"embeddable":true,"href":"https:\/\/sentrimax.com\/es\/wp-json\/wp\/v2\/comments?post=2311"}],"version-history":[{"count":1,"href":"https:\/\/sentrimax.com\/es\/wp-json\/wp\/v2\/pages\/2311\/revisions"}],"predecessor-version":[{"id":2516,"href":"https:\/\/sentrimax.com\/es\/wp-json\/wp\/v2\/pages\/2311\/revisions\/2516"}],"wp:attachment":[{"href":"https:\/\/sentrimax.com\/es\/wp-json\/wp\/v2\/media?parent=2311"}],"curies":[{"name":"wp","href":"https:\/\/api.w.org\/{rel}","templated":true}]}}