{"id":2312,"date":"2026-01-07T16:57:05","date_gmt":"2026-01-07T16:57:05","guid":{"rendered":"https:\/\/sentrimax.com\/?page_id=2312"},"modified":"2026-04-21T21:14:24","modified_gmt":"2026-04-21T21:14:24","slug":"bird-industrial-centrifuge-repair-in-st-louis-mo","status":"publish","type":"page","link":"https:\/\/sentrimax.com\/es\/bird-industrial-centrifuge-repair-in-st-louis-mo\/","title":{"rendered":"Reparaci\u00f3n de centr\u00edfugas industriales Bird en St. Louis, MO"},"content":{"rendered":"<p data-start=\"315\" data-end=\"857\"><img fetchpriority=\"high\" decoding=\"async\" class=\"aligncenter size-full wp-image-1032\" src=\"https:\/\/sentrimax.com\/wp-content\/uploads\/2025\/05\/image-12.png\" alt=\"\" width=\"1440\" height=\"504\" srcset=\"https:\/\/sentrimax.com\/wp-content\/uploads\/2025\/05\/image-12.png 1440w, https:\/\/sentrimax.com\/wp-content\/uploads\/2025\/05\/image-12-600x210.png 600w, https:\/\/sentrimax.com\/wp-content\/uploads\/2025\/05\/image-12-300x105.png 300w, https:\/\/sentrimax.com\/wp-content\/uploads\/2025\/05\/image-12-1024x358.png 1024w, https:\/\/sentrimax.com\/wp-content\/uploads\/2025\/05\/image-12-768x269.png 768w\" sizes=\"(max-width: 1440px) 100vw, 1440px\" \/><\/p>\n<p data-start=\"315\" data-end=\"857\">Sentrimax ofrece servicios profesionales de reparaci\u00f3n de centr\u00edfugas industriales Bird para operaciones de fabricaci\u00f3n, instalaciones de aguas residuales y plantas de proceso en todo el pa\u00eds. <strong data-start=\"473\" data-end=\"496\">San Luis, Misuri<\/strong>. Las centr\u00edfugas Bird son m\u00e1quinas de separaci\u00f3n robustas que se utilizan en una amplia gama de aplicaciones industriales donde la separaci\u00f3n eficiente de s\u00f3lidos y l\u00edquidos es esencial. Cuando estas m\u00e1quinas presentan problemas mec\u00e1nicos, degradaci\u00f3n por desgaste o problemas de rendimiento, es fundamental contar con un servicio de reparaci\u00f3n confiable para evitar costosos tiempos de inactividad y proteger la productividad operativa.<\/p>\n<p data-start=\"859\" data-end=\"1288\">Con d\u00e9cadas de experiencia en el mantenimiento de equipos de separaci\u00f3n de alta velocidad, <strong data-start=\"932\" data-end=\"945\">Sentrimax<\/strong> Ofrece inspecci\u00f3n integral, diagn\u00f3sticos precisos, reparaciones mec\u00e1nicas de precisi\u00f3n y soluciones de reconstrucci\u00f3n adaptadas a las necesidades espec\u00edficas del servicio de centr\u00edfugas industriales. Desde la atenci\u00f3n urgente ante aver\u00edas hasta proyectos de mantenimiento y revisi\u00f3n planificados, Sentrimax ayuda a las instalaciones de St. Louis a restaurar el rendimiento de sus equipos y prolongar su vida \u00fatil.<\/p>\n<hr data-start=\"1290\" data-end=\"1293\" \/>\n<h2 data-start=\"1295\" data-end=\"1358\">Apoyo a las operaciones de centrifugaci\u00f3n industrial en San Luis<\/h2>\n<p data-start=\"1360\" data-end=\"1789\">Instalaciones en todo el <strong data-start=\"1386\" data-end=\"1417\">\u00c1rea metropolitana de San Luis<\/strong> Dependen de las centr\u00edfugas para el procesamiento de aguas residuales, la separaci\u00f3n qu\u00edmica, las operaciones de alimentos y bebidas y las tareas de deshidrataci\u00f3n industrial. Cuando una centr\u00edfuga industrial Bird presenta vibraciones, reducci\u00f3n de la productividad, fugas en los sellos o desgaste de los rodamientos, los equipos de mantenimiento necesitan t\u00e9cnicos experimentados que puedan diagnosticar el problema r\u00e1pidamente e implementar medidas correctivas eficaces.<\/p>\n<p data-start=\"1791\" data-end=\"2119\">Sentrimax ofrece un servicio de campo eficiente en San Luis y sus alrededores, combinando t\u00e9cnicos expertos con herramientas de diagn\u00f3stico centradas en la seguridad para evaluar el estado de la centr\u00edfuga in situ. Este enfoque permite una identificaci\u00f3n m\u00e1s r\u00e1pida de fallas mec\u00e1nicas, una planificaci\u00f3n coordinada de reparaciones y una r\u00e1pida recuperaci\u00f3n de la operaci\u00f3n confiable.<\/p>\n<hr data-start=\"2121\" data-end=\"2124\" \/>\n<h2 data-start=\"2126\" data-end=\"2176\">Por qu\u00e9 es importante la reparaci\u00f3n profesional de centr\u00edfugas para aves<\/h2>\n<p data-start=\"2178\" data-end=\"2646\">Las centr\u00edfugas Bird incorporan conjuntos rotatorios de precisi\u00f3n, rodamientos, sellos y componentes de caja de engranajes dise\u00f1ados para un funcionamiento continuo. Las pr\u00e1cticas de reparaci\u00f3n inadecuadas o un diagn\u00f3stico incompleto pueden provocar vibraciones recurrentes, desequilibrio, desgaste prematuro o fallos adicionales de los componentes. Los t\u00e9cnicos de Sentrimax siguen procedimientos documentados que se ajustan a los est\u00e1ndares de equipos originales y las mejores pr\u00e1cticas de la industria, centr\u00e1ndose tanto en la resoluci\u00f3n de s\u00edntomas como en la investigaci\u00f3n de la causa ra\u00edz.<\/p>\n<p data-start=\"2648\" data-end=\"2967\">Una reparaci\u00f3n exhaustiva no solo aborda los da\u00f1os visibles, sino que tambi\u00e9n identifica problemas subyacentes como desalineaci\u00f3n, fallos en la lubricaci\u00f3n, desequilibrio o estr\u00e9s relacionado con el proceso. Esta metodolog\u00eda integral mejora la confiabilidad a largo plazo y ayuda a las instalaciones de St. Louis a reducir la necesidad de mantenimiento repetido y las paradas inesperadas.<\/p>\n<hr data-start=\"2969\" data-end=\"2972\" \/>\n<h2 data-start=\"2974\" data-end=\"3033\">Servicios integrales de reparaci\u00f3n de centr\u00edfugas industriales Bird<\/h2>\n<p data-start=\"3035\" data-end=\"3172\">Sentrimax ofrece un conjunto completo de servicios de reparaci\u00f3n de centr\u00edfugas Bird dise\u00f1ados para abordar una amplia gama de problemas mec\u00e1nicos y necesidades de servicio:<\/p>\n<ul data-start=\"3174\" data-end=\"3695\">\n<li data-start=\"3174\" data-end=\"3237\">\n<p data-start=\"3176\" data-end=\"3237\"><strong data-start=\"3176\" data-end=\"3235\">Inspecci\u00f3n mec\u00e1nica y evaluaci\u00f3n detallada del estado<\/strong><\/p>\n<\/li>\n<li data-start=\"3238\" data-end=\"3291\">\n<p data-start=\"3240\" data-end=\"3291\"><strong data-start=\"3240\" data-end=\"3289\">Diagn\u00f3stico de fallas y evaluaci\u00f3n de la causa ra\u00edz<\/strong><\/p>\n<\/li>\n<li data-start=\"3292\" data-end=\"3353\">\n<p data-start=\"3294\" data-end=\"3353\"><strong data-start=\"3294\" data-end=\"3351\">Extracci\u00f3n, sustituci\u00f3n y alineaci\u00f3n de precisi\u00f3n de cojinetes<\/strong><\/p>\n<\/li>\n<li data-start=\"3354\" data-end=\"3410\">\n<p data-start=\"3356\" data-end=\"3410\"><strong data-start=\"3356\" data-end=\"3408\">Reparaci\u00f3n o reemplazo de cuencos, espirales y transportadores<\/strong><\/p>\n<\/li>\n<li data-start=\"3411\" data-end=\"3471\">\n<p data-start=\"3413\" data-end=\"3471\"><strong data-start=\"3413\" data-end=\"3469\">Inspecci\u00f3n, reconstrucci\u00f3n y verificaci\u00f3n de torque de la caja de cambios<\/strong><\/p>\n<\/li>\n<li data-start=\"3472\" data-end=\"3519\">\n<p data-start=\"3474\" data-end=\"3519\"><strong data-start=\"3474\" data-end=\"3517\">Equilibrado din\u00e1mico con tolerancias precisas<\/strong><\/p>\n<\/li>\n<li data-start=\"3520\" data-end=\"3581\">\n<p data-start=\"3522\" data-end=\"3581\"><strong data-start=\"3522\" data-end=\"3579\">Reemplazo de sellos y mejoras en los componentes de desgaste<\/strong><\/p>\n<\/li>\n<li data-start=\"3582\" data-end=\"3641\">\n<p data-start=\"3584\" data-end=\"3641\"><strong data-start=\"3584\" data-end=\"3639\">Soporte para resoluci\u00f3n de problemas de instrumentaci\u00f3n y control<\/strong><\/p>\n<\/li>\n<li data-start=\"3642\" data-end=\"3695\">\n<p data-start=\"3644\" data-end=\"3695\"><strong data-start=\"3644\" data-end=\"3695\">Verificaci\u00f3n del rendimiento y asistencia en la puesta en marcha<\/strong><\/p>\n<\/li>\n<\/ul>\n<p data-start=\"3697\" data-end=\"4053\">Cada servicio sigue procedimientos documentados, alineados con los est\u00e1ndares de equipo original y las mejores pr\u00e1cticas t\u00e9cnicas. Los t\u00e9cnicos eval\u00faan no solo los s\u00edntomas visibles, sino tambi\u00e9n factores como la variabilidad de la alimentaci\u00f3n, el estado de la lubricaci\u00f3n y los patrones de vibraci\u00f3n para desarrollar un plan de reparaci\u00f3n completo que mejore tanto el rendimiento inmediato como la confiabilidad a largo plazo.<\/p>\n<p data-start=\"4055\" data-end=\"4178\">Para obtener m\u00e1s informaci\u00f3n sobre las capacidades completas de reparaci\u00f3n de centr\u00edfugas en todos los tipos de equipos, visite <a class=\"decorated-link cursor-pointer\" target=\"_new\" rel=\"noopener\" data-start=\"4137\" data-end=\"4177\">https:\/\/sentrimax.com\/centrifuge-repair\/<\/a>.<\/p>\n<hr data-start=\"4180\" data-end=\"4183\" \/>\n<h2 data-start=\"4185\" data-end=\"4232\">Servicio de campo y respuesta r\u00e1pida en Missouri<\/h2>\n<p data-start=\"4234\" data-end=\"4600\">Las fallas imprevistas de las centr\u00edfugas pueden interrumpir r\u00e1pidamente los programas de producci\u00f3n, afectar la calidad del producto y aumentar los costos de mantenimiento. Sentrimax ofrece un servicio de campo r\u00e1pido en toda la regi\u00f3n de San Luis, llevando t\u00e9cnicos directamente a las instalaciones del cliente con herramientas de diagn\u00f3stico y procedimientos de seguridad para evaluar el estado del equipo e iniciar las reparaciones seg\u00fan sea necesario.<\/p>\n<p data-start=\"4602\" data-end=\"4658\">El servicio in situ ofrece varias ventajas operativas:<\/p>\n<ul data-start=\"4660\" data-end=\"4921\">\n<li data-start=\"4660\" data-end=\"4733\">\n<p data-start=\"4662\" data-end=\"4733\">Evaluaci\u00f3n inmediata del equipo en su entorno operativo real<\/p>\n<\/li>\n<li data-start=\"4734\" data-end=\"4806\">\n<p data-start=\"4736\" data-end=\"4806\">Observaci\u00f3n en tiempo real de vibraciones, temperatura y efectos del proceso.<\/p>\n<\/li>\n<li data-start=\"4807\" data-end=\"4853\">\n<p data-start=\"4809\" data-end=\"4853\">Implementaci\u00f3n r\u00e1pida de acciones correctivas<\/p>\n<\/li>\n<li data-start=\"4854\" data-end=\"4921\">\n<p data-start=\"4856\" data-end=\"4921\">Menor necesidad de transporte costoso a instalaciones de reparaci\u00f3n externas<\/p>\n<\/li>\n<\/ul>\n<p data-start=\"4923\" data-end=\"5087\">Los t\u00e9cnicos de campo colaboran con el personal de las instalaciones para coordinar el servicio con los cronogramas operativos, lo que ayuda a minimizar las interrupciones y acelerar el retorno al servicio.<\/p>\n<hr data-start=\"5089\" data-end=\"5092\" \/>\n<h2 data-start=\"5094\" data-end=\"5134\">Reparaciones de precisi\u00f3n con piezas de calidad<\/h2>\n<p data-start=\"5136\" data-end=\"5347\">La base de una reparaci\u00f3n exitosa reside en la calidad de las piezas de repuesto y los materiales utilizados. Sentrimax suministra componentes de repuesto con calidad OEM y equivalentes para las centr\u00edfugas industriales Bird, entre ellos:<\/p>\n<ul data-start=\"5349\" data-end=\"5583\">\n<li data-start=\"5349\" data-end=\"5384\">\n<p data-start=\"5351\" data-end=\"5384\">Cojinetes y conjuntos de cojinetes<\/p>\n<\/li>\n<li data-start=\"5385\" data-end=\"5419\">\n<p data-start=\"5387\" data-end=\"5419\">Sellos, juntas y anillos de desgaste<\/p>\n<\/li>\n<li data-start=\"5420\" data-end=\"5467\">\n<p data-start=\"5422\" data-end=\"5467\">Scrolls, transportadores y conjuntos rotatorios<\/p>\n<\/li>\n<li data-start=\"5468\" data-end=\"5520\">\n<p data-start=\"5470\" data-end=\"5520\">Componentes de la caja de cambios y piezas de transmisi\u00f3n de par<\/p>\n<\/li>\n<li data-start=\"5521\" data-end=\"5583\">\n<p data-start=\"5523\" data-end=\"5583\">Kits de sujetadores y herrajes de servicio dise\u00f1ados para brindar confiabilidad<\/p>\n<\/li>\n<\/ul>\n<p data-start=\"5585\" data-end=\"5761\">Todas las piezas se inspeccionan para comprobar la precisi\u00f3n dimensional, la integridad del material y la compatibilidad antes de la instalaci\u00f3n para garantizar un rendimiento confiable en condiciones de servicio exigentes.<\/p>\n<p data-start=\"5763\" data-end=\"5865\">Para instalaciones interesadas en opciones de soporte de componentes, visite <a class=\"decorated-link cursor-pointer\" target=\"_new\" rel=\"noopener\" data-start=\"5825\" data-end=\"5864\">https:\/\/sentrimax.com\/centrifuge-parts\/<\/a>.<\/p>\n<hr data-start=\"5867\" data-end=\"5870\" \/>\n<h2 data-start=\"5872\" data-end=\"5923\">Servicios de reconstrucci\u00f3n completos para una m\u00e1xima prolongaci\u00f3n de la vida \u00fatil<\/h2>\n<p data-start=\"5925\" data-end=\"6126\">Para centr\u00edfugas con desgaste significativo o degradaci\u00f3n por el paso del tiempo, Sentrimax ofrece servicios completos de reconstrucci\u00f3n que restauran las m\u00e1quinas a niveles de rendimiento pr\u00e1cticamente nuevos. Una reconstrucci\u00f3n profesional generalmente incluye:<\/p>\n<ul data-start=\"6128\" data-end=\"6388\">\n<li data-start=\"6128\" data-end=\"6174\">\n<p data-start=\"6130\" data-end=\"6174\">Desmontaje completo y limpieza a fondo.<\/p>\n<\/li>\n<li data-start=\"6175\" data-end=\"6229\">\n<p data-start=\"6177\" data-end=\"6229\">Medici\u00f3n y restauraci\u00f3n de tolerancias cr\u00edticas<\/p>\n<\/li>\n<li data-start=\"6230\" data-end=\"6264\">\n<p data-start=\"6232\" data-end=\"6264\">Sustituci\u00f3n de componentes desgastados<\/p>\n<\/li>\n<li data-start=\"6265\" data-end=\"6308\">\n<p data-start=\"6267\" data-end=\"6308\">Mecanizado de precisi\u00f3n para ajuste y equilibrio.<\/p>\n<\/li>\n<li data-start=\"6309\" data-end=\"6351\">\n<p data-start=\"6311\" data-end=\"6351\">Equilibrado din\u00e1mico de elementos rotatorios<\/p>\n<\/li>\n<li data-start=\"6352\" data-end=\"6388\">\n<p data-start=\"6354\" data-end=\"6388\">Reensamblaje y pruebas de rendimiento<\/p>\n<\/li>\n<\/ul>\n<p data-start=\"6390\" data-end=\"6597\">Los proyectos de reconstrucci\u00f3n se planifican en consulta con los equipos de las instalaciones y se programan para alinearse con las paradas planificadas o las ventanas de mantenimiento, minimizando el impacto en las operaciones y maximizando la extensi\u00f3n de la vida \u00fatil del equipo.<\/p>\n<hr data-start=\"6599\" data-end=\"6602\" \/>\n<h2 data-start=\"6604\" data-end=\"6648\">Mantenimiento preventivo para reducir el tiempo de inactividad<\/h2>\n<p data-start=\"6650\" data-end=\"6913\">Las reparaciones reactivas pueden ser costosas y disruptivas. El mantenimiento preventivo ayuda a las instalaciones a identificar problemas emergentes con anticipaci\u00f3n y a programar el servicio antes de que ocurran fallas. Sentrimax colabora con las instalaciones de St. Louis para dise\u00f1ar programas de mantenimiento preventivo que pueden incluir:<\/p>\n<ul data-start=\"6915\" data-end=\"7215\">\n<li data-start=\"6915\" data-end=\"6972\">\n<p data-start=\"6917\" data-end=\"6972\">Inspecciones mec\u00e1nicas de rutina y seguimiento del estado<\/p>\n<\/li>\n<li data-start=\"6973\" data-end=\"7016\">\n<p data-start=\"6975\" data-end=\"7016\">An\u00e1lisis de vibraciones y seguimiento de tendencias<\/p>\n<\/li>\n<li data-start=\"7017\" data-end=\"7066\">\n<p data-start=\"7019\" data-end=\"7066\">Muestreo de aceite y verificaci\u00f3n del estado de lubricaci\u00f3n<\/p>\n<\/li>\n<li data-start=\"7067\" data-end=\"7121\">\n<p data-start=\"7069\" data-end=\"7121\">Medici\u00f3n del desgaste en cojinetes, sellos y transportadores<\/p>\n<\/li>\n<li data-start=\"7122\" data-end=\"7171\">\n<p data-start=\"7124\" data-end=\"7171\">Reemplazo programado de componentes de alto desgaste<\/p>\n<\/li>\n<li data-start=\"7172\" data-end=\"7215\">\n<p data-start=\"7174\" data-end=\"7215\">Verificaci\u00f3n de alineaci\u00f3n y comprobaciones de equilibrio<\/p>\n<\/li>\n<\/ul>\n<p data-start=\"7217\" data-end=\"7371\">La planificaci\u00f3n de actividades de mantenimiento basadas en datos operativos ayuda a las instalaciones a mejorar el tiempo de actividad, controlar los costos de mantenimiento y reducir los eventos de servicio no planificados.<\/p>\n<hr data-start=\"7373\" data-end=\"7376\" \/>\n<h2 data-start=\"7378\" data-end=\"7428\">Apoyo a la estabilidad operativa y el cumplimiento<\/h2>\n<p data-start=\"7430\" data-end=\"7740\">El rendimiento confiable de la centr\u00edfuga garantiza la estabilidad operativa, un rendimiento constante y el cumplimiento de las normas ambientales o de procesos internos. Los componentes desgastados o da\u00f1ados que reducen la eficiencia de la separaci\u00f3n pueden aumentar los vol\u00famenes de transporte, sobrecargar los sistemas posteriores y generar costos operativos inesperados.<\/p>\n<p data-start=\"7742\" data-end=\"8149\">Para obtener orientaci\u00f3n ambiental autorizada relevante para los procesos de separaci\u00f3n de aguas residuales, los operadores pueden consultar la <strong data-start=\"7856\" data-end=\"7902\">Agencia de Protecci\u00f3n Ambiental de los Estados Unidos (EPA)<\/strong> en <a class=\"decorated-link cursor-pointer\" target=\"_new\" rel=\"noopener\" data-start=\"7906\" data-end=\"7931\">https:\/\/www.epa.gov\/water<\/a>. Informaci\u00f3n adicional sobre la industria y mejores pr\u00e1cticas est\u00e1n disponibles a trav\u00e9s de <strong data-start=\"8006\" data-end=\"8044\">Federaci\u00f3n del Medio Ambiente del Agua (FEM)<\/strong> en <a class=\"decorated-link\" href=\"https:\/\/www.wef.org\/\" target=\"_new\" rel=\"noopener\" data-start=\"8048\" data-end=\"8068\">https:\/\/www.wef.org\/<\/a>, ofreciendo valiosos recursos t\u00e9cnicos para profesionales del sector de aguas residuales y procesos.<\/p>\n<hr data-start=\"8151\" data-end=\"8154\" \/>\n<h2 data-start=\"8156\" data-end=\"8200\">\u00bfPor qu\u00e9 las instalaciones de St. Louis eligen Sentrimax?<\/h2>\n<p data-start=\"8202\" data-end=\"8539\">Los operadores de St. Louis eligen Sentrimax para la reparaci\u00f3n de centr\u00edfugas industriales Bird por su profundo conocimiento t\u00e9cnico, capacidad de respuesta y dedicaci\u00f3n a la calidad. Los t\u00e9cnicos de Sentrimax combinan su experiencia mec\u00e1nica con la pr\u00e1ctica de campo, ayudando a las instalaciones a resolver problemas mec\u00e1nicos complejos y a proteger activos cr\u00edticos.<\/p>\n<p data-start=\"8541\" data-end=\"8901\">La comunicaci\u00f3n clara y la documentaci\u00f3n detallada son el sello distintivo de cada servicio de reparaci\u00f3n. Las instalaciones reciben informes de servicio completos que describen los hallazgos de la inspecci\u00f3n, las medidas correctivas adoptadas, los componentes reemplazados y las recomendaciones para la planificaci\u00f3n futura del mantenimiento preventivo. Esta informaci\u00f3n facilita la toma de decisiones informada y las estrategias de gesti\u00f3n de activos.<\/p>\n<p data-start=\"8903\" data-end=\"8997\">Para obtener experiencia en centr\u00edfugas centradas en aguas residuales, consulte <a class=\"decorated-link cursor-pointer\" target=\"_new\" rel=\"noopener\" data-start=\"8952\" data-end=\"8996\">https:\/\/sentrimax.com\/industries\/wastewater\/<\/a>.<\/p>\n<hr data-start=\"8999\" data-end=\"9002\" \/>\n<h2 data-start=\"9004\" data-end=\"9051\">Soporte integral desde el diagn\u00f3stico hasta la puesta en marcha<\/h2>\n<p data-start=\"9053\" data-end=\"9129\">Las capacidades de servicio de Sentrimax se extienden m\u00e1s all\u00e1 de la reparaci\u00f3n mec\u00e1nica para incluir:<\/p>\n<ul data-start=\"9131\" data-end=\"9363\">\n<li data-start=\"9131\" data-end=\"9177\">\n<p data-start=\"9133\" data-end=\"9177\">Coordinaci\u00f3n de aparejos y remoci\u00f3n de equipos<\/p>\n<\/li>\n<li data-start=\"9178\" data-end=\"9230\">\n<p data-start=\"9180\" data-end=\"9230\">Alineaci\u00f3n de precisi\u00f3n y verificaci\u00f3n dimensional<\/p>\n<\/li>\n<li data-start=\"9231\" data-end=\"9280\">\n<p data-start=\"9233\" data-end=\"9280\">Soporte para reinstalaci\u00f3n y calibraci\u00f3n del sistema<\/p>\n<\/li>\n<li data-start=\"9281\" data-end=\"9326\">\n<p data-start=\"9283\" data-end=\"9326\">Asistencia en la puesta en marcha y puesta a punto operativa<\/p>\n<\/li>\n<li data-start=\"9327\" data-end=\"9363\">\n<p data-start=\"9329\" data-end=\"9363\">Evaluaci\u00f3n del desempe\u00f1o posterior a la reparaci\u00f3n<\/p>\n<\/li>\n<\/ul>\n<p data-start=\"9365\" data-end=\"9522\">Este modelo de servicio integral garantiza que las centr\u00edfugas reparadas o reconstruidas regresen al servicio operando de manera segura, confiable y dentro de las especificaciones de dise\u00f1o.<\/p>\n<hr data-start=\"9524\" data-end=\"9527\" \/>\n<h2 data-start=\"9529\" data-end=\"9585\">Mejora continua mediante el monitoreo del desempe\u00f1o<\/h2>\n<p data-start=\"9587\" data-end=\"9954\">La confiabilidad a largo plazo depende de estrategias de mantenimiento basadas en datos. Sentrimax ayuda a las instalaciones a monitorear tendencias de rendimiento, como lecturas de vibraci\u00f3n, perfiles de torque y patrones de desgaste. Al revisar estos datos a lo largo del tiempo, las instalaciones pueden anticipar las necesidades de servicio, ajustar los intervalos de mantenimiento y reducir el costo total de propiedad, a la vez que mejoran el tiempo de actividad de los equipos.<\/p>\n<hr data-start=\"9956\" data-end=\"9959\" \/>\n<h2 data-start=\"9961\" data-end=\"10021\">Solicitar reparaci\u00f3n de centr\u00edfuga industrial Bird en St. Louis, MO<\/h2>\n<p data-start=\"10023\" data-end=\"10390\">Cuando se necesita la reparaci\u00f3n profesional de centr\u00edfugas industriales Bird en St. Louis, MO, las instalaciones conf\u00edan en Sentrimax por su experiencia confiable, respuesta r\u00e1pida y resultados de calidad. Ya sea para solucionar aver\u00edas urgentes, planificar servicios preventivos o realizar reconstrucciones completas, Sentrimax ofrece soluciones dise\u00f1adas para mantener el rendimiento confiable y eficiente de sus centr\u00edfugas.<\/p>\n<p data-start=\"10392\" data-end=\"10446\"><strong data-start=\"10392\" data-end=\"10446\"><a class=\"decorated-link\" href=\"https:\/\/sentrimax.com\/es\/contact\/\" target=\"_new\" rel=\"noopener\" data-start=\"10394\" data-end=\"10444\">\u00a1Solicita una cotizaci\u00f3n!<\/a><\/strong><\/p>","protected":false},"excerpt":{"rendered":"<p>Sentrimax provides professional Bird industrial centrifuge repair services for manufacturing operations, wastewater facilities, and process plants throughout St. Louis, Missouri. Bird centrifuges are rugged separation machines used in a wide range of industrial applications where efficient solids-liquid separation is essential. When these machines experience mechanical issues, wear-related degradation, or emerging performance problems, reliable repair support [&hellip;]<\/p>\n","protected":false},"author":3,"featured_media":0,"parent":0,"menu_order":0,"comment_status":"closed","ping_status":"closed","template":"seo-page-template.php","meta":{"_acf_changed":false,"inline_featured_image":false,"footnotes":""},"class_list":["post-2312","page","type-page","status-publish","hentry"],"acf":[],"_links":{"self":[{"href":"https:\/\/sentrimax.com\/es\/wp-json\/wp\/v2\/pages\/2312","targetHints":{"allow":["GET"]}}],"collection":[{"href":"https:\/\/sentrimax.com\/es\/wp-json\/wp\/v2\/pages"}],"about":[{"href":"https:\/\/sentrimax.com\/es\/wp-json\/wp\/v2\/types\/page"}],"author":[{"embeddable":true,"href":"https:\/\/sentrimax.com\/es\/wp-json\/wp\/v2\/users\/3"}],"replies":[{"embeddable":true,"href":"https:\/\/sentrimax.com\/es\/wp-json\/wp\/v2\/comments?post=2312"}],"version-history":[{"count":1,"href":"https:\/\/sentrimax.com\/es\/wp-json\/wp\/v2\/pages\/2312\/revisions"}],"predecessor-version":[{"id":2515,"href":"https:\/\/sentrimax.com\/es\/wp-json\/wp\/v2\/pages\/2312\/revisions\/2515"}],"wp:attachment":[{"href":"https:\/\/sentrimax.com\/es\/wp-json\/wp\/v2\/media?parent=2312"}],"curies":[{"name":"wp","href":"https:\/\/api.w.org\/{rel}","templated":true}]}}