{"id":2313,"date":"2026-01-07T17:01:06","date_gmt":"2026-01-07T17:01:06","guid":{"rendered":"https:\/\/sentrimax.com\/?page_id=2313"},"modified":"2026-04-21T21:14:23","modified_gmt":"2026-04-21T21:14:23","slug":"rendering-centrifuge-repair-services-in-chicago-il","status":"publish","type":"page","link":"https:\/\/sentrimax.com\/es\/rendering-centrifuge-repair-services-in-chicago-il\/","title":{"rendered":"Servicios de reparaci\u00f3n de centr\u00edfugas en Chicago, Illinois"},"content":{"rendered":"<p data-start=\"300\" data-end=\"850\"><img fetchpriority=\"high\" decoding=\"async\" class=\"aligncenter size-full wp-image-910\" src=\"https:\/\/sentrimax.com\/wp-content\/uploads\/2025\/05\/image-4.png\" alt=\"\" width=\"1648\" height=\"1013\" srcset=\"https:\/\/sentrimax.com\/wp-content\/uploads\/2025\/05\/image-4.png 1648w, https:\/\/sentrimax.com\/wp-content\/uploads\/2025\/05\/image-4-600x369.png 600w, https:\/\/sentrimax.com\/wp-content\/uploads\/2025\/05\/image-4-300x184.png 300w, https:\/\/sentrimax.com\/wp-content\/uploads\/2025\/05\/image-4-1024x629.png 1024w, https:\/\/sentrimax.com\/wp-content\/uploads\/2025\/05\/image-4-768x472.png 768w, https:\/\/sentrimax.com\/wp-content\/uploads\/2025\/05\/image-4-1536x944.png 1536w\" sizes=\"(max-width: 1648px) 100vw, 1648px\" \/><\/p>\n<p data-start=\"300\" data-end=\"850\">Sentrimax ofrece servicios profesionales de reparaci\u00f3n de centr\u00edfugas de renderizado para procesadores industriales, instalaciones de renderizado y operaciones de alimentos y subproductos animales en todo el pa\u00eds. <strong data-start=\"468\" data-end=\"489\">Chicago, Illinois<\/strong>. Las centr\u00edfugas de renderizado desempe\u00f1an un papel fundamental en la separaci\u00f3n de s\u00f3lidos de l\u00edquidos en entornos exigentes de alta temperatura y alto contenido de grasa. Cuando estas m\u00e1quinas experimentan vibraciones, temperaturas elevadas, fallos en los rodamientos o disminuci\u00f3n del rendimiento, es esencial contar con un servicio de reparaci\u00f3n experto para proteger la continuidad de la producci\u00f3n, reducir el riesgo operativo y minimizar los costosos tiempos de inactividad.<\/p>\n<p data-start=\"852\" data-end=\"1297\">Con d\u00e9cadas de experiencia en el servicio de equipos de separaci\u00f3n de alta velocidad, <strong data-start=\"922\" data-end=\"935\">Sentrimax<\/strong> Ofrece inspecci\u00f3n integral, diagn\u00f3sticos precisos, reparaciones mec\u00e1nicas de precisi\u00f3n y soluciones de reconstrucci\u00f3n adaptadas a los requisitos espec\u00edficos de las aplicaciones de centr\u00edfugas de renderizado. Desde la respuesta ante aver\u00edas de emergencia hasta la planificaci\u00f3n del mantenimiento preventivo y las revisiones completas, Sentrimax ayuda a las instalaciones de Chicago a restaurar la confiabilidad y prolongar la vida \u00fatil de los equipos.<\/p>\n<hr data-start=\"1299\" data-end=\"1302\" \/>\n<h2 data-start=\"1304\" data-end=\"1353\">Apoyo a las operaciones de renderizado en Chicago<\/h2>\n<p data-start=\"1355\" data-end=\"1909\">Instalaciones en todo el <strong data-start=\"1381\" data-end=\"1410\">\u00c1rea metropolitana de Chicago<\/strong> Conf\u00ede en las centr\u00edfugas de renderizado para obtener resultados de separaci\u00f3n consistentes y facilitar la purificaci\u00f3n, la recuperaci\u00f3n de grasas y el manejo de s\u00f3lidos aguas abajo. Los procesos de renderizado exponen los componentes de las centr\u00edfugas a altas temperaturas, cargas viscosas y materiales org\u00e1nicos corrosivos que aceleran el desgaste de cojinetes, sellos, espirales y componentes de engranajes. Cuando se presentan problemas como picos de vibraci\u00f3n, sobrecalentamiento, fugas en los sellos o reducci\u00f3n del rendimiento, una reparaci\u00f3n oportuna y precisa es crucial para mantener la eficiencia del proceso.<\/p>\n<p data-start=\"1911\" data-end=\"2211\">Sentrimax ofrece soporte in situ en todo Chicago y la regi\u00f3n circundante, combinando t\u00e9cnicos experimentados con herramientas de diagn\u00f3stico avanzadas para evaluar el estado de la m\u00e1quina, recomendar acciones correctivas e implementar planes de reparaci\u00f3n efectivos que se alineen con los cronogramas y presupuestos operativos.<\/p>\n<p data-start=\"2213\" data-end=\"2336\">Para obtener capacidades m\u00e1s amplias de reparaci\u00f3n de centr\u00edfugas en m\u00faltiples tipos de equipos, visite <a class=\"decorated-link cursor-pointer\" target=\"_new\" rel=\"noopener\" data-start=\"2295\" data-end=\"2335\">https:\/\/sentrimax.com\/centrifuge-repair\/<\/a>.<\/p>\n<hr data-start=\"2338\" data-end=\"2341\" \/>\n<h2 data-start=\"2343\" data-end=\"2398\">Por qu\u00e9 es importante la reparaci\u00f3n profesional de centr\u00edfugas de renderizado<\/h2>\n<p data-start=\"2400\" data-end=\"2848\">Las centr\u00edfugas de renderizado operan en las condiciones m\u00e1s exigentes de cualquier equipo de separaci\u00f3n. Reparaciones inadecuadas, diagn\u00f3sticos incompletos o piezas no compatibles pueden provocar problemas recurrentes, reducir la vida \u00fatil de los componentes principales e inestabilidad del proceso. Los t\u00e9cnicos de Sentrimax est\u00e1n capacitados para seguir procedimientos documentados y las mejores pr\u00e1cticas, alineados con los est\u00e1ndares de equipos originales, para garantizar que las reparaciones aborden tanto los s\u00edntomas como las causas subyacentes.<\/p>\n<p data-start=\"2850\" data-end=\"3137\">Una reparaci\u00f3n completa eval\u00faa no solo los da\u00f1os visibles, sino tambi\u00e9n los factores contribuyentes, como la desalineaci\u00f3n, la falla de la lubricaci\u00f3n, el desequilibrio y la progresi\u00f3n del desgaste. Al identificar y corregir las causas ra\u00edz, las instalaciones se benefician de una mayor confiabilidad de las m\u00e1quinas y una reducci\u00f3n de paradas inesperadas.<\/p>\n<hr data-start=\"3139\" data-end=\"3142\" \/>\n<h2 data-start=\"3144\" data-end=\"3197\">Servicios integrales de reparaci\u00f3n de centr\u00edfugas de renderizado<\/h2>\n<p data-start=\"3199\" data-end=\"3359\">Sentrimax ofrece una gama completa de servicios de reparaci\u00f3n de centr\u00edfugas de renderizado dise\u00f1ados para respaldar a los procesadores de Chicago en todas las etapas de sus necesidades de mantenimiento y servicio:<\/p>\n<ul data-start=\"3361\" data-end=\"3869\">\n<li data-start=\"3361\" data-end=\"3424\">\n<p data-start=\"3363\" data-end=\"3424\"><strong data-start=\"3363\" data-end=\"3422\">Inspecci\u00f3n mec\u00e1nica y evaluaci\u00f3n detallada del estado<\/strong><\/p>\n<\/li>\n<li data-start=\"3425\" data-end=\"3476\">\n<p data-start=\"3427\" data-end=\"3476\"><strong data-start=\"3427\" data-end=\"3474\">Diagn\u00f3stico de fallas y an\u00e1lisis de causa ra\u00edz<\/strong><\/p>\n<\/li>\n<li data-start=\"3477\" data-end=\"3538\">\n<p data-start=\"3479\" data-end=\"3538\"><strong data-start=\"3479\" data-end=\"3536\">Extracci\u00f3n, sustituci\u00f3n y alineaci\u00f3n de precisi\u00f3n de cojinetes<\/strong><\/p>\n<\/li>\n<li data-start=\"3539\" data-end=\"3595\">\n<p data-start=\"3541\" data-end=\"3595\"><strong data-start=\"3541\" data-end=\"3593\">Reparaci\u00f3n o reemplazo de cuencos, espirales y transportadores<\/strong><\/p>\n<\/li>\n<li data-start=\"3596\" data-end=\"3656\">\n<p data-start=\"3598\" data-end=\"3656\"><strong data-start=\"3598\" data-end=\"3654\">Inspecci\u00f3n, reconstrucci\u00f3n y verificaci\u00f3n de torque de la caja de cambios<\/strong><\/p>\n<\/li>\n<li data-start=\"3657\" data-end=\"3704\">\n<p data-start=\"3659\" data-end=\"3704\"><strong data-start=\"3659\" data-end=\"3702\">Equilibrado din\u00e1mico con tolerancias precisas<\/strong><\/p>\n<\/li>\n<li data-start=\"3705\" data-end=\"3758\">\n<p data-start=\"3707\" data-end=\"3758\"><strong data-start=\"3707\" data-end=\"3756\">Reemplazo de sellos y mejoras en la protecci\u00f3n contra el desgaste<\/strong><\/p>\n<\/li>\n<li data-start=\"3759\" data-end=\"3818\">\n<p data-start=\"3761\" data-end=\"3818\"><strong data-start=\"3761\" data-end=\"3816\">Soporte para resoluci\u00f3n de problemas de control e instrumentaci\u00f3n<\/strong><\/p>\n<\/li>\n<li data-start=\"3819\" data-end=\"3869\">\n<p data-start=\"3821\" data-end=\"3869\"><strong data-start=\"3821\" data-end=\"3867\">Pruebas de rendimiento y asistencia para la puesta en marcha<\/strong><\/p>\n<\/li>\n<\/ul>\n<p data-start=\"3871\" data-end=\"4126\">Cada servicio sigue procedimientos documentados, alineados con las especificaciones del equipo original y las mejores pr\u00e1cticas de la industria. Los t\u00e9cnicos se centran en el sistema mec\u00e1nico completo, no solo en los s\u00edntomas superficiales, para identificar y mitigar los factores que contribuyen a las fallas.<\/p>\n<hr data-start=\"4128\" data-end=\"4131\" \/>\n<h2 data-start=\"4133\" data-end=\"4188\">Servicio de campo y respuesta r\u00e1pida en el \u00e1rea de Chicago<\/h2>\n<p data-start=\"4190\" data-end=\"4548\">Las fallas imprevistas de las centr\u00edfugas de renderizado pueden interrumpir la planificaci\u00f3n de la producci\u00f3n, sobrecargar los recursos humanos y aumentar los costos de mantenimiento. Sentrimax ofrece un servicio de campo r\u00e1pido en Chicago y las comunidades aleda\u00f1as, llevando t\u00e9cnicos directamente a las instalaciones del cliente con las herramientas y los diagn\u00f3sticos necesarios para evaluar el equipo en su entorno operativo real.<\/p>\n<p data-start=\"4550\" data-end=\"4616\">El servicio de campo in situ ofrece importantes ventajas operativas:<\/p>\n<ul data-start=\"4618\" data-end=\"4851\">\n<li data-start=\"4618\" data-end=\"4682\">\n<p data-start=\"4620\" data-end=\"4682\">Observaci\u00f3n directa del comportamiento de la m\u00e1quina en condiciones reales<\/p>\n<\/li>\n<li data-start=\"4683\" data-end=\"4734\">\n<p data-start=\"4685\" data-end=\"4734\">Soluci\u00f3n de problemas inmediata y acci\u00f3n correctiva<\/p>\n<\/li>\n<li data-start=\"4735\" data-end=\"4781\">\n<p data-start=\"4737\" data-end=\"4781\">Reducci\u00f3n de la necesidad de transporte de equipos pesados<\/p>\n<\/li>\n<li data-start=\"4782\" data-end=\"4851\">\n<p data-start=\"4784\" data-end=\"4851\">Colaboraci\u00f3n con el personal de las instalaciones para minimizar el impacto en la producci\u00f3n<\/p>\n<\/li>\n<\/ul>\n<p data-start=\"4853\" data-end=\"5020\">Al asociarse con el personal de las instalaciones, los t\u00e9cnicos de campo pueden coordinar el trabajo de servicio con los cronogramas de producci\u00f3n para ayudar a reducir las interrupciones y acelerar el retorno al servicio.<\/p>\n<hr data-start=\"5022\" data-end=\"5025\" \/>\n<h2 data-start=\"5027\" data-end=\"5071\">Reparaciones de precisi\u00f3n con piezas de alta calidad<\/h2>\n<p data-start=\"5073\" data-end=\"5265\">Una reparaci\u00f3n precisa depende de la calidad de los componentes de repuesto instalados durante el servicio. Sentrimax suministra repuestos de calidad OEM y equivalentes para centr\u00edfugas de renderizado, incluyendo:<\/p>\n<ul data-start=\"5267\" data-end=\"5502\">\n<li data-start=\"5267\" data-end=\"5302\">\n<p data-start=\"5269\" data-end=\"5302\">Cojinetes y conjuntos de cojinetes<\/p>\n<\/li>\n<li data-start=\"5303\" data-end=\"5337\">\n<p data-start=\"5305\" data-end=\"5337\">Sellos, juntas y anillos de desgaste<\/p>\n<\/li>\n<li data-start=\"5338\" data-end=\"5370\">\n<p data-start=\"5340\" data-end=\"5370\">Elementos de desplazamiento y transportador<\/p>\n<\/li>\n<li data-start=\"5371\" data-end=\"5423\">\n<p data-start=\"5373\" data-end=\"5423\">Componentes de la caja de cambios y piezas de transmisi\u00f3n de par<\/p>\n<\/li>\n<li data-start=\"5424\" data-end=\"5462\">\n<p data-start=\"5426\" data-end=\"5462\">Conjuntos de cuenco, cubo y giratorios<\/p>\n<\/li>\n<li data-start=\"5463\" data-end=\"5502\">\n<p data-start=\"5465\" data-end=\"5502\">Kits de sujetadores y herrajes de servicio<\/p>\n<\/li>\n<\/ul>\n<p data-start=\"5504\" data-end=\"5682\">Todas las piezas se inspeccionan para comprobar la precisi\u00f3n dimensional, la integridad del material y la compatibilidad antes de la instalaci\u00f3n para garantizar un rendimiento confiable en condiciones de renderizado exigentes.<\/p>\n<p data-start=\"5684\" data-end=\"5769\">Para conocer las opciones de soporte de componentes y piezas, consulte <a class=\"decorated-link cursor-pointer\" target=\"_new\" rel=\"noopener\" data-start=\"5729\" data-end=\"5768\">https:\/\/sentrimax.com\/centrifuge-parts\/<\/a>.<\/p>\n<hr data-start=\"5771\" data-end=\"5774\" \/>\n<h2 data-start=\"5776\" data-end=\"5820\">Reconstrucciones completas y restauraci\u00f3n del rendimiento<\/h2>\n<p data-start=\"5822\" data-end=\"6030\">Para m\u00e1quinas con desgaste considerable o degradaci\u00f3n por el paso del tiempo, Sentrimax ofrece servicios de reconstrucci\u00f3n completos que restauran las centr\u00edfugas de renderizado a un rendimiento como nuevo. Una reconstrucci\u00f3n profesional generalmente incluye:<\/p>\n<ul data-start=\"6032\" data-end=\"6295\">\n<li data-start=\"6032\" data-end=\"6078\">\n<p data-start=\"6034\" data-end=\"6078\">Desmontaje completo y limpieza a fondo.<\/p>\n<\/li>\n<li data-start=\"6079\" data-end=\"6133\">\n<p data-start=\"6081\" data-end=\"6133\">Medici\u00f3n y restauraci\u00f3n de tolerancias cr\u00edticas<\/p>\n<\/li>\n<li data-start=\"6134\" data-end=\"6168\">\n<p data-start=\"6136\" data-end=\"6168\">Sustituci\u00f3n de componentes desgastados<\/p>\n<\/li>\n<li data-start=\"6169\" data-end=\"6212\">\n<p data-start=\"6171\" data-end=\"6212\">Mecanizado de precisi\u00f3n para ajuste y equilibrio.<\/p>\n<\/li>\n<li data-start=\"6213\" data-end=\"6255\">\n<p data-start=\"6215\" data-end=\"6255\">Equilibrado din\u00e1mico de elementos rotatorios<\/p>\n<\/li>\n<li data-start=\"6256\" data-end=\"6295\">\n<p data-start=\"6258\" data-end=\"6295\">Reensamblaje y validaci\u00f3n del rendimiento<\/p>\n<\/li>\n<\/ul>\n<p data-start=\"6297\" data-end=\"6442\">Los proyectos de reconstrucci\u00f3n se coordinan con los equipos de instalaciones para alinearse con las paradas planificadas y los objetivos operativos mientras se maximiza la extensi\u00f3n de la vida \u00fatil.<\/p>\n<hr data-start=\"6444\" data-end=\"6447\" \/>\n<h2 data-start=\"6449\" data-end=\"6500\">Mantenimiento preventivo para confiabilidad a largo plazo<\/h2>\n<p data-start=\"6502\" data-end=\"6774\">Las reparaciones reactivas son costosas y disruptivas. El mantenimiento preventivo ayuda a las instalaciones a detectar signos tempranos de desgaste, reducir las interrupciones imprevistas y optimizar los presupuestos de mantenimiento. Sentrimax colabora con procesadores de Chicago para desarrollar planes de mantenimiento preventivo que pueden incluir:<\/p>\n<ul data-start=\"6776\" data-end=\"7081\">\n<li data-start=\"6776\" data-end=\"6833\">\n<p data-start=\"6778\" data-end=\"6833\">Inspecciones mec\u00e1nicas de rutina y seguimiento del estado<\/p>\n<\/li>\n<li data-start=\"6834\" data-end=\"6869\">\n<p data-start=\"6836\" data-end=\"6869\">An\u00e1lisis de vibraciones y tendencias<\/p>\n<\/li>\n<li data-start=\"6870\" data-end=\"6919\">\n<p data-start=\"6872\" data-end=\"6919\">Muestreo de aceite y verificaci\u00f3n del estado de lubricaci\u00f3n<\/p>\n<\/li>\n<li data-start=\"6920\" data-end=\"6974\">\n<p data-start=\"6922\" data-end=\"6974\">Medici\u00f3n del desgaste en cojinetes, sellos y transportadores<\/p>\n<\/li>\n<li data-start=\"6975\" data-end=\"7024\">\n<p data-start=\"6977\" data-end=\"7024\">Reemplazo programado de componentes de alto desgaste<\/p>\n<\/li>\n<li data-start=\"7025\" data-end=\"7081\">\n<p data-start=\"7027\" data-end=\"7081\">Verificaci\u00f3n de alineaci\u00f3n y balanceo din\u00e1mico seg\u00fan sea necesario<\/p>\n<\/li>\n<\/ul>\n<p data-start=\"7083\" data-end=\"7222\">Al planificar el servicio en funci\u00f3n de datos operativos en lugar de fallas inesperadas, las instalaciones pueden mejorar el tiempo de actividad y estabilizar los costos de mantenimiento.<\/p>\n<hr data-start=\"7224\" data-end=\"7227\" \/>\n<h2 data-start=\"7229\" data-end=\"7279\">Apoyo a la estabilidad operativa y el cumplimiento<\/h2>\n<p data-start=\"7281\" data-end=\"7563\">El rendimiento confiable de la centr\u00edfuga contribuye a una calidad de producci\u00f3n constante, a la eficiencia en la gesti\u00f3n de s\u00f3lidos y al cumplimiento normativo en las operaciones de renderizado. Una eficiencia de separaci\u00f3n deficiente puede incrementar los costos de manejo de residuos, sobrecargar los procesos posteriores y comprometer los est\u00e1ndares de calidad.<\/p>\n<p data-start=\"7565\" data-end=\"7985\">Para un contexto m\u00e1s amplio sobre los est\u00e1ndares de proceso y las expectativas ambientales, los operadores pueden consultar <strong data-start=\"7664\" data-end=\"7710\">Agencia de Protecci\u00f3n Ambiental de los Estados Unidos (EPA)<\/strong> en <a class=\"decorated-link cursor-pointer\" target=\"_new\" rel=\"noopener\" data-start=\"7714\" data-end=\"7739\">https:\/\/www.epa.gov\/water<\/a>. Informaci\u00f3n t\u00e9cnica adicional y las mejores pr\u00e1cticas de la industria est\u00e1n disponibles en <strong data-start=\"7821\" data-end=\"7859\">Federaci\u00f3n del Medio Ambiente del Agua (FEM)<\/strong> en <a class=\"decorated-link\" href=\"https:\/\/www.wef.org\/\" target=\"_new\" rel=\"noopener\" data-start=\"7863\" data-end=\"7883\">https:\/\/www.wef.org\/<\/a>, ofreciendo recursos valiosos para la planificaci\u00f3n del proceso de separaci\u00f3n y consideraciones sobre el tratamiento de aguas residuales.<\/p>\n<hr data-start=\"7987\" data-end=\"7990\" \/>\n<h2 data-start=\"7992\" data-end=\"8034\">Por qu\u00e9 las instalaciones de Chicago eligen Sentrimax<\/h2>\n<p data-start=\"8036\" data-end=\"8402\">Los operadores de Chicago eligen a Sentrimax para la reparaci\u00f3n de centr\u00edfugas de renderizado por su combinaci\u00f3n de experiencia t\u00e9cnica, soporte de campo \u00e1gil y compromiso con la calidad. Los t\u00e9cnicos de Sentrimax comprenden la din\u00e1mica mec\u00e1nica de los equipos de separaci\u00f3n de alta velocidad y las presiones operativas que enfrentan las instalaciones de renderizado, industriales y de aguas residuales.<\/p>\n<p data-start=\"8404\" data-end=\"8755\">Una comunicaci\u00f3n clara y una documentaci\u00f3n completa son parte integral de cada intervenci\u00f3n de servicio. Las instalaciones reciben informes detallados que describen los hallazgos del diagn\u00f3stico, las acciones correctivas, los componentes reemplazados y las recomendaciones para la planificaci\u00f3n del mantenimiento futuro. Esta informaci\u00f3n facilita la toma de decisiones proactiva y las estrategias de gesti\u00f3n de activos a largo plazo.<\/p>\n<p data-start=\"8757\" data-end=\"8864\">Para aplicaciones de aguas residuales y otros servicios de centr\u00edfuga, consulte <a class=\"decorated-link cursor-pointer\" target=\"_new\" rel=\"noopener\" data-start=\"8819\" data-end=\"8863\">https:\/\/sentrimax.com\/industries\/wastewater\/<\/a>.<\/p>\n<hr data-start=\"8866\" data-end=\"8869\" \/>\n<h2 data-start=\"8871\" data-end=\"8919\">Soporte integral desde la inspecci\u00f3n hasta la puesta en marcha<\/h2>\n<p data-start=\"8921\" data-end=\"8998\">Las capacidades de servicio de Sentrimax se extienden m\u00e1s all\u00e1 de las reparaciones mec\u00e1nicas para incluir:<\/p>\n<ul data-start=\"9000\" data-end=\"9222\">\n<li data-start=\"9000\" data-end=\"9047\">\n<p data-start=\"9002\" data-end=\"9047\">Coordinaci\u00f3n de aparejos y retirada de centr\u00edfugas<\/p>\n<\/li>\n<li data-start=\"9048\" data-end=\"9100\">\n<p data-start=\"9050\" data-end=\"9100\">Alineaci\u00f3n de precisi\u00f3n y verificaci\u00f3n dimensional<\/p>\n<\/li>\n<li data-start=\"9101\" data-end=\"9150\">\n<p data-start=\"9103\" data-end=\"9150\">Soporte para reinstalaci\u00f3n y calibraci\u00f3n del sistema<\/p>\n<\/li>\n<li data-start=\"9151\" data-end=\"9184\">\n<p data-start=\"9153\" data-end=\"9184\">Asistencia para la puesta en marcha y puesta a punto<\/p>\n<\/li>\n<li data-start=\"9185\" data-end=\"9222\">\n<p data-start=\"9187\" data-end=\"9222\">Evaluaci\u00f3n del desempe\u00f1o posterior al servicio<\/p>\n<\/li>\n<\/ul>\n<p data-start=\"9224\" data-end=\"9361\">Este enfoque de servicio integral garantiza que las centr\u00edfugas de renderizado vuelvan a funcionar sin problemas, de manera confiable y dentro de las especificaciones de dise\u00f1o.<\/p>\n<hr data-start=\"9363\" data-end=\"9366\" \/>\n<h2 data-start=\"9368\" data-end=\"9424\">Mejora continua mediante el monitoreo del desempe\u00f1o<\/h2>\n<p data-start=\"9426\" data-end=\"9809\">La confiabilidad a largo plazo depende de estrategias de mantenimiento basadas en datos. Sentrimax ayuda a las instalaciones a monitorear indicadores clave de rendimiento, como niveles de vibraci\u00f3n, perfiles de torque y tendencias de desgaste de componentes. Al revisar estos datos a lo largo del tiempo, las instalaciones pueden anticipar las necesidades de servicio, optimizar los intervalos de mantenimiento y reducir las paradas imprevistas, a la vez que disminuyen el costo total de propiedad.<\/p>\n<hr data-start=\"9811\" data-end=\"9814\" \/>\n<h2 data-start=\"9816\" data-end=\"9877\">Solicitar servicios de reparaci\u00f3n de centr\u00edfugas en Chicago, IL<\/h2>\n<p data-start=\"9879\" data-end=\"10264\">Cuando se requieren servicios de reparaci\u00f3n de centr\u00edfugas de renderizado experto en <strong data-start=\"9944\" data-end=\"9959\">Chicago, Illinois<\/strong>, Las instalaciones conf\u00edan en Sentrimax por su experiencia confiable, respuesta r\u00e1pida y resultados profesionales. Ya sea para solucionar aver\u00edas urgentes, planificar mantenimiento preventivo o realizar reconstrucciones completas, Sentrimax ofrece soluciones dise\u00f1adas para mantener el rendimiento confiable y eficiente de sus equipos de separaci\u00f3n.<\/p>\n<p data-start=\"10266\" data-end=\"10320\"><strong data-start=\"10266\" data-end=\"10320\"><a class=\"decorated-link\" href=\"https:\/\/sentrimax.com\/es\/contact\/\" target=\"_new\" rel=\"noopener\" data-start=\"10268\" data-end=\"10318\">\u00a1Solicita una cotizaci\u00f3n!<\/a><\/strong><\/p>","protected":false},"excerpt":{"rendered":"<p>Sentrimax provides professional rendering centrifuge repair services for industrial processors, rendering facilities, and food &amp; animal byproduct operations throughout Chicago, Illinois. Rendering centrifuges play a critical role in separating solids from liquids in demanding high-temperature, high-fat environments. When these machines experience vibration, elevated temperatures, bearing failures, or performance decline, expert repair support is essential to [&hellip;]<\/p>\n","protected":false},"author":3,"featured_media":0,"parent":0,"menu_order":0,"comment_status":"closed","ping_status":"closed","template":"seo-page-template.php","meta":{"_acf_changed":false,"inline_featured_image":false,"footnotes":""},"class_list":["post-2313","page","type-page","status-publish","hentry"],"acf":[],"_links":{"self":[{"href":"https:\/\/sentrimax.com\/es\/wp-json\/wp\/v2\/pages\/2313","targetHints":{"allow":["GET"]}}],"collection":[{"href":"https:\/\/sentrimax.com\/es\/wp-json\/wp\/v2\/pages"}],"about":[{"href":"https:\/\/sentrimax.com\/es\/wp-json\/wp\/v2\/types\/page"}],"author":[{"embeddable":true,"href":"https:\/\/sentrimax.com\/es\/wp-json\/wp\/v2\/users\/3"}],"replies":[{"embeddable":true,"href":"https:\/\/sentrimax.com\/es\/wp-json\/wp\/v2\/comments?post=2313"}],"version-history":[{"count":1,"href":"https:\/\/sentrimax.com\/es\/wp-json\/wp\/v2\/pages\/2313\/revisions"}],"predecessor-version":[{"id":2514,"href":"https:\/\/sentrimax.com\/es\/wp-json\/wp\/v2\/pages\/2313\/revisions\/2514"}],"wp:attachment":[{"href":"https:\/\/sentrimax.com\/es\/wp-json\/wp\/v2\/media?parent=2313"}],"curies":[{"name":"wp","href":"https:\/\/api.w.org\/{rel}","templated":true}]}}