{"id":2314,"date":"2026-01-07T17:02:51","date_gmt":"2026-01-07T17:02:51","guid":{"rendered":"https:\/\/sentrimax.com\/?page_id=2314"},"modified":"2026-04-21T21:14:22","modified_gmt":"2026-04-21T21:14:22","slug":"rendering-plant-centrifuge-service-in-houston-tx","status":"publish","type":"page","link":"https:\/\/sentrimax.com\/es\/rendering-plant-centrifuge-service-in-houston-tx\/","title":{"rendered":"Servicio de centrifugaci\u00f3n para plantas de renderizado en Houston, TX"},"content":{"rendered":"<p data-start=\"315\" data-end=\"796\"><img fetchpriority=\"high\" decoding=\"async\" class=\"aligncenter size-full wp-image-905\" src=\"https:\/\/sentrimax.com\/wp-content\/uploads\/2025\/05\/image-77.png\" alt=\"\" width=\"1440\" height=\"504\" srcset=\"https:\/\/sentrimax.com\/wp-content\/uploads\/2025\/05\/image-77.png 1440w, https:\/\/sentrimax.com\/wp-content\/uploads\/2025\/05\/image-77-600x210.png 600w, https:\/\/sentrimax.com\/wp-content\/uploads\/2025\/05\/image-77-300x105.png 300w, https:\/\/sentrimax.com\/wp-content\/uploads\/2025\/05\/image-77-1024x358.png 1024w, https:\/\/sentrimax.com\/wp-content\/uploads\/2025\/05\/image-77-768x269.png 768w\" sizes=\"(max-width: 1440px) 100vw, 1440px\" \/><\/p>\n<p data-start=\"315\" data-end=\"796\">Sentrimax ofrece un servicio profesional de centr\u00edfugas para plantas de renderizado para procesadores industriales en todo el pa\u00eds. <strong data-start=\"419\" data-end=\"437\">Houston, Texas<\/strong>. Las centr\u00edfugas de renderizado son indispensables para la separaci\u00f3n de s\u00f3lidos, grasas y l\u00edquidos en el procesamiento a gran escala de subproductos animales. Cuando estas m\u00e1quinas experimentan desgaste, desequilibrio, fallas en los rodamientos, vibraciones o degradaci\u00f3n del rendimiento, un servicio confiable es esencial para mantener la continuidad de la producci\u00f3n, reducir los costos de mantenimiento y evitar costosos tiempos de inactividad.<\/p>\n<p data-start=\"798\" data-end=\"1318\">Con d\u00e9cadas de experiencia en el servicio de equipos de separaci\u00f3n de s\u00f3lidos y l\u00edquidos de alta velocidad, <strong data-start=\"882\" data-end=\"895\">Sentrimax<\/strong> Ofrece diagn\u00f3sticos precisos, reparaciones mec\u00e1nicas integrales, planes de mantenimiento preventivo y soluciones integrales de reconstrucci\u00f3n adaptadas a las condiciones y exigencias operativas espec\u00edficas de las plantas de procesamiento. Ya sea para responder a una falla urgente, ejecutar un programa de mantenimiento programado o planificar una revisi\u00f3n completa, Sentrimax apoya a los operadores de Houston con su experiencia que protege el tiempo de actividad y prolonga la vida \u00fatil de los equipos.<\/p>\n<hr data-start=\"1320\" data-end=\"1323\" \/>\n<h2 data-start=\"1325\" data-end=\"1374\">Apoyo a las operaciones de renderizado en Houston<\/h2>\n<p data-start=\"1376\" data-end=\"1890\">Instalaciones en todo el <strong data-start=\"1402\" data-end=\"1431\">\u00c1rea metropolitana de Houston<\/strong> Conf\u00eda en las centr\u00edfugas de renderizado para separar eficientemente grasas, aceites, s\u00f3lidos y l\u00edquidos, un proceso fundamental para la recuperaci\u00f3n de subproductos, la gesti\u00f3n del flujo de residuos y el procesamiento posterior. Los entornos de renderizado se encuentran entre los m\u00e1s exigentes para los equipos de separaci\u00f3n, exponiendo los componentes de las centr\u00edfugas a altas temperaturas, cargas pesadas y lodos viscosos y abrasivos. Estas condiciones aceleran el desgaste de rodamientos, sellos, espirales, elementos transportadores y componentes de la caja de engranajes.<\/p>\n<p data-start=\"1892\" data-end=\"2250\">Cuando se presentan problemas como vibraci\u00f3n, altas temperaturas en los rodamientos, fugas en los sellos o reducci\u00f3n en la eficiencia de separaci\u00f3n, es fundamental contar con un servicio oportuno por parte de t\u00e9cnicos experimentados. Sentrimax ofrece asistencia in situ eficaz para evaluar el estado de la m\u00e1quina, diagnosticar problemas e implementar planes de servicio eficaces que se ajusten a los cronogramas operativos y las normas de seguridad.<\/p>\n<p data-start=\"2252\" data-end=\"2414\">Para conocer las capacidades de servicio en varios tipos de centr\u00edfugas, incluidos decantadores, separadores y tecnolog\u00edas de desplazamiento, consulte <a class=\"decorated-link cursor-pointer\" target=\"_new\" rel=\"noopener\" data-start=\"2373\" data-end=\"2413\">https:\/\/sentrimax.com\/centrifuge-repair\/<\/a>.<\/p>\n<hr data-start=\"2416\" data-end=\"2419\" \/>\n<h2 data-start=\"2421\" data-end=\"2472\">\u00bfQu\u00e9 incluye el servicio de centr\u00edfuga de planta de renderizado?<\/h2>\n<p data-start=\"2474\" data-end=\"2651\">Sentrimax ofrece un conjunto completo de servicios para centr\u00edfugas de renderizado, dise\u00f1ados para restaurar el rendimiento, prolongar la vida \u00fatil y reducir el riesgo de interrupciones imprevistas. Los principales servicios que ofrecemos incluyen:<\/p>\n<ul data-start=\"2653\" data-end=\"3184\">\n<li data-start=\"2653\" data-end=\"2716\">\n<p data-start=\"2655\" data-end=\"2716\"><strong data-start=\"2655\" data-end=\"2714\">Inspecci\u00f3n mec\u00e1nica y evaluaci\u00f3n detallada del estado<\/strong><\/p>\n<\/li>\n<li data-start=\"2717\" data-end=\"2768\">\n<p data-start=\"2719\" data-end=\"2768\"><strong data-start=\"2719\" data-end=\"2766\">Diagn\u00f3stico de fallas y an\u00e1lisis de causa ra\u00edz<\/strong><\/p>\n<\/li>\n<li data-start=\"2769\" data-end=\"2830\">\n<p data-start=\"2771\" data-end=\"2830\"><strong data-start=\"2771\" data-end=\"2828\">Extracci\u00f3n, sustituci\u00f3n y alineaci\u00f3n de precisi\u00f3n de cojinetes<\/strong><\/p>\n<\/li>\n<li data-start=\"2831\" data-end=\"2894\">\n<p data-start=\"2833\" data-end=\"2894\"><strong data-start=\"2833\" data-end=\"2892\">Reparaci\u00f3n o reemplazo de tazones, espirales, tornillos y transportadores<\/strong><\/p>\n<\/li>\n<li data-start=\"2895\" data-end=\"2955\">\n<p data-start=\"2897\" data-end=\"2955\"><strong data-start=\"2897\" data-end=\"2953\">Evaluaci\u00f3n, reconstrucci\u00f3n y verificaci\u00f3n de torque de la caja de cambios<\/strong><\/p>\n<\/li>\n<li data-start=\"2956\" data-end=\"3003\">\n<p data-start=\"2958\" data-end=\"3003\"><strong data-start=\"2958\" data-end=\"3001\">Equilibrado din\u00e1mico con tolerancias precisas<\/strong><\/p>\n<\/li>\n<li data-start=\"3004\" data-end=\"3057\">\n<p data-start=\"3006\" data-end=\"3057\"><strong data-start=\"3006\" data-end=\"3055\">Reemplazo de sellos y mayor protecci\u00f3n contra el desgaste<\/strong><\/p>\n<\/li>\n<li data-start=\"3058\" data-end=\"3117\">\n<p data-start=\"3060\" data-end=\"3117\"><strong data-start=\"3060\" data-end=\"3115\">Soporte para resoluci\u00f3n de problemas de control e instrumentaci\u00f3n<\/strong><\/p>\n<\/li>\n<li data-start=\"3118\" data-end=\"3184\">\n<p data-start=\"3120\" data-end=\"3184\"><strong data-start=\"3120\" data-end=\"3184\">Asistencia en la puesta en marcha y verificaci\u00f3n del rendimiento posterior al servicio<\/strong><\/p>\n<\/li>\n<\/ul>\n<p data-start=\"3186\" data-end=\"3455\">Cada servicio sigue procedimientos documentados, alineados con los est\u00e1ndares de equipos originales y las mejores pr\u00e1cticas de la industria. Al analizar el sistema operativo completo, no solo los s\u00edntomas superficiales, los t\u00e9cnicos ayudan a las instalaciones a mitigar problemas recurrentes y mejorar la confiabilidad a largo plazo.<\/p>\n<hr data-start=\"3457\" data-end=\"3460\" \/>\n<h2 data-start=\"3462\" data-end=\"3506\">Servicio de campo y respuesta r\u00e1pida en Texas<\/h2>\n<p data-start=\"3508\" data-end=\"3810\">Las fallas inesperadas de las centr\u00edfugas pueden interrumpir la producci\u00f3n, agotar los recursos de mantenimiento y aumentar los costos operativos. Sentrimax ofrece un servicio de campo eficiente en todo Houston y la regi\u00f3n circundante, enviando t\u00e9cnicos experimentados equipados con herramientas de diagn\u00f3stico directamente a las instalaciones del cliente.<\/p>\n<p data-start=\"3812\" data-end=\"3857\">El servicio in situ ofrece ventajas cruciales:<\/p>\n<ul data-start=\"3859\" data-end=\"4109\">\n<li data-start=\"3859\" data-end=\"3918\">\n<p data-start=\"3861\" data-end=\"3918\">Evaluaci\u00f3n de equipos en condiciones reales de proceso<\/p>\n<\/li>\n<li data-start=\"3919\" data-end=\"3972\">\n<p data-start=\"3921\" data-end=\"3972\">Soluci\u00f3n inmediata de problemas y medidas correctivas<\/p>\n<\/li>\n<li data-start=\"3973\" data-end=\"4027\">\n<p data-start=\"3975\" data-end=\"4027\">Reducci\u00f3n del tiempo de transporte de equipos y de los costes asociados<\/p>\n<\/li>\n<li data-start=\"4028\" data-end=\"4109\">\n<p data-start=\"4030\" data-end=\"4109\">Coordinaci\u00f3n con el personal de las instalaciones para alinear el servicio con los cronogramas de producci\u00f3n.<\/p>\n<\/li>\n<\/ul>\n<p data-start=\"4111\" data-end=\"4261\">Los t\u00e9cnicos de campo aplican procedimientos centrados en la seguridad y experiencia pr\u00e1ctica para garantizar que las actividades de servicio se integren perfectamente con las operaciones de las instalaciones.<\/p>\n<hr data-start=\"4263\" data-end=\"4266\" \/>\n<h2 data-start=\"4268\" data-end=\"4308\">Reparaciones de precisi\u00f3n con piezas de calidad<\/h2>\n<p data-start=\"4310\" data-end=\"4523\">La eficacia de cualquier reparaci\u00f3n depende en gran medida de la calidad de las piezas de repuesto instaladas. Sentrimax suministra componentes de repuesto con calidad OEM y equivalentes para centr\u00edfugas de plantas de renderizado, entre ellos:<\/p>\n<ul data-start=\"4525\" data-end=\"4770\">\n<li data-start=\"4525\" data-end=\"4560\">\n<p data-start=\"4527\" data-end=\"4560\">Cojinetes y conjuntos de cojinetes<\/p>\n<\/li>\n<li data-start=\"4561\" data-end=\"4595\">\n<p data-start=\"4563\" data-end=\"4595\">Sellos, juntas y anillos de desgaste<\/p>\n<\/li>\n<li data-start=\"4596\" data-end=\"4638\">\n<p data-start=\"4598\" data-end=\"4638\">Scrolls, tornillos y elementos transportadores<\/p>\n<\/li>\n<li data-start=\"4639\" data-end=\"4691\">\n<p data-start=\"4641\" data-end=\"4691\">Piezas de caja de cambios y componentes de transmisi\u00f3n de par<\/p>\n<\/li>\n<li data-start=\"4692\" data-end=\"4730\">\n<p data-start=\"4694\" data-end=\"4730\">Conjuntos de cuenco, cubo y giratorios<\/p>\n<\/li>\n<li data-start=\"4731\" data-end=\"4770\">\n<p data-start=\"4733\" data-end=\"4770\">Kits de sujetadores y herrajes de servicio<\/p>\n<\/li>\n<\/ul>\n<p data-start=\"4772\" data-end=\"4951\">Todas las piezas se inspeccionan para comprobar la precisi\u00f3n dimensional, la integridad del material y la compatibilidad antes de la instalaci\u00f3n para garantizar un rendimiento confiable en entornos de renderizado exigentes.<\/p>\n<p data-start=\"4953\" data-end=\"5060\">Para obtener informaci\u00f3n sobre componentes de reemplazo y soporte de piezas, visite <a class=\"decorated-link cursor-pointer\" target=\"_new\" rel=\"noopener\" data-start=\"5020\" data-end=\"5059\">https:\/\/sentrimax.com\/centrifuge-parts\/<\/a>.<\/p>\n<hr data-start=\"5062\" data-end=\"5065\" \/>\n<h2 data-start=\"5067\" data-end=\"5110\">Reconstrucciones completas para una m\u00e1xima prolongaci\u00f3n de la vida \u00fatil<\/h2>\n<p data-start=\"5112\" data-end=\"5321\">Para centr\u00edfugas con desgaste avanzado o pr\u00f3ximas al final de su vida \u00fatil, Sentrimax ofrece servicios integrales de reconstrucci\u00f3n que restauran las m\u00e1quinas a un estado operativo pr\u00e1cticamente nuevo. Los proyectos de reconstrucci\u00f3n suelen incluir:<\/p>\n<ul data-start=\"5323\" data-end=\"5524\">\n<li data-start=\"5323\" data-end=\"5360\">\n<p data-start=\"5325\" data-end=\"5360\">Desmontaje y limpieza completos<\/p>\n<\/li>\n<li data-start=\"5361\" data-end=\"5414\">\n<p data-start=\"5363\" data-end=\"5414\">Inspecci\u00f3n y restauraci\u00f3n de tolerancias cr\u00edticas<\/p>\n<\/li>\n<li data-start=\"5415\" data-end=\"5449\">\n<p data-start=\"5417\" data-end=\"5449\">Sustituci\u00f3n de componentes desgastados<\/p>\n<\/li>\n<li data-start=\"5450\" data-end=\"5487\">\n<p data-start=\"5452\" data-end=\"5487\">Mecanizado y equilibrado de precisi\u00f3n<\/p>\n<\/li>\n<li data-start=\"5488\" data-end=\"5524\">\n<p data-start=\"5490\" data-end=\"5524\">Reensamblaje y pruebas de rendimiento<\/p>\n<\/li>\n<\/ul>\n<p data-start=\"5526\" data-end=\"5698\">Las reconstrucciones se coordinan con los equipos de la planta para alinearse con las paradas planificadas o las ventanas de mantenimiento, minimizando la interrupci\u00f3n operativa y maximizando la extensi\u00f3n de la vida \u00fatil.<\/p>\n<hr data-start=\"5700\" data-end=\"5703\" \/>\n<h2 data-start=\"5705\" data-end=\"5753\">Mantenimiento preventivo para mejorar la confiabilidad<\/h2>\n<p data-start=\"5755\" data-end=\"6042\">Las reparaciones reactivas son costosas en piezas, mano de obra y p\u00e9rdida de producci\u00f3n. El mantenimiento preventivo ayuda a las plantas de procesamiento a identificar el desgaste y los problemas emergentes antes de que provoquen fallas. Sentrimax colabora con las plantas de Houston para desarrollar programas de mantenimiento preventivo que pueden incluir:<\/p>\n<ul data-start=\"6044\" data-end=\"6327\">\n<li data-start=\"6044\" data-end=\"6101\">\n<p data-start=\"6046\" data-end=\"6101\">Inspecciones mec\u00e1nicas de rutina y seguimiento del estado<\/p>\n<\/li>\n<li data-start=\"6102\" data-end=\"6137\">\n<p data-start=\"6104\" data-end=\"6137\">An\u00e1lisis de vibraciones y tendencias<\/p>\n<\/li>\n<li data-start=\"6138\" data-end=\"6181\">\n<p data-start=\"6140\" data-end=\"6181\">Muestreo de aceite y monitoreo de lubricaci\u00f3n<\/p>\n<\/li>\n<li data-start=\"6182\" data-end=\"6230\">\n<p data-start=\"6184\" data-end=\"6230\">Medici\u00f3n del desgaste y seguimiento de la vida \u00fatil de los componentes<\/p>\n<\/li>\n<li data-start=\"6231\" data-end=\"6275\">\n<p data-start=\"6233\" data-end=\"6275\">Reemplazo programado de elementos de alto desgaste<\/p>\n<\/li>\n<li data-start=\"6276\" data-end=\"6327\">\n<p data-start=\"6278\" data-end=\"6327\">Comprobaciones de alineaci\u00f3n y verificaci\u00f3n del equilibrio din\u00e1mico<\/p>\n<\/li>\n<\/ul>\n<p data-start=\"6329\" data-end=\"6602\">Al planificar el mantenimiento en funci\u00f3n de los datos operativos en lugar de las fallas, las instalaciones pueden mejorar el tiempo de actividad, reducir las llamadas de servicio de emergencia y optimizar el gasto en mantenimiento. Sentrimax tambi\u00e9n ofrece acuerdos de servicio que brindan respuesta prioritaria y soporte continuo a largo plazo.<\/p>\n<hr data-start=\"6604\" data-end=\"6607\" \/>\n<h2 data-start=\"6609\" data-end=\"6660\">Apoyando la eficiencia operativa y el cumplimiento<\/h2>\n<p data-start=\"6662\" data-end=\"7056\">En aplicaciones de renderizado, el rendimiento de las centr\u00edfugas influye directamente en la calidad de la producci\u00f3n, la eficiencia del manejo de residuos y los costos operativos. Un rendimiento de separaci\u00f3n inconsistente o deficiente puede aumentar los vol\u00famenes de transporte, sobrecargar los procesos posteriores y aumentar el riesgo de gesti\u00f3n. El servicio de centr\u00edfugas para renderizado ayuda a las instalaciones a mantener una calidad de separaci\u00f3n constante y a proteger la continuidad operativa.<\/p>\n<p data-start=\"7058\" data-end=\"7519\">Para un contexto regulatorio y de procesos m\u00e1s amplio relevante para el manejo de aguas residuales y s\u00f3lidos, los operadores pueden consultar recursos de <strong data-start=\"7188\" data-end=\"7234\">Agencia de Protecci\u00f3n Ambiental de los Estados Unidos (EPA)<\/strong> en <a class=\"decorated-link cursor-pointer\" target=\"_new\" rel=\"noopener\" data-start=\"7238\" data-end=\"7263\">https:\/\/www.epa.gov\/water<\/a>. Informaci\u00f3n adicional sobre la industria y mejores pr\u00e1cticas est\u00e1n disponibles a trav\u00e9s de <strong data-start=\"7338\" data-end=\"7376\">Federaci\u00f3n del Medio Ambiente del Agua (FEM)<\/strong> en <a class=\"decorated-link\" href=\"https:\/\/www.wef.org\/\" target=\"_new\" rel=\"noopener\" data-start=\"7380\" data-end=\"7400\">https:\/\/www.wef.org\/<\/a>, ofreciendo una valiosa orientaci\u00f3n sobre estrategias de procesamiento y tratamiento de s\u00f3lidos que se cruzan con los flujos de desechos de renderizado.<\/p>\n<hr data-start=\"7521\" data-end=\"7524\" \/>\n<h2 data-start=\"7526\" data-end=\"7568\">Por qu\u00e9 las instalaciones de Houston eligen Sentrimax<\/h2>\n<p data-start=\"7570\" data-end=\"7894\">Los procesadores de Houston eligen a Sentrimax para el servicio de centr\u00edfugas por su profundidad t\u00e9cnica, experiencia pr\u00e1ctica en campo y compromiso con la calidad. Los t\u00e9cnicos de Sentrimax combinan conocimientos mec\u00e1nicos con experiencia pr\u00e1ctica, ayudando a las instalaciones a resolver complejos desaf\u00edos de separaci\u00f3n y a proteger activos cr\u00edticos.<\/p>\n<p data-start=\"7896\" data-end=\"8283\">Una comunicaci\u00f3n clara y una documentaci\u00f3n completa son fundamentales en cada intervenci\u00f3n de servicio. Las instalaciones reciben informes detallados que describen los hallazgos del diagn\u00f3stico, las medidas correctivas adoptadas, los componentes reemplazados y las recomendaciones para la planificaci\u00f3n del mantenimiento futuro. Esta informaci\u00f3n permite a los equipos de operaciones tomar decisiones informadas y perfeccionar las estrategias de mantenimiento para garantizar la fiabilidad a largo plazo.<\/p>\n<p data-start=\"8285\" data-end=\"8383\">Para obtener experiencia en procesos de separaci\u00f3n y aguas residuales, consulte <a class=\"decorated-link cursor-pointer\" target=\"_new\" rel=\"noopener\" data-start=\"8338\" data-end=\"8382\">https:\/\/sentrimax.com\/industries\/wastewater\/<\/a>.<\/p>\n<hr data-start=\"8385\" data-end=\"8388\" \/>\n<h2 data-start=\"8390\" data-end=\"8438\">Soporte integral desde la inspecci\u00f3n hasta la puesta en marcha<\/h2>\n<p data-start=\"8440\" data-end=\"8511\">El modelo de servicio de Sentrimax se extiende m\u00e1s all\u00e1 de las reparaciones mec\u00e1nicas para incluir:<\/p>\n<ul data-start=\"8513\" data-end=\"8746\">\n<li data-start=\"8513\" data-end=\"8559\">\n<p data-start=\"8515\" data-end=\"8559\">Coordinaci\u00f3n de aparejos y remoci\u00f3n de equipos<\/p>\n<\/li>\n<li data-start=\"8560\" data-end=\"8612\">\n<p data-start=\"8562\" data-end=\"8612\">Alineaci\u00f3n de precisi\u00f3n y verificaci\u00f3n dimensional<\/p>\n<\/li>\n<li data-start=\"8613\" data-end=\"8662\">\n<p data-start=\"8615\" data-end=\"8662\">Soporte para reinstalaci\u00f3n y calibraci\u00f3n del sistema<\/p>\n<\/li>\n<li data-start=\"8663\" data-end=\"8708\">\n<p data-start=\"8665\" data-end=\"8708\">Asistencia en la puesta en marcha y puesta a punto operativa<\/p>\n<\/li>\n<li data-start=\"8709\" data-end=\"8746\">\n<p data-start=\"8711\" data-end=\"8746\">Evaluaci\u00f3n del desempe\u00f1o posterior al servicio<\/p>\n<\/li>\n<\/ul>\n<p data-start=\"8748\" data-end=\"8878\">Este enfoque de servicio hol\u00edstico garantiza que las centr\u00edfugas de renderizado vuelvan a funcionar de forma segura, sin problemas y dentro de las expectativas de dise\u00f1o.<\/p>\n<hr data-start=\"8880\" data-end=\"8883\" \/>\n<h2 data-start=\"8885\" data-end=\"8941\">Mejora continua mediante el seguimiento operativo<\/h2>\n<p data-start=\"8943\" data-end=\"9268\">La fiabilidad a largo plazo de las centr\u00edfugas de renderizado depende de estrategias de mantenimiento basadas en datos. Sentrimax ayuda a las instalaciones a monitorizar indicadores clave de rendimiento, como tendencias de vibraci\u00f3n, perfiles de par y patrones de desgaste a lo largo del tiempo, para anticipar las necesidades de servicio, optimizar la planificaci\u00f3n del mantenimiento y reducir el coste total de propiedad.<\/p>\n<hr data-start=\"9270\" data-end=\"9273\" \/>\n<h2 data-start=\"9275\" data-end=\"9334\">Solicitar servicio de centr\u00edfuga para plantas de renderizado en Houston, TX<\/h2>\n<p data-start=\"9336\" data-end=\"9712\">Cuando se requiere un servicio experto de centr\u00edfugas para plantas de renderizado en Houston, Texas, las instalaciones conf\u00edan en Sentrimax para obtener experiencia confiable, soporte r\u00e1pido y resultados profesionales. Ya sea para solucionar fallas urgentes, planificar mantenimiento preventivo o realizar reconstrucciones completas, Sentrimax ofrece soluciones dise\u00f1adas para mantener sus centr\u00edfugas funcionando de manera confiable y eficiente.<\/p>\n<p data-start=\"9714\" data-end=\"9768\"><strong data-start=\"9714\" data-end=\"9768\"><a class=\"decorated-link\" href=\"https:\/\/sentrimax.com\/es\/contact\/\" target=\"_new\" rel=\"noopener\" data-start=\"9716\" data-end=\"9766\">\u00a1Solicita una cotizaci\u00f3n!<\/a><\/strong><\/p>","protected":false},"excerpt":{"rendered":"<p>Sentrimax provides professional rendering plant centrifuge service for industrial processors throughout Houston, Texas. Rendering centrifuges are indispensable in the separation of solids, fats, and liquids within large-scale animal byproduct processing. When these machines experience wear, imbalance, bearing failures, vibration, or performance degradation, reliable service is essential to maintain production continuity, reduce maintenance costs, and avoid [&hellip;]<\/p>\n","protected":false},"author":3,"featured_media":0,"parent":0,"menu_order":0,"comment_status":"closed","ping_status":"closed","template":"seo-page-template.php","meta":{"_acf_changed":false,"inline_featured_image":false,"footnotes":""},"class_list":["post-2314","page","type-page","status-publish","hentry"],"acf":[],"_links":{"self":[{"href":"https:\/\/sentrimax.com\/es\/wp-json\/wp\/v2\/pages\/2314","targetHints":{"allow":["GET"]}}],"collection":[{"href":"https:\/\/sentrimax.com\/es\/wp-json\/wp\/v2\/pages"}],"about":[{"href":"https:\/\/sentrimax.com\/es\/wp-json\/wp\/v2\/types\/page"}],"author":[{"embeddable":true,"href":"https:\/\/sentrimax.com\/es\/wp-json\/wp\/v2\/users\/3"}],"replies":[{"embeddable":true,"href":"https:\/\/sentrimax.com\/es\/wp-json\/wp\/v2\/comments?post=2314"}],"version-history":[{"count":1,"href":"https:\/\/sentrimax.com\/es\/wp-json\/wp\/v2\/pages\/2314\/revisions"}],"predecessor-version":[{"id":2513,"href":"https:\/\/sentrimax.com\/es\/wp-json\/wp\/v2\/pages\/2314\/revisions\/2513"}],"wp:attachment":[{"href":"https:\/\/sentrimax.com\/es\/wp-json\/wp\/v2\/media?parent=2314"}],"curies":[{"name":"wp","href":"https:\/\/api.w.org\/{rel}","templated":true}]}}