{"id":2315,"date":"2026-01-07T17:04:31","date_gmt":"2026-01-07T17:04:31","guid":{"rendered":"https:\/\/sentrimax.com\/?page_id=2315"},"modified":"2026-04-21T21:14:22","modified_gmt":"2026-04-21T21:14:22","slug":"rendering-centrifuge-parts-in-st-louis-mo","status":"publish","type":"page","link":"https:\/\/sentrimax.com\/es\/rendering-centrifuge-parts-in-st-louis-mo\/","title":{"rendered":"Procesamiento de piezas de centr\u00edfuga en St. Louis, MO"},"content":{"rendered":"<p data-start=\"292\" data-end=\"983\"><img fetchpriority=\"high\" decoding=\"async\" class=\"aligncenter size-full wp-image-904\" src=\"https:\/\/sentrimax.com\/wp-content\/uploads\/2025\/05\/image-3-1.png\" alt=\"\" width=\"1236\" height=\"760\" srcset=\"https:\/\/sentrimax.com\/wp-content\/uploads\/2025\/05\/image-3-1.png 1236w, https:\/\/sentrimax.com\/wp-content\/uploads\/2025\/05\/image-3-1-600x369.png 600w, https:\/\/sentrimax.com\/wp-content\/uploads\/2025\/05\/image-3-1-300x184.png 300w, https:\/\/sentrimax.com\/wp-content\/uploads\/2025\/05\/image-3-1-1024x630.png 1024w, https:\/\/sentrimax.com\/wp-content\/uploads\/2025\/05\/image-3-1-768x472.png 768w\" sizes=\"(max-width: 1236px) 100vw, 1236px\" \/><\/p>\n<p data-start=\"292\" data-end=\"983\">Sentrimax suministra piezas de centr\u00edfugas de renderizado de alta calidad a procesadores industriales, instalaciones de aguas residuales y plantas de alimentos y subproductos animales en todo el mundo. <strong data-start=\"444\" data-end=\"467\">San Luis, Misuri<\/strong>. Las centr\u00edfugas de renderizado operan en las condiciones m\u00e1s exigentes: una combinaci\u00f3n de altas temperaturas, lodos viscosos, grasas, aceites y s\u00f3lidos abrasivos somete a una intensa tensi\u00f3n a los rodamientos, sellos, espirales, transportadores y componentes de la caja de engranajes. Con el tiempo, incluso los conjuntos rotativos m\u00e1s robustos sufren un desgaste que compromete el rendimiento y la disponibilidad. Sentrimax ayuda a las instalaciones de St. Louis a obtener las piezas de repuesto adecuadas para restaurar la confiabilidad, reducir las paradas imprevistas y apoyar la planificaci\u00f3n del mantenimiento preventivo.<\/p>\n<hr data-start=\"985\" data-end=\"988\" \/>\n<h2 data-start=\"990\" data-end=\"1047\">Soporte de piezas locales para operaciones de renderizado en St. Louis<\/h2>\n<p data-start=\"1049\" data-end=\"1528\">Operadores en el <strong data-start=\"1066\" data-end=\"1097\">\u00c1rea metropolitana de San Luis<\/strong> Conf\u00ede en el rendimiento confiable de sus centr\u00edfugas para mantener los cronogramas de producci\u00f3n, controlar los costos y alcanzar los objetivos del proceso. Cuando los componentes cr\u00edticos se desgastan o fallan, es fundamental acceder oportunamente a repuestos de calidad. Sentrimax ofrece soporte t\u00e9cnico y asistencia t\u00e9cnica inmediata para ayudar a las instalaciones a identificar componentes compatibles y planificar reemplazos que se ajusten tanto al mantenimiento preventivo como a las necesidades de reparaci\u00f3n reactiva.<\/p>\n<p data-start=\"1530\" data-end=\"1753\">El suministro confiable de piezas ayuda a reducir los plazos de entrega, mejorar la planificaci\u00f3n del mantenimiento y mantener las centr\u00edfugas funcionando de manera constante, incluso bajo las altas temperaturas de funcionamiento y las cargas pesadas de s\u00f3lidos t\u00edpicas de los entornos de renderizado.<\/p>\n<hr data-start=\"1755\" data-end=\"1758\" \/>\n<h2 data-start=\"1760\" data-end=\"1816\">Inventario completo de piezas de centr\u00edfugas de renderizado<\/h2>\n<p data-start=\"1818\" data-end=\"2001\">Sentrimax facilita el acceso a una amplia selecci\u00f3n de componentes de repuesto compatibles con las centr\u00edfugas de renderizado utilizadas en aplicaciones industriales y de aguas residuales. Las piezas principales incluyen:<\/p>\n<ul data-start=\"2003\" data-end=\"2689\">\n<li data-start=\"2003\" data-end=\"2124\">\n<p data-start=\"2005\" data-end=\"2124\"><strong data-start=\"2005\" data-end=\"2040\">Cojinetes y conjuntos de cojinetes<\/strong> Dise\u00f1ado para cargas radiales y axiales pesadas en servicio de alta temperatura y alta velocidad.<\/p>\n<\/li>\n<li data-start=\"2125\" data-end=\"2233\">\n<p data-start=\"2127\" data-end=\"2233\"><strong data-start=\"2127\" data-end=\"2148\">Sellos y juntas<\/strong> Dise\u00f1ado para resistir la entrada de fluidos y la contaminaci\u00f3n en lodos viscosos con alto contenido de grasa.<\/p>\n<\/li>\n<li data-start=\"2234\" data-end=\"2330\">\n<p data-start=\"2236\" data-end=\"2330\"><strong data-start=\"2236\" data-end=\"2280\">Revestimientos antidesgaste y baldosas resistentes a la abrasi\u00f3n<\/strong> Para cuencos, carcasas de espirales y zonas de alto desgaste<\/p>\n<\/li>\n<li data-start=\"2331\" data-end=\"2435\">\n<p data-start=\"2333\" data-end=\"2435\"><strong data-start=\"2333\" data-end=\"2387\">Vuelo de desplazamiento, transportadores y conjuntos giratorios<\/strong> que optimizan el transporte y descarga de s\u00f3lidos<\/p>\n<\/li>\n<li data-start=\"2436\" data-end=\"2533\">\n<p data-start=\"2438\" data-end=\"2533\"><strong data-start=\"2438\" data-end=\"2470\">Componentes de caja de cambios y transmisi\u00f3n<\/strong> Para favorecer una transferencia de par fiable y estabilidad rotacional<\/p>\n<\/li>\n<li data-start=\"2534\" data-end=\"2610\">\n<p data-start=\"2536\" data-end=\"2610\"><strong data-start=\"2536\" data-end=\"2574\">Conjuntos de cuenco, cubo y giratorios<\/strong> esencial para una separaci\u00f3n eficiente<\/p>\n<\/li>\n<li data-start=\"2611\" data-end=\"2689\">\n<p data-start=\"2613\" data-end=\"2689\"><strong data-start=\"2613\" data-end=\"2644\">Kits de sujetadores y herrajes<\/strong> Para tareas de mantenimiento y reconstrucci\u00f3n confiables<\/p>\n<\/li>\n<\/ul>\n<p data-start=\"2691\" data-end=\"2852\">Estas piezas admiten tanto reparaciones reactivas como estrategias de mantenimiento proactivo, lo que ayuda a las instalaciones de St. Louis a mantener el tiempo de actividad y optimizar el rendimiento de la centr\u00edfuga.<\/p>\n<p data-start=\"2854\" data-end=\"2961\">Para obtener m\u00e1s informaci\u00f3n sobre la disponibilidad de piezas y soporte, visite<br data-start=\"2918\" data-end=\"2921\" \/><a class=\"decorated-link cursor-pointer\" target=\"_new\" rel=\"noopener\" data-start=\"2921\" data-end=\"2960\">https:\/\/sentrimax.com\/centrifuge-parts\/<\/a>.<\/p>\n<hr data-start=\"2963\" data-end=\"2966\" \/>\n<h2 data-start=\"2968\" data-end=\"3013\">Piezas de calidad OEM para un rendimiento confiable<\/h2>\n<p data-start=\"3015\" data-end=\"3623\">Los componentes de repuesto que cumplen con las especificaciones del equipo original son esenciales para maximizar el rendimiento y la longevidad de los equipos rotativos de alta velocidad, como las centr\u00edfugas de renderizado. Sentrimax suministra piezas con calidad OEM y equivalentes, cuya precisi\u00f3n dimensional, integridad del material y compatibilidad se verifican antes del env\u00edo. El uso de rodamientos de alto rendimiento, sellos robustos y revestimientos resistentes a la abrasi\u00f3n ayuda a reducir la vibraci\u00f3n, mejorar el equilibrio y extender los intervalos de servicio, brindando a los operadores de St. Louis la confianza de que las piezas de repuesto funcionar\u00e1n de forma fiable en condiciones de servicio exigentes.<\/p>\n<hr data-start=\"3625\" data-end=\"3628\" \/>\n<h2 data-start=\"3630\" data-end=\"3674\">Piezas que apoyan el mantenimiento preventivo<\/h2>\n<p data-start=\"3676\" data-end=\"4060\">El reemplazo proactivo de piezas es clave para un mantenimiento preventivo eficaz. Sentrimax colabora con las instalaciones de St. Louis para desarrollar planes de repuestos basados en las horas de operaci\u00f3n, las cargas de s\u00f3lidos, el historial de desgaste y los datos de monitoreo de condici\u00f3n. Programar el cambio de piezas antes de que se produzcan fallas ayuda a las instalaciones a reducir las paradas imprevistas, estabilizar los presupuestos de mantenimiento y mejorar el tiempo de actividad de los equipos.<\/p>\n<p data-start=\"4062\" data-end=\"4105\">Las estrategias de prevenci\u00f3n de piezas comunes incluyen:<\/p>\n<ul data-start=\"4107\" data-end=\"4367\">\n<li data-start=\"4107\" data-end=\"4171\">\n<p data-start=\"4109\" data-end=\"4171\">Inspecci\u00f3n programada y reemplazo de componentes de alto desgaste<\/p>\n<\/li>\n<li data-start=\"4172\" data-end=\"4229\">\n<p data-start=\"4174\" data-end=\"4229\">Coordinaci\u00f3n de entregas de piezas con paradas planificadas<\/p>\n<\/li>\n<li data-start=\"4230\" data-end=\"4292\">\n<p data-start=\"4232\" data-end=\"4292\">Monitoreo de tendencias de vibraci\u00f3n y desgaste para pronosticar la vida \u00fatil de las piezas<\/p>\n<\/li>\n<li data-start=\"4293\" data-end=\"4367\">\n<p data-start=\"4295\" data-end=\"4367\">Integraci\u00f3n de la planificaci\u00f3n de piezas con la programaci\u00f3n de servicios de campo y reparaciones<\/p>\n<\/li>\n<\/ul>\n<p data-start=\"4369\" data-end=\"4632\">Planificar el reemplazo de piezas de esta manera ayuda a las instalaciones a evitar costosas reparaciones reactivas y a maximizar la vida \u00fatil de los componentes. Para obtener un servicio completo que complemente el suministro de piezas, incluyendo inspecciones y evaluaciones de estado, consulte<br data-start=\"4588\" data-end=\"4591\" \/><a class=\"decorated-link cursor-pointer\" target=\"_new\" rel=\"noopener\" data-start=\"4591\" data-end=\"4631\">https:\/\/sentrimax.com\/centrifuge-repair\/<\/a>.<\/p>\n<hr data-start=\"4634\" data-end=\"4637\" \/>\n<h2 data-start=\"4639\" data-end=\"4676\">Gu\u00eda de piezas centrada en la aplicaci\u00f3n<\/h2>\n<p data-start=\"4678\" data-end=\"4796\">Las centr\u00edfugas de renderizado se utilizan en una variedad de aplicaciones y las necesidades de piezas pueden variar seg\u00fan las condiciones del proceso:<\/p>\n<ul data-start=\"4798\" data-end=\"5164\">\n<li data-start=\"4798\" data-end=\"4930\">\n<p data-start=\"4800\" data-end=\"4930\"><strong data-start=\"4800\" data-end=\"4836\">L\u00edneas de renderizado de alta temperatura<\/strong> A menudo se requieren cojinetes y sellos tolerantes al calor dise\u00f1ados para soportar cargas de calor elevadas.<\/p>\n<\/li>\n<li data-start=\"4931\" data-end=\"5056\">\n<p data-start=\"4933\" data-end=\"5056\"><strong data-start=\"4933\" data-end=\"4963\">Lodos viscosos con alto contenido de grasa<\/strong> ejercen una presi\u00f3n adicional sobre los sellos, juntas y componentes de desgaste que requieren materiales m\u00e1s robustos.<\/p>\n<\/li>\n<li data-start=\"5057\" data-end=\"5164\">\n<p data-start=\"5059\" data-end=\"5164\"><strong data-start=\"5059\" data-end=\"5078\">S\u00f3lidos abrasivos<\/strong> Los contaminantes comunes en las corrientes de subproductos aceleran el desgaste de los tazones, espirales y superficies de los transportadores.<\/p>\n<\/li>\n<\/ul>\n<p data-start=\"5166\" data-end=\"5363\">Sentrimax ayuda a los operadores de St. Louis a seleccionar piezas que se adapten a sus condiciones operativas espec\u00edficas y objetivos de rendimiento, garantizando que los reemplazos brinden mejoras mensurables en el tiempo de actividad y la vida \u00fatil de las piezas.<\/p>\n<p data-start=\"5365\" data-end=\"5527\">Para obtener m\u00e1s informaci\u00f3n sobre el servicio de centrifugaci\u00f3n y c\u00f3mo los equipos de separaci\u00f3n respaldan los procesos de aguas residuales, visite <a class=\"decorated-link cursor-pointer\" target=\"_new\" rel=\"noopener\" data-start=\"5482\" data-end=\"5526\">https:\/\/sentrimax.com\/industries\/wastewater\/<\/a>.<\/p>\n<hr data-start=\"5529\" data-end=\"5532\" \/>\n<h2 data-start=\"5534\" data-end=\"5586\">Apoyando la confiabilidad operativa y el cumplimiento<\/h2>\n<p data-start=\"5588\" data-end=\"5955\">El rendimiento constante de la centr\u00edfuga contribuye a la calidad de la producci\u00f3n, la eficiencia en el manejo de s\u00f3lidos y la fiabilidad del proceso. Las piezas desgastadas o da\u00f1adas pueden reducir la eficiencia de la separaci\u00f3n, aumentar el volumen de residuos y sobrecargar las operaciones posteriores. El reemplazo oportuno de piezas ayuda a las instalaciones a mantener un funcionamiento estable y contribuye a alcanzar objetivos m\u00e1s amplios de cumplimiento y rendimiento.<\/p>\n<p data-start=\"5957\" data-end=\"6362\">Para el contexto regulatorio relacionado con el tratamiento de aguas residuales y los est\u00e1ndares ambientales que a menudo se superponen con los flujos de desechos de las plantas de procesamiento, los operadores pueden consultar la gu\u00eda de la <strong data-start=\"6137\" data-end=\"6183\">Agencia de Protecci\u00f3n Ambiental de los Estados Unidos (EPA)<\/strong> en <a class=\"decorated-link cursor-pointer\" target=\"_new\" rel=\"noopener\" data-start=\"6187\" data-end=\"6212\">https:\/\/www.epa.gov\/water<\/a>. Se encuentran disponibles est\u00e1ndares t\u00e9cnicos adicionales y mejores pr\u00e1cticas de la industria a trav\u00e9s de <strong data-start=\"6299\" data-end=\"6337\">Federaci\u00f3n del Medio Ambiente del Agua (FEM)<\/strong> en <a class=\"decorated-link\" href=\"https:\/\/www.wef.org\/\" target=\"_new\" rel=\"noopener\" data-start=\"6341\" data-end=\"6361\">https:\/\/www.wef.org\/<\/a>.<\/p>\n<hr data-start=\"6364\" data-end=\"6367\" \/>\n<h2 data-start=\"6369\" data-end=\"6413\">\u00bfPor qu\u00e9 las instalaciones de St. Louis eligen Sentrimax?<\/h2>\n<p data-start=\"6415\" data-end=\"6727\">Las instalaciones de St. Louis eligen Sentrimax para el procesamiento de piezas de centr\u00edfugas por su profundo conocimiento t\u00e9cnico, su soporte t\u00e9cnico eficiente y su compromiso con la calidad. Sentrimax ayuda con la identificaci\u00f3n de piezas, la confirmaci\u00f3n de compatibilidad y la planificaci\u00f3n de piezas, alineada con las estrategias de mantenimiento y los programas de paradas.<\/p>\n<p data-start=\"6729\" data-end=\"7049\">Cada pedido se acompa\u00f1a de una documentaci\u00f3n clara que proporciona especificaciones y trazabilidad que se integran con los registros de mantenimiento y las pr\u00e1cticas de gesti\u00f3n de activos. Nuestro equipo de soporte experto est\u00e1 disponible para asistir en la selecci\u00f3n de piezas, la programaci\u00f3n y la coordinaci\u00f3n de las actividades de servicio, garantizando as\u00ed una planificaci\u00f3n y ejecuci\u00f3n fluidas.<\/p>\n<hr data-start=\"7051\" data-end=\"7054\" \/>\n<h2 data-start=\"7056\" data-end=\"7110\">Pedido de piezas para centr\u00edfugas de renderizado en St. Louis, MO<\/h2>\n<p data-start=\"7112\" data-end=\"7432\">El pedido de piezas de Sentrimax est\u00e1 dise\u00f1ado para ser eficiente y orientado al usuario. Las instalaciones pueden solicitar presupuestos detallados que incluyen n\u00fameros de pieza, precios, plazos de entrega y verificaci\u00f3n de compatibilidad. Disponemos de opciones de env\u00edo urgente cuando se necesitan componentes urgentes para cubrir interrupciones programadas o fallos inesperados.<\/p>\n<p data-start=\"7434\" data-end=\"7596\">Tener las piezas adecuadas a mano ayuda a los operadores de St. Louis a minimizar el tiempo de inactividad no planificado, controlar los costos de mantenimiento y mejorar la confianza en el rendimiento de la centr\u00edfuga.<\/p>\n<hr data-start=\"7598\" data-end=\"7601\" \/>\n<h2 data-start=\"7603\" data-end=\"7656\">Solicitar piezas de centr\u00edfuga en St. Louis, MO<\/h2>\n<p data-start=\"7658\" data-end=\"7902\">Asegure el rendimiento confiable de su centr\u00edfuga de renderizado con repuestos de calidad de Sentrimax. Desde rodamientos y sellos hasta revestimientos antidesgaste y conjuntos rotatorios, Sentrimax suministra repuestos y soporte confiables para las operaciones de St. Louis.<\/p>\n<p data-start=\"7904\" data-end=\"7958\"><strong data-start=\"7904\" data-end=\"7958\"><a class=\"decorated-link\" href=\"https:\/\/sentrimax.com\/es\/contact\/\" target=\"_new\" rel=\"noopener\" data-start=\"7906\" data-end=\"7956\">\u00a1Solicita una cotizaci\u00f3n!<\/a><\/strong><\/p>","protected":false},"excerpt":{"rendered":"<p>Sentrimax supplies high-quality rendering centrifuge parts to industrial processors, wastewater facilities, and food\/animal byproduct plants throughout St. Louis, Missouri. Rendering centrifuges operate under some of the toughest conditions\u2014a combination of high temperatures, viscous slurries, fats, oils, and abrasive solids puts intense stress on bearings, seals, scrolls, conveyors, and gearbox components. Over time, even the most [&hellip;]<\/p>\n","protected":false},"author":3,"featured_media":0,"parent":0,"menu_order":0,"comment_status":"closed","ping_status":"closed","template":"seo-page-template.php","meta":{"_acf_changed":false,"inline_featured_image":false,"footnotes":""},"class_list":["post-2315","page","type-page","status-publish","hentry"],"acf":[],"_links":{"self":[{"href":"https:\/\/sentrimax.com\/es\/wp-json\/wp\/v2\/pages\/2315","targetHints":{"allow":["GET"]}}],"collection":[{"href":"https:\/\/sentrimax.com\/es\/wp-json\/wp\/v2\/pages"}],"about":[{"href":"https:\/\/sentrimax.com\/es\/wp-json\/wp\/v2\/types\/page"}],"author":[{"embeddable":true,"href":"https:\/\/sentrimax.com\/es\/wp-json\/wp\/v2\/users\/3"}],"replies":[{"embeddable":true,"href":"https:\/\/sentrimax.com\/es\/wp-json\/wp\/v2\/comments?post=2315"}],"version-history":[{"count":1,"href":"https:\/\/sentrimax.com\/es\/wp-json\/wp\/v2\/pages\/2315\/revisions"}],"predecessor-version":[{"id":2512,"href":"https:\/\/sentrimax.com\/es\/wp-json\/wp\/v2\/pages\/2315\/revisions\/2512"}],"wp:attachment":[{"href":"https:\/\/sentrimax.com\/es\/wp-json\/wp\/v2\/media?parent=2315"}],"curies":[{"name":"wp","href":"https:\/\/api.w.org\/{rel}","templated":true}]}}