{"id":2316,"date":"2026-01-07T17:06:10","date_gmt":"2026-01-07T17:06:10","guid":{"rendered":"https:\/\/sentrimax.com\/?page_id=2316"},"modified":"2026-04-21T21:14:21","modified_gmt":"2026-04-21T21:14:21","slug":"rendering-centrifuge-repair-in-raleigh-nc","status":"publish","type":"page","link":"https:\/\/sentrimax.com\/es\/rendering-centrifuge-repair-in-raleigh-nc\/","title":{"rendered":"Reparaci\u00f3n de centr\u00edfugas de renderizado en Raleigh, Carolina del Norte"},"content":{"rendered":"<p data-start=\"298\" data-end=\"905\"><img fetchpriority=\"high\" decoding=\"async\" class=\"aligncenter size-full wp-image-880\" src=\"https:\/\/sentrimax.com\/wp-content\/uploads\/2025\/05\/image-2-1-scaled.png\" alt=\"\" width=\"2560\" height=\"896\" srcset=\"https:\/\/sentrimax.com\/wp-content\/uploads\/2025\/05\/image-2-1-scaled.png 2560w, https:\/\/sentrimax.com\/wp-content\/uploads\/2025\/05\/image-2-1-scaled-600x210.png 600w, https:\/\/sentrimax.com\/wp-content\/uploads\/2025\/05\/image-2-1-300x105.png 300w, https:\/\/sentrimax.com\/wp-content\/uploads\/2025\/05\/image-2-1-1024x358.png 1024w, https:\/\/sentrimax.com\/wp-content\/uploads\/2025\/05\/image-2-1-768x269.png 768w, https:\/\/sentrimax.com\/wp-content\/uploads\/2025\/05\/image-2-1-1536x538.png 1536w, https:\/\/sentrimax.com\/wp-content\/uploads\/2025\/05\/image-2-1-2048x717.png 2048w\" sizes=\"(max-width: 2560px) 100vw, 2560px\" \/><\/p>\n<p data-start=\"298\" data-end=\"905\">Sentrimax ofrece servicios profesionales de reparaci\u00f3n de centr\u00edfugas de renderizado para procesadores industriales, plantas de renderizado y operaciones de aguas residuales en todo el pa\u00eds. <strong data-start=\"449\" data-end=\"476\">Raleigh, Carolina del Norte<\/strong>. Las centr\u00edfugas de renderizado realizan una separaci\u00f3n cr\u00edtica de s\u00f3lidos y l\u00edquidos en entornos abrasivos, con alto contenido de grasa y alta temperatura, comunes en el procesamiento de subproductos animales y en los sistemas de separaci\u00f3n industrial. Cuando estas m\u00e1quinas experimentan vibraciones, fallas en los rodamientos, problemas de sellado o disminuci\u00f3n del rendimiento, una reparaci\u00f3n oportuna y experta es esencial para proteger la continuidad de la producci\u00f3n, reducir el riesgo de mantenimiento y minimizar los costosos tiempos de inactividad.<\/p>\n<p data-start=\"907\" data-end=\"1357\">Con d\u00e9cadas de experiencia en el servicio de equipos de separaci\u00f3n centr\u00edfuga de alta velocidad, <strong data-start=\"989\" data-end=\"1002\">Sentrimax<\/strong> Ofrece diagn\u00f3sticos detallados, reparaciones mec\u00e1nicas de precisi\u00f3n, planificaci\u00f3n de mantenimiento preventivo y soluciones integrales de reconstrucci\u00f3n adaptadas a las necesidades operativas de los activos de centr\u00edfugas de renderizado. Desde la respuesta ante aver\u00edas de emergencia hasta proyectos de mantenimiento y revisi\u00f3n planificados, Sentrimax ayuda a las instalaciones de Raleigh a restaurar el rendimiento y prolongar la vida \u00fatil de los equipos.<\/p>\n<hr data-start=\"1359\" data-end=\"1362\" \/>\n<h2 data-start=\"1364\" data-end=\"1413\">Apoyo a las operaciones de renderizado en Raleigh<\/h2>\n<p data-start=\"1415\" data-end=\"1984\">Centrifugadoras de renderizado en el <strong data-start=\"1444\" data-end=\"1473\">\u00c1rea metropolitana de Raleigh<\/strong> Son activos clave para los procesos que separan grasas, aceites y s\u00f3lidos de corrientes l\u00edquidas. Estas m\u00e1quinas se enfrentan a las condiciones industriales m\u00e1s exigentes (altas temperaturas, cargas pesadas de s\u00f3lidos, lodos viscosos y subproductos corrosivos), lo que acelera el desgaste de rodamientos, sellos, espirales, transportadores y componentes de la caja de engranajes. Cuando se presentan s\u00edntomas como picos de vibraci\u00f3n, sobrecalentamiento, fugas en los sellos o reducci\u00f3n del rendimiento, es necesario un servicio r\u00e1pido por parte de t\u00e9cnicos experimentados para evitar interrupciones operativas.<\/p>\n<p data-start=\"1986\" data-end=\"2309\">Sentrimax brinda soporte receptivo en el sitio en Raleigh y las comunidades aleda\u00f1as, combinando t\u00e9cnicos experimentados con herramientas de diagn\u00f3stico avanzadas para evaluar el estado de la m\u00e1quina, determinar la causa ra\u00edz e implementar estrategias de reparaci\u00f3n efectivas que se alineen con los cronogramas de la planta, los protocolos de seguridad y los objetivos operativos.<\/p>\n<p data-start=\"2311\" data-end=\"2450\">Para obtener m\u00e1s informaci\u00f3n sobre las capacidades completas de servicio de centr\u00edfugas en todos los tipos de equipos e industrias, visite <a class=\"decorated-link cursor-pointer\" target=\"_new\" rel=\"noopener\" data-start=\"2409\" data-end=\"2449\">https:\/\/sentrimax.com\/centrifuge-repair\/<\/a>.<\/p>\n<hr data-start=\"2452\" data-end=\"2455\" \/>\n<h2 data-start=\"2457\" data-end=\"2512\">Por qu\u00e9 es importante la reparaci\u00f3n profesional de centr\u00edfugas de renderizado<\/h2>\n<p data-start=\"2514\" data-end=\"3087\">Las centr\u00edfugas de renderizado est\u00e1n dise\u00f1adas para un funcionamiento continuo y de alta exigencia; sin embargo, como todos los sistemas mec\u00e1nicos, est\u00e1n sujetas al desgaste, la fatiga mec\u00e1nica y las tensiones propias del proceso. Reparaciones inadecuadas, diagn\u00f3sticos incompletos o piezas no compatibles pueden provocar problemas recurrentes como desequilibrio, desgaste prematuro, vibraci\u00f3n y reducci\u00f3n de la calidad de la separaci\u00f3n. Los t\u00e9cnicos de Sentrimax siguen procedimientos documentados y las mejores pr\u00e1cticas del sector, que se centran tanto en la correcci\u00f3n de fallos visibles como en la identificaci\u00f3n de causas m\u00e1s profundas, como la desalineaci\u00f3n, la falla de la lubricaci\u00f3n o el desequilibrio.<\/p>\n<p data-start=\"3089\" data-end=\"3312\">Una reparaci\u00f3n exhaustiva no solo aborda la falla visible, sino que tambi\u00e9n eval\u00faa los factores que pueden afectar la confiabilidad a largo plazo. Este enfoque ayuda a las instalaciones de Raleigh a reducir las fallas repetidas y a mejorar el tiempo de actividad general.<\/p>\n<hr data-start=\"3314\" data-end=\"3317\" \/>\n<h2 data-start=\"3319\" data-end=\"3372\">Servicios integrales de reparaci\u00f3n de centr\u00edfugas de renderizado<\/h2>\n<p data-start=\"3374\" data-end=\"3521\">Sentrimax ofrece un conjunto completo de servicios de reparaci\u00f3n de centr\u00edfugas de renderizado dise\u00f1ados para respaldar las operaciones industriales en cada etapa de necesidad de mantenimiento:<\/p>\n<ul data-start=\"3523\" data-end=\"4022\">\n<li data-start=\"3523\" data-end=\"3577\">\n<p data-start=\"3525\" data-end=\"3577\"><strong data-start=\"3525\" data-end=\"3575\">Inspecci\u00f3n mec\u00e1nica y evaluaci\u00f3n del estado<\/strong><\/p>\n<\/li>\n<li data-start=\"3578\" data-end=\"3631\">\n<p data-start=\"3580\" data-end=\"3631\"><strong data-start=\"3580\" data-end=\"3629\">Diagn\u00f3stico de fallas y evaluaci\u00f3n de la causa ra\u00edz<\/strong><\/p>\n<\/li>\n<li data-start=\"3632\" data-end=\"3693\">\n<p data-start=\"3634\" data-end=\"3693\"><strong data-start=\"3634\" data-end=\"3691\">Extracci\u00f3n, sustituci\u00f3n y alineaci\u00f3n de precisi\u00f3n de cojinetes<\/strong><\/p>\n<\/li>\n<li data-start=\"3694\" data-end=\"3750\">\n<p data-start=\"3696\" data-end=\"3750\"><strong data-start=\"3696\" data-end=\"3748\">Reparaci\u00f3n o reemplazo de cuencos, espirales y transportadores<\/strong><\/p>\n<\/li>\n<li data-start=\"3751\" data-end=\"3811\">\n<p data-start=\"3753\" data-end=\"3811\"><strong data-start=\"3753\" data-end=\"3809\">Inspecci\u00f3n, reconstrucci\u00f3n y verificaci\u00f3n de torque de la caja de cambios<\/strong><\/p>\n<\/li>\n<li data-start=\"3812\" data-end=\"3859\">\n<p data-start=\"3814\" data-end=\"3859\"><strong data-start=\"3814\" data-end=\"3857\">Equilibrado din\u00e1mico con tolerancias precisas<\/strong><\/p>\n<\/li>\n<li data-start=\"3860\" data-end=\"3913\">\n<p data-start=\"3862\" data-end=\"3913\"><strong data-start=\"3862\" data-end=\"3911\">Reemplazo de sellos y mayor protecci\u00f3n contra el desgaste<\/strong><\/p>\n<\/li>\n<li data-start=\"3914\" data-end=\"3973\">\n<p data-start=\"3916\" data-end=\"3973\"><strong data-start=\"3916\" data-end=\"3971\">Soporte para resoluci\u00f3n de problemas de control e instrumentaci\u00f3n<\/strong><\/p>\n<\/li>\n<li data-start=\"3974\" data-end=\"4022\">\n<p data-start=\"3976\" data-end=\"4022\"><strong data-start=\"3976\" data-end=\"4022\">Pruebas de rendimiento y asistencia para la puesta en marcha<\/strong><\/p>\n<\/li>\n<\/ul>\n<p data-start=\"4024\" data-end=\"4319\">Cada servicio sigue procedimientos documentados, alineados con las expectativas del equipo original y los est\u00e1ndares de la industria. En lugar de abordar solo los s\u00edntomas superficiales, los t\u00e9cnicos analizan los sistemas mec\u00e1nicos en su conjunto para ofrecer soluciones que mejoran tanto el rendimiento inmediato como la confiabilidad a largo plazo.<\/p>\n<hr data-start=\"4321\" data-end=\"4324\" \/>\n<h2 data-start=\"4326\" data-end=\"4379\">Servicio de campo y respuesta r\u00e1pida en Carolina del Norte<\/h2>\n<p data-start=\"4381\" data-end=\"4747\">Las fallas imprevistas de las centr\u00edfugas pueden interrumpir los cronogramas de producci\u00f3n de renderizado, sobrecargar al personal de mantenimiento y aumentar los costos operativos. Sentrimax ofrece un servicio de campo eficiente en toda Raleigh y la regi\u00f3n del Tri\u00e1ngulo circundante, con t\u00e9cnicos experimentados equipados con herramientas de diagn\u00f3stico y procedimientos de seguridad para realizar evaluaciones y reparaciones in situ.<\/p>\n<p data-start=\"4749\" data-end=\"4793\">El servicio de campo en sitio ofrece beneficios clave:<\/p>\n<ul data-start=\"4795\" data-end=\"5010\">\n<li data-start=\"4795\" data-end=\"4841\">\n<p data-start=\"4797\" data-end=\"4841\">Inspecci\u00f3n en condiciones reales de funcionamiento<\/p>\n<\/li>\n<li data-start=\"4842\" data-end=\"4895\">\n<p data-start=\"4844\" data-end=\"4895\">Soluci\u00f3n inmediata de problemas y medidas correctivas<\/p>\n<\/li>\n<li data-start=\"4896\" data-end=\"4942\">\n<p data-start=\"4898\" data-end=\"4942\">Reducci\u00f3n de la necesidad de transporte de equipos pesados<\/p>\n<\/li>\n<li data-start=\"4943\" data-end=\"5010\">\n<p data-start=\"4945\" data-end=\"5010\">Colaboraci\u00f3n con el personal de las instalaciones en la programaci\u00f3n y la log\u00edstica.<\/p>\n<\/li>\n<\/ul>\n<p data-start=\"5012\" data-end=\"5157\">Los t\u00e9cnicos de campo integran el trabajo con las operaciones de la planta para minimizar las interrupciones del proceso y ayudar a que el equipo vuelva al servicio de manera r\u00e1pida y segura.<\/p>\n<hr data-start=\"5159\" data-end=\"5162\" \/>\n<h2 data-start=\"5164\" data-end=\"5208\">Reparaciones de precisi\u00f3n con piezas de alta calidad<\/h2>\n<p data-start=\"5210\" data-end=\"5397\">La calidad de los componentes de repuesto utilizados durante la reparaci\u00f3n afecta directamente la fiabilidad de la centr\u00edfuga. Sentrimax suministra piezas con calidad OEM y equivalentes para centr\u00edfugas de renderizado, entre ellas:<\/p>\n<ul data-start=\"5399\" data-end=\"5636\">\n<li data-start=\"5399\" data-end=\"5434\">\n<p data-start=\"5401\" data-end=\"5434\">Cojinetes y conjuntos de cojinetes<\/p>\n<\/li>\n<li data-start=\"5435\" data-end=\"5469\">\n<p data-start=\"5437\" data-end=\"5469\">Sellos, juntas y anillos de desgaste<\/p>\n<\/li>\n<li data-start=\"5470\" data-end=\"5504\">\n<p data-start=\"5472\" data-end=\"5504\">Componentes de transportadores y de desplazamiento<\/p>\n<\/li>\n<li data-start=\"5505\" data-end=\"5557\">\n<p data-start=\"5507\" data-end=\"5557\">Piezas de caja de cambios y componentes de transmisi\u00f3n de par<\/p>\n<\/li>\n<li data-start=\"5558\" data-end=\"5598\">\n<p data-start=\"5560\" data-end=\"5598\">Conjuntos giratorios, cuencos y cubos<\/p>\n<\/li>\n<li data-start=\"5599\" data-end=\"5636\">\n<p data-start=\"5601\" data-end=\"5636\">Kits de sujetadores y herrajes de servicio<\/p>\n<\/li>\n<\/ul>\n<p data-start=\"5638\" data-end=\"5826\">Todas las piezas de repuesto se inspeccionan para comprobar la precisi\u00f3n dimensional, la integridad del material y la compatibilidad antes de la instalaci\u00f3n para garantizar un rendimiento confiable en condiciones de renderizado exigentes.<\/p>\n<p data-start=\"5828\" data-end=\"5932\">Para obtener informaci\u00f3n sobre las piezas disponibles y el soporte de componentes, visite <a class=\"decorated-link cursor-pointer\" target=\"_new\" rel=\"noopener\" data-start=\"5892\" data-end=\"5931\">https:\/\/sentrimax.com\/centrifuge-parts\/<\/a>.<\/p>\n<hr data-start=\"5934\" data-end=\"5937\" \/>\n<h2 data-start=\"5939\" data-end=\"5981\">Reconstrucciones completas para restaurar la vida \u00fatil del equipo<\/h2>\n<p data-start=\"5983\" data-end=\"6130\">Para centr\u00edfugas con desgaste significativo o degradaci\u00f3n por el paso del tiempo, Sentrimax ofrece servicios integrales de reconstrucci\u00f3n. Una reconstrucci\u00f3n profesional incluye:<\/p>\n<ul data-start=\"6132\" data-end=\"6397\">\n<li data-start=\"6132\" data-end=\"6178\">\n<p data-start=\"6134\" data-end=\"6178\">Desmontaje completo y limpieza a fondo.<\/p>\n<\/li>\n<li data-start=\"6179\" data-end=\"6233\">\n<p data-start=\"6181\" data-end=\"6233\">Medici\u00f3n y restauraci\u00f3n de tolerancias cr\u00edticas<\/p>\n<\/li>\n<li data-start=\"6234\" data-end=\"6268\">\n<p data-start=\"6236\" data-end=\"6268\">Sustituci\u00f3n de componentes desgastados<\/p>\n<\/li>\n<li data-start=\"6269\" data-end=\"6312\">\n<p data-start=\"6271\" data-end=\"6312\">Mecanizado de precisi\u00f3n para ajuste y equilibrio.<\/p>\n<\/li>\n<li data-start=\"6313\" data-end=\"6357\">\n<p data-start=\"6315\" data-end=\"6357\">Equilibrado din\u00e1mico de conjuntos rotatorios<\/p>\n<\/li>\n<li data-start=\"6358\" data-end=\"6397\">\n<p data-start=\"6360\" data-end=\"6397\">Reensamblaje y validaci\u00f3n del rendimiento<\/p>\n<\/li>\n<\/ul>\n<p data-start=\"6399\" data-end=\"6550\">Los proyectos de reconstrucci\u00f3n se planifican en coordinaci\u00f3n con los equipos de las instalaciones para alinearse con las paradas programadas, minimizar el impacto y maximizar la extensi\u00f3n de la vida \u00fatil.<\/p>\n<hr data-start=\"6552\" data-end=\"6555\" \/>\n<h2 data-start=\"6557\" data-end=\"6601\">Mantenimiento preventivo para reducir el tiempo de inactividad<\/h2>\n<p data-start=\"6603\" data-end=\"6902\">Las reparaciones reactivas son costosas en piezas, mano de obra y p\u00e9rdida de producci\u00f3n. Las estrategias de mantenimiento preventivo ayudan a las instalaciones a detectar el desgaste a tiempo, reducir las fallas imprevistas y optimizar los presupuestos de mantenimiento. Sentrimax colabora con los operadores de Raleigh para desarrollar planes de mantenimiento preventivo que pueden incluir:<\/p>\n<ul data-start=\"6904\" data-end=\"7212\">\n<li data-start=\"6904\" data-end=\"6961\">\n<p data-start=\"6906\" data-end=\"6961\">Inspecciones mec\u00e1nicas de rutina y seguimiento del estado<\/p>\n<\/li>\n<li data-start=\"6962\" data-end=\"7005\">\n<p data-start=\"6964\" data-end=\"7005\">An\u00e1lisis de vibraciones y seguimiento de tendencias<\/p>\n<\/li>\n<li data-start=\"7006\" data-end=\"7055\">\n<p data-start=\"7008\" data-end=\"7055\">Muestreo de aceite y verificaci\u00f3n del estado de lubricaci\u00f3n<\/p>\n<\/li>\n<li data-start=\"7056\" data-end=\"7110\">\n<p data-start=\"7058\" data-end=\"7110\">Medici\u00f3n del desgaste en cojinetes, sellos y transportadores<\/p>\n<\/li>\n<li data-start=\"7111\" data-end=\"7160\">\n<p data-start=\"7113\" data-end=\"7160\">Reemplazo programado de componentes de alto desgaste<\/p>\n<\/li>\n<li data-start=\"7161\" data-end=\"7212\">\n<p data-start=\"7163\" data-end=\"7212\">Comprobaciones de alineaci\u00f3n y verificaci\u00f3n del equilibrio din\u00e1mico<\/p>\n<\/li>\n<\/ul>\n<p data-start=\"7214\" data-end=\"7370\">Al planificar el mantenimiento en funci\u00f3n de datos operativos, las instalaciones pueden mejorar el tiempo de actividad, reducir las reparaciones de emergencia y controlar mejor el gasto de mantenimiento a lo largo del tiempo.<\/p>\n<hr data-start=\"7372\" data-end=\"7375\" \/>\n<h2 data-start=\"7377\" data-end=\"7428\">Apoyando la eficiencia operativa y el cumplimiento<\/h2>\n<p data-start=\"7430\" data-end=\"7698\">En aplicaciones de renderizado, el rendimiento de la centr\u00edfuga influye en la calidad de la producci\u00f3n, la eficiencia del manejo de residuos y la fiabilidad del proceso. Un rendimiento de separaci\u00f3n deficiente puede aumentar los vol\u00famenes de transporte, sobrecargar los sistemas posteriores y afectar la calidad del producto o los objetivos ambientales.<\/p>\n<p data-start=\"7700\" data-end=\"8175\">Para un contexto de proceso m\u00e1s amplio y orientaci\u00f3n regulatoria relacionada con las intersecciones de manejo de aguas residuales y s\u00f3lidos, los operadores pueden consultar los recursos de <strong data-start=\"7852\" data-end=\"7898\">Agencia de Protecci\u00f3n Ambiental de los Estados Unidos (EPA)<\/strong> en <a class=\"decorated-link cursor-pointer\" target=\"_new\" rel=\"noopener\" data-start=\"7902\" data-end=\"7927\">https:\/\/www.epa.gov\/water<\/a>. Informaci\u00f3n adicional sobre la industria y mejores pr\u00e1cticas est\u00e1n disponibles a trav\u00e9s de <strong data-start=\"8002\" data-end=\"8040\">Federaci\u00f3n del Medio Ambiente del Agua (FEM)<\/strong> en <a class=\"decorated-link\" href=\"https:\/\/www.wef.org\/\" target=\"_new\" rel=\"noopener\" data-start=\"8044\" data-end=\"8064\">https:\/\/www.wef.org\/<\/a>, ofreciendo recursos pr\u00e1cticos relevantes para la planificaci\u00f3n del proceso de separaci\u00f3n y consideraciones sobre el tratamiento de aguas residuales.<\/p>\n<hr data-start=\"8177\" data-end=\"8180\" \/>\n<h2 data-start=\"8182\" data-end=\"8224\">Por qu\u00e9 las instalaciones de Raleigh eligen Sentrimax<\/h2>\n<p data-start=\"8226\" data-end=\"8549\">Los operadores de Raleigh eligen a Sentrimax para la reparaci\u00f3n de centr\u00edfugas por su experiencia t\u00e9cnica, su servicio de campo eficiente y su compromiso con la calidad. Los t\u00e9cnicos de Sentrimax combinan conocimientos mec\u00e1nicos con experiencia pr\u00e1ctica para diagnosticar problemas complejos, implementar reparaciones efectivas y proteger activos cr\u00edticos.<\/p>\n<p data-start=\"8551\" data-end=\"8890\">Una comunicaci\u00f3n clara y una documentaci\u00f3n completa son fundamentales en cada intervenci\u00f3n de servicio. Las instalaciones reciben informes detallados que describen los hallazgos del diagn\u00f3stico, las acciones correctivas, los componentes reemplazados y las recomendaciones para el mantenimiento preventivo futuro. Esta informaci\u00f3n facilita la toma de decisiones proactiva y las estrategias de confiabilidad a largo plazo.<\/p>\n<p data-start=\"8892\" data-end=\"8998\">Para obtener experiencia en servicios de aguas residuales y centr\u00edfugas relacionadas, consulte <a class=\"decorated-link cursor-pointer\" target=\"_new\" rel=\"noopener\" data-start=\"8953\" data-end=\"8997\">https:\/\/sentrimax.com\/industries\/wastewater\/<\/a>.<\/p>\n<hr data-start=\"9000\" data-end=\"9003\" \/>\n<h2 data-start=\"9005\" data-end=\"9053\">Soporte integral desde la evaluaci\u00f3n hasta la puesta en marcha<\/h2>\n<p data-start=\"9055\" data-end=\"9126\">El modelo de servicio de Sentrimax se extiende m\u00e1s all\u00e1 de las reparaciones mec\u00e1nicas para incluir:<\/p>\n<ul data-start=\"9128\" data-end=\"9360\">\n<li data-start=\"9128\" data-end=\"9174\">\n<p data-start=\"9130\" data-end=\"9174\">Coordinaci\u00f3n de aparejos y remoci\u00f3n de equipos<\/p>\n<\/li>\n<li data-start=\"9175\" data-end=\"9227\">\n<p data-start=\"9177\" data-end=\"9227\">Alineaci\u00f3n de precisi\u00f3n y verificaci\u00f3n dimensional<\/p>\n<\/li>\n<li data-start=\"9228\" data-end=\"9277\">\n<p data-start=\"9230\" data-end=\"9277\">Soporte para reinstalaci\u00f3n y calibraci\u00f3n del sistema<\/p>\n<\/li>\n<li data-start=\"9278\" data-end=\"9323\">\n<p data-start=\"9280\" data-end=\"9323\">Asistencia en la puesta en marcha y puesta a punto operativa<\/p>\n<\/li>\n<li data-start=\"9324\" data-end=\"9360\">\n<p data-start=\"9326\" data-end=\"9360\">Evaluaci\u00f3n del desempe\u00f1o posterior a la reparaci\u00f3n<\/p>\n<\/li>\n<\/ul>\n<p data-start=\"9362\" data-end=\"9504\">Este enfoque hol\u00edstico garantiza que las centr\u00edfugas de renderizado vuelvan a funcionar de manera confiable, eficiente y dentro de las especificaciones de dise\u00f1o.<\/p>\n<hr data-start=\"9506\" data-end=\"9509\" \/>\n<h2 data-start=\"9511\" data-end=\"9567\">Mejora continua mediante el monitoreo del desempe\u00f1o<\/h2>\n<p data-start=\"9569\" data-end=\"9870\">La confiabilidad a largo plazo depende de estrategias de mantenimiento basadas en datos. Sentrimax ayuda a las instalaciones a monitorear indicadores clave de rendimiento, como tendencias de vibraci\u00f3n, perfiles de torque y tasas de desgaste, a lo largo del tiempo para anticipar las necesidades de servicio, optimizar la planificaci\u00f3n del mantenimiento y reducir el costo total de propiedad.<\/p>\n<hr data-start=\"9872\" data-end=\"9875\" \/>\n<h2 data-start=\"9877\" data-end=\"9929\">Solicitar reparaci\u00f3n de centr\u00edfuga de renderizado en Raleigh, NC<\/h2>\n<p data-start=\"9931\" data-end=\"10302\">Cuando se requiere una reparaci\u00f3n experta de una centr\u00edfuga de renderizado en <strong data-start=\"9986\" data-end=\"10001\">Raleigh, Carolina del Norte<\/strong>, Las instalaciones conf\u00edan en Sentrimax para obtener experiencia confiable, soporte t\u00e9cnico r\u00e1pido y resultados profesionales. Ya sea para solucionar aver\u00edas urgentes, planificar mantenimiento preventivo o realizar reconstrucciones completas, Sentrimax ofrece soluciones dise\u00f1adas para mantener el rendimiento confiable y eficiente de sus centr\u00edfugas.<\/p>\n<p data-start=\"10304\" data-end=\"10358\"><strong data-start=\"10304\" data-end=\"10358\"><a class=\"decorated-link\" href=\"https:\/\/sentrimax.com\/es\/contact\/\" target=\"_new\" rel=\"noopener\" data-start=\"10306\" data-end=\"10356\">\u00a1Solicita una cotizaci\u00f3n!<\/a><\/strong><\/p>","protected":false},"excerpt":{"rendered":"<p>Sentrimax provides professional rendering centrifuge repair services for industrial processors, rendering plants, and wastewater operations throughout Raleigh, North Carolina. Rendering centrifuges perform critical solids-liquid separation in high-temperature, high-fat, and abrasive environments often encountered in animal byproduct processing and industrial separation systems. When these machines experience vibration, bearing failure, seal issues, or performance decline, timely and [&hellip;]<\/p>\n","protected":false},"author":3,"featured_media":0,"parent":0,"menu_order":0,"comment_status":"closed","ping_status":"closed","template":"seo-page-template.php","meta":{"_acf_changed":false,"inline_featured_image":false,"footnotes":""},"class_list":["post-2316","page","type-page","status-publish","hentry"],"acf":[],"_links":{"self":[{"href":"https:\/\/sentrimax.com\/es\/wp-json\/wp\/v2\/pages\/2316","targetHints":{"allow":["GET"]}}],"collection":[{"href":"https:\/\/sentrimax.com\/es\/wp-json\/wp\/v2\/pages"}],"about":[{"href":"https:\/\/sentrimax.com\/es\/wp-json\/wp\/v2\/types\/page"}],"author":[{"embeddable":true,"href":"https:\/\/sentrimax.com\/es\/wp-json\/wp\/v2\/users\/3"}],"replies":[{"embeddable":true,"href":"https:\/\/sentrimax.com\/es\/wp-json\/wp\/v2\/comments?post=2316"}],"version-history":[{"count":1,"href":"https:\/\/sentrimax.com\/es\/wp-json\/wp\/v2\/pages\/2316\/revisions"}],"predecessor-version":[{"id":2511,"href":"https:\/\/sentrimax.com\/es\/wp-json\/wp\/v2\/pages\/2316\/revisions\/2511"}],"wp:attachment":[{"href":"https:\/\/sentrimax.com\/es\/wp-json\/wp\/v2\/media?parent=2316"}],"curies":[{"name":"wp","href":"https:\/\/api.w.org\/{rel}","templated":true}]}}