{"id":2317,"date":"2026-01-07T17:08:16","date_gmt":"2026-01-07T17:08:16","guid":{"rendered":"https:\/\/sentrimax.com\/?page_id=2317"},"modified":"2026-04-21T21:14:21","modified_gmt":"2026-04-21T21:14:21","slug":"industrial-rendering-centrifuge-service-in-charlotte-nc","status":"publish","type":"page","link":"https:\/\/sentrimax.com\/es\/industrial-rendering-centrifuge-service-in-charlotte-nc\/","title":{"rendered":"Servicio de centr\u00edfugas de renderizado industrial en Charlotte, Carolina del Norte"},"content":{"rendered":"<p data-start=\"317\" data-end=\"904\"><img fetchpriority=\"high\" decoding=\"async\" class=\"aligncenter size-full wp-image-546\" src=\"https:\/\/sentrimax.com\/wp-content\/uploads\/2025\/05\/image-11.jpg\" alt=\"\" width=\"1440\" height=\"504\" srcset=\"https:\/\/sentrimax.com\/wp-content\/uploads\/2025\/05\/image-11.jpg 1440w, https:\/\/sentrimax.com\/wp-content\/uploads\/2025\/05\/image-11-600x210.jpg 600w, https:\/\/sentrimax.com\/wp-content\/uploads\/2025\/05\/image-11-300x105.jpg 300w, https:\/\/sentrimax.com\/wp-content\/uploads\/2025\/05\/image-11-1024x358.jpg 1024w, https:\/\/sentrimax.com\/wp-content\/uploads\/2025\/05\/image-11-768x269.jpg 768w\" sizes=\"(max-width: 1440px) 100vw, 1440px\" \/><\/p>\n<p data-start=\"317\" data-end=\"904\">Sentrimax ofrece un servicio experto de centr\u00edfugas de renderizado industrial para plantas de fabricaci\u00f3n, instalaciones de renderizado y operaciones de aguas residuales en todo el pa\u00eds. <strong data-start=\"468\" data-end=\"497\">Charlotte, Carolina del Norte<\/strong>. Las centr\u00edfugas de renderizado son m\u00e1quinas esenciales para separar s\u00f3lidos, grasas, aceites y l\u00edquidos en los flujos de subproductos generados por la avicultura, el ganado y otros procesos relacionados con alimentos. Cuando estas m\u00e1quinas experimentan vibraciones, fallas en los sellos, desgaste de los rodamientos o disminuci\u00f3n de la productividad, un servicio oportuno y profesional es crucial para proteger la continuidad de la producci\u00f3n, mantener la calidad y minimizar los costosos tiempos de inactividad.<\/p>\n<p data-start=\"906\" data-end=\"1388\">Con d\u00e9cadas de experiencia en el servicio de equipos de separaci\u00f3n de alta velocidad, <strong data-start=\"976\" data-end=\"989\">Sentrimax<\/strong> Ofrece diagn\u00f3sticos exhaustivos, reparaciones mec\u00e1nicas de precisi\u00f3n, planificaci\u00f3n de mantenimiento preventivo y soluciones integrales de reconstrucci\u00f3n adaptadas a las exigentes condiciones de las aplicaciones de centr\u00edfugas de renderizado. Ya sea para atender una necesidad urgente de servicio, planificar una parada de mantenimiento programada o realizar una revisi\u00f3n completa, Sentrimax ayuda a las instalaciones de Charlotte a restablecer su funcionamiento y prolongar la vida \u00fatil de los equipos.<\/p>\n<hr data-start=\"1390\" data-end=\"1393\" \/>\n<h2 data-start=\"1395\" data-end=\"1446\">Apoyo a las operaciones de renderizado en Charlotte<\/h2>\n<p data-start=\"1448\" data-end=\"2018\">Centrifugadoras de renderizado en el <strong data-start=\"1477\" data-end=\"1508\">\u00c1rea metropolitana de Charlotte<\/strong> Operan en algunos de los entornos m\u00e1s exigentes del procesamiento industrial. Las altas temperaturas, los s\u00f3lidos abrasivos, las cargas elevadas de grasa y aceite, y los lodos viscosos someten a una tensi\u00f3n considerable a componentes clave como cojinetes, sellos, espirales, transportadores y conjuntos de cajas de engranajes. Cuando surgen problemas de rendimiento, como vibraciones anormales, acumulaci\u00f3n de calor o reducci\u00f3n de la eficiencia de separaci\u00f3n, es esencial contar con un servicio t\u00e9cnico eficaz por parte de t\u00e9cnicos experimentados para evitar interrupciones imprevistas y mantener la productividad.<\/p>\n<p data-start=\"2020\" data-end=\"2330\">Sentrimax brinda un servicio de campo receptivo en todo Charlotte y la regi\u00f3n circundante, combinando t\u00e9cnicos experimentados con herramientas de diagn\u00f3stico avanzadas para evaluar el estado de la m\u00e1quina, determinar las causas fundamentales e implementar planes de servicio efectivos alineados con los cronogramas operativos y los protocolos de seguridad.<\/p>\n<p data-start=\"2332\" data-end=\"2459\">Para conocer las capacidades completas de servicio de centr\u00edfugas para distintos tipos de equipos e industrias, visite <a class=\"decorated-link cursor-pointer\" target=\"_new\" rel=\"noopener\" data-start=\"2418\" data-end=\"2458\">https:\/\/sentrimax.com\/centrifuge-repair\/<\/a>.<\/p>\n<hr data-start=\"2461\" data-end=\"2464\" \/>\n<h2 data-start=\"2466\" data-end=\"2520\">Por qu\u00e9 es importante el servicio de centr\u00edfugas de renderizado industrial<\/h2>\n<p data-start=\"2522\" data-end=\"3112\">Las centr\u00edfugas de renderizado son m\u00e1quinas rotativas complejas con tolerancias mec\u00e1nicas estrictamente controladas, altas velocidades de operaci\u00f3n y exposici\u00f3n a duras condiciones de proceso. Reparaciones inadecuadas, diagn\u00f3sticos incompletos o piezas de repuesto no compatibles pueden provocar problemas recurrentes como desequilibrio, vibraci\u00f3n, desgaste prematuro o reducci\u00f3n de la calidad de separaci\u00f3n. Los t\u00e9cnicos de Sentrimax siguen procedimientos documentados que se ajustan a las pr\u00e1cticas de equipos originales y las mejores pr\u00e1cticas de la industria para garantizar que las reparaciones aborden tanto los s\u00edntomas visibles como las causas ra\u00edz, como la desalineaci\u00f3n, la falla de la lubricaci\u00f3n o el desequilibrio.<\/p>\n<p data-start=\"3114\" data-end=\"3248\">Un servicio bien ejecutado mejora la confiabilidad de la m\u00e1quina, reduce las fallas repetidas y ayuda a las instalaciones de Charlotte a proteger los activos cr\u00edticos.<\/p>\n<hr data-start=\"3250\" data-end=\"3253\" \/>\n<h2 data-start=\"3255\" data-end=\"3301\">Gama completa de servicios de centr\u00edfugas de renderizado<\/h2>\n<p data-start=\"3303\" data-end=\"3449\">Sentrimax ofrece un conjunto integral de servicios de centr\u00edfugas de renderizado dise\u00f1ados para respaldar las instalaciones de Charlotte en todas las fases de mantenimiento:<\/p>\n<ul data-start=\"3451\" data-end=\"3952\">\n<li data-start=\"3451\" data-end=\"3505\">\n<p data-start=\"3453\" data-end=\"3505\"><strong data-start=\"3453\" data-end=\"3503\">Inspecci\u00f3n mec\u00e1nica y evaluaci\u00f3n del estado<\/strong><\/p>\n<\/li>\n<li data-start=\"3506\" data-end=\"3557\">\n<p data-start=\"3508\" data-end=\"3557\"><strong data-start=\"3508\" data-end=\"3555\">Diagn\u00f3stico de fallas y an\u00e1lisis de causa ra\u00edz<\/strong><\/p>\n<\/li>\n<li data-start=\"3558\" data-end=\"3619\">\n<p data-start=\"3560\" data-end=\"3619\"><strong data-start=\"3560\" data-end=\"3617\">Extracci\u00f3n, sustituci\u00f3n y alineaci\u00f3n de precisi\u00f3n de cojinetes<\/strong><\/p>\n<\/li>\n<li data-start=\"3620\" data-end=\"3676\">\n<p data-start=\"3622\" data-end=\"3676\"><strong data-start=\"3622\" data-end=\"3674\">Reparaci\u00f3n o reemplazo de rollos, transportadores y tazones<\/strong><\/p>\n<\/li>\n<li data-start=\"3677\" data-end=\"3737\">\n<p data-start=\"3679\" data-end=\"3737\"><strong data-start=\"3679\" data-end=\"3735\">Inspecci\u00f3n, reconstrucci\u00f3n y verificaci\u00f3n de torque de la caja de cambios<\/strong><\/p>\n<\/li>\n<li data-start=\"3738\" data-end=\"3785\">\n<p data-start=\"3740\" data-end=\"3785\"><strong data-start=\"3740\" data-end=\"3783\">Equilibrado din\u00e1mico con tolerancias precisas<\/strong><\/p>\n<\/li>\n<li data-start=\"3786\" data-end=\"3843\">\n<p data-start=\"3788\" data-end=\"3843\"><strong data-start=\"3788\" data-end=\"3841\">Reemplazo de sellos y mejoras en la protecci\u00f3n contra el desgaste<\/strong><\/p>\n<\/li>\n<li data-start=\"3844\" data-end=\"3903\">\n<p data-start=\"3846\" data-end=\"3903\"><strong data-start=\"3846\" data-end=\"3901\">Soporte para resoluci\u00f3n de problemas de control e instrumentaci\u00f3n<\/strong><\/p>\n<\/li>\n<li data-start=\"3904\" data-end=\"3952\">\n<p data-start=\"3906\" data-end=\"3952\"><strong data-start=\"3906\" data-end=\"3952\">Pruebas de rendimiento y asistencia para la puesta en marcha<\/strong><\/p>\n<\/li>\n<\/ul>\n<p data-start=\"3954\" data-end=\"4235\">Cada servicio sigue procedimientos documentados, alineados con los est\u00e1ndares de equipos originales y las expectativas de la industria. En lugar de abordar \u00fanicamente los s\u00edntomas superficiales, los t\u00e9cnicos analizan sistemas mec\u00e1nicos completos para ayudar a las instalaciones a reducir las fallas repetidas y mejorar la confiabilidad a largo plazo.<\/p>\n<hr data-start=\"4237\" data-end=\"4240\" \/>\n<h2 data-start=\"4242\" data-end=\"4295\">Servicio de campo y respuesta r\u00e1pida en Carolina del Norte<\/h2>\n<p data-start=\"4297\" data-end=\"4624\">Las fallas inesperadas de las centr\u00edfugas pueden interrumpir los programas de producci\u00f3n, sobrecargar los recursos de mantenimiento y aumentar los costos operativos. Sentrimax ofrece un servicio de campo eficiente en toda Charlotte y las Carolinas circundantes, llevando t\u00e9cnicos a las instalaciones de los clientes con herramientas de diagn\u00f3stico y pr\u00e1cticas de servicio orientadas a la seguridad.<\/p>\n<p data-start=\"4626\" data-end=\"4681\">El servicio en sitio proporciona beneficios operativos cr\u00edticos:<\/p>\n<ul data-start=\"4683\" data-end=\"4969\">\n<li data-start=\"4683\" data-end=\"4744\">\n<p data-start=\"4685\" data-end=\"4744\">Evaluaci\u00f3n de centr\u00edfugas en condiciones reales de proceso<\/p>\n<\/li>\n<li data-start=\"4745\" data-end=\"4813\">\n<p data-start=\"4747\" data-end=\"4813\">Soluci\u00f3n de problemas inmediata y acci\u00f3n correctiva cuando sea apropiado<\/p>\n<\/li>\n<li data-start=\"4814\" data-end=\"4881\">\n<p data-start=\"4816\" data-end=\"4881\">Menor necesidad de transporte costoso a instalaciones de reparaci\u00f3n externas<\/p>\n<\/li>\n<li data-start=\"4882\" data-end=\"4969\">\n<p data-start=\"4884\" data-end=\"4969\">Colaboraci\u00f3n con el personal de las instalaciones para coordinar el servicio con los cronogramas de producci\u00f3n.<\/p>\n<\/li>\n<\/ul>\n<p data-start=\"4971\" data-end=\"5089\">Los t\u00e9cnicos de campo trabajan de manera eficiente y segura, ayudando a las instalaciones a volver a poner en servicio los equipos con una interrupci\u00f3n m\u00ednima.<\/p>\n<hr data-start=\"5091\" data-end=\"5094\" \/>\n<h2 data-start=\"5096\" data-end=\"5140\">Reparaciones de precisi\u00f3n con piezas de alta calidad<\/h2>\n<p data-start=\"5142\" data-end=\"5344\">La calidad de las piezas de repuesto utilizadas durante el mantenimiento influye directamente en la fiabilidad a largo plazo. Sentrimax suministra componentes de repuesto con calidad OEM y equivalentes para centr\u00edfugas de renderizado, entre ellos:<\/p>\n<ul data-start=\"5346\" data-end=\"5549\">\n<li data-start=\"5346\" data-end=\"5381\">\n<p data-start=\"5348\" data-end=\"5381\">Cojinetes y conjuntos de cojinetes<\/p>\n<\/li>\n<li data-start=\"5382\" data-end=\"5403\">\n<p data-start=\"5384\" data-end=\"5403\">Sellos y juntas<\/p>\n<\/li>\n<li data-start=\"5404\" data-end=\"5449\">\n<p data-start=\"5406\" data-end=\"5449\">Revestimientos de desgaste, elementos de espiral y transportadores<\/p>\n<\/li>\n<li data-start=\"5450\" data-end=\"5472\">\n<p data-start=\"5452\" data-end=\"5472\">Componentes de la caja de cambios<\/p>\n<\/li>\n<li data-start=\"5473\" data-end=\"5511\">\n<p data-start=\"5475\" data-end=\"5511\">Conjuntos de cuenco, cubo y giratorios<\/p>\n<\/li>\n<li data-start=\"5512\" data-end=\"5549\">\n<p data-start=\"5514\" data-end=\"5549\">Kits de sujetadores y herrajes de servicio<\/p>\n<\/li>\n<\/ul>\n<p data-start=\"5551\" data-end=\"5729\">Todas las piezas se inspeccionan para comprobar la precisi\u00f3n dimensional, la integridad del material y la compatibilidad antes de la instalaci\u00f3n para garantizar un rendimiento confiable en condiciones de renderizado exigentes.<\/p>\n<p data-start=\"5731\" data-end=\"5853\">Para obtener m\u00e1s informaci\u00f3n sobre los componentes de reemplazo y el soporte de piezas disponibles, visite <a class=\"decorated-link cursor-pointer\" target=\"_new\" rel=\"noopener\" data-start=\"5813\" data-end=\"5852\">https:\/\/sentrimax.com\/centrifuge-parts\/<\/a>.<\/p>\n<hr data-start=\"5855\" data-end=\"5858\" \/>\n<h2 data-start=\"5860\" data-end=\"5907\">Reconstrucciones completas para restaurar el rendimiento de la m\u00e1quina<\/h2>\n<p data-start=\"5909\" data-end=\"6097\">Para centr\u00edfugas con desgaste considerable o degradaci\u00f3n por el paso del tiempo, Sentrimax ofrece servicios completos de reconstrucci\u00f3n que restauran el equipo a un estado pr\u00e1cticamente nuevo. Los proyectos de reconstrucci\u00f3n suelen incluir:<\/p>\n<ul data-start=\"6099\" data-end=\"6352\">\n<li data-start=\"6099\" data-end=\"6136\">\n<p data-start=\"6101\" data-end=\"6136\">Desmontaje y limpieza completos<\/p>\n<\/li>\n<li data-start=\"6137\" data-end=\"6190\">\n<p data-start=\"6139\" data-end=\"6190\">Inspecci\u00f3n y restauraci\u00f3n de tolerancias cr\u00edticas<\/p>\n<\/li>\n<li data-start=\"6191\" data-end=\"6225\">\n<p data-start=\"6193\" data-end=\"6225\">Sustituci\u00f3n de componentes desgastados<\/p>\n<\/li>\n<li data-start=\"6226\" data-end=\"6269\">\n<p data-start=\"6228\" data-end=\"6269\">Mecanizado de precisi\u00f3n para ajuste y equilibrio.<\/p>\n<\/li>\n<li data-start=\"6270\" data-end=\"6312\">\n<p data-start=\"6272\" data-end=\"6312\">Equilibrado din\u00e1mico de elementos rotatorios<\/p>\n<\/li>\n<li data-start=\"6313\" data-end=\"6352\">\n<p data-start=\"6315\" data-end=\"6352\">Reensamblaje y validaci\u00f3n del rendimiento<\/p>\n<\/li>\n<\/ul>\n<p data-start=\"6354\" data-end=\"6503\">Las reconstrucciones se planifican en cooperaci\u00f3n con los equipos de las instalaciones para alinearse con las paradas programadas y reducir el impacto en las operaciones mientras se extiende la vida \u00fatil.<\/p>\n<hr data-start=\"6505\" data-end=\"6508\" \/>\n<h2 data-start=\"6510\" data-end=\"6561\">Mantenimiento preventivo para un rendimiento a largo plazo<\/h2>\n<p data-start=\"6563\" data-end=\"6851\">Las reparaciones reactivas son costosas y disruptivas. El mantenimiento preventivo ayuda a las instalaciones a detectar el desgaste emergente antes de que se produzcan fallos, reducir las paradas imprevistas y optimizar los presupuestos de mantenimiento. Sentrimax colabora con las instalaciones de Charlotte para desarrollar programas de mantenimiento a medida que pueden incluir:<\/p>\n<ul data-start=\"6853\" data-end=\"7154\">\n<li data-start=\"6853\" data-end=\"6910\">\n<p data-start=\"6855\" data-end=\"6910\">Inspecciones mec\u00e1nicas de rutina y seguimiento del estado<\/p>\n<\/li>\n<li data-start=\"6911\" data-end=\"6954\">\n<p data-start=\"6913\" data-end=\"6954\">An\u00e1lisis de vibraciones y seguimiento de tendencias<\/p>\n<\/li>\n<li data-start=\"6955\" data-end=\"7008\">\n<p data-start=\"6957\" data-end=\"7008\">Muestreo de aceite y evaluaci\u00f3n del estado de lubricaci\u00f3n<\/p>\n<\/li>\n<li data-start=\"7009\" data-end=\"7057\">\n<p data-start=\"7011\" data-end=\"7057\">Medici\u00f3n del desgaste y seguimiento de la vida \u00fatil de los componentes<\/p>\n<\/li>\n<li data-start=\"7058\" data-end=\"7102\">\n<p data-start=\"7060\" data-end=\"7102\">Reemplazo programado de elementos de alto desgaste<\/p>\n<\/li>\n<li data-start=\"7103\" data-end=\"7154\">\n<p data-start=\"7105\" data-end=\"7154\">Comprobaciones de alineaci\u00f3n y verificaci\u00f3n del equilibrio din\u00e1mico<\/p>\n<\/li>\n<\/ul>\n<p data-start=\"7156\" data-end=\"7306\">Al planificar el mantenimiento en funci\u00f3n de datos operativos en lugar de fallas, las instalaciones pueden mejorar el tiempo de actividad y controlar mejor el gasto de mantenimiento a lo largo del tiempo.<\/p>\n<hr data-start=\"7308\" data-end=\"7311\" \/>\n<h2 data-start=\"7313\" data-end=\"7364\">Apoyando la eficiencia operativa y el cumplimiento<\/h2>\n<p data-start=\"7366\" data-end=\"7637\">En aplicaciones de renderizado, el rendimiento de la centr\u00edfuga influye en la calidad de la producci\u00f3n, la eficiencia del manejo de s\u00f3lidos y la estabilidad operativa general. Un rendimiento de separaci\u00f3n inadecuado puede aumentar el volumen de residuos transportados, sobrecargar los procesos posteriores y afectar la calidad de los resultados.<\/p>\n<p data-start=\"7639\" data-end=\"8024\">Para un contexto regulatorio y de procesos m\u00e1s amplio, los operadores pueden consultar el <strong data-start=\"7709\" data-end=\"7755\">Agencia de Protecci\u00f3n Ambiental de los Estados Unidos (EPA)<\/strong> en <a class=\"decorated-link cursor-pointer\" target=\"_new\" rel=\"noopener\" data-start=\"7759\" data-end=\"7784\">https:\/\/www.epa.gov\/water<\/a>, que proporciona orientaci\u00f3n sobre los marcos ambientales relevantes para el manejo de aguas residuales y s\u00f3lidos. Se puede obtener informaci\u00f3n adicional sobre la industria y recursos de mejores pr\u00e1cticas en <strong data-start=\"7961\" data-end=\"7999\">Federaci\u00f3n del Medio Ambiente del Agua (FEM)<\/strong> en <a class=\"decorated-link\" href=\"https:\/\/www.wef.org\/\" target=\"_new\" rel=\"noopener\" data-start=\"8003\" data-end=\"8023\">https:\/\/www.wef.org\/<\/a>.<\/p>\n<hr data-start=\"8026\" data-end=\"8029\" \/>\n<h2 data-start=\"8031\" data-end=\"8075\">Por qu\u00e9 las instalaciones de Charlotte eligen Sentrimax<\/h2>\n<p data-start=\"8077\" data-end=\"8435\">Los procesadores de Charlotte eligen Sentrimax para el servicio de centr\u00edfugas de renderizado industrial por su profundidad t\u00e9cnica, experiencia pr\u00e1ctica en campo y compromiso con la calidad de los resultados. Los t\u00e9cnicos de Sentrimax combinan conocimientos mec\u00e1nicos con experiencia pr\u00e1ctica, ayudando a las instalaciones a diagnosticar problemas complejos, implementar reparaciones efectivas y proteger activos cr\u00edticos.<\/p>\n<p data-start=\"8437\" data-end=\"8776\">Una comunicaci\u00f3n clara y una documentaci\u00f3n exhaustiva son clave en cada intervenci\u00f3n de servicio. Las instalaciones reciben informes detallados que describen los hallazgos del diagn\u00f3stico, las medidas correctivas adoptadas, los componentes reemplazados y las recomendaciones para el mantenimiento preventivo futuro. Esta informaci\u00f3n facilita la toma de decisiones proactiva y la gesti\u00f3n de activos a largo plazo.<\/p>\n<p data-start=\"8778\" data-end=\"8905\">Para obtener experiencia adicional en servicios relacionados con el procesamiento de aguas residuales y s\u00f3lidos, consulte <a class=\"decorated-link cursor-pointer\" target=\"_new\" rel=\"noopener\" data-start=\"8860\" data-end=\"8904\">https:\/\/sentrimax.com\/industries\/wastewater\/<\/a>.<\/p>\n<hr data-start=\"8907\" data-end=\"8910\" \/>\n<h2 data-start=\"8912\" data-end=\"8960\">Soporte integral desde la evaluaci\u00f3n hasta la puesta en marcha<\/h2>\n<p data-start=\"8962\" data-end=\"9011\">El modelo de servicio integral de Sentrimax incluye:<\/p>\n<ul data-start=\"9013\" data-end=\"9254\">\n<li data-start=\"9013\" data-end=\"9059\">\n<p data-start=\"9015\" data-end=\"9059\">Coordinaci\u00f3n de aparejos y remoci\u00f3n de equipos<\/p>\n<\/li>\n<li data-start=\"9060\" data-end=\"9112\">\n<p data-start=\"9062\" data-end=\"9112\">Alineaci\u00f3n de precisi\u00f3n y verificaci\u00f3n dimensional<\/p>\n<\/li>\n<li data-start=\"9113\" data-end=\"9173\">\n<p data-start=\"9115\" data-end=\"9173\">Asistencia para la reinstalaci\u00f3n y calibraci\u00f3n del sistema<\/p>\n<\/li>\n<li data-start=\"9174\" data-end=\"9216\">\n<p data-start=\"9176\" data-end=\"9216\">Soporte de puesta en marcha y puesta a punto operativa<\/p>\n<\/li>\n<li data-start=\"9217\" data-end=\"9254\">\n<p data-start=\"9219\" data-end=\"9254\">Evaluaci\u00f3n del desempe\u00f1o posterior al servicio<\/p>\n<\/li>\n<\/ul>\n<p data-start=\"9256\" data-end=\"9388\">Este enfoque de extremo a extremo garantiza que las centr\u00edfugas de renderizado regresen al servicio de manera confiable, eficiente y dentro de las expectativas de dise\u00f1o.<\/p>\n<hr data-start=\"9390\" data-end=\"9393\" \/>\n<h2 data-start=\"9395\" data-end=\"9451\">Mejora continua mediante el monitoreo del desempe\u00f1o<\/h2>\n<p data-start=\"9453\" data-end=\"9747\">La confiabilidad a largo plazo depende de estrategias de mantenimiento basadas en datos. Sentrimax apoya a las instalaciones en el seguimiento de indicadores clave de rendimiento, como tendencias de vibraci\u00f3n, perfiles de torque y patrones de desgaste, para anticipar las necesidades de servicio, optimizar la planificaci\u00f3n del mantenimiento y reducir el costo total de propiedad.<\/p>\n<hr data-start=\"9749\" data-end=\"9752\" \/>\n<h2 data-start=\"9754\" data-end=\"9820\">Solicitar servicio de centr\u00edfuga de renderizado industrial en Charlotte, NC<\/h2>\n<p data-start=\"9822\" data-end=\"10213\">Cuando se necesita un servicio de centr\u00edfuga de renderizado industrial profesional en <strong data-start=\"9893\" data-end=\"9910\">Charlotte, Carolina del Norte<\/strong>, Las instalaciones conf\u00edan en Sentrimax para obtener experiencia confiable, soporte t\u00e9cnico r\u00e1pido y resultados profesionales. Ya sea para solucionar fallas urgentes, planificar mantenimiento preventivo o realizar reconstrucciones completas, Sentrimax ofrece soluciones dise\u00f1adas para mantener sus centr\u00edfugas funcionando de manera confiable y eficiente.<\/p>\n<p data-start=\"10215\" data-end=\"10269\"><strong data-start=\"10215\" data-end=\"10269\"><a class=\"decorated-link\" href=\"https:\/\/sentrimax.com\/es\/contact\/\" target=\"_new\" rel=\"noopener\" data-start=\"10217\" data-end=\"10267\">\u00a1Solicita una cotizaci\u00f3n!<\/a><\/strong><\/p>","protected":false},"excerpt":{"rendered":"<p>Sentrimax provides expert industrial rendering centrifuge service for manufacturing plants, rendering facilities, and wastewater operations throughout Charlotte, North Carolina. Rendering centrifuges are essential machines for separating solids, fats, oils, and liquids within byproduct streams generated by poultry, livestock, and other food-related processing. When these machines experience vibration, seal failure, bearing wear, or diminished throughput, timely [&hellip;]<\/p>\n","protected":false},"author":3,"featured_media":0,"parent":0,"menu_order":0,"comment_status":"closed","ping_status":"closed","template":"seo-page-template.php","meta":{"_acf_changed":false,"inline_featured_image":false,"footnotes":""},"class_list":["post-2317","page","type-page","status-publish","hentry"],"acf":[],"_links":{"self":[{"href":"https:\/\/sentrimax.com\/es\/wp-json\/wp\/v2\/pages\/2317","targetHints":{"allow":["GET"]}}],"collection":[{"href":"https:\/\/sentrimax.com\/es\/wp-json\/wp\/v2\/pages"}],"about":[{"href":"https:\/\/sentrimax.com\/es\/wp-json\/wp\/v2\/types\/page"}],"author":[{"embeddable":true,"href":"https:\/\/sentrimax.com\/es\/wp-json\/wp\/v2\/users\/3"}],"replies":[{"embeddable":true,"href":"https:\/\/sentrimax.com\/es\/wp-json\/wp\/v2\/comments?post=2317"}],"version-history":[{"count":1,"href":"https:\/\/sentrimax.com\/es\/wp-json\/wp\/v2\/pages\/2317\/revisions"}],"predecessor-version":[{"id":2510,"href":"https:\/\/sentrimax.com\/es\/wp-json\/wp\/v2\/pages\/2317\/revisions\/2510"}],"wp:attachment":[{"href":"https:\/\/sentrimax.com\/es\/wp-json\/wp\/v2\/media?parent=2317"}],"curies":[{"name":"wp","href":"https:\/\/api.w.org\/{rel}","templated":true}]}}