{"id":2318,"date":"2026-01-07T17:10:35","date_gmt":"2026-01-07T17:10:35","guid":{"rendered":"https:\/\/sentrimax.com\/?page_id=2318"},"modified":"2026-04-21T21:14:20","modified_gmt":"2026-04-21T21:14:20","slug":"rendering-decanter-centrifuge-repair-in-omaha-ne","status":"publish","type":"page","link":"https:\/\/sentrimax.com\/es\/rendering-decanter-centrifuge-repair-in-omaha-ne\/","title":{"rendered":"Reparaci\u00f3n de centr\u00edfugas decantadoras de renderizado en Omaha, NE"},"content":{"rendered":"<p data-start=\"316\" data-end=\"905\"><img fetchpriority=\"high\" decoding=\"async\" class=\"aligncenter size-full wp-image-168\" src=\"https:\/\/sentrimax.com\/wp-content\/uploads\/2025\/05\/image-6.jpg\" alt=\"\" width=\"1269\" height=\"519\" srcset=\"https:\/\/sentrimax.com\/wp-content\/uploads\/2025\/05\/image-6.jpg 1269w, https:\/\/sentrimax.com\/wp-content\/uploads\/2025\/05\/image-6-600x245.jpg 600w, https:\/\/sentrimax.com\/wp-content\/uploads\/2025\/05\/image-6-300x123.jpg 300w, https:\/\/sentrimax.com\/wp-content\/uploads\/2025\/05\/image-6-1024x419.jpg 1024w, https:\/\/sentrimax.com\/wp-content\/uploads\/2025\/05\/image-6-768x314.jpg 768w\" sizes=\"(max-width: 1269px) 100vw, 1269px\" \/><\/p>\n<p data-start=\"316\" data-end=\"905\">Sentrimax ofrece servicios profesionales de reparaci\u00f3n de centr\u00edfugas decantadoras de renderizado para procesadores industriales, instalaciones de renderizado y plantas de tratamiento de aguas residuales en todo el pa\u00eds. <strong data-start=\"486\" data-end=\"505\">Omaha, Nebraska<\/strong>. Las centr\u00edfugas decantadoras para renderizado desempe\u00f1an un papel vital en la separaci\u00f3n de grasas, aceites, s\u00f3lidos y l\u00edquidos en entornos de alta temperatura, viscosos y abrasivos, comunes en el procesamiento de subproductos y la manipulaci\u00f3n de s\u00f3lidos industriales. Cuando estas m\u00e1quinas experimentan vibraciones, fallas en los rodamientos, problemas de sellado o disminuci\u00f3n del rendimiento, la reparaci\u00f3n experta es esencial para proteger la continuidad de la producci\u00f3n y evitar costosas paradas de producci\u00f3n.<\/p>\n<p data-start=\"907\" data-end=\"1364\">Con d\u00e9cadas de experiencia en el servicio de equipos de separaci\u00f3n de alta velocidad, <strong data-start=\"977\" data-end=\"990\">Sentrimax<\/strong> Ofrece diagn\u00f3sticos integrales, reparaciones mec\u00e1nicas de precisi\u00f3n, planificaci\u00f3n de mantenimiento preventivo y soluciones integrales de reconstrucci\u00f3n adaptadas a las exigentes condiciones de funcionamiento de las centr\u00edfugas decantadoras de renderizado. Ya sea para responder a una aver\u00eda de emergencia o para planificar servicios y revisiones programadas, Sentrimax ayuda a las instalaciones de Omaha a restaurar el rendimiento y prolongar la vida \u00fatil de los equipos.<\/p>\n<hr data-start=\"1366\" data-end=\"1369\" \/>\n<h2 data-start=\"1371\" data-end=\"1418\">Apoyo a las operaciones de renderizado en Omaha<\/h2>\n<p data-start=\"1420\" data-end=\"1962\">Centr\u00edfugas decantadoras de renderizado situadas en el <strong data-start=\"1467\" data-end=\"1494\">\u00c1rea metropolitana de Omaha<\/strong> Se enfrentan a algunas de las condiciones operativas m\u00e1s exigentes del procesamiento industrial. Las altas viscosidades de alimentaci\u00f3n, las cargas pesadas de s\u00f3lidos, las temperaturas elevadas y los lodos abrasivos someten a una tensi\u00f3n considerable a cojinetes, sellos, espirales, transportadores y componentes de la caja de engranajes. Cuando surgen problemas de rendimiento, como vibraciones anormales, sobrecalentamiento, fugas en los sellos o una disminuci\u00f3n del rendimiento, es fundamental contar con un servicio t\u00e9cnico oportuno por parte de t\u00e9cnicos experimentados para evitar interrupciones operativas.<\/p>\n<p data-start=\"1964\" data-end=\"2318\">Sentrimax ofrece una cobertura de servicio receptiva en el sitio en todo Omaha y las comunidades aleda\u00f1as, llevando t\u00e9cnicos experimentados con equipos de diagn\u00f3stico avanzados directamente a los sitios del cliente para evaluar el estado de la m\u00e1quina, determinar la causa ra\u00edz de la falla e implementar planes correctivos efectivos que se alineen con los cronogramas de la planta y los protocolos de seguridad.<\/p>\n<p data-start=\"2320\" data-end=\"2444\">Para un soporte m\u00e1s amplio de centr\u00edfugas en m\u00faltiples tipos de equipos e industrias, consulte <a class=\"decorated-link cursor-pointer\" target=\"_new\" rel=\"noopener\" data-start=\"2403\" data-end=\"2443\">https:\/\/sentrimax.com\/centrifuge-repair\/<\/a>.<\/p>\n<hr data-start=\"2446\" data-end=\"2449\" \/>\n<h2 data-start=\"2451\" data-end=\"2515\">Por qu\u00e9 es importante la reparaci\u00f3n profesional de la centr\u00edfuga decantadora<\/h2>\n<p data-start=\"2517\" data-end=\"3055\">Las centr\u00edfugas decantadoras funcionan como maquinaria rotatoria de precisi\u00f3n con tolerancias mec\u00e1nicas estrictamente controladas y expuestas a condiciones de proceso severas. Pr\u00e1cticas de reparaci\u00f3n inadecuadas, diagn\u00f3sticos incompletos o piezas no compatibles pueden provocar vibraciones recurrentes, desequilibrio, desgaste prematuro y una reducci\u00f3n del rendimiento de separaci\u00f3n. Los t\u00e9cnicos de Sentrimax siguen procedimientos documentados y las mejores pr\u00e1cticas de la industria que se centran no solo en solucionar problemas visibles, sino tambi\u00e9n en identificar las causas subyacentes, como la desalineaci\u00f3n, la falla de la lubricaci\u00f3n o el desequilibrio.<\/p>\n<p data-start=\"3057\" data-end=\"3211\">Una reparaci\u00f3n exhaustiva mejora la confiabilidad de la m\u00e1quina, mejora el rendimiento de separaci\u00f3n y ayuda a las instalaciones de Omaha a reducir fallas repetidas y tiempos de inactividad no planificados.<\/p>\n<hr data-start=\"3213\" data-end=\"3216\" \/>\n<h2 data-start=\"3218\" data-end=\"3280\">Servicios integrales de reparaci\u00f3n de centr\u00edfugas decantadoras de renderizado<\/h2>\n<p data-start=\"3282\" data-end=\"3437\">Sentrimax ofrece un conjunto completo de servicios de reparaci\u00f3n de centr\u00edfugas decantadoras de renderizado dise\u00f1ados para respaldar las operaciones de Omaha en cada fase de mantenimiento:<\/p>\n<ul data-start=\"3439\" data-end=\"3943\">\n<li data-start=\"3439\" data-end=\"3502\">\n<p data-start=\"3441\" data-end=\"3502\"><strong data-start=\"3441\" data-end=\"3500\">Inspecci\u00f3n mec\u00e1nica y evaluaci\u00f3n detallada del estado<\/strong><\/p>\n<\/li>\n<li data-start=\"3503\" data-end=\"3554\">\n<p data-start=\"3505\" data-end=\"3554\"><strong data-start=\"3505\" data-end=\"3552\">Diagn\u00f3stico de fallas y an\u00e1lisis de causa ra\u00edz<\/strong><\/p>\n<\/li>\n<li data-start=\"3555\" data-end=\"3616\">\n<p data-start=\"3557\" data-end=\"3616\"><strong data-start=\"3557\" data-end=\"3614\">Extracci\u00f3n, sustituci\u00f3n y alineaci\u00f3n de precisi\u00f3n de cojinetes<\/strong><\/p>\n<\/li>\n<li data-start=\"3617\" data-end=\"3673\">\n<p data-start=\"3619\" data-end=\"3673\"><strong data-start=\"3619\" data-end=\"3671\">Reparaci\u00f3n o reemplazo de rollos, transportadores y tazones<\/strong><\/p>\n<\/li>\n<li data-start=\"3674\" data-end=\"3734\">\n<p data-start=\"3676\" data-end=\"3734\"><strong data-start=\"3676\" data-end=\"3732\">Inspecci\u00f3n, reconstrucci\u00f3n y verificaci\u00f3n de torque de la caja de cambios<\/strong><\/p>\n<\/li>\n<li data-start=\"3735\" data-end=\"3780\">\n<p data-start=\"3737\" data-end=\"3780\"><strong data-start=\"3737\" data-end=\"3778\">Equilibrado din\u00e1mico con tolerancias estrictas<\/strong><\/p>\n<\/li>\n<li data-start=\"3781\" data-end=\"3834\">\n<p data-start=\"3783\" data-end=\"3834\"><strong data-start=\"3783\" data-end=\"3832\">Reemplazo de sellos y mejoras en la protecci\u00f3n contra el desgaste<\/strong><\/p>\n<\/li>\n<li data-start=\"3835\" data-end=\"3894\">\n<p data-start=\"3837\" data-end=\"3894\"><strong data-start=\"3837\" data-end=\"3892\">Soporte para resoluci\u00f3n de problemas de control e instrumentaci\u00f3n<\/strong><\/p>\n<\/li>\n<li data-start=\"3895\" data-end=\"3943\">\n<p data-start=\"3897\" data-end=\"3943\"><strong data-start=\"3897\" data-end=\"3943\">Pruebas de rendimiento y asistencia para la puesta en marcha<\/strong><\/p>\n<\/li>\n<\/ul>\n<p data-start=\"3945\" data-end=\"4190\">Todas las reparaciones siguen procedimientos documentados que cumplen con las expectativas de los equipos originales y los est\u00e1ndares de la industria. En lugar de centrarse \u00fanicamente en los s\u00edntomas visibles, los t\u00e9cnicos eval\u00faan sistemas mec\u00e1nicos completos para brindar soluciones integrales y duraderas.<\/p>\n<hr data-start=\"4192\" data-end=\"4195\" \/>\n<h2 data-start=\"4197\" data-end=\"4244\">Servicio de campo y respuesta r\u00e1pida en Nebraska<\/h2>\n<p data-start=\"4246\" data-end=\"4557\">Las fallas imprevistas de las centr\u00edfugas pueden detener la producci\u00f3n, sobrecargar los recursos de mantenimiento y aumentar los costos operativos. Sentrimax ofrece un servicio de campo eficiente en toda la regi\u00f3n de Omaha, desplegando t\u00e9cnicos equipados con herramientas de diagn\u00f3stico y procedimientos de seguridad para realizar evaluaciones y reparaciones in situ.<\/p>\n<p data-start=\"4559\" data-end=\"4609\">El servicio de campo en sitio ofrece importantes beneficios:<\/p>\n<ul data-start=\"4611\" data-end=\"4856\">\n<li data-start=\"4611\" data-end=\"4670\">\n<p data-start=\"4613\" data-end=\"4670\">Evaluaci\u00f3n de equipos en condiciones reales de proceso<\/p>\n<\/li>\n<li data-start=\"4671\" data-end=\"4722\">\n<p data-start=\"4673\" data-end=\"4722\">Soluci\u00f3n de problemas inmediata y acci\u00f3n correctiva<\/p>\n<\/li>\n<li data-start=\"4723\" data-end=\"4769\">\n<p data-start=\"4725\" data-end=\"4769\">Reducci\u00f3n de la necesidad de transporte de equipos pesados<\/p>\n<\/li>\n<li data-start=\"4770\" data-end=\"4856\">\n<p data-start=\"4772\" data-end=\"4856\">Colaboraci\u00f3n con el personal de las instalaciones para integrar el apoyo con los cronogramas de producci\u00f3n<\/p>\n<\/li>\n<\/ul>\n<p data-start=\"4858\" data-end=\"4972\">Los t\u00e9cnicos de campo trabajan de manera eficiente para minimizar las interrupciones y ayudar a que el equipo vuelva al servicio de manera r\u00e1pida y segura.<\/p>\n<hr data-start=\"4974\" data-end=\"4977\" \/>\n<h2 data-start=\"4979\" data-end=\"5023\">Reparaciones de precisi\u00f3n con piezas de alta calidad<\/h2>\n<p data-start=\"5025\" data-end=\"5236\">La calidad de los componentes de repuesto utilizados durante el mantenimiento influye directamente en la fiabilidad a largo plazo. Sentrimax suministra repuestos de calidad OEM y equivalentes para centr\u00edfugas decantadoras de renderizado, entre ellos:<\/p>\n<ul data-start=\"5238\" data-end=\"5493\">\n<li data-start=\"5238\" data-end=\"5273\">\n<p data-start=\"5240\" data-end=\"5273\">Cojinetes y conjuntos de cojinetes<\/p>\n<\/li>\n<li data-start=\"5274\" data-end=\"5308\">\n<p data-start=\"5276\" data-end=\"5308\">Sellos, juntas y anillos de desgaste<\/p>\n<\/li>\n<li data-start=\"5309\" data-end=\"5363\">\n<p data-start=\"5311\" data-end=\"5363\">Vuelo de desplazamiento, transportadores y conjuntos giratorios<\/p>\n<\/li>\n<li data-start=\"5364\" data-end=\"5416\">\n<p data-start=\"5366\" data-end=\"5416\">Componentes de la caja de cambios y piezas de transmisi\u00f3n de par<\/p>\n<\/li>\n<li data-start=\"5417\" data-end=\"5455\">\n<p data-start=\"5419\" data-end=\"5455\">Conjuntos de cuenco, cubo y giratorios<\/p>\n<\/li>\n<li data-start=\"5456\" data-end=\"5493\">\n<p data-start=\"5458\" data-end=\"5493\">Kits de sujetadores y herrajes de servicio<\/p>\n<\/li>\n<\/ul>\n<p data-start=\"5495\" data-end=\"5680\">Todos los componentes se inspeccionan para comprobar su precisi\u00f3n dimensional, integridad del material y compatibilidad antes de la instalaci\u00f3n para garantizar un rendimiento confiable en condiciones de renderizado exigentes.<\/p>\n<p data-start=\"5682\" data-end=\"5780\">Para conocer las opciones de piezas y la informaci\u00f3n de soporte de componentes, visite <a class=\"decorated-link cursor-pointer\" target=\"_new\" rel=\"noopener\" data-start=\"5740\" data-end=\"5779\">https:\/\/sentrimax.com\/centrifuge-parts\/<\/a>.<\/p>\n<hr data-start=\"5782\" data-end=\"5785\" \/>\n<h2 data-start=\"5787\" data-end=\"5831\">Servicios de reconstrucci\u00f3n completa y extensi\u00f3n de vida \u00fatil<\/h2>\n<p data-start=\"5833\" data-end=\"6033\">Para centr\u00edfugas con desgaste avanzado o pr\u00f3ximas al final de su vida \u00fatil, Sentrimax ofrece servicios completos de reconstrucci\u00f3n que restauran las m\u00e1quinas a un rendimiento pr\u00e1cticamente nuevo. Los proyectos de reconstrucci\u00f3n suelen incluir:<\/p>\n<ul data-start=\"6035\" data-end=\"6288\">\n<li data-start=\"6035\" data-end=\"6072\">\n<p data-start=\"6037\" data-end=\"6072\">Desmontaje y limpieza completos<\/p>\n<\/li>\n<li data-start=\"6073\" data-end=\"6126\">\n<p data-start=\"6075\" data-end=\"6126\">Inspecci\u00f3n y restauraci\u00f3n de tolerancias cr\u00edticas<\/p>\n<\/li>\n<li data-start=\"6127\" data-end=\"6161\">\n<p data-start=\"6129\" data-end=\"6161\">Sustituci\u00f3n de componentes desgastados<\/p>\n<\/li>\n<li data-start=\"6162\" data-end=\"6205\">\n<p data-start=\"6164\" data-end=\"6205\">Mecanizado de precisi\u00f3n para ajuste y equilibrio.<\/p>\n<\/li>\n<li data-start=\"6206\" data-end=\"6248\">\n<p data-start=\"6208\" data-end=\"6248\">Equilibrado din\u00e1mico de elementos rotatorios<\/p>\n<\/li>\n<li data-start=\"6249\" data-end=\"6288\">\n<p data-start=\"6251\" data-end=\"6288\">Reensamblaje y validaci\u00f3n del rendimiento<\/p>\n<\/li>\n<\/ul>\n<p data-start=\"6290\" data-end=\"6451\">Estas reconstrucciones se planifican en consulta con el personal de las instalaciones para alinearse con las paradas programadas y los objetivos operativos y, al mismo tiempo, maximizar la extensi\u00f3n de la vida \u00fatil.<\/p>\n<hr data-start=\"6453\" data-end=\"6456\" \/>\n<h2 data-start=\"6458\" data-end=\"6509\">Mantenimiento preventivo para confiabilidad a largo plazo<\/h2>\n<p data-start=\"6511\" data-end=\"6789\">Las reparaciones reactivas pueden ser costosas, tanto en gastos de reparaci\u00f3n como en p\u00e9rdida de producci\u00f3n. El mantenimiento preventivo ayuda a las instalaciones a identificar problemas emergentes con anticipaci\u00f3n y a evitar fallas imprevistas. Sentrimax colabora con las instalaciones de Omaha para desarrollar planes de mantenimiento preventivo personalizados que pueden incluir:<\/p>\n<ul data-start=\"6791\" data-end=\"7083\">\n<li data-start=\"6791\" data-end=\"6847\">\n<p data-start=\"6793\" data-end=\"6847\">Inspecci\u00f3n mec\u00e1nica de rutina y seguimiento del estado<\/p>\n<\/li>\n<li data-start=\"6848\" data-end=\"6891\">\n<p data-start=\"6850\" data-end=\"6891\">An\u00e1lisis de vibraciones y seguimiento de tendencias<\/p>\n<\/li>\n<li data-start=\"6892\" data-end=\"6941\">\n<p data-start=\"6894\" data-end=\"6941\">Muestreo de aceite y verificaci\u00f3n del estado de lubricaci\u00f3n<\/p>\n<\/li>\n<li data-start=\"6942\" data-end=\"6985\">\n<p data-start=\"6944\" data-end=\"6985\">Medici\u00f3n del desgaste en componentes cr\u00edticos<\/p>\n<\/li>\n<li data-start=\"6986\" data-end=\"7030\">\n<p data-start=\"6988\" data-end=\"7030\">Reemplazo programado de piezas de alto desgaste<\/p>\n<\/li>\n<li data-start=\"7031\" data-end=\"7083\">\n<p data-start=\"7033\" data-end=\"7083\">Verificaci\u00f3n de alineaci\u00f3n y pruebas de equilibrio din\u00e1mico<\/p>\n<\/li>\n<\/ul>\n<p data-start=\"7085\" data-end=\"7235\">Al planificar el mantenimiento en funci\u00f3n de datos operativos en lugar de fallas, las instalaciones pueden mejorar el tiempo de actividad y controlar mejor el gasto de mantenimiento a lo largo del tiempo.<\/p>\n<hr data-start=\"7237\" data-end=\"7240\" \/>\n<h2 data-start=\"7242\" data-end=\"7288\">Apoyo a los objetivos de rendimiento y cumplimiento<\/h2>\n<p data-start=\"7290\" data-end=\"7555\">El funcionamiento eficiente de la centr\u00edfuga contribuye a la estabilidad del proceso, un rendimiento de separaci\u00f3n constante y la eficiencia operativa. Un rendimiento deficiente de la centr\u00edfuga puede aumentar el volumen de residuos que se deben manipular, sobrecargar los equipos posteriores y afectar el cumplimiento normativo o las normas del producto.<\/p>\n<p data-start=\"7557\" data-end=\"8027\">Para un contexto m\u00e1s amplio de la industria y orientaci\u00f3n regulatoria relacionada con las intersecciones de manejo de aguas residuales y s\u00f3lidos, los operadores pueden consultar los recursos de <strong data-start=\"7710\" data-end=\"7756\">Agencia de Protecci\u00f3n Ambiental de los Estados Unidos (EPA)<\/strong> en <a class=\"decorated-link cursor-pointer\" target=\"_new\" rel=\"noopener\" data-start=\"7760\" data-end=\"7785\">https:\/\/www.epa.gov\/water<\/a>. Se encuentran disponibles mejores pr\u00e1cticas t\u00e9cnicas y operativas adicionales a trav\u00e9s de <strong data-start=\"7865\" data-end=\"7903\">Federaci\u00f3n del Medio Ambiente del Agua (FEM)<\/strong> en <a class=\"decorated-link\" href=\"https:\/\/www.wef.org\/\" target=\"_new\" rel=\"noopener\" data-start=\"7907\" data-end=\"7927\">https:\/\/www.wef.org\/<\/a>, ofreciendo informaci\u00f3n valiosa para la planificaci\u00f3n del proceso de separaci\u00f3n y consideraciones sobre el tratamiento de aguas residuales.<\/p>\n<hr data-start=\"8029\" data-end=\"8032\" \/>\n<h2 data-start=\"8034\" data-end=\"8074\">Por qu\u00e9 las instalaciones de Omaha eligen Sentrimax<\/h2>\n<p data-start=\"8076\" data-end=\"8412\">Los procesadores de Omaha eligen Sentrimax para la reparaci\u00f3n de sus centr\u00edfugas decantadoras por su experiencia t\u00e9cnica, su eficiente servicio de asistencia en campo y su compromiso con la calidad. Los t\u00e9cnicos de Sentrimax combinan su experiencia mec\u00e1nica con la pr\u00e1ctica para diagnosticar problemas complejos, implementar reparaciones eficaces y proteger activos cr\u00edticos.<\/p>\n<p data-start=\"8414\" data-end=\"8787\">Una comunicaci\u00f3n clara y una documentaci\u00f3n completa son elementos clave de cada intervenci\u00f3n. Las instalaciones reciben informes detallados que describen los hallazgos del diagn\u00f3stico, las medidas correctivas adoptadas, los componentes reemplazados y las recomendaciones para la planificaci\u00f3n futura del mantenimiento preventivo. Esta informaci\u00f3n ayuda a los equipos de operaciones a tomar decisiones informadas y a perfeccionar las estrategias de mantenimiento a largo plazo.<\/p>\n<p data-start=\"8789\" data-end=\"8888\">Para obtener experiencia en aguas residuales y equipos relacionados, visite <a class=\"decorated-link cursor-pointer\" target=\"_new\" rel=\"noopener\" data-start=\"8843\" data-end=\"8887\">https:\/\/sentrimax.com\/industries\/wastewater\/<\/a>.<\/p>\n<hr data-start=\"8890\" data-end=\"8893\" \/>\n<h2 data-start=\"8895\" data-end=\"8943\">Soporte integral desde la evaluaci\u00f3n hasta la puesta en marcha<\/h2>\n<p data-start=\"8945\" data-end=\"9015\">El modelo de servicio de Sentrimax se extiende m\u00e1s all\u00e1 de la reparaci\u00f3n mec\u00e1nica para incluir:<\/p>\n<ul data-start=\"9017\" data-end=\"9249\">\n<li data-start=\"9017\" data-end=\"9063\">\n<p data-start=\"9019\" data-end=\"9063\">Coordinaci\u00f3n de aparejos y remoci\u00f3n de equipos<\/p>\n<\/li>\n<li data-start=\"9064\" data-end=\"9116\">\n<p data-start=\"9066\" data-end=\"9116\">Alineaci\u00f3n de precisi\u00f3n y verificaci\u00f3n dimensional<\/p>\n<\/li>\n<li data-start=\"9117\" data-end=\"9166\">\n<p data-start=\"9119\" data-end=\"9166\">Soporte de reinstalaci\u00f3n y calibraci\u00f3n del sistema<\/p>\n<\/li>\n<li data-start=\"9167\" data-end=\"9212\">\n<p data-start=\"9169\" data-end=\"9212\">Asistencia en la puesta en marcha y puesta a punto operativa<\/p>\n<\/li>\n<li data-start=\"9213\" data-end=\"9249\">\n<p data-start=\"9215\" data-end=\"9249\">Evaluaci\u00f3n del desempe\u00f1o posterior a la reparaci\u00f3n<\/p>\n<\/li>\n<\/ul>\n<p data-start=\"9251\" data-end=\"9400\">Este enfoque hol\u00edstico garantiza que las centr\u00edfugas decantadoras vuelvan a funcionar de manera confiable, eficiente y dentro de las expectativas de dise\u00f1o.<\/p>\n<hr data-start=\"9402\" data-end=\"9405\" \/>\n<h2 data-start=\"9407\" data-end=\"9463\">Mejora continua mediante el monitoreo del desempe\u00f1o<\/h2>\n<p data-start=\"9465\" data-end=\"9755\">La confiabilidad a largo plazo depende de estrategias de mantenimiento basadas en datos. Sentrimax apoya a las instalaciones en el seguimiento de indicadores clave de rendimiento, como perfiles de vibraci\u00f3n, datos de torque y tendencias de desgaste, para anticipar las necesidades de servicio, optimizar la planificaci\u00f3n del mantenimiento y reducir el costo total de propiedad.<\/p>\n<hr data-start=\"9757\" data-end=\"9760\" \/>\n<h2 data-start=\"9762\" data-end=\"9821\">Solicitar reparaci\u00f3n de centr\u00edfuga decantadora en Omaha, NE<\/h2>\n<p data-start=\"9823\" data-end=\"10203\">Cuando se requiere una reparaci\u00f3n experta de una centr\u00edfuga decantadora de renderizado <strong data-start=\"9887\" data-end=\"9900\">Omaha, Nebraska<\/strong>, Las instalaciones conf\u00edan en Sentrimax para obtener experiencia confiable, soporte t\u00e9cnico r\u00e1pido y resultados profesionales. Ya sea para solucionar fallas urgentes, planificar mantenimiento preventivo o realizar reconstrucciones completas, Sentrimax ofrece soluciones dise\u00f1adas para mantener sus centr\u00edfugas funcionando de manera confiable y eficiente.<\/p>\n<p data-start=\"10205\" data-end=\"10259\"><strong data-start=\"10205\" data-end=\"10259\"><a class=\"decorated-link\" href=\"https:\/\/sentrimax.com\/es\/contact\/\" target=\"_new\" rel=\"noopener\" data-start=\"10207\" data-end=\"10257\">\u00a1Solicita una cotizaci\u00f3n!<\/a><\/strong><\/p>","protected":false},"excerpt":{"rendered":"<p>Sentrimax provides professional rendering decanter centrifuge repair services for industrial processors, rendering facilities, and wastewater treatment plants throughout Omaha, Nebraska. Rendering decanter centrifuges play a vital role in separating fats, oils, solids, and liquids in high-temperature, viscous, and abrasive environments common to byproduct processing and industrial solids handling. When these machines experience vibration, bearing failure, [&hellip;]<\/p>\n","protected":false},"author":3,"featured_media":0,"parent":0,"menu_order":0,"comment_status":"closed","ping_status":"closed","template":"seo-page-template.php","meta":{"_acf_changed":false,"inline_featured_image":false,"footnotes":""},"class_list":["post-2318","page","type-page","status-publish","hentry"],"acf":[],"_links":{"self":[{"href":"https:\/\/sentrimax.com\/es\/wp-json\/wp\/v2\/pages\/2318","targetHints":{"allow":["GET"]}}],"collection":[{"href":"https:\/\/sentrimax.com\/es\/wp-json\/wp\/v2\/pages"}],"about":[{"href":"https:\/\/sentrimax.com\/es\/wp-json\/wp\/v2\/types\/page"}],"author":[{"embeddable":true,"href":"https:\/\/sentrimax.com\/es\/wp-json\/wp\/v2\/users\/3"}],"replies":[{"embeddable":true,"href":"https:\/\/sentrimax.com\/es\/wp-json\/wp\/v2\/comments?post=2318"}],"version-history":[{"count":1,"href":"https:\/\/sentrimax.com\/es\/wp-json\/wp\/v2\/pages\/2318\/revisions"}],"predecessor-version":[{"id":2509,"href":"https:\/\/sentrimax.com\/es\/wp-json\/wp\/v2\/pages\/2318\/revisions\/2509"}],"wp:attachment":[{"href":"https:\/\/sentrimax.com\/es\/wp-json\/wp\/v2\/media?parent=2318"}],"curies":[{"name":"wp","href":"https:\/\/api.w.org\/{rel}","templated":true}]}}