{"id":2319,"date":"2026-01-07T17:12:28","date_gmt":"2026-01-07T17:12:28","guid":{"rendered":"https:\/\/sentrimax.com\/?page_id=2319"},"modified":"2026-04-21T21:14:20","modified_gmt":"2026-04-21T21:14:20","slug":"rendering-centrifuge-maintenance-in-atlanta-ga","status":"publish","type":"page","link":"https:\/\/sentrimax.com\/es\/rendering-centrifuge-maintenance-in-atlanta-ga\/","title":{"rendered":"Mantenimiento de centr\u00edfugas de renderizado en Atlanta, GA"},"content":{"rendered":"<p data-start=\"312\" data-end=\"1029\"><img fetchpriority=\"high\" decoding=\"async\" class=\"aligncenter size-full wp-image-47\" src=\"https:\/\/sentrimax.com\/wp-content\/uploads\/2025\/05\/image-5.jpg\" alt=\"\" width=\"1440\" height=\"694\" srcset=\"https:\/\/sentrimax.com\/wp-content\/uploads\/2025\/05\/image-5.jpg 1440w, https:\/\/sentrimax.com\/wp-content\/uploads\/2025\/05\/image-5-600x289.jpg 600w, https:\/\/sentrimax.com\/wp-content\/uploads\/2025\/05\/image-5-300x145.jpg 300w, https:\/\/sentrimax.com\/wp-content\/uploads\/2025\/05\/image-5-1024x494.jpg 1024w, https:\/\/sentrimax.com\/wp-content\/uploads\/2025\/05\/image-5-768x370.jpg 768w\" sizes=\"(max-width: 1440px) 100vw, 1440px\" \/><\/p>\n<p data-start=\"312\" data-end=\"1029\">Sentrimax ofrece servicios profesionales de mantenimiento de centr\u00edfugas de renderizado para procesadores industriales, plantas de renderizado e instalaciones de aguas residuales en todo el pa\u00eds. <strong data-start=\"468\" data-end=\"488\">Atlanta, Georgia<\/strong>. Las centr\u00edfugas de renderizado son m\u00e1quinas esenciales para separar grasas, aceites, s\u00f3lidos y l\u00edquidos en los flujos de subproductos generados por el procesamiento de alimentos y la extracci\u00f3n de residuos animales. Estas m\u00e1quinas operan en condiciones exigentes (altas temperaturas, cargas viscosas y s\u00f3lidos abrasivos) que someten a una tensi\u00f3n continua a rodamientos, sellos, conjuntos transportadores y otras piezas cr\u00edticas. El mantenimiento rutinario realizado por t\u00e9cnicos experimentados ayuda a prevenir fallos imprevistos, reducir el tiempo de inactividad y prolongar la vida \u00fatil de las centr\u00edfugas de renderizado.<\/p>\n<p data-start=\"1031\" data-end=\"1424\">Con d\u00e9cadas de experiencia en el servicio de equipos de separaci\u00f3n de alta velocidad, <strong data-start=\"1101\" data-end=\"1114\">Sentrimax<\/strong> Ofrece inspecciones detalladas, evaluaciones de rendimiento, planificaci\u00f3n de servicios preventivos y mantenimiento basado en la condici\u00f3n, adaptado a las necesidades de las operaciones de renderizado. El mantenimiento regular mejora la confiabilidad de los equipos, mejora el rendimiento de la separaci\u00f3n y ayuda a las instalaciones de Atlanta a mantener la continuidad de la producci\u00f3n.<\/p>\n<hr data-start=\"1426\" data-end=\"1429\" \/>\n<h2 data-start=\"1431\" data-end=\"1480\">Apoyo a las operaciones de renderizado en Atlanta<\/h2>\n<p data-start=\"1482\" data-end=\"1957\">Centrifugadoras de renderizado en el <strong data-start=\"1511\" data-end=\"1540\">\u00c1rea metropolitana de Atlanta<\/strong> Desempe\u00f1an un papel fundamental en el procesamiento industrial de s\u00f3lidos y la extracci\u00f3n de l\u00edquidos. Cuando se pospone el mantenimiento, peque\u00f1os problemas como vibraciones, fallos de lubricaci\u00f3n o desgaste de los sellos pueden derivar en fallas mec\u00e1nicas graves que interrumpen las operaciones y aumentan los costos de reparaci\u00f3n. Sentrimax colabora con ingenieros de instalaciones y equipos de mantenimiento para brindar servicios de mantenimiento estructurados que reducen el riesgo y mejoran el tiempo de actividad.<\/p>\n<p data-start=\"1959\" data-end=\"2237\">Al combinar el servicio de campo in situ con la experiencia t\u00e9cnica, Sentrimax ayuda a las instalaciones de Atlanta a identificar problemas emergentes con anticipaci\u00f3n y a programar el servicio seg\u00fan las ventanas de producci\u00f3n planificadas. Este enfoque proactivo facilita operaciones m\u00e1s fluidas y una planificaci\u00f3n de mantenimiento m\u00e1s predecible.<\/p>\n<p data-start=\"2239\" data-end=\"2352\">Para obtener una amplia gama de capacidades de servicio que incluyen reparaciones y reconstrucciones, visite <a class=\"decorated-link cursor-pointer\" target=\"_new\" rel=\"noopener\" data-start=\"2311\" data-end=\"2351\">https:\/\/sentrimax.com\/centrifuge-repair\/<\/a>.<\/p>\n<hr data-start=\"2354\" data-end=\"2357\" \/>\n<h2 data-start=\"2359\" data-end=\"2417\">Servicios integrales de mantenimiento de centr\u00edfugas de renderizado<\/h2>\n<p data-start=\"2419\" data-end=\"2603\">Sentrimax ofrece un conjunto completo de servicios de mantenimiento dise\u00f1ados para evaluar el estado y preservar la integridad mec\u00e1nica de las centr\u00edfugas de renderizado. Las principales ofertas de mantenimiento incluyen:<\/p>\n<ul data-start=\"2605\" data-end=\"3042\">\n<li data-start=\"2605\" data-end=\"2671\">\n<p data-start=\"2607\" data-end=\"2671\"><strong data-start=\"2607\" data-end=\"2669\">Inspecciones mec\u00e1nicas programadas y evaluaciones de condici\u00f3n<\/strong><\/p>\n<\/li>\n<li data-start=\"2672\" data-end=\"2719\">\n<p data-start=\"2674\" data-end=\"2719\"><strong data-start=\"2674\" data-end=\"2717\">An\u00e1lisis de vibraciones y seguimiento de tendencias<\/strong><\/p>\n<\/li>\n<li data-start=\"2720\" data-end=\"2779\">\n<p data-start=\"2722\" data-end=\"2779\"><strong data-start=\"2722\" data-end=\"2777\">Comprobaciones de lubricaci\u00f3n de cojinetes y evaluaci\u00f3n del estado<\/strong><\/p>\n<\/li>\n<li data-start=\"2780\" data-end=\"2828\">\n<p data-start=\"2782\" data-end=\"2828\"><strong data-start=\"2782\" data-end=\"2826\">Planificaci\u00f3n de la inspecci\u00f3n y el reemplazo de sellos<\/strong><\/p>\n<\/li>\n<li data-start=\"2829\" data-end=\"2884\">\n<p data-start=\"2831\" data-end=\"2884\"><strong data-start=\"2831\" data-end=\"2882\">Inspecci\u00f3n de la caja de cambios y evaluaci\u00f3n del estado del aceite<\/strong><\/p>\n<\/li>\n<li data-start=\"2885\" data-end=\"2942\">\n<p data-start=\"2887\" data-end=\"2942\"><strong data-start=\"2887\" data-end=\"2940\">Medici\u00f3n del desgaste de espirales, transportadores y tazones<\/strong><\/p>\n<\/li>\n<li data-start=\"2943\" data-end=\"2991\">\n<p data-start=\"2945\" data-end=\"2991\"><strong data-start=\"2945\" data-end=\"2989\">Verificaci\u00f3n del equilibrio din\u00e1mico cuando sea necesario<\/strong><\/p>\n<\/li>\n<li data-start=\"2992\" data-end=\"3042\">\n<p data-start=\"2994\" data-end=\"3042\"><strong data-start=\"2994\" data-end=\"3042\">Revisi\u00f3n y presentaci\u00f3n de informes sobre el desempe\u00f1o operativo<\/strong><\/p>\n<\/li>\n<\/ul>\n<p data-start=\"3044\" data-end=\"3362\">Cada visita de mantenimiento sigue procedimientos documentados y personalizados para garantizar las condiciones de servicio de la centr\u00edfuga y las expectativas del equipo original. En lugar de simplemente inspeccionar el desgaste visible, los t\u00e9cnicos de Sentrimax eval\u00faan todo el sistema mec\u00e1nico para identificar problemas emergentes antes de que se conviertan en fallas catastr\u00f3ficas.<\/p>\n<hr data-start=\"3364\" data-end=\"3367\" \/>\n<h2 data-start=\"3369\" data-end=\"3431\">Programas de mantenimiento preventivo adaptados a las cargas de renderizado<\/h2>\n<p data-start=\"3433\" data-end=\"3738\">El mantenimiento preventivo es una de las maneras m\u00e1s eficaces de controlar los costos del ciclo de vida y mejorar la confiabilidad de las centr\u00edfugas de renderizado. Sentrimax colabora con las instalaciones de Atlanta para dise\u00f1ar programas de mantenimiento basados en las horas de operaci\u00f3n reales, las caracter\u00edsticas de la alimentaci\u00f3n, la carga de s\u00f3lidos y los patrones hist\u00f3ricos de desgaste.<\/p>\n<p data-start=\"3740\" data-end=\"3781\">Los planes de mantenimiento preventivo pueden incluir:<\/p>\n<ul data-start=\"3783\" data-end=\"4066\">\n<li data-start=\"3783\" data-end=\"3833\">\n<p data-start=\"3785\" data-end=\"3833\">Inspecciones rutinarias de equipos y limpieza<\/p>\n<\/li>\n<li data-start=\"3834\" data-end=\"3886\">\n<p data-start=\"3836\" data-end=\"3886\">An\u00e1lisis de tendencias de datos de vibraci\u00f3n y lubricaci\u00f3n<\/p>\n<\/li>\n<li data-start=\"3887\" data-end=\"3967\">\n<p data-start=\"3889\" data-end=\"3967\">Reemplazo programado de piezas de alto desgaste, como sellos, cojinetes y revestimientos.<\/p>\n<\/li>\n<li data-start=\"3968\" data-end=\"4013\">\n<p data-start=\"3970\" data-end=\"4013\">Comprobaciones de alineaci\u00f3n y verificaci\u00f3n del equilibrio<\/p>\n<\/li>\n<li data-start=\"4014\" data-end=\"4066\">\n<p data-start=\"4016\" data-end=\"4066\">Informes detallados con recomendaciones pr\u00e1cticas<\/p>\n<\/li>\n<\/ul>\n<p data-start=\"4068\" data-end=\"4238\">Al planificar el mantenimiento en funci\u00f3n de datos operativos en lugar de fallas reactivas, las instalaciones pueden reducir las reparaciones de emergencia, extender la vida \u00fatil de las piezas y mejorar el rendimiento general.<\/p>\n<hr data-start=\"4240\" data-end=\"4243\" \/>\n<h2 data-start=\"4245\" data-end=\"4294\">Servicio de campo y experiencia in situ en Atlanta<\/h2>\n<p data-start=\"4296\" data-end=\"4617\">Sentrimax ofrece mantenimiento de campo in situ en Atlanta y las regiones circundantes, lo que permite a los t\u00e9cnicos observar los equipos en condiciones reales de funcionamiento. Esta informaci\u00f3n contextual facilita una mejor evaluaci\u00f3n de los patrones de desgaste, las tensiones operativas y las variables del proceso que podr\u00edan contribuir a la degradaci\u00f3n de los componentes.<\/p>\n<p data-start=\"4619\" data-end=\"4910\">El servicio in situ tambi\u00e9n minimiza la necesidad de transportar conjuntos de centr\u00edfugas pesadas fuera de las instalaciones, lo que reduce los costos log\u00edsticos y el tiempo de inactividad. Los t\u00e9cnicos trabajan en colaboraci\u00f3n con el personal de las instalaciones para integrar las tareas de mantenimiento con los programas de producci\u00f3n, garantizando as\u00ed una interrupci\u00f3n m\u00ednima de las operaciones.<\/p>\n<hr data-start=\"4912\" data-end=\"4915\" \/>\n<h2 data-start=\"4917\" data-end=\"4967\">Piezas de calidad para apoyar el mantenimiento preventivo<\/h2>\n<p data-start=\"4969\" data-end=\"5279\">El mantenimiento de las centr\u00edfugas de renderizado suele requerir componentes de repuesto de alta calidad para preservar el rendimiento y prolongar los intervalos de servicio. Sentrimax suministra piezas de calidad OEM y equivalentes, como rodamientos, sellos, revestimientos antidesgaste y componentes de transportadores que cumplen con las especificaciones originales de ajuste y durabilidad.<\/p>\n<p data-start=\"5281\" data-end=\"5559\">El uso de piezas de alta calidad durante el mantenimiento preventivo ayuda a reducir la vibraci\u00f3n, prolongar la vida \u00fatil de los rodamientos y prevenir fallos prematuros de los componentes rotativos. Las instalaciones interesadas en obtener asistencia con piezas para la programaci\u00f3n del mantenimiento pueden obtener m\u00e1s informaci\u00f3n en <a class=\"decorated-link cursor-pointer\" target=\"_new\" rel=\"noopener\" data-start=\"5519\" data-end=\"5558\">https:\/\/sentrimax.com\/centrifuge-parts\/<\/a>.<\/p>\n<hr data-start=\"5561\" data-end=\"5564\" \/>\n<h2 data-start=\"5566\" data-end=\"5616\">Apoyo a la estabilidad operativa y el cumplimiento<\/h2>\n<p data-start=\"5618\" data-end=\"5934\">El rendimiento confiable de las centr\u00edfugas de renderizado contribuye a una calidad de producci\u00f3n constante, la eficiencia en la gesti\u00f3n de s\u00f3lidos y la estabilidad general del proceso. El mantenimiento aplazado que provoca fallas en los equipos puede aumentar los costos de manejo de residuos, interrumpir los sistemas posteriores y comprometer los objetivos internos de calidad o regulatorios.<\/p>\n<p data-start=\"5936\" data-end=\"6422\">Para obtener una gu\u00eda regulatoria m\u00e1s amplia relacionada con el tratamiento de aguas residuales, el control de procesos y el manejo de s\u00f3lidos, los operadores pueden consultar <strong data-start=\"6065\" data-end=\"6111\">Agencia de Protecci\u00f3n Ambiental de los Estados Unidos (EPA)<\/strong> en <a class=\"decorated-link cursor-pointer\" target=\"_new\" rel=\"noopener\" data-start=\"6115\" data-end=\"6140\">https:\/\/www.epa.gov\/water<\/a>. Las mejores pr\u00e1cticas de la industria y los recursos t\u00e9cnicos adicionales est\u00e1n disponibles en <strong data-start=\"6224\" data-end=\"6262\">Federaci\u00f3n del Medio Ambiente del Agua (FEM)<\/strong> en <a class=\"decorated-link\" href=\"https:\/\/www.wef.org\/\" target=\"_new\" rel=\"noopener\" data-start=\"6266\" data-end=\"6286\">https:\/\/www.wef.org\/<\/a>, que proporciona informaci\u00f3n sobre las tecnolog\u00edas de tratamiento, las expectativas ambientales y las m\u00e9tricas de rendimiento relevantes para el procesamiento de s\u00f3lidos.<\/p>\n<hr data-start=\"6424\" data-end=\"6427\" \/>\n<h2 data-start=\"6429\" data-end=\"6471\">Por qu\u00e9 las instalaciones de Atlanta eligen Sentrimax<\/h2>\n<p data-start=\"6473\" data-end=\"6850\">Los operadores de Atlanta eligen a Sentrimax para el mantenimiento de sus centr\u00edfugas de renderizado por su combinaci\u00f3n de experiencia t\u00e9cnica, servicio atento y compromiso con la calidad. Los t\u00e9cnicos de Sentrimax comprenden las exigencias operativas que enfrentan los equipos de renderizado y ofrecen servicios de mantenimiento dise\u00f1ados para detectar problemas emergentes antes de que se conviertan en fallos imprevistos.<\/p>\n<p data-start=\"6852\" data-end=\"7197\">La comunicaci\u00f3n clara y la documentaci\u00f3n detallada son el sello distintivo de cada intervenci\u00f3n de mantenimiento. Las instalaciones reciben informes completos que resumen los hallazgos de la inspecci\u00f3n, datos de tendencias, recomendaciones pr\u00e1cticas y proyecciones para futuras necesidades de servicio. Esta informaci\u00f3n facilita la toma de decisiones informada y ayuda a los equipos a implementar recursos de forma m\u00e1s eficaz.<\/p>\n<p data-start=\"7199\" data-end=\"7332\">Para capacidades de servicio que se extienden m\u00e1s all\u00e1 del mantenimiento y abarcan la reparaci\u00f3n y revisi\u00f3n, visite <a class=\"decorated-link cursor-pointer\" target=\"_new\" rel=\"noopener\" data-start=\"7287\" data-end=\"7331\">https:\/\/sentrimax.com\/industries\/wastewater\/<\/a>.<\/p>\n<hr data-start=\"7334\" data-end=\"7337\" \/>\n<h2 data-start=\"7339\" data-end=\"7388\">Planificaci\u00f3n del mantenimiento y confiabilidad a largo plazo<\/h2>\n<p data-start=\"7390\" data-end=\"7838\">La confiabilidad a largo plazo depende de una planificaci\u00f3n estructurada del mantenimiento y del seguimiento proactivo del estado. Sentrimax ayuda a las instalaciones a establecer calendarios de mantenimiento, registros de tendencias y par\u00e1metros de rendimiento que respaldan la toma de decisiones estrat\u00e9gicas. Al utilizar datos de las actividades de mantenimiento rutinario, como las tendencias de vibraci\u00f3n, el estado del aceite y la medici\u00f3n del desgaste, las instalaciones obtienen informaci\u00f3n clara sobre el estado de los activos y pueden anticipar las necesidades de servicio antes de que se produzcan fallos.<\/p>\n<p data-start=\"7840\" data-end=\"7942\">Este enfoque basado en datos ayuda a reducir el costo total de propiedad y mejorar la previsibilidad operativa.<\/p>\n<hr data-start=\"7944\" data-end=\"7947\" \/>\n<h2 data-start=\"7949\" data-end=\"8006\">Solicitar mantenimiento de centr\u00edfuga de renderizado en Atlanta, GA<\/h2>\n<p data-start=\"8008\" data-end=\"8403\">Cuando se requiere un mantenimiento profesional de la centr\u00edfuga de renderizado <strong data-start=\"8074\" data-end=\"8089\">Atlanta, Georgia<\/strong>, Las instalaciones conf\u00edan en Sentrimax para obtener experiencia confiable, servicio r\u00e1pido y soluciones de mantenimiento dise\u00f1adas para maximizar el tiempo de actividad y prolongar la vida \u00fatil. Ya sea estableciendo un programa de mantenimiento preventivo o implementando un servicio basado en la condici\u00f3n, Sentrimax ofrece resultados que respaldan sus objetivos operativos.<\/p>\n<p data-start=\"8405\" data-end=\"8459\"><strong data-start=\"8405\" data-end=\"8459\"><a class=\"decorated-link\" href=\"https:\/\/sentrimax.com\/es\/contact\/\" target=\"_new\" rel=\"noopener\" data-start=\"8407\" data-end=\"8457\">\u00a1Solicita una cotizaci\u00f3n!<\/a><\/strong><\/p>","protected":false},"excerpt":{"rendered":"<p>Sentrimax provides professional rendering centrifuge maintenance services for industrial processors, rendering plants, and wastewater facilities throughout Atlanta, Georgia. Rendering centrifuges are essential machines for separating fats, oils, solids, and liquids within byproduct streams produced by food processing and animal rendering operations. These machines operate in demanding conditions\u2014high temperatures, viscous loads, and abrasive solids\u2014that put continuous [&hellip;]<\/p>\n","protected":false},"author":3,"featured_media":0,"parent":0,"menu_order":0,"comment_status":"closed","ping_status":"closed","template":"seo-page-template.php","meta":{"_acf_changed":false,"inline_featured_image":false,"footnotes":""},"class_list":["post-2319","page","type-page","status-publish","hentry"],"acf":[],"_links":{"self":[{"href":"https:\/\/sentrimax.com\/es\/wp-json\/wp\/v2\/pages\/2319","targetHints":{"allow":["GET"]}}],"collection":[{"href":"https:\/\/sentrimax.com\/es\/wp-json\/wp\/v2\/pages"}],"about":[{"href":"https:\/\/sentrimax.com\/es\/wp-json\/wp\/v2\/types\/page"}],"author":[{"embeddable":true,"href":"https:\/\/sentrimax.com\/es\/wp-json\/wp\/v2\/users\/3"}],"replies":[{"embeddable":true,"href":"https:\/\/sentrimax.com\/es\/wp-json\/wp\/v2\/comments?post=2319"}],"version-history":[{"count":1,"href":"https:\/\/sentrimax.com\/es\/wp-json\/wp\/v2\/pages\/2319\/revisions"}],"predecessor-version":[{"id":2508,"href":"https:\/\/sentrimax.com\/es\/wp-json\/wp\/v2\/pages\/2319\/revisions\/2508"}],"wp:attachment":[{"href":"https:\/\/sentrimax.com\/es\/wp-json\/wp\/v2\/media?parent=2319"}],"curies":[{"name":"wp","href":"https:\/\/api.w.org\/{rel}","templated":true}]}}