{"id":2320,"date":"2026-01-07T17:14:20","date_gmt":"2026-01-07T17:14:20","guid":{"rendered":"https:\/\/sentrimax.com\/?page_id=2320"},"modified":"2026-04-21T21:14:19","modified_gmt":"2026-04-21T21:14:19","slug":"rendering-centrifuge-service-in-minneapolis-mn","status":"publish","type":"page","link":"https:\/\/sentrimax.com\/es\/rendering-centrifuge-service-in-minneapolis-mn\/","title":{"rendered":"Servicio de centr\u00edfuga de renderizado en Minneapolis, MN"},"content":{"rendered":"<p data-start=\"310\" data-end=\"921\"><img fetchpriority=\"high\" decoding=\"async\" class=\"aligncenter size-full wp-image-2204\" src=\"https:\/\/sentrimax.com\/wp-content\/uploads\/2025\/10\/Sentrimax-PM95000-scaled-e1761191933425.jpg\" alt=\"centrifuge 40&quot; sharples rental\" width=\"1000\" height=\"718\" \/><\/p>\n<p data-start=\"310\" data-end=\"921\">Sentrimax ofrece un servicio profesional de centr\u00edfuga de renderizado para procesadores industriales, plantas de renderizado y operaciones de aguas residuales en todo el pa\u00eds. <strong data-start=\"453\" data-end=\"479\">Minneapolis, Minnesota<\/strong>. Las centr\u00edfugas de renderizado son equipos cruciales que se utilizan para separar s\u00f3lidos, grasas, aceites y l\u00edquidos en los exigentes entornos del procesamiento de subproductos animales y la manipulaci\u00f3n de s\u00f3lidos industriales. Cuando estas m\u00e1quinas experimentan vibraciones, desgaste, reducci\u00f3n del rendimiento o fallas mec\u00e1nicas, el mantenimiento oportuno por parte de t\u00e9cnicos experimentados es esencial para proteger la productividad, minimizar los costosos tiempos de inactividad y mejorar la confiabilidad general del equipo.<\/p>\n<p data-start=\"923\" data-end=\"1399\">Con d\u00e9cadas de experiencia en el servicio de equipos de separaci\u00f3n de alta velocidad, <strong data-start=\"993\" data-end=\"1006\">Sentrimax<\/strong> Ofrece diagn\u00f3sticos exhaustivos, reparaciones mec\u00e1nicas de precisi\u00f3n, planificaci\u00f3n de mantenimiento preventivo y soluciones integrales de reconstrucci\u00f3n adaptadas a las rigurosas condiciones de las aplicaciones de renderizado. Ya sea para atender una necesidad urgente de servicio o para planificar el mantenimiento a largo plazo, Sentrimax ayuda a las instalaciones de Minneapolis a restaurar el rendimiento, mejorar el tiempo de actividad y prolongar la vida \u00fatil de sus activos cr\u00edticos.<\/p>\n<hr data-start=\"1401\" data-end=\"1404\" \/>\n<h2 data-start=\"1406\" data-end=\"1459\">Apoyo a las operaciones de renderizado en Minneapolis<\/h2>\n<p data-start=\"1461\" data-end=\"2177\">Centrifugadoras de renderizado que operan en el <strong data-start=\"1500\" data-end=\"1533\">\u00c1rea metropolitana de Minneapolis<\/strong> Se enfrentan a algunas de las condiciones de servicio m\u00e1s severas en el procesamiento industrial. Las temperaturas elevadas, los s\u00f3lidos abrasivos, las pulpas viscosas con alto contenido de grasa y los ciclos de trabajo continuos contribuyen a la tensi\u00f3n mec\u00e1nica en rodamientos, sellos, componentes de espirales, transportadores y conjuntos de cajas de engranajes. Si no se abordan con prontitud, estas tensiones pueden provocar vibraciones, fugas en los sellos, desgaste de los rodamientos, desequilibrio y una menor eficiencia de separaci\u00f3n. Sentrimax ofrece un servicio in situ eficaz que permite a los t\u00e9cnicos evaluar los equipos en condiciones reales de funcionamiento, diagnosticar problemas e implementar soluciones de reparaci\u00f3n que se ajusten a las exigencias de producci\u00f3n y los protocolos de seguridad.<\/p>\n<p data-start=\"2179\" data-end=\"2299\">Para obtener capacidades de servicio m\u00e1s amplias en todos los tipos de centr\u00edfugas e industrias, visite <a class=\"decorated-link cursor-pointer\" target=\"_new\" rel=\"noopener\" data-start=\"2258\" data-end=\"2298\">https:\/\/sentrimax.com\/centrifuge-repair\/<\/a>.<\/p>\n<hr data-start=\"2301\" data-end=\"2304\" \/>\n<h2 data-start=\"2306\" data-end=\"2362\">Por qu\u00e9 es importante un servicio profesional de centr\u00edfugas de renderizado<\/h2>\n<p data-start=\"2364\" data-end=\"2911\">Las centr\u00edfugas de renderizado son sistemas rotatorios complejos con tolerancias mec\u00e1nicas estrictas y operaci\u00f3n a alta velocidad. Reparaciones inadecuadas o diagn\u00f3sticos parciales pueden no resolver las causas ra\u00edz, como la desalineaci\u00f3n, la falla de la lubricaci\u00f3n, el desequilibrio y el avance del desgaste, lo que provoca problemas recurrentes, una reducci\u00f3n de la vida \u00fatil y tiempos de inactividad repetidos. Los t\u00e9cnicos de Sentrimax siguen procedimientos documentados y las mejores pr\u00e1cticas de la industria para garantizar que las reparaciones aborden tanto las fallas visibles como las causas mec\u00e1nicas subyacentes, mejorando la confiabilidad y el rendimiento general.<\/p>\n<hr data-start=\"2913\" data-end=\"2916\" \/>\n<h2 data-start=\"2918\" data-end=\"2973\">Ofertas integrales de servicios de centr\u00edfugas de renderizado<\/h2>\n<p data-start=\"2975\" data-end=\"3137\">Sentrimax ofrece un conjunto completo de soluciones de servicio de centr\u00edfugas de renderizado dise\u00f1adas para apoyar a los operadores de Minneapolis en todas las etapas de mantenimiento y reparaci\u00f3n:<\/p>\n<ul data-start=\"3139\" data-end=\"3653\">\n<li data-start=\"3139\" data-end=\"3202\">\n<p data-start=\"3141\" data-end=\"3202\"><strong data-start=\"3141\" data-end=\"3200\">Inspecci\u00f3n mec\u00e1nica y evaluaci\u00f3n detallada del estado<\/strong><\/p>\n<\/li>\n<li data-start=\"3203\" data-end=\"3254\">\n<p data-start=\"3205\" data-end=\"3254\"><strong data-start=\"3205\" data-end=\"3252\">Diagn\u00f3stico de fallas y an\u00e1lisis de causa ra\u00edz<\/strong><\/p>\n<\/li>\n<li data-start=\"3255\" data-end=\"3316\">\n<p data-start=\"3257\" data-end=\"3316\"><strong data-start=\"3257\" data-end=\"3314\">Extracci\u00f3n, sustituci\u00f3n y alineaci\u00f3n de precisi\u00f3n de cojinetes<\/strong><\/p>\n<\/li>\n<li data-start=\"3317\" data-end=\"3381\">\n<p data-start=\"3319\" data-end=\"3381\"><strong data-start=\"3319\" data-end=\"3379\">Servicio o reemplazo de cuencos, espirales, transportadores y tornillos<\/strong><\/p>\n<\/li>\n<li data-start=\"3382\" data-end=\"3442\">\n<p data-start=\"3384\" data-end=\"3442\"><strong data-start=\"3384\" data-end=\"3440\">Inspecci\u00f3n, reconstrucci\u00f3n y verificaci\u00f3n de torque de la caja de cambios<\/strong><\/p>\n<\/li>\n<li data-start=\"3443\" data-end=\"3486\">\n<p data-start=\"3445\" data-end=\"3486\"><strong data-start=\"3445\" data-end=\"3484\">Equilibrado din\u00e1mico seg\u00fan tolerancias OEM<\/strong><\/p>\n<\/li>\n<li data-start=\"3487\" data-end=\"3544\">\n<p data-start=\"3489\" data-end=\"3544\"><strong data-start=\"3489\" data-end=\"3542\">Reemplazo de sellos y mejoras en la protecci\u00f3n contra el desgaste<\/strong><\/p>\n<\/li>\n<li data-start=\"3545\" data-end=\"3604\">\n<p data-start=\"3547\" data-end=\"3604\"><strong data-start=\"3547\" data-end=\"3602\">Soporte para resoluci\u00f3n de problemas de control e instrumentaci\u00f3n<\/strong><\/p>\n<\/li>\n<li data-start=\"3605\" data-end=\"3653\">\n<p data-start=\"3607\" data-end=\"3653\"><strong data-start=\"3607\" data-end=\"3653\">Pruebas de rendimiento y asistencia para la puesta en marcha<\/strong><\/p>\n<\/li>\n<\/ul>\n<p data-start=\"3655\" data-end=\"3938\">Cada servicio sigue procedimientos documentados, alineados con los est\u00e1ndares de equipo original y las mejores pr\u00e1cticas de la industria. Los t\u00e9cnicos analizan el sistema mec\u00e1nico completo, no solo los s\u00edntomas visibles, para brindar soluciones duraderas que mejoran la confianza operativa y reducen la repetici\u00f3n de fallas.<\/p>\n<hr data-start=\"3940\" data-end=\"3943\" \/>\n<h2 data-start=\"3945\" data-end=\"3993\">Servicio de campo y respuesta r\u00e1pida en Minnesota<\/h2>\n<p data-start=\"3995\" data-end=\"4324\">Las fallas imprevistas de las centr\u00edfugas de renderizado pueden interrumpir los programas de producci\u00f3n, sobrecargar los recursos de mantenimiento y aumentar los costos operativos. Sentrimax ofrece un servicio de campo eficiente en todo Minneapolis y la regi\u00f3n circundante, enviando t\u00e9cnicos capacitados con herramientas de diagn\u00f3stico avanzadas directamente a las instalaciones del cliente.<\/p>\n<p data-start=\"4326\" data-end=\"4384\">El servicio de campo en sitio ofrece ventajas operativas clave:<\/p>\n<ul data-start=\"4386\" data-end=\"4638\">\n<li data-start=\"4386\" data-end=\"4456\">\n<p data-start=\"4388\" data-end=\"4456\">Evaluaci\u00f3n del estado de la centr\u00edfuga en condiciones reales del proceso<\/p>\n<\/li>\n<li data-start=\"4457\" data-end=\"4508\">\n<p data-start=\"4459\" data-end=\"4508\">Soluci\u00f3n de problemas inmediata y acci\u00f3n correctiva<\/p>\n<\/li>\n<li data-start=\"4509\" data-end=\"4556\">\n<p data-start=\"4511\" data-end=\"4556\">Reducci\u00f3n de la necesidad de transporte de equipos costosos<\/p>\n<\/li>\n<li data-start=\"4557\" data-end=\"4638\">\n<p data-start=\"4559\" data-end=\"4638\">Coordinaci\u00f3n con el personal de las instalaciones para alinear el servicio con los cronogramas de producci\u00f3n.<\/p>\n<\/li>\n<\/ul>\n<p data-start=\"4640\" data-end=\"4799\">Los t\u00e9cnicos de campo trabajan en colaboraci\u00f3n con los equipos de operaciones y mantenimiento para minimizar el tiempo de inactividad y devolver el equipo al servicio confiable lo antes posible.<\/p>\n<hr data-start=\"4801\" data-end=\"4804\" \/>\n<h2 data-start=\"4806\" data-end=\"4848\">Piezas de alta calidad para reparaciones confiables<\/h2>\n<p data-start=\"4850\" data-end=\"5032\">El \u00e9xito de cualquier servicio t\u00e9cnico depende de la calidad de los componentes de repuesto utilizados. Sentrimax suministra piezas de calidad OEM y equivalentes para centr\u00edfugas de renderizado, incluyendo:<\/p>\n<ul data-start=\"5034\" data-end=\"5239\">\n<li data-start=\"5034\" data-end=\"5069\">\n<p data-start=\"5036\" data-end=\"5069\">Cojinetes y conjuntos de cojinetes<\/p>\n<\/li>\n<li data-start=\"5070\" data-end=\"5091\">\n<p data-start=\"5072\" data-end=\"5091\">Sellos y juntas<\/p>\n<\/li>\n<li data-start=\"5092\" data-end=\"5139\">\n<p data-start=\"5094\" data-end=\"5139\">Revestimientos de desgaste, espirales y elementos transportadores<\/p>\n<\/li>\n<li data-start=\"5140\" data-end=\"5162\">\n<p data-start=\"5142\" data-end=\"5162\">Componentes de la caja de cambios<\/p>\n<\/li>\n<li data-start=\"5163\" data-end=\"5201\">\n<p data-start=\"5165\" data-end=\"5201\">Conjuntos de cuenco, cubo y giratorios<\/p>\n<\/li>\n<li data-start=\"5202\" data-end=\"5239\">\n<p data-start=\"5204\" data-end=\"5239\">Kits de sujetadores y herrajes de servicio<\/p>\n<\/li>\n<\/ul>\n<p data-start=\"5241\" data-end=\"5416\">Todas las piezas se inspeccionan para comprobar la precisi\u00f3n dimensional, la integridad del material y la compatibilidad antes de la instalaci\u00f3n para garantizar un rendimiento confiable en entornos de renderizado hostiles.<\/p>\n<p data-start=\"5418\" data-end=\"5520\">Para obtener m\u00e1s informaci\u00f3n sobre los componentes de reemplazo disponibles, consulte <a class=\"decorated-link cursor-pointer\" target=\"_new\" rel=\"noopener\" data-start=\"5480\" data-end=\"5519\">https:\/\/sentrimax.com\/centrifuge-parts\/<\/a>.<\/p>\n<hr data-start=\"5522\" data-end=\"5525\" \/>\n<h2 data-start=\"5527\" data-end=\"5578\">Servicios de reconstrucci\u00f3n completos para una m\u00e1xima prolongaci\u00f3n de la vida \u00fatil<\/h2>\n<p data-start=\"5580\" data-end=\"5777\">Para centr\u00edfugas con desgaste significativo o pr\u00f3ximas al final de su vida \u00fatil, Sentrimax ofrece servicios completos de reconstrucci\u00f3n que las dejan pr\u00e1cticamente como nuevas. Los proyectos de reconstrucci\u00f3n suelen incluir:<\/p>\n<ul data-start=\"5779\" data-end=\"6034\">\n<li data-start=\"5779\" data-end=\"5816\">\n<p data-start=\"5781\" data-end=\"5816\">Desmontaje y limpieza completos<\/p>\n<\/li>\n<li data-start=\"5817\" data-end=\"5870\">\n<p data-start=\"5819\" data-end=\"5870\">Inspecci\u00f3n y restauraci\u00f3n de tolerancias cr\u00edticas<\/p>\n<\/li>\n<li data-start=\"5871\" data-end=\"5905\">\n<p data-start=\"5873\" data-end=\"5905\">Sustituci\u00f3n de componentes desgastados<\/p>\n<\/li>\n<li data-start=\"5906\" data-end=\"5949\">\n<p data-start=\"5908\" data-end=\"5949\">Mecanizado de precisi\u00f3n para ajuste y equilibrio.<\/p>\n<\/li>\n<li data-start=\"5950\" data-end=\"5994\">\n<p data-start=\"5952\" data-end=\"5994\">Equilibrado din\u00e1mico de conjuntos rotatorios<\/p>\n<\/li>\n<li data-start=\"5995\" data-end=\"6034\">\n<p data-start=\"5997\" data-end=\"6034\">Reensamblaje y validaci\u00f3n del rendimiento<\/p>\n<\/li>\n<\/ul>\n<p data-start=\"6036\" data-end=\"6191\">Las reconstrucciones se coordinan con el personal de las instalaciones para alinearse con las paradas planificadas y minimizar las interrupciones de producci\u00f3n mientras se maximiza la extensi\u00f3n de la vida \u00fatil.<\/p>\n<hr data-start=\"6193\" data-end=\"6196\" \/>\n<h2 data-start=\"6198\" data-end=\"6249\">Mantenimiento preventivo para confiabilidad a largo plazo<\/h2>\n<p data-start=\"6251\" data-end=\"6530\">Las reparaciones reactivas son costosas, tanto en piezas como en p\u00e9rdida de producci\u00f3n. El mantenimiento preventivo ayuda a las instalaciones a detectar el desgaste emergente y a abordar los problemas antes de que se conviertan en fallas. Sentrimax colabora con los operadores de Minneapolis para desarrollar planes de mantenimiento preventivo que pueden incluir:<\/p>\n<ul data-start=\"6532\" data-end=\"6849\">\n<li data-start=\"6532\" data-end=\"6589\">\n<p data-start=\"6534\" data-end=\"6589\">Inspecciones mec\u00e1nicas de rutina y seguimiento del estado<\/p>\n<\/li>\n<li data-start=\"6590\" data-end=\"6633\">\n<p data-start=\"6592\" data-end=\"6633\">An\u00e1lisis de vibraciones y seguimiento de tendencias<\/p>\n<\/li>\n<li data-start=\"6634\" data-end=\"6687\">\n<p data-start=\"6636\" data-end=\"6687\">Muestreo de aceite y evaluaci\u00f3n del estado de lubricaci\u00f3n<\/p>\n<\/li>\n<li data-start=\"6688\" data-end=\"6752\">\n<p data-start=\"6690\" data-end=\"6752\">Medici\u00f3n del desgaste en cojinetes, sellos y componentes cr\u00edticos<\/p>\n<\/li>\n<li data-start=\"6753\" data-end=\"6797\">\n<p data-start=\"6755\" data-end=\"6797\">Reemplazo programado de piezas de alto desgaste<\/p>\n<\/li>\n<li data-start=\"6798\" data-end=\"6849\">\n<p data-start=\"6800\" data-end=\"6849\">Comprobaciones de alineaci\u00f3n y verificaci\u00f3n del equilibrio din\u00e1mico<\/p>\n<\/li>\n<\/ul>\n<p data-start=\"6851\" data-end=\"7093\">Al planificar el servicio seg\u00fan las tendencias operativas, las instalaciones pueden mejorar el tiempo de actividad, reducir las reparaciones de emergencia y optimizar los presupuestos de mantenimiento. Sentrimax tambi\u00e9n ofrece acuerdos de servicio estructurados que brindan respuesta prioritaria y soporte a largo plazo.<\/p>\n<hr data-start=\"7095\" data-end=\"7098\" \/>\n<h2 data-start=\"7100\" data-end=\"7150\">Apoyo a la estabilidad operativa y el cumplimiento<\/h2>\n<p data-start=\"7152\" data-end=\"7498\">El rendimiento de la centr\u00edfuga de renderizado afecta la calidad de la producci\u00f3n, la eficiencia del manejo de s\u00f3lidos y la estabilidad operativa. Un rendimiento deficiente de la centr\u00edfuga puede aumentar el volumen de residuos que se manejan, sobrecargar los equipos posteriores y afectar los resultados del proceso principal. Un servicio oportuno ayuda a las instalaciones a mantener un rendimiento de separaci\u00f3n estable y una previsibilidad operativa.<\/p>\n<p data-start=\"7500\" data-end=\"8011\">Para un contexto regulatorio m\u00e1s amplio relacionado con las intersecciones de manejo de aguas residuales y s\u00f3lidos, los operadores pueden consultar la gu\u00eda de la <strong data-start=\"7630\" data-end=\"7676\">Agencia de Protecci\u00f3n Ambiental de los Estados Unidos (EPA)<\/strong> en <a class=\"decorated-link cursor-pointer\" target=\"_new\" rel=\"noopener\" data-start=\"7680\" data-end=\"7705\">https:\/\/www.epa.gov\/water<\/a>, que proporciona informaci\u00f3n fidedigna sobre marcos ambientales. Se puede obtener informaci\u00f3n adicional sobre la industria y las mejores pr\u00e1cticas operativas en <strong data-start=\"7859\" data-end=\"7897\">Federaci\u00f3n del Medio Ambiente del Agua (FEM)<\/strong> en <a class=\"decorated-link\" href=\"https:\/\/www.wef.org\/\" target=\"_new\" rel=\"noopener\" data-start=\"7901\" data-end=\"7921\">https:\/\/www.wef.org\/<\/a>, ofreciendo recursos relevantes para la planificaci\u00f3n del proceso de separaci\u00f3n y consideraciones de tratamiento.<\/p>\n<hr data-start=\"8013\" data-end=\"8016\" \/>\n<h2 data-start=\"8018\" data-end=\"8064\">Por qu\u00e9 las instalaciones de Minneapolis eligen Sentrimax<\/h2>\n<p data-start=\"8066\" data-end=\"8398\">Los operadores de Minneapolis eligen Sentrimax para el servicio de centr\u00edfugas por su experiencia t\u00e9cnica, su eficiente soporte en campo y su compromiso con la calidad. Los t\u00e9cnicos de Sentrimax combinan conocimientos mec\u00e1nicos con experiencia pr\u00e1ctica en campo para diagnosticar problemas complejos, implementar reparaciones efectivas y proteger activos cr\u00edticos.<\/p>\n<p data-start=\"8400\" data-end=\"8776\">Una comunicaci\u00f3n clara y una documentaci\u00f3n detallada son fundamentales en cada intervenci\u00f3n de servicio. Las instalaciones reciben informes completos que describen los hallazgos del diagn\u00f3stico, las medidas correctivas adoptadas, los componentes reemplazados y las recomendaciones para la planificaci\u00f3n futura del mantenimiento preventivo. Esta informaci\u00f3n ayuda a los equipos de operaciones a tomar decisiones informadas y a perfeccionar las estrategias de mantenimiento a largo plazo.<\/p>\n<p data-start=\"8778\" data-end=\"8883\">Para obtener experiencia en servicios de procesamiento de aguas residuales y s\u00f3lidos, consulte <a class=\"decorated-link cursor-pointer\" target=\"_new\" rel=\"noopener\" data-start=\"8838\" data-end=\"8882\">https:\/\/sentrimax.com\/industries\/wastewater\/<\/a>.<\/p>\n<hr data-start=\"8885\" data-end=\"8888\" \/>\n<h2 data-start=\"8890\" data-end=\"8938\">Soporte integral desde la inspecci\u00f3n hasta la puesta en marcha<\/h2>\n<p data-start=\"8940\" data-end=\"9011\">El modelo de servicio de Sentrimax se extiende m\u00e1s all\u00e1 de las reparaciones mec\u00e1nicas para incluir:<\/p>\n<ul data-start=\"9013\" data-end=\"9246\">\n<li data-start=\"9013\" data-end=\"9059\">\n<p data-start=\"9015\" data-end=\"9059\">Coordinaci\u00f3n de aparejos y remoci\u00f3n de equipos<\/p>\n<\/li>\n<li data-start=\"9060\" data-end=\"9112\">\n<p data-start=\"9062\" data-end=\"9112\">Alineaci\u00f3n de precisi\u00f3n y verificaci\u00f3n dimensional<\/p>\n<\/li>\n<li data-start=\"9113\" data-end=\"9162\">\n<p data-start=\"9115\" data-end=\"9162\">Soporte para reinstalaci\u00f3n y calibraci\u00f3n del sistema<\/p>\n<\/li>\n<li data-start=\"9163\" data-end=\"9208\">\n<p data-start=\"9165\" data-end=\"9208\">Asistencia en la puesta en marcha y puesta a punto operativa<\/p>\n<\/li>\n<li data-start=\"9209\" data-end=\"9246\">\n<p data-start=\"9211\" data-end=\"9246\">Evaluaci\u00f3n del desempe\u00f1o posterior al servicio<\/p>\n<\/li>\n<\/ul>\n<p data-start=\"9248\" data-end=\"9371\">Este enfoque de extremo a extremo garantiza que las centr\u00edfugas vuelvan a funcionar de manera confiable y dentro de las expectativas de dise\u00f1o.<\/p>\n<hr data-start=\"9373\" data-end=\"9376\" \/>\n<h2 data-start=\"9378\" data-end=\"9434\">Mejora continua mediante el monitoreo del desempe\u00f1o<\/h2>\n<p data-start=\"9436\" data-end=\"9740\">La confiabilidad a largo plazo depende de estrategias de mantenimiento basadas en datos. Sentrimax ayuda a las instalaciones a monitorear indicadores clave de rendimiento (como tendencias de vibraci\u00f3n, perfiles de torque y patrones de desgaste) a lo largo del tiempo para anticipar las necesidades de servicio, optimizar la planificaci\u00f3n del mantenimiento y reducir el costo total de propiedad.<\/p>\n<hr data-start=\"9742\" data-end=\"9745\" \/>\n<h2 data-start=\"9747\" data-end=\"9804\">Solicitar servicio de centr\u00edfuga de renderizado en Minneapolis, MN<\/h2>\n<p data-start=\"9806\" data-end=\"10188\">Cuando se necesita un servicio de centrifugadora de renderizado profesional en <strong data-start=\"9866\" data-end=\"9885\">Minneapolis, Minnesota<\/strong>, Las instalaciones conf\u00edan en Sentrimax para obtener experiencia confiable, soporte t\u00e9cnico r\u00e1pido y resultados profesionales. Ya sea para solucionar fallas urgentes, planificar mantenimiento preventivo o realizar reconstrucciones completas, Sentrimax ofrece soluciones dise\u00f1adas para mantener sus centr\u00edfugas funcionando de manera confiable y eficiente.<\/p>\n<p data-start=\"10190\" data-end=\"10244\"><strong data-start=\"10190\" data-end=\"10244\"><a class=\"decorated-link\" href=\"https:\/\/sentrimax.com\/es\/contact\/\" target=\"_new\" rel=\"noopener\" data-start=\"10192\" data-end=\"10242\">\u00a1Solicita una cotizaci\u00f3n!<\/a><\/strong><\/p>","protected":false},"excerpt":{"rendered":"<p>Sentrimax provides professional rendering centrifuge service for industrial processors, rendering plants, and wastewater operations throughout Minneapolis, Minnesota. Rendering centrifuges are crucial pieces of machinery used to separate solids, fats, oils, and liquids in demanding environments found in animal byproduct processing and industrial solids handling. When these machines experience vibration, wear, reduced performance, or mechanical failure, [&hellip;]<\/p>\n","protected":false},"author":3,"featured_media":0,"parent":0,"menu_order":0,"comment_status":"closed","ping_status":"closed","template":"seo-page-template.php","meta":{"_acf_changed":false,"inline_featured_image":false,"footnotes":""},"class_list":["post-2320","page","type-page","status-publish","hentry"],"acf":[],"_links":{"self":[{"href":"https:\/\/sentrimax.com\/es\/wp-json\/wp\/v2\/pages\/2320","targetHints":{"allow":["GET"]}}],"collection":[{"href":"https:\/\/sentrimax.com\/es\/wp-json\/wp\/v2\/pages"}],"about":[{"href":"https:\/\/sentrimax.com\/es\/wp-json\/wp\/v2\/types\/page"}],"author":[{"embeddable":true,"href":"https:\/\/sentrimax.com\/es\/wp-json\/wp\/v2\/users\/3"}],"replies":[{"embeddable":true,"href":"https:\/\/sentrimax.com\/es\/wp-json\/wp\/v2\/comments?post=2320"}],"version-history":[{"count":1,"href":"https:\/\/sentrimax.com\/es\/wp-json\/wp\/v2\/pages\/2320\/revisions"}],"predecessor-version":[{"id":2507,"href":"https:\/\/sentrimax.com\/es\/wp-json\/wp\/v2\/pages\/2320\/revisions\/2507"}],"wp:attachment":[{"href":"https:\/\/sentrimax.com\/es\/wp-json\/wp\/v2\/media?parent=2320"}],"curies":[{"name":"wp","href":"https:\/\/api.w.org\/{rel}","templated":true}]}}