{"id":2321,"date":"2026-01-07T17:16:11","date_gmt":"2026-01-07T17:16:11","guid":{"rendered":"https:\/\/sentrimax.com\/?page_id=2321"},"modified":"2026-04-21T21:14:19","modified_gmt":"2026-04-21T21:14:19","slug":"rendering-centrifuge-repair-in-kansas-city-mo","status":"publish","type":"page","link":"https:\/\/sentrimax.com\/es\/rendering-centrifuge-repair-in-kansas-city-mo\/","title":{"rendered":"Reparaci\u00f3n de centr\u00edfugas de renderizado en Kansas City, MO"},"content":{"rendered":"<p data-start=\"312\" data-end=\"884\"><img fetchpriority=\"high\" decoding=\"async\" class=\"aligncenter size-full wp-image-2173\" src=\"https:\/\/sentrimax.com\/wp-content\/uploads\/2025\/07\/c1a73b_f3521b6db4d34f23972aa5e5d7ed0489mv2.png\" alt=\"\" width=\"980\" height=\"551\" srcset=\"https:\/\/sentrimax.com\/wp-content\/uploads\/2025\/07\/c1a73b_f3521b6db4d34f23972aa5e5d7ed0489mv2.png 980w, https:\/\/sentrimax.com\/wp-content\/uploads\/2025\/07\/c1a73b_f3521b6db4d34f23972aa5e5d7ed0489mv2-300x169.png 300w, https:\/\/sentrimax.com\/wp-content\/uploads\/2025\/07\/c1a73b_f3521b6db4d34f23972aa5e5d7ed0489mv2-768x432.png 768w, https:\/\/sentrimax.com\/wp-content\/uploads\/2025\/07\/c1a73b_f3521b6db4d34f23972aa5e5d7ed0489mv2-18x10.png 18w, https:\/\/sentrimax.com\/wp-content\/uploads\/2025\/07\/c1a73b_f3521b6db4d34f23972aa5e5d7ed0489mv2-600x337.png 600w\" sizes=\"(max-width: 980px) 100vw, 980px\" \/><\/p>\n<p data-start=\"312\" data-end=\"884\">Sentrimax ofrece servicios profesionales de reparaci\u00f3n de centr\u00edfugas de renderizado para plantas de renderizado, procesadores industriales y operaciones de aguas residuales en todo el pa\u00eds. <strong data-start=\"463\" data-end=\"488\">Kansas City, Misuri<\/strong>. Las centr\u00edfugas de renderizado son m\u00e1quinas esenciales en el procesamiento de subproductos, separando grasas, aceites, s\u00f3lidos y l\u00edquidos en condiciones de alta temperatura y alta carga. Cuando estas centr\u00edfugas experimentan vibraciones, fallas en los rodamientos, fugas en los sellos o una reducci\u00f3n en la eficiencia de separaci\u00f3n, una reparaci\u00f3n oportuna y experta es crucial para proteger la continuidad de la producci\u00f3n, reducir los costos de mantenimiento y minimizar los costosos tiempos de inactividad.<\/p>\n<p data-start=\"886\" data-end=\"1314\">Con d\u00e9cadas de experiencia en el servicio de equipos de separaci\u00f3n de alta velocidad, <strong data-start=\"956\" data-end=\"969\">Sentrimax<\/strong> Ofrece diagn\u00f3sticos exhaustivos, reparaciones mec\u00e1nicas de precisi\u00f3n, planificaci\u00f3n de mantenimiento preventivo y soluciones de reconstrucci\u00f3n dise\u00f1adas para restaurar el rendimiento y prolongar la vida \u00fatil de los equipos. Ya sea respondiendo a una falla de emergencia o ejecutando el mantenimiento planificado, Sentrimax ayuda a las instalaciones de Kansas City a mantener el rendimiento confiable de sus centr\u00edfugas de renderizado.<\/p>\n<hr data-start=\"1316\" data-end=\"1319\" \/>\n<h2 data-start=\"1321\" data-end=\"1374\">Apoyo a las operaciones de renderizado en toda la ciudad de Kansas<\/h2>\n<p data-start=\"1376\" data-end=\"1931\">Centrifugadoras de renderizado en el <strong data-start=\"1405\" data-end=\"1438\">\u00c1rea metropolitana de Kansas City<\/strong> Operan en algunos de los entornos industriales m\u00e1s exigentes, exponiendo los equipos a altas temperaturas, s\u00f3lidos abrasivos, lodos viscosos y ciclos de carga intensos. Estas condiciones someten a tensi\u00f3n a rodamientos, sellos, espirales, transportadores y componentes de la caja de engranajes, lo que puede provocar fallos mec\u00e1nicos si no se soluciona a tiempo. S\u00edntomas comunes como vibraciones inusuales, temperaturas elevadas, fugas en los sellos o reducci\u00f3n del rendimiento indican la necesidad de una evaluaci\u00f3n y un servicio profesional.<\/p>\n<p data-start=\"1933\" data-end=\"2253\">Sentrimax ofrece un servicio de campo eficiente en toda Kansas City y las comunidades aleda\u00f1as. T\u00e9cnicos experimentados acuden al lugar con herramientas de diagn\u00f3stico avanzadas para evaluar el estado del equipo, determinar la causa ra\u00edz del problema e implementar planes de reparaci\u00f3n eficaces que se ajusten a los cronogramas operativos y protocolos de seguridad.<\/p>\n<p data-start=\"2255\" data-end=\"2394\">Para obtener capacidades de servicio de centr\u00edfugas m\u00e1s amplias en m\u00faltiples tipos de equipos e industrias, visite <a class=\"decorated-link cursor-pointer\" target=\"_new\" rel=\"noopener\" data-start=\"2353\" data-end=\"2393\">https:\/\/sentrimax.com\/centrifuge-repair\/<\/a>.<\/p>\n<hr data-start=\"2396\" data-end=\"2399\" \/>\n<h2 data-start=\"2401\" data-end=\"2456\">Por qu\u00e9 es importante la reparaci\u00f3n profesional de centr\u00edfugas de renderizado<\/h2>\n<p data-start=\"2458\" data-end=\"3028\">Las centr\u00edfugas de renderizado son sistemas rotatorios complejos dise\u00f1ados para operar a altas velocidades y en condiciones exigentes. Reparaciones inadecuadas, diagn\u00f3sticos incompletos o piezas no compatibles pueden dejar problemas subyacentes sin resolver, lo que provoca problemas recurrentes como desequilibrio, vibraci\u00f3n, desgaste prematuro y reducci\u00f3n del rendimiento de separaci\u00f3n. Los t\u00e9cnicos de Sentrimax siguen procedimientos documentados y las mejores pr\u00e1cticas de la industria que se centran no solo en los s\u00edntomas visibles, sino tambi\u00e9n en identificar factores mec\u00e1nicos m\u00e1s profundos, como la desalineaci\u00f3n, la falla de la lubricaci\u00f3n y el desequilibrio.<\/p>\n<p data-start=\"3030\" data-end=\"3148\">Una reparaci\u00f3n integral mejora la confiabilidad, aumenta el tiempo de actividad y ayuda a las instalaciones de Kansas City a evitar fallas repetidas.<\/p>\n<hr data-start=\"3150\" data-end=\"3153\" \/>\n<h2 data-start=\"3155\" data-end=\"3208\">Servicios integrales de reparaci\u00f3n de centr\u00edfugas de renderizado<\/h2>\n<p data-start=\"3210\" data-end=\"3315\">Sentrimax ofrece un conjunto completo de servicios de reparaci\u00f3n de centr\u00edfugas de renderizado adaptados a las operaciones de Kansas City:<\/p>\n<ul data-start=\"3317\" data-end=\"3823\">\n<li data-start=\"3317\" data-end=\"3380\">\n<p data-start=\"3319\" data-end=\"3380\"><strong data-start=\"3319\" data-end=\"3378\">Inspecci\u00f3n mec\u00e1nica y evaluaci\u00f3n detallada del estado<\/strong><\/p>\n<\/li>\n<li data-start=\"3381\" data-end=\"3432\">\n<p data-start=\"3383\" data-end=\"3432\"><strong data-start=\"3383\" data-end=\"3430\">Diagn\u00f3stico de fallas y an\u00e1lisis de causa ra\u00edz<\/strong><\/p>\n<\/li>\n<li data-start=\"3433\" data-end=\"3494\">\n<p data-start=\"3435\" data-end=\"3494\"><strong data-start=\"3435\" data-end=\"3492\">Extracci\u00f3n, sustituci\u00f3n y alineaci\u00f3n de precisi\u00f3n de cojinetes<\/strong><\/p>\n<\/li>\n<li data-start=\"3495\" data-end=\"3551\">\n<p data-start=\"3497\" data-end=\"3551\"><strong data-start=\"3497\" data-end=\"3549\">Reparaci\u00f3n o reemplazo de cuencos, espirales y transportadores<\/strong><\/p>\n<\/li>\n<li data-start=\"3552\" data-end=\"3612\">\n<p data-start=\"3554\" data-end=\"3612\"><strong data-start=\"3554\" data-end=\"3610\">Inspecci\u00f3n, reconstrucci\u00f3n y verificaci\u00f3n de torque de la caja de cambios<\/strong><\/p>\n<\/li>\n<li data-start=\"3613\" data-end=\"3660\">\n<p data-start=\"3615\" data-end=\"3660\"><strong data-start=\"3615\" data-end=\"3658\">Equilibrado din\u00e1mico con tolerancias precisas<\/strong><\/p>\n<\/li>\n<li data-start=\"3661\" data-end=\"3714\">\n<p data-start=\"3663\" data-end=\"3714\"><strong data-start=\"3663\" data-end=\"3712\">Reemplazo de sellos y mayor protecci\u00f3n contra el desgaste<\/strong><\/p>\n<\/li>\n<li data-start=\"3715\" data-end=\"3774\">\n<p data-start=\"3717\" data-end=\"3774\"><strong data-start=\"3717\" data-end=\"3772\">Soporte para resoluci\u00f3n de problemas de control e instrumentaci\u00f3n<\/strong><\/p>\n<\/li>\n<li data-start=\"3775\" data-end=\"3823\">\n<p data-start=\"3777\" data-end=\"3823\"><strong data-start=\"3777\" data-end=\"3823\">Pruebas de rendimiento y asistencia para la puesta en marcha<\/strong><\/p>\n<\/li>\n<\/ul>\n<p data-start=\"3825\" data-end=\"4069\">Todas las reparaciones siguen procedimientos documentados y alineados con los est\u00e1ndares de equipo original. En lugar de centrarse \u00fanicamente en los da\u00f1os visibles, los t\u00e9cnicos eval\u00faan sistemas mec\u00e1nicos completos para identificar factores contribuyentes y ofrecer soluciones duraderas.<\/p>\n<hr data-start=\"4071\" data-end=\"4074\" \/>\n<h2 data-start=\"4076\" data-end=\"4123\">Servicio de campo y respuesta r\u00e1pida en Missouri<\/h2>\n<p data-start=\"4125\" data-end=\"4433\">Cuando una centr\u00edfuga de renderizado falla inesperadamente, una respuesta r\u00e1pida y una resoluci\u00f3n de problemas experta son esenciales para mantener las operaciones en marcha. Sentrimax ofrece un servicio de campo eficiente en Kansas City y la regi\u00f3n circundante, llevando t\u00e9cnicos cualificados equipados con herramientas de diagn\u00f3stico directamente a las instalaciones del cliente.<\/p>\n<p data-start=\"4435\" data-end=\"4481\">El servicio en sitio ofrece varios beneficios clave:<\/p>\n<ul data-start=\"4483\" data-end=\"4699\">\n<li data-start=\"4483\" data-end=\"4529\">\n<p data-start=\"4485\" data-end=\"4529\">Evaluaci\u00f3n en condiciones reales del proceso<\/p>\n<\/li>\n<li data-start=\"4530\" data-end=\"4583\">\n<p data-start=\"4532\" data-end=\"4583\">Soluci\u00f3n inmediata de problemas y medidas correctivas<\/p>\n<\/li>\n<li data-start=\"4584\" data-end=\"4630\">\n<p data-start=\"4586\" data-end=\"4630\">Reducci\u00f3n de la necesidad de transporte costoso fuera del sitio<\/p>\n<\/li>\n<li data-start=\"4631\" data-end=\"4699\">\n<p data-start=\"4633\" data-end=\"4699\">Coordinaci\u00f3n con el personal de las instalaciones para un impacto m\u00ednimo en la producci\u00f3n<\/p>\n<\/li>\n<\/ul>\n<p data-start=\"4701\" data-end=\"4818\">Los t\u00e9cnicos de campo trabajan de manera eficiente y segura, ayudando a las instalaciones a devolver los equipos al servicio lo m\u00e1s r\u00e1pido posible.<\/p>\n<hr data-start=\"4820\" data-end=\"4823\" \/>\n<h2 data-start=\"4825\" data-end=\"4870\">Reparaciones de precisi\u00f3n con piezas de alta calidad<\/h2>\n<p data-start=\"4872\" data-end=\"5061\">El \u00e9xito de cualquier reparaci\u00f3n de centr\u00edfuga depende en gran medida de la calidad de los componentes de repuesto utilizados. Sentrimax suministra piezas de calidad OEM y equivalentes para centr\u00edfugas de renderizado, incluyendo:<\/p>\n<ul data-start=\"5063\" data-end=\"5318\">\n<li data-start=\"5063\" data-end=\"5098\">\n<p data-start=\"5065\" data-end=\"5098\">Cojinetes y conjuntos de cojinetes<\/p>\n<\/li>\n<li data-start=\"5099\" data-end=\"5133\">\n<p data-start=\"5101\" data-end=\"5133\">Sellos, juntas y anillos de desgaste<\/p>\n<\/li>\n<li data-start=\"5134\" data-end=\"5188\">\n<p data-start=\"5136\" data-end=\"5188\">Vuelo de desplazamiento, transportadores y conjuntos giratorios<\/p>\n<\/li>\n<li data-start=\"5189\" data-end=\"5241\">\n<p data-start=\"5191\" data-end=\"5241\">Componentes de la caja de cambios y piezas de transmisi\u00f3n de par<\/p>\n<\/li>\n<li data-start=\"5242\" data-end=\"5280\">\n<p data-start=\"5244\" data-end=\"5280\">Conjuntos de cuenco, cubo y giratorios<\/p>\n<\/li>\n<li data-start=\"5281\" data-end=\"5318\">\n<p data-start=\"5283\" data-end=\"5318\">Kits de sujetadores y herrajes de servicio<\/p>\n<\/li>\n<\/ul>\n<p data-start=\"5320\" data-end=\"5498\">Todas las piezas se inspeccionan para comprobar la precisi\u00f3n dimensional, la integridad del material y la compatibilidad antes de la instalaci\u00f3n para garantizar un rendimiento confiable en condiciones de renderizado exigentes.<\/p>\n<p data-start=\"5500\" data-end=\"5609\">Para obtener m\u00e1s informaci\u00f3n sobre las piezas de repuesto y el soporte de componentes disponibles, visite <a class=\"decorated-link cursor-pointer\" target=\"_new\" rel=\"noopener\" data-start=\"5569\" data-end=\"5608\">https:\/\/sentrimax.com\/centrifuge-parts\/<\/a>.<\/p>\n<hr data-start=\"5611\" data-end=\"5614\" \/>\n<h2 data-start=\"5616\" data-end=\"5666\">Servicios de reconstrucci\u00f3n completos para confiabilidad a largo plazo<\/h2>\n<p data-start=\"5668\" data-end=\"5852\">Para centr\u00edfugas con desgaste avanzado o pr\u00f3ximas al final de su vida \u00fatil, Sentrimax ofrece servicios completos de reconstrucci\u00f3n que restauran las m\u00e1quinas a un estado pr\u00e1cticamente nuevo. Una reconstrucci\u00f3n generalmente incluye:<\/p>\n<ul data-start=\"5854\" data-end=\"6109\">\n<li data-start=\"5854\" data-end=\"5891\">\n<p data-start=\"5856\" data-end=\"5891\">Desmontaje y limpieza completos<\/p>\n<\/li>\n<li data-start=\"5892\" data-end=\"5945\">\n<p data-start=\"5894\" data-end=\"5945\">Inspecci\u00f3n y restauraci\u00f3n de tolerancias cr\u00edticas<\/p>\n<\/li>\n<li data-start=\"5946\" data-end=\"5980\">\n<p data-start=\"5948\" data-end=\"5980\">Sustituci\u00f3n de componentes desgastados<\/p>\n<\/li>\n<li data-start=\"5981\" data-end=\"6024\">\n<p data-start=\"5983\" data-end=\"6024\">Mecanizado de precisi\u00f3n para ajuste y equilibrio.<\/p>\n<\/li>\n<li data-start=\"6025\" data-end=\"6069\">\n<p data-start=\"6027\" data-end=\"6069\">Equilibrado din\u00e1mico de componentes rotatorios<\/p>\n<\/li>\n<li data-start=\"6070\" data-end=\"6109\">\n<p data-start=\"6072\" data-end=\"6109\">Reensamblaje y validaci\u00f3n del rendimiento<\/p>\n<\/li>\n<\/ul>\n<p data-start=\"6111\" data-end=\"6261\">Las reconstrucciones se coordinan con los equipos de las instalaciones para alinearse con las ventanas de mantenimiento planificadas, minimizando la interrupci\u00f3n de la producci\u00f3n y extendiendo la vida \u00fatil.<\/p>\n<hr data-start=\"6263\" data-end=\"6266\" \/>\n<h2 data-start=\"6268\" data-end=\"6312\">Mantenimiento preventivo para reducir el tiempo de inactividad<\/h2>\n<p data-start=\"6314\" data-end=\"6582\">Las reparaciones reactivas son costosas en piezas, mano de obra y p\u00e9rdida de producci\u00f3n. El mantenimiento preventivo ayuda a las instalaciones a detectar el desgaste emergente y a abordar los problemas antes de que se agraven. Sentrimax colabora con los operadores de Kansas City para desarrollar planes de mantenimiento preventivo que pueden incluir:<\/p>\n<ul data-start=\"6584\" data-end=\"6903\">\n<li data-start=\"6584\" data-end=\"6641\">\n<p data-start=\"6586\" data-end=\"6641\">Inspecciones mec\u00e1nicas de rutina y seguimiento del estado<\/p>\n<\/li>\n<li data-start=\"6642\" data-end=\"6697\">\n<p data-start=\"6644\" data-end=\"6697\">An\u00e1lisis de vibraciones y monitorizaci\u00f3n de tendencias de rendimiento<\/p>\n<\/li>\n<li data-start=\"6698\" data-end=\"6751\">\n<p data-start=\"6700\" data-end=\"6751\">Muestreo de aceite y evaluaci\u00f3n del estado de lubricaci\u00f3n<\/p>\n<\/li>\n<li data-start=\"6752\" data-end=\"6806\">\n<p data-start=\"6754\" data-end=\"6806\">Medici\u00f3n del desgaste en cojinetes, sellos y transportadores<\/p>\n<\/li>\n<li data-start=\"6807\" data-end=\"6851\">\n<p data-start=\"6809\" data-end=\"6851\">Reemplazo programado de piezas de alto desgaste<\/p>\n<\/li>\n<li data-start=\"6852\" data-end=\"6903\">\n<p data-start=\"6854\" data-end=\"6903\">Comprobaciones de alineaci\u00f3n y verificaci\u00f3n del equilibrio din\u00e1mico<\/p>\n<\/li>\n<\/ul>\n<p data-start=\"6905\" data-end=\"7083\">Al planificar el mantenimiento en funci\u00f3n de datos operativos en lugar de fallas, las instalaciones pueden mejorar el tiempo de actividad, reducir la frecuencia de reparaciones de emergencia y optimizar los costos de mantenimiento a lo largo del tiempo.<\/p>\n<hr data-start=\"7085\" data-end=\"7088\" \/>\n<h2 data-start=\"7090\" data-end=\"7142\">Apoyo al desempe\u00f1o operativo y al cumplimiento<\/h2>\n<p data-start=\"7144\" data-end=\"7417\">El rendimiento de la centr\u00edfuga de renderizado afecta la calidad de la producci\u00f3n, la eficiencia del manejo de s\u00f3lidos y la confiabilidad operativa general. Un rendimiento de separaci\u00f3n inadecuado puede aumentar el volumen de residuos transportados, sobrecargar los sistemas posteriores y afectar la calidad del producto o el cumplimiento normativo.<\/p>\n<p data-start=\"7419\" data-end=\"7885\">Para un contexto regulatorio y operativo m\u00e1s amplio relacionado con el desempe\u00f1o ambiental y el manejo de s\u00f3lidos, los operadores pueden consultar <strong data-start=\"7552\" data-end=\"7598\">Agencia de Protecci\u00f3n Ambiental de los Estados Unidos (EPA)<\/strong> en <a class=\"decorated-link cursor-pointer\" target=\"_new\" rel=\"noopener\" data-start=\"7602\" data-end=\"7627\">https:\/\/www.epa.gov\/water<\/a>. Las mejores pr\u00e1cticas y est\u00e1ndares t\u00e9cnicos adicionales de la industria est\u00e1n disponibles a trav\u00e9s de <strong data-start=\"7714\" data-end=\"7752\">Federaci\u00f3n del Medio Ambiente del Agua (FEM)<\/strong> en <a class=\"decorated-link\" href=\"https:\/\/www.wef.org\/\" target=\"_new\" rel=\"noopener\" data-start=\"7756\" data-end=\"7776\">https:\/\/www.wef.org\/<\/a>, ofreciendo informaci\u00f3n valiosa relevante para la planificaci\u00f3n del proceso de separaci\u00f3n y consideraciones sobre el tratamiento de aguas residuales.<\/p>\n<hr data-start=\"7887\" data-end=\"7890\" \/>\n<h2 data-start=\"7892\" data-end=\"7938\">Por qu\u00e9 las instalaciones de Kansas City eligen Sentrimax<\/h2>\n<p data-start=\"7940\" data-end=\"8280\">Los operadores de Kansas City eligen Sentrimax para la reparaci\u00f3n de centr\u00edfugas por su experiencia t\u00e9cnica, su eficiente servicio de campo y su compromiso con la calidad. Los t\u00e9cnicos de Sentrimax combinan su experiencia mec\u00e1nica con la pr\u00e1ctica en campo para diagnosticar problemas complejos, implementar reparaciones efectivas y proteger activos cr\u00edticos.<\/p>\n<p data-start=\"8282\" data-end=\"8655\">Una comunicaci\u00f3n clara y una documentaci\u00f3n detallada son fundamentales en cada intervenci\u00f3n de servicio. Las instalaciones reciben informes de servicio completos que describen los hallazgos del diagn\u00f3stico, las medidas correctivas adoptadas, los componentes reemplazados y las recomendaciones para la planificaci\u00f3n del mantenimiento futuro. Esta informaci\u00f3n ayuda a los equipos de operaciones a tomar decisiones informadas y a perfeccionar las estrategias de confiabilidad a largo plazo.<\/p>\n<p data-start=\"8657\" data-end=\"8754\">Para obtener experiencia en aguas residuales y equipos relacionados, consulte <a class=\"decorated-link cursor-pointer\" target=\"_new\" rel=\"noopener\" data-start=\"8709\" data-end=\"8753\">https:\/\/sentrimax.com\/industries\/wastewater\/<\/a>.<\/p>\n<hr data-start=\"8756\" data-end=\"8759\" \/>\n<h2 data-start=\"8761\" data-end=\"8809\">Soporte integral desde la evaluaci\u00f3n hasta la puesta en marcha<\/h2>\n<p data-start=\"8811\" data-end=\"8881\">El modelo de servicio de Sentrimax se extiende m\u00e1s all\u00e1 de la reparaci\u00f3n mec\u00e1nica para incluir:<\/p>\n<ul data-start=\"8883\" data-end=\"9115\">\n<li data-start=\"8883\" data-end=\"8929\">\n<p data-start=\"8885\" data-end=\"8929\">Coordinaci\u00f3n de aparejos y remoci\u00f3n de equipos<\/p>\n<\/li>\n<li data-start=\"8930\" data-end=\"8982\">\n<p data-start=\"8932\" data-end=\"8982\">Alineaci\u00f3n de precisi\u00f3n y verificaci\u00f3n dimensional<\/p>\n<\/li>\n<li data-start=\"8983\" data-end=\"9032\">\n<p data-start=\"8985\" data-end=\"9032\">Soporte para reinstalaci\u00f3n y calibraci\u00f3n del sistema<\/p>\n<\/li>\n<li data-start=\"9033\" data-end=\"9078\">\n<p data-start=\"9035\" data-end=\"9078\">Asistencia en la puesta en marcha y puesta a punto operativa<\/p>\n<\/li>\n<li data-start=\"9079\" data-end=\"9115\">\n<p data-start=\"9081\" data-end=\"9115\">Evaluaci\u00f3n del desempe\u00f1o posterior a la reparaci\u00f3n<\/p>\n<\/li>\n<\/ul>\n<p data-start=\"9117\" data-end=\"9259\">Este enfoque integral garantiza que las centr\u00edfugas vuelvan a funcionar de manera confiable, eficiente y dentro de las especificaciones de dise\u00f1o.<\/p>\n<hr data-start=\"9261\" data-end=\"9264\" \/>\n<h2 data-start=\"9266\" data-end=\"9322\">Confiabilidad continua mediante la monitorizaci\u00f3n del rendimiento<\/h2>\n<p data-start=\"9324\" data-end=\"9624\">La confiabilidad a largo plazo depende de estrategias de mantenimiento basadas en datos. Sentrimax ayuda a las instalaciones a monitorear indicadores clave de rendimiento (como tendencias de vibraci\u00f3n, perfiles de torque y datos de desgaste) a lo largo del tiempo para anticipar las necesidades de servicio, optimizar la planificaci\u00f3n del mantenimiento y reducir el costo total de propiedad.<\/p>\n<hr data-start=\"9626\" data-end=\"9629\" \/>\n<h2 data-start=\"9631\" data-end=\"9687\">Solicitar reparaci\u00f3n de centr\u00edfuga de renderizado en Kansas City, MO<\/h2>\n<p data-start=\"9689\" data-end=\"10065\">Cuando se necesita una reparaci\u00f3n profesional de una centr\u00edfuga de renderizado en <strong data-start=\"9748\" data-end=\"9767\">Kansas City, Misuri<\/strong>, Las instalaciones conf\u00edan en Sentrimax por su experiencia confiable, respuesta r\u00e1pida y resultados profesionales. Ya sea para solucionar fallas urgentes, planificar mantenimiento preventivo o realizar reconstrucciones completas, Sentrimax ofrece soluciones dise\u00f1adas para mantener sus centr\u00edfugas funcionando de manera confiable y eficiente.<\/p>\n<p data-start=\"10067\" data-end=\"10121\"><strong data-start=\"10067\" data-end=\"10121\"><a class=\"decorated-link\" href=\"https:\/\/sentrimax.com\/es\/contact\/\" target=\"_new\" rel=\"noopener\" data-start=\"10069\" data-end=\"10119\">\u00a1Solicita una cotizaci\u00f3n!<\/a><\/strong><\/p>","protected":false},"excerpt":{"rendered":"<p>Sentrimax provides professional rendering centrifuge repair services for rendering plants, industrial processors, and wastewater operations throughout Kansas City, Missouri. Rendering centrifuges are essential machines in byproduct processing, separating fats, oils, solids, and liquids under high-temperature, high-load conditions. When these centrifuges experience vibration, bearing failure, seal leakage, or reduced separation efficiency, timely and expert repair is [&hellip;]<\/p>\n","protected":false},"author":3,"featured_media":0,"parent":0,"menu_order":0,"comment_status":"closed","ping_status":"closed","template":"seo-page-template.php","meta":{"_acf_changed":false,"inline_featured_image":false,"footnotes":""},"class_list":["post-2321","page","type-page","status-publish","hentry"],"acf":[],"_links":{"self":[{"href":"https:\/\/sentrimax.com\/es\/wp-json\/wp\/v2\/pages\/2321","targetHints":{"allow":["GET"]}}],"collection":[{"href":"https:\/\/sentrimax.com\/es\/wp-json\/wp\/v2\/pages"}],"about":[{"href":"https:\/\/sentrimax.com\/es\/wp-json\/wp\/v2\/types\/page"}],"author":[{"embeddable":true,"href":"https:\/\/sentrimax.com\/es\/wp-json\/wp\/v2\/users\/3"}],"replies":[{"embeddable":true,"href":"https:\/\/sentrimax.com\/es\/wp-json\/wp\/v2\/comments?post=2321"}],"version-history":[{"count":1,"href":"https:\/\/sentrimax.com\/es\/wp-json\/wp\/v2\/pages\/2321\/revisions"}],"predecessor-version":[{"id":2506,"href":"https:\/\/sentrimax.com\/es\/wp-json\/wp\/v2\/pages\/2321\/revisions\/2506"}],"wp:attachment":[{"href":"https:\/\/sentrimax.com\/es\/wp-json\/wp\/v2\/media?parent=2321"}],"curies":[{"name":"wp","href":"https:\/\/api.w.org\/{rel}","templated":true}]}}