{"id":2322,"date":"2026-01-07T17:18:10","date_gmt":"2026-01-07T17:18:10","guid":{"rendered":"https:\/\/sentrimax.com\/?page_id=2322"},"modified":"2026-04-21T21:14:18","modified_gmt":"2026-04-21T21:14:18","slug":"rendering-plant-centrifuge-service-in-seattle-wa","status":"publish","type":"page","link":"https:\/\/sentrimax.com\/es\/rendering-plant-centrifuge-service-in-seattle-wa\/","title":{"rendered":"Servicio de centrifugaci\u00f3n para plantas de renderizado en Seattle, WA"},"content":{"rendered":"<p data-start=\"303\" data-end=\"845\"><img fetchpriority=\"high\" decoding=\"async\" class=\"aligncenter size-full wp-image-2032\" src=\"https:\/\/sentrimax.com\/wp-content\/uploads\/2025\/07\/imgi_28_blog-image-1024x463-1.jpg\" alt=\"\" width=\"1024\" height=\"463\" srcset=\"https:\/\/sentrimax.com\/wp-content\/uploads\/2025\/07\/imgi_28_blog-image-1024x463-1.jpg 1024w, https:\/\/sentrimax.com\/wp-content\/uploads\/2025\/07\/imgi_28_blog-image-1024x463-1-300x136.jpg 300w, https:\/\/sentrimax.com\/wp-content\/uploads\/2025\/07\/imgi_28_blog-image-1024x463-1-768x347.jpg 768w, https:\/\/sentrimax.com\/wp-content\/uploads\/2025\/07\/imgi_28_blog-image-1024x463-1-18x8.jpg 18w, https:\/\/sentrimax.com\/wp-content\/uploads\/2025\/07\/imgi_28_blog-image-1024x463-1-600x271.jpg 600w\" sizes=\"(max-width: 1024px) 100vw, 1024px\" \/><\/p>\n<p data-start=\"303\" data-end=\"845\">Sentrimax ofrece un servicio profesional de centr\u00edfugas para plantas de renderizado para procesadores industriales, instalaciones de renderizado y operaciones de aguas residuales en todo el pa\u00eds. <strong data-start=\"456\" data-end=\"479\">Seattle, Washington<\/strong>. Las centr\u00edfugas de las plantas de renderizado son activos cr\u00edticos en la separaci\u00f3n de grasas, aceites, s\u00f3lidos y l\u00edquidos durante el procesamiento de subproductos, y cuando estas m\u00e1quinas experimentan desgaste mec\u00e1nico, vibraci\u00f3n, fugas en los sellos o disminuci\u00f3n del rendimiento, un servicio oportuno y eficaz es esencial para proteger la continuidad de la producci\u00f3n, mantener la calidad de los resultados y minimizar los costosos tiempos de inactividad.<\/p>\n<p data-start=\"847\" data-end=\"1309\">Con d\u00e9cadas de experiencia en el servicio de equipos de separaci\u00f3n de alta velocidad, <strong data-start=\"917\" data-end=\"930\">Sentrimax<\/strong> Ofrece diagn\u00f3sticos integrales, reparaciones mec\u00e1nicas de precisi\u00f3n, planificaci\u00f3n de mantenimiento preventivo y soluciones integrales de reconstrucci\u00f3n adaptadas a las exigentes condiciones de servicio de las aplicaciones de renderizado. Ya sea para responder a un problema urgente o para planificar trabajos de mantenimiento y revisi\u00f3n programados, Sentrimax ayuda a las instalaciones de Seattle a restaurar el rendimiento y prolongar la vida \u00fatil de los equipos.<\/p>\n<hr data-start=\"1311\" data-end=\"1314\" \/>\n<h2 data-start=\"1316\" data-end=\"1365\">Apoyo a las operaciones de renderizado en Seattle<\/h2>\n<p data-start=\"1367\" data-end=\"1855\">Centrifugadoras de plantas de renderizado en el <strong data-start=\"1402\" data-end=\"1431\">\u00c1rea metropolitana de Seattle<\/strong> Operan bajo algunas de las condiciones de servicio m\u00e1s exigentes del procesamiento industrial. Las temperaturas elevadas, las lodos viscosos cargados de grasa y aceite, los s\u00f3lidos abrasivos y los ciclos de trabajo prolongados someten a una intensa tensi\u00f3n a los rodamientos, sellos, elementos transportadores, espirales y conjuntos de caja de engranajes. Si no se abordan a tiempo, estas tensiones pueden provocar vibraci\u00f3n, desgaste de los rodamientos, desequilibrio, fallos en los sellos y una menor eficiencia de separaci\u00f3n.<\/p>\n<p data-start=\"1857\" data-end=\"2164\">Sentrimax ofrece un servicio receptivo en el sitio en todo Seattle y las comunidades aleda\u00f1as, desplegando t\u00e9cnicos experimentados con herramientas de diagn\u00f3stico avanzadas para evaluar el estado de la m\u00e1quina, identificar las causas fundamentales de las fallas y desarrollar estrategias de reparaci\u00f3n que se alineen con los cronogramas de producci\u00f3n y los protocolos de seguridad.<\/p>\n<p data-start=\"2166\" data-end=\"2299\">Para conocer las amplias capacidades de servicio de centr\u00edfugas en m\u00faltiples tipos de m\u00e1quinas e industrias, consulte <a class=\"decorated-link cursor-pointer\" target=\"_new\" rel=\"noopener\" data-start=\"2258\" data-end=\"2298\">https:\/\/sentrimax.com\/centrifuge-repair\/<\/a>.<\/p>\n<hr data-start=\"2301\" data-end=\"2304\" \/>\n<h2 data-start=\"2306\" data-end=\"2368\">Por qu\u00e9 es importante el servicio profesional de centr\u00edfugas para plantas de renderizado<\/h2>\n<p data-start=\"2370\" data-end=\"2900\">Las centr\u00edfugas de plantas de renderizado son m\u00e1quinas rotativas de alta velocidad y precisi\u00f3n con tolerancias mec\u00e1nicas estrictas. Las reparaciones incorrectas o incompletas pueden dejar problemas subyacentes sin resolver, lo que resulta en vibraciones recurrentes, desequilibrio, desgaste prematuro, menor rendimiento de separaci\u00f3n y tiempos de inactividad imprevistos. Los t\u00e9cnicos de Sentrimax siguen procedimientos documentados y las mejores pr\u00e1cticas de la industria para garantizar que las reparaciones aborden no solo los problemas visibles, sino tambi\u00e9n los factores mec\u00e1nicos m\u00e1s profundos, como la desalineaci\u00f3n, la falla de la lubricaci\u00f3n y los patrones de desequilibrio.<\/p>\n<p data-start=\"2902\" data-end=\"3050\">Un servicio de centr\u00edfuga bien ejecutado mejora la confiabilidad de la m\u00e1quina, mejora el rendimiento de separaci\u00f3n y ayuda a los operadores de Seattle a evitar fallas repetidas.<\/p>\n<hr data-start=\"3052\" data-end=\"3055\" \/>\n<h2 data-start=\"3057\" data-end=\"3118\">Oferta integral de servicios de centr\u00edfugas para plantas de renderizado<\/h2>\n<p data-start=\"3120\" data-end=\"3269\">Sentrimax ofrece un conjunto completo de servicios de centr\u00edfugas para plantas de renderizado dise\u00f1ados para respaldar las instalaciones de Seattle en cada etapa de mantenimiento y reparaci\u00f3n:<\/p>\n<ul data-start=\"3271\" data-end=\"3780\">\n<li data-start=\"3271\" data-end=\"3334\">\n<p data-start=\"3273\" data-end=\"3334\"><strong data-start=\"3273\" data-end=\"3332\">Inspecci\u00f3n mec\u00e1nica y evaluaci\u00f3n detallada del estado<\/strong><\/p>\n<\/li>\n<li data-start=\"3335\" data-end=\"3386\">\n<p data-start=\"3337\" data-end=\"3386\"><strong data-start=\"3337\" data-end=\"3384\">Diagn\u00f3stico de fallas y an\u00e1lisis de causa ra\u00edz<\/strong><\/p>\n<\/li>\n<li data-start=\"3387\" data-end=\"3448\">\n<p data-start=\"3389\" data-end=\"3448\"><strong data-start=\"3389\" data-end=\"3446\">Extracci\u00f3n, sustituci\u00f3n y alineaci\u00f3n de precisi\u00f3n de cojinetes<\/strong><\/p>\n<\/li>\n<li data-start=\"3449\" data-end=\"3508\">\n<p data-start=\"3451\" data-end=\"3508\"><strong data-start=\"3451\" data-end=\"3506\">Reparaci\u00f3n o renovaci\u00f3n de cuencos, espirales, transportadores y tornillos<\/strong><\/p>\n<\/li>\n<li data-start=\"3509\" data-end=\"3569\">\n<p data-start=\"3511\" data-end=\"3569\"><strong data-start=\"3511\" data-end=\"3567\">Inspecci\u00f3n, reconstrucci\u00f3n y verificaci\u00f3n de torque de la caja de cambios<\/strong><\/p>\n<\/li>\n<li data-start=\"3570\" data-end=\"3617\">\n<p data-start=\"3572\" data-end=\"3617\"><strong data-start=\"3572\" data-end=\"3615\">Equilibrado din\u00e1mico con tolerancias precisas<\/strong><\/p>\n<\/li>\n<li data-start=\"3618\" data-end=\"3671\">\n<p data-start=\"3620\" data-end=\"3671\"><strong data-start=\"3620\" data-end=\"3669\">Reemplazo de sellos y mayor protecci\u00f3n contra el desgaste<\/strong><\/p>\n<\/li>\n<li data-start=\"3672\" data-end=\"3731\">\n<p data-start=\"3674\" data-end=\"3731\"><strong data-start=\"3674\" data-end=\"3729\">Soporte para resoluci\u00f3n de problemas de control e instrumentaci\u00f3n<\/strong><\/p>\n<\/li>\n<li data-start=\"3732\" data-end=\"3780\">\n<p data-start=\"3734\" data-end=\"3780\"><strong data-start=\"3734\" data-end=\"3780\">Pruebas de rendimiento y asistencia para la puesta en marcha<\/strong><\/p>\n<\/li>\n<\/ul>\n<p data-start=\"3782\" data-end=\"4059\">Cada servicio sigue procedimientos documentados, alineados con los est\u00e1ndares de equipo original y las mejores pr\u00e1cticas de la industria. Los t\u00e9cnicos eval\u00faan sistemas mec\u00e1nicos completos, no solo los s\u00edntomas superficiales, para brindar soluciones duraderas que mejoran la confianza operativa y reducen las fallas recurrentes.<\/p>\n<hr data-start=\"4061\" data-end=\"4064\" \/>\n<h2 data-start=\"4066\" data-end=\"4126\">Servicio de campo y respuesta r\u00e1pida en el noroeste del Pac\u00edfico<\/h2>\n<p data-start=\"4128\" data-end=\"4456\">Las fallas inesperadas en las centr\u00edfugas de las plantas de renderizado pueden interrumpir los cronogramas de producci\u00f3n, sobrecargar los recursos de mantenimiento y aumentar los costos operativos. Sentrimax ofrece un servicio de campo eficiente en todo Seattle y la regi\u00f3n del noroeste del Pac\u00edfico, llevando t\u00e9cnicos cualificados con herramientas de diagn\u00f3stico directamente a las instalaciones de los clientes.<\/p>\n<p data-start=\"4458\" data-end=\"4521\">El servicio de campo en sitio proporciona ventajas operativas cr\u00edticas:<\/p>\n<ul data-start=\"4523\" data-end=\"4788\">\n<li data-start=\"4523\" data-end=\"4584\">\n<p data-start=\"4525\" data-end=\"4584\">Evaluaci\u00f3n de centr\u00edfugas en condiciones reales de proceso<\/p>\n<\/li>\n<li data-start=\"4585\" data-end=\"4638\">\n<p data-start=\"4587\" data-end=\"4638\">Soluci\u00f3n inmediata de problemas y medidas correctivas<\/p>\n<\/li>\n<li data-start=\"4639\" data-end=\"4706\">\n<p data-start=\"4641\" data-end=\"4706\">Menor necesidad de transporte costoso a instalaciones de reparaci\u00f3n externas<\/p>\n<\/li>\n<li data-start=\"4707\" data-end=\"4788\">\n<p data-start=\"4709\" data-end=\"4788\">Coordinaci\u00f3n con el personal de las instalaciones para alinear el servicio con los cronogramas de producci\u00f3n.<\/p>\n<\/li>\n<\/ul>\n<p data-start=\"4790\" data-end=\"4907\">Los t\u00e9cnicos de campo trabajan de manera eficiente y segura para ayudar a las instalaciones a volver a poner en servicio los equipos y minimizar las interrupciones.<\/p>\n<hr data-start=\"4909\" data-end=\"4912\" \/>\n<h2 data-start=\"4914\" data-end=\"4958\">Reparaciones de precisi\u00f3n con piezas de alta calidad<\/h2>\n<p data-start=\"4960\" data-end=\"5176\">El \u00e9xito de cualquier servicio de centr\u00edfugas depende de la calidad de los componentes de repuesto instalados. Sentrimax suministra repuestos de calidad OEM y equivalentes para centr\u00edfugas de plantas de renderizado, incluyendo:<\/p>\n<ul data-start=\"5178\" data-end=\"5426\">\n<li data-start=\"5178\" data-end=\"5213\">\n<p data-start=\"5180\" data-end=\"5213\">Cojinetes y conjuntos de cojinetes<\/p>\n<\/li>\n<li data-start=\"5214\" data-end=\"5248\">\n<p data-start=\"5216\" data-end=\"5248\">Sellos, juntas y anillos de desgaste<\/p>\n<\/li>\n<li data-start=\"5249\" data-end=\"5296\">\n<p data-start=\"5251\" data-end=\"5296\">Scrolls, transportadores y conjuntos rotatorios<\/p>\n<\/li>\n<li data-start=\"5297\" data-end=\"5349\">\n<p data-start=\"5299\" data-end=\"5349\">Componentes de la caja de cambios y piezas de transmisi\u00f3n de par<\/p>\n<\/li>\n<li data-start=\"5350\" data-end=\"5388\">\n<p data-start=\"5352\" data-end=\"5388\">Conjuntos de cuenco, cubo y giratorios<\/p>\n<\/li>\n<li data-start=\"5389\" data-end=\"5426\">\n<p data-start=\"5391\" data-end=\"5426\">Kits de sujetadores y herrajes de servicio<\/p>\n<\/li>\n<\/ul>\n<p data-start=\"5428\" data-end=\"5605\">Todas las piezas se inspeccionan para comprobar la precisi\u00f3n dimensional, la integridad del material y la compatibilidad antes de la instalaci\u00f3n para garantizar un rendimiento confiable en entornos de renderizado exigentes.<\/p>\n<p data-start=\"5607\" data-end=\"5698\">Para obtener informaci\u00f3n de soporte sobre componentes y piezas, visite <a class=\"decorated-link cursor-pointer\" target=\"_new\" rel=\"noopener\" data-start=\"5658\" data-end=\"5697\">https:\/\/sentrimax.com\/centrifuge-parts\/<\/a>.<\/p>\n<hr data-start=\"5700\" data-end=\"5703\" \/>\n<h2 data-start=\"5705\" data-end=\"5752\">Reconstrucciones completas para restaurar el rendimiento de la m\u00e1quina<\/h2>\n<p data-start=\"5754\" data-end=\"5948\">Para centr\u00edfugas con desgaste avanzado o pr\u00f3ximas al final de su vida \u00fatil, Sentrimax ofrece servicios integrales de reconstrucci\u00f3n que restauran el equipo a un estado pr\u00e1cticamente nuevo. Una reconstrucci\u00f3n t\u00edpica incluye:<\/p>\n<ul data-start=\"5950\" data-end=\"6213\">\n<li data-start=\"5950\" data-end=\"5996\">\n<p data-start=\"5952\" data-end=\"5996\">Desmontaje completo y limpieza a fondo.<\/p>\n<\/li>\n<li data-start=\"5997\" data-end=\"6051\">\n<p data-start=\"5999\" data-end=\"6051\">Medici\u00f3n y restauraci\u00f3n de tolerancias cr\u00edticas<\/p>\n<\/li>\n<li data-start=\"6052\" data-end=\"6086\">\n<p data-start=\"6054\" data-end=\"6086\">Sustituci\u00f3n de componentes desgastados<\/p>\n<\/li>\n<li data-start=\"6087\" data-end=\"6130\">\n<p data-start=\"6089\" data-end=\"6130\">Mecanizado de precisi\u00f3n para ajuste y equilibrio.<\/p>\n<\/li>\n<li data-start=\"6131\" data-end=\"6173\">\n<p data-start=\"6133\" data-end=\"6173\">Equilibrado din\u00e1mico de elementos rotatorios<\/p>\n<\/li>\n<li data-start=\"6174\" data-end=\"6213\">\n<p data-start=\"6176\" data-end=\"6213\">Reensamblaje y validaci\u00f3n del rendimiento<\/p>\n<\/li>\n<\/ul>\n<p data-start=\"6215\" data-end=\"6375\">Las reconstrucciones se planifican en colaboraci\u00f3n con los equipos de las instalaciones para alinearse con las paradas programadas y minimizar el impacto en la producci\u00f3n mientras se extiende la vida \u00fatil del equipo.<\/p>\n<hr data-start=\"6377\" data-end=\"6380\" \/>\n<h2 data-start=\"6382\" data-end=\"6430\">Mantenimiento preventivo para mejorar la confiabilidad<\/h2>\n<p data-start=\"6432\" data-end=\"6725\">Las reparaciones reactivas son costosas en piezas, mano de obra y p\u00e9rdida de producci\u00f3n. El mantenimiento preventivo ayuda a las plantas de procesamiento de Seattle a detectar el desgaste a tiempo, reducir las fallas imprevistas y optimizar los presupuestos de mantenimiento. Sentrimax colabora con los operadores para desarrollar planes de mantenimiento personalizados que pueden incluir:<\/p>\n<ul data-start=\"6727\" data-end=\"7044\">\n<li data-start=\"6727\" data-end=\"6784\">\n<p data-start=\"6729\" data-end=\"6784\">Inspecciones mec\u00e1nicas de rutina y seguimiento del estado<\/p>\n<\/li>\n<li data-start=\"6785\" data-end=\"6828\">\n<p data-start=\"6787\" data-end=\"6828\">An\u00e1lisis de vibraciones y seguimiento de tendencias<\/p>\n<\/li>\n<li data-start=\"6829\" data-end=\"6882\">\n<p data-start=\"6831\" data-end=\"6882\">Muestreo de aceite y evaluaci\u00f3n del estado de lubricaci\u00f3n<\/p>\n<\/li>\n<li data-start=\"6883\" data-end=\"6947\">\n<p data-start=\"6885\" data-end=\"6947\">Medici\u00f3n del desgaste en cojinetes, sellos y componentes del transportador<\/p>\n<\/li>\n<li data-start=\"6948\" data-end=\"6992\">\n<p data-start=\"6950\" data-end=\"6992\">Reemplazo programado de elementos de alto desgaste<\/p>\n<\/li>\n<li data-start=\"6993\" data-end=\"7044\">\n<p data-start=\"6995\" data-end=\"7044\">Comprobaciones de alineaci\u00f3n y verificaci\u00f3n del equilibrio din\u00e1mico<\/p>\n<\/li>\n<\/ul>\n<p data-start=\"7046\" data-end=\"7222\">Al planificar el servicio en funci\u00f3n de datos operativos en lugar de fallas, las instalaciones pueden mejorar el tiempo de actividad, reducir las necesidades de reparaci\u00f3n de emergencia y gestionar mejor los costos de mantenimiento a lo largo del tiempo.<\/p>\n<hr data-start=\"7224\" data-end=\"7227\" \/>\n<h2 data-start=\"7229\" data-end=\"7281\">Apoyo al desempe\u00f1o operativo y al cumplimiento<\/h2>\n<p data-start=\"7283\" data-end=\"7553\">El rendimiento de las centr\u00edfugas de las plantas de renderizado influye en la calidad de la producci\u00f3n, la eficiencia del manejo de s\u00f3lidos y la estabilidad operativa. Un rendimiento de separaci\u00f3n inadecuado puede aumentar el volumen de residuos transportados, sobrecargar los equipos posteriores y afectar la calidad del producto o los costos.<\/p>\n<p data-start=\"7555\" data-end=\"7965\">Para un contexto regulatorio y ambiental m\u00e1s amplio relacionado con las intersecciones de manejo de aguas residuales o s\u00f3lidos, los operadores pueden consultar <strong data-start=\"7686\" data-end=\"7732\">Agencia de Protecci\u00f3n Ambiental de los Estados Unidos (EPA)<\/strong> en <a class=\"decorated-link cursor-pointer\" target=\"_new\" rel=\"noopener\" data-start=\"7736\" data-end=\"7761\">https:\/\/www.epa.gov\/water<\/a>. Se encuentran disponibles mejores pr\u00e1cticas adicionales y conocimientos de la industria en <strong data-start=\"7833\" data-end=\"7871\">Federaci\u00f3n del Medio Ambiente del Agua (FEM)<\/strong> en <a class=\"decorated-link\" href=\"https:\/\/www.wef.org\/\" target=\"_new\" rel=\"noopener\" data-start=\"7875\" data-end=\"7895\">https:\/\/www.wef.org\/<\/a>, ofreciendo recursos valiosos relevantes para la planificaci\u00f3n del proceso de separaci\u00f3n.<\/p>\n<hr data-start=\"7967\" data-end=\"7970\" \/>\n<h2 data-start=\"7972\" data-end=\"8014\">Por qu\u00e9 las instalaciones de Seattle eligen Sentrimax<\/h2>\n<p data-start=\"8016\" data-end=\"8355\">Los operadores de Seattle eligen Sentrimax para el servicio de centr\u00edfugas de planta por su experiencia t\u00e9cnica, su eficiente soporte en campo y su compromiso con la calidad de los resultados. Los t\u00e9cnicos de Sentrimax combinan su experiencia mec\u00e1nica con la pr\u00e1ctica en campo para diagnosticar problemas complejos, implementar reparaciones efectivas y proteger activos cr\u00edticos.<\/p>\n<p data-start=\"8357\" data-end=\"8716\">La comunicaci\u00f3n clara y la documentaci\u00f3n completa son el sello distintivo de cada servicio. Las instalaciones reciben informes detallados que describen los hallazgos del diagn\u00f3stico, las medidas correctivas adoptadas, los componentes reemplazados y las recomendaciones para la planificaci\u00f3n futura del mantenimiento preventivo. Esta informaci\u00f3n facilita la toma de decisiones proactiva y las estrategias de confiabilidad a largo plazo.<\/p>\n<p data-start=\"8718\" data-end=\"8815\">Para aguas residuales y servicios de separaci\u00f3n relacionados, consulte <a class=\"decorated-link cursor-pointer\" target=\"_new\" rel=\"noopener\" data-start=\"8770\" data-end=\"8814\">https:\/\/sentrimax.com\/industries\/wastewater\/<\/a>.<\/p>\n<hr data-start=\"8817\" data-end=\"8820\" \/>\n<h2 data-start=\"8822\" data-end=\"8870\">Soporte integral desde la inspecci\u00f3n hasta la puesta en marcha<\/h2>\n<p data-start=\"8872\" data-end=\"8943\">El modelo de servicio de Sentrimax se extiende m\u00e1s all\u00e1 de las reparaciones mec\u00e1nicas para incluir:<\/p>\n<ul data-start=\"8945\" data-end=\"9178\">\n<li data-start=\"8945\" data-end=\"8991\">\n<p data-start=\"8947\" data-end=\"8991\">Coordinaci\u00f3n de aparejos y remoci\u00f3n de equipos<\/p>\n<\/li>\n<li data-start=\"8992\" data-end=\"9044\">\n<p data-start=\"8994\" data-end=\"9044\">Alineaci\u00f3n de precisi\u00f3n y verificaci\u00f3n dimensional<\/p>\n<\/li>\n<li data-start=\"9045\" data-end=\"9094\">\n<p data-start=\"9047\" data-end=\"9094\">Soporte para reinstalaci\u00f3n y calibraci\u00f3n del sistema<\/p>\n<\/li>\n<li data-start=\"9095\" data-end=\"9140\">\n<p data-start=\"9097\" data-end=\"9140\">Asistencia en la puesta en marcha y puesta a punto operativa<\/p>\n<\/li>\n<li data-start=\"9141\" data-end=\"9178\">\n<p data-start=\"9143\" data-end=\"9178\">Evaluaci\u00f3n del desempe\u00f1o posterior al servicio<\/p>\n<\/li>\n<\/ul>\n<p data-start=\"9180\" data-end=\"9313\">Este enfoque de extremo a extremo garantiza que las centr\u00edfugas de la planta de renderizado regresen al servicio de manera confiable, eficiente y dentro de las expectativas de dise\u00f1o.<\/p>\n<hr data-start=\"9315\" data-end=\"9318\" \/>\n<h2 data-start=\"9320\" data-end=\"9376\">Mejora continua mediante el monitoreo del desempe\u00f1o<\/h2>\n<p data-start=\"9378\" data-end=\"9672\">La confiabilidad a largo plazo depende de estrategias de mantenimiento basadas en datos. Sentrimax apoya a las instalaciones en el seguimiento de indicadores clave de rendimiento, como tendencias de vibraci\u00f3n, perfiles de torque y patrones de desgaste, para anticipar las necesidades de servicio, optimizar la planificaci\u00f3n del mantenimiento y reducir el costo total de propiedad.<\/p>\n<hr data-start=\"9674\" data-end=\"9677\" \/>\n<h2 data-start=\"9679\" data-end=\"9738\">Solicitar servicio de centr\u00edfuga para plantas de renderizado en Seattle, WA<\/h2>\n<p data-start=\"9740\" data-end=\"10114\">Cuando se necesita un servicio de centrifugaci\u00f3n de planta de renderizado profesional en <strong data-start=\"9806\" data-end=\"9821\">Seattle, Washington<\/strong>, Las instalaciones conf\u00edan en Sentrimax para obtener experiencia confiable, soporte t\u00e9cnico r\u00e1pido y resultados profesionales. Ya sea para solucionar fallas urgentes, planificar mantenimiento preventivo o reconstrucciones completas, Sentrimax ofrece soluciones dise\u00f1adas para mantener el rendimiento confiable y eficiente de sus centr\u00edfugas.<\/p>\n<p data-start=\"10116\" data-end=\"10170\"><strong data-start=\"10116\" data-end=\"10170\"><a class=\"decorated-link\" href=\"https:\/\/sentrimax.com\/es\/contact\/\" target=\"_new\" rel=\"noopener\" data-start=\"10118\" data-end=\"10168\">\u00a1Solicita una cotizaci\u00f3n!<\/a><\/strong><\/p>","protected":false},"excerpt":{"rendered":"<p>Sentrimax provides professional rendering plant centrifuge service for industrial processors, rendering facilities, and wastewater operations throughout Seattle, Washington. Rendering plant centrifuges are critical assets in the separation of fats, oils, solids, and liquids within byproduct processing, and when these machines experience mechanical wear, vibration, leaking seals, or performance decline, timely and effective service is essential [&hellip;]<\/p>\n","protected":false},"author":3,"featured_media":0,"parent":0,"menu_order":0,"comment_status":"closed","ping_status":"closed","template":"seo-page-template.php","meta":{"_acf_changed":false,"inline_featured_image":false,"footnotes":""},"class_list":["post-2322","page","type-page","status-publish","hentry"],"acf":[],"_links":{"self":[{"href":"https:\/\/sentrimax.com\/es\/wp-json\/wp\/v2\/pages\/2322","targetHints":{"allow":["GET"]}}],"collection":[{"href":"https:\/\/sentrimax.com\/es\/wp-json\/wp\/v2\/pages"}],"about":[{"href":"https:\/\/sentrimax.com\/es\/wp-json\/wp\/v2\/types\/page"}],"author":[{"embeddable":true,"href":"https:\/\/sentrimax.com\/es\/wp-json\/wp\/v2\/users\/3"}],"replies":[{"embeddable":true,"href":"https:\/\/sentrimax.com\/es\/wp-json\/wp\/v2\/comments?post=2322"}],"version-history":[{"count":1,"href":"https:\/\/sentrimax.com\/es\/wp-json\/wp\/v2\/pages\/2322\/revisions"}],"predecessor-version":[{"id":2505,"href":"https:\/\/sentrimax.com\/es\/wp-json\/wp\/v2\/pages\/2322\/revisions\/2505"}],"wp:attachment":[{"href":"https:\/\/sentrimax.com\/es\/wp-json\/wp\/v2\/media?parent=2322"}],"curies":[{"name":"wp","href":"https:\/\/api.w.org\/{rel}","templated":true}]}}