{"id":2323,"date":"2026-01-07T17:20:13","date_gmt":"2026-01-07T17:20:13","guid":{"rendered":"https:\/\/sentrimax.com\/?page_id=2323"},"modified":"2026-04-21T21:14:18","modified_gmt":"2026-04-21T21:14:18","slug":"ethanol-centrifuge-repair-services-in-chicago-il","status":"publish","type":"page","link":"https:\/\/sentrimax.com\/es\/ethanol-centrifuge-repair-services-in-chicago-il\/","title":{"rendered":"Servicios de reparaci\u00f3n de centr\u00edfugas de etanol en Chicago, Illinois"},"content":{"rendered":"<p data-start=\"312\" data-end=\"865\"><img fetchpriority=\"high\" decoding=\"async\" class=\"aligncenter size-full wp-image-2026\" src=\"https:\/\/sentrimax.com\/wp-content\/uploads\/2025\/07\/imgi_4_c1a73b_67d9bd780e544ea3924fdef1b967ae4fmv2-1.webp\" alt=\"\" width=\"980\" height=\"551\" srcset=\"https:\/\/sentrimax.com\/wp-content\/uploads\/2025\/07\/imgi_4_c1a73b_67d9bd780e544ea3924fdef1b967ae4fmv2-1.webp 980w, https:\/\/sentrimax.com\/wp-content\/uploads\/2025\/07\/imgi_4_c1a73b_67d9bd780e544ea3924fdef1b967ae4fmv2-1-300x169.webp 300w, https:\/\/sentrimax.com\/wp-content\/uploads\/2025\/07\/imgi_4_c1a73b_67d9bd780e544ea3924fdef1b967ae4fmv2-1-768x432.webp 768w, https:\/\/sentrimax.com\/wp-content\/uploads\/2025\/07\/imgi_4_c1a73b_67d9bd780e544ea3924fdef1b967ae4fmv2-1-18x10.webp 18w, https:\/\/sentrimax.com\/wp-content\/uploads\/2025\/07\/imgi_4_c1a73b_67d9bd780e544ea3924fdef1b967ae4fmv2-1-600x337.webp 600w\" sizes=\"(max-width: 980px) 100vw, 980px\" \/><\/p>\n<p data-start=\"312\" data-end=\"865\">Sentrimax ofrece servicios profesionales de reparaci\u00f3n de centr\u00edfugas de etanol para instalaciones de producci\u00f3n de etanol industrial y plantas de proceso en todo el pa\u00eds. <strong data-start=\"454\" data-end=\"475\">Chicago, Illinois<\/strong>. Las centr\u00edfugas de etanol son equipos cr\u00edticos en aplicaciones de etanol para combustibles y bebidas, y se utilizan para separar s\u00f3lidos, levaduras y otras part\u00edculas de las corrientes l\u00edquidas. Cuando estas m\u00e1quinas experimentan vibraciones, desgaste de rodamientos, fallos en los sellos o disminuci\u00f3n del rendimiento, es esencial una reparaci\u00f3n r\u00e1pida y experta para minimizar el tiempo de inactividad, proteger la calidad del producto y mantener la continuidad de la producci\u00f3n.<\/p>\n<p data-start=\"867\" data-end=\"1321\">Con d\u00e9cadas de experiencia en el servicio de equipos de separaci\u00f3n de alta velocidad, <strong data-start=\"937\" data-end=\"950\">Sentrimax<\/strong> Ofrece diagn\u00f3sticos precisos, reparaciones mec\u00e1nicas de precisi\u00f3n, planificaci\u00f3n de mantenimiento preventivo y soluciones de reconstrucci\u00f3n adaptadas a las necesidades espec\u00edficas del servicio de centr\u00edfugas de etanol. Ya sea para responder a una aver\u00eda urgente o para planificar mantenimientos y actualizaciones programadas, Sentrimax ayuda a las instalaciones de Chicago a mantener el rendimiento confiable de las centr\u00edfugas y a prolongar la vida \u00fatil de los equipos.<\/p>\n<hr data-start=\"1323\" data-end=\"1326\" \/>\n<h2 data-start=\"1328\" data-end=\"1386\">Apoyo a las operaciones de producci\u00f3n de etanol en Chicago<\/h2>\n<p data-start=\"1388\" data-end=\"1874\">Centr\u00edfugas de etanol en el <strong data-start=\"1415\" data-end=\"1444\">\u00c1rea metropolitana de Chicago<\/strong> Apoyan una amplia gama de tareas de separaci\u00f3n en la producci\u00f3n de etanol para combustibles y bebidas, donde la eliminaci\u00f3n y clarificaci\u00f3n consistentes de s\u00f3lidos son esenciales para la calidad y el rendimiento del producto. Cuando el rendimiento de la centr\u00edfuga se deteriora debido a vibraciones, rodamientos rotos, sellos desgastados, desalineaci\u00f3n o problemas en la caja de engranajes, los operadores necesitan un servicio eficiente por parte de t\u00e9cnicos con experiencia pr\u00e1ctica en mec\u00e1nica de centr\u00edfugas y servicio de campo.<\/p>\n<p data-start=\"1876\" data-end=\"2249\">Sentrimax ofrece un servicio de campo eficiente en toda Chicago y las regiones circundantes, brindando evaluaci\u00f3n in situ, pruebas de diagn\u00f3stico y experiencia en reparaci\u00f3n a sus instalaciones. Los t\u00e9cnicos colaboran con su equipo de mantenimiento para evaluar el estado de los equipos, desarrollar estrategias de reparaci\u00f3n e implementar soluciones que se ajusten a su cronograma operativo y est\u00e1ndares de seguridad.<\/p>\n<p data-start=\"2251\" data-end=\"2360\">Para obtener capacidades completas de servicio de centr\u00edfugas en todas las industrias, consulte <a class=\"decorated-link cursor-pointer\" target=\"_new\" rel=\"noopener\" data-start=\"2319\" data-end=\"2359\">https:\/\/sentrimax.com\/centrifuge-repair\/<\/a>.<\/p>\n<hr data-start=\"2362\" data-end=\"2365\" \/>\n<h2 data-start=\"2367\" data-end=\"2420\">Por qu\u00e9 es importante la reparaci\u00f3n profesional de centr\u00edfugas de etanol<\/h2>\n<p data-start=\"2422\" data-end=\"2886\">Las centr\u00edfugas de etanol son m\u00e1quinas de precisi\u00f3n dise\u00f1adas para operar a altas velocidades en condiciones de trabajo constantes. En la producci\u00f3n de etanol, las caracter\u00edsticas de la alimentaci\u00f3n, como el alto contenido de s\u00f3lidos, los restos de c\u00e9lulas de levadura y el caudal variable, pueden acelerar el desgaste de componentes clave, como cojinetes, sellos, espirales, elementos transportadores y componentes de la caja de engranajes. Si no se abordan los problemas emergentes a tiempo, se pueden prolongar los tiempos de inactividad, la degradaci\u00f3n de la calidad y aumentar los costos de mantenimiento.<\/p>\n<p data-start=\"2888\" data-end=\"3268\">Los t\u00e9cnicos de Sentrimax siguen procedimientos de reparaci\u00f3n documentados y las mejores pr\u00e1cticas de la industria para garantizar que las centr\u00edfugas de etanol reciban mantenimiento de forma que se restablezca su rendimiento y se aborden las causas subyacentes del desgaste y las fallas, como la desalineaci\u00f3n, la falla de la lubricaci\u00f3n o el desequilibrio por vibraci\u00f3n. Este enfoque integral mejora la confiabilidad y reduce el riesgo de tiempos de inactividad recurrentes.<\/p>\n<hr data-start=\"3270\" data-end=\"3273\" \/>\n<h2 data-start=\"3275\" data-end=\"3326\">Servicios integrales de reparaci\u00f3n de centr\u00edfugas de etanol<\/h2>\n<p data-start=\"3328\" data-end=\"3476\">Sentrimax ofrece un conjunto completo de servicios de reparaci\u00f3n de centr\u00edfugas de etanol dise\u00f1ados para respaldar las operaciones de Chicago en cada etapa de mantenimiento y reparaci\u00f3n:<\/p>\n<ul data-start=\"3478\" data-end=\"3987\">\n<li data-start=\"3478\" data-end=\"3532\">\n<p data-start=\"3480\" data-end=\"3532\"><strong data-start=\"3480\" data-end=\"3530\">Inspecci\u00f3n mec\u00e1nica y evaluaci\u00f3n del estado<\/strong><\/p>\n<\/li>\n<li data-start=\"3533\" data-end=\"3584\">\n<p data-start=\"3535\" data-end=\"3584\"><strong data-start=\"3535\" data-end=\"3582\">Diagn\u00f3stico de fallas y an\u00e1lisis de causa ra\u00edz<\/strong><\/p>\n<\/li>\n<li data-start=\"3585\" data-end=\"3646\">\n<p data-start=\"3587\" data-end=\"3646\"><strong data-start=\"3587\" data-end=\"3644\">Extracci\u00f3n, sustituci\u00f3n y alineaci\u00f3n de precisi\u00f3n de cojinetes<\/strong><\/p>\n<\/li>\n<li data-start=\"3647\" data-end=\"3710\">\n<p data-start=\"3649\" data-end=\"3710\"><strong data-start=\"3649\" data-end=\"3708\">Reparaci\u00f3n o reemplazo de cuencos, espirales, transportadores y tornillos<\/strong><\/p>\n<\/li>\n<li data-start=\"3711\" data-end=\"3771\">\n<p data-start=\"3713\" data-end=\"3771\"><strong data-start=\"3713\" data-end=\"3769\">Inspecci\u00f3n, reconstrucci\u00f3n y verificaci\u00f3n de torque de la caja de cambios<\/strong><\/p>\n<\/li>\n<li data-start=\"3772\" data-end=\"3819\">\n<p data-start=\"3774\" data-end=\"3819\"><strong data-start=\"3774\" data-end=\"3817\">Equilibrado din\u00e1mico con tolerancias precisas<\/strong><\/p>\n<\/li>\n<li data-start=\"3820\" data-end=\"3873\">\n<p data-start=\"3822\" data-end=\"3873\"><strong data-start=\"3822\" data-end=\"3871\">Reemplazo de sellos y mayor protecci\u00f3n contra el desgaste<\/strong><\/p>\n<\/li>\n<li data-start=\"3874\" data-end=\"3933\">\n<p data-start=\"3876\" data-end=\"3933\"><strong data-start=\"3876\" data-end=\"3931\">Soporte para resoluci\u00f3n de problemas de control e instrumentaci\u00f3n<\/strong><\/p>\n<\/li>\n<li data-start=\"3934\" data-end=\"3987\">\n<p data-start=\"3936\" data-end=\"3987\"><strong data-start=\"3936\" data-end=\"3987\">Verificaci\u00f3n del rendimiento y asistencia en la puesta en marcha<\/strong><\/p>\n<\/li>\n<\/ul>\n<p data-start=\"3989\" data-end=\"4262\">Cada elemento de servicio sigue procedimientos documentados, alineados con las expectativas de los equipos originales y las mejores pr\u00e1cticas de la industria. Los t\u00e9cnicos eval\u00faan todo el sistema mec\u00e1nico, no solo los s\u00edntomas visibles, para brindar reparaciones duraderas que mejoran el tiempo de actividad y la confianza operativa.<\/p>\n<hr data-start=\"4264\" data-end=\"4267\" \/>\n<h2 data-start=\"4269\" data-end=\"4316\">Servicio de campo y respuesta r\u00e1pida en Illinois<\/h2>\n<p data-start=\"4318\" data-end=\"4670\">Las fallas imprevistas de las centr\u00edfugas pueden interrumpir los programas de producci\u00f3n de etanol, reducir la productividad y agotar los recursos de mantenimiento. Sentrimax ofrece un servicio de campo eficiente en Chicago y alrededores, con t\u00e9cnicos experimentados equipados con herramientas de diagn\u00f3stico y procedimientos de seguridad para realizar evaluaciones y mantenimiento in situ.<\/p>\n<p data-start=\"4672\" data-end=\"4721\">El servicio de campo en sitio ofrece beneficios importantes:<\/p>\n<ul data-start=\"4723\" data-end=\"4986\">\n<li data-start=\"4723\" data-end=\"4783\">\n<p data-start=\"4725\" data-end=\"4783\">Evaluaci\u00f3n de equipos en condiciones reales de procesamiento<\/p>\n<\/li>\n<li data-start=\"4784\" data-end=\"4837\">\n<p data-start=\"4786\" data-end=\"4837\">Soluci\u00f3n inmediata de problemas y medidas correctivas<\/p>\n<\/li>\n<li data-start=\"4838\" data-end=\"4897\">\n<p data-start=\"4840\" data-end=\"4897\">Reducci\u00f3n de la necesidad de costosas mudanzas y transporte fuera del sitio<\/p>\n<\/li>\n<li data-start=\"4898\" data-end=\"4986\">\n<p data-start=\"4900\" data-end=\"4986\">Colaboraci\u00f3n directa con el personal de las instalaciones para integrar el servicio con los horarios de la planta.<\/p>\n<\/li>\n<\/ul>\n<p data-start=\"4988\" data-end=\"5115\">Los t\u00e9cnicos de campo trabajan de manera eficiente para minimizar las interrupciones y ayudar a que el equipo vuelva a funcionar de manera confiable lo m\u00e1s r\u00e1pido posible.<\/p>\n<hr data-start=\"5117\" data-end=\"5120\" \/>\n<h2 data-start=\"5122\" data-end=\"5167\">Reparaciones de precisi\u00f3n con piezas de alta calidad<\/h2>\n<p data-start=\"5169\" data-end=\"5384\">La calidad de las piezas de repuesto utilizadas durante la reparaci\u00f3n influye directamente en la fiabilidad y el rendimiento a largo plazo. Sentrimax suministra componentes de repuesto con calidad OEM y equivalentes para centr\u00edfugas de etanol, entre ellos:<\/p>\n<ul data-start=\"5386\" data-end=\"5622\">\n<li data-start=\"5386\" data-end=\"5421\">\n<p data-start=\"5388\" data-end=\"5421\">Cojinetes y conjuntos de cojinetes<\/p>\n<\/li>\n<li data-start=\"5422\" data-end=\"5443\">\n<p data-start=\"5424\" data-end=\"5443\">Sellos y juntas<\/p>\n<\/li>\n<li data-start=\"5444\" data-end=\"5496\">\n<p data-start=\"5446\" data-end=\"5496\">Desplazamientos, transportadores y elementos giratorios<\/p>\n<\/li>\n<li data-start=\"5497\" data-end=\"5545\">\n<p data-start=\"5499\" data-end=\"5545\">Componentes de la caja de cambios y piezas de transferencia de par<\/p>\n<\/li>\n<li data-start=\"5546\" data-end=\"5584\">\n<p data-start=\"5548\" data-end=\"5584\">Conjuntos de cuenco, cubo y giratorios<\/p>\n<\/li>\n<li data-start=\"5585\" data-end=\"5622\">\n<p data-start=\"5587\" data-end=\"5622\">Kits de sujetadores y herrajes de servicio<\/p>\n<\/li>\n<\/ul>\n<p data-start=\"5624\" data-end=\"5807\">Todas las piezas se inspeccionan para comprobar la precisi\u00f3n dimensional, la integridad del material y la compatibilidad antes de la instalaci\u00f3n para garantizar un rendimiento confiable en entornos de servicio de etanol exigentes.<\/p>\n<p data-start=\"5809\" data-end=\"5918\">La informaci\u00f3n sobre las piezas disponibles y el soporte de componentes se puede encontrar en <a class=\"decorated-link cursor-pointer\" target=\"_new\" rel=\"noopener\" data-start=\"5878\" data-end=\"5917\">https:\/\/sentrimax.com\/centrifuge-parts\/<\/a>.<\/p>\n<hr data-start=\"5920\" data-end=\"5923\" \/>\n<h2 data-start=\"5925\" data-end=\"5967\">Reconstruir servicios para restaurar el rendimiento<\/h2>\n<p data-start=\"5969\" data-end=\"6131\">Para centr\u00edfugas con desgaste avanzado o que se acercan al final de su vida \u00fatil, Sentrimax ofrece servicios completos de reconstrucci\u00f3n. Los proyectos de reconstrucci\u00f3n suelen incluir:<\/p>\n<ul data-start=\"6133\" data-end=\"6384\">\n<li data-start=\"6133\" data-end=\"6166\">\n<p data-start=\"6135\" data-end=\"6166\">Desmontaje completo y limpieza<\/p>\n<\/li>\n<li data-start=\"6167\" data-end=\"6220\">\n<p data-start=\"6169\" data-end=\"6220\">Inspecci\u00f3n y restauraci\u00f3n de tolerancias cr\u00edticas<\/p>\n<\/li>\n<li data-start=\"6221\" data-end=\"6255\">\n<p data-start=\"6223\" data-end=\"6255\">Sustituci\u00f3n de componentes desgastados<\/p>\n<\/li>\n<li data-start=\"6256\" data-end=\"6299\">\n<p data-start=\"6258\" data-end=\"6299\">Mecanizado de precisi\u00f3n para ajuste y equilibrio.<\/p>\n<\/li>\n<li data-start=\"6300\" data-end=\"6344\">\n<p data-start=\"6302\" data-end=\"6344\">Equilibrado din\u00e1mico de conjuntos rotatorios<\/p>\n<\/li>\n<li data-start=\"6345\" data-end=\"6384\">\n<p data-start=\"6347\" data-end=\"6384\">Reensamblaje y validaci\u00f3n del rendimiento<\/p>\n<\/li>\n<\/ul>\n<p data-start=\"6386\" data-end=\"6553\">Las reconstrucciones se coordinan con los equipos de las instalaciones para alinearse con las paradas planificadas y los cronogramas de mantenimiento, minimizando las interrupciones de producci\u00f3n y extendiendo la vida \u00fatil del equipo.<\/p>\n<hr data-start=\"6555\" data-end=\"6558\" \/>\n<h2 data-start=\"6560\" data-end=\"6603\">Mantenimiento preventivo para mejorar el tiempo de actividad<\/h2>\n<p data-start=\"6605\" data-end=\"6913\">Las reparaciones reactivas son costosas en piezas, mano de obra y p\u00e9rdida de producci\u00f3n. El mantenimiento preventivo ayuda a las instalaciones a detectar problemas emergentes con anticipaci\u00f3n, reducir fallas imprevistas y optimizar los presupuestos de mantenimiento. Sentrimax colabora con los productores de etanol de Chicago para desarrollar planes de mantenimiento preventivo que pueden incluir:<\/p>\n<ul data-start=\"6915\" data-end=\"7222\">\n<li data-start=\"6915\" data-end=\"6972\">\n<p data-start=\"6917\" data-end=\"6972\">Inspecciones mec\u00e1nicas de rutina y seguimiento del estado<\/p>\n<\/li>\n<li data-start=\"6973\" data-end=\"7008\">\n<p data-start=\"6975\" data-end=\"7008\">An\u00e1lisis de vibraciones y tendencias<\/p>\n<\/li>\n<li data-start=\"7009\" data-end=\"7062\">\n<p data-start=\"7011\" data-end=\"7062\">Muestreo de aceite y evaluaci\u00f3n del estado de lubricaci\u00f3n<\/p>\n<\/li>\n<li data-start=\"7063\" data-end=\"7125\">\n<p data-start=\"7065\" data-end=\"7125\">Medici\u00f3n del desgaste en cojinetes, sellos y elementos cr\u00edticos<\/p>\n<\/li>\n<li data-start=\"7126\" data-end=\"7170\">\n<p data-start=\"7128\" data-end=\"7170\">Reemplazo programado de piezas de alto desgaste<\/p>\n<\/li>\n<li data-start=\"7171\" data-end=\"7222\">\n<p data-start=\"7173\" data-end=\"7222\">Comprobaciones de alineaci\u00f3n y verificaci\u00f3n del equilibrio din\u00e1mico<\/p>\n<\/li>\n<\/ul>\n<p data-start=\"7224\" data-end=\"7387\">Al planificar el mantenimiento en funci\u00f3n de datos operativos en lugar de fallas, las instalaciones pueden mejorar el tiempo de actividad, reducir las reparaciones de emergencia y optimizar el gasto de mantenimiento.<\/p>\n<hr data-start=\"7389\" data-end=\"7392\" \/>\n<h2 data-start=\"7394\" data-end=\"7445\">Apoyo a la calidad del producto y los objetivos operativos<\/h2>\n<p data-start=\"7447\" data-end=\"7807\">El rendimiento de la centr\u00edfuga de etanol afecta la claridad del producto, la eficiencia en el manejo de s\u00f3lidos y la estabilidad general del proceso. Un rendimiento deficiente en la separaci\u00f3n puede generar problemas de calidad del producto, un mayor volumen de residuos transportados y costos operativos elevados. Un servicio oportuno ayuda a las plantas de producci\u00f3n a mantener resultados de separaci\u00f3n consistentes que respaldan los objetivos operativos.<\/p>\n<p data-start=\"7809\" data-end=\"8159\">Para un contexto operativo y regulatorio m\u00e1s amplio relacionado con las aguas residuales y los procesos de separaci\u00f3n, los operadores pueden consultar la gu\u00eda de la <strong data-start=\"7946\" data-end=\"7992\">Agencia de Protecci\u00f3n Ambiental de los Estados Unidos (EPA)<\/strong> en <a class=\"decorated-link cursor-pointer\" target=\"_new\" rel=\"noopener\" data-start=\"7996\" data-end=\"8021\">https:\/\/www.epa.gov\/water<\/a>. Informaci\u00f3n adicional sobre la industria y mejores pr\u00e1cticas est\u00e1n disponibles a trav\u00e9s de <strong data-start=\"8096\" data-end=\"8134\">Federaci\u00f3n del Medio Ambiente del Agua (FEM)<\/strong> en <a class=\"decorated-link\" href=\"https:\/\/www.wef.org\/\" target=\"_new\" rel=\"noopener\" data-start=\"8138\" data-end=\"8158\">https:\/\/www.wef.org\/<\/a>.<\/p>\n<hr data-start=\"8161\" data-end=\"8164\" \/>\n<h2 data-start=\"8166\" data-end=\"8208\">Por qu\u00e9 las instalaciones de Chicago eligen Sentrimax<\/h2>\n<p data-start=\"8210\" data-end=\"8569\">Los productores de etanol de Chicago eligen a Sentrimax para la reparaci\u00f3n de centr\u00edfugas de etanol por su experiencia t\u00e9cnica, sus experimentados equipos de servicio en campo y su compromiso con la calidad. Los t\u00e9cnicos de Sentrimax combinan su experiencia mec\u00e1nica con la pr\u00e1ctica en campo, ayudando a las instalaciones a diagnosticar problemas complejos, implementar reparaciones efectivas y proteger activos cr\u00edticos.<\/p>\n<p data-start=\"8571\" data-end=\"8917\">La comunicaci\u00f3n clara y la documentaci\u00f3n detallada son el sello distintivo de cada proyecto de reparaci\u00f3n. Las instalaciones reciben informes completos que describen los hallazgos del diagn\u00f3stico, las medidas correctivas adoptadas, las piezas sustituidas y las recomendaciones para la planificaci\u00f3n del mantenimiento futuro. Esta informaci\u00f3n facilita la toma de decisiones informada y las estrategias de gesti\u00f3n de activos a largo plazo.<\/p>\n<p data-start=\"8919\" data-end=\"9052\">Para obtener experiencia en servicios relacionados con aplicaciones centr\u00edfugas industriales y de aguas residuales, consulte <a class=\"decorated-link cursor-pointer\" target=\"_new\" rel=\"noopener\" data-start=\"9007\" data-end=\"9051\">https:\/\/sentrimax.com\/industries\/wastewater\/<\/a>.<\/p>\n<hr data-start=\"9054\" data-end=\"9057\" \/>\n<h2 data-start=\"9059\" data-end=\"9107\">Soporte integral desde la evaluaci\u00f3n hasta la puesta en marcha<\/h2>\n<p data-start=\"9109\" data-end=\"9179\">El modelo de servicio de Sentrimax se extiende m\u00e1s all\u00e1 de la reparaci\u00f3n mec\u00e1nica para incluir:<\/p>\n<ul data-start=\"9181\" data-end=\"9406\">\n<li data-start=\"9181\" data-end=\"9227\">\n<p data-start=\"9183\" data-end=\"9227\">Coordinaci\u00f3n de aparejos y remoci\u00f3n de equipos<\/p>\n<\/li>\n<li data-start=\"9228\" data-end=\"9280\">\n<p data-start=\"9230\" data-end=\"9280\">Alineaci\u00f3n de precisi\u00f3n y verificaci\u00f3n dimensional<\/p>\n<\/li>\n<li data-start=\"9281\" data-end=\"9323\">\n<p data-start=\"9283\" data-end=\"9323\">Soporte de reinstalaci\u00f3n y calibraci\u00f3n<\/p>\n<\/li>\n<li data-start=\"9324\" data-end=\"9369\">\n<p data-start=\"9326\" data-end=\"9369\">Asistencia en la puesta en marcha y puesta a punto operativa<\/p>\n<\/li>\n<li data-start=\"9370\" data-end=\"9406\">\n<p data-start=\"9372\" data-end=\"9406\">Evaluaci\u00f3n del desempe\u00f1o posterior a la reparaci\u00f3n<\/p>\n<\/li>\n<\/ul>\n<p data-start=\"9408\" data-end=\"9553\">Este enfoque integral garantiza que las centr\u00edfugas de etanol vuelvan a funcionar de manera confiable, eficiente y dentro de las especificaciones de dise\u00f1o.<\/p>\n<hr data-start=\"9555\" data-end=\"9558\" \/>\n<h2 data-start=\"9560\" data-end=\"9616\">Mejora continua mediante el monitoreo del desempe\u00f1o<\/h2>\n<p data-start=\"9618\" data-end=\"9918\">La confiabilidad a largo plazo depende de estrategias de mantenimiento basadas en datos. Sentrimax ayuda a las instalaciones a monitorear indicadores clave de rendimiento (como tendencias de vibraci\u00f3n, perfiles de torque y datos de desgaste) a lo largo del tiempo para anticipar las necesidades de servicio, optimizar la planificaci\u00f3n del mantenimiento y reducir el costo total de propiedad.<\/p>\n<hr data-start=\"9920\" data-end=\"9923\" \/>\n<h2 data-start=\"9925\" data-end=\"9984\">Solicite servicios de reparaci\u00f3n de centr\u00edfugas de etanol en Chicago, IL<\/h2>\n<p data-start=\"9986\" data-end=\"10357\">Cuando se requieren servicios expertos de reparaci\u00f3n de centr\u00edfugas de etanol en <strong data-start=\"10049\" data-end=\"10064\">Chicago, Illinois<\/strong>, Las instalaciones conf\u00edan en Sentrimax para obtener experiencia confiable, soporte t\u00e9cnico r\u00e1pido y resultados profesionales. Ya sea para solucionar fallas urgentes, planificar mantenimiento preventivo o reconstrucciones completas, Sentrimax ofrece soluciones dise\u00f1adas para mantener el rendimiento confiable y eficiente de sus centr\u00edfugas.<\/p>\n<p data-start=\"10359\" data-end=\"10413\"><strong data-start=\"10359\" data-end=\"10413\"><a class=\"decorated-link\" href=\"https:\/\/sentrimax.com\/es\/contact\/\" target=\"_new\" rel=\"noopener\" data-start=\"10361\" data-end=\"10411\">\u00a1Solicita una cotizaci\u00f3n!<\/a><\/strong><\/p>","protected":false},"excerpt":{"rendered":"<p>Sentrimax provides professional ethanol centrifuge repair services for industrial ethanol production facilities and process plants throughout Chicago, Illinois. Ethanol centrifuges are critical pieces of equipment in fuel and beverage ethanol applications, used to separate solids, yeast, and other particulates from liquid streams. When these machines experience vibration, bearing wear, seal failure, or declining performance, prompt [&hellip;]<\/p>\n","protected":false},"author":3,"featured_media":0,"parent":0,"menu_order":0,"comment_status":"closed","ping_status":"closed","template":"seo-page-template.php","meta":{"_acf_changed":false,"inline_featured_image":false,"footnotes":""},"class_list":["post-2323","page","type-page","status-publish","hentry"],"acf":[],"_links":{"self":[{"href":"https:\/\/sentrimax.com\/es\/wp-json\/wp\/v2\/pages\/2323","targetHints":{"allow":["GET"]}}],"collection":[{"href":"https:\/\/sentrimax.com\/es\/wp-json\/wp\/v2\/pages"}],"about":[{"href":"https:\/\/sentrimax.com\/es\/wp-json\/wp\/v2\/types\/page"}],"author":[{"embeddable":true,"href":"https:\/\/sentrimax.com\/es\/wp-json\/wp\/v2\/users\/3"}],"replies":[{"embeddable":true,"href":"https:\/\/sentrimax.com\/es\/wp-json\/wp\/v2\/comments?post=2323"}],"version-history":[{"count":1,"href":"https:\/\/sentrimax.com\/es\/wp-json\/wp\/v2\/pages\/2323\/revisions"}],"predecessor-version":[{"id":2504,"href":"https:\/\/sentrimax.com\/es\/wp-json\/wp\/v2\/pages\/2323\/revisions\/2504"}],"wp:attachment":[{"href":"https:\/\/sentrimax.com\/es\/wp-json\/wp\/v2\/media?parent=2323"}],"curies":[{"name":"wp","href":"https:\/\/api.w.org\/{rel}","templated":true}]}}