{"id":2324,"date":"2026-01-07T17:22:21","date_gmt":"2026-01-07T17:22:21","guid":{"rendered":"https:\/\/sentrimax.com\/?page_id=2324"},"modified":"2026-04-21T21:14:17","modified_gmt":"2026-04-21T21:14:17","slug":"ethanol-decanter-centrifuge-service-in-minneapolis-mn","status":"publish","type":"page","link":"https:\/\/sentrimax.com\/es\/ethanol-decanter-centrifuge-service-in-minneapolis-mn\/","title":{"rendered":"Servicio de centr\u00edfuga decantadora de etanol en Minneapolis, MN"},"content":{"rendered":"<p data-start=\"323\" data-end=\"844\"><img fetchpriority=\"high\" decoding=\"async\" class=\"aligncenter size-full wp-image-1755\" src=\"https:\/\/sentrimax.com\/wp-content\/uploads\/2025\/05\/c1a73b_185d4207a8124e03a73ad40a18f5bc0amv2-1536x1152-1-e1761192038637.webp\" alt=\"\" width=\"957\" height=\"718\" \/><\/p>\n<p data-start=\"323\" data-end=\"844\">Sentrimax ofrece un servicio profesional de centr\u00edfuga decantadora de etanol para instalaciones de producci\u00f3n de etanol industrial y plantas de proceso en todo el pa\u00eds. <strong data-start=\"466\" data-end=\"492\">Minneapolis, Minnesota<\/strong>. Las centr\u00edfugas decantadoras de etanol son esenciales para la separaci\u00f3n de s\u00f3lidos y l\u00edquidos a alta velocidad en la fabricaci\u00f3n de etanol para combustibles y bebidas. Cuando estas m\u00e1quinas experimentan vibraciones, disminuci\u00f3n del rendimiento, problemas con los rodamientos o sellos, o un rendimiento reducido, un servicio oportuno y experto es fundamental para proteger la continuidad de la producci\u00f3n, la calidad del producto y la rentabilidad.<\/p>\n<p data-start=\"846\" data-end=\"1334\">Con d\u00e9cadas de experiencia en el servicio de equipos de separaci\u00f3n de alta velocidad, <strong data-start=\"916\" data-end=\"929\">Sentrimax<\/strong> Ofrece inspecci\u00f3n integral, diagn\u00f3sticos precisos, reparaciones mec\u00e1nicas de precisi\u00f3n, planificaci\u00f3n de mantenimiento preventivo y soluciones de reconstrucci\u00f3n adaptadas a las exigentes condiciones operativas de la producci\u00f3n de etanol. Ya sea para atender una necesidad urgente de reparaci\u00f3n o planificar mantenimiento programado o actualizaciones, Sentrimax ayuda a las instalaciones de Minneapolis a mantener el rendimiento confiable de las centr\u00edfugas y a prolongar su vida \u00fatil.<\/p>\n<hr data-start=\"1336\" data-end=\"1339\" \/>\n<h2 data-start=\"1341\" data-end=\"1403\">Apoyo a las operaciones de producci\u00f3n de etanol en Minneapolis<\/h2>\n<p data-start=\"1405\" data-end=\"1933\">Centr\u00edfugas decantadoras de etanol en el <strong data-start=\"1441\" data-end=\"1474\">\u00c1rea metropolitana de Minneapolis<\/strong> Desempe\u00f1an un papel vital en la eficiente eliminaci\u00f3n de s\u00f3lidos y la clarificaci\u00f3n de l\u00edquidos. Estas m\u00e1quinas operan en condiciones dif\u00edciles, a menudo con levaduras, prote\u00ednas y otras part\u00edculas que pueden acelerar el desgaste de cojinetes, sellos, espirales, transportadores y componentes de la caja de engranajes. Cuando surgen problemas de rendimiento, como vibraciones, acumulaci\u00f3n de calor, fugas en los sellos o disminuci\u00f3n de la claridad, se necesitan t\u00e9cnicos experimentados en centr\u00edfugas para diagnosticar y corregir los problemas subyacentes.<\/p>\n<p data-start=\"1935\" data-end=\"2282\">Sentrimax ofrece un servicio de campo eficiente en todo Minneapolis y la regi\u00f3n circundante, llevando experiencia pr\u00e1ctica y herramientas de diagn\u00f3stico directamente a sus instalaciones. Los t\u00e9cnicos se coordinan con los equipos de mantenimiento para evaluar el estado de las m\u00e1quinas, determinar las causas ra\u00edz e implementar reparaciones que se ajusten a los cronogramas de producci\u00f3n y las pr\u00e1cticas de seguridad.<\/p>\n<p data-start=\"2284\" data-end=\"2402\">Para obtener capacidades completas de servicio de centr\u00edfugas en m\u00faltiples industrias, consulte <a class=\"decorated-link cursor-pointer\" target=\"_new\" rel=\"noopener\" data-start=\"2361\" data-end=\"2401\">https:\/\/sentrimax.com\/centrifuge-repair\/<\/a>.<\/p>\n<hr data-start=\"2404\" data-end=\"2407\" \/>\n<h2 data-start=\"2409\" data-end=\"2472\">Por qu\u00e9 es importante el mantenimiento profesional de la centr\u00edfuga decantadora de etanol<\/h2>\n<p data-start=\"2474\" data-end=\"3018\">Las centr\u00edfugas decantadoras de etanol son m\u00e1quinas de precisi\u00f3n que operan a altas velocidades de rotaci\u00f3n con tolerancias mec\u00e1nicas estrictas. Reparaciones inadecuadas, diagn\u00f3sticos incompletos o piezas no compatibles pueden dejar problemas subyacentes sin resolver, lo que provoca vibraciones recurrentes, desequilibrio, desgaste prematuro, reducci\u00f3n de la eficiencia de separaci\u00f3n y tiempos de inactividad imprevistos. Los t\u00e9cnicos de Sentrimax utilizan procedimientos documentados y las mejores pr\u00e1cticas reconocidas por la industria para garantizar que las reparaciones aborden tanto los s\u00edntomas visibles como las causas ra\u00edz, como la desalineaci\u00f3n, la falla de la lubricaci\u00f3n o el desequilibrio.<\/p>\n<p data-start=\"3020\" data-end=\"3144\">Un servicio completo ayuda a los productores de etanol a mejorar la confiabilidad de las m\u00e1quinas, proteger la calidad del producto y reducir las fallas repetidas.<\/p>\n<hr data-start=\"3146\" data-end=\"3149\" \/>\n<h2 data-start=\"3151\" data-end=\"3213\">Servicios integrales de centr\u00edfugas decantadoras de etanol<\/h2>\n<p data-start=\"3215\" data-end=\"3382\">Sentrimax ofrece una gama completa de soluciones de servicio de centr\u00edfugas decantadoras de etanol dise\u00f1adas para respaldar las instalaciones de Minneapolis en todas las etapas de mantenimiento y reparaci\u00f3n:<\/p>\n<ul data-start=\"3384\" data-end=\"3894\">\n<li data-start=\"3384\" data-end=\"3447\">\n<p data-start=\"3386\" data-end=\"3447\"><strong data-start=\"3386\" data-end=\"3445\">Inspecci\u00f3n mec\u00e1nica y evaluaci\u00f3n detallada del estado<\/strong><\/p>\n<\/li>\n<li data-start=\"3448\" data-end=\"3499\">\n<p data-start=\"3450\" data-end=\"3499\"><strong data-start=\"3450\" data-end=\"3497\">Diagn\u00f3stico de fallas y an\u00e1lisis de causa ra\u00edz<\/strong><\/p>\n<\/li>\n<li data-start=\"3500\" data-end=\"3561\">\n<p data-start=\"3502\" data-end=\"3561\"><strong data-start=\"3502\" data-end=\"3559\">Extracci\u00f3n, sustituci\u00f3n y alineaci\u00f3n de precisi\u00f3n de cojinetes<\/strong><\/p>\n<\/li>\n<li data-start=\"3562\" data-end=\"3621\">\n<p data-start=\"3564\" data-end=\"3621\"><strong data-start=\"3564\" data-end=\"3619\">Inspecci\u00f3n y reparaci\u00f3n de cuencos, espirales, transportadores y tornillos<\/strong><\/p>\n<\/li>\n<li data-start=\"3622\" data-end=\"3682\">\n<p data-start=\"3624\" data-end=\"3682\"><strong data-start=\"3624\" data-end=\"3680\">Inspecci\u00f3n, reconstrucci\u00f3n y verificaci\u00f3n de torque de la caja de cambios<\/strong><\/p>\n<\/li>\n<li data-start=\"3683\" data-end=\"3726\">\n<p data-start=\"3685\" data-end=\"3726\"><strong data-start=\"3685\" data-end=\"3724\">Equilibrado din\u00e1mico seg\u00fan tolerancias OEM<\/strong><\/p>\n<\/li>\n<li data-start=\"3727\" data-end=\"3780\">\n<p data-start=\"3729\" data-end=\"3780\"><strong data-start=\"3729\" data-end=\"3778\">Reemplazo de sellos y protecci\u00f3n mejorada contra el desgaste<\/strong><\/p>\n<\/li>\n<li data-start=\"3781\" data-end=\"3840\">\n<p data-start=\"3783\" data-end=\"3840\"><strong data-start=\"3783\" data-end=\"3838\">Soporte para resoluci\u00f3n de problemas de control e instrumentaci\u00f3n<\/strong><\/p>\n<\/li>\n<li data-start=\"3841\" data-end=\"3894\">\n<p data-start=\"3843\" data-end=\"3894\"><strong data-start=\"3843\" data-end=\"3894\">Verificaci\u00f3n del rendimiento y asistencia en la puesta en marcha<\/strong><\/p>\n<\/li>\n<\/ul>\n<p data-start=\"3896\" data-end=\"4183\">Cada tarea de servicio sigue procedimientos documentados, alineados con los est\u00e1ndares de equipos originales y las mejores pr\u00e1cticas de la industria. Los t\u00e9cnicos eval\u00faan el sistema mec\u00e1nico completo, no solo los s\u00edntomas visibles, para ofrecer soluciones duraderas que mejoran el tiempo de funcionamiento y la confianza en el rendimiento de la centr\u00edfuga.<\/p>\n<hr data-start=\"4185\" data-end=\"4188\" \/>\n<h2 data-start=\"4190\" data-end=\"4239\">Servicio de campo y soporte in situ en Minnesota<\/h2>\n<p data-start=\"4241\" data-end=\"4562\">Cuando surgen problemas con las centr\u00edfugas decantadoras, es fundamental contar con un soporte t\u00e9cnico r\u00e1pido y preciso en campo. Sentrimax ofrece un servicio in situ eficaz en toda la regi\u00f3n de Minneapolis, con t\u00e9cnicos cualificados y herramientas de diagn\u00f3stico para evaluar las m\u00e1quinas en condiciones reales de funcionamiento. El servicio in situ ofrece varias ventajas:<\/p>\n<ul data-start=\"4564\" data-end=\"4806\">\n<li data-start=\"4564\" data-end=\"4625\">\n<p data-start=\"4566\" data-end=\"4625\">Observaci\u00f3n directa del comportamiento de la m\u00e1quina bajo carga de proceso<\/p>\n<\/li>\n<li data-start=\"4626\" data-end=\"4677\">\n<p data-start=\"4628\" data-end=\"4677\">Soluci\u00f3n de problemas inmediata y acci\u00f3n correctiva<\/p>\n<\/li>\n<li data-start=\"4678\" data-end=\"4724\">\n<p data-start=\"4680\" data-end=\"4724\">Reducci\u00f3n de la necesidad de transporte costoso fuera del sitio<\/p>\n<\/li>\n<li data-start=\"4725\" data-end=\"4806\">\n<p data-start=\"4727\" data-end=\"4806\">Colaboraci\u00f3n con el personal de las instalaciones para programar el servicio seg\u00fan las necesidades de producci\u00f3n.<\/p>\n<\/li>\n<\/ul>\n<p data-start=\"4808\" data-end=\"4894\">Los t\u00e9cnicos de campo ayudan a minimizar las interrupciones y acelerar los plazos de retorno al servicio.<\/p>\n<hr data-start=\"4896\" data-end=\"4899\" \/>\n<h2 data-start=\"4901\" data-end=\"4946\">Reparaciones de precisi\u00f3n con piezas de alta calidad<\/h2>\n<p data-start=\"4948\" data-end=\"5160\">El \u00e9xito del servicio de centr\u00edfugas depende de la calidad de las piezas de repuesto instaladas durante la reparaci\u00f3n. Sentrimax suministra componentes de repuesto con calidad OEM y equivalentes para centr\u00edfugas decantadoras de etanol, entre ellos:<\/p>\n<ul data-start=\"5162\" data-end=\"5415\">\n<li data-start=\"5162\" data-end=\"5197\">\n<p data-start=\"5164\" data-end=\"5197\">Cojinetes y conjuntos de cojinetes<\/p>\n<\/li>\n<li data-start=\"5198\" data-end=\"5232\">\n<p data-start=\"5200\" data-end=\"5232\">Sellos, juntas y anillos de desgaste<\/p>\n<\/li>\n<li data-start=\"5233\" data-end=\"5285\">\n<p data-start=\"5235\" data-end=\"5285\">Desplazamientos, transportadores y elementos giratorios<\/p>\n<\/li>\n<li data-start=\"5286\" data-end=\"5338\">\n<p data-start=\"5288\" data-end=\"5338\">Componentes de la caja de cambios y piezas de transmisi\u00f3n de par<\/p>\n<\/li>\n<li data-start=\"5339\" data-end=\"5377\">\n<p data-start=\"5341\" data-end=\"5377\">Conjuntos de cuenco, cubo y giratorios<\/p>\n<\/li>\n<li data-start=\"5378\" data-end=\"5415\">\n<p data-start=\"5380\" data-end=\"5415\">Kits de sujetadores y herrajes de servicio<\/p>\n<\/li>\n<\/ul>\n<p data-start=\"5417\" data-end=\"5603\">Todas las piezas se inspeccionan para comprobar la precisi\u00f3n dimensional, la integridad del material y la compatibilidad antes de la instalaci\u00f3n para garantizar un rendimiento confiable en el exigente servicio de separaci\u00f3n de etanol.<\/p>\n<p data-start=\"5605\" data-end=\"5731\">Para obtener informaci\u00f3n detallada sobre los componentes de reemplazo y el soporte de piezas disponibles, visite <a class=\"decorated-link cursor-pointer\" target=\"_new\" rel=\"noopener\" data-start=\"5691\" data-end=\"5730\">https:\/\/sentrimax.com\/centrifuge-parts\/<\/a>.<\/p>\n<hr data-start=\"5733\" data-end=\"5736\" \/>\n<h2 data-start=\"5738\" data-end=\"5789\">Servicios de reconstrucci\u00f3n completos para una m\u00e1xima prolongaci\u00f3n de la vida \u00fatil<\/h2>\n<p data-start=\"5791\" data-end=\"5978\">Para centr\u00edfugas con desgaste avanzado o pr\u00f3ximas al final de su vida \u00fatil, Sentrimax ofrece servicios completos de reconstrucci\u00f3n que las dejan pr\u00e1cticamente como nuevas. Una reconstrucci\u00f3n t\u00edpica incluye:<\/p>\n<ul data-start=\"5980\" data-end=\"6233\">\n<li data-start=\"5980\" data-end=\"6013\">\n<p data-start=\"5982\" data-end=\"6013\">Desmontaje completo y limpieza<\/p>\n<\/li>\n<li data-start=\"6014\" data-end=\"6067\">\n<p data-start=\"6016\" data-end=\"6067\">Inspecci\u00f3n y restauraci\u00f3n de tolerancias cr\u00edticas<\/p>\n<\/li>\n<li data-start=\"6068\" data-end=\"6102\">\n<p data-start=\"6070\" data-end=\"6102\">Sustituci\u00f3n de componentes desgastados<\/p>\n<\/li>\n<li data-start=\"6103\" data-end=\"6146\">\n<p data-start=\"6105\" data-end=\"6146\">Mecanizado de precisi\u00f3n para ajuste y equilibrio.<\/p>\n<\/li>\n<li data-start=\"6147\" data-end=\"6191\">\n<p data-start=\"6149\" data-end=\"6191\">Equilibrado din\u00e1mico de conjuntos rotatorios<\/p>\n<\/li>\n<li data-start=\"6192\" data-end=\"6233\">\n<p data-start=\"6194\" data-end=\"6233\">Reensamblaje y verificaci\u00f3n del rendimiento<\/p>\n<\/li>\n<\/ul>\n<p data-start=\"6235\" data-end=\"6392\">Los proyectos de reconstrucci\u00f3n se planifican en coordinaci\u00f3n con los equipos de las instalaciones para alinearse con las paradas programadas y minimizar el impacto en la producci\u00f3n mientras se extiende la vida \u00fatil.<\/p>\n<hr data-start=\"6394\" data-end=\"6397\" \/>\n<h2 data-start=\"6399\" data-end=\"6447\">Mantenimiento preventivo para mejorar la confiabilidad<\/h2>\n<p data-start=\"6449\" data-end=\"6743\">Las reparaciones reactivas son costosas en piezas, mano de obra y p\u00e9rdida de tiempo de producci\u00f3n. El mantenimiento preventivo ayuda a los productores de etanol a detectar problemas emergentes antes de que se conviertan en fallas. Sentrimax colabora con las instalaciones de Minneapolis para desarrollar planes de mantenimiento preventivo a medida que pueden incluir:<\/p>\n<ul data-start=\"6745\" data-end=\"7062\">\n<li data-start=\"6745\" data-end=\"6802\">\n<p data-start=\"6747\" data-end=\"6802\">Inspecciones mec\u00e1nicas de rutina y seguimiento del estado<\/p>\n<\/li>\n<li data-start=\"6803\" data-end=\"6846\">\n<p data-start=\"6805\" data-end=\"6846\">An\u00e1lisis de vibraciones y seguimiento de tendencias<\/p>\n<\/li>\n<li data-start=\"6847\" data-end=\"6900\">\n<p data-start=\"6849\" data-end=\"6900\">Muestreo de aceite y evaluaci\u00f3n del estado de lubricaci\u00f3n<\/p>\n<\/li>\n<li data-start=\"6901\" data-end=\"6965\">\n<p data-start=\"6903\" data-end=\"6965\">Medici\u00f3n del desgaste en cojinetes, sellos y componentes cr\u00edticos<\/p>\n<\/li>\n<li data-start=\"6966\" data-end=\"7010\">\n<p data-start=\"6968\" data-end=\"7010\">Reemplazo programado de piezas de alto desgaste<\/p>\n<\/li>\n<li data-start=\"7011\" data-end=\"7062\">\n<p data-start=\"7013\" data-end=\"7062\">Comprobaciones de alineaci\u00f3n y verificaci\u00f3n del equilibrio din\u00e1mico<\/p>\n<\/li>\n<\/ul>\n<p data-start=\"7064\" data-end=\"7226\">Al planificar el mantenimiento en funci\u00f3n de datos operativos en lugar de fallas, las instalaciones pueden mejorar el tiempo de actividad, reducir las reparaciones de emergencia y optimizar los presupuestos de mantenimiento.<\/p>\n<hr data-start=\"7228\" data-end=\"7231\" \/>\n<h2 data-start=\"7233\" data-end=\"7284\">Apoyo a la calidad del producto y los objetivos operativos<\/h2>\n<p data-start=\"7286\" data-end=\"7648\">El rendimiento de la centr\u00edfuga decantadora de etanol influye directamente en la claridad del producto, la eficiencia del manejo de s\u00f3lidos y la estabilidad del proceso. Un rendimiento de separaci\u00f3n deficiente puede generar problemas de calidad del producto, un mayor volumen de residuos transportados y costos operativos elevados. Un servicio oportuno ayuda a las instalaciones a mantener resultados de separaci\u00f3n consistentes que respaldan los objetivos operativos.<\/p>\n<p data-start=\"7650\" data-end=\"7996\">Para obtener orientaci\u00f3n regulatoria y operativa adicional relacionada con las aguas residuales y los procesos de separaci\u00f3n, los operadores pueden consultar <strong data-start=\"7777\" data-end=\"7823\">Agencia de Protecci\u00f3n Ambiental de los Estados Unidos (EPA)<\/strong> en <a class=\"decorated-link cursor-pointer\" target=\"_new\" rel=\"noopener\" data-start=\"7827\" data-end=\"7852\">https:\/\/www.epa.gov\/water<\/a>. Las mejores pr\u00e1cticas de la industria y los est\u00e1ndares t\u00e9cnicos tambi\u00e9n est\u00e1n disponibles a trav\u00e9s de <strong data-start=\"7933\" data-end=\"7971\">Federaci\u00f3n del Medio Ambiente del Agua (FEM)<\/strong> en <a class=\"decorated-link\" href=\"https:\/\/www.wef.org\/\" target=\"_new\" rel=\"noopener\" data-start=\"7975\" data-end=\"7995\">https:\/\/www.wef.org\/<\/a>.<\/p>\n<hr data-start=\"7998\" data-end=\"8001\" \/>\n<h2 data-start=\"8003\" data-end=\"8049\">Por qu\u00e9 las instalaciones de Minneapolis eligen Sentrimax<\/h2>\n<p data-start=\"8051\" data-end=\"8451\">Los productores de etanol de Minneapolis eligen Sentrimax para el servicio de centr\u00edfugas decantadoras de etanol por su combinaci\u00f3n de experiencia t\u00e9cnica, soporte de campo \u00e1gil y compromiso con la calidad. Los t\u00e9cnicos aportan conocimientos mec\u00e1nicos y experiencia pr\u00e1ctica en cada servicio, ayudando a las instalaciones a diagnosticar problemas complejos, implementar reparaciones efectivas y proteger activos cr\u00edticos.<\/p>\n<p data-start=\"8453\" data-end=\"8804\">Una comunicaci\u00f3n clara y una documentaci\u00f3n detallada son aspectos clave de cada intervenci\u00f3n de servicio. Las instalaciones reciben informes completos que describen los hallazgos del diagn\u00f3stico, las acciones correctivas, los componentes reemplazados y las recomendaciones para la planificaci\u00f3n del mantenimiento futuro. Esta informaci\u00f3n facilita la toma de decisiones informada y las estrategias de gesti\u00f3n de activos a largo plazo.<\/p>\n<p data-start=\"8806\" data-end=\"8939\">Para obtener experiencia en servicios relacionados con aplicaciones centr\u00edfugas industriales y de aguas residuales, consulte <a class=\"decorated-link cursor-pointer\" target=\"_new\" rel=\"noopener\" data-start=\"8894\" data-end=\"8938\">https:\/\/sentrimax.com\/industries\/wastewater\/<\/a>.<\/p>\n<hr data-start=\"8941\" data-end=\"8944\" \/>\n<h2 data-start=\"8946\" data-end=\"8994\">Soporte integral desde la inspecci\u00f3n hasta la puesta en marcha<\/h2>\n<p data-start=\"8996\" data-end=\"9066\">El modelo de servicio de Sentrimax se extiende m\u00e1s all\u00e1 de la reparaci\u00f3n mec\u00e1nica para incluir:<\/p>\n<ul data-start=\"9068\" data-end=\"9294\">\n<li data-start=\"9068\" data-end=\"9114\">\n<p data-start=\"9070\" data-end=\"9114\">Coordinaci\u00f3n de aparejos y remoci\u00f3n de equipos<\/p>\n<\/li>\n<li data-start=\"9115\" data-end=\"9167\">\n<p data-start=\"9117\" data-end=\"9167\">Alineaci\u00f3n de precisi\u00f3n y verificaci\u00f3n dimensional<\/p>\n<\/li>\n<li data-start=\"9168\" data-end=\"9213\">\n<p data-start=\"9170\" data-end=\"9213\">Asistencia para reinstalaci\u00f3n y calibraci\u00f3n<\/p>\n<\/li>\n<li data-start=\"9214\" data-end=\"9256\">\n<p data-start=\"9216\" data-end=\"9256\">Soporte de puesta en marcha y puesta a punto operativa<\/p>\n<\/li>\n<li data-start=\"9257\" data-end=\"9294\">\n<p data-start=\"9259\" data-end=\"9294\">Evaluaci\u00f3n del desempe\u00f1o posterior al servicio<\/p>\n<\/li>\n<\/ul>\n<p data-start=\"9296\" data-end=\"9445\">Este enfoque integral garantiza que las centr\u00edfugas decantadoras de etanol vuelvan a funcionar de manera confiable, eficiente y dentro de las especificaciones de dise\u00f1o.<\/p>\n<hr data-start=\"9447\" data-end=\"9450\" \/>\n<h2 data-start=\"9452\" data-end=\"9508\">Mejora continua mediante el monitoreo del desempe\u00f1o<\/h2>\n<p data-start=\"9510\" data-end=\"9810\">La confiabilidad a largo plazo depende de estrategias de mantenimiento basadas en datos. Sentrimax ayuda a las instalaciones a monitorear indicadores de rendimiento \u2014como tendencias de vibraci\u00f3n, perfiles de torque y patrones de desgaste\u2014 a lo largo del tiempo para anticipar las necesidades de servicio, optimizar la planificaci\u00f3n del mantenimiento y reducir el costo total de propiedad.<\/p>\n<hr data-start=\"9812\" data-end=\"9815\" \/>\n<h2 data-start=\"9817\" data-end=\"9881\">Solicitar servicio de centr\u00edfuga decantadora de etanol en Minneapolis, MN<\/h2>\n<p data-start=\"9883\" data-end=\"10262\">Cuando se necesita un servicio de centr\u00edfuga decantadora de etanol profesional en <strong data-start=\"9950\" data-end=\"9969\">Minneapolis, Minnesota<\/strong>, Las instalaciones conf\u00edan en Sentrimax para obtener experiencia confiable, soporte t\u00e9cnico r\u00e1pido y resultados profesionales. Ya sea para solucionar fallas urgentes, planificar mantenimiento preventivo o reconstrucciones completas, Sentrimax ofrece soluciones dise\u00f1adas para mantener el rendimiento confiable y eficiente de sus centr\u00edfugas.<\/p>\n<p data-start=\"10264\" data-end=\"10318\"><strong data-start=\"10264\" data-end=\"10318\"><a class=\"decorated-link\" href=\"https:\/\/sentrimax.com\/es\/contact\/\" target=\"_new\" rel=\"noopener\" data-start=\"10266\" data-end=\"10316\">\u00a1Solicita una cotizaci\u00f3n!<\/a><\/strong><\/p>","protected":false},"excerpt":{"rendered":"<p>Sentrimax provides professional ethanol decanter centrifuge service for industrial ethanol production facilities and process plants throughout Minneapolis, Minnesota. Ethanol decanter centrifuges are essential to high-speed solids-liquid separation in both fuel and beverage ethanol manufacturing. When these machines experience vibration, decreased throughput, bearing or seal issues, or reduced performance, timely and expert service is critical to [&hellip;]<\/p>\n","protected":false},"author":3,"featured_media":0,"parent":0,"menu_order":0,"comment_status":"closed","ping_status":"closed","template":"seo-page-template.php","meta":{"_acf_changed":false,"inline_featured_image":false,"footnotes":""},"class_list":["post-2324","page","type-page","status-publish","hentry"],"acf":[],"_links":{"self":[{"href":"https:\/\/sentrimax.com\/es\/wp-json\/wp\/v2\/pages\/2324","targetHints":{"allow":["GET"]}}],"collection":[{"href":"https:\/\/sentrimax.com\/es\/wp-json\/wp\/v2\/pages"}],"about":[{"href":"https:\/\/sentrimax.com\/es\/wp-json\/wp\/v2\/types\/page"}],"author":[{"embeddable":true,"href":"https:\/\/sentrimax.com\/es\/wp-json\/wp\/v2\/users\/3"}],"replies":[{"embeddable":true,"href":"https:\/\/sentrimax.com\/es\/wp-json\/wp\/v2\/comments?post=2324"}],"version-history":[{"count":1,"href":"https:\/\/sentrimax.com\/es\/wp-json\/wp\/v2\/pages\/2324\/revisions"}],"predecessor-version":[{"id":2503,"href":"https:\/\/sentrimax.com\/es\/wp-json\/wp\/v2\/pages\/2324\/revisions\/2503"}],"wp:attachment":[{"href":"https:\/\/sentrimax.com\/es\/wp-json\/wp\/v2\/media?parent=2324"}],"curies":[{"name":"wp","href":"https:\/\/api.w.org\/{rel}","templated":true}]}}