{"id":2325,"date":"2026-01-07T17:24:22","date_gmt":"2026-01-07T17:24:22","guid":{"rendered":"https:\/\/sentrimax.com\/?page_id=2325"},"modified":"2026-04-21T21:13:43","modified_gmt":"2026-04-21T21:13:43","slug":"fuel-ethanol-centrifuge-repair-in-omaha-ne","status":"publish","type":"page","link":"https:\/\/sentrimax.com\/es\/fuel-ethanol-centrifuge-repair-in-omaha-ne\/","title":{"rendered":"Reparaci\u00f3n de centr\u00edfugas de etanol en Omaha, NE"},"content":{"rendered":"<p data-start=\"304\" data-end=\"826\"><img fetchpriority=\"high\" decoding=\"async\" class=\"aligncenter size-full wp-image-1618\" src=\"https:\/\/sentrimax.com\/wp-content\/uploads\/2025\/07\/Pharmaceuticals.png\" alt=\"\" width=\"1536\" height=\"1024\" srcset=\"https:\/\/sentrimax.com\/wp-content\/uploads\/2025\/07\/Pharmaceuticals.png 1536w, https:\/\/sentrimax.com\/wp-content\/uploads\/2025\/07\/Pharmaceuticals-300x200.png 300w, https:\/\/sentrimax.com\/wp-content\/uploads\/2025\/07\/Pharmaceuticals-1024x683.png 1024w, https:\/\/sentrimax.com\/wp-content\/uploads\/2025\/07\/Pharmaceuticals-768x512.png 768w, https:\/\/sentrimax.com\/wp-content\/uploads\/2025\/07\/Pharmaceuticals-600x400.png 600w\" sizes=\"(max-width: 1536px) 100vw, 1536px\" \/><\/p>\n<p data-start=\"304\" data-end=\"826\">Sentrimax ofrece servicios profesionales <strong data-start=\"336\" data-end=\"370\">Reparaci\u00f3n de centr\u00edfugas de etanol combustible<\/strong> Servicios para instalaciones de producci\u00f3n de etanol y plantas de proceso en todo el pa\u00eds. <strong data-start=\"444\" data-end=\"463\">Omaha, Nebraska<\/strong>. Las centr\u00edfugas de etanol combustible son fundamentales para separar s\u00f3lidos, desde part\u00edculas de levadura y ma\u00edz hasta otras impurezas, durante la producci\u00f3n. Cuando estas m\u00e1quinas experimentan una disminuci\u00f3n del rendimiento, vibraci\u00f3n excesiva, fugas en los sellos o fallas mec\u00e1nicas, las instalaciones necesitan un servicio t\u00e9cnico especializado para evitar tiempos de inactividad prolongados, proteger la calidad del producto y mantener la productividad.<\/p>\n<p data-start=\"828\" data-end=\"1245\">Con d\u00e9cadas de experiencia en el servicio de equipos de separaci\u00f3n de alta velocidad, <strong data-start=\"898\" data-end=\"911\">Sentrimax<\/strong> Ofrece diagn\u00f3sticos precisos, reparaciones mec\u00e1nicas de precisi\u00f3n, planificaci\u00f3n de mantenimiento preventivo y soluciones de reconstrucci\u00f3n adaptadas a las exigentes condiciones de operaci\u00f3n de las centr\u00edfugas de etanol. Ya sea para solucionar una falla urgente o un mantenimiento programado, Sentrimax ayuda a las instalaciones de Omaha a restaurar el rendimiento y prolongar la vida \u00fatil de los equipos.<\/p>\n<hr data-start=\"1247\" data-end=\"1250\" \/>\n<h2 data-start=\"1252\" data-end=\"1302\">Apoyo a la producci\u00f3n de etanol combustible en Omaha<\/h2>\n<p data-start=\"1304\" data-end=\"1818\">Centr\u00edfugas de etanol en el <strong data-start=\"1331\" data-end=\"1358\">\u00c1rea metropolitana de Omaha<\/strong> Apoyan etapas vitales de la producci\u00f3n de etanol combustible, donde la separaci\u00f3n eficiente de s\u00f3lidos y l\u00edquidos es esencial para el rendimiento, la calidad y el procesamiento posterior. La variabilidad de la alimentaci\u00f3n, el alto contenido de s\u00f3lidos y la operaci\u00f3n continua ejercen una presi\u00f3n significativa sobre los rodamientos, sellos, elementos transportadores, espirales y componentes de la caja de engranajes. Cuando se presentan problemas como picos de vibraci\u00f3n, fallas en los sellos, ruido anormal o reducci\u00f3n del rendimiento, es crucial contar con un servicio r\u00e1pido por parte de t\u00e9cnicos cualificados.<\/p>\n<p data-start=\"1820\" data-end=\"2158\">Sentrimax ofrece un servicio de campo eficiente en Omaha y la regi\u00f3n circundante, llevando t\u00e9cnicos con herramientas de diagn\u00f3stico especializadas directamente a sus instalaciones. La evaluaci\u00f3n in situ permite a los t\u00e9cnicos evaluar el estado de la m\u00e1quina bajo par\u00e1metros operativos reales, determinar las causas ra\u00edz e implementar medidas correctivas de manera eficaz.<\/p>\n<p data-start=\"2160\" data-end=\"2290\">Para servicios integrales de reparaci\u00f3n de centr\u00edfugas en otras aplicaciones y marcas, visite <a class=\"decorated-link cursor-pointer\" target=\"_new\" rel=\"noopener\" data-start=\"2249\" data-end=\"2289\">https:\/\/sentrimax.com\/centrifuge-repair\/<\/a>.<\/p>\n<hr data-start=\"2292\" data-end=\"2295\" \/>\n<h2 data-start=\"2297\" data-end=\"2355\">Por qu\u00e9 es importante la reparaci\u00f3n profesional de centr\u00edfugas de etanol<\/h2>\n<p data-start=\"2357\" data-end=\"2866\">Las centr\u00edfugas de etanol combustible son m\u00e1quinas de precisi\u00f3n que operan a altas velocidades en servicio continuo. Reparaciones inadecuadas, diagn\u00f3sticos incompletos o la instalaci\u00f3n de componentes incorrectos pueden dejar problemas subyacentes sin resolver, lo que provoca vibraciones recurrentes, desequilibrio, desgaste prematuro, disminuci\u00f3n de la eficiencia de separaci\u00f3n y tiempos de inactividad inesperados. Los t\u00e9cnicos de Sentrimax siguen procedimientos documentados y las mejores pr\u00e1cticas de la industria para garantizar que las reparaciones aborden tanto las fallas visibles como las causas profundas de la disminuci\u00f3n del rendimiento.<\/p>\n<p data-start=\"2868\" data-end=\"3032\">Al abordar las causas fundamentales, como la desalineaci\u00f3n, la falla de la lubricaci\u00f3n o el desequilibrio, Sentrimax ayuda a las instalaciones a mejorar la confiabilidad y mantener la producci\u00f3n seg\u00fan lo programado.<\/p>\n<hr data-start=\"3034\" data-end=\"3037\" \/>\n<h2 data-start=\"3039\" data-end=\"3095\">Servicios integrales de reparaci\u00f3n de centr\u00edfugas de etanol<\/h2>\n<p data-start=\"3097\" data-end=\"3242\">Sentrimax ofrece un conjunto completo de servicios de reparaci\u00f3n de centr\u00edfugas de etanol combustible dise\u00f1ados para respaldar las instalaciones de Omaha en cada etapa de necesidad de mantenimiento:<\/p>\n<ul data-start=\"3244\" data-end=\"3745\">\n<li data-start=\"3244\" data-end=\"3307\">\n<p data-start=\"3246\" data-end=\"3307\"><strong data-start=\"3246\" data-end=\"3305\">Inspecci\u00f3n mec\u00e1nica y evaluaci\u00f3n detallada del estado<\/strong><\/p>\n<\/li>\n<li data-start=\"3308\" data-end=\"3359\">\n<p data-start=\"3310\" data-end=\"3359\"><strong data-start=\"3310\" data-end=\"3357\">Diagn\u00f3stico de fallas y an\u00e1lisis de causa ra\u00edz<\/strong><\/p>\n<\/li>\n<li data-start=\"3360\" data-end=\"3421\">\n<p data-start=\"3362\" data-end=\"3421\"><strong data-start=\"3362\" data-end=\"3419\">Extracci\u00f3n, sustituci\u00f3n y alineaci\u00f3n de precisi\u00f3n de cojinetes<\/strong><\/p>\n<\/li>\n<li data-start=\"3422\" data-end=\"3481\">\n<p data-start=\"3424\" data-end=\"3481\"><strong data-start=\"3424\" data-end=\"3479\">Inspecci\u00f3n y reparaci\u00f3n de cuencos, espirales, transportadores y tornillos<\/strong><\/p>\n<\/li>\n<li data-start=\"3482\" data-end=\"3537\">\n<p data-start=\"3484\" data-end=\"3537\"><strong data-start=\"3484\" data-end=\"3535\">Inspecci\u00f3n, reconstrucci\u00f3n y prueba de torque de la caja de cambios<\/strong><\/p>\n<\/li>\n<li data-start=\"3538\" data-end=\"3581\">\n<p data-start=\"3540\" data-end=\"3581\"><strong data-start=\"3540\" data-end=\"3579\">Equilibrado din\u00e1mico seg\u00fan tolerancias OEM<\/strong><\/p>\n<\/li>\n<li data-start=\"3582\" data-end=\"3635\">\n<p data-start=\"3584\" data-end=\"3635\"><strong data-start=\"3584\" data-end=\"3633\">Reemplazo de sellos y mayor protecci\u00f3n contra el desgaste<\/strong><\/p>\n<\/li>\n<li data-start=\"3636\" data-end=\"3691\">\n<p data-start=\"3638\" data-end=\"3691\"><strong data-start=\"3638\" data-end=\"3689\">Soporte de diagn\u00f3stico de control e instrumentaci\u00f3n<\/strong><\/p>\n<\/li>\n<li data-start=\"3692\" data-end=\"3745\">\n<p data-start=\"3694\" data-end=\"3745\"><strong data-start=\"3694\" data-end=\"3745\">Verificaci\u00f3n del rendimiento y asistencia en la puesta en marcha<\/strong><\/p>\n<\/li>\n<\/ul>\n<p data-start=\"3747\" data-end=\"3980\">Cada servicio sigue procedimientos documentados, alineados con los est\u00e1ndares de equipo original y las mejores pr\u00e1cticas de la industria. Los t\u00e9cnicos analizan el sistema mec\u00e1nico completo, no solo los problemas superficiales, para brindar reparaciones duraderas y confiables.<\/p>\n<hr data-start=\"3982\" data-end=\"3985\" \/>\n<h2 data-start=\"3987\" data-end=\"4041\">Servicio r\u00e1pido de campo y soporte in situ en Nebraska<\/h2>\n<p data-start=\"4043\" data-end=\"4368\">Las fallas imprevistas de las centr\u00edfugas pueden interrumpir la producci\u00f3n de etanol, agotar los recursos de mantenimiento y elevar los costos. Sentrimax ofrece un servicio de campo r\u00e1pido en Omaha y las comunidades aleda\u00f1as, llevando t\u00e9cnicos experimentados, equipados con herramientas de diagn\u00f3stico y pr\u00e1cticas de seguridad, directamente a las instalaciones de los clientes.<\/p>\n<p data-start=\"4370\" data-end=\"4412\">El servicio in situ ofrece varias ventajas:<\/p>\n<ul data-start=\"4414\" data-end=\"4678\">\n<li data-start=\"4414\" data-end=\"4483\">\n<p data-start=\"4416\" data-end=\"4483\">Evaluaci\u00f3n del comportamiento de la centr\u00edfuga en condiciones reales del proceso<\/p>\n<\/li>\n<li data-start=\"4484\" data-end=\"4537\">\n<p data-start=\"4486\" data-end=\"4537\">Soluci\u00f3n inmediata de problemas y medidas correctivas<\/p>\n<\/li>\n<li data-start=\"4538\" data-end=\"4596\">\n<p data-start=\"4540\" data-end=\"4596\">Necesidad m\u00ednima de costoso transporte de equipos fuera del sitio<\/p>\n<\/li>\n<li data-start=\"4597\" data-end=\"4678\">\n<p data-start=\"4599\" data-end=\"4678\">Coordinaci\u00f3n con el personal de las instalaciones para alinear el servicio con los cronogramas de producci\u00f3n.<\/p>\n<\/li>\n<\/ul>\n<p data-start=\"4680\" data-end=\"4793\">Los t\u00e9cnicos de campo trabajan junto con los equipos de la planta para reducir el tiempo de inactividad y devolver el equipo al servicio confiable r\u00e1pidamente.<\/p>\n<hr data-start=\"4795\" data-end=\"4798\" \/>\n<h2 data-start=\"4800\" data-end=\"4844\">Reparaciones de precisi\u00f3n con piezas de calidad OEM<\/h2>\n<p data-start=\"4846\" data-end=\"5046\">El \u00e9xito de una reparaci\u00f3n a largo plazo depende en gran medida de la calidad de los componentes de repuesto instalados durante el servicio. Sentrimax suministra piezas de calidad OEM y equivalentes para centr\u00edfugas de etanol combustible, entre ellas:<\/p>\n<ul data-start=\"5048\" data-end=\"5303\">\n<li data-start=\"5048\" data-end=\"5083\">\n<p data-start=\"5050\" data-end=\"5083\">Cojinetes y conjuntos de cojinetes<\/p>\n<\/li>\n<li data-start=\"5084\" data-end=\"5118\">\n<p data-start=\"5086\" data-end=\"5118\">Sellos, juntas y anillos de desgaste<\/p>\n<\/li>\n<li data-start=\"5119\" data-end=\"5173\">\n<p data-start=\"5121\" data-end=\"5173\">Desplazamientos, transportadores y componentes giratorios<\/p>\n<\/li>\n<li data-start=\"5174\" data-end=\"5226\">\n<p data-start=\"5176\" data-end=\"5226\">Componentes de la caja de cambios y piezas de transmisi\u00f3n de par<\/p>\n<\/li>\n<li data-start=\"5227\" data-end=\"5265\">\n<p data-start=\"5229\" data-end=\"5265\">Conjuntos de cuenco, cubo y giratorios<\/p>\n<\/li>\n<li data-start=\"5266\" data-end=\"5303\">\n<p data-start=\"5268\" data-end=\"5303\">Kits de sujetadores y herrajes de servicio<\/p>\n<\/li>\n<\/ul>\n<p data-start=\"5305\" data-end=\"5477\">Todos los componentes se inspeccionan para comprobar su precisi\u00f3n dimensional, integridad del material y ajuste antes de la instalaci\u00f3n para garantizar un rendimiento confiable en entornos de servicio exigentes.<\/p>\n<p data-start=\"5479\" data-end=\"5570\">Para obtener asistencia detallada sobre las piezas y disponibilidad, visite <a class=\"decorated-link cursor-pointer\" target=\"_new\" rel=\"noopener\" data-start=\"5530\" data-end=\"5569\">https:\/\/sentrimax.com\/centrifuge-parts\/<\/a>.<\/p>\n<hr data-start=\"5572\" data-end=\"5575\" \/>\n<h2 data-start=\"5577\" data-end=\"5624\">Servicios de reconstrucci\u00f3n completos para restaurar el rendimiento<\/h2>\n<p data-start=\"5626\" data-end=\"5816\">Para centr\u00edfugas con desgaste avanzado o pr\u00f3ximas al final de su vida \u00fatil, Sentrimax ofrece servicios completos de reconstrucci\u00f3n que restauran las unidades a un rendimiento pr\u00e1cticamente nuevo. El trabajo t\u00edpico de reconstrucci\u00f3n incluye:<\/p>\n<ul data-start=\"5818\" data-end=\"6064\">\n<li data-start=\"5818\" data-end=\"5851\">\n<p data-start=\"5820\" data-end=\"5851\">Desmontaje completo y limpieza<\/p>\n<\/li>\n<li data-start=\"5852\" data-end=\"5905\">\n<p data-start=\"5854\" data-end=\"5905\">Inspecci\u00f3n y restauraci\u00f3n de tolerancias cr\u00edticas<\/p>\n<\/li>\n<li data-start=\"5906\" data-end=\"5935\">\n<p data-start=\"5908\" data-end=\"5935\">Sustituci\u00f3n de piezas desgastadas<\/p>\n<\/li>\n<li data-start=\"5936\" data-end=\"5979\">\n<p data-start=\"5938\" data-end=\"5979\">Mecanizado de precisi\u00f3n para ajuste y equilibrio.<\/p>\n<\/li>\n<li data-start=\"5980\" data-end=\"6022\">\n<p data-start=\"5982\" data-end=\"6022\">Equilibrado din\u00e1mico de elementos rotatorios<\/p>\n<\/li>\n<li data-start=\"6023\" data-end=\"6064\">\n<p data-start=\"6025\" data-end=\"6064\">Reensamblaje y verificaci\u00f3n del rendimiento<\/p>\n<\/li>\n<\/ul>\n<p data-start=\"6066\" data-end=\"6214\">Las reconstrucciones se coordinan con el personal de las instalaciones para alinearse con las paradas planificadas, minimizando el impacto en la producci\u00f3n y extendiendo la vida \u00fatil del equipo.<\/p>\n<hr data-start=\"6216\" data-end=\"6219\" \/>\n<h2 data-start=\"6221\" data-end=\"6272\">Mantenimiento preventivo para confiabilidad a largo plazo<\/h2>\n<p data-start=\"6274\" data-end=\"6556\">Las reparaciones reactivas son costosas en piezas, mano de obra y p\u00e9rdida de tiempo de producci\u00f3n. El mantenimiento preventivo ayuda a las instalaciones a detectar el desgaste emergente y a abordar los problemas antes de que se agraven. Sentrimax colabora con los productores de etanol de Omaha para desarrollar planes de mantenimiento preventivo que pueden incluir:<\/p>\n<ul data-start=\"6558\" data-end=\"6860\">\n<li data-start=\"6558\" data-end=\"6604\">\n<p data-start=\"6560\" data-end=\"6604\">Inspecciones de rutina y seguimiento del estado<\/p>\n<\/li>\n<li data-start=\"6605\" data-end=\"6648\">\n<p data-start=\"6607\" data-end=\"6648\">An\u00e1lisis de vibraciones y seguimiento de tendencias<\/p>\n<\/li>\n<li data-start=\"6649\" data-end=\"6702\">\n<p data-start=\"6651\" data-end=\"6702\">Muestreo de aceite y evaluaci\u00f3n del estado de lubricaci\u00f3n<\/p>\n<\/li>\n<li data-start=\"6703\" data-end=\"6763\">\n<p data-start=\"6705\" data-end=\"6763\">Medici\u00f3n del desgaste de cojinetes, sellos y componentes cr\u00edticos<\/p>\n<\/li>\n<li data-start=\"6764\" data-end=\"6808\">\n<p data-start=\"6766\" data-end=\"6808\">Reemplazo programado de piezas de alto desgaste<\/p>\n<\/li>\n<li data-start=\"6809\" data-end=\"6860\">\n<p data-start=\"6811\" data-end=\"6860\">Comprobaciones de alineaci\u00f3n y verificaci\u00f3n del equilibrio din\u00e1mico<\/p>\n<\/li>\n<\/ul>\n<p data-start=\"6862\" data-end=\"7030\">Al planificar el mantenimiento en funci\u00f3n de datos operativos en lugar de fallas, las instalaciones pueden mejorar el tiempo de actividad, reducir las reparaciones de emergencia y controlar mejor los presupuestos de mantenimiento.<\/p>\n<hr data-start=\"7032\" data-end=\"7035\" \/>\n<h2 data-start=\"7037\" data-end=\"7086\">Apoyo al rendimiento operativo y la calidad<\/h2>\n<p data-start=\"7088\" data-end=\"7344\">El rendimiento de la centr\u00edfuga de etanol combustible afecta la claridad del producto, la eficiencia en el manejo de s\u00f3lidos y la estabilidad general del proceso. Un rendimiento de separaci\u00f3n ineficiente puede generar problemas de calidad del producto, un mayor volumen de manejo de residuos y mayores costos operativos.<\/p>\n<p data-start=\"7346\" data-end=\"7689\">Para un contexto m\u00e1s amplio de la industria y orientaci\u00f3n relacionada con la intersecci\u00f3n de aguas residuales con procesos de separaci\u00f3n, los operadores pueden consultar <strong data-start=\"7476\" data-end=\"7522\">Agencia de Protecci\u00f3n Ambiental de los Estados Unidos (EPA)<\/strong> en <a class=\"decorated-link cursor-pointer\" target=\"_new\" rel=\"noopener\" data-start=\"7526\" data-end=\"7551\">https:\/\/www.epa.gov\/water<\/a>. Se encuentran disponibles mejores pr\u00e1cticas y est\u00e1ndares t\u00e9cnicos adicionales en <strong data-start=\"7626\" data-end=\"7664\">Federaci\u00f3n del Medio Ambiente del Agua (FEM)<\/strong> en <a class=\"decorated-link\" href=\"https:\/\/www.wef.org\/\" target=\"_new\" rel=\"noopener\" data-start=\"7668\" data-end=\"7688\">https:\/\/www.wef.org\/<\/a>.<\/p>\n<hr data-start=\"7691\" data-end=\"7694\" \/>\n<h2 data-start=\"7696\" data-end=\"7736\">Por qu\u00e9 las instalaciones de Omaha eligen Sentrimax<\/h2>\n<p data-start=\"7738\" data-end=\"8073\">Los productores de etanol de Omaha eligen Sentrimax para la reparaci\u00f3n de centr\u00edfugas de etanol combustible por su experiencia t\u00e9cnica, su servicio de campo eficiente y su compromiso con la calidad. Los t\u00e9cnicos de Sentrimax combinan conocimientos mec\u00e1nicos con experiencia pr\u00e1ctica en campo para diagnosticar problemas complejos, implementar reparaciones efectivas y proteger activos cr\u00edticos.<\/p>\n<p data-start=\"8075\" data-end=\"8432\">La comunicaci\u00f3n clara y la documentaci\u00f3n detallada son el sello distintivo de cada servicio de reparaci\u00f3n. Las instalaciones reciben informes completos que describen los hallazgos del diagn\u00f3stico, las medidas correctivas adoptadas, los componentes reemplazados y las recomendaciones para la planificaci\u00f3n futura del mantenimiento preventivo. Esta informaci\u00f3n facilita la toma de decisiones informada y las estrategias de fiabilidad a largo plazo.<\/p>\n<p data-start=\"8434\" data-end=\"8567\">Para obtener experiencia en servicios relacionados con aplicaciones centr\u00edfugas industriales y de aguas residuales, consulte <a class=\"decorated-link cursor-pointer\" target=\"_new\" rel=\"noopener\" data-start=\"8522\" data-end=\"8566\">https:\/\/sentrimax.com\/industries\/wastewater\/<\/a>.<\/p>\n<hr data-start=\"8569\" data-end=\"8572\" \/>\n<h2 data-start=\"8574\" data-end=\"8622\">Soporte integral desde la evaluaci\u00f3n hasta la puesta en marcha<\/h2>\n<p data-start=\"8624\" data-end=\"8695\">El modelo de servicio de Sentrimax se extiende m\u00e1s all\u00e1 de las reparaciones mec\u00e1nicas para incluir:<\/p>\n<ul data-start=\"8697\" data-end=\"8922\">\n<li data-start=\"8697\" data-end=\"8743\">\n<p data-start=\"8699\" data-end=\"8743\">Coordinaci\u00f3n de aparejos y remoci\u00f3n de equipos<\/p>\n<\/li>\n<li data-start=\"8744\" data-end=\"8796\">\n<p data-start=\"8746\" data-end=\"8796\">Alineaci\u00f3n de precisi\u00f3n y verificaci\u00f3n dimensional<\/p>\n<\/li>\n<li data-start=\"8797\" data-end=\"8839\">\n<p data-start=\"8799\" data-end=\"8839\">Soporte de reinstalaci\u00f3n y calibraci\u00f3n<\/p>\n<\/li>\n<li data-start=\"8840\" data-end=\"8885\">\n<p data-start=\"8842\" data-end=\"8885\">Asistencia para la puesta en marcha y ajuste del rendimiento<\/p>\n<\/li>\n<li data-start=\"8886\" data-end=\"8922\">\n<p data-start=\"8888\" data-end=\"8922\">Evaluaci\u00f3n del desempe\u00f1o posterior a la reparaci\u00f3n<\/p>\n<\/li>\n<\/ul>\n<p data-start=\"8924\" data-end=\"9071\">Este enfoque de extremo a extremo garantiza que las centr\u00edfugas de etanol combustible vuelvan a funcionar de manera confiable, eficiente y dentro de las especificaciones de dise\u00f1o.<\/p>\n<hr data-start=\"9073\" data-end=\"9076\" \/>\n<h2 data-start=\"9078\" data-end=\"9134\">Mejora continua mediante el monitoreo del desempe\u00f1o<\/h2>\n<p data-start=\"9136\" data-end=\"9430\">La confiabilidad a largo plazo depende de estrategias de mantenimiento basadas en datos. Sentrimax apoya a las instalaciones en el seguimiento de indicadores clave de rendimiento, como tendencias de vibraci\u00f3n, perfiles de torque y patrones de desgaste, para anticipar las necesidades de servicio, optimizar la planificaci\u00f3n del mantenimiento y reducir el costo total de propiedad.<\/p>\n<hr data-start=\"9432\" data-end=\"9435\" \/>\n<h2 data-start=\"9437\" data-end=\"9490\">Solicitar reparaci\u00f3n de centr\u00edfuga de etanol combustible en Omaha, NE<\/h2>\n<p data-start=\"9492\" data-end=\"9873\">Cuando se necesitan servicios profesionales de reparaci\u00f3n de centr\u00edfugas de etanol combustible en <strong data-start=\"9564\" data-end=\"9577\">Omaha, Nebraska<\/strong>, Las instalaciones conf\u00edan en Sentrimax por su experiencia confiable, respuesta r\u00e1pida y resultados profesionales. Ya sea para solucionar fallas urgentes, planificar mantenimiento preventivo o realizar reconstrucciones completas, Sentrimax ofrece soluciones dise\u00f1adas para mantener sus centr\u00edfugas funcionando de manera confiable y eficiente.<\/p>\n<p data-start=\"9875\" data-end=\"9929\"><strong data-start=\"9875\" data-end=\"9929\"><a class=\"decorated-link\" href=\"https:\/\/sentrimax.com\/es\/contact\/\" target=\"_new\" rel=\"noopener\" data-start=\"9877\" data-end=\"9927\">\u00a1Solicita una cotizaci\u00f3n!<\/a><\/strong><\/p>","protected":false},"excerpt":{"rendered":"<p>Sentrimax provides professional fuel ethanol centrifuge repair services for ethanol production facilities and process plants throughout Omaha, Nebraska. Fuel ethanol centrifuges are critical to separating solids\u2014from yeast and corn particles to other impurities\u2014during production. When these machines experience performance decline, excessive vibration, seal leakage, or mechanical failure, facilities need experienced service support to prevent extended [&hellip;]<\/p>\n","protected":false},"author":3,"featured_media":0,"parent":0,"menu_order":0,"comment_status":"closed","ping_status":"closed","template":"seo-page-template.php","meta":{"_acf_changed":false,"inline_featured_image":false,"footnotes":""},"class_list":["post-2325","page","type-page","status-publish","hentry"],"acf":[],"_links":{"self":[{"href":"https:\/\/sentrimax.com\/es\/wp-json\/wp\/v2\/pages\/2325","targetHints":{"allow":["GET"]}}],"collection":[{"href":"https:\/\/sentrimax.com\/es\/wp-json\/wp\/v2\/pages"}],"about":[{"href":"https:\/\/sentrimax.com\/es\/wp-json\/wp\/v2\/types\/page"}],"author":[{"embeddable":true,"href":"https:\/\/sentrimax.com\/es\/wp-json\/wp\/v2\/users\/3"}],"replies":[{"embeddable":true,"href":"https:\/\/sentrimax.com\/es\/wp-json\/wp\/v2\/comments?post=2325"}],"version-history":[{"count":1,"href":"https:\/\/sentrimax.com\/es\/wp-json\/wp\/v2\/pages\/2325\/revisions"}],"predecessor-version":[{"id":2502,"href":"https:\/\/sentrimax.com\/es\/wp-json\/wp\/v2\/pages\/2325\/revisions\/2502"}],"wp:attachment":[{"href":"https:\/\/sentrimax.com\/es\/wp-json\/wp\/v2\/media?parent=2325"}],"curies":[{"name":"wp","href":"https:\/\/api.w.org\/{rel}","templated":true}]}}