{"id":2326,"date":"2026-01-07T17:26:27","date_gmt":"2026-01-07T17:26:27","guid":{"rendered":"https:\/\/sentrimax.com\/?page_id=2326"},"modified":"2026-04-21T21:13:43","modified_gmt":"2026-04-21T21:13:43","slug":"ethanol-centrifuge-maintenance-in-des-moines-ia","status":"publish","type":"page","link":"https:\/\/sentrimax.com\/es\/ethanol-centrifuge-maintenance-in-des-moines-ia\/","title":{"rendered":"Mantenimiento de centrifugadoras de etanol en Des Moines IA"},"content":{"rendered":"<p data-start=\"315\" data-end=\"980\"><img fetchpriority=\"high\" decoding=\"async\" class=\"aligncenter size-full wp-image-1614\" src=\"https:\/\/sentrimax.com\/wp-content\/uploads\/2025\/07\/Manufacturing-1.png\" alt=\"\" width=\"1536\" height=\"1024\" srcset=\"https:\/\/sentrimax.com\/wp-content\/uploads\/2025\/07\/Manufacturing-1.png 1536w, https:\/\/sentrimax.com\/wp-content\/uploads\/2025\/07\/Manufacturing-1-300x200.png 300w, https:\/\/sentrimax.com\/wp-content\/uploads\/2025\/07\/Manufacturing-1-1024x683.png 1024w, https:\/\/sentrimax.com\/wp-content\/uploads\/2025\/07\/Manufacturing-1-768x512.png 768w, https:\/\/sentrimax.com\/wp-content\/uploads\/2025\/07\/Manufacturing-1-600x400.png 600w\" sizes=\"(max-width: 1536px) 100vw, 1536px\" \/><\/p>\n<p data-start=\"315\" data-end=\"980\">Sentrimax ofrece servicios profesionales de mantenimiento de centr\u00edfugas de etanol para instalaciones de producci\u00f3n de etanol y plantas de proceso en todo el pa\u00eds. <strong data-start=\"451\" data-end=\"471\">Des Moines, Iowa<\/strong>. Las centr\u00edfugas de etanol desempe\u00f1an un papel fundamental en la producci\u00f3n de etanol para combustibles y bebidas, donde la separaci\u00f3n de s\u00f3lidos y l\u00edquidos a alta velocidad es esencial para la claridad del producto, el rendimiento y la estabilidad del procesamiento posterior. Estas m\u00e1quinas operan en entornos exigentes con alto contenido de s\u00f3lidos, part\u00edculas de levadura y flujos de alimentaci\u00f3n variables. Sin un mantenimiento adecuado, problemas cr\u00edticos como desequilibrios, desgaste de rodamientos, deterioro de sellos o desalineaci\u00f3n pueden provocar paradas imprevistas, costosas reparaciones y p\u00e9rdidas de producci\u00f3n.<\/p>\n<p data-start=\"982\" data-end=\"1232\">Sentrimax ayuda a las instalaciones de la regi\u00f3n de Des Moines a implementar programas de mantenimiento estructurados para preservar el rendimiento del equipo, mejorar la confiabilidad y extender la vida \u00fatil de los activos de centr\u00edfugas de etanol a trav\u00e9s de estrategias preventivas bien planificadas.<\/p>\n<hr data-start=\"1234\" data-end=\"1237\" \/>\n<h2 data-start=\"1239\" data-end=\"1300\">Apoyo a las operaciones de producci\u00f3n de etanol en Des Moines<\/h2>\n<p data-start=\"1302\" data-end=\"1771\">En la industria del etanol, el rendimiento fiable de las centr\u00edfugas influye directamente en la calidad del producto, la eficiencia del procesamiento y los costes operativos. El mantenimiento regular es vital, ya que las centr\u00edfugas de etanol soportan un funcionamiento prolongado a alta velocidad y una carga elevada de s\u00f3lidos que acelera el desgaste de cojinetes, sellos, elementos transportadores, espirales y componentes de la caja de engranajes. Si no se controla, este desgaste puede contribuir a la vibraci\u00f3n, reducir la eficiencia de separaci\u00f3n y provocar fallos prematuros de los componentes.<\/p>\n<p data-start=\"1773\" data-end=\"2153\">Los equipos de servicio de campo de Sentrimax colaboran con ingenieros de instalaciones y personal de mantenimiento en Des Moines para desarrollar planes de mantenimiento adaptados a las demandas operativas. Mediante el an\u00e1lisis de las horas de funcionamiento, las caracter\u00edsticas de alimentaci\u00f3n, los patrones de vibraci\u00f3n y los datos hist\u00f3ricos de servicio, Sentrimax ayuda a los operadores a minimizar las reparaciones reactivas y a centrarse en el servicio preventivo que mantiene el equipo en perfecto funcionamiento.<\/p>\n<p data-start=\"2155\" data-end=\"2301\">Para obtener una visi\u00f3n m\u00e1s amplia de c\u00f3mo Sentrimax respalda el rendimiento de la centr\u00edfuga en diversas aplicaciones, consulte <strong data-start=\"2256\" data-end=\"2300\"><a class=\"decorated-link cursor-pointer\" target=\"_new\" rel=\"noopener\" data-start=\"2258\" data-end=\"2298\">https:\/\/sentrimax.com\/centrifuge-repair\/<\/a><\/strong>.<\/p>\n<hr data-start=\"2303\" data-end=\"2306\" \/>\n<h2 data-start=\"2308\" data-end=\"2353\">Por qu\u00e9 es importante el mantenimiento de la centr\u00edfuga de etanol<\/h2>\n<p data-start=\"2355\" data-end=\"2694\">Las centr\u00edfugas de etanol son m\u00e1quinas de precisi\u00f3n con tolerancias estrictas y altas velocidades de rotaci\u00f3n. Las pr\u00e1cticas de mantenimiento inadecuadas, como inspecciones tard\u00edas, revisiones de lubricaci\u00f3n inadecuadas o indicadores de desgaste ignorados, pueden provocar fallos en cascada que interrumpen la producci\u00f3n. El mantenimiento reactivo en lugar de preventivo suele provocar:<\/p>\n<ul data-start=\"2696\" data-end=\"2907\">\n<li data-start=\"2696\" data-end=\"2746\">\n<p data-start=\"2698\" data-end=\"2746\">Interrupciones no planificadas que afectan el rendimiento de la planta<\/p>\n<\/li>\n<li data-start=\"2747\" data-end=\"2796\">\n<p data-start=\"2749\" data-end=\"2796\">Costos de reparaci\u00f3n elevados debido a da\u00f1os secundarios<\/p>\n<\/li>\n<li data-start=\"2797\" data-end=\"2862\">\n<p data-start=\"2799\" data-end=\"2862\">Reducci\u00f3n de la vida \u00fatil de los componentes para cojinetes, sellos y elementos de engranaje<\/p>\n<\/li>\n<li data-start=\"2863\" data-end=\"2907\">\n<p data-start=\"2865\" data-end=\"2907\">Mayores riesgos de seguridad y control de procesos<\/p>\n<\/li>\n<\/ul>\n<p data-start=\"2909\" data-end=\"3226\">Sentrimax prioriza un enfoque proactivo que identifica se\u00f1ales tempranas de desgaste o desequilibrio mec\u00e1nico. Mediante un mantenimiento estructurado de centr\u00edfugas de etanol, las instalaciones de Des Moines pueden estabilizar el tiempo de actividad del proceso, gestionar los presupuestos de mantenimiento de forma m\u00e1s eficaz y proteger sus activos de centr\u00edfugas a largo plazo.<\/p>\n<hr data-start=\"3228\" data-end=\"3231\" \/>\n<h2 data-start=\"3233\" data-end=\"3289\">Servicios integrales de mantenimiento de centr\u00edfugas de etanol<\/h2>\n<p data-start=\"3291\" data-end=\"3455\">Sentrimax ofrece programas de mantenimiento integral dise\u00f1ados para monitorear el estado, prevenir fallas y mantener el m\u00e1ximo rendimiento. Los servicios de mantenimiento principales incluyen:<\/p>\n<ul data-start=\"3457\" data-end=\"3926\">\n<li data-start=\"3457\" data-end=\"3519\">\n<p data-start=\"3459\" data-end=\"3519\"><strong data-start=\"3459\" data-end=\"3517\">Inspecci\u00f3n mec\u00e1nica de rutina y evaluaci\u00f3n del estado<\/strong><\/p>\n<\/li>\n<li data-start=\"3520\" data-end=\"3567\">\n<p data-start=\"3522\" data-end=\"3567\"><strong data-start=\"3522\" data-end=\"3565\">An\u00e1lisis de vibraciones y seguimiento de tendencias<\/strong><\/p>\n<\/li>\n<li data-start=\"3568\" data-end=\"3629\">\n<p data-start=\"3570\" data-end=\"3629\"><strong data-start=\"3570\" data-end=\"3627\">Comprobaciones de lubricaci\u00f3n de cojinetes y evaluaci\u00f3n del rendimiento<\/strong><\/p>\n<\/li>\n<li data-start=\"3630\" data-end=\"3696\">\n<p data-start=\"3632\" data-end=\"3696\"><strong data-start=\"3632\" data-end=\"3694\">Inspecci\u00f3n de sellos, evaluaci\u00f3n del desgaste y planificaci\u00f3n del reemplazo<\/strong><\/p>\n<\/li>\n<li data-start=\"3697\" data-end=\"3750\">\n<p data-start=\"3699\" data-end=\"3750\"><strong data-start=\"3699\" data-end=\"3748\">Inspecci\u00f3n de la caja de cambios y an\u00e1lisis del estado del aceite<\/strong><\/p>\n<\/li>\n<li data-start=\"3751\" data-end=\"3817\">\n<p data-start=\"3753\" data-end=\"3817\"><strong data-start=\"3753\" data-end=\"3815\">Medici\u00f3n del desgaste de espirales, tazones y elementos transportadores<\/strong><\/p>\n<\/li>\n<li data-start=\"3818\" data-end=\"3875\">\n<p data-start=\"3820\" data-end=\"3875\"><strong data-start=\"3820\" data-end=\"3873\">Verificaci\u00f3n del equilibrio din\u00e1mico y comprobaciones de tolerancia<\/strong><\/p>\n<\/li>\n<li data-start=\"3876\" data-end=\"3926\">\n<p data-start=\"3878\" data-end=\"3926\"><strong data-start=\"3878\" data-end=\"3926\">Revisi\u00f3n y presentaci\u00f3n de informes sobre el desempe\u00f1o operativo<\/strong><\/p>\n<\/li>\n<\/ul>\n<p data-start=\"3928\" data-end=\"4221\">Cada visita de mantenimiento sigue procedimientos documentados que reflejan la intenci\u00f3n original del equipo y las mejores pr\u00e1cticas de la industria. En lugar de simplemente inspeccionar para detectar da\u00f1os visibles, los t\u00e9cnicos de Sentrimax eval\u00faan todo el sistema mec\u00e1nico para detectar problemas en desarrollo antes de que se conviertan en fallas.<\/p>\n<hr data-start=\"4223\" data-end=\"4226\" \/>\n<h2 data-start=\"4228\" data-end=\"4275\">Implementaci\u00f3n de programas de mantenimiento preventivo<\/h2>\n<p data-start=\"4277\" data-end=\"4520\">La manera m\u00e1s eficaz de reducir las interrupciones imprevistas es mediante un programa de mantenimiento preventivo dise\u00f1ado en funci\u00f3n de las condiciones operativas reales. Sentrimax colabora con las plantas de etanol de Des Moines para desarrollar estrategias de mantenimiento preventivo basadas en:<\/p>\n<ul data-start=\"4522\" data-end=\"4751\">\n<li data-start=\"4522\" data-end=\"4560\">\n<p data-start=\"4524\" data-end=\"4560\">Horas de funcionamiento y carga de s\u00f3lidos<\/p>\n<\/li>\n<li data-start=\"4561\" data-end=\"4606\">\n<p data-start=\"4563\" data-end=\"4606\">Tendencias de vibraci\u00f3n y firmas de desequilibrio<\/p>\n<\/li>\n<li data-start=\"4607\" data-end=\"4659\">\n<p data-start=\"4609\" data-end=\"4659\">An\u00e1lisis del estado de lubricaci\u00f3n y de part\u00edculas de desgaste<\/p>\n<\/li>\n<li data-start=\"4660\" data-end=\"4701\">\n<p data-start=\"4662\" data-end=\"4701\">Registros hist\u00f3ricos de servicio y reparaci\u00f3n<\/p>\n<\/li>\n<li data-start=\"4702\" data-end=\"4751\">\n<p data-start=\"4704\" data-end=\"4751\">Datos de vida \u00fatil de los componentes e intervalos de reemplazo<\/p>\n<\/li>\n<\/ul>\n<p data-start=\"4753\" data-end=\"5088\">Un plan de mantenimiento bien estructurado puede incluir inspecciones peri\u00f3dicas, muestreo de lubricaci\u00f3n y aceite, evaluaciones de balance din\u00e1mico y reemplazo proactivo de piezas. Al planificar el mantenimiento en funci\u00f3n de datos medibles, las instalaciones pueden evitar llamadas de servicio de emergencia y alinear mejor las tareas de mantenimiento con los cronogramas de producci\u00f3n.<\/p>\n<p data-start=\"5090\" data-end=\"5263\">Aprenda c\u00f3mo el mantenimiento se relaciona con la planificaci\u00f3n de confiabilidad a largo plazo en <strong data-start=\"5156\" data-end=\"5204\"><a class=\"decorated-link cursor-pointer\" target=\"_new\" rel=\"noopener\" data-start=\"5158\" data-end=\"5202\">https:\/\/sentrimax.com\/industries\/wastewater\/<\/a><\/strong> donde se discuten estrategias m\u00e1s amplias de continuidad de procesos.<\/p>\n<hr data-start=\"5265\" data-end=\"5268\" \/>\n<h2 data-start=\"5270\" data-end=\"5316\">Servicio de campo y experiencia in situ en Iowa<\/h2>\n<p data-start=\"5318\" data-end=\"5647\">Los equipos de servicio de campo de Sentrimax ofrecen mantenimiento in situ de centr\u00edfugas de etanol en toda la regi\u00f3n de Des Moines. Las evaluaciones in situ permiten a los t\u00e9cnicos evaluar el equipo en su entorno de proceso real, observando la variabilidad de la alimentaci\u00f3n, la influencia de las vibraciones y los controles operativos que podr\u00edan no ser evidentes en un taller.<\/p>\n<p data-start=\"5649\" data-end=\"5697\">El mantenimiento in situ ofrece varias ventajas:<\/p>\n<ul data-start=\"5699\" data-end=\"6108\">\n<li data-start=\"5699\" data-end=\"5849\">\n<p data-start=\"5701\" data-end=\"5849\"><strong data-start=\"5701\" data-end=\"5738\">Evaluaci\u00f3n realista del desempe\u00f1o:<\/strong> Los t\u00e9cnicos pueden observar c\u00f3mo se comporta la centr\u00edfuga bajo carga y ajustar las prioridades de mantenimiento en consecuencia.<\/p>\n<\/li>\n<li data-start=\"5850\" data-end=\"5976\">\n<p data-start=\"5852\" data-end=\"5976\"><strong data-start=\"5852\" data-end=\"5883\">Reducci\u00f3n del tiempo de inactividad del equipo:<\/strong> Muchas actividades de mantenimiento se pueden realizar sin retirar la centr\u00edfuga de servicio.<\/p>\n<\/li>\n<li data-start=\"5977\" data-end=\"6108\">\n<p data-start=\"5979\" data-end=\"6108\"><strong data-start=\"5979\" data-end=\"6004\">Colaboraci\u00f3n directa:<\/strong> Los planificadores y operadores de mantenimiento trabajan juntos para alinear las tareas con las ventanas de producci\u00f3n y tiempo de inactividad.<\/p>\n<\/li>\n<\/ul>\n<p data-start=\"6110\" data-end=\"6292\">El servicio de campo respalda no solo la inspecci\u00f3n de rutina, sino tambi\u00e9n tareas de mantenimiento complejas que involucran alineaci\u00f3n de precisi\u00f3n, evaluaci\u00f3n del sistema de lubricaci\u00f3n y equilibrio din\u00e1mico en el lugar.<\/p>\n<hr data-start=\"6294\" data-end=\"6297\" \/>\n<h2 data-start=\"6299\" data-end=\"6349\">Piezas de calidad para apoyar las actividades de mantenimiento<\/h2>\n<p data-start=\"6351\" data-end=\"6730\">Un mantenimiento eficaz depende de la calidad de los componentes de repuesto utilizados durante las intervenciones. Sentrimax suministra piezas con calidad OEM y equivalentes para centr\u00edfugas de etanol, incluyendo cojinetes, sellos, revestimientos antidesgaste, conjuntos de espirales y componentes de la caja de engranajes. Estas piezas se verifican para garantizar su precisi\u00f3n dimensional, integridad del material y compatibilidad con la aplicaci\u00f3n antes de su instalaci\u00f3n.<\/p>\n<p data-start=\"6732\" data-end=\"6765\">Las piezas de alta calidad contribuyen a:<\/p>\n<ul data-start=\"6767\" data-end=\"6901\">\n<li data-start=\"6767\" data-end=\"6794\">\n<p data-start=\"6769\" data-end=\"6794\">Mayor vida \u00fatil de los componentes<\/p>\n<\/li>\n<li data-start=\"6795\" data-end=\"6830\">\n<p data-start=\"6797\" data-end=\"6830\">Vibraci\u00f3n y desequilibrio reducidos<\/p>\n<\/li>\n<li data-start=\"6831\" data-end=\"6865\">\n<p data-start=\"6833\" data-end=\"6865\">Eficiencia de separaci\u00f3n mejorada<\/p>\n<\/li>\n<li data-start=\"6866\" data-end=\"6901\">\n<p data-start=\"6868\" data-end=\"6901\">Menor riesgo de fallo prematuro<\/p>\n<\/li>\n<\/ul>\n<p data-start=\"6903\" data-end=\"7039\">Las instalaciones que requieren soporte detallado de piezas pueden explorar los componentes de reemplazo disponibles en <strong data-start=\"6995\" data-end=\"7038\"><a class=\"decorated-link cursor-pointer\" target=\"_new\" rel=\"noopener\" data-start=\"6997\" data-end=\"7036\">https:\/\/sentrimax.com\/centrifuge-parts\/<\/a><\/strong>.<\/p>\n<hr data-start=\"7041\" data-end=\"7044\" \/>\n<h2 data-start=\"7046\" data-end=\"7093\">Equilibrar el mantenimiento con los objetivos operativos<\/h2>\n<p data-start=\"7095\" data-end=\"7398\">En la producci\u00f3n de etanol, el rendimiento de la centr\u00edfuga influye en la claridad del producto, la eficiencia de la remoci\u00f3n de s\u00f3lidos y la estabilidad del proceso posterior. El mantenimiento no se limita a reparar lo que falla, sino a garantizar que la centr\u00edfuga contribuya positivamente al rendimiento general de la planta y al cumplimiento normativo.<\/p>\n<p data-start=\"7400\" data-end=\"7889\">Para obtener contexto adicional sobre los marcos operativos y regulatorios que pueden influir en el desempe\u00f1o del proceso (incluidos los flujos de aguas residuales y la gesti\u00f3n de s\u00f3lidos), las instalaciones pueden consultar <strong data-start=\"7586\" data-end=\"7632\">Agencia de Protecci\u00f3n Ambiental de los Estados Unidos (EPA)<\/strong> en <a class=\"decorated-link cursor-pointer\" target=\"_new\" rel=\"noopener\" data-start=\"7636\" data-end=\"7661\">https:\/\/www.epa.gov\/water<\/a> y recursos de la <strong data-start=\"7685\" data-end=\"7723\">Federaci\u00f3n del Medio Ambiente del Agua (FEM)<\/strong> en <a class=\"decorated-link\" href=\"https:\/\/www.wef.org\/\" target=\"_new\" rel=\"noopener\" data-start=\"7727\" data-end=\"7747\">https:\/\/www.wef.org\/<\/a>. Estas gu\u00edas externas ofrecen informaci\u00f3n adicional sobre las expectativas ambientales y las mejores pr\u00e1cticas que se relacionan con el procesamiento industrial.<\/p>\n<hr data-start=\"7891\" data-end=\"7894\" \/>\n<h2 data-start=\"7896\" data-end=\"7941\">Por qu\u00e9 las instalaciones de Des Moines eligen Sentrimax<\/h2>\n<p data-start=\"7943\" data-end=\"8353\">Los productores y procesadores de etanol de Des Moines eligen Sentrimax por su profundidad t\u00e9cnica, experiencia pr\u00e1ctica en campo y compromiso con la entrega de soluciones de mantenimiento preventivo que mejoran el tiempo de funcionamiento y reducen los costos del ciclo de vida. Los t\u00e9cnicos de Sentrimax comprenden la din\u00e1mica mec\u00e1nica y operativa de las centr\u00edfugas de etanol y abordan el mantenimiento con una estrategia basada en datos que prioriza la confiabilidad.<\/p>\n<p data-start=\"8355\" data-end=\"8513\">Durante todo el proceso de mantenimiento, Sentrimax proporciona una comunicaci\u00f3n clara y documentaci\u00f3n detallada. Las instalaciones reciben informes de mantenimiento que incluyen:<\/p>\n<ul data-start=\"8515\" data-end=\"8661\">\n<li data-start=\"8515\" data-end=\"8559\">\n<p data-start=\"8517\" data-end=\"8559\">Hallazgos de inspecci\u00f3n y puntuaciones de condici\u00f3n<\/p>\n<\/li>\n<li data-start=\"8560\" data-end=\"8595\">\n<p data-start=\"8562\" data-end=\"8595\">Acciones de mantenimiento recomendadas<\/p>\n<\/li>\n<li data-start=\"8596\" data-end=\"8626\">\n<p data-start=\"8598\" data-end=\"8626\">Proyecciones de desgaste de componentes<\/p>\n<\/li>\n<li data-start=\"8627\" data-end=\"8661\">\n<p data-start=\"8629\" data-end=\"8661\">Programas de reemplazo prioritario<\/p>\n<\/li>\n<\/ul>\n<p data-start=\"8663\" data-end=\"8792\">Estos informes ayudan a los equipos de operaciones y mantenimiento a coordinar presupuestos, programar interrupciones y asignar recursos con confianza.<\/p>\n<hr data-start=\"8794\" data-end=\"8797\" \/>\n<h2 data-start=\"8799\" data-end=\"8859\">Planificaci\u00f3n del mantenimiento a largo plazo y mejora continua<\/h2>\n<p data-start=\"8861\" data-end=\"9134\">El mantenimiento eficaz de las centr\u00edfugas de etanol es un proceso continuo que se beneficia de la mejora continua. Sentrimax anima a las instalaciones a realizar un seguimiento de las m\u00e9tricas de rendimiento a lo largo del tiempo, como los niveles de vibraci\u00f3n, el estado del aceite y las tendencias de desgaste, para optimizar la toma de decisiones de mantenimiento.<\/p>\n<p data-start=\"9136\" data-end=\"9239\">Al recopilar y revisar estos datos a lo largo de m\u00faltiples ciclos de mantenimiento, las instalaciones obtienen informaci\u00f3n sobre:<\/p>\n<ul data-start=\"9241\" data-end=\"9383\">\n<li data-start=\"9241\" data-end=\"9267\">\n<p data-start=\"9243\" data-end=\"9267\">Patrones de desgaste emergentes<\/p>\n<\/li>\n<li data-start=\"9268\" data-end=\"9304\">\n<p data-start=\"9270\" data-end=\"9304\">Oportunidades de reducci\u00f3n del tiempo de inactividad<\/p>\n<\/li>\n<li data-start=\"9305\" data-end=\"9331\">\n<p data-start=\"9307\" data-end=\"9331\">Previsi\u00f3n de la vida \u00fatil de las piezas<\/p>\n<\/li>\n<li data-start=\"9332\" data-end=\"9383\">\n<p data-start=\"9334\" data-end=\"9383\">Programaci\u00f3n \u00f3ptima de intervenciones preventivas<\/p>\n<\/li>\n<\/ul>\n<p data-start=\"9385\" data-end=\"9483\">Este enfoque basado en datos ayuda a reducir el costo total de propiedad y fortalecer la confiabilidad del proceso.<\/p>\n<hr data-start=\"9485\" data-end=\"9488\" \/>\n<h2 data-start=\"9490\" data-end=\"9548\">Solicitar mantenimiento de centr\u00edfuga de etanol en Des Moines IA<\/h2>\n<p data-start=\"9550\" data-end=\"9806\">Cuando se necesita mantenimiento de centr\u00edfugas de etanol estructurado en <strong data-start=\"9610\" data-end=\"9628\">Des Moines, Iowa<\/strong>, Las instalaciones conf\u00edan en Sentrimax para obtener experiencia confiable, soporte de campo receptivo y estrategias de mantenimiento dise\u00f1adas para mantener su equipo funcionando de manera confiable y eficiente.<\/p>\n<p data-start=\"9808\" data-end=\"9862\"><strong data-start=\"9808\" data-end=\"9862\"><a class=\"decorated-link\" href=\"https:\/\/sentrimax.com\/es\/contact\/\" target=\"_new\" rel=\"noopener\" data-start=\"9810\" data-end=\"9860\">\u00a1Solicita una cotizaci\u00f3n!<\/a><\/strong><\/p>","protected":false},"excerpt":{"rendered":"<p>Sentrimax provides professional ethanol centrifuge maintenance services for ethanol production facilities and process plants throughout Des Moines, Iowa. Ethanol centrifuges play a pivotal role in fuel and beverage ethanol production where high-speed solids-liquid separation is essential to product clarity, throughput, and downstream processing stability. These machines operate in demanding environments with high solids content, yeast [&hellip;]<\/p>\n","protected":false},"author":3,"featured_media":0,"parent":0,"menu_order":0,"comment_status":"closed","ping_status":"closed","template":"seo-page-template.php","meta":{"_acf_changed":false,"inline_featured_image":false,"footnotes":""},"class_list":["post-2326","page","type-page","status-publish","hentry"],"acf":[],"_links":{"self":[{"href":"https:\/\/sentrimax.com\/es\/wp-json\/wp\/v2\/pages\/2326","targetHints":{"allow":["GET"]}}],"collection":[{"href":"https:\/\/sentrimax.com\/es\/wp-json\/wp\/v2\/pages"}],"about":[{"href":"https:\/\/sentrimax.com\/es\/wp-json\/wp\/v2\/types\/page"}],"author":[{"embeddable":true,"href":"https:\/\/sentrimax.com\/es\/wp-json\/wp\/v2\/users\/3"}],"replies":[{"embeddable":true,"href":"https:\/\/sentrimax.com\/es\/wp-json\/wp\/v2\/comments?post=2326"}],"version-history":[{"count":1,"href":"https:\/\/sentrimax.com\/es\/wp-json\/wp\/v2\/pages\/2326\/revisions"}],"predecessor-version":[{"id":2501,"href":"https:\/\/sentrimax.com\/es\/wp-json\/wp\/v2\/pages\/2326\/revisions\/2501"}],"wp:attachment":[{"href":"https:\/\/sentrimax.com\/es\/wp-json\/wp\/v2\/media?parent=2326"}],"curies":[{"name":"wp","href":"https:\/\/api.w.org\/{rel}","templated":true}]}}